{"id":51962,"date":"2019-09-10T06:44:19","date_gmt":"2019-09-10T04:44:19","guid":{"rendered":"https:\/\/www.sprachschule-aktiv-muenchen.de\/?page_id=51962"},"modified":"2024-12-29T20:30:32","modified_gmt":"2024-12-29T19:30:32","slug":"corsi-di-tedesco-per-medici-a-monaco-di-baviera","status":"publish","type":"page","link":"https:\/\/www.sprachschule-aktiv-muenchen.de\/it\/corsi-di-tedesco-per-medici-a-monaco-di-baviera\/","title":{"rendered":"Corsi di tedesco per medici a Monaco di Baviera"},"content":{"rendered":"<p>[vc_row][vc_column][vc_column_text]<\/p>\n<h1>Corsi di tedesco per medici a Monaco di Baviera<\/h1>\n<h2>Preparazione alla prova di competenza linguistica<\/h2>\n<p>Per i medici stranieri, la nostra scuola di lingua tedesca a Monaco di Baviera offre corsi di preparazione all&#8217;esame linguistico specialistico per medici. I medici che desiderano ottenere l&#8217;accreditamento professionale secondo la Bundes\u00e4rztevordnung devono acquisire sufficienti conoscenze della lingua tedesca, necessarie per questa attivit\u00e0 professionale. Il nostro corso preparatorio offre un\u2019intensa attivit\u00e0 di tutoraggio per quanto riguarda il vocabolario, idiomi specifici e la presentazione di relazioni.<\/p>\n<a href=\"https:\/\/www.sprachschule-aktiv-muenchen.de\/it\/contatto\/\"><img decoding=\"async\" class=\"alignnone size-full wp-image-51780\" src=\"https:\/\/www.sprachschule-aktiv-muenchen.de\/wp-content\/uploads\/2019\/09\/richiesta-rapida.png\" alt=\"Richiesta rapida\" width=\"284\" height=\"72\" srcset=\"https:\/\/www.sprachschule-aktiv-muenchen.de\/wp-content\/uploads\/2019\/09\/richiesta-rapida.png 284w, https:\/\/www.sprachschule-aktiv-muenchen.de\/wp-content\/uploads\/2019\/09\/richiesta-rapida-283x72.png 283w\" sizes=\"(max-width: 284px) 100vw, 284px\" \/><\/a>\n<h2>Quali sono i requisiti per la Fachsprachenpr\u00fcfung (FSP)?<\/h2>\n<p>I nostri corsi di tedesco a Monaco di Baviera sono disponibili dall&#8217;A1 al C2. Per richiedere l&#8217;ammissione al Governo dell&#8217;Alta Baviera \u00e8 necessario un certificato di livello B2. Successivamente, \u00e8 possibile presentare la domanda di approvazione. Nel corso dell&#8217;ammissione, i medici devono superare un esame di lingua di livello C1. Secondo la Conferenza dei ministri della sanit\u00e0, tenutasi nel giugno 2014, vengono testate le competenze linguistiche tedesche richieste per la professione medica. I requisiti sono suddivisi in competenze linguistiche generali di livello B2 e competenze linguistiche specialistiche di livello C1.<\/p>\n<p>Attenzione: I requisiti della Fachsprachenpr\u00fcfung per i medici variano da stato a stato.<\/p>\n<img decoding=\"async\" class=\"alignnone wp-image-51963 size-full\" src=\"https:\/\/www.sprachschule-aktiv-muenchen.de\/wp-content\/uploads\/2019\/09\/corsi-di-tedesco-per-medici-a-monaco-di-baviera.jpg\" alt=\"Corsi di tedesco per medici a Monaco di Baviera\" width=\"552\" height=\"325\" srcset=\"https:\/\/www.sprachschule-aktiv-muenchen.de\/wp-content\/uploads\/2019\/09\/corsi-di-tedesco-per-medici-a-monaco-di-baviera.jpg 552w, https:\/\/www.sprachschule-aktiv-muenchen.de\/wp-content\/uploads\/2019\/09\/corsi-di-tedesco-per-medici-a-monaco-di-baviera-300x177.jpg 300w, https:\/\/www.sprachschule-aktiv-muenchen.de\/wp-content\/uploads\/2019\/09\/corsi-di-tedesco-per-medici-a-monaco-di-baviera-124x74.jpg 124w\" sizes=\"(max-width: 552px) 100vw, 552px\" \/>\n<h2>Come si svolge la Fachsprachenpr\u00fcfung?<\/h2>\n<p>L&#8217;esame presso la Bayerische Landes\u00e4rztekammer \u00e8 suddiviso in 3 sezioni. Ogni parte dura 20 minuti. Siccome ci potrebbero essere tempi di attesa, si dovrebbero considerare circa 3 ore per la durata dell\u2019esame. La tassa d&#8217;esame \u00e8 attualmente di 400 Euro. Sarai visitato da un medico e da un linguista. Riceverai il risultato al termine dell\u2019esame.<\/p>\n<p>Sezione 1: Conversazione tra medico e paziente<\/p>\n<p>Sezione 2: Documentazione<\/p>\n<p>Sezione 3: Conversazione tra medici<\/p>\n<h2>Come funziona il corso di preparazione alla Fachsprachenpr\u00fcfung di Monaco di Baviera?<\/h2>\n<p>Prenota il livello di tedesco a cui ti trovi attualmente e studia il tedesco dalle 9.00 alle 12.00 dal luned\u00ec al venerd\u00ec. Se ti vuoi preparare anche per la Fachsprachenpr\u00fcfung, riceverai anche la preparazione all\u2019esame per l\u2019apprendimento dei livelli B1, B2 e C1 dalle 12.00 alle 13.00, con un vocabolario medico speciale e ausili vocali di cui avrai bisogno in ospedale o in uno studio medico. Riceverai una formazione dettagliata con giochi di ruolo, che ti preparer\u00e0 in modo ottimale all\u2019esame presso l\u2019associazione medica statale bavarese.<\/p>\n<p>\u2013 Avrai conversazioni fittizie con i pazienti.<\/p>\n<p>\u2013 Imparerai il linguaggio tecnico dei medici per lo scambio con i colleghi.<\/p>\n<p>\u2013 Scriverai rapporti medici significativi.<\/p>\n<p>L\u2019esame non \u00e8 importante solo per la tua attivit\u00e0 professionale, ma ottimizza anche le tue competenze linguistiche generali nei settori della conversazione, dell\u2019ascolto, della lettura e della scrittura.<\/p>\n<h2>Che livello linguistico hai? Mettiti alla prova gratuitamente!<\/h2>\n<p>Il corso di preparazione \u00e8 di livello avanzato. Se non sei sicuro a quale livello appartieni, ti suggeriamo un test di livello che puoi sostenere sul nostro sito web o presso la nostra scuola di tedesco a Monaco di Baviera.<\/p>\n<div class=\"BorlabsCookie _brlbs-cb-vimeo\">\n<div class=\"_brlbs-content-blocker\">\n<div class=\"_brlbs-embed _brlbs-video-vimeo\"> <img decoding=\"async\" class=\"_brlbs-thumbnail\" src=\"https:\/\/www.sprachschule-aktiv-muenchen.de\/wp-content\/plugins\/borlabs-cookie\/assets\/images\/cb-no-thumbnail.png\" alt=\"Vimeo\"> <\/p>\n<div class=\"_brlbs-caption\">\n<p>Mit dem Laden des Videos akzeptieren Sie die Datenschutzerkl\u00e4rung von Vimeo.<br \/><a href=\"https:\/\/vimeo.com\/privacy\" target=\"_blank\" rel=\"nofollow noopener noreferrer\">Mehr erfahren<\/a><\/p>\n<p><a class=\"_brlbs-btn _brlbs-icon-play-white\" href=\"#\" data-borlabs-cookie-unblock role=\"button\">Video laden<\/a><\/p>\n<p><label><input type=\"checkbox\" name=\"unblockAll\" value=\"1\" checked> <small>Vimeo immer entsperren<\/small><\/label><\/p>\n<\/p><\/div><\/div><\/div>\n<div class=\"borlabs-hide\" data-borlabs-cookie-type=\"content-blocker\" data-borlabs-cookie-id=\"vimeo\"><script type=\"text\/template\">PGlmcmFtZSBzcmM9Imh0dHBzOi8vcGxheWVyLnZpbWVvLmNvbS92aWRlby83ODQwNjg1NDU\/ZG50PTEmYW1wO2FwcF9pZD0xMjI5NjMiIHdpZHRoPSI1MDAiIGhlaWdodD0iMjgxIiBmcmFtZWJvcmRlcj0iMCIgYWxsb3c9ImF1dG9wbGF5OyBmdWxsc2NyZWVuOyBwaWN0dXJlLWluLXBpY3R1cmU7IGNsaXBib2FyZC13cml0ZSI+PC9pZnJhbWU+<\/script><\/div>\n<\/div>\n<p>Se il tuo livello linguistico attuale non \u00e8 sufficiente, \u00e8 meglio seguire prima un corso di lingua generale fino a quando non raggiungi <a href=\"https:\/\/www.sprachschule-aktiv-muenchen.de\/deutsch-einstufungstest\/\">questo livello<\/a>! Ci sono vari <a href=\"https:\/\/www.sprachschule-aktiv-muenchen.de\/it\/corsi-di-tedesco-a-monaco-di-baviera\/\">corsi di tedesco e offerte disponibili.<\/a><\/p>\n<h2>Preparazione integrata agli esami per i professionisti del settore medico &#8211; Corsi intensivi per gli esami linguistici specialistici<\/h2>\n<p><strong>Durata:<\/strong> 4 settimane<\/p>\n<p><strong>Date:<\/strong> 4 giorni a settimana (luned\u00ec al gioved\u00ec )<\/p>\n<p><strong>Ore<\/strong>: dalle 9:00 alle 12:00<\/p>\n<p><strong>Prezzo:<\/strong> 699 \u20ac<\/p>\n<p>Data di inizio corso: Vedi tabella<\/p>\n\n<table id=\"tablepress-50\" class=\"tablepress tablepress-id-50 tablepress-responsive\">\n<thead>\n<tr class=\"row-1\">\n\t<th class=\"column-1\">Mese<\/th><th class=\"column-2\">Inizio corso<\/th><th class=\"column-3\">Orario<\/th><th class=\"column-4\">Prezzo<\/th>\n<\/tr>\n<\/thead>\n<tbody class=\"row-striping row-hover\">\n<tr class=\"row-2\">\n\t<td class=\"column-1\">Gennaio<\/td><td class=\"column-2\">05.01.2026<\/td><td class=\"column-3\">Lun-Gio 9:00-12:00 \/ 12:30-15:30<\/td><td class=\"column-4\">319,00 \u20ac<\/td>\n<\/tr>\n<tr class=\"row-3\">\n\t<td class=\"column-1\">Febbraio<\/td><td class=\"column-2\">02.02.2026<\/td><td class=\"column-3\">Lun-Gio 9:00-12:00 \/ 12:30-15:30<\/td><td class=\"column-4\">319,00 \u20ac<\/td>\n<\/tr>\n<tr class=\"row-4\">\n\t<td class=\"column-1\">Marzo<\/td><td class=\"column-2\">02.03.2026<\/td><td class=\"column-3\">Lun-Gio 9:00-12:00 \/ 12:30-15:30<\/td><td class=\"column-4\">319,00 \u20ac<\/td>\n<\/tr>\n<tr class=\"row-5\">\n\t<td class=\"column-1\">Aprile<\/td><td class=\"column-2\">*30.03.2026<\/td><td class=\"column-3\">Lun-Gio 9:00-12:00 \/ 12:30-15:30<\/td><td class=\"column-4\">319,00 \u20ac<\/td>\n<\/tr>\n<tr class=\"row-6\">\n\t<td class=\"column-1\">Maggio<\/td><td class=\"column-2\">04.05.2026<\/td><td class=\"column-3\">Lun-Gio 9:00-12:00 \/ 12:30-15:30<\/td><td class=\"column-4\">319,00 \u20ac<\/td>\n<\/tr>\n<tr class=\"row-7\">\n\t<td class=\"column-1\">Giugno<\/td><td class=\"column-2\">01.06.2026<\/td><td class=\"column-3\">Lun-Gio 9:00-12:00 \/ 12:30-15:30<\/td><td class=\"column-4\">319,00 \u20ac<\/td>\n<\/tr>\n<tr class=\"row-8\">\n\t<td class=\"column-1\">Luglio<\/td><td class=\"column-2\">*29.06.2026<\/td><td class=\"column-3\">Lun-Gio 9:00-12:00 \/ 12:30-15:30<\/td><td class=\"column-4\">319,00 \u20ac<\/td>\n<\/tr>\n<tr class=\"row-9\">\n\t<td class=\"column-1\">Agosto<\/td><td class=\"column-2\">03.08.2026<\/td><td class=\"column-3\">Lun-Gio 9:00-12:00 \/ 12:30-15:30<\/td><td class=\"column-4\">319,00 \u20ac<\/td>\n<\/tr>\n<tr class=\"row-10\">\n\t<td class=\"column-1\">Settembre<\/td><td class=\"column-2\">*31.08.2026<\/td><td class=\"column-3\">Lun-Gio 9:00-12:00 \/ 12:30-15:30<\/td><td class=\"column-4\">319,00 \u20ac<\/td>\n<\/tr>\n<tr class=\"row-11\">\n\t<td class=\"column-1\">Ottobre<\/td><td class=\"column-2\">*28.09.2026<\/td><td class=\"column-3\">Lun-Gio 9:00-12:00 \/ 12:30-15:30<\/td><td class=\"column-4\">319,00 \u20ac<\/td>\n<\/tr>\n<tr class=\"row-12\">\n\t<td class=\"column-1\">Novembre<\/td><td class=\"column-2\">*26.10.2026<\/td><td class=\"column-3\">Lun-Gio 9:00-12:00 \/ 12:30-15:30<\/td><td class=\"column-4\">319,00 \u20ac<\/td>\n<\/tr>\n<tr class=\"row-13\">\n\t<td class=\"column-1\">Dicembre<\/td><td class=\"column-2\">*23.11.2026<\/td><td class=\"column-3\">Lun-Gio 9:00-12:00 \/ 12:30-15:30<\/td><td class=\"column-4\">319,00 \u20ac<\/td>\n<\/tr>\n<\/tbody>\n<\/table>\n<!-- #tablepress-50 from cache -->\n<a href=\"https:\/\/www.sprachschule-aktiv-muenchen.de\/it\/inscrizione\/\"><img decoding=\"async\" class=\"alignnone size-full wp-image-51756\" src=\"https:\/\/www.sprachschule-aktiv-muenchen.de\/wp-content\/uploads\/2019\/09\/iscrizione.png\" alt=\"Iscrizione\" width=\"231\" height=\"45\" \/><\/a>\n<h2>Corso serale per medici a Monaco: costi, date di inizio ed iscrizioni<\/h2>\n<p><strong>Durata:<\/strong> 12 settimane &#8211; 90 minuti a settimana<br \/>\n<strong>Prezzo:<\/strong> 369,00\u20ac<br \/>\n<strong>Data d\u00b4inizio:<\/strong> guardare la tabella<\/p>\n\n<table id=\"tablepress-216\" class=\"tablepress tablepress-id-216 tablepress-responsive\">\n<thead>\n<tr class=\"row-1\">\n\t<th class=\"column-1\">Corso serale<\/th><th class=\"column-2\">Inizio corso<\/th><th class=\"column-3\">Data<\/th><th class=\"column-4\">Orario<\/th><th class=\"column-5\">Durata<\/th><th class=\"column-6\">Prezzo<\/th>\n<\/tr>\n<\/thead>\n<tbody class=\"row-striping row-hover\">\n<tr class=\"row-2\">\n\t<td class=\"column-1\">Gennaio<\/td><td class=\"column-2\">13.01.2025<\/td><td class=\"column-3\">lunedi<\/td><td class=\"column-4\">18:00 \u2013 19:30<\/td><td class=\"column-5\">12 settimane<\/td><td class=\"column-6\">369 \u20ac<\/td>\n<\/tr>\n<tr class=\"row-3\">\n\t<td class=\"column-1\">Febbario<\/td><td class=\"column-2\">06.02.2025<\/td><td class=\"column-3\">giovedi<\/td><td class=\"column-4\">19:30-21:00<\/td><td class=\"column-5\">12 settimane<\/td><td class=\"column-6\">369 \u20ac<\/td>\n<\/tr>\n<tr class=\"row-4\">\n\t<td class=\"column-1\">Marzo<\/td><td class=\"column-2\">03.03.2025<\/td><td class=\"column-3\">lunedi<\/td><td class=\"column-4\">18:00 \u2013 19:30<\/td><td class=\"column-5\">12 settimane<\/td><td class=\"column-6\">369 \u20ac<\/td>\n<\/tr>\n<tr class=\"row-5\">\n\t<td class=\"column-1\">Aprile<\/td><td class=\"column-2\">03.04.2025<\/td><td class=\"column-3\">giovedi<\/td><td class=\"column-4\">19:30 \u2013 21:00<\/td><td class=\"column-5\">12 settimane<\/td><td class=\"column-6\">369 \u20ac<\/td>\n<\/tr>\n<tr class=\"row-6\">\n\t<td class=\"column-1\">Maggio<\/td><td class=\"column-2\">05.05.2025<\/td><td class=\"column-3\">lunedi<\/td><td class=\"column-4\">18:00 \u2013 19:30<\/td><td class=\"column-5\">12 settimane<\/td><td class=\"column-6\">369 \u20ac<\/td>\n<\/tr>\n<tr class=\"row-7\">\n\t<td class=\"column-1\">Giugno<\/td><td class=\"column-2\">05.06.2025<\/td><td class=\"column-3\">giovedi<\/td><td class=\"column-4\">19:30 \u2013 21:00<\/td><td class=\"column-5\">12 settimane<\/td><td class=\"column-6\">369 \u20ac<\/td>\n<\/tr>\n<tr class=\"row-8\">\n\t<td class=\"column-1\">Luglio<\/td><td class=\"column-2\">07.07.2025<\/td><td class=\"column-3\">lunedi<\/td><td class=\"column-4\">18:00 \u2013 19:30<\/td><td class=\"column-5\">12 settimane<\/td><td class=\"column-6\">369 \u20ac<\/td>\n<\/tr>\n<tr class=\"row-9\">\n\t<td class=\"column-1\">Agosto<\/td><td class=\"column-2\">07.08.2025<\/td><td class=\"column-3\">giovedi<\/td><td class=\"column-4\">19:30-21:00<\/td><td class=\"column-5\">12 settimane<\/td><td class=\"column-6\">369 \u20ac<\/td>\n<\/tr>\n<tr class=\"row-10\">\n\t<td class=\"column-1\">Settembre<\/td><td class=\"column-2\">01.09.2025<\/td><td class=\"column-3\">lunedi<\/td><td class=\"column-4\">18:00-19.30<\/td><td class=\"column-5\">12 settimane<\/td><td class=\"column-6\">369 \u20ac<\/td>\n<\/tr>\n<tr class=\"row-11\">\n\t<td class=\"column-1\">Ottobre<\/td><td class=\"column-2\">02.10.2025<\/td><td class=\"column-3\">giovedi<\/td><td class=\"column-4\">19:30 \u2013 21:00<\/td><td class=\"column-5\">12 settimane<\/td><td class=\"column-6\">369 \u20ac<\/td>\n<\/tr>\n<tr class=\"row-12\">\n\t<td class=\"column-1\">Novembre<\/td><td class=\"column-2\">03.11.2025<\/td><td class=\"column-3\">lunedi<\/td><td class=\"column-4\">18:00-19:30<\/td><td class=\"column-5\">12 settimane<\/td><td class=\"column-6\">369 \u20ac<\/td>\n<\/tr>\n<tr class=\"row-13\">\n\t<td class=\"column-1\">Dicembre<\/td><td class=\"column-2\">04.12.2025<\/td><td class=\"column-3\">giovedi<\/td><td class=\"column-4\">19:30-21:00<\/td><td class=\"column-5\">12 settimane<\/td><td class=\"column-6\">369 \u20ac<\/td>\n<\/tr>\n<\/tbody>\n<\/table>\n\n<a href=\"https:\/\/www.sprachschule-aktiv-muenchen.de\/it\/inscrizione\/\"><img decoding=\"async\" class=\"alignnone size-full wp-image-51756\" src=\"https:\/\/www.sprachschule-aktiv-muenchen.de\/wp-content\/uploads\/2019\/09\/iscrizione.png\" alt=\"Iscrizione\" width=\"231\" height=\"45\" \/><\/a>\n<h2>Corso privato di preparazione all\u00b4esame per i professionisti del settore medico &#8211; Prezzi e condizioni<\/h2>\n<p>Di solito le lezioni si svolgono presso la nostra scuola a Monaco di Baviera; naturalmente \u00e9 anche possibile prenotare lezioni private a casa vostra.<\/p>\n<p>Se prenoti fino a 29 ore di lezione, il costo di ogni ora accademica \u00e8 di 45 euro. Se opti per pi\u00f9 di 30 ore, il costo \u00e8 di soli 42 euro.<\/p>\n<p><a href=\"https:\/\/www.sprachschule-aktiv-muenchen.de\/it\/inscrizione\/\"><img decoding=\"async\" class=\"alignnone size-full wp-image-51756\" src=\"https:\/\/www.sprachschule-aktiv-muenchen.de\/wp-content\/uploads\/2019\/09\/iscrizione.png\" alt=\"Iscrizione\" width=\"231\" height=\"45\" \/><\/a>[\/vc_column_text][\/vc_column][\/vc_row]<\/p>\n","protected":false},"excerpt":{"rendered":"<p>[vc_row][vc_column][vc_column_text] Corsi di tedesco per medici a Monaco di Baviera Preparazione alla prova di competenza linguistica Per i medici stranieri, la nostra scuola di lingua tedesca a Monaco di Baviera offre corsi di preparazione all&#8217;esame linguistico specialistico per medici. I medici che desiderano ottenere l&#8217;accreditamento professionale secondo la Bundes\u00e4rztevordnung devono acquisire sufficienti conoscenze della lingua&hellip; <a class=\"read-more\" href=\"https:\/\/www.sprachschule-aktiv-muenchen.de\/it\/corsi-di-tedesco-per-medici-a-monaco-di-baviera\/\" title=\"Read Corsi di tedesco per medici a Monaco di Baviera\">Read more &raquo;<\/a><\/p>\n","protected":false},"author":2,"featured_media":0,"parent":0,"menu_order":0,"comment_status":"closed","ping_status":"closed","template":"","meta":{"footnotes":""},"class_list":["post-51962","page","type-page","status-publish","hentry"],"yoast_head":"<!-- This site is optimized with the Yoast SEO plugin v27.1.1 - https:\/\/yoast.com\/product\/yoast-seo-wordpress\/ -->\n<title>Corsi di tedesco per medici a Monaco di Baviera (A1-C2)<\/title>\n<meta name=\"description\" content=\"Preparazione all&#039;esame per medici a Monaco. Corsi di lingua tedesca in preparazione per il Fachsprachpr\u00fcfung Medizin (FSP)\" \/>\n<meta name=\"robots\" content=\"index, follow, max-snippet:-1, max-image-preview:large, max-video-preview:-1\" \/>\n<link rel=\"canonical\" href=\"https:\/\/www.sprachschule-aktiv-muenchen.de\/it\/corsi-di-tedesco-per-medici-a-monaco-di-baviera\/\" \/>\n<meta property=\"og:locale\" content=\"it_IT\" \/>\n<meta property=\"og:type\" content=\"article\" \/>\n<meta property=\"og:title\" content=\"Corsi di tedesco per medici a Monaco di Baviera (A1-C2)\" \/>\n<meta property=\"og:description\" content=\"Preparazione all&#039;esame per medici a Monaco. Corsi di lingua tedesca in preparazione per il Fachsprachpr\u00fcfung Medizin (FSP)\" \/>\n<meta property=\"og:url\" content=\"https:\/\/www.sprachschule-aktiv-muenchen.de\/it\/corsi-di-tedesco-per-medici-a-monaco-di-baviera\/\" \/>\n<meta property=\"og:site_name\" content=\"Sprachschule Aktiv\" \/>\n<meta property=\"article:modified_time\" content=\"2024-12-29T19:30:32+00:00\" \/>\n<meta property=\"og:image\" content=\"https:\/\/www.sprachschule-aktiv-muenchen.de\/wp-content\/uploads\/2019\/09\/richiesta-rapida.png\" \/>\n<meta name=\"twitter:card\" content=\"summary_large_image\" \/>\n<meta name=\"twitter:label1\" content=\"Tempo di lettura stimato\" \/>\n\t<meta name=\"twitter:data1\" content=\"5 minuti\" \/>\n<script type=\"application\/ld+json\" class=\"yoast-schema-graph\">{\"@context\":\"https:\/\/schema.org\",\"@graph\":[{\"@type\":\"WebPage\",\"@id\":\"https:\/\/www.sprachschule-aktiv-muenchen.de\/it\/corsi-di-tedesco-per-medici-a-monaco-di-baviera\/\",\"url\":\"https:\/\/www.sprachschule-aktiv-muenchen.de\/it\/corsi-di-tedesco-per-medici-a-monaco-di-baviera\/\",\"name\":\"Corsi di tedesco per medici a Monaco di Baviera (A1-C2)\",\"isPartOf\":{\"@id\":\"https:\/\/www.sprachschule-aktiv-muenchen.de\/#website\"},\"primaryImageOfPage\":{\"@id\":\"https:\/\/www.sprachschule-aktiv-muenchen.de\/it\/corsi-di-tedesco-per-medici-a-monaco-di-baviera\/#primaryimage\"},\"image\":{\"@id\":\"https:\/\/www.sprachschule-aktiv-muenchen.de\/it\/corsi-di-tedesco-per-medici-a-monaco-di-baviera\/#primaryimage\"},\"thumbnailUrl\":\"https:\/\/www.sprachschule-aktiv-muenchen.de\/wp-content\/uploads\/2019\/09\/richiesta-rapida.png\",\"datePublished\":\"2019-09-10T04:44:19+00:00\",\"dateModified\":\"2024-12-29T19:30:32+00:00\",\"description\":\"Preparazione all'esame per medici a Monaco. Corsi di lingua tedesca in preparazione per il Fachsprachpr\u00fcfung Medizin (FSP)\",\"breadcrumb\":{\"@id\":\"https:\/\/www.sprachschule-aktiv-muenchen.de\/it\/corsi-di-tedesco-per-medici-a-monaco-di-baviera\/#breadcrumb\"},\"inLanguage\":\"it-IT\",\"potentialAction\":[{\"@type\":\"ReadAction\",\"target\":[\"https:\/\/www.sprachschule-aktiv-muenchen.de\/it\/corsi-di-tedesco-per-medici-a-monaco-di-baviera\/\"]}]},{\"@type\":\"ImageObject\",\"inLanguage\":\"it-IT\",\"@id\":\"https:\/\/www.sprachschule-aktiv-muenchen.de\/it\/corsi-di-tedesco-per-medici-a-monaco-di-baviera\/#primaryimage\",\"url\":\"https:\/\/www.sprachschule-aktiv-muenchen.de\/wp-content\/uploads\/2019\/09\/richiesta-rapida.png\",\"contentUrl\":\"https:\/\/www.sprachschule-aktiv-muenchen.de\/wp-content\/uploads\/2019\/09\/richiesta-rapida.png\"},{\"@type\":\"BreadcrumbList\",\"@id\":\"https:\/\/www.sprachschule-aktiv-muenchen.de\/it\/corsi-di-tedesco-per-medici-a-monaco-di-baviera\/#breadcrumb\",\"itemListElement\":[{\"@type\":\"ListItem\",\"position\":1,\"name\":\"Portada\",\"item\":\"https:\/\/www.sprachschule-aktiv-muenchen.de\/it\/\"},{\"@type\":\"ListItem\",\"position\":2,\"name\":\"Corsi di tedesco per medici a Monaco di Baviera\"}]},{\"@type\":\"WebSite\",\"@id\":\"https:\/\/www.sprachschule-aktiv-muenchen.de\/#website\",\"url\":\"https:\/\/www.sprachschule-aktiv-muenchen.de\/\",\"name\":\"Sprachschule Aktiv\",\"description\":\"\",\"potentialAction\":[{\"@type\":\"SearchAction\",\"target\":{\"@type\":\"EntryPoint\",\"urlTemplate\":\"https:\/\/www.sprachschule-aktiv-muenchen.de\/?s={search_term_string}\"},\"query-input\":{\"@type\":\"PropertyValueSpecification\",\"valueRequired\":true,\"valueName\":\"search_term_string\"}}],\"inLanguage\":\"it-IT\"}]}<\/script>\n<!-- \/ Yoast SEO plugin. -->","yoast_head_json":{"title":"Corsi di tedesco per medici a Monaco di Baviera (A1-C2)","description":"Preparazione all'esame per medici a Monaco. Corsi di lingua tedesca in preparazione per il Fachsprachpr\u00fcfung Medizin (FSP)","robots":{"index":"index","follow":"follow","max-snippet":"max-snippet:-1","max-image-preview":"max-image-preview:large","max-video-preview":"max-video-preview:-1"},"canonical":"https:\/\/www.sprachschule-aktiv-muenchen.de\/it\/corsi-di-tedesco-per-medici-a-monaco-di-baviera\/","og_locale":"it_IT","og_type":"article","og_title":"Corsi di tedesco per medici a Monaco di Baviera (A1-C2)","og_description":"Preparazione all'esame per medici a Monaco. Corsi di lingua tedesca in preparazione per il Fachsprachpr\u00fcfung Medizin (FSP)","og_url":"https:\/\/www.sprachschule-aktiv-muenchen.de\/it\/corsi-di-tedesco-per-medici-a-monaco-di-baviera\/","og_site_name":"Sprachschule Aktiv","article_modified_time":"2024-12-29T19:30:32+00:00","og_image":[{"url":"https:\/\/www.sprachschule-aktiv-muenchen.de\/wp-content\/uploads\/2019\/09\/richiesta-rapida.png","type":"","width":"","height":""}],"twitter_card":"summary_large_image","twitter_misc":{"Tempo di lettura stimato":"5 minuti"},"schema":{"@context":"https:\/\/schema.org","@graph":[{"@type":"WebPage","@id":"https:\/\/www.sprachschule-aktiv-muenchen.de\/it\/corsi-di-tedesco-per-medici-a-monaco-di-baviera\/","url":"https:\/\/www.sprachschule-aktiv-muenchen.de\/it\/corsi-di-tedesco-per-medici-a-monaco-di-baviera\/","name":"Corsi di tedesco per medici a Monaco di Baviera (A1-C2)","isPartOf":{"@id":"https:\/\/www.sprachschule-aktiv-muenchen.de\/#website"},"primaryImageOfPage":{"@id":"https:\/\/www.sprachschule-aktiv-muenchen.de\/it\/corsi-di-tedesco-per-medici-a-monaco-di-baviera\/#primaryimage"},"image":{"@id":"https:\/\/www.sprachschule-aktiv-muenchen.de\/it\/corsi-di-tedesco-per-medici-a-monaco-di-baviera\/#primaryimage"},"thumbnailUrl":"https:\/\/www.sprachschule-aktiv-muenchen.de\/wp-content\/uploads\/2019\/09\/richiesta-rapida.png","datePublished":"2019-09-10T04:44:19+00:00","dateModified":"2024-12-29T19:30:32+00:00","description":"Preparazione all'esame per medici a Monaco. Corsi di lingua tedesca in preparazione per il Fachsprachpr\u00fcfung Medizin (FSP)","breadcrumb":{"@id":"https:\/\/www.sprachschule-aktiv-muenchen.de\/it\/corsi-di-tedesco-per-medici-a-monaco-di-baviera\/#breadcrumb"},"inLanguage":"it-IT","potentialAction":[{"@type":"ReadAction","target":["https:\/\/www.sprachschule-aktiv-muenchen.de\/it\/corsi-di-tedesco-per-medici-a-monaco-di-baviera\/"]}]},{"@type":"ImageObject","inLanguage":"it-IT","@id":"https:\/\/www.sprachschule-aktiv-muenchen.de\/it\/corsi-di-tedesco-per-medici-a-monaco-di-baviera\/#primaryimage","url":"https:\/\/www.sprachschule-aktiv-muenchen.de\/wp-content\/uploads\/2019\/09\/richiesta-rapida.png","contentUrl":"https:\/\/www.sprachschule-aktiv-muenchen.de\/wp-content\/uploads\/2019\/09\/richiesta-rapida.png"},{"@type":"BreadcrumbList","@id":"https:\/\/www.sprachschule-aktiv-muenchen.de\/it\/corsi-di-tedesco-per-medici-a-monaco-di-baviera\/#breadcrumb","itemListElement":[{"@type":"ListItem","position":1,"name":"Portada","item":"https:\/\/www.sprachschule-aktiv-muenchen.de\/it\/"},{"@type":"ListItem","position":2,"name":"Corsi di tedesco per medici a Monaco di Baviera"}]},{"@type":"WebSite","@id":"https:\/\/www.sprachschule-aktiv-muenchen.de\/#website","url":"https:\/\/www.sprachschule-aktiv-muenchen.de\/","name":"Sprachschule Aktiv","description":"","potentialAction":[{"@type":"SearchAction","target":{"@type":"EntryPoint","urlTemplate":"https:\/\/www.sprachschule-aktiv-muenchen.de\/?s={search_term_string}"},"query-input":{"@type":"PropertyValueSpecification","valueRequired":true,"valueName":"search_term_string"}}],"inLanguage":"it-IT"}]}},"_links":{"self":[{"href":"https:\/\/www.sprachschule-aktiv-muenchen.de\/it\/wp-json\/wp\/v2\/pages\/51962","targetHints":{"allow":["GET"]}}],"collection":[{"href":"https:\/\/www.sprachschule-aktiv-muenchen.de\/it\/wp-json\/wp\/v2\/pages"}],"about":[{"href":"https:\/\/www.sprachschule-aktiv-muenchen.de\/it\/wp-json\/wp\/v2\/types\/page"}],"author":[{"embeddable":true,"href":"https:\/\/www.sprachschule-aktiv-muenchen.de\/it\/wp-json\/wp\/v2\/users\/2"}],"replies":[{"embeddable":true,"href":"https:\/\/www.sprachschule-aktiv-muenchen.de\/it\/wp-json\/wp\/v2\/comments?post=51962"}],"version-history":[{"count":16,"href":"https:\/\/www.sprachschule-aktiv-muenchen.de\/it\/wp-json\/wp\/v2\/pages\/51962\/revisions"}],"predecessor-version":[{"id":79412,"href":"https:\/\/www.sprachschule-aktiv-muenchen.de\/it\/wp-json\/wp\/v2\/pages\/51962\/revisions\/79412"}],"wp:attachment":[{"href":"https:\/\/www.sprachschule-aktiv-muenchen.de\/it\/wp-json\/wp\/v2\/media?parent=51962"}],"curies":[{"name":"wp","href":"https:\/\/api.w.org\/{rel}","templated":true}]}}