{"id":51901,"date":"2019-09-09T06:26:15","date_gmt":"2019-09-09T04:26:15","guid":{"rendered":"https:\/\/www.sprachschule-aktiv-muenchen.de\/?page_id=51901"},"modified":"2024-11-12T13:03:41","modified_gmt":"2024-11-12T12:03:41","slug":"corsi-di-preparazione-al-testdaf-a-monaco-di-baviera","status":"publish","type":"page","link":"https:\/\/www.sprachschule-aktiv-muenchen.de\/it\/corsi-di-preparazione-al-testdaf-a-monaco-di-baviera\/","title":{"rendered":"Corsi di preparazione al TestDaF a Monaco di Baviera"},"content":{"rendered":"<h1>Corsi di preparazione al TestDaF a Monaco di Baviera<\/h1>\n<a href=\"https:\/\/www.sprachschule-aktiv-muenchen.de\/it\/contatto\/\"><img decoding=\"async\" class=\"alignnone size-full wp-image-51780\" src=\"https:\/\/www.sprachschule-aktiv-muenchen.de\/wp-content\/uploads\/2019\/09\/richiesta-rapida.png\" alt=\"Richiesta rapida\" width=\"284\" height=\"72\" srcset=\"https:\/\/www.sprachschule-aktiv-muenchen.de\/wp-content\/uploads\/2019\/09\/richiesta-rapida.png 284w, https:\/\/www.sprachschule-aktiv-muenchen.de\/wp-content\/uploads\/2019\/09\/richiesta-rapida-283x72.png 283w\" sizes=\"(max-width: 284px) 100vw, 284px\" \/><\/a>\n<p>Vuoi superare il TestDaF e hai bisogno di un corso di preparazione all&#8217;esame efficace? In questa pagina troverai tutte le informazioni sui corsi, i prezzi e le date di inizio dei nostri corsi di preparazione.<\/p>\n<img decoding=\"async\" class=\"alignnone wp-image-51902 size-full\" src=\"https:\/\/www.sprachschule-aktiv-muenchen.de\/wp-content\/uploads\/2019\/09\/corsi-di-preparazione-al-testdaf-a-monaco-di-baviera.jpg\" alt=\"Corsi di preparazione al TestDaF a Monaco di Baviera\" width=\"500\" height=\"281\" srcset=\"https:\/\/www.sprachschule-aktiv-muenchen.de\/wp-content\/uploads\/2019\/09\/corsi-di-preparazione-al-testdaf-a-monaco-di-baviera.jpg 500w, https:\/\/www.sprachschule-aktiv-muenchen.de\/wp-content\/uploads\/2019\/09\/corsi-di-preparazione-al-testdaf-a-monaco-di-baviera-300x169.jpg 300w\" sizes=\"(max-width: 500px) 100vw, 500px\" \/>\n<h2>Che cos&#8217;\u00e8 TestDaF?<\/h2>\n<p>TestDaF \u00e8 un test linguistico per studenti di lingua tedesca con un livello linguistico avanzato. Il quadro comune europeo di riferimento comprende sei livelli linguistici (A1, A2, B1, B2, B2, C1, C2). Il test di tedesco come lingua straniera si colloca tra il livello B2 e C1 e richiede quindi una buona padronanza della lingua.<\/p>\n<p>Il TestDaF viene condotto a livello centrale ed \u00e8 standardizzato. L\u2019esaminatore sostiene le spese d\u2019esame. Le universit\u00e0 tedesche riconoscono il TestDaF come prova di competenza linguistica sufficiente. Se non sei sicuro di poter superare il test senza supporto, un corso di preparazione presso la nostra scuola di lingue Aktiv \u00e8 il modo pi\u00f9 efficace per raggiungere il tuo obiettivo.<\/p>\n<div class=\"BorlabsCookie _brlbs-cb-vimeo\">\n<div class=\"_brlbs-content-blocker\">\n<div class=\"_brlbs-embed _brlbs-video-vimeo\"> <img decoding=\"async\" class=\"_brlbs-thumbnail\" src=\"https:\/\/www.sprachschule-aktiv-muenchen.de\/wp-content\/plugins\/borlabs-cookie\/assets\/images\/cb-no-thumbnail.png\" alt=\"Vimeo\"> <\/p>\n<div class=\"_brlbs-caption\">\n<p>Mit dem Laden des Videos akzeptieren Sie die Datenschutzerkl\u00e4rung von Vimeo.<br \/><a href=\"https:\/\/vimeo.com\/privacy\" target=\"_blank\" rel=\"nofollow noopener noreferrer\">Mehr erfahren<\/a><\/p>\n<p><a class=\"_brlbs-btn _brlbs-icon-play-white\" href=\"#\" data-borlabs-cookie-unblock role=\"button\">Video laden<\/a><\/p>\n<p><label><input type=\"checkbox\" name=\"unblockAll\" value=\"1\" checked> <small>Vimeo immer entsperren<\/small><\/label><\/p>\n<\/p><\/div><\/div><\/div>\n<div class=\"borlabs-hide\" data-borlabs-cookie-type=\"content-blocker\" data-borlabs-cookie-id=\"vimeo\"><script type=\"text\/template\">PGlmcmFtZSBzcmM9Imh0dHBzOi8vcGxheWVyLnZpbWVvLmNvbS92aWRlby83ODQwNjg2Mjc\/ZG50PTEmYW1wO2FwcF9pZD0xMjI5NjMiIHdpZHRoPSI1MDAiIGhlaWdodD0iMjgxIiBmcmFtZWJvcmRlcj0iMCIgYWxsb3c9ImF1dG9wbGF5OyBmdWxsc2NyZWVuOyBwaWN0dXJlLWluLXBpY3R1cmU7IGNsaXBib2FyZC13cml0ZSI+PC9pZnJhbWU+<\/script><\/div>\n<\/div>\n<h2>Corsi Intensivi TestDaF &#8211; Informazioni sul corso, prezzi e durata<\/h2>\n<p>La durata del corso \u00e8 di 4 settimane.<\/p>\n<p>Insegniamo in piccoli gruppi con un massimo di 10 studenti.<\/p>\n<p>Durante la settimana riceverete 20 lezioni di 45 minuti ciascuna.<\/p>\n<p>Le lezioni si svolgono dal luned\u00ec al venerd\u00ec dalle 9.00 alle 12.00.<\/p>\n<p>Costi: 499,- \u20ac<\/p>\n<a href=\"https:\/\/www.sprachschule-aktiv-muenchen.de\/it\/inscrizione\/\"><img decoding=\"async\" class=\"alignnone size-full wp-image-51756\" src=\"https:\/\/www.sprachschule-aktiv-muenchen.de\/wp-content\/uploads\/2019\/09\/iscrizione.png\" alt=\"Iscrizione\" width=\"231\" height=\"45\" \/><\/a>\n<p>Puoi iniziare ogni primo luned\u00ec del mese. Se il luned\u00ec \u00e8 un giorno festivo, il corso inizia un giorno dopo.<\/p>\n<p>Se non sei in grado di valutare con precisione le tue competenze linguistiche, fai il nostro <a href=\"https:\/\/www.sprachschule-aktiv-muenchen.de\/deutsch-einstufungstest\/\">test d&#8217;ingresso gratuito<\/a> nella scuola di lingua o nella sua versione online.<\/p>\n\n<table id=\"tablepress-50\" class=\"tablepress tablepress-id-50 tablepress-responsive\">\n<thead>\n<tr class=\"row-1\">\n\t<th class=\"column-1\">Mese<\/th><th class=\"column-2\">Inizio corso<\/th><th class=\"column-3\">Orario<\/th><th class=\"column-4\">Prezzo<\/th>\n<\/tr>\n<\/thead>\n<tbody class=\"row-striping row-hover\">\n<tr class=\"row-2\">\n\t<td class=\"column-1\">Gennaio<\/td><td class=\"column-2\">05.01.2026<\/td><td class=\"column-3\">Lun-Gio 9:00-12:00 \/ 12:30-15:30<\/td><td class=\"column-4\">319,00 \u20ac<\/td>\n<\/tr>\n<tr class=\"row-3\">\n\t<td class=\"column-1\">Febbraio<\/td><td class=\"column-2\">02.02.2026<\/td><td class=\"column-3\">Lun-Gio 9:00-12:00 \/ 12:30-15:30<\/td><td class=\"column-4\">319,00 \u20ac<\/td>\n<\/tr>\n<tr class=\"row-4\">\n\t<td class=\"column-1\">Marzo<\/td><td class=\"column-2\">02.03.2026<\/td><td class=\"column-3\">Lun-Gio 9:00-12:00 \/ 12:30-15:30<\/td><td class=\"column-4\">319,00 \u20ac<\/td>\n<\/tr>\n<tr class=\"row-5\">\n\t<td class=\"column-1\">Aprile<\/td><td class=\"column-2\">*30.03.2026<\/td><td class=\"column-3\">Lun-Gio 9:00-12:00 \/ 12:30-15:30<\/td><td class=\"column-4\">319,00 \u20ac<\/td>\n<\/tr>\n<tr class=\"row-6\">\n\t<td class=\"column-1\">Maggio<\/td><td class=\"column-2\">04.05.2026<\/td><td class=\"column-3\">Lun-Gio 9:00-12:00 \/ 12:30-15:30<\/td><td class=\"column-4\">319,00 \u20ac<\/td>\n<\/tr>\n<tr class=\"row-7\">\n\t<td class=\"column-1\">Giugno<\/td><td class=\"column-2\">01.06.2026<\/td><td class=\"column-3\">Lun-Gio 9:00-12:00 \/ 12:30-15:30<\/td><td class=\"column-4\">319,00 \u20ac<\/td>\n<\/tr>\n<tr class=\"row-8\">\n\t<td class=\"column-1\">Luglio<\/td><td class=\"column-2\">*29.06.2026<\/td><td class=\"column-3\">Lun-Gio 9:00-12:00 \/ 12:30-15:30<\/td><td class=\"column-4\">319,00 \u20ac<\/td>\n<\/tr>\n<tr class=\"row-9\">\n\t<td class=\"column-1\">Agosto<\/td><td class=\"column-2\">03.08.2026<\/td><td class=\"column-3\">Lun-Gio 9:00-12:00 \/ 12:30-15:30<\/td><td class=\"column-4\">319,00 \u20ac<\/td>\n<\/tr>\n<tr class=\"row-10\">\n\t<td class=\"column-1\">Settembre<\/td><td class=\"column-2\">*31.08.2026<\/td><td class=\"column-3\">Lun-Gio 9:00-12:00 \/ 12:30-15:30<\/td><td class=\"column-4\">319,00 \u20ac<\/td>\n<\/tr>\n<tr class=\"row-11\">\n\t<td class=\"column-1\">Ottobre<\/td><td class=\"column-2\">*28.09.2026<\/td><td class=\"column-3\">Lun-Gio 9:00-12:00 \/ 12:30-15:30<\/td><td class=\"column-4\">319,00 \u20ac<\/td>\n<\/tr>\n<tr class=\"row-12\">\n\t<td class=\"column-1\">Novembre<\/td><td class=\"column-2\">*26.10.2026<\/td><td class=\"column-3\">Lun-Gio 9:00-12:00 \/ 12:30-15:30<\/td><td class=\"column-4\">319,00 \u20ac<\/td>\n<\/tr>\n<tr class=\"row-13\">\n\t<td class=\"column-1\">Dicembre<\/td><td class=\"column-2\">*23.11.2026<\/td><td class=\"column-3\">Lun-Gio 9:00-12:00 \/ 12:30-15:30<\/td><td class=\"column-4\">319,00 \u20ac<\/td>\n<\/tr>\n<\/tbody>\n<\/table>\n<!-- #tablepress-50 from cache -->\n<h2>Lezioni private TestDaF<\/h2>\n<p>Inizio del corso: possibile in qualsiasi momento<\/p>\n<p>Luogo del corso: Nella nostra scuola di lingua o a casa tua.<\/p>\n<p>Date: Quando vuoi.<\/p>\n<p>Prezzi:<\/p>\n<p>* Fino a 19 lezioni si pagano 45 \u20ac all\u2019ora.<\/p>\n<p>* A partire da 20 lezioni si pagano 42 \u20ac all\u2019ora<\/p>\n<p>* A partire da 30 lezioni si pagano 38 \u20ac all&#8217;ora<\/p>\n<a href=\"https:\/\/www.sprachschule-aktiv-muenchen.de\/it\/inscrizione\/\"><img decoding=\"async\" class=\"alignnone size-full wp-image-51756\" src=\"https:\/\/www.sprachschule-aktiv-muenchen.de\/wp-content\/uploads\/2019\/09\/iscrizione.png\" alt=\"Iscrizione\" width=\"231\" height=\"45\" \/><\/a>\n<h2>La nostra metodologia<\/h2>\n<p>Nei nostri corsi di preparazione al TestDaf i partecipanti vengono messi in una situazione d\u2019esame affrontando e lavorando su modelli d\u2019esame. Inoltre le aree richieste, come la lettura, la scrittura, la conversazione e l\u2019ascolto, sono coperte e ampiamente praticate nei corsi.<\/p>\n<p>In questo modo gli studenti acquisiscono familiarit\u00e0 con gli standard, il formato e la procedura dell\u2019esame e sono preparati intensamente per il TestDaF.<\/p>\n<h2>Chi ha bisogno del TestDaF?<\/h2>\n<p>Questo test \u00e8 importante per i candidati provenienti da paesi non di lingua tedesca che desiderano studiare in Germania. Il gruppo target del test sono i candidati che hanno conseguito il titolo di studio superiore in una scuola straniera ma che ora vogliono studiare in Germania. Molti candidati hanno anche iniziato a studiare in un&#8217;universit\u00e0 straniera e vorrebbero ora continuare la loro formazione in Germania. La legge sulle universit\u00e0 statali stabilisce che i candidati devono fornire la prova delle qualifiche linguistiche richieste e TestDaf \u00e8 uno dei documenti linguistici pi\u00f9 diffusi.<\/p>\n<h2>Requisiti per l&#8217;esame<\/h2>\n<p>Se vuoi superare con successo il TestDaF, dovresti avere gi\u00e0 una buona conoscenza della lingua tedesca. Si consiglia almeno il livello B2. Il test mette alla prova la tua capacit\u00e0 di parlare tedesco, che ti permetter\u00e0 di partecipare con successo a una lezione o a un seminario universitario.\u00a0Per questo motivo sono necessarie buone conoscenze di almeno livello intermedio; le conoscenze di livello superiore al C1 sono ancora migliori.<\/p>\n<h2>Corsi di tedesco TestDaF in Germania &#8211;\u00a0Ecco come funziona il TestDaF<\/h2>\n<p><strong>Il test si svolge in quattro parti:<\/strong><\/p>\n<p>Comprensione scritta (durata 60 minuti)<\/p>\n<p>Comprensione orale (durata 40 minuti)<\/p>\n<p>Prova scritta (durata 60 minuti)<\/p>\n<p>Prova orale (durata 35 minuti, esame individuale con eventuale uso del computer)<\/p>\n<p>Lo scopo principale del test \u00e8 quello di dimostrare che si \u00e8 in grado di comprendere testi scientifici o lezioni (lettura e comprensione orale) e che si pu\u00f2 partecipare in modo appropriato a una discussione scientifica (espressione scritta e orale).<\/p>\n<p>Registrazione e assistenza per la preparazione<\/p>\n<p>Se sei interessato al TestDaF, troverai ulteriori informazioni al seguente link:<\/p>\n<p><a href=\"https:\/\/www.testdaf.de\/de\/teilnehmende\/mein-testdaf\/mit-dem-testdaf-an-eine-deutsche-hochschule\/\" target=\"_blank\" rel=\"noopener noreferrer\">https:\/\/www.testdaf.de\/de\/teilnehmende\/mein-testdaf\/mit-dem-testdaf-an-eine-deutsche-hochschule\/<\/a><\/p>\n<p>Due set di modelli ti offrono l\u2019opportunit\u00e0 di familiarizzare con la struttura dell\u2019esame tramite test a campione. Questi possono essere trovati nei seguenti link:<\/p>\n<p><a href=\"http:\/\/www.testdaf.de\/fuer-teilnehmende\/vorbereitung\/modellsaetze\/modellsatz-02\/\" target=\"_blank\" rel=\"noopener noreferrer\">http:\/\/www.testdaf.de\/fuer-teilnehmende\/vorbereitung\/modellsaetze\/modellsatz-02\/<\/a><\/p>\n","protected":false},"excerpt":{"rendered":"<p>Corsi di preparazione al TestDaF a Monaco di Baviera Vuoi superare il TestDaF e hai bisogno di un corso di preparazione all&#8217;esame efficace? In questa pagina troverai tutte le informazioni sui corsi, i prezzi e le date di inizio dei nostri corsi di preparazione. Che cos&#8217;\u00e8 TestDaF? TestDaF \u00e8 un test linguistico per studenti di&hellip; <a class=\"read-more\" href=\"https:\/\/www.sprachschule-aktiv-muenchen.de\/it\/corsi-di-preparazione-al-testdaf-a-monaco-di-baviera\/\" title=\"Read Corsi di preparazione al TestDaF a Monaco di Baviera\">Read more &raquo;<\/a><\/p>\n","protected":false},"author":2,"featured_media":0,"parent":0,"menu_order":0,"comment_status":"closed","ping_status":"closed","template":"","meta":{"footnotes":""},"class_list":["post-51901","page","type-page","status-publish","hentry"],"yoast_head":"<!-- This site is optimized with the Yoast SEO plugin v27.1.1 - https:\/\/yoast.com\/product\/yoast-seo-wordpress\/ -->\n<title>Corsi di preparazione al TestDaF a Monaco di Baviera<\/title>\n<meta name=\"description\" content=\"TestDaF a Monaco: preparazione ottimale ed efficace per l&#039;esame TestDaF. Piccoli gruppi, insegnanti esperti, date degli esami, prezzi, informazioni.\" \/>\n<meta name=\"robots\" content=\"index, follow, max-snippet:-1, max-image-preview:large, max-video-preview:-1\" \/>\n<link rel=\"canonical\" href=\"https:\/\/www.sprachschule-aktiv-muenchen.de\/it\/corsi-di-preparazione-al-testdaf-a-monaco-di-baviera\/\" \/>\n<meta property=\"og:locale\" content=\"it_IT\" \/>\n<meta property=\"og:type\" content=\"article\" \/>\n<meta property=\"og:title\" content=\"Corsi di preparazione al TestDaF a Monaco di Baviera\" \/>\n<meta property=\"og:description\" content=\"TestDaF a Monaco: preparazione ottimale ed efficace per l&#039;esame TestDaF. Piccoli gruppi, insegnanti esperti, date degli esami, prezzi, informazioni.\" \/>\n<meta property=\"og:url\" content=\"https:\/\/www.sprachschule-aktiv-muenchen.de\/it\/corsi-di-preparazione-al-testdaf-a-monaco-di-baviera\/\" \/>\n<meta property=\"og:site_name\" content=\"Sprachschule Aktiv\" \/>\n<meta property=\"article:modified_time\" content=\"2024-11-12T12:03:41+00:00\" \/>\n<meta property=\"og:image\" content=\"https:\/\/www.sprachschule-aktiv-muenchen.de\/wp-content\/uploads\/2019\/09\/richiesta-rapida.png\" \/>\n<meta name=\"twitter:card\" content=\"summary_large_image\" \/>\n<meta name=\"twitter:label1\" content=\"Tempo di lettura stimato\" \/>\n\t<meta name=\"twitter:data1\" content=\"5 minuti\" \/>\n<script type=\"application\/ld+json\" class=\"yoast-schema-graph\">{\"@context\":\"https:\/\/schema.org\",\"@graph\":[{\"@type\":\"WebPage\",\"@id\":\"https:\/\/www.sprachschule-aktiv-muenchen.de\/it\/corsi-di-preparazione-al-testdaf-a-monaco-di-baviera\/\",\"url\":\"https:\/\/www.sprachschule-aktiv-muenchen.de\/it\/corsi-di-preparazione-al-testdaf-a-monaco-di-baviera\/\",\"name\":\"Corsi di preparazione al TestDaF a Monaco di Baviera\",\"isPartOf\":{\"@id\":\"https:\/\/www.sprachschule-aktiv-muenchen.de\/#website\"},\"primaryImageOfPage\":{\"@id\":\"https:\/\/www.sprachschule-aktiv-muenchen.de\/it\/corsi-di-preparazione-al-testdaf-a-monaco-di-baviera\/#primaryimage\"},\"image\":{\"@id\":\"https:\/\/www.sprachschule-aktiv-muenchen.de\/it\/corsi-di-preparazione-al-testdaf-a-monaco-di-baviera\/#primaryimage\"},\"thumbnailUrl\":\"https:\/\/www.sprachschule-aktiv-muenchen.de\/wp-content\/uploads\/2019\/09\/richiesta-rapida.png\",\"datePublished\":\"2019-09-09T04:26:15+00:00\",\"dateModified\":\"2024-11-12T12:03:41+00:00\",\"description\":\"TestDaF a Monaco: preparazione ottimale ed efficace per l'esame TestDaF. Piccoli gruppi, insegnanti esperti, date degli esami, prezzi, informazioni.\",\"breadcrumb\":{\"@id\":\"https:\/\/www.sprachschule-aktiv-muenchen.de\/it\/corsi-di-preparazione-al-testdaf-a-monaco-di-baviera\/#breadcrumb\"},\"inLanguage\":\"it-IT\",\"potentialAction\":[{\"@type\":\"ReadAction\",\"target\":[\"https:\/\/www.sprachschule-aktiv-muenchen.de\/it\/corsi-di-preparazione-al-testdaf-a-monaco-di-baviera\/\"]}]},{\"@type\":\"ImageObject\",\"inLanguage\":\"it-IT\",\"@id\":\"https:\/\/www.sprachschule-aktiv-muenchen.de\/it\/corsi-di-preparazione-al-testdaf-a-monaco-di-baviera\/#primaryimage\",\"url\":\"https:\/\/www.sprachschule-aktiv-muenchen.de\/wp-content\/uploads\/2019\/09\/richiesta-rapida.png\",\"contentUrl\":\"https:\/\/www.sprachschule-aktiv-muenchen.de\/wp-content\/uploads\/2019\/09\/richiesta-rapida.png\"},{\"@type\":\"BreadcrumbList\",\"@id\":\"https:\/\/www.sprachschule-aktiv-muenchen.de\/it\/corsi-di-preparazione-al-testdaf-a-monaco-di-baviera\/#breadcrumb\",\"itemListElement\":[{\"@type\":\"ListItem\",\"position\":1,\"name\":\"Portada\",\"item\":\"https:\/\/www.sprachschule-aktiv-muenchen.de\/it\/\"},{\"@type\":\"ListItem\",\"position\":2,\"name\":\"Corsi di preparazione al TestDaF a Monaco di Baviera\"}]},{\"@type\":\"WebSite\",\"@id\":\"https:\/\/www.sprachschule-aktiv-muenchen.de\/#website\",\"url\":\"https:\/\/www.sprachschule-aktiv-muenchen.de\/\",\"name\":\"Sprachschule Aktiv\",\"description\":\"\",\"potentialAction\":[{\"@type\":\"SearchAction\",\"target\":{\"@type\":\"EntryPoint\",\"urlTemplate\":\"https:\/\/www.sprachschule-aktiv-muenchen.de\/?s={search_term_string}\"},\"query-input\":{\"@type\":\"PropertyValueSpecification\",\"valueRequired\":true,\"valueName\":\"search_term_string\"}}],\"inLanguage\":\"it-IT\"}]}<\/script>\n<!-- \/ Yoast SEO plugin. -->","yoast_head_json":{"title":"Corsi di preparazione al TestDaF a Monaco di Baviera","description":"TestDaF a Monaco: preparazione ottimale ed efficace per l'esame TestDaF. Piccoli gruppi, insegnanti esperti, date degli esami, prezzi, informazioni.","robots":{"index":"index","follow":"follow","max-snippet":"max-snippet:-1","max-image-preview":"max-image-preview:large","max-video-preview":"max-video-preview:-1"},"canonical":"https:\/\/www.sprachschule-aktiv-muenchen.de\/it\/corsi-di-preparazione-al-testdaf-a-monaco-di-baviera\/","og_locale":"it_IT","og_type":"article","og_title":"Corsi di preparazione al TestDaF a Monaco di Baviera","og_description":"TestDaF a Monaco: preparazione ottimale ed efficace per l'esame TestDaF. Piccoli gruppi, insegnanti esperti, date degli esami, prezzi, informazioni.","og_url":"https:\/\/www.sprachschule-aktiv-muenchen.de\/it\/corsi-di-preparazione-al-testdaf-a-monaco-di-baviera\/","og_site_name":"Sprachschule Aktiv","article_modified_time":"2024-11-12T12:03:41+00:00","og_image":[{"url":"https:\/\/www.sprachschule-aktiv-muenchen.de\/wp-content\/uploads\/2019\/09\/richiesta-rapida.png","type":"","width":"","height":""}],"twitter_card":"summary_large_image","twitter_misc":{"Tempo di lettura stimato":"5 minuti"},"schema":{"@context":"https:\/\/schema.org","@graph":[{"@type":"WebPage","@id":"https:\/\/www.sprachschule-aktiv-muenchen.de\/it\/corsi-di-preparazione-al-testdaf-a-monaco-di-baviera\/","url":"https:\/\/www.sprachschule-aktiv-muenchen.de\/it\/corsi-di-preparazione-al-testdaf-a-monaco-di-baviera\/","name":"Corsi di preparazione al TestDaF a Monaco di Baviera","isPartOf":{"@id":"https:\/\/www.sprachschule-aktiv-muenchen.de\/#website"},"primaryImageOfPage":{"@id":"https:\/\/www.sprachschule-aktiv-muenchen.de\/it\/corsi-di-preparazione-al-testdaf-a-monaco-di-baviera\/#primaryimage"},"image":{"@id":"https:\/\/www.sprachschule-aktiv-muenchen.de\/it\/corsi-di-preparazione-al-testdaf-a-monaco-di-baviera\/#primaryimage"},"thumbnailUrl":"https:\/\/www.sprachschule-aktiv-muenchen.de\/wp-content\/uploads\/2019\/09\/richiesta-rapida.png","datePublished":"2019-09-09T04:26:15+00:00","dateModified":"2024-11-12T12:03:41+00:00","description":"TestDaF a Monaco: preparazione ottimale ed efficace per l'esame TestDaF. Piccoli gruppi, insegnanti esperti, date degli esami, prezzi, informazioni.","breadcrumb":{"@id":"https:\/\/www.sprachschule-aktiv-muenchen.de\/it\/corsi-di-preparazione-al-testdaf-a-monaco-di-baviera\/#breadcrumb"},"inLanguage":"it-IT","potentialAction":[{"@type":"ReadAction","target":["https:\/\/www.sprachschule-aktiv-muenchen.de\/it\/corsi-di-preparazione-al-testdaf-a-monaco-di-baviera\/"]}]},{"@type":"ImageObject","inLanguage":"it-IT","@id":"https:\/\/www.sprachschule-aktiv-muenchen.de\/it\/corsi-di-preparazione-al-testdaf-a-monaco-di-baviera\/#primaryimage","url":"https:\/\/www.sprachschule-aktiv-muenchen.de\/wp-content\/uploads\/2019\/09\/richiesta-rapida.png","contentUrl":"https:\/\/www.sprachschule-aktiv-muenchen.de\/wp-content\/uploads\/2019\/09\/richiesta-rapida.png"},{"@type":"BreadcrumbList","@id":"https:\/\/www.sprachschule-aktiv-muenchen.de\/it\/corsi-di-preparazione-al-testdaf-a-monaco-di-baviera\/#breadcrumb","itemListElement":[{"@type":"ListItem","position":1,"name":"Portada","item":"https:\/\/www.sprachschule-aktiv-muenchen.de\/it\/"},{"@type":"ListItem","position":2,"name":"Corsi di preparazione al TestDaF a Monaco di Baviera"}]},{"@type":"WebSite","@id":"https:\/\/www.sprachschule-aktiv-muenchen.de\/#website","url":"https:\/\/www.sprachschule-aktiv-muenchen.de\/","name":"Sprachschule Aktiv","description":"","potentialAction":[{"@type":"SearchAction","target":{"@type":"EntryPoint","urlTemplate":"https:\/\/www.sprachschule-aktiv-muenchen.de\/?s={search_term_string}"},"query-input":{"@type":"PropertyValueSpecification","valueRequired":true,"valueName":"search_term_string"}}],"inLanguage":"it-IT"}]}},"_links":{"self":[{"href":"https:\/\/www.sprachschule-aktiv-muenchen.de\/it\/wp-json\/wp\/v2\/pages\/51901","targetHints":{"allow":["GET"]}}],"collection":[{"href":"https:\/\/www.sprachschule-aktiv-muenchen.de\/it\/wp-json\/wp\/v2\/pages"}],"about":[{"href":"https:\/\/www.sprachschule-aktiv-muenchen.de\/it\/wp-json\/wp\/v2\/types\/page"}],"author":[{"embeddable":true,"href":"https:\/\/www.sprachschule-aktiv-muenchen.de\/it\/wp-json\/wp\/v2\/users\/2"}],"replies":[{"embeddable":true,"href":"https:\/\/www.sprachschule-aktiv-muenchen.de\/it\/wp-json\/wp\/v2\/comments?post=51901"}],"version-history":[{"count":9,"href":"https:\/\/www.sprachschule-aktiv-muenchen.de\/it\/wp-json\/wp\/v2\/pages\/51901\/revisions"}],"predecessor-version":[{"id":78893,"href":"https:\/\/www.sprachschule-aktiv-muenchen.de\/it\/wp-json\/wp\/v2\/pages\/51901\/revisions\/78893"}],"wp:attachment":[{"href":"https:\/\/www.sprachschule-aktiv-muenchen.de\/it\/wp-json\/wp\/v2\/media?parent=51901"}],"curies":[{"name":"wp","href":"https:\/\/api.w.org\/{rel}","templated":true}]}}