{"id":51867,"date":"2019-09-08T06:59:59","date_gmt":"2019-09-08T04:59:59","guid":{"rendered":"https:\/\/www.sprachschule-aktiv-muenchen.de\/?page_id=51867"},"modified":"2019-12-07T07:44:34","modified_gmt":"2019-12-07T06:44:34","slug":"imparare-il-tedesco-in-germania","status":"publish","type":"page","link":"https:\/\/www.sprachschule-aktiv-muenchen.de\/it\/imparare-il-tedesco-in-germania\/","title":{"rendered":"Imparare il tedesco in Germania"},"content":{"rendered":"<h1>Imparare il tedesco in Germania &#8211; Tutte le informazioni<\/h1>\n<p><iframe width=\"560\" height=\"315\" src=\"https:\/\/www.youtube.com\/embed\/wICUuRyLBnI\" frameborder=\"0\" allow=\"accelerometer; autoplay; encrypted-media; gyroscope; picture-in-picture\" allowfullscreen><\/iframe><br \/>\n<iframe width=\"560\" height=\"315\" src=\"https:\/\/www.youtube.com\/embed\/8Xz6f9vbIRQ\" frameborder=\"0\" allow=\"accelerometer; autoplay; encrypted-media; gyroscope; picture-in-picture\" allowfullscreen><\/iframe><br \/>\nDove si pu\u00f2 imparare bene e a buon mercato in Germania? Se volete imparare la lingua tedesca in Germania, ci sono diverse possibilit\u00e0. Dovreste scegliere la vostra scuola di lingua in base alle vostre esigenze e capacit\u00e0 individuali. Alcuni corsi progrediscono molto lentamente. Se devi imparare il tedesco in un breve periodo di tempo, \u00e8 meglio scegliere un corso intensivo. Quando si sceglie una scuola di lingua, non contano solo i corsi, ma anche la supervisione. Per gli insegnanti \u00e8 importante che siano madrelingua. Il supporto dovrebbe essere disponibile almeno durante il normale orario di lavoro, in modo da poter sempre contattare il personale in caso di problemi. Anche il prezzo gioca un ruolo importante. Ci sono grandi differenze tra le diverse scuole. Qui troverete tutte le informazioni di cui avete bisogno: Imparare il tedesco in Germania &#8211; Corsi di tedesco a buon mercato &#8211; Prezzi, date, costi.<\/p>\n<img decoding=\"async\" class=\"alignnone size-full wp-image-51868\" src=\"https:\/\/www.sprachschule-aktiv-muenchen.de\/wp-content\/uploads\/2019\/09\/imparare-il-tedesco-in-germania.jpg\" alt=\"Imparare il tedesco in Germania\" width=\"500\" height=\"281\" srcset=\"https:\/\/www.sprachschule-aktiv-muenchen.de\/wp-content\/uploads\/2019\/09\/imparare-il-tedesco-in-germania.jpg 500w, https:\/\/www.sprachschule-aktiv-muenchen.de\/wp-content\/uploads\/2019\/09\/imparare-il-tedesco-in-germania-300x169.jpg 300w\" sizes=\"(max-width: 500px) 100vw, 500px\" \/>\n<h2>Elenco di controllo: impara il tedesco in Germania<\/h2>\n<a href=\"https:\/\/www.sprachschule-aktiv-muenchen.de\/it\/contatto\/\"><img decoding=\"async\" class=\"alignnone wp-image-51804 size-full\" src=\"https:\/\/www.sprachschule-aktiv-muenchen.de\/wp-content\/uploads\/2019\/09\/richiesta-rapida-1.png\" alt=\"Richiesta rapida\" width=\"284\" height=\"72\" srcset=\"https:\/\/www.sprachschule-aktiv-muenchen.de\/wp-content\/uploads\/2019\/09\/richiesta-rapida-1.png 284w, https:\/\/www.sprachschule-aktiv-muenchen.de\/wp-content\/uploads\/2019\/09\/richiesta-rapida-1-283x72.png 283w\" sizes=\"(max-width: 284px) 100vw, 284px\" \/><\/a>\n<p><strong>Questi link possono aiutarti:<\/strong><\/p>\n<ul>\n<li><a href=\"https:\/\/www.sprachschule-aktiv-muenchen.de\/it\/studio-in-germania\/\">Studio in Germania<\/a><\/li>\n<li><a href=\"https:\/\/www.sprachschule-aktiv-muenchen.de\/it\/registrarsi-a-monaco\/\">Registrarsi a Monaco di Baviera<\/a><\/li>\n<li><a href=\"https:\/\/www.sprachschule-aktiv-muenchen.de\/it\/studio-impiego-in-germania\/\">Lavorare e imparare il tedesco a Monaco<\/a><\/li>\n<li><a href=\"https:\/\/www.sprachschule-aktiv-muenchen.de\/it\/studio-in-germaniaassicurazione-sanitaria-per-studenti-in-germania\/\">Assicurazione sanitaria per studenti in Germania<\/a><\/li>\n<li><a href=\"https:\/\/www.sprachschule-aktiv-muenchen.de\/it\/tirocini-in-germania\/\">Tirocinio per stranieri<\/a><\/li>\n<li><a href=\"https:\/\/www.sprachschule-aktiv-muenchen.de\/it\/monaco-di-baviera\/\">Monaco di Baviera<\/a><\/li>\n<li><a href=\"https:\/\/www.sprachschule-aktiv-muenchen.de\/it\/test-di-tedesco\/\">Test di tedesco<\/a><\/li>\n<\/ul>\n<h2>Scuole di lingua private per corsi di tedesco in Germania<\/h2>\n<p><iframe src=\"https:\/\/www.youtube.com\/embed\/60V55dRmBMk\" width=\"560\" height=\"315\" frameborder=\"0\" allowfullscreen=\"allowfullscreen\"><\/iframe><br \/>\nIn molte citt\u00e0 in Germania, Austria e Svizzera ci sono scuole di lingua private. Queste scuole offrono una formazione linguistica di alta qualit\u00e0. Le lezioni si svolgono in piccoli gruppi. I diversi livelli linguistici soddisfano tutte le esigenze degli studenti.\u00a0 Spesso c&#8217;\u00e8 un test d&#8217;ingresso gratuito che li assegna al corso giusto. Una buona scuola di lingua in Germania, che ha i vantaggi menzionati, \u00e8 la <a href=\"https:\/\/sprachschule-aktiv.de\/\" target=\"_blank\" rel=\"noopener noreferrer\">Sprachschule Aktiv<\/a>. Si trovano a <a href=\"https:\/\/www.sprachschule-aktiv-muenchen.de\/it\/\">Monaco di Baviera<\/a>, <a href=\"http:\/\/sprachschule-aktiv.de\/freising\/\" target=\"_blank\" rel=\"noopener noreferrer\">Frisinga<\/a>, <a href=\"http:\/\/sprachschule-aktiv.de\/berlin\/\">Berlino<\/a>, <a href=\"https:\/\/www.sprachschule-aktiv.de\/ingolstadt\/\">Ingolstadt<\/a>, <a href=\"https:\/\/www.sprachschule-aktiv.de\/frankfurt\/deutschkurse\/\" target=\"_blank\" rel=\"noopener noreferrer\">Francoforte<\/a>, <a href=\"https:\/\/www.sprachschule-aktiv-regensburg.de\/\" target=\"_blank\" rel=\"noopener noreferrer\">Ratisbona<\/a>, <a href=\"https:\/\/www.sprachschule-aktiv.de\/stuttgart\/deutsch-lernen\/\" target=\"_blank\" rel=\"noopener noreferrer\">Stoccarda<\/a>, <a href=\"https:\/\/www.sprachschule-aktiv-hamburg.de\/deutsch-lernen\/\" target=\"_blank\" rel=\"noopener noreferrer\">Amburgo<\/a>, <a href=\"https:\/\/www.sprachschule-aktiv-fuerth.de\/\" target=\"_blank\" rel=\"noopener noreferrer\">F\u00fcrth<\/a>, <a href=\"https:\/\/www.sprachschule-aktiv.de\/augsburg\/\" target=\"_blank\" rel=\"noopener noreferrer\">Augsburg<\/a>, <a href=\"https:\/\/www.sprachschule-aktiv.de\/nuernberg\/deutsch-lernen\/\" target=\"_blank\" rel=\"noopener noreferrer\">Norimberga<\/a> e <a href=\"https:\/\/www.sprachschule-aktiv-duesseldorf.de\/deutsch-lernen\/\" target=\"_blank\" rel=\"noopener noreferrer\">Dusseldorf<\/a>. Oltre alle citt\u00e0 tedesche di cui sopra, \u00e8 possibile frequentare un corso di tedesco presso la Sprachschule Aktiv in Austria (Vienna) e in Svizzera (Winterthur e Zurigo). Un corso intensivo a Monaco di Baviera presso la suddetta scuola costa 279 euro per quattro settimane. Le lezioni si svolgono dal luned\u00ec al venerd\u00ec.<\/p>\n<h2>Istituti Goethe<\/h2>\n<p>Chi vuole imparare il tedesco spesso pensa prima di tutto al <a href=\"https:\/\/www.goethe.de\/de\/index.html\">Goethe Institute<\/a>. Anche se questa istituzione \u00e8 ben nota, pu\u00f2 essere raccomandata solo in misura limitata per un corso di lingua. Prima di tutto, i corsi sono molto costosi. Inoltre, i corsi sono rivolti principalmente ai dipendenti di aziende e organizzazioni.<\/p>\n<h2>Imparare il tedesco nelle universit\u00e0 e nelle scuole universitarie professionali<\/h2>\n<p>Questi corsi sono rivolti principalmente a studenti che hanno bisogno di un esame di lingua tedesca per la loro materia. Per partecipare al corso \u00e8 necessario iscriversi alla materia di interesse. I corsi di solito accompagnano il semestre. Il numero di ore di solito \u00e8 di due ore alla settimana. Di solito non ci sono corsi intensivi. I corsi sono spesso rivolti a studenti con precedenti esperienze.<\/p>\n<h2>Imparare il tedesco in un centro di educazione per adulti<\/h2>\n<p>Ci sono <a href=\"https:\/\/www.berlin.de\/vhs\/kurse\/\" target=\"_blank\" rel=\"noopener noreferrer\">centri di educazione per adulti<\/a> in quasi tutte le citt\u00e0 della Germania. I corsi di tedesco di questa istituzione sono ben noti e molti partecipanti ai corsi di tedesco iniziano alla Volkshochschule. Chi vuole imparare rapidamente il tedesco si trova nel posto sbagliato in un centro di formazione per adulti. I partecipanti al corso utilizzano il loro tempo libero per imparare il tedesco. Di conseguenza, il percorso procede lentamente. I centri di formazione per adulti si basano sulle vacanze scolastiche dei rispettivi stati federali. Ci\u00f2 significa che non ci sono lezioni dodici settimane all&#8217;anno. Un altro problema sono i gruppi di apprendimento. I partecipanti vengono al corso con le pi\u00f9 svariate esigenze. Questo \u00e8 di solito il motivo per cui il livello di prestazioni non \u00e8 molto elevato, il che rallenta ulteriormente i progressi.<\/p>\n<h2>Trovare corsi di tedesco a buon mercato in Germania<\/h2>\n<p>Prenditi il tuo tempo e confronta i prezzi e le offerte. Ci sono diversi portali di confronto prezzi come Idealo o Sprachlehrer Aktiv. Troverete corsi di tedesco a prezzi ragionevoli a partire da 279 \u20ac al mese (4 settimane di corso di tedesco dal luned\u00ec al venerd\u00ec dalle 9:00 alle 12:00) per esempio ad <a href=\"https:\/\/sprachschule-aktiv.de\/deutsch-sprachschulen-deutschland\/\">Amburgo, Augsburg o Stoccarda.<\/a><\/p>\n<h2>Conclusione &#8211; Imparare il tedesco in Germania<\/h2>\n<p>I centri di istruzione per adulti sono economici, ma la qualit\u00e0 dell&#8217;insegnamento e la velocit\u00e0 di apprendimento non sono molto elevate.\u00a0 Gli Istituti Goethe e le universit\u00e0 hanno un alto livello, ma i corsi sono costosi o solo per gli studenti della rispettiva materia. Un buon compromesso \u00e8 la scuola di lingue Aktiv. Combina buoni prezzi con l&#8217;alta qualit\u00e0.<\/p>\n","protected":false},"excerpt":{"rendered":"<p>Imparare il tedesco in Germania &#8211; Tutte le informazioni Dove si pu\u00f2 imparare bene e a buon mercato in Germania? Se volete imparare la lingua tedesca in Germania, ci sono diverse possibilit\u00e0. Dovreste scegliere la vostra scuola di lingua in base alle vostre esigenze e capacit\u00e0 individuali. Alcuni corsi progrediscono molto lentamente. Se devi imparare&hellip; <a class=\"read-more\" href=\"https:\/\/www.sprachschule-aktiv-muenchen.de\/it\/imparare-il-tedesco-in-germania\/\" title=\"Read Imparare il tedesco in Germania\">Read more &raquo;<\/a><\/p>\n","protected":false},"author":2,"featured_media":0,"parent":0,"menu_order":0,"comment_status":"closed","ping_status":"closed","template":"","meta":{"footnotes":""},"class_list":["post-51867","page","type-page","status-publish","hentry"],"yoast_head":"<!-- This site is optimized with the Yoast SEO plugin v27.1.1 - https:\/\/yoast.com\/product\/yoast-seo-wordpress\/ -->\n<title>Imparare il tedesco in Germania - Tutte le informazioni<\/title>\n<meta name=\"description\" content=\"Impara il tedesco in Germania. Tutte le informazioni Prezzi dei corsi di tedesco, alloggi per studenti e scuole di lingua in Germania.\" \/>\n<meta name=\"robots\" content=\"index, follow, max-snippet:-1, max-image-preview:large, max-video-preview:-1\" \/>\n<link rel=\"canonical\" href=\"https:\/\/www.sprachschule-aktiv-muenchen.de\/it\/imparare-il-tedesco-in-germania\/\" \/>\n<meta property=\"og:locale\" content=\"it_IT\" \/>\n<meta property=\"og:type\" content=\"article\" \/>\n<meta property=\"og:title\" content=\"Imparare il tedesco in Germania - Tutte le informazioni\" \/>\n<meta property=\"og:description\" content=\"Impara il tedesco in Germania. Tutte le informazioni Prezzi dei corsi di tedesco, alloggi per studenti e scuole di lingua in Germania.\" \/>\n<meta property=\"og:url\" content=\"https:\/\/www.sprachschule-aktiv-muenchen.de\/it\/imparare-il-tedesco-in-germania\/\" \/>\n<meta property=\"og:site_name\" content=\"Sprachschule Aktiv\" \/>\n<meta property=\"article:modified_time\" content=\"2019-12-07T06:44:34+00:00\" \/>\n<meta property=\"og:image\" content=\"https:\/\/www.sprachschule-aktiv-muenchen.de\/wp-content\/uploads\/2019\/09\/imparare-il-tedesco-in-germania.jpg\" \/>\n<meta name=\"twitter:card\" content=\"summary_large_image\" \/>\n<meta name=\"twitter:label1\" content=\"Tempo di lettura stimato\" \/>\n\t<meta name=\"twitter:data1\" content=\"4 minuti\" \/>\n<script type=\"application\/ld+json\" class=\"yoast-schema-graph\">{\"@context\":\"https:\/\/schema.org\",\"@graph\":[{\"@type\":\"WebPage\",\"@id\":\"https:\/\/www.sprachschule-aktiv-muenchen.de\/it\/imparare-il-tedesco-in-germania\/\",\"url\":\"https:\/\/www.sprachschule-aktiv-muenchen.de\/it\/imparare-il-tedesco-in-germania\/\",\"name\":\"Imparare il tedesco in Germania - Tutte le informazioni\",\"isPartOf\":{\"@id\":\"https:\/\/www.sprachschule-aktiv-muenchen.de\/#website\"},\"primaryImageOfPage\":{\"@id\":\"https:\/\/www.sprachschule-aktiv-muenchen.de\/it\/imparare-il-tedesco-in-germania\/#primaryimage\"},\"image\":{\"@id\":\"https:\/\/www.sprachschule-aktiv-muenchen.de\/it\/imparare-il-tedesco-in-germania\/#primaryimage\"},\"thumbnailUrl\":\"https:\/\/www.sprachschule-aktiv-muenchen.de\/wp-content\/uploads\/2019\/09\/imparare-il-tedesco-in-germania.jpg\",\"datePublished\":\"2019-09-08T04:59:59+00:00\",\"dateModified\":\"2019-12-07T06:44:34+00:00\",\"description\":\"Impara il tedesco in Germania. Tutte le informazioni Prezzi dei corsi di tedesco, alloggi per studenti e scuole di lingua in Germania.\",\"breadcrumb\":{\"@id\":\"https:\/\/www.sprachschule-aktiv-muenchen.de\/it\/imparare-il-tedesco-in-germania\/#breadcrumb\"},\"inLanguage\":\"it-IT\",\"potentialAction\":[{\"@type\":\"ReadAction\",\"target\":[\"https:\/\/www.sprachschule-aktiv-muenchen.de\/it\/imparare-il-tedesco-in-germania\/\"]}]},{\"@type\":\"ImageObject\",\"inLanguage\":\"it-IT\",\"@id\":\"https:\/\/www.sprachschule-aktiv-muenchen.de\/it\/imparare-il-tedesco-in-germania\/#primaryimage\",\"url\":\"https:\/\/www.sprachschule-aktiv-muenchen.de\/wp-content\/uploads\/2019\/09\/imparare-il-tedesco-in-germania.jpg\",\"contentUrl\":\"https:\/\/www.sprachschule-aktiv-muenchen.de\/wp-content\/uploads\/2019\/09\/imparare-il-tedesco-in-germania.jpg\"},{\"@type\":\"BreadcrumbList\",\"@id\":\"https:\/\/www.sprachschule-aktiv-muenchen.de\/it\/imparare-il-tedesco-in-germania\/#breadcrumb\",\"itemListElement\":[{\"@type\":\"ListItem\",\"position\":1,\"name\":\"Portada\",\"item\":\"https:\/\/www.sprachschule-aktiv-muenchen.de\/it\/\"},{\"@type\":\"ListItem\",\"position\":2,\"name\":\"Imparare il tedesco in Germania\"}]},{\"@type\":\"WebSite\",\"@id\":\"https:\/\/www.sprachschule-aktiv-muenchen.de\/#website\",\"url\":\"https:\/\/www.sprachschule-aktiv-muenchen.de\/\",\"name\":\"Sprachschule Aktiv\",\"description\":\"\",\"potentialAction\":[{\"@type\":\"SearchAction\",\"target\":{\"@type\":\"EntryPoint\",\"urlTemplate\":\"https:\/\/www.sprachschule-aktiv-muenchen.de\/?s={search_term_string}\"},\"query-input\":{\"@type\":\"PropertyValueSpecification\",\"valueRequired\":true,\"valueName\":\"search_term_string\"}}],\"inLanguage\":\"it-IT\"}]}<\/script>\n<!-- \/ Yoast SEO plugin. -->","yoast_head_json":{"title":"Imparare il tedesco in Germania - Tutte le informazioni","description":"Impara il tedesco in Germania. Tutte le informazioni Prezzi dei corsi di tedesco, alloggi per studenti e scuole di lingua in Germania.","robots":{"index":"index","follow":"follow","max-snippet":"max-snippet:-1","max-image-preview":"max-image-preview:large","max-video-preview":"max-video-preview:-1"},"canonical":"https:\/\/www.sprachschule-aktiv-muenchen.de\/it\/imparare-il-tedesco-in-germania\/","og_locale":"it_IT","og_type":"article","og_title":"Imparare il tedesco in Germania - Tutte le informazioni","og_description":"Impara il tedesco in Germania. Tutte le informazioni Prezzi dei corsi di tedesco, alloggi per studenti e scuole di lingua in Germania.","og_url":"https:\/\/www.sprachschule-aktiv-muenchen.de\/it\/imparare-il-tedesco-in-germania\/","og_site_name":"Sprachschule Aktiv","article_modified_time":"2019-12-07T06:44:34+00:00","og_image":[{"url":"https:\/\/www.sprachschule-aktiv-muenchen.de\/wp-content\/uploads\/2019\/09\/imparare-il-tedesco-in-germania.jpg","type":"","width":"","height":""}],"twitter_card":"summary_large_image","twitter_misc":{"Tempo di lettura stimato":"4 minuti"},"schema":{"@context":"https:\/\/schema.org","@graph":[{"@type":"WebPage","@id":"https:\/\/www.sprachschule-aktiv-muenchen.de\/it\/imparare-il-tedesco-in-germania\/","url":"https:\/\/www.sprachschule-aktiv-muenchen.de\/it\/imparare-il-tedesco-in-germania\/","name":"Imparare il tedesco in Germania - Tutte le informazioni","isPartOf":{"@id":"https:\/\/www.sprachschule-aktiv-muenchen.de\/#website"},"primaryImageOfPage":{"@id":"https:\/\/www.sprachschule-aktiv-muenchen.de\/it\/imparare-il-tedesco-in-germania\/#primaryimage"},"image":{"@id":"https:\/\/www.sprachschule-aktiv-muenchen.de\/it\/imparare-il-tedesco-in-germania\/#primaryimage"},"thumbnailUrl":"https:\/\/www.sprachschule-aktiv-muenchen.de\/wp-content\/uploads\/2019\/09\/imparare-il-tedesco-in-germania.jpg","datePublished":"2019-09-08T04:59:59+00:00","dateModified":"2019-12-07T06:44:34+00:00","description":"Impara il tedesco in Germania. Tutte le informazioni Prezzi dei corsi di tedesco, alloggi per studenti e scuole di lingua in Germania.","breadcrumb":{"@id":"https:\/\/www.sprachschule-aktiv-muenchen.de\/it\/imparare-il-tedesco-in-germania\/#breadcrumb"},"inLanguage":"it-IT","potentialAction":[{"@type":"ReadAction","target":["https:\/\/www.sprachschule-aktiv-muenchen.de\/it\/imparare-il-tedesco-in-germania\/"]}]},{"@type":"ImageObject","inLanguage":"it-IT","@id":"https:\/\/www.sprachschule-aktiv-muenchen.de\/it\/imparare-il-tedesco-in-germania\/#primaryimage","url":"https:\/\/www.sprachschule-aktiv-muenchen.de\/wp-content\/uploads\/2019\/09\/imparare-il-tedesco-in-germania.jpg","contentUrl":"https:\/\/www.sprachschule-aktiv-muenchen.de\/wp-content\/uploads\/2019\/09\/imparare-il-tedesco-in-germania.jpg"},{"@type":"BreadcrumbList","@id":"https:\/\/www.sprachschule-aktiv-muenchen.de\/it\/imparare-il-tedesco-in-germania\/#breadcrumb","itemListElement":[{"@type":"ListItem","position":1,"name":"Portada","item":"https:\/\/www.sprachschule-aktiv-muenchen.de\/it\/"},{"@type":"ListItem","position":2,"name":"Imparare il tedesco in Germania"}]},{"@type":"WebSite","@id":"https:\/\/www.sprachschule-aktiv-muenchen.de\/#website","url":"https:\/\/www.sprachschule-aktiv-muenchen.de\/","name":"Sprachschule Aktiv","description":"","potentialAction":[{"@type":"SearchAction","target":{"@type":"EntryPoint","urlTemplate":"https:\/\/www.sprachschule-aktiv-muenchen.de\/?s={search_term_string}"},"query-input":{"@type":"PropertyValueSpecification","valueRequired":true,"valueName":"search_term_string"}}],"inLanguage":"it-IT"}]}},"_links":{"self":[{"href":"https:\/\/www.sprachschule-aktiv-muenchen.de\/it\/wp-json\/wp\/v2\/pages\/51867","targetHints":{"allow":["GET"]}}],"collection":[{"href":"https:\/\/www.sprachschule-aktiv-muenchen.de\/it\/wp-json\/wp\/v2\/pages"}],"about":[{"href":"https:\/\/www.sprachschule-aktiv-muenchen.de\/it\/wp-json\/wp\/v2\/types\/page"}],"author":[{"embeddable":true,"href":"https:\/\/www.sprachschule-aktiv-muenchen.de\/it\/wp-json\/wp\/v2\/users\/2"}],"replies":[{"embeddable":true,"href":"https:\/\/www.sprachschule-aktiv-muenchen.de\/it\/wp-json\/wp\/v2\/comments?post=51867"}],"version-history":[{"count":5,"href":"https:\/\/www.sprachschule-aktiv-muenchen.de\/it\/wp-json\/wp\/v2\/pages\/51867\/revisions"}],"predecessor-version":[{"id":53340,"href":"https:\/\/www.sprachschule-aktiv-muenchen.de\/it\/wp-json\/wp\/v2\/pages\/51867\/revisions\/53340"}],"wp:attachment":[{"href":"https:\/\/www.sprachschule-aktiv-muenchen.de\/it\/wp-json\/wp\/v2\/media?parent=51867"}],"curies":[{"name":"wp","href":"https:\/\/api.w.org\/{rel}","templated":true}]}}