{"id":10580,"date":"2017-02-23T19:43:37","date_gmt":"2017-02-23T18:43:37","guid":{"rendered":"https:\/\/www.sprachschule-aktiv-muenchen.de\/?page_id=10580\/"},"modified":"2021-08-01T08:25:15","modified_gmt":"2021-08-01T06:25:15","slug":"programma-per-il-tempo-libero","status":"publish","type":"page","link":"https:\/\/www.sprachschule-aktiv-muenchen.de\/it\/programma-per-il-tempo-libero\/","title":{"rendered":"Programma per il tempo libero"},"content":{"rendered":"<p>[vc_row css=&#8221;.vc_custom_1487875445339{padding-top: 25px !important;padding-bottom: 30px !important;}&#8221;][vc_column][vc_column_text]<\/p>\n<h1>I programmi per il tempo libero dopo i corsi di tedesco<\/h1>\n<h2>Imparare il tedesco e vivere Monaco<\/h2>\n<p>Offriamo:<\/p>\n<ul>\n<li>Incontri settimanali per i nostri studenti; ogni mese c\u2019\u00e8 un nuovo appuntamento. \u00c8 una buona occasione per conoscere nuovi amici e per imparare il tedesco insieme a studenti internazionali.<\/li>\n<li>Programma culturale dopo i corsi di tedesco: imparate il tedesco attivamente andando a concerti, visitando musei o partecipando ad eventi e a manifestazioni culturali.<\/li>\n<li>Attivit\u00e0 durante il tempo libero: picknick, gite a Monaco e dintorni, feste, corsi di salsa e molto altro!<\/li>\n<\/ul>\n<h2>Vivete Monaco con noi! Dopo le lezioni avrete numerose possibilit\u00e0 per godervi il tempo libero<\/h2>\n<p>Vi aiutiamo a creare contatti con gli altri e a conoscere nuovi amici in un ambiente interculturale. Organizziamo feste con studenti provenienti da tutto il mondo, cos\u00ec da abbattere le barriere linguistiche ed esercitarsi nel capire e parlare, approfondendo le conoscenze apprese in classe.<span class=\"tlid-translation translation\" lang=\"it\"><span class=\"\" title=\"\">Qui troverai informazioni su I programmi per il tempo libero dopo i corsi di tedesco \u2013 Imparare il tedesco e vivere Monaco<\/span><\/span>[\/vc_column_text][\/vc_column][\/vc_row][vc_row full_width=&#8221;stretch_row&#8221; css=&#8221;.vc_custom_1487875539777{padding-top: 25px !important;padding-bottom: 30px !important;background-color: #f9f9f9 !important;}&#8221;][vc_column][vc_row_inner][vc_column_inner width=&#8221;1\/2&#8243;][vc_single_image image=&#8221;10324&#8243; img_size=&#8221;full&#8221; style=&#8221;vc_box_outline&#8221; css=&#8221;.vc_custom_1487876333886{padding-bottom: 10px !important;}&#8221;][\/vc_column_inner][vc_column_inner width=&#8221;1\/2&#8243;][vc_column_text]<\/p>\n<h2>Informazioni sulla citt\u00e0 \u2013 Video e foto \u2013 Vivere Monaco dopo le lezioni<\/h2>\n<p>La capitale bavarese \u00e8 il posto ideale per imparare il tedesco frequentando un corso di tedesco e migliorare le proprie conoscenze linguistiche. Dalla societ\u00e0 sportiva FC Bayern M\u00fcnchen ad aziende come la Siemens e la BMW, Monaco \u00e8 conosciuta in tutto il mondo per la sua importanza economica. La metropoli High-Tech \u00e8 il centro delle industrie televisive ed \u00e8 considerata la capitale mediatica tedesca. La metropoli sull\u2019Isar \u00e8 la citt\u00e0 preferita dai tedeschi, soprattutto per l\u00b4elevata qualit\u00e0 di vita e per la sicurezza. L\u2019atmosfera bavarese si avverte nei ristoranti, nei bar, nelle discoteche, nei musei e negli innumerevoli cinema \u2013 dal teatro allo Stadio olimpico, che ospita i pi\u00f9 grandi eventi musicali. E chi vuole godersi la proverbiale ospitalit\u00e0 bavarese, trova sicuramente i Biergarten uno dei posti pi\u00fa romantici e tradizionali di Monaco. La citt\u00e0 offre quindi molto di pi\u00f9 di qualche corso di tedesco, ed \u00e8 in particolar modo famosa per la festa popolare pi\u00f9 grande del mondo: l\u2019Oktoberfest.[\/vc_column_text][\/vc_column_inner][\/vc_row_inner][vc_column_text]A Monaco e nei dintorni si trovano i pi\u00f9 bei laghi della Germania. Provate a vedere le famose meraviglie della natura bavarese, circondata dalle Alpi, dall\u2019imponente castello di Neuschwanstein, godetevi la vista dalla funivia o andate allo Starnberger See. Fate un giro a Marienplatz dove assisterete allo spettacolo del famoso carillon, il Glockenspiel, e proseguite poi per il mercato delle vettovaglie, il Viktualienmarkt, dove troverete frutta e verdura proveniente da tutto il mondo. Non perdetevi l\u2019Olympiazentrum e il castello di Nymphenburg. Gli oltre 100 musei e pi\u00f9 di 470 monumenti vi garantiscono non solo divertimento ma anche un\u00b4esperienza culturale a 360\u00b0.<\/p>\n<p>Anche la vita notturna, le feste e le manifestazioni a Monaco sono davvero belle: l\u2019Oktoberfest, famosissima in tutto il mondo, il festival Tollwood o altri eventi come feste sul lago, etc. Potete divertirvi e vivere tutto questo a Monaco, sar\u00e0 un\u00b4esperienza indimenticabile.[\/vc_column_text][\/vc_column][\/vc_row][vc_row full_width=&#8221;stretch_row&#8221; css=&#8221;.vc_custom_1487875659874{padding-top: 25px !important;padding-bottom: 30px !important;}&#8221;][vc_column][vc_column_text]<\/p>\n<h2>Noi della Sprachschule Aktiv di Monaco organizziamo attivit\u00e0, incontri e feste culturali e divertenti<\/h2>\n<p>Per imparare la lingua ed esercitare le conoscenze teoriche acquisite durante le lezioni, divertendosi e conoscendo nuove persone. Monaco si trova nel sud-est della Germania, tra l\u2019altopiano delle Alpi di Monaco, ed \u00e8 la capitale della Baviera. Il centro economico e culturale della citt\u00e0 \u00e8 stato costruito nel dodicesimo secolo dai monaci benedettini. Con pi\u00f9 di 1,3 milioni di abitanti, Monaco \u00e8 la terza citt\u00e0 pi\u00f9 grande della Germania, la pi\u00f9 grande citt\u00e0 della Baviera e si estende infatti per pi\u00f9 di 310 km\u00b2.<\/p>\n<p>Monaco \u00e8 famosa soprattutto per l\u2019Oktoberfest ma \u00e8 una citt\u00e0 che bisogna assolutamente visitare, qualunque sia la stagione o il periodo: Marienplatz con il nuovo e il vecchio municipio, Odeonsplatz, il Duomo e la Theatinerkirche, cos\u00ec come la Pinacoteca, sono solo alcune delle tappe di un tour che vi far\u00e0 scoprire e innamorare di questa citt\u00e0. Infatti sono solo i luoghi storici pi\u00f9 importanti. I turisti e gli abitanti della citt\u00e0 amano il giardino inglese, che rappresenta il parco pubblico pi\u00f9 grande d\u2019Europa. Da vedere \u00e8 anche l\u2019Olympiapark; se con il cattivo tempo preferite stare al caldo, vi consigliamo di visitare il Deutsches Museum. La lista di ci\u00f2 che si pu\u00f2 fare a Monaco \u00e8 ancora lunga e le cose da vedere sono ancora tante.<br \/>\n<a href=\"\/it\/corsi-di-tedesco-a-monaco-di-baviera\/\">Qui trovi le nostre offerte dei corsi di tedesco.<\/a><\/p>\n<h2>Monaco di Baviera in breve<\/h2>\n<p>Su Monaco di Baviera: le bellezze artistiche e le pi\u00f9 importanti feste tradizionali, le attrazioni, gli eventi, la rete stradale, i party, etc. riassunte per voi brevemente.<\/p>\n<h2>Rete stradale Monaco di Baviera<\/h2>\n<p>A Monaco abbiamo la fortuna di essere ben collati grazie ai mezzi di trasporto, alla puntualit\u00e0 e alle fasce orarie della metropolitana, dei treni, dei tram e infine dei bus. Basta pensare alla linea metropolitana U6 che raggiunge comodamente per esempio Fr\u00f6ttmaning, dove si trova l\u2019Allianz Arena, ma anche le fermate Universit\u00e4t, M\u00fcnchner Freiheit, Sendlinger Tor e Marienplatz.<\/p>\n<p>In quest\u2019ultima fermata, si pu\u00f2 cambiare e salire su qualsiasi altro treno, per raggiungere subito la Stazione centrale (Hauptbahnof). Qui trovate il link sulla rete metropolitana:<\/p>\n<p><a href=\"http:\/\/www.muenchen.de\/verkehr\/fahrplaene-fahrkarten\/fahrplaene.html\" target=\"_blank\" rel=\"noopener noreferrer\">http:\/\/www.muenchen.de\/verkehr\/fahrplaene-fahrkarten\/fahrplaene.html<\/a>[\/vc_column_text][\/vc_column][\/vc_row][vc_row full_width=&#8221;stretch_row&#8221; css=&#8221;.vc_custom_1487875844266{padding-top: 25px !important;padding-bottom: 30px !important;background-color: #f9f9f9 !important;}&#8221;][vc_column][vc_column_text]<\/p>\n<h2>Eventi e feste tradizionali a Monaco di Baviera<\/h2>\n<p>Durante l\u2019intero anno sia gli abitanti che i visitatori possono godere delle feste popolari: la piccola festa di primavera, Auer Dulten, la festa per la fondazione della citt\u00e0, Magdalenenfest, il famoso Oktoberfest o la festa d\u2019estate ad Olympiapark, con le sue tipiche Grazie, le birre e le specialit\u00e1 che ogni anno attirano migliaia di visitatori. Qui si vive l\u00b4indimenticabile spirito della cultura bavarese.<\/p>\n<p>Per esempio, all\u2019aria aperta nell\u00b4Olympiapark durante le calde serate estive vengono proiettati dei film. Potete godervi qui il vostro film preferito mangiando patatine fritte o popcorn a seconda dei vostri gusti.<\/p>\n<p>Anche Theresienwiese si trasforma per 3 giorni nel continente africano ed \u00e8 possibile avere un gustosissimo assaggio della cultura africana. Non perdetevi la possibilit\u00e0 di farvi viziare dalla tradizione culinaria al bazar e godervi i concerti e gli spettacoli di ballo di quest\u00b4evento.<\/p>\n<p>Se amate la musica, i concerti e l\u00b4estate, non dovreste farvi sfuggire lo Streetlife-Festival che, oltre ad essere un mix perfetto di eventi estivi e musicali, offre anche diverse attivit\u00e0 sportive e creative. \u00c8 un\u2019attrazione estiva che non potete assolutamente farvi scappare!<\/p>\n<h2>Monaco di Baviera in inverno: mercatini di Natale e molto altro<\/h2>\n<p>Dopo questi esempi di eventi estivi, non possono mancare le stupende ed imperdibili attrazioni che Monaco di Baviera offre anche d\u00b4inverno:<\/p>\n<p>Tutti a met\u00e0 Novembre ormai iniziamo a sentire lo spirito natalizio, e chi non ama passeggiare di sera tra le bancarelle dei mercatini di Natale? Esattamente nel centro della citt\u00e0, a Marienplatz, si trova il famoso mercatino di Natale che vi far\u00e0 innamorare per la variet\u00e0 delle 160 bancarelle: artigianato, prelibatezze culinarie, presepi, piatti tipici e tradizionali non solo della Baviera e della Germania, ma anche di altre culture, e molto altro ancora. Perfetto per curiosare e trovare regali di Natale e souvenir.<\/p>\n<h2>Il Festival Tollwood a Monaco di Baviera<\/h2>\n<p>\u201cAnnusa, assaggia\u201d. Il famoso Festival Tollwood si basa su questo principio. Cos\u00ec come in estate, si svolge anche in inverno e ogni anno si basa su un tema diverso.<\/p>\n<p>Tollwood entusiasma con la sua atmosfera multiculturale che raramente si pu\u00f2 vivere in modo cos\u00ec profondo e divertente. Oltre 200 stand di gastronomia e artigianato da tutto il mondo sono il punto focale dell\u00b4organizzazione di questo evento. Sono comprese anche manifestazioni teatrali, musicali e per bambini, che per la maggior parte (almeno il 70 per cento) sono gratuite. Le bancarelle sono immerse in un\u2019atmosfera spirituale che vi far\u00e0 vivere un sogno ad occhi aperti.<\/p>\n<p>Qui \u00e8 possibile anche acquistare erbe, t\u00e8 indiani e turchi, i famosi alberi bonsai, strumenti musicali africani, gioielli e molto altro. La vasta gamma di prodotti spazia dalla pagnotta tipica del piatto indiano fino al sushi. Questo crea un\u2019atmosfera tranquilla e divertente che altrove \u00e8 rara da sperimentare ed impossibile da dimenticare.[\/vc_column_text][\/vc_column][\/vc_row][vc_row full_width=&#8221;stretch_row&#8221; css=&#8221;.vc_custom_1487875943930{padding-top: 25px !important;padding-bottom: 30px !important;}&#8221;][vc_column][vc_column_text]<\/p>\n<h2>Vita notturna a Monaco di Baviera: dove trovare le feste pi\u00f9 divertenti e i party migliori?<\/h2>\n<p>In poco pi\u00f9 di 10 anni\u00a0 si sono stabiliti in una zona di 1,2 chilometri tra Maximilianplatz e Sendliger Torper pi\u00f9 di 20 bar e discoteche. Grazie alla posizione centrale, le diverse correnti musicali e i prezzi competitivi per tutti i portafogli, questa \u00e8 diventata la zona della movida bavarese, dove fare festa dipende unicamente dai vostri gusti.<\/p>\n<p>Kultfabrik:<br \/>\nDi giorno si pu\u00f2 godere della molteplicit\u00e0 culturale, tra arte, cultura, sport, attivit\u00e0 di vario genere. Di notte la zona si trasforma per tutti in una calamita per le feste. Qui potete sempre trovare qualcosa per divertirvi!<\/p>\n<p>Optimolwerke:<br \/>\nProprio vicino al Kultfabrik si trova l\u2019Optimolwerk, che ne rappresenta la versione pi\u00f9 ridotta. Anche qui ci sono locali di tutti i tipi soprattutto per la nuova generazione di giovani, i teenager, fino a mezzanotte, ora in cui devono lasciare i locali. La serata continua poi per\u00f3 per i maggiorenni.<\/p>\n<p>Locali in zona:<\/p>\n<p>Do Brasil: lasciatevi trasportare dal ritmo caliente di Merengue, Perreo, Salsa, Reggaeton, Samba e avanti cos\u00ec. Il Latino Americano qui a volte viene suonato proprio da Live-bands. E non mancano gli spettacoli tipici dell\u2019atmosfera latina. Non riuscirete a impedire ai vostri piedi di muoversi a ritmo di musica.<\/p>\n<p>Grinsekatze:<br \/>\nFamoso per la musica elettronica e techno, qui si festeggia fino alle 6 di mattina spesso.<\/p>\n<p>Ray-Club:<br \/>\nUn mix di lounge, bar e club attae grazie alla musica pi\u00f9 recente e gli straordinari effetti di luce. Di sera si organizzano molte feste, l\u2019atmosfera \u00e8 perfetta per festeggiare in qualunque occasione: si pu\u00f2 decidere infatti tra Dancefloor, Longbar, Vip Lounge, Chillout Lounge e Cocktailbar.<\/p>\n<p>Theaterfabrik:<br \/>\nIl Black Club a Monaco di Baviera! Qui ogni sabato viene festeggiato l\u2019amato beat, soul e hip-hop.<\/p>\n<p>Ogni sabato l\u2019ingresso \u00e8 gratuito da 00:30 per le donne in gruppi da 5.<\/p>\n<h2>Monaco di Baviera \u2013 Bar\/Lounge per bere prima di andare a ballare:<\/h2>\n<p>Sausalitos:<br \/>\nFamoso per il cibo messicano\/californiano, l\u2019ambiente ospitale latino e gli ottimi drink.<\/p>\n<p>Nv-Club:<br \/>\nBar perfetto per divertenti bevute prima di andare a ballare e per fumare il narghil\u00e8.<\/p>\n<p>Bar-on:<br \/>\nQuesto narghil\u00e8 bar offre un\u2019atmosfera accogliente ed \u00e8 famoso per il suo buon narghil\u00e8.<\/p>\n<p>Altri locali:<\/p>\n<p>&#8211; Mari\u00e9n Restaurant &amp; Shishabar<br \/>\n&#8211; Q62 Shishabar<br \/>\n&#8211; Diamonds Shishabar<br \/>\n&#8211; Barschwein[\/vc_column_text][\/vc_column][\/vc_row][vc_row full_width=&#8221;stretch_row&#8221; css=&#8221;.vc_custom_1487876048182{padding-top: 25px !important;padding-bottom: 30px !important;background-color: #f9f9f9 !important;}&#8221;][vc_column][vc_column_text]<\/p>\n<h2>Locali a Monaco di Baviera a prezzi economici:<\/h2>\n<p>Nachtgalerie:<br \/>\nSpazioso locale, con prezzi per i drink molto allettanti.\u00a0Qui la birra parte da 1 euro, gli shots da 50 centesimi e i londrinks da 1,50 euro. L\u2019ingresso costa invece 10 euro, ma se avete la tessera della studente 8 euro.<\/p>\n<p>Ruby Danceclub:<br \/>\nIn questo locale vicino a Stachus si possono trovare sempre offerte nuove.<\/p>\n<p>Per esempio il venerd\u00ec \u00e8 la serata del \u201cParty one, drink two\u201d.<\/p>\n<p>Bisogna aggiungere altro?<br \/>\nL\u2019ingresso costa 18 euro per i ragazzi e 6 euro per le ragazze! Con la tessera della studente \u00e8 possibile ottenere fino a 2 euro di sconto.<\/p>\n<p>Crash:<br \/>\nFamoso anche per l\u2019atmosfera tradizionale. La regina di tutte le discoteche!<\/p>\n<p>Con la musica Oldies e Chart tutta la notte. Amato anche per i prezzi super economici delle bevande.<\/p>\n<h2>Grandi discoteche a Monaco di Baviera<\/h2>\n<p>Nachtgalerie:<br \/>\nNightclub con Hip-Hop, R&amp;B, Dance e serate a tema, area esterna e fast-food internazionale. Un colorato mix di hit moderne e attuali, black music e house.<\/p>\n<p>Willenlos:<br \/>\nWillenlos \u00e8 la pi\u00f9 grande discoteca del Kultfabrik che propone belle hit e prezzi delle bevande convenienti. \u00c8 molto popolare tra i giovani!<\/p>\n<h2>Locali per le serate eleganti:<\/h2>\n<p>Pacha:<br \/>\nUno dei pi\u00f9 famosi locali a Monaco di Baviera. Si trova in uno dei posti migliori di Monaco, uno dei tanti motivi per cui lo si dovrebbe scegliere! Inoltre 0gni venerd\u00ec si tiene un diverso evento con DJ. Il locale ha da offrire serate molto divertenti e indimenticabili! L\u2019ingresso costa tra i 6 e i 10 euro.<\/p>\n<p>P1:<br \/>\nNon credo sia necessario menzionare questo locale, vero? Tutti dovreste averlo sentito almeno uno volta, ma soprattutto dovreste esserci stati. Aprire il portafogli sar\u00e0 un piacere e un godimento, l\u00b4atmosfera trascina chiunque nello spirito del locale. Chi lo frequenta appartiene pi\u00f9 che altro alla fascia d\u00b4et\u00e0 \u00e0dulta, ma occasionalmente ci sono eventi anche per i pi\u00f9 giovani. Si deve avere fortuna e talvolta anche agganci per poter entrare all\u2019et\u00e0 di 20 anni.<\/p>\n<p style=\"text-align: left;\">Gecko (ex Max&amp;Moritz):<\/p>\n<p>La musica colpisce tanto quanto l\u00b4aspetto visivo, Gecko ha molto da offrire. Le bevande sono a prezzo ragionevole, sotto la media. Gli shot partono da 1,50 euro e i longdrinks sono a 6 euro!<\/p>\n<p>Altri gusti musicali:<br \/>\nVip-Club:<br \/>\nSe volete immergervi nell\u00b4ambiente musicale tipico dei Balcani, questo posto fa al caso vostro. Quasi ogni settimana ci sono esibizioni live di diversi artisti provenienti dalle province dei Balcani. Attraverso il mix di Hip-Hop, Pop Folk, e Balkan House i piedi si muovono a ritmo senza che tu li possa controllare! I prezzi delle bevande sono nella media e l\u2019ingresso varia in base alla notoriet\u00e0 dell&#8217;artista, dai 5 ai 10 euro.<\/p>\n<p>Schlagergarten:<br \/>\nsi trova nell\u2019area del Kultfabrik ed \u00e8 unico a Monaco di Baviera. Qua la festa \u00e8 sempre garantita.<\/p>\n<p>Naturalmente ci sono ancora pi\u00f9 locali e bar disponibili in citt\u00e0, ma con questi consigli potete divertirvi all\u00b4inizio del vostro periodo qui e iniziare a sperimentare la vita notturna di Monaco![\/vc_column_text][\/vc_column][\/vc_row]<\/p>\n","protected":false},"excerpt":{"rendered":"<p>[vc_row css=&#8221;.vc_custom_1487875445339{padding-top: 25px !important;padding-bottom: 30px !important;}&#8221;][vc_column][vc_column_text] I programmi per il tempo libero dopo i corsi di tedesco Imparare il tedesco e vivere Monaco Offriamo: Incontri settimanali per i nostri studenti; ogni mese c\u2019\u00e8 un nuovo appuntamento. \u00c8 una buona occasione per conoscere nuovi amici e per imparare il tedesco insieme a studenti internazionali. Programma culturale&hellip; <a class=\"read-more\" href=\"https:\/\/www.sprachschule-aktiv-muenchen.de\/it\/programma-per-il-tempo-libero\/\" title=\"Read Programma per il tempo libero\">Read more &raquo;<\/a><\/p>\n","protected":false},"author":2,"featured_media":0,"parent":0,"menu_order":0,"comment_status":"closed","ping_status":"closed","template":"","meta":{"footnotes":""},"class_list":["post-10580","page","type-page","status-publish","hentry"],"yoast_head":"<!-- This site is optimized with the Yoast SEO plugin v27.1.1 - https:\/\/yoast.com\/product\/yoast-seo-wordpress\/ -->\n<title>Programma per il tempo libero a Monaco<\/title>\n<meta name=\"description\" content=\"Il nostro programma per il tempo libero dopo il vostro corso di tedesco a Monaco di Baviera \u2013 Imparare il tedesco e vivere Monaco.\" \/>\n<meta name=\"robots\" content=\"index, follow, max-snippet:-1, max-image-preview:large, max-video-preview:-1\" \/>\n<link rel=\"canonical\" href=\"https:\/\/www.sprachschule-aktiv-muenchen.de\/it\/programma-per-il-tempo-libero\/\" \/>\n<meta property=\"og:locale\" content=\"it_IT\" \/>\n<meta property=\"og:type\" content=\"article\" \/>\n<meta property=\"og:title\" content=\"Programma per il tempo libero a Monaco\" \/>\n<meta property=\"og:description\" content=\"Il nostro programma per il tempo libero dopo il vostro corso di tedesco a Monaco di Baviera \u2013 Imparare il tedesco e vivere Monaco.\" \/>\n<meta property=\"og:url\" content=\"https:\/\/www.sprachschule-aktiv-muenchen.de\/it\/programma-per-il-tempo-libero\/\" \/>\n<meta property=\"og:site_name\" content=\"Sprachschule Aktiv\" \/>\n<meta property=\"article:modified_time\" content=\"2021-08-01T06:25:15+00:00\" \/>\n<meta name=\"twitter:card\" content=\"summary_large_image\" \/>\n<meta name=\"twitter:label1\" content=\"Tempo di lettura stimato\" \/>\n\t<meta name=\"twitter:data1\" content=\"10 minuti\" \/>\n<script type=\"application\/ld+json\" class=\"yoast-schema-graph\">{\"@context\":\"https:\/\/schema.org\",\"@graph\":[{\"@type\":\"WebPage\",\"@id\":\"https:\/\/www.sprachschule-aktiv-muenchen.de\/it\/programma-per-il-tempo-libero\/\",\"url\":\"https:\/\/www.sprachschule-aktiv-muenchen.de\/it\/programma-per-il-tempo-libero\/\",\"name\":\"Programma per il tempo libero a Monaco\",\"isPartOf\":{\"@id\":\"https:\/\/www.sprachschule-aktiv-muenchen.de\/#website\"},\"datePublished\":\"2017-02-23T18:43:37+00:00\",\"dateModified\":\"2021-08-01T06:25:15+00:00\",\"description\":\"Il nostro programma per il tempo libero dopo il vostro corso di tedesco a Monaco di Baviera \u2013 Imparare il tedesco e vivere Monaco.\",\"breadcrumb\":{\"@id\":\"https:\/\/www.sprachschule-aktiv-muenchen.de\/it\/programma-per-il-tempo-libero\/#breadcrumb\"},\"inLanguage\":\"it-IT\",\"potentialAction\":[{\"@type\":\"ReadAction\",\"target\":[\"https:\/\/www.sprachschule-aktiv-muenchen.de\/it\/programma-per-il-tempo-libero\/\"]}]},{\"@type\":\"BreadcrumbList\",\"@id\":\"https:\/\/www.sprachschule-aktiv-muenchen.de\/it\/programma-per-il-tempo-libero\/#breadcrumb\",\"itemListElement\":[{\"@type\":\"ListItem\",\"position\":1,\"name\":\"Portada\",\"item\":\"https:\/\/www.sprachschule-aktiv-muenchen.de\/it\/\"},{\"@type\":\"ListItem\",\"position\":2,\"name\":\"Programma per il tempo libero\"}]},{\"@type\":\"WebSite\",\"@id\":\"https:\/\/www.sprachschule-aktiv-muenchen.de\/#website\",\"url\":\"https:\/\/www.sprachschule-aktiv-muenchen.de\/\",\"name\":\"Sprachschule Aktiv\",\"description\":\"\",\"potentialAction\":[{\"@type\":\"SearchAction\",\"target\":{\"@type\":\"EntryPoint\",\"urlTemplate\":\"https:\/\/www.sprachschule-aktiv-muenchen.de\/?s={search_term_string}\"},\"query-input\":{\"@type\":\"PropertyValueSpecification\",\"valueRequired\":true,\"valueName\":\"search_term_string\"}}],\"inLanguage\":\"it-IT\"}]}<\/script>\n<!-- \/ Yoast SEO plugin. -->","yoast_head_json":{"title":"Programma per il tempo libero a Monaco","description":"Il nostro programma per il tempo libero dopo il vostro corso di tedesco a Monaco di Baviera \u2013 Imparare il tedesco e vivere Monaco.","robots":{"index":"index","follow":"follow","max-snippet":"max-snippet:-1","max-image-preview":"max-image-preview:large","max-video-preview":"max-video-preview:-1"},"canonical":"https:\/\/www.sprachschule-aktiv-muenchen.de\/it\/programma-per-il-tempo-libero\/","og_locale":"it_IT","og_type":"article","og_title":"Programma per il tempo libero a Monaco","og_description":"Il nostro programma per il tempo libero dopo il vostro corso di tedesco a Monaco di Baviera \u2013 Imparare il tedesco e vivere Monaco.","og_url":"https:\/\/www.sprachschule-aktiv-muenchen.de\/it\/programma-per-il-tempo-libero\/","og_site_name":"Sprachschule Aktiv","article_modified_time":"2021-08-01T06:25:15+00:00","twitter_card":"summary_large_image","twitter_misc":{"Tempo di lettura stimato":"10 minuti"},"schema":{"@context":"https:\/\/schema.org","@graph":[{"@type":"WebPage","@id":"https:\/\/www.sprachschule-aktiv-muenchen.de\/it\/programma-per-il-tempo-libero\/","url":"https:\/\/www.sprachschule-aktiv-muenchen.de\/it\/programma-per-il-tempo-libero\/","name":"Programma per il tempo libero a Monaco","isPartOf":{"@id":"https:\/\/www.sprachschule-aktiv-muenchen.de\/#website"},"datePublished":"2017-02-23T18:43:37+00:00","dateModified":"2021-08-01T06:25:15+00:00","description":"Il nostro programma per il tempo libero dopo il vostro corso di tedesco a Monaco di Baviera \u2013 Imparare il tedesco e vivere Monaco.","breadcrumb":{"@id":"https:\/\/www.sprachschule-aktiv-muenchen.de\/it\/programma-per-il-tempo-libero\/#breadcrumb"},"inLanguage":"it-IT","potentialAction":[{"@type":"ReadAction","target":["https:\/\/www.sprachschule-aktiv-muenchen.de\/it\/programma-per-il-tempo-libero\/"]}]},{"@type":"BreadcrumbList","@id":"https:\/\/www.sprachschule-aktiv-muenchen.de\/it\/programma-per-il-tempo-libero\/#breadcrumb","itemListElement":[{"@type":"ListItem","position":1,"name":"Portada","item":"https:\/\/www.sprachschule-aktiv-muenchen.de\/it\/"},{"@type":"ListItem","position":2,"name":"Programma per il tempo libero"}]},{"@type":"WebSite","@id":"https:\/\/www.sprachschule-aktiv-muenchen.de\/#website","url":"https:\/\/www.sprachschule-aktiv-muenchen.de\/","name":"Sprachschule Aktiv","description":"","potentialAction":[{"@type":"SearchAction","target":{"@type":"EntryPoint","urlTemplate":"https:\/\/www.sprachschule-aktiv-muenchen.de\/?s={search_term_string}"},"query-input":{"@type":"PropertyValueSpecification","valueRequired":true,"valueName":"search_term_string"}}],"inLanguage":"it-IT"}]}},"_links":{"self":[{"href":"https:\/\/www.sprachschule-aktiv-muenchen.de\/it\/wp-json\/wp\/v2\/pages\/10580","targetHints":{"allow":["GET"]}}],"collection":[{"href":"https:\/\/www.sprachschule-aktiv-muenchen.de\/it\/wp-json\/wp\/v2\/pages"}],"about":[{"href":"https:\/\/www.sprachschule-aktiv-muenchen.de\/it\/wp-json\/wp\/v2\/types\/page"}],"author":[{"embeddable":true,"href":"https:\/\/www.sprachschule-aktiv-muenchen.de\/it\/wp-json\/wp\/v2\/users\/2"}],"replies":[{"embeddable":true,"href":"https:\/\/www.sprachschule-aktiv-muenchen.de\/it\/wp-json\/wp\/v2\/comments?post=10580"}],"version-history":[{"count":1,"href":"https:\/\/www.sprachschule-aktiv-muenchen.de\/it\/wp-json\/wp\/v2\/pages\/10580\/revisions"}],"predecessor-version":[{"id":68927,"href":"https:\/\/www.sprachschule-aktiv-muenchen.de\/it\/wp-json\/wp\/v2\/pages\/10580\/revisions\/68927"}],"wp:attachment":[{"href":"https:\/\/www.sprachschule-aktiv-muenchen.de\/it\/wp-json\/wp\/v2\/media?parent=10580"}],"curies":[{"name":"wp","href":"https:\/\/api.w.org\/{rel}","templated":true}]}}