{"id":10428,"date":"2017-02-23T15:22:18","date_gmt":"2017-02-23T14:22:18","guid":{"rendered":"https:\/\/www.sprachschule-aktiv-muenchen.de\/?page_id=10428\/"},"modified":"2022-01-21T14:05:08","modified_gmt":"2022-01-21T13:05:08","slug":"i-nostri-obbiettivi","status":"publish","type":"page","link":"https:\/\/www.sprachschule-aktiv-muenchen.de\/it\/i-nostri-obbiettivi\/","title":{"rendered":"I nostri obiettivi"},"content":{"rendered":"<p>[vc_row css=&#8221;.vc_custom_1487859655743{padding-top: 25px !important;padding-bottom: 30px !important;}&#8221;][vc_column][vc_column_text]<\/p>\n<h1>Gli obiettivi della scuola di lingue tedesca<\/h1>\n<p>Gli obiettivi della scuola di lingue tedesca &#8211; Nella societ\u00e0 moderna non \u00e8 pi\u00f9 sufficiente imparare una lingua per dialogare con gli abitanti di un altro Paese. Per una comunicazione efficace \u00e8 necessario immergersi totalmente nell&#8217;altra cultura.<\/p>\n<p>Con i seminari e corsi che si tengono presso la nostra scuola ci proponiamo di insegnare la lingua straniera e la sua grammatica; allo stesso tempo vogliamo sensibilizzare i nostri studenti riguardo alle differenze culturali che si troveranno a incontrare in un paese straniero. In questo modo i partecipanti ai corsi acquisiscono una maggiore comprensione delle diverse culture, apprezzano maggiormente gli influssi culturali, e possono, ad esempio, comunicare meglio con i partner commerciali stranieri, con i colleghi, i clienti, gli amici, etc.<\/p>\n<p>Vogliamo preparare i nostri studenti a gestire in maniera ottimale i loro contatti interculturali, sia nell&#8217;ambito privato che lavorativo, attraverso conoscenze di base della lingua, lavori di gruppo, discussioni e consigli concreti.[\/vc_column_text][\/vc_column][\/vc_row][vc_row full_width=&#8221;stretch_row&#8221; css=&#8221;.vc_custom_1487859705143{padding-top: 25px !important;padding-bottom: 30px !important;background-color: #f9f9f9 !important;}&#8221;][vc_column][vc_column_text]<\/p>\n<h2>Con i nostri seminari e corsi ci prefissiamo di raggiungere:<\/h2>\n<ul>\n<li>Gli obiettivi di ogni corso vengono decisi insieme al gruppo o individualmente a seconda delle necessit\u00e0, del tempo e dei desideri di ciascuno.<\/li>\n<li>Partecipazione attiva degli studenti all&#8217;organizzazione delle lezioni e del\u00a0corso.<\/li>\n<li>Grazie ad un&#8217;atmosfera rilassata, si pu\u00f2 imparare senza stress.<\/li>\n<li>Imparare la grammatica a seconda delle necessit\u00e0 dello studente. Per esempio, una persona che impara l&#8217;italiano per le sue vacanze non ha bisogno del periodo ipotetico di terzo tipo!<\/li>\n<li>Innalzare il livello di tolleranza\/sensibilit\u00e0 agli incontri interculturali.<\/li>\n<li>Imparare le locuzioni necessarie tipiche delle lingua straniera accompagnate dalla loro gestualit\u00e0.<\/li>\n<li>Comprendere anche la comunicazione non verbale.<\/li>\n<li>Interpretare i comportamenti degli abitanti del luogo e, laddove possibile, imparare a prevederli.<\/li>\n<li>Sviluppare strategie per una comunicazione efficace.<\/li>\n<li>Percepire le differenze tra la propria cultura e quella della lingua che si studia.<\/li>\n<li>Insegnare strategie efficaci in caso di tipiche situazioni di conflitto.<\/li>\n<li>Acquisire competenze culturali.<\/li>\n<li>Preparare i lavoratori alla collaborazione in gruppi interculturali.<\/li>\n<\/ul>\n<p>Ci dedicheremo se richiesto anche ad argomenti quali cultura, politica, storia, religione, sistema legislativo, ecc. del Paese o della regione in questione. La nostra priorit\u00e0 rimane comunque imparare a conoscere la popolazione della quale si studia la lingua e il suo modo di vivere. Su richiesta possiamo fornire indirizzi utili e contatti di ogni Paese.[\/vc_column_text][\/vc_column][\/vc_row]<\/p>\n","protected":false},"excerpt":{"rendered":"<p>[vc_row css=&#8221;.vc_custom_1487859655743{padding-top: 25px !important;padding-bottom: 30px !important;}&#8221;][vc_column][vc_column_text] Gli obiettivi della scuola di lingue tedesca Gli obiettivi della scuola di lingue tedesca &#8211; Nella societ\u00e0 moderna non \u00e8 pi\u00f9 sufficiente imparare una lingua per dialogare con gli abitanti di un altro Paese. Per una comunicazione efficace \u00e8 necessario immergersi totalmente nell&#8217;altra cultura. Con i seminari e corsi&hellip; <a class=\"read-more\" href=\"https:\/\/www.sprachschule-aktiv-muenchen.de\/it\/i-nostri-obbiettivi\/\" title=\"Read I nostri obiettivi\">Read more &raquo;<\/a><\/p>\n","protected":false},"author":2,"featured_media":0,"parent":0,"menu_order":0,"comment_status":"closed","ping_status":"closed","template":"","meta":{"footnotes":""},"class_list":["post-10428","page","type-page","status-publish","hentry"],"yoast_head":"<!-- This site is optimized with the Yoast SEO plugin v27.1.1 - https:\/\/yoast.com\/product\/yoast-seo-wordpress\/ -->\n<title>Gli Obiettivi della scuola di lingue tedesca<\/title>\n<meta name=\"description\" content=\"Vogliamo sensibilizzare i nostri studenti alle differenze culturali. Vogliamo preparali a gestire in maniera ottimale i loro contatti interculturali.\" \/>\n<meta name=\"robots\" content=\"index, follow, max-snippet:-1, max-image-preview:large, max-video-preview:-1\" \/>\n<link rel=\"canonical\" href=\"https:\/\/www.sprachschule-aktiv-muenchen.de\/it\/i-nostri-obbiettivi\/\" \/>\n<meta property=\"og:locale\" content=\"it_IT\" \/>\n<meta property=\"og:type\" content=\"article\" \/>\n<meta property=\"og:title\" content=\"Gli Obiettivi della scuola di lingue tedesca\" \/>\n<meta property=\"og:description\" content=\"Vogliamo sensibilizzare i nostri studenti alle differenze culturali. Vogliamo preparali a gestire in maniera ottimale i loro contatti interculturali.\" \/>\n<meta property=\"og:url\" content=\"https:\/\/www.sprachschule-aktiv-muenchen.de\/it\/i-nostri-obbiettivi\/\" \/>\n<meta property=\"og:site_name\" content=\"Sprachschule Aktiv\" \/>\n<meta property=\"article:modified_time\" content=\"2022-01-21T13:05:08+00:00\" \/>\n<meta name=\"twitter:card\" content=\"summary_large_image\" \/>\n<meta name=\"twitter:label1\" content=\"Tempo di lettura stimato\" \/>\n\t<meta name=\"twitter:data1\" content=\"2 minuti\" \/>\n<script type=\"application\/ld+json\" class=\"yoast-schema-graph\">{\"@context\":\"https:\/\/schema.org\",\"@graph\":[{\"@type\":\"WebPage\",\"@id\":\"https:\/\/www.sprachschule-aktiv-muenchen.de\/it\/i-nostri-obbiettivi\/\",\"url\":\"https:\/\/www.sprachschule-aktiv-muenchen.de\/it\/i-nostri-obbiettivi\/\",\"name\":\"Gli Obiettivi della scuola di lingue tedesca\",\"isPartOf\":{\"@id\":\"https:\/\/www.sprachschule-aktiv-muenchen.de\/#website\"},\"datePublished\":\"2017-02-23T14:22:18+00:00\",\"dateModified\":\"2022-01-21T13:05:08+00:00\",\"description\":\"Vogliamo sensibilizzare i nostri studenti alle differenze culturali. Vogliamo preparali a gestire in maniera ottimale i loro contatti interculturali.\",\"breadcrumb\":{\"@id\":\"https:\/\/www.sprachschule-aktiv-muenchen.de\/it\/i-nostri-obbiettivi\/#breadcrumb\"},\"inLanguage\":\"it-IT\",\"potentialAction\":[{\"@type\":\"ReadAction\",\"target\":[\"https:\/\/www.sprachschule-aktiv-muenchen.de\/it\/i-nostri-obbiettivi\/\"]}]},{\"@type\":\"BreadcrumbList\",\"@id\":\"https:\/\/www.sprachschule-aktiv-muenchen.de\/it\/i-nostri-obbiettivi\/#breadcrumb\",\"itemListElement\":[{\"@type\":\"ListItem\",\"position\":1,\"name\":\"Portada\",\"item\":\"https:\/\/www.sprachschule-aktiv-muenchen.de\/it\/\"},{\"@type\":\"ListItem\",\"position\":2,\"name\":\"I nostri obiettivi\"}]},{\"@type\":\"WebSite\",\"@id\":\"https:\/\/www.sprachschule-aktiv-muenchen.de\/#website\",\"url\":\"https:\/\/www.sprachschule-aktiv-muenchen.de\/\",\"name\":\"Sprachschule Aktiv\",\"description\":\"\",\"potentialAction\":[{\"@type\":\"SearchAction\",\"target\":{\"@type\":\"EntryPoint\",\"urlTemplate\":\"https:\/\/www.sprachschule-aktiv-muenchen.de\/?s={search_term_string}\"},\"query-input\":{\"@type\":\"PropertyValueSpecification\",\"valueRequired\":true,\"valueName\":\"search_term_string\"}}],\"inLanguage\":\"it-IT\"}]}<\/script>\n<!-- \/ Yoast SEO plugin. -->","yoast_head_json":{"title":"Gli Obiettivi della scuola di lingue tedesca","description":"Vogliamo sensibilizzare i nostri studenti alle differenze culturali. Vogliamo preparali a gestire in maniera ottimale i loro contatti interculturali.","robots":{"index":"index","follow":"follow","max-snippet":"max-snippet:-1","max-image-preview":"max-image-preview:large","max-video-preview":"max-video-preview:-1"},"canonical":"https:\/\/www.sprachschule-aktiv-muenchen.de\/it\/i-nostri-obbiettivi\/","og_locale":"it_IT","og_type":"article","og_title":"Gli Obiettivi della scuola di lingue tedesca","og_description":"Vogliamo sensibilizzare i nostri studenti alle differenze culturali. Vogliamo preparali a gestire in maniera ottimale i loro contatti interculturali.","og_url":"https:\/\/www.sprachschule-aktiv-muenchen.de\/it\/i-nostri-obbiettivi\/","og_site_name":"Sprachschule Aktiv","article_modified_time":"2022-01-21T13:05:08+00:00","twitter_card":"summary_large_image","twitter_misc":{"Tempo di lettura stimato":"2 minuti"},"schema":{"@context":"https:\/\/schema.org","@graph":[{"@type":"WebPage","@id":"https:\/\/www.sprachschule-aktiv-muenchen.de\/it\/i-nostri-obbiettivi\/","url":"https:\/\/www.sprachschule-aktiv-muenchen.de\/it\/i-nostri-obbiettivi\/","name":"Gli Obiettivi della scuola di lingue tedesca","isPartOf":{"@id":"https:\/\/www.sprachschule-aktiv-muenchen.de\/#website"},"datePublished":"2017-02-23T14:22:18+00:00","dateModified":"2022-01-21T13:05:08+00:00","description":"Vogliamo sensibilizzare i nostri studenti alle differenze culturali. Vogliamo preparali a gestire in maniera ottimale i loro contatti interculturali.","breadcrumb":{"@id":"https:\/\/www.sprachschule-aktiv-muenchen.de\/it\/i-nostri-obbiettivi\/#breadcrumb"},"inLanguage":"it-IT","potentialAction":[{"@type":"ReadAction","target":["https:\/\/www.sprachschule-aktiv-muenchen.de\/it\/i-nostri-obbiettivi\/"]}]},{"@type":"BreadcrumbList","@id":"https:\/\/www.sprachschule-aktiv-muenchen.de\/it\/i-nostri-obbiettivi\/#breadcrumb","itemListElement":[{"@type":"ListItem","position":1,"name":"Portada","item":"https:\/\/www.sprachschule-aktiv-muenchen.de\/it\/"},{"@type":"ListItem","position":2,"name":"I nostri obiettivi"}]},{"@type":"WebSite","@id":"https:\/\/www.sprachschule-aktiv-muenchen.de\/#website","url":"https:\/\/www.sprachschule-aktiv-muenchen.de\/","name":"Sprachschule Aktiv","description":"","potentialAction":[{"@type":"SearchAction","target":{"@type":"EntryPoint","urlTemplate":"https:\/\/www.sprachschule-aktiv-muenchen.de\/?s={search_term_string}"},"query-input":{"@type":"PropertyValueSpecification","valueRequired":true,"valueName":"search_term_string"}}],"inLanguage":"it-IT"}]}},"_links":{"self":[{"href":"https:\/\/www.sprachschule-aktiv-muenchen.de\/it\/wp-json\/wp\/v2\/pages\/10428","targetHints":{"allow":["GET"]}}],"collection":[{"href":"https:\/\/www.sprachschule-aktiv-muenchen.de\/it\/wp-json\/wp\/v2\/pages"}],"about":[{"href":"https:\/\/www.sprachschule-aktiv-muenchen.de\/it\/wp-json\/wp\/v2\/types\/page"}],"author":[{"embeddable":true,"href":"https:\/\/www.sprachschule-aktiv-muenchen.de\/it\/wp-json\/wp\/v2\/users\/2"}],"replies":[{"embeddable":true,"href":"https:\/\/www.sprachschule-aktiv-muenchen.de\/it\/wp-json\/wp\/v2\/comments?post=10428"}],"version-history":[{"count":2,"href":"https:\/\/www.sprachschule-aktiv-muenchen.de\/it\/wp-json\/wp\/v2\/pages\/10428\/revisions"}],"predecessor-version":[{"id":70803,"href":"https:\/\/www.sprachschule-aktiv-muenchen.de\/it\/wp-json\/wp\/v2\/pages\/10428\/revisions\/70803"}],"wp:attachment":[{"href":"https:\/\/www.sprachschule-aktiv-muenchen.de\/it\/wp-json\/wp\/v2\/media?parent=10428"}],"curies":[{"name":"wp","href":"https:\/\/api.w.org\/{rel}","templated":true}]}}