{"id":10259,"date":"2017-02-22T23:00:40","date_gmt":"2017-02-22T22:00:40","guid":{"rendered":"https:\/\/www.sprachschule-aktiv-muenchen.de\/?page_id=10259\/"},"modified":"2022-01-21T13:41:52","modified_gmt":"2022-01-21T12:41:52","slug":"studio-in-germaniaassicurazione-sanitaria-per-studenti-in-germania","status":"publish","type":"page","link":"https:\/\/www.sprachschule-aktiv-muenchen.de\/it\/studio-in-germaniaassicurazione-sanitaria-per-studenti-in-germania\/","title":{"rendered":"Assicurazione sanitaria per studenti in Germania"},"content":{"rendered":"<p>[vc_row css=&#8221;.vc_custom_1487800531135{padding-top: 25px !important;padding-bottom: 30px !important;}&#8221;][vc_column][vc_column_text]<\/p>\n<h1>Assicurazione sanitaria per studenti in Germania<\/h1>\n<p>L\u2019assicurazione sanitaria per studenti in Germania \u2013 Che cosa bisogna sapere \u2013 Se vuoi frequentare un corso di tedesco in Germania hai bisogno di un\u2019assicurazione sanitaria per il tuo visto. L\u2019assicurazione \u00e8 un importante requisito per chiedere un visto per la Germania, senza non \u00e8 possibile.[\/vc_column_text][\/vc_column][\/vc_row][vc_row full_width=&#8221;stretch_row&#8221; css=&#8221;.vc_custom_1487800619167{padding-top: 25px !important;padding-bottom: 30px !important;background-color: #f9f9f9 !important;}&#8221;][vc_column][vc_row_inner][vc_column_inner width=&#8221;1\/2&#8243;][vc_video link=&#8221;https:\/\/www.youtube.com\/watch?v=eex2AYEY9qU&#8221; css=&#8221;.vc_custom_1487800767196{padding-top: 35px !important;}&#8221;][\/vc_column_inner][vc_column_inner width=&#8221;1\/2&#8243;][vc_column_text]<\/p>\n<h2>Quanto costa un\u2019assicurazione sanitaria in Germania?<\/h2>\n<p>Puoi trovare un\u2019assicurazione sanitaria a partire da 26\u20ac al mese. Puoi fare richiesta per l\u2019assicurazione online e riceverai tramite email i tuoi documenti personali per l\u2019assicurazione. Per chiedere un visto puoi utilizzare questi documenti.<\/p>\n<h2>Assicurazione sanitaria per corsi di tedesco a Monaco di Baviera \u2013 quando serve?<\/h2>\n<p>L\u2019assicurazione sanitaria serve per programmi di scambio come Erasmus, DAAD, SOKRATES. Tirocinanti, vacanze studio, partecipanti a progetti internazionali di universit\u00e0, studenti ospiti, viaggi culturali e studenti per i corsi di tedesco.[\/vc_column_text][\/vc_column_inner][\/vc_row_inner][vc_column_text]Qui troverete prezzi, iscrizione, assicurazione sanitaria con immediata conferma e ulteriori informazioni:<\/p>\n<p><a href=\"http:\/\/www.care-concept.de\/sprachschueler_eng.php?navilang=eng&amp;vmnr=002644000S&amp;mail=info@sprachschule-aktiv.de\">Informazioni su inglese<\/a>[\/vc_column_text][\/vc_column][\/vc_row][vc_row css=&#8221;.vc_custom_1487800625271{padding-top: 25px !important;padding-bottom: 30px !important;}&#8221;][vc_column][vc_column_text]<\/p>\n<h2>Importante! Assicurazione sanitaria per il tuo soggiorno in Germania<\/h2>\n<p>Se vieni in Germania devi avere l\u2019assicurazione sanitaria. Pu\u00f2 capitare che serva un aiuto medico, che si abbia bisogno di medicinali, o perfino che ci si debba curare in ospedale. Ci\u00f2 pu\u00f2 essere costoso, perch\u00e9 i costi per le cure mediche in Germania sono tra i pi\u00f9 alti al mondo.<\/p>\n<p>Perci\u00f2 devi richiedere un\u2019assicurazione sanitaria di viaggio per la durata del tuo soggiorno in Germania, purch\u00e9 richiedi anche un visto d\u2019entrata. Riguardo ai nostri partner, \u00e8 possibile richiedere un\u2019assicurazione speciale in quanto studente di lingua. Permette di evitare una spesa eccessiva in caso di malattia o infortunio a un prezzo vantaggioso.<\/p>\n<p>\u00c8 possibile fare l\u2019assicurazione direttamente online, ovunque e velocemente. Gi\u00e0 dopo 15-20 minuti riceverai tramite email il tuo certificato di assicurazione. Qui puoi trovare ulteriori informazioni riguardo i nostri corsi di tedesco e le date di inizio:[\/vc_column_text][\/vc_column][\/vc_row]<\/p>\n","protected":false},"excerpt":{"rendered":"<p>[vc_row css=&#8221;.vc_custom_1487800531135{padding-top: 25px !important;padding-bottom: 30px !important;}&#8221;][vc_column][vc_column_text] Assicurazione sanitaria per studenti in Germania L\u2019assicurazione sanitaria per studenti in Germania \u2013 Che cosa bisogna sapere \u2013 Se vuoi frequentare un corso di tedesco in Germania hai bisogno di un\u2019assicurazione sanitaria per il tuo visto. L\u2019assicurazione \u00e8 un importante requisito per chiedere un visto per la Germania, senza&hellip; <a class=\"read-more\" href=\"https:\/\/www.sprachschule-aktiv-muenchen.de\/it\/studio-in-germaniaassicurazione-sanitaria-per-studenti-in-germania\/\" title=\"Read Assicurazione sanitaria per studenti in Germania\">Read more &raquo;<\/a><\/p>\n","protected":false},"author":2,"featured_media":0,"parent":0,"menu_order":0,"comment_status":"closed","ping_status":"closed","template":"","meta":{"footnotes":""},"class_list":["post-10259","page","type-page","status-publish","hentry"],"yoast_head":"<!-- This site is optimized with the Yoast SEO plugin v27.1.1 - https:\/\/yoast.com\/product\/yoast-seo-wordpress\/ -->\n<title>Assicurazione sanitaria per studenti in Germania<\/title>\n<meta name=\"description\" content=\"Assicurazione sanitaria per studenti in Germania. Sprachschule Aktiv \u00e0 Monaco di Baviera.\" \/>\n<meta name=\"robots\" content=\"index, follow, max-snippet:-1, max-image-preview:large, max-video-preview:-1\" \/>\n<link rel=\"canonical\" href=\"https:\/\/www.sprachschule-aktiv-muenchen.de\/it\/studio-in-germaniaassicurazione-sanitaria-per-studenti-in-germania\/\" \/>\n<meta property=\"og:locale\" content=\"it_IT\" \/>\n<meta property=\"og:type\" content=\"article\" \/>\n<meta property=\"og:title\" content=\"Assicurazione sanitaria per studenti in Germania\" \/>\n<meta property=\"og:description\" content=\"Assicurazione sanitaria per studenti in Germania. Sprachschule Aktiv \u00e0 Monaco di Baviera.\" \/>\n<meta property=\"og:url\" content=\"https:\/\/www.sprachschule-aktiv-muenchen.de\/it\/studio-in-germaniaassicurazione-sanitaria-per-studenti-in-germania\/\" \/>\n<meta property=\"og:site_name\" content=\"Sprachschule Aktiv\" \/>\n<meta property=\"article:modified_time\" content=\"2022-01-21T12:41:52+00:00\" \/>\n<meta name=\"twitter:card\" content=\"summary_large_image\" \/>\n<meta name=\"twitter:label1\" content=\"Tempo di lettura stimato\" \/>\n\t<meta name=\"twitter:data1\" content=\"2 minuti\" \/>\n<script type=\"application\/ld+json\" class=\"yoast-schema-graph\">{\"@context\":\"https:\/\/schema.org\",\"@graph\":[{\"@type\":\"WebPage\",\"@id\":\"https:\/\/www.sprachschule-aktiv-muenchen.de\/it\/studio-in-germaniaassicurazione-sanitaria-per-studenti-in-germania\/\",\"url\":\"https:\/\/www.sprachschule-aktiv-muenchen.de\/it\/studio-in-germaniaassicurazione-sanitaria-per-studenti-in-germania\/\",\"name\":\"Assicurazione sanitaria per studenti in Germania\",\"isPartOf\":{\"@id\":\"https:\/\/www.sprachschule-aktiv-muenchen.de\/#website\"},\"datePublished\":\"2017-02-22T22:00:40+00:00\",\"dateModified\":\"2022-01-21T12:41:52+00:00\",\"description\":\"Assicurazione sanitaria per studenti in Germania. Sprachschule Aktiv \u00e0 Monaco di Baviera.\",\"breadcrumb\":{\"@id\":\"https:\/\/www.sprachschule-aktiv-muenchen.de\/it\/studio-in-germaniaassicurazione-sanitaria-per-studenti-in-germania\/#breadcrumb\"},\"inLanguage\":\"it-IT\",\"potentialAction\":[{\"@type\":\"ReadAction\",\"target\":[\"https:\/\/www.sprachschule-aktiv-muenchen.de\/it\/studio-in-germaniaassicurazione-sanitaria-per-studenti-in-germania\/\"]}]},{\"@type\":\"BreadcrumbList\",\"@id\":\"https:\/\/www.sprachschule-aktiv-muenchen.de\/it\/studio-in-germaniaassicurazione-sanitaria-per-studenti-in-germania\/#breadcrumb\",\"itemListElement\":[{\"@type\":\"ListItem\",\"position\":1,\"name\":\"Portada\",\"item\":\"https:\/\/www.sprachschule-aktiv-muenchen.de\/it\/\"},{\"@type\":\"ListItem\",\"position\":2,\"name\":\"Assicurazione sanitaria per studenti in Germania\"}]},{\"@type\":\"WebSite\",\"@id\":\"https:\/\/www.sprachschule-aktiv-muenchen.de\/#website\",\"url\":\"https:\/\/www.sprachschule-aktiv-muenchen.de\/\",\"name\":\"Sprachschule Aktiv\",\"description\":\"\",\"potentialAction\":[{\"@type\":\"SearchAction\",\"target\":{\"@type\":\"EntryPoint\",\"urlTemplate\":\"https:\/\/www.sprachschule-aktiv-muenchen.de\/?s={search_term_string}\"},\"query-input\":{\"@type\":\"PropertyValueSpecification\",\"valueRequired\":true,\"valueName\":\"search_term_string\"}}],\"inLanguage\":\"it-IT\"}]}<\/script>\n<!-- \/ Yoast SEO plugin. -->","yoast_head_json":{"title":"Assicurazione sanitaria per studenti in Germania","description":"Assicurazione sanitaria per studenti in Germania. Sprachschule Aktiv \u00e0 Monaco di Baviera.","robots":{"index":"index","follow":"follow","max-snippet":"max-snippet:-1","max-image-preview":"max-image-preview:large","max-video-preview":"max-video-preview:-1"},"canonical":"https:\/\/www.sprachschule-aktiv-muenchen.de\/it\/studio-in-germaniaassicurazione-sanitaria-per-studenti-in-germania\/","og_locale":"it_IT","og_type":"article","og_title":"Assicurazione sanitaria per studenti in Germania","og_description":"Assicurazione sanitaria per studenti in Germania. Sprachschule Aktiv \u00e0 Monaco di Baviera.","og_url":"https:\/\/www.sprachschule-aktiv-muenchen.de\/it\/studio-in-germaniaassicurazione-sanitaria-per-studenti-in-germania\/","og_site_name":"Sprachschule Aktiv","article_modified_time":"2022-01-21T12:41:52+00:00","twitter_card":"summary_large_image","twitter_misc":{"Tempo di lettura stimato":"2 minuti"},"schema":{"@context":"https:\/\/schema.org","@graph":[{"@type":"WebPage","@id":"https:\/\/www.sprachschule-aktiv-muenchen.de\/it\/studio-in-germaniaassicurazione-sanitaria-per-studenti-in-germania\/","url":"https:\/\/www.sprachschule-aktiv-muenchen.de\/it\/studio-in-germaniaassicurazione-sanitaria-per-studenti-in-germania\/","name":"Assicurazione sanitaria per studenti in Germania","isPartOf":{"@id":"https:\/\/www.sprachschule-aktiv-muenchen.de\/#website"},"datePublished":"2017-02-22T22:00:40+00:00","dateModified":"2022-01-21T12:41:52+00:00","description":"Assicurazione sanitaria per studenti in Germania. Sprachschule Aktiv \u00e0 Monaco di Baviera.","breadcrumb":{"@id":"https:\/\/www.sprachschule-aktiv-muenchen.de\/it\/studio-in-germaniaassicurazione-sanitaria-per-studenti-in-germania\/#breadcrumb"},"inLanguage":"it-IT","potentialAction":[{"@type":"ReadAction","target":["https:\/\/www.sprachschule-aktiv-muenchen.de\/it\/studio-in-germaniaassicurazione-sanitaria-per-studenti-in-germania\/"]}]},{"@type":"BreadcrumbList","@id":"https:\/\/www.sprachschule-aktiv-muenchen.de\/it\/studio-in-germaniaassicurazione-sanitaria-per-studenti-in-germania\/#breadcrumb","itemListElement":[{"@type":"ListItem","position":1,"name":"Portada","item":"https:\/\/www.sprachschule-aktiv-muenchen.de\/it\/"},{"@type":"ListItem","position":2,"name":"Assicurazione sanitaria per studenti in Germania"}]},{"@type":"WebSite","@id":"https:\/\/www.sprachschule-aktiv-muenchen.de\/#website","url":"https:\/\/www.sprachschule-aktiv-muenchen.de\/","name":"Sprachschule Aktiv","description":"","potentialAction":[{"@type":"SearchAction","target":{"@type":"EntryPoint","urlTemplate":"https:\/\/www.sprachschule-aktiv-muenchen.de\/?s={search_term_string}"},"query-input":{"@type":"PropertyValueSpecification","valueRequired":true,"valueName":"search_term_string"}}],"inLanguage":"it-IT"}]}},"_links":{"self":[{"href":"https:\/\/www.sprachschule-aktiv-muenchen.de\/it\/wp-json\/wp\/v2\/pages\/10259","targetHints":{"allow":["GET"]}}],"collection":[{"href":"https:\/\/www.sprachschule-aktiv-muenchen.de\/it\/wp-json\/wp\/v2\/pages"}],"about":[{"href":"https:\/\/www.sprachschule-aktiv-muenchen.de\/it\/wp-json\/wp\/v2\/types\/page"}],"author":[{"embeddable":true,"href":"https:\/\/www.sprachschule-aktiv-muenchen.de\/it\/wp-json\/wp\/v2\/users\/2"}],"replies":[{"embeddable":true,"href":"https:\/\/www.sprachschule-aktiv-muenchen.de\/it\/wp-json\/wp\/v2\/comments?post=10259"}],"version-history":[{"count":3,"href":"https:\/\/www.sprachschule-aktiv-muenchen.de\/it\/wp-json\/wp\/v2\/pages\/10259\/revisions"}],"predecessor-version":[{"id":70796,"href":"https:\/\/www.sprachschule-aktiv-muenchen.de\/it\/wp-json\/wp\/v2\/pages\/10259\/revisions\/70796"}],"wp:attachment":[{"href":"https:\/\/www.sprachschule-aktiv-muenchen.de\/it\/wp-json\/wp\/v2\/media?parent=10259"}],"curies":[{"name":"wp","href":"https:\/\/api.w.org\/{rel}","templated":true}]}}