{"id":10249,"date":"2017-02-22T22:54:14","date_gmt":"2017-02-22T21:54:14","guid":{"rendered":"https:\/\/www.sprachschule-aktiv-muenchen.de\/?page_id=10249\/"},"modified":"2022-01-21T13:27:56","modified_gmt":"2022-01-21T12:27:56","slug":"studio-impiego-in-germania","status":"publish","type":"page","link":"https:\/\/www.sprachschule-aktiv-muenchen.de\/it\/studio-impiego-in-germania\/","title":{"rendered":"Lavorare e imparare il tedesco a Monaco"},"content":{"rendered":"<p>[vc_row css=&#8221;.vc_custom_1487800028995{padding-top: 25px !important;padding-bottom: 30px !important;}&#8221;][vc_column][vc_column_text]<\/p>\n<h1>Lavorare e imparare il tedesco a Monaco di Baviera<\/h1>\n<h2>3 modi per ottenere il lavoro dei tuoi sogni<\/h2>\n<p>Sei arrivato a Monaco per imparare il tedesco? Per finanziare il tuo soggiorno nello splendido capoluogo bavarese potresti cercare un lavoro. Presso la nostra scuola puoi trovare tre opzioni che potrebbero farti ottenere un lavoro anche domani. Il tuo sogno di imparare il tedesco a Monaco, dunque, non \u00e8 pi\u00f9 cos\u00ec lontano.<br \/>\nLavorare e imparare il tedesco a Monaco &#8211; 3 modi per ottenere il lavoro dei tuoi sogni:[\/vc_column_text][\/vc_column][\/vc_row][vc_row full_width=&#8221;stretch_row&#8221; css=&#8221;.vc_custom_1487800114170{padding-top: 25px !important;padding-bottom: 30px !important;background-color: #f9f9f9 !important;}&#8221;][vc_column width=&#8221;1\/2&#8243;][vc_single_image image=&#8221;10251&#8243; img_size=&#8221;full&#8221; style=&#8221;vc_box_outline&#8221;][\/vc_column][vc_column width=&#8221;1\/2&#8243;][vc_column_text]<\/p>\n<h2>Prima possibilit\u00e0: lasciati guidare<\/h2>\n<p>Chi arriva a Monaco per imparare il tedesco potr\u00e0 trovare assistenza in alcuni punti d&#8217;appoggio. L&#8217;Agenzia del lavoro di Monaco \u00e8 sempre a tua disposizione: fissa un appuntamento e riceverai consigli utili nella scelta del lavoro.<\/p>\n<p>L&#8217;Agenzia del lavoro pu\u00f2 trovare per te dei contatti diretti.<\/p>\n<p>Potrai trovare anche molte agenzie che offrono lavori temporanei, poich\u00e8 hanno molti contatti con diversi datori di lavoro.[\/vc_column_text]\t<div class=\"vc_btn3-container vc_btn3-inline\">\r\n\t\t<a href=\"\/it\/contatto\/\" class=\"pgs_btn pgs_btn_style_1 pgs_btn_lg\">\r\n\t\t\t<span>\r\n\t\t\t\tContattaci qui!\t\t\t<\/span>\r\n\t\t\t\t\t\t<i class=\"fa fa-chevron-right\"><\/i>\r\n\t\t\t\t\t<\/a>\r\n\t<\/div>\r\n\t[\/vc_column][\/vc_row][vc_row css=&#8221;.vc_custom_1487800109008{padding-top: 25px !important;padding-bottom: 30px !important;}&#8221;][vc_column][vc_column_text]<\/p>\n<h2>Seconda possibilit\u00e0<\/h2>\n<p>Presta molta attenzione quando vai a fare la spesa. Nei supermercati infatti si trova spesso una bacheca sulla quale si possono trovare diverse offerte di lavoro.<\/p>\n<p>Leggi anche i quotidiani di Monaco. Informati sui giorni in cui vengono pubblicati gli annunci di lavoro (1-2 volte a settimana); molto spesso ci sono delle inserzioni anche su Internet, ti consigliamo perci\u00f2 di controllare regolarmente la pagina web dei giornali di Monaco: ti meraviglierai di quante opzioni hai a disposizione.<\/p>\n<h2>Terza possibilit\u00e0: Internet<\/h2>\n<p>Su internet trovi le date degli incontri che si svolgono in materia. Partecipa alle riunioni sul tema della ricerca del lavoro, potrai migliorare il tuo tedesco e conoscere tante nuove persone. E chi lo sa, magari qualcuno cerca proprio te per la sua azienda!<\/p>\n<p>Anche Facebook o Xing possono aiutarti nella ricerca di un lavoro, posta sul tuo profilo le tue qualifiche con una tua foto. Potrai anche trovare i contatti giusti! Qui alla Sprachschule Aktiv possiamo aiutarti nella compilazione del tuo C.V.<\/p>\n<p>Vuoi imparare il tedesco a Monaco? Vieni alla Sprachschule Aktiv; da noi avrai risultati veloci a prezzi molto competitivi, senza trascurare il divertimento. Sprachschule Aktiv.[\/vc_column_text][\/vc_column][\/vc_row]<\/p>\n","protected":false},"excerpt":{"rendered":"<p>[vc_row css=&#8221;.vc_custom_1487800028995{padding-top: 25px !important;padding-bottom: 30px !important;}&#8221;][vc_column][vc_column_text] Lavorare e imparare il tedesco a Monaco di Baviera 3 modi per ottenere il lavoro dei tuoi sogni Sei arrivato a Monaco per imparare il tedesco? Per finanziare il tuo soggiorno nello splendido capoluogo bavarese potresti cercare un lavoro. Presso la nostra scuola puoi trovare tre opzioni che potrebbero&hellip; <a class=\"read-more\" href=\"https:\/\/www.sprachschule-aktiv-muenchen.de\/it\/studio-impiego-in-germania\/\" title=\"Read Lavorare e imparare il tedesco a Monaco\">Read more &raquo;<\/a><\/p>\n","protected":false},"author":2,"featured_media":0,"parent":0,"menu_order":0,"comment_status":"closed","ping_status":"closed","template":"","meta":{"footnotes":""},"class_list":["post-10249","page","type-page","status-publish","hentry"],"yoast_head":"<!-- This site is optimized with the Yoast SEO plugin v27.1.1 - https:\/\/yoast.com\/product\/yoast-seo-wordpress\/ -->\n<title>Lavorare e imparare il tedesco a Monaco di Baviera<\/title>\n<meta name=\"description\" content=\"Impiego in Germania. L&#039;agenzia del lavoro di Monaco e&#039; sempre a tua disposizione. Ti meraviglierai di quante opzioni hai a disposizione.\" \/>\n<meta name=\"robots\" content=\"index, follow, max-snippet:-1, max-image-preview:large, max-video-preview:-1\" \/>\n<link rel=\"canonical\" href=\"https:\/\/www.sprachschule-aktiv-muenchen.de\/it\/studio-impiego-in-germania\/\" \/>\n<meta property=\"og:locale\" content=\"it_IT\" \/>\n<meta property=\"og:type\" content=\"article\" \/>\n<meta property=\"og:title\" content=\"Lavorare e imparare il tedesco a Monaco di Baviera\" \/>\n<meta property=\"og:description\" content=\"Impiego in Germania. L&#039;agenzia del lavoro di Monaco e&#039; sempre a tua disposizione. Ti meraviglierai di quante opzioni hai a disposizione.\" \/>\n<meta property=\"og:url\" content=\"https:\/\/www.sprachschule-aktiv-muenchen.de\/it\/studio-impiego-in-germania\/\" \/>\n<meta property=\"og:site_name\" content=\"Sprachschule Aktiv\" \/>\n<meta property=\"article:modified_time\" content=\"2022-01-21T12:27:56+00:00\" \/>\n<meta name=\"twitter:card\" content=\"summary_large_image\" \/>\n<meta name=\"twitter:label1\" content=\"Tempo di lettura stimato\" \/>\n\t<meta name=\"twitter:data1\" content=\"2 minuti\" \/>\n<script type=\"application\/ld+json\" class=\"yoast-schema-graph\">{\"@context\":\"https:\/\/schema.org\",\"@graph\":[{\"@type\":\"WebPage\",\"@id\":\"https:\/\/www.sprachschule-aktiv-muenchen.de\/it\/studio-impiego-in-germania\/\",\"url\":\"https:\/\/www.sprachschule-aktiv-muenchen.de\/it\/studio-impiego-in-germania\/\",\"name\":\"Lavorare e imparare il tedesco a Monaco di Baviera\",\"isPartOf\":{\"@id\":\"https:\/\/www.sprachschule-aktiv-muenchen.de\/#website\"},\"datePublished\":\"2017-02-22T21:54:14+00:00\",\"dateModified\":\"2022-01-21T12:27:56+00:00\",\"description\":\"Impiego in Germania. L'agenzia del lavoro di Monaco e' sempre a tua disposizione. Ti meraviglierai di quante opzioni hai a disposizione.\",\"breadcrumb\":{\"@id\":\"https:\/\/www.sprachschule-aktiv-muenchen.de\/it\/studio-impiego-in-germania\/#breadcrumb\"},\"inLanguage\":\"it-IT\",\"potentialAction\":[{\"@type\":\"ReadAction\",\"target\":[\"https:\/\/www.sprachschule-aktiv-muenchen.de\/it\/studio-impiego-in-germania\/\"]}]},{\"@type\":\"BreadcrumbList\",\"@id\":\"https:\/\/www.sprachschule-aktiv-muenchen.de\/it\/studio-impiego-in-germania\/#breadcrumb\",\"itemListElement\":[{\"@type\":\"ListItem\",\"position\":1,\"name\":\"Portada\",\"item\":\"https:\/\/www.sprachschule-aktiv-muenchen.de\/it\/\"},{\"@type\":\"ListItem\",\"position\":2,\"name\":\"Lavorare e imparare il tedesco a Monaco\"}]},{\"@type\":\"WebSite\",\"@id\":\"https:\/\/www.sprachschule-aktiv-muenchen.de\/#website\",\"url\":\"https:\/\/www.sprachschule-aktiv-muenchen.de\/\",\"name\":\"Sprachschule Aktiv\",\"description\":\"\",\"potentialAction\":[{\"@type\":\"SearchAction\",\"target\":{\"@type\":\"EntryPoint\",\"urlTemplate\":\"https:\/\/www.sprachschule-aktiv-muenchen.de\/?s={search_term_string}\"},\"query-input\":{\"@type\":\"PropertyValueSpecification\",\"valueRequired\":true,\"valueName\":\"search_term_string\"}}],\"inLanguage\":\"it-IT\"}]}<\/script>\n<!-- \/ Yoast SEO plugin. -->","yoast_head_json":{"title":"Lavorare e imparare il tedesco a Monaco di Baviera","description":"Impiego in Germania. L'agenzia del lavoro di Monaco e' sempre a tua disposizione. Ti meraviglierai di quante opzioni hai a disposizione.","robots":{"index":"index","follow":"follow","max-snippet":"max-snippet:-1","max-image-preview":"max-image-preview:large","max-video-preview":"max-video-preview:-1"},"canonical":"https:\/\/www.sprachschule-aktiv-muenchen.de\/it\/studio-impiego-in-germania\/","og_locale":"it_IT","og_type":"article","og_title":"Lavorare e imparare il tedesco a Monaco di Baviera","og_description":"Impiego in Germania. L'agenzia del lavoro di Monaco e' sempre a tua disposizione. Ti meraviglierai di quante opzioni hai a disposizione.","og_url":"https:\/\/www.sprachschule-aktiv-muenchen.de\/it\/studio-impiego-in-germania\/","og_site_name":"Sprachschule Aktiv","article_modified_time":"2022-01-21T12:27:56+00:00","twitter_card":"summary_large_image","twitter_misc":{"Tempo di lettura stimato":"2 minuti"},"schema":{"@context":"https:\/\/schema.org","@graph":[{"@type":"WebPage","@id":"https:\/\/www.sprachschule-aktiv-muenchen.de\/it\/studio-impiego-in-germania\/","url":"https:\/\/www.sprachschule-aktiv-muenchen.de\/it\/studio-impiego-in-germania\/","name":"Lavorare e imparare il tedesco a Monaco di Baviera","isPartOf":{"@id":"https:\/\/www.sprachschule-aktiv-muenchen.de\/#website"},"datePublished":"2017-02-22T21:54:14+00:00","dateModified":"2022-01-21T12:27:56+00:00","description":"Impiego in Germania. L'agenzia del lavoro di Monaco e' sempre a tua disposizione. Ti meraviglierai di quante opzioni hai a disposizione.","breadcrumb":{"@id":"https:\/\/www.sprachschule-aktiv-muenchen.de\/it\/studio-impiego-in-germania\/#breadcrumb"},"inLanguage":"it-IT","potentialAction":[{"@type":"ReadAction","target":["https:\/\/www.sprachschule-aktiv-muenchen.de\/it\/studio-impiego-in-germania\/"]}]},{"@type":"BreadcrumbList","@id":"https:\/\/www.sprachschule-aktiv-muenchen.de\/it\/studio-impiego-in-germania\/#breadcrumb","itemListElement":[{"@type":"ListItem","position":1,"name":"Portada","item":"https:\/\/www.sprachschule-aktiv-muenchen.de\/it\/"},{"@type":"ListItem","position":2,"name":"Lavorare e imparare il tedesco a Monaco"}]},{"@type":"WebSite","@id":"https:\/\/www.sprachschule-aktiv-muenchen.de\/#website","url":"https:\/\/www.sprachschule-aktiv-muenchen.de\/","name":"Sprachschule Aktiv","description":"","potentialAction":[{"@type":"SearchAction","target":{"@type":"EntryPoint","urlTemplate":"https:\/\/www.sprachschule-aktiv-muenchen.de\/?s={search_term_string}"},"query-input":{"@type":"PropertyValueSpecification","valueRequired":true,"valueName":"search_term_string"}}],"inLanguage":"it-IT"}]}},"_links":{"self":[{"href":"https:\/\/www.sprachschule-aktiv-muenchen.de\/it\/wp-json\/wp\/v2\/pages\/10249","targetHints":{"allow":["GET"]}}],"collection":[{"href":"https:\/\/www.sprachschule-aktiv-muenchen.de\/it\/wp-json\/wp\/v2\/pages"}],"about":[{"href":"https:\/\/www.sprachschule-aktiv-muenchen.de\/it\/wp-json\/wp\/v2\/types\/page"}],"author":[{"embeddable":true,"href":"https:\/\/www.sprachschule-aktiv-muenchen.de\/it\/wp-json\/wp\/v2\/users\/2"}],"replies":[{"embeddable":true,"href":"https:\/\/www.sprachschule-aktiv-muenchen.de\/it\/wp-json\/wp\/v2\/comments?post=10249"}],"version-history":[{"count":4,"href":"https:\/\/www.sprachschule-aktiv-muenchen.de\/it\/wp-json\/wp\/v2\/pages\/10249\/revisions"}],"predecessor-version":[{"id":70793,"href":"https:\/\/www.sprachschule-aktiv-muenchen.de\/it\/wp-json\/wp\/v2\/pages\/10249\/revisions\/70793"}],"wp:attachment":[{"href":"https:\/\/www.sprachschule-aktiv-muenchen.de\/it\/wp-json\/wp\/v2\/media?parent=10249"}],"curies":[{"name":"wp","href":"https:\/\/api.w.org\/{rel}","templated":true}]}}