{"id":10237,"date":"2017-02-22T22:45:26","date_gmt":"2017-02-22T21:45:26","guid":{"rendered":"https:\/\/www.sprachschule-aktiv-muenchen.de\/?page_id=10237\/"},"modified":"2022-01-21T12:55:50","modified_gmt":"2022-01-21T11:55:50","slug":"registrarsi-a-monaco","status":"publish","type":"page","link":"https:\/\/www.sprachschule-aktiv-muenchen.de\/it\/registrarsi-a-monaco\/","title":{"rendered":"Registrarsi a Monaco"},"content":{"rendered":"<p>[vc_row css=&#8221;.vc_custom_1487799401170{padding-top: 25px !important;padding-bottom: 30px !important;}&#8221;][vc_column][vc_column_text]<\/p>\n<h1>Registrarsi a Monaco di Baviera &#8211; Germania<\/h1>\n<h2>Come gestire la nuova iscrizione<\/h2>\n<p>Registrarsi a Monaco di Baviera &#8211; Germania: Come gestire la nuova iscrizione. Imparare il tedesco a Monaco: Come gestire la nuova iscrizione &#8211; Sei arrivato a Monaco per studiare il tedesco? Se hai intenzione di vivere a Monaco, dovrai registrarti al Dipartimento di amministrazione. Non preoccuparti, non \u00e8 cos\u00ec difficile. Ecco alcune cose utili da sapere:[\/vc_column_text][\/vc_column][\/vc_row][vc_row full_width=&#8221;stretch_row&#8221; css=&#8221;.vc_custom_1487799447839{padding-top: 25px !important;padding-bottom: 30px !important;background-color: #f9f9f9 !important;}&#8221;][vc_column width=&#8221;1\/2&#8243;][vc_single_image image=&#8221;10242&#8243; img_size=&#8221;full&#8221; style=&#8221;vc_box_outline&#8221;][\/vc_column][vc_column width=&#8221;1\/2&#8243;][vc_column_text]<\/p>\n<h2>Che cos&#8217;\u00e8 il Dipartimento di amministrazione della citt\u00e0 di Monaco? Chi deve registrarsi?<\/h2>\n<p>Il Dipartimento di amministrazione \u00e8 l&#8217;ente pubblico che gestisce la sicurezza e l&#8217;ordine nella citt\u00e0 di Monaco. Si occupa di temi come il traffico, la gestione degli appartamenti, o l&#8217;immigrazione. Se intendi restare a Monaco per pi\u00fa di 3 mesi, \u00e8 necessario registrarsi presso questo ente.<\/p>\n<h2>Come funziona la registrazione?<\/h2>\n<p>Dovrai registrarti dopo otto giorni dal tuo arrivo. Una volta l\u00ec dovrai mostrare il tuo passaporto e, dopo aver compilato un documento, sarai registrato.[\/vc_column_text][\/vc_column][\/vc_row][vc_row full_width=&#8221;stretch_row&#8221; css=&#8221;.vc_custom_1487799517642{padding-top: 25px !important;padding-bottom: 30px !important;}&#8221;][vc_column][vc_column_text]<\/p>\n<h2>Cosa devo fare se ho poco tempo?<\/h2>\n<p>Ti consigliamo di evitare di andare nei giorni festivi, in quanto potresti trovare moltissime persone che sono in vacanza a Monaco di Baviera. \u00c8 dunque meglio recarsi nei giorni lavorativi o prenotare un appuntamento.<\/p>\n<h2>\u00c8 possibile registrarsi online?<\/h2>\n<p>Purtroppo una registazione online non \u00e8 possibile, per\u00f2 puoi chiamare il numero telefonico del Dipartimento in qualsiasi momento. In questo modo puoi farti dire, per esempio, quali documenti sono necessari per la registrazione. Cos\u00ed potrai risparmiare molto tempo, senza fare lunghe file. Inoltre puoi scaricare direttamente dal sito il modulo per la registrazione (anche in italiano se non sai il tedesco), che dovrai compilare e portare al Dipartimento.<\/p>\n<h2>Cosa succede dopo?<\/h2>\n<p>Se hai intenzione di restare a Monaco per pi\u00f9 di tre mesi, e se vieni da un paese europeo o da uno stato EWR, \u00e8 necessario, prima della scadenza del tuo permesso di viaggio, richiedere alle autorit\u00e0 competenti un permesso di soggiorno. Per ottenerlo avrai bisogno di diversi documenti: una certificazione del tuo stato di salute, una certificazione di una sicura sussistenza, e un certificato di frequenza di un corso di tedesco, con un minimo di 20 ore settimanali.<\/p>\n<p>Se hai altre domande sull&#8217;argomento, troverai tutto l&#8217;aiuto di cui hai bisogno presso la nostra scuola. Vuoi imparare il tedesco a Monaco? Vieni alla Sprachschule Aktiv; da noi avrai risultati veloci a prezzi molto competitivi, senza trascurare il divertimento.[\/vc_column_text][\/vc_column][\/vc_row][vc_row full_width=&#8221;stretch_row&#8221; equal_height=&#8221;yes&#8221; content_placement=&#8221;middle&#8221; el_class=&#8221;action-box m-b-none theme-bg-color&#8221; css=&#8221;.vc_custom_1487762904994{padding-top: 25px !important;padding-bottom: 30px !important;}&#8221;][vc_column width=&#8221;2\/3&#8243;][vc_column_text]<\/p>\n<h3 class=\"text-white\">Contattaci qui!<\/h3>\n<p class=\"text-white\">La scuola di lingua tedesca \u201cSprachschule Aktiv\u201d \u00e8 specializzata nei corsi di tedesco.<\/p>\n<p>[\/vc_column_text][\/vc_column][vc_column width=&#8221;1\/3&#8243; el_class=&#8221;text-right&#8221;]\t<div class=\"vc_btn3-container vc_btn3-inline\">\r\n\t\t<a href=\"\/it\/contatto\/\" class=\"pgs_btn pgs_btn_style_3 pgs_btn_xl\">\r\n\t\t\t<span>\r\n\t\t\t\tContattaci\t\t\t<\/span>\r\n\t\t\t\t\t\t<i class=\"fa fa-chevron-right\"><\/i>\r\n\t\t\t\t\t<\/a>\r\n\t<\/div>\r\n\t[\/vc_column][\/vc_row]<\/p>\n","protected":false},"excerpt":{"rendered":"<p>[vc_row css=&#8221;.vc_custom_1487799401170{padding-top: 25px !important;padding-bottom: 30px !important;}&#8221;][vc_column][vc_column_text] Registrarsi a Monaco di Baviera &#8211; Germania Come gestire la nuova iscrizione Registrarsi a Monaco di Baviera &#8211; Germania: Come gestire la nuova iscrizione. Imparare il tedesco a Monaco: Come gestire la nuova iscrizione &#8211; Sei arrivato a Monaco per studiare il tedesco? Se hai intenzione di vivere a&hellip; <a class=\"read-more\" href=\"https:\/\/www.sprachschule-aktiv-muenchen.de\/it\/registrarsi-a-monaco\/\" title=\"Read Registrarsi a Monaco\">Read more &raquo;<\/a><\/p>\n","protected":false},"author":2,"featured_media":0,"parent":0,"menu_order":0,"comment_status":"closed","ping_status":"closed","template":"","meta":{"footnotes":""},"class_list":["post-10237","page","type-page","status-publish","hentry"],"yoast_head":"<!-- This site is optimized with the Yoast SEO plugin v27.1.1 - https:\/\/yoast.com\/product\/yoast-seo-wordpress\/ -->\n<title>Registrarsi a Monaco di Baviera - Germania<\/title>\n<meta name=\"description\" content=\"Sei arrivato a Monaco per studiare il tedesco? Su questa pagina si trova informazioni per registrarti al Dipartimento di amministrazione.\" \/>\n<meta name=\"robots\" content=\"index, follow, max-snippet:-1, max-image-preview:large, max-video-preview:-1\" \/>\n<link rel=\"canonical\" href=\"https:\/\/www.sprachschule-aktiv-muenchen.de\/it\/registrarsi-a-monaco\/\" \/>\n<meta property=\"og:locale\" content=\"it_IT\" \/>\n<meta property=\"og:type\" content=\"article\" \/>\n<meta property=\"og:title\" content=\"Registrarsi a Monaco di Baviera - Germania\" \/>\n<meta property=\"og:description\" content=\"Sei arrivato a Monaco per studiare il tedesco? Su questa pagina si trova informazioni per registrarti al Dipartimento di amministrazione.\" \/>\n<meta property=\"og:url\" content=\"https:\/\/www.sprachschule-aktiv-muenchen.de\/it\/registrarsi-a-monaco\/\" \/>\n<meta property=\"og:site_name\" content=\"Sprachschule Aktiv\" \/>\n<meta property=\"article:modified_time\" content=\"2022-01-21T11:55:50+00:00\" \/>\n<meta name=\"twitter:card\" content=\"summary_large_image\" \/>\n<meta name=\"twitter:label1\" content=\"Tempo di lettura stimato\" \/>\n\t<meta name=\"twitter:data1\" content=\"2 minuti\" \/>\n<script type=\"application\/ld+json\" class=\"yoast-schema-graph\">{\"@context\":\"https:\/\/schema.org\",\"@graph\":[{\"@type\":\"WebPage\",\"@id\":\"https:\/\/www.sprachschule-aktiv-muenchen.de\/it\/registrarsi-a-monaco\/\",\"url\":\"https:\/\/www.sprachschule-aktiv-muenchen.de\/it\/registrarsi-a-monaco\/\",\"name\":\"Registrarsi a Monaco di Baviera - Germania\",\"isPartOf\":{\"@id\":\"https:\/\/www.sprachschule-aktiv-muenchen.de\/#website\"},\"datePublished\":\"2017-02-22T21:45:26+00:00\",\"dateModified\":\"2022-01-21T11:55:50+00:00\",\"description\":\"Sei arrivato a Monaco per studiare il tedesco? Su questa pagina si trova informazioni per registrarti al Dipartimento di amministrazione.\",\"breadcrumb\":{\"@id\":\"https:\/\/www.sprachschule-aktiv-muenchen.de\/it\/registrarsi-a-monaco\/#breadcrumb\"},\"inLanguage\":\"it-IT\",\"potentialAction\":[{\"@type\":\"ReadAction\",\"target\":[\"https:\/\/www.sprachschule-aktiv-muenchen.de\/it\/registrarsi-a-monaco\/\"]}]},{\"@type\":\"BreadcrumbList\",\"@id\":\"https:\/\/www.sprachschule-aktiv-muenchen.de\/it\/registrarsi-a-monaco\/#breadcrumb\",\"itemListElement\":[{\"@type\":\"ListItem\",\"position\":1,\"name\":\"Portada\",\"item\":\"https:\/\/www.sprachschule-aktiv-muenchen.de\/it\/\"},{\"@type\":\"ListItem\",\"position\":2,\"name\":\"Registrarsi a Monaco\"}]},{\"@type\":\"WebSite\",\"@id\":\"https:\/\/www.sprachschule-aktiv-muenchen.de\/#website\",\"url\":\"https:\/\/www.sprachschule-aktiv-muenchen.de\/\",\"name\":\"Sprachschule Aktiv\",\"description\":\"\",\"potentialAction\":[{\"@type\":\"SearchAction\",\"target\":{\"@type\":\"EntryPoint\",\"urlTemplate\":\"https:\/\/www.sprachschule-aktiv-muenchen.de\/?s={search_term_string}\"},\"query-input\":{\"@type\":\"PropertyValueSpecification\",\"valueRequired\":true,\"valueName\":\"search_term_string\"}}],\"inLanguage\":\"it-IT\"}]}<\/script>\n<!-- \/ Yoast SEO plugin. -->","yoast_head_json":{"title":"Registrarsi a Monaco di Baviera - Germania","description":"Sei arrivato a Monaco per studiare il tedesco? Su questa pagina si trova informazioni per registrarti al Dipartimento di amministrazione.","robots":{"index":"index","follow":"follow","max-snippet":"max-snippet:-1","max-image-preview":"max-image-preview:large","max-video-preview":"max-video-preview:-1"},"canonical":"https:\/\/www.sprachschule-aktiv-muenchen.de\/it\/registrarsi-a-monaco\/","og_locale":"it_IT","og_type":"article","og_title":"Registrarsi a Monaco di Baviera - Germania","og_description":"Sei arrivato a Monaco per studiare il tedesco? Su questa pagina si trova informazioni per registrarti al Dipartimento di amministrazione.","og_url":"https:\/\/www.sprachschule-aktiv-muenchen.de\/it\/registrarsi-a-monaco\/","og_site_name":"Sprachschule Aktiv","article_modified_time":"2022-01-21T11:55:50+00:00","twitter_card":"summary_large_image","twitter_misc":{"Tempo di lettura stimato":"2 minuti"},"schema":{"@context":"https:\/\/schema.org","@graph":[{"@type":"WebPage","@id":"https:\/\/www.sprachschule-aktiv-muenchen.de\/it\/registrarsi-a-monaco\/","url":"https:\/\/www.sprachschule-aktiv-muenchen.de\/it\/registrarsi-a-monaco\/","name":"Registrarsi a Monaco di Baviera - Germania","isPartOf":{"@id":"https:\/\/www.sprachschule-aktiv-muenchen.de\/#website"},"datePublished":"2017-02-22T21:45:26+00:00","dateModified":"2022-01-21T11:55:50+00:00","description":"Sei arrivato a Monaco per studiare il tedesco? Su questa pagina si trova informazioni per registrarti al Dipartimento di amministrazione.","breadcrumb":{"@id":"https:\/\/www.sprachschule-aktiv-muenchen.de\/it\/registrarsi-a-monaco\/#breadcrumb"},"inLanguage":"it-IT","potentialAction":[{"@type":"ReadAction","target":["https:\/\/www.sprachschule-aktiv-muenchen.de\/it\/registrarsi-a-monaco\/"]}]},{"@type":"BreadcrumbList","@id":"https:\/\/www.sprachschule-aktiv-muenchen.de\/it\/registrarsi-a-monaco\/#breadcrumb","itemListElement":[{"@type":"ListItem","position":1,"name":"Portada","item":"https:\/\/www.sprachschule-aktiv-muenchen.de\/it\/"},{"@type":"ListItem","position":2,"name":"Registrarsi a Monaco"}]},{"@type":"WebSite","@id":"https:\/\/www.sprachschule-aktiv-muenchen.de\/#website","url":"https:\/\/www.sprachschule-aktiv-muenchen.de\/","name":"Sprachschule Aktiv","description":"","potentialAction":[{"@type":"SearchAction","target":{"@type":"EntryPoint","urlTemplate":"https:\/\/www.sprachschule-aktiv-muenchen.de\/?s={search_term_string}"},"query-input":{"@type":"PropertyValueSpecification","valueRequired":true,"valueName":"search_term_string"}}],"inLanguage":"it-IT"}]}},"_links":{"self":[{"href":"https:\/\/www.sprachschule-aktiv-muenchen.de\/it\/wp-json\/wp\/v2\/pages\/10237","targetHints":{"allow":["GET"]}}],"collection":[{"href":"https:\/\/www.sprachschule-aktiv-muenchen.de\/it\/wp-json\/wp\/v2\/pages"}],"about":[{"href":"https:\/\/www.sprachschule-aktiv-muenchen.de\/it\/wp-json\/wp\/v2\/types\/page"}],"author":[{"embeddable":true,"href":"https:\/\/www.sprachschule-aktiv-muenchen.de\/it\/wp-json\/wp\/v2\/users\/2"}],"replies":[{"embeddable":true,"href":"https:\/\/www.sprachschule-aktiv-muenchen.de\/it\/wp-json\/wp\/v2\/comments?post=10237"}],"version-history":[{"count":3,"href":"https:\/\/www.sprachschule-aktiv-muenchen.de\/it\/wp-json\/wp\/v2\/pages\/10237\/revisions"}],"predecessor-version":[{"id":70790,"href":"https:\/\/www.sprachschule-aktiv-muenchen.de\/it\/wp-json\/wp\/v2\/pages\/10237\/revisions\/70790"}],"wp:attachment":[{"href":"https:\/\/www.sprachschule-aktiv-muenchen.de\/it\/wp-json\/wp\/v2\/media?parent=10237"}],"curies":[{"name":"wp","href":"https:\/\/api.w.org\/{rel}","templated":true}]}}