{"id":10212,"date":"2017-02-22T22:35:23","date_gmt":"2017-02-22T21:35:23","guid":{"rendered":"https:\/\/www.sprachschule-aktiv-muenchen.de\/?page_id=10212\/"},"modified":"2022-01-21T14:46:19","modified_gmt":"2022-01-21T13:46:19","slug":"studio-in-germania","status":"publish","type":"page","link":"https:\/\/www.sprachschule-aktiv-muenchen.de\/it\/studio-in-germania\/","title":{"rendered":"Studio in Germania"},"content":{"rendered":"<p>[vc_row css=&#8221;.vc_custom_1487797976155{padding-top: 25px !important;padding-bottom: 30px !important;}&#8221;][vc_column][vc_column_text]<\/p>\n<h1>Studiare in Germania a Monaco di Baviera<\/h1>\n<p>[\/vc_column_text][vc_column_text]<\/p>\n<h2>Possibilit\u00e0 di proseguire i tuoi studi a Monaco di Baviera dopo il corso di lingua tedesca:<\/h2>\n<p>In quanto molti giovani studenti provenienti da diverse parti del mondo hanno espresso il desiderio di continuare gli studi dopo il loro corso di lingua tedesca, stiamo mettendo a tua disposizione tutte le informazioni necessarie per poterti aiutare a proseguire gli studi nelle Universit\u00e0 e nei college tedeschi.<\/p>\n<p>Qui puoi visitare i siti delle Universit\u00e0 e dei college a Monaco di Baviera:[\/vc_column_text][vc_separator css=&#8221;.vc_custom_1487798976577{padding-bottom: 20px !important;}&#8221;][vc_row_inner][vc_column_inner width=&#8221;1\/2&#8243;][vc_column_text]1) Lista delle universit\u00e1 pubbliche (i link sono in Inglese):<\/p>\n<ul>\n<li>Technische Universit\u00e4t M\u00fcnchen (<a href=\"https:\/\/portal.mytum.de\/welcome\/document_view\" target=\"_blank\" rel=\"noopener noreferrer\">https:\/\/portal.mytum.de\/welcome\/document_view?<\/a>)<\/li>\n<li>Ludwig-Maximilian Universit\u00e4t (<a href=\"https:\/\/www.lmu.de\/en\/index.html\" target=\"_blank\" rel=\"noopener noreferrer\">https:\/\/www.lmu.de\/en\/index.html<\/a>)<\/li>\n<li>Hochschule M\u00fcnchen (<a href=\"http:\/\/w3-n.hm.edu\/en\/index.en.html\" target=\"_blank\" rel=\"noopener noreferrer\">http:\/\/w3-n.hm.edu\/en\/index.en.html<\/a>)<\/li>\n<\/ul>\n<p>[\/vc_column_text][vc_single_image image=&#8221;10218&#8243; img_size=&#8221;full&#8221; style=&#8221;vc_box_outline&#8221;][\/vc_column_inner][vc_column_inner width=&#8221;1\/2&#8243;][vc_column_text]2) Lista delle Universit\u00e1 e dei college privati a Monaco:<\/p>\n<ul>\n<li>IFOG Akademie (Private College for Digital Design) <a href=\"http:\/\/www.ifog.de\/\" target=\"_blank\" rel=\"noopener noreferrer\">www.ifog.de<\/a><\/li>\n<\/ul>\n<p>[\/vc_column_text][vc_column_text]Il costo delle tasse universitarie in Germania varia da regione a regione, ma in generale studiare in un&#8217;Universit\u00e0 pubblica costa circa 1.500 Euro all&#8217;anno.<\/p>\n<p>Per vivere in Germania bisogna mettere in conto una spesa di almeno 700 Euro al mese, e chiunque voglia ottenere una student Visa dovr\u00e0 avere a disposizione un conto bancario di almeno 8.000 Euro per poter dimostrare di essere in grado di mantenersi autonomamente per un anno mentre si \u00e8 in Germania. Questa \u00e8 anche la somma che viene richiesta per il rinnovo della Visa ogni anno.<\/p>\n<p>Universit\u00e0 e college privati possono raggiungere un costo che varia tra 5.000 e 10.000 Euro di tasse universitarie all&#8217;anno.[\/vc_column_text]\t<div class=\"vc_btn3-container vc_btn3-inline\">\r\n\t\t<a href=\"\/it\/contatto\/\" class=\"pgs_btn pgs_btn_style_1 pgs_btn_md\">\r\n\t\t\t<span>\r\n\t\t\t\tVuoi studiare in Germania?\t\t\t<\/span>\r\n\t\t\t\t\t\t<i class=\"fa fa-chevron-right\"><\/i>\r\n\t\t\t\t\t<\/a>\r\n\t<\/div>\r\n\t[\/vc_column_inner][\/vc_row_inner][\/vc_column][\/vc_row][vc_row full_width=&#8221;stretch_row&#8221; css=&#8221;.vc_custom_1487798266609{padding-top: 25px !important;padding-bottom: 30px !important;background-color: #f9f9f9 !important;}&#8221;][vc_column][vc_column_text]<\/p>\n<h2>Visa e ammissione nelle Universit\u00e0 di Monaco di Baviera<\/h2>\n<p>Visa:<\/p>\n<p>Ci\u00f2 che \u00e8 importante per tutti gli studenti che non fanno parte dell&#8217;Unione Europea \u00e8 avere il tipo di Visa giusto, valido per vivere in Germania.<\/p>\n<p>Se sei interessato a proseguire gli studi a Monaco di Baviera o in un&#8217;altra citt\u00e0 tedesca dopo il corso di lingua, assicurati di avere il tipo giusto di Schengen Visa prima di arrivare in Germania. Un visto valido solo per un corso di lingue non ti d\u00e0 il diritto di frequentare un&#8217;universit\u00e0: sarai costretto a tornare nel tuo paese di origine nel caso in cui cercassi di farlo. Le Visa per un corso di lingue non ti danno la possibilit\u00e0 di lavorare part-time in Germania; solo le Visa per studenti ti permettono di lavorare 90 giorni a tempo pieno o 180 giorni part-time all&#8217;anno (massimo 4 ore al giorno).<\/p>\n<p>Il modo migliore, nel caso in cui tu sia ancora nel tuo paese di origine e stessi pensando di frequentare un&#8217;universit\u00e0 o un college a Monaco di Baviera, \u00e8 quello di richiedere un&#8217;Applicant Visa (In Tedesco: Studentenbewerbervisum). L&#8217;ambasciata tedesca del tuo paese dovrebbe essere in grado di darti informazioni a riguardo. Questo tipo di Visa ti render\u00e0 pi\u00f9 facile estendere il tuo visto dopo il corso di tedesco e quando sarai in Germania potrai frequentare direttamente l&#8217;universit\u00e0 che ti ha accettato. Anche dal tuo paese puoi controllare i passaggi per ottenere la Visa necessaria per l&#8217;universit\u00e0.<\/p>\n<p>Questo \u00e8 l&#8217;iter consigliato per conoscere i corsi dell&#8217;universit\u00e0 che vuoi frequentare prima ancora di trovare un corso di lingua o di iscriverti ad un&#8217;universit\u00e0. Molte universit\u00e0 tedesche hanno un test in cui vengono valutati anche i certificati stranieri, che influiscono sull&#8217;entrata all&#8217;universit\u00e1. Dal momento che in Germania ci sono 16 stati differenti, ognuno con la propria legislazione scolastica anche in merito alle ammissioni all&#8217;universit\u00e1, ci sono diversi modi di essere esaminati. Ti consigliamo, quindi, di visitare il sito dell&#8217;universit\u00e0 che hai scelto e di informarti sulle qualifiche che cercano prima di richiedere una Visa per un corso di lingua.<\/p>\n<p>Uno dei siti pi\u00fa completi per gli stranieri, specialmente per chi non viene dall&#8217;Unione Europea ed \u00e8 interessato a continuare gli studi dopo un corso di lingua, \u00e8 il sito della DAAD, la fondazione accademica che si occupa degli scambi culturali con la Germania. In esso puoi trovare informazioni su come approcciarsi all&#8217;universit\u00e0 e i criteri di ammissione:<\/p>\n<p><a href=\"https:\/\/www.daad.de\/deutschland\/de\/\" rel=\"nofollow\">https:\/\/www.daad.de\/deutschland\/de\/<\/a><\/p>\n<p>Qui puoi trovare informazioni su come approcciarti ai test previsti dalle universit\u00e0 tedesche:<\/p>\n<p><a href=\"https:\/\/www.daad.de\/deutschland\/de\/\" rel=\"nofollow\">https:\/\/www.daad.de\/deutschland\/de\/<\/a><\/p>\n<p>Se non sei sicuro delle qualifiche della tua universit\u00e0 o della tua scuola e del suo riconoscimento in Germania per entrare nell&#8217;universit\u00e0, puoi controllare sul sito del DAAD:<\/p>\n<p><a href=\"https:\/\/www.daad.de\/deutschland\/de\/\" rel=\"nofollow\">https:\/\/www.daad.de\/deutschland\/de\/<\/a><\/p>\n<p>Puoi anche controllare il sito in lingua tedesca www.anabin.de per farti un&#8217;idea di come sono valutati i tuoi titoli in Germania.<\/p>\n<p>Se stai pensando di frequentare un&#8217;universit\u00e0 a Monaco di Baviera, allora devi accertarti che le tue qualifiche siano riconosciute nello stato della Baviera (di cui Monaco \u00e8 la capitale). Puoi inviare delle copie dei tuoi documenti scolastici o della tua laurea triennale a un&#8217;autorit\u00e0 a Monaco di Baviera chiamata &#8220;The Reports Approval Authority of the Free State of Bavaria&#8221; (in tedesco: Zeugnisanerkennungsstelle des Freistaat Bayern):<\/p>\n<p>Indirizzo:<\/p>\n<p>Pf\u00fcndterplatz 5<br \/>\n80803 M\u00fcnchen<br \/>\nTel. +49-89-383849-0<br \/>\nFax. +49-89-383849-49<\/p>\n<p>Postal Address:<br \/>\nPost Box 402040<br \/>\n80720 M\u00fcnchen, Germany<\/p>\n<p>Alcune universit\u00e0 forniscono questo test \u201cuni-assist\u201d anche online. Qui c&#8217;\u00e8 la lista delle universit\u00e0 che lo usano: <a href=\"https:\/\/www.uni-assist.de\/uni-assist-members.html\" rel=\"nofollow\">https:\/\/www.uni-assist.de\/uni-assist-members.html<\/a>.<\/p>\n<p>Se hai un test di preselezione o un certificato in una lingua che non sia Inglese, Spagnolo o Francese, avrai bisogno di una traduzione giurata in Tedesco.<\/p>\n<p>Se vieni accettato dall&#8217;organismo che si occupa delle ammissioni all&#8217;universit\u00e0, allora non hai pi\u00f9 nulla di cui preoccuparti, se non dei requisiti di ammissione previsti dalle universit\u00e0, dei posti limitati per i corsi che vuoi seguire e dei colloqui (o test), ma questo varia da universit\u00e0 a universit\u00e0.<\/p>\n<p>Nel caso in cui i tuoi requisiti non soddisfino i criteri delle universit\u00e0 tedesche, potrai frequentare un corso di preparazione in Germania di due semestri, chiamato \u201cStudienkolleg\u201d. Questo corso \u00e8 tenuto in uno dei tanti centri di studio in ogni stato della Germania, e potrai prendervi parte una volta che il tuo livello di tedesco sar\u00e0 abbastanza buono. Lo Studienkolleg di solito insegna Tedesco e altre materie scolastiche che vengono insegnate all&#8217;universit\u00e0. Questi corsi sono gratis, ma il costo per vivere in Germania ammonta tra i 550 e i 700 euro al mese. Potrai trovare ulteriori informazioni su questi corsi preparatori sul sito in inglese:<\/p>\n<p><a href=\"http:\/\/www.studienkollegs.de\/\" target=\"_blank\" rel=\"noopener noreferrer\">http:\/\/www.studienkollegs.de\/<\/a><\/p>\n<p>Speriamo che le informazioni da noi fornite siano state abbastanza chiare e che ti abbiano fatto capire quali sono le possibilit\u00e0 a tua disposizione. Speriamo, inoltre, che ti registrerai presto a un corso di lingua che ti aiuti a prepararti all&#8217;universit\u00e0. Quando saprai di pi\u00f9 riguardo al corso che vuoi frequentare, se verrai accettato dall&#8217;universit\u00e0 che hai scelto e quando saprai qual \u00e8 il livello di lingua di cui hai bisogno, allora registrati da noi per un corso di lingua.[\/vc_column_text][\/vc_column][\/vc_row]<\/p>\n","protected":false},"excerpt":{"rendered":"<p>[vc_row css=&#8221;.vc_custom_1487797976155{padding-top: 25px !important;padding-bottom: 30px !important;}&#8221;][vc_column][vc_column_text] Studiare in Germania a Monaco di Baviera [\/vc_column_text][vc_column_text] Possibilit\u00e0 di proseguire i tuoi studi a Monaco di Baviera dopo il corso di lingua tedesca: In quanto molti giovani studenti provenienti da diverse parti del mondo hanno espresso il desiderio di continuare gli studi dopo il loro corso di lingua&hellip; <a class=\"read-more\" href=\"https:\/\/www.sprachschule-aktiv-muenchen.de\/it\/studio-in-germania\/\" title=\"Read Studio in Germania\">Read more &raquo;<\/a><\/p>\n","protected":false},"author":2,"featured_media":0,"parent":0,"menu_order":0,"comment_status":"closed","ping_status":"closed","template":"","meta":{"footnotes":""},"class_list":["post-10212","page","type-page","status-publish","hentry"],"yoast_head":"<!-- This site is optimized with the Yoast SEO plugin v27.1.1 - https:\/\/yoast.com\/product\/yoast-seo-wordpress\/ -->\n<title>Studiare in Germania a Monaco di Baviera<\/title>\n<meta name=\"description\" content=\"Studio in Germania. Qui puoi visitare i siti delle universita&#039; e dei colleges presenti sul territorio di Monaco di Baviera.\" \/>\n<meta name=\"robots\" content=\"index, follow, max-snippet:-1, max-image-preview:large, max-video-preview:-1\" \/>\n<link rel=\"canonical\" href=\"https:\/\/www.sprachschule-aktiv-muenchen.de\/it\/studio-in-germania\/\" \/>\n<meta property=\"og:locale\" content=\"it_IT\" \/>\n<meta property=\"og:type\" content=\"article\" \/>\n<meta property=\"og:title\" content=\"Studiare in Germania a Monaco di Baviera\" \/>\n<meta property=\"og:description\" content=\"Studio in Germania. Qui puoi visitare i siti delle universita&#039; e dei colleges presenti sul territorio di Monaco di Baviera.\" \/>\n<meta property=\"og:url\" content=\"https:\/\/www.sprachschule-aktiv-muenchen.de\/it\/studio-in-germania\/\" \/>\n<meta property=\"og:site_name\" content=\"Sprachschule Aktiv\" \/>\n<meta property=\"article:modified_time\" content=\"2022-01-21T13:46:19+00:00\" \/>\n<meta name=\"twitter:card\" content=\"summary_large_image\" \/>\n<meta name=\"twitter:label1\" content=\"Tempo di lettura stimato\" \/>\n\t<meta name=\"twitter:data1\" content=\"6 minuti\" \/>\n<script type=\"application\/ld+json\" class=\"yoast-schema-graph\">{\"@context\":\"https:\/\/schema.org\",\"@graph\":[{\"@type\":\"WebPage\",\"@id\":\"https:\/\/www.sprachschule-aktiv-muenchen.de\/it\/studio-in-germania\/\",\"url\":\"https:\/\/www.sprachschule-aktiv-muenchen.de\/it\/studio-in-germania\/\",\"name\":\"Studiare in Germania a Monaco di Baviera\",\"isPartOf\":{\"@id\":\"https:\/\/www.sprachschule-aktiv-muenchen.de\/#website\"},\"datePublished\":\"2017-02-22T21:35:23+00:00\",\"dateModified\":\"2022-01-21T13:46:19+00:00\",\"description\":\"Studio in Germania. Qui puoi visitare i siti delle universita' e dei colleges presenti sul territorio di Monaco di Baviera.\",\"breadcrumb\":{\"@id\":\"https:\/\/www.sprachschule-aktiv-muenchen.de\/it\/studio-in-germania\/#breadcrumb\"},\"inLanguage\":\"it-IT\",\"potentialAction\":[{\"@type\":\"ReadAction\",\"target\":[\"https:\/\/www.sprachschule-aktiv-muenchen.de\/it\/studio-in-germania\/\"]}]},{\"@type\":\"BreadcrumbList\",\"@id\":\"https:\/\/www.sprachschule-aktiv-muenchen.de\/it\/studio-in-germania\/#breadcrumb\",\"itemListElement\":[{\"@type\":\"ListItem\",\"position\":1,\"name\":\"Portada\",\"item\":\"https:\/\/www.sprachschule-aktiv-muenchen.de\/it\/\"},{\"@type\":\"ListItem\",\"position\":2,\"name\":\"Studio in Germania\"}]},{\"@type\":\"WebSite\",\"@id\":\"https:\/\/www.sprachschule-aktiv-muenchen.de\/#website\",\"url\":\"https:\/\/www.sprachschule-aktiv-muenchen.de\/\",\"name\":\"Sprachschule Aktiv\",\"description\":\"\",\"potentialAction\":[{\"@type\":\"SearchAction\",\"target\":{\"@type\":\"EntryPoint\",\"urlTemplate\":\"https:\/\/www.sprachschule-aktiv-muenchen.de\/?s={search_term_string}\"},\"query-input\":{\"@type\":\"PropertyValueSpecification\",\"valueRequired\":true,\"valueName\":\"search_term_string\"}}],\"inLanguage\":\"it-IT\"}]}<\/script>\n<!-- \/ Yoast SEO plugin. -->","yoast_head_json":{"title":"Studiare in Germania a Monaco di Baviera","description":"Studio in Germania. Qui puoi visitare i siti delle universita' e dei colleges presenti sul territorio di Monaco di Baviera.","robots":{"index":"index","follow":"follow","max-snippet":"max-snippet:-1","max-image-preview":"max-image-preview:large","max-video-preview":"max-video-preview:-1"},"canonical":"https:\/\/www.sprachschule-aktiv-muenchen.de\/it\/studio-in-germania\/","og_locale":"it_IT","og_type":"article","og_title":"Studiare in Germania a Monaco di Baviera","og_description":"Studio in Germania. Qui puoi visitare i siti delle universita' e dei colleges presenti sul territorio di Monaco di Baviera.","og_url":"https:\/\/www.sprachschule-aktiv-muenchen.de\/it\/studio-in-germania\/","og_site_name":"Sprachschule Aktiv","article_modified_time":"2022-01-21T13:46:19+00:00","twitter_card":"summary_large_image","twitter_misc":{"Tempo di lettura stimato":"6 minuti"},"schema":{"@context":"https:\/\/schema.org","@graph":[{"@type":"WebPage","@id":"https:\/\/www.sprachschule-aktiv-muenchen.de\/it\/studio-in-germania\/","url":"https:\/\/www.sprachschule-aktiv-muenchen.de\/it\/studio-in-germania\/","name":"Studiare in Germania a Monaco di Baviera","isPartOf":{"@id":"https:\/\/www.sprachschule-aktiv-muenchen.de\/#website"},"datePublished":"2017-02-22T21:35:23+00:00","dateModified":"2022-01-21T13:46:19+00:00","description":"Studio in Germania. Qui puoi visitare i siti delle universita' e dei colleges presenti sul territorio di Monaco di Baviera.","breadcrumb":{"@id":"https:\/\/www.sprachschule-aktiv-muenchen.de\/it\/studio-in-germania\/#breadcrumb"},"inLanguage":"it-IT","potentialAction":[{"@type":"ReadAction","target":["https:\/\/www.sprachschule-aktiv-muenchen.de\/it\/studio-in-germania\/"]}]},{"@type":"BreadcrumbList","@id":"https:\/\/www.sprachschule-aktiv-muenchen.de\/it\/studio-in-germania\/#breadcrumb","itemListElement":[{"@type":"ListItem","position":1,"name":"Portada","item":"https:\/\/www.sprachschule-aktiv-muenchen.de\/it\/"},{"@type":"ListItem","position":2,"name":"Studio in Germania"}]},{"@type":"WebSite","@id":"https:\/\/www.sprachschule-aktiv-muenchen.de\/#website","url":"https:\/\/www.sprachschule-aktiv-muenchen.de\/","name":"Sprachschule Aktiv","description":"","potentialAction":[{"@type":"SearchAction","target":{"@type":"EntryPoint","urlTemplate":"https:\/\/www.sprachschule-aktiv-muenchen.de\/?s={search_term_string}"},"query-input":{"@type":"PropertyValueSpecification","valueRequired":true,"valueName":"search_term_string"}}],"inLanguage":"it-IT"}]}},"_links":{"self":[{"href":"https:\/\/www.sprachschule-aktiv-muenchen.de\/it\/wp-json\/wp\/v2\/pages\/10212","targetHints":{"allow":["GET"]}}],"collection":[{"href":"https:\/\/www.sprachschule-aktiv-muenchen.de\/it\/wp-json\/wp\/v2\/pages"}],"about":[{"href":"https:\/\/www.sprachschule-aktiv-muenchen.de\/it\/wp-json\/wp\/v2\/types\/page"}],"author":[{"embeddable":true,"href":"https:\/\/www.sprachschule-aktiv-muenchen.de\/it\/wp-json\/wp\/v2\/users\/2"}],"replies":[{"embeddable":true,"href":"https:\/\/www.sprachschule-aktiv-muenchen.de\/it\/wp-json\/wp\/v2\/comments?post=10212"}],"version-history":[{"count":8,"href":"https:\/\/www.sprachschule-aktiv-muenchen.de\/it\/wp-json\/wp\/v2\/pages\/10212\/revisions"}],"predecessor-version":[{"id":70813,"href":"https:\/\/www.sprachschule-aktiv-muenchen.de\/it\/wp-json\/wp\/v2\/pages\/10212\/revisions\/70813"}],"wp:attachment":[{"href":"https:\/\/www.sprachschule-aktiv-muenchen.de\/it\/wp-json\/wp\/v2\/media?parent=10212"}],"curies":[{"name":"wp","href":"https:\/\/api.w.org\/{rel}","templated":true}]}}