{"id":10194,"date":"2017-02-22T22:09:45","date_gmt":"2017-02-22T21:09:45","guid":{"rendered":"https:\/\/www.sprachschule-aktiv-muenchen.de\/?page_id=10194\/"},"modified":"2022-10-04T18:22:21","modified_gmt":"2022-10-04T16:22:21","slug":"tirocini-in-germania","status":"publish","type":"page","link":"https:\/\/www.sprachschule-aktiv-muenchen.de\/it\/tirocini-in-germania\/","title":{"rendered":"Tirocini in Germania"},"content":{"rendered":"<p>[vc_row css=&#8221;.vc_custom_1487796828101{padding-top: 25px !important;padding-bottom: 30px !important;}&#8221;][vc_column][vc_column_text]<\/p>\n<h1>Tirocinio per stranieri a Monaco di Baviera<\/h1>\n<p>Liceo, universit\u00e0, liceale, studente&#8230; Sono concetti noti a molte persone. Ognuno di noi, alla fine di un ciclo di studi, si trova di fronte alla possibilit\u00e0 di essere assunto da qualche impresa. Oggigiorno, per\u00f2, c\u2019\u00e8 sempre una fase intermedia che bisogna sperimentare: il periodo di tirocinio. Il tirocinio \u00e8 un\u2019opportunit\u00e0 offerta da molte aziende, le quali aprono le porte a giovani studenti stranieri per dare loro la possibilit\u00e0 di ottenere un lavoro e di arricchire la loro esperienza. Molti studenti scelgono di rimanere nel paese o nella citt\u00e0 d\u2019origine; molti altri, invece, preferiscono andare all\u2019estero e vivere nuove esperienze. Una tra le mete preferite di questi ultimi \u00e8 proprio la Germania, che ha dimostrato di essere una delle citt\u00e0 con il maggior numero di offerte di lavoro e esperienze lavorative negli ultimi anni.[\/vc_column_text][\/vc_column][\/vc_row][vc_row full_width=&#8221;stretch_row&#8221; css=&#8221;.vc_custom_1487796910733{padding-top: 25px !important;padding-bottom: 30px !important;background-color: #f9f9f9 !important;}&#8221;][vc_column width=&#8221;1\/2&#8243;][vc_column_text]<\/p>\n<h2>Perch\u00e9 scegliere proprio Monaco di Baviera?<\/h2>\n<p>Monaco di Baviera \u00e8 situata a sud della Germania, \u00e8 il capoluogo della Baviera e pu\u00f2 vantare di essere tra le dieci citt\u00e0 europee con la migliore qualit\u00e0 di vita. Famosa per il suo sviluppo e il suo peso economico in Germania, imprese come Allianz e BMW hanno fatto di questa citt\u00e0 il loro quartier generale. \u00c8 un luogo ricco di storia che ti lascer\u00e0 semplicemente senza parole.<\/p>\n<p>Il capoluogo bavarese pu\u00f2 essere considerato una citt\u00e0 giovane, in quanto in esso si trovano due tra le migliori universit\u00e0 al mondo. La TUM e la LMU contribuiscono a rendere Monaco una citt\u00e0 unica e senza eguali in Germania, in Europa, e nel mondo.<\/p>\n<p>Sicurezza e rispetto sono due dei principali pilastri di questa societ\u00e0, per questo la qualit\u00e0 della vita \u00e8 molto elevata. Inoltre avrai la possibilit\u00e0 di conoscere la cucina del luogo, famosa per le salsicce e la birra.[\/vc_column_text][\/vc_column][vc_column width=&#8221;1\/2&#8243;][vc_single_image image=&#8221;10197&#8243; img_size=&#8221;full&#8221; style=&#8221;vc_box_outline&#8221; css=&#8221;.vc_custom_1487797582234{padding-top: 20px !important;}&#8221;][\/vc_column][\/vc_row][vc_row full_width=&#8221;stretch_row&#8221; css=&#8221;.vc_custom_1487796951533{padding-top: 25px !important;padding-bottom: 30px !important;}&#8221;][vc_column][vc_column_text]<\/p>\n<h2>Corso di tedesco con tirocinio a Monaco di Baviera<\/h2>\n<p>Vuoi svolgere un tirocinio a Monaco di Baviera? Da noi alla Sprachschule Aktiv potete imparare il tedesco e contemporaneamente svolgere un tirocinio a Monaco di Baviera. Potete combinare il vostro corso di tedesco con un tirocinio di lavoro. Nella Sprachschule Aktiv M\u00fcnchen offriamo posti per tirocini come insegnanti di lingue e in ufficio.<\/p>\n<h2>Tirocinio \u2013 Prerequisiti, prezzi e descrizione:<\/h2>\n<p>Corso intensivo di tedesco e tirocinio. Prerequisito per lo svolgimento di un posto per il tirocinio \u00e8 la frequenza di un corso di tedesco per minimo 4 settimane nella nostra scuola di lingue.<\/p>\n<p>Corso intensivo di tedesco a tutti i livelli \u2013 20 ore di lezione a settimane. <a title=\"Corsi di tedesco\" href=\"\/it\/corsi-di-tedesco-a-monaco-di-baviera\/\">Trovate qui tutte le informazioni e iscrizioni dei nostri corsi di tedesco!<\/a>[\/vc_column_text][\/vc_column][\/vc_row][vc_row full_width=&#8221;stretch_row&#8221; css=&#8221;.vc_custom_1487797282017{padding-top: 25px !important;padding-bottom: 30px !important;background-color: #f9f9f9 !important;}&#8221;][vc_column width=&#8221;1\/2&#8243;][vc_single_image image=&#8221;10203&#8243; img_size=&#8221;full&#8221; style=&#8221;vc_box_outline&#8221; css=&#8221;.vc_custom_1487797778979{padding-top: 10px !important;}&#8221;][\/vc_column][vc_column width=&#8221;1\/2&#8243;][vc_column_text]<\/p>\n<h2>Tirocinio alla Sprachschule Aktiv<\/h2>\n<p>Nella nostra scuola offriamo tirocini con una durata minima di 4 settimane e massimo 3 mesi. Il tirocinio si svolge contemporaneamente con le lezioni di tedesco:<\/p>\n<ul>\n<li>Corso intensivo di tedesco: ogni giorno, dal luned\u00ec al venerd\u00ec, dalle 9:00 alle 12:00<\/li>\n<li>20 ore di lezione da 45 minuti ciascuna alla settimana<\/li>\n<li>Tirocinio e corso di tedesco per ogni livello<\/li>\n<li>Posto per tirocinio<\/li>\n<li>Assistenza individuale: siamo sempre qui per voi come interlocutori<\/li>\n<li>Certificato di tedesco e attestato del tirocinio<\/li>\n<li>Cultura e programma del tempo libero<\/li>\n<\/ul>\n<p>Prezzi per un tirocinio con corso di tedesco a Monaco di Baviera.<br \/>\nTirocinio e corso intensivo di tedesco per 4 settimane: 499 \u20ac.<br \/>\nPrezzo per il libro e i materiali didattici: 16,99 \u20ac.[\/vc_column_text][\/vc_column][\/vc_row][vc_row full_width=&#8221;stretch_row&#8221; css=&#8221;.vc_custom_1487797355100{padding-top: 25px !important;padding-bottom: 30px !important;}&#8221;][vc_column][vc_column_text]<\/p>\n<h2>Informazioni importanti:<\/h2>\n<ul>\n<li>durata desiderata del tirocinio<\/li>\n<li>inizio desiderato<\/li>\n<li>livello di tedesco<\/li>\n<\/ul>\n<p>Provaci! Precipitati a farlo!<\/p>\n<p>Sei desideroso di iniziare una nuova avventura? Vuoi fare un tirocinio come insegnante di lingua o nell\u2019area del marketing? Sei interessato a vivere nuove esperienze? A imparare e fare pratica con una nuova lingua? A lavorare con persone che hanno svolto un percorso simile al tuo? Sprachschule Aktiv M\u00fcnchen \u00e8 il posto che fa per te! Devi solo compilare un questionario, nel quale puoi parlarci un po\u2019 di te e comunicarci quando avresti intenzione di cominciare. Lo troverai qui nel nostro sito internet.[\/vc_column_text][\/vc_column][\/vc_row]<\/p>\n","protected":false},"excerpt":{"rendered":"<p>[vc_row css=&#8221;.vc_custom_1487796828101{padding-top: 25px !important;padding-bottom: 30px !important;}&#8221;][vc_column][vc_column_text] Tirocinio per stranieri a Monaco di Baviera Liceo, universit\u00e0, liceale, studente&#8230; Sono concetti noti a molte persone. Ognuno di noi, alla fine di un ciclo di studi, si trova di fronte alla possibilit\u00e0 di essere assunto da qualche impresa. Oggigiorno, per\u00f2, c\u2019\u00e8 sempre una fase intermedia che bisogna sperimentare:&hellip; <a class=\"read-more\" href=\"https:\/\/www.sprachschule-aktiv-muenchen.de\/it\/tirocini-in-germania\/\" title=\"Read Tirocini in Germania\">Read more &raquo;<\/a><\/p>\n","protected":false},"author":2,"featured_media":0,"parent":0,"menu_order":0,"comment_status":"closed","ping_status":"closed","template":"","meta":{"footnotes":""},"class_list":["post-10194","page","type-page","status-publish","hentry"],"yoast_head":"<!-- This site is optimized with the Yoast SEO plugin v27.1.1 - https:\/\/yoast.com\/product\/yoast-seo-wordpress\/ -->\n<title>Tirocini in Germania. Tirocini a Monaco di Baviera<\/title>\n<meta name=\"description\" content=\"Tirocini in Germania. Un tirocinio all&#039;estero \u00e8 sempre un&#039;opportunit\u00e0 unica per reperire contatti utili per la tua carriera.\" \/>\n<meta name=\"robots\" content=\"index, follow, max-snippet:-1, max-image-preview:large, max-video-preview:-1\" \/>\n<link rel=\"canonical\" href=\"https:\/\/www.sprachschule-aktiv-muenchen.de\/it\/tirocini-in-germania\/\" \/>\n<meta property=\"og:locale\" content=\"it_IT\" \/>\n<meta property=\"og:type\" content=\"article\" \/>\n<meta property=\"og:title\" content=\"Tirocini in Germania. Tirocini a Monaco di Baviera\" \/>\n<meta property=\"og:description\" content=\"Tirocini in Germania. Un tirocinio all&#039;estero \u00e8 sempre un&#039;opportunit\u00e0 unica per reperire contatti utili per la tua carriera.\" \/>\n<meta property=\"og:url\" content=\"https:\/\/www.sprachschule-aktiv-muenchen.de\/it\/tirocini-in-germania\/\" \/>\n<meta property=\"og:site_name\" content=\"Sprachschule Aktiv\" \/>\n<meta property=\"article:modified_time\" content=\"2022-10-04T16:22:21+00:00\" \/>\n<meta name=\"twitter:card\" content=\"summary_large_image\" \/>\n<meta name=\"twitter:label1\" content=\"Tempo di lettura stimato\" \/>\n\t<meta name=\"twitter:data1\" content=\"4 minuti\" \/>\n<script type=\"application\/ld+json\" class=\"yoast-schema-graph\">{\"@context\":\"https:\/\/schema.org\",\"@graph\":[{\"@type\":\"WebPage\",\"@id\":\"https:\/\/www.sprachschule-aktiv-muenchen.de\/it\/tirocini-in-germania\/\",\"url\":\"https:\/\/www.sprachschule-aktiv-muenchen.de\/it\/tirocini-in-germania\/\",\"name\":\"Tirocini in Germania. Tirocini a Monaco di Baviera\",\"isPartOf\":{\"@id\":\"https:\/\/www.sprachschule-aktiv-muenchen.de\/#website\"},\"datePublished\":\"2017-02-22T21:09:45+00:00\",\"dateModified\":\"2022-10-04T16:22:21+00:00\",\"description\":\"Tirocini in Germania. Un tirocinio all'estero \u00e8 sempre un'opportunit\u00e0 unica per reperire contatti utili per la tua carriera.\",\"breadcrumb\":{\"@id\":\"https:\/\/www.sprachschule-aktiv-muenchen.de\/it\/tirocini-in-germania\/#breadcrumb\"},\"inLanguage\":\"it-IT\",\"potentialAction\":[{\"@type\":\"ReadAction\",\"target\":[\"https:\/\/www.sprachschule-aktiv-muenchen.de\/it\/tirocini-in-germania\/\"]}]},{\"@type\":\"BreadcrumbList\",\"@id\":\"https:\/\/www.sprachschule-aktiv-muenchen.de\/it\/tirocini-in-germania\/#breadcrumb\",\"itemListElement\":[{\"@type\":\"ListItem\",\"position\":1,\"name\":\"Portada\",\"item\":\"https:\/\/www.sprachschule-aktiv-muenchen.de\/it\/\"},{\"@type\":\"ListItem\",\"position\":2,\"name\":\"Tirocini in Germania\"}]},{\"@type\":\"WebSite\",\"@id\":\"https:\/\/www.sprachschule-aktiv-muenchen.de\/#website\",\"url\":\"https:\/\/www.sprachschule-aktiv-muenchen.de\/\",\"name\":\"Sprachschule Aktiv\",\"description\":\"\",\"potentialAction\":[{\"@type\":\"SearchAction\",\"target\":{\"@type\":\"EntryPoint\",\"urlTemplate\":\"https:\/\/www.sprachschule-aktiv-muenchen.de\/?s={search_term_string}\"},\"query-input\":{\"@type\":\"PropertyValueSpecification\",\"valueRequired\":true,\"valueName\":\"search_term_string\"}}],\"inLanguage\":\"it-IT\"}]}<\/script>\n<!-- \/ Yoast SEO plugin. -->","yoast_head_json":{"title":"Tirocini in Germania. Tirocini a Monaco di Baviera","description":"Tirocini in Germania. Un tirocinio all'estero \u00e8 sempre un'opportunit\u00e0 unica per reperire contatti utili per la tua carriera.","robots":{"index":"index","follow":"follow","max-snippet":"max-snippet:-1","max-image-preview":"max-image-preview:large","max-video-preview":"max-video-preview:-1"},"canonical":"https:\/\/www.sprachschule-aktiv-muenchen.de\/it\/tirocini-in-germania\/","og_locale":"it_IT","og_type":"article","og_title":"Tirocini in Germania. Tirocini a Monaco di Baviera","og_description":"Tirocini in Germania. Un tirocinio all'estero \u00e8 sempre un'opportunit\u00e0 unica per reperire contatti utili per la tua carriera.","og_url":"https:\/\/www.sprachschule-aktiv-muenchen.de\/it\/tirocini-in-germania\/","og_site_name":"Sprachschule Aktiv","article_modified_time":"2022-10-04T16:22:21+00:00","twitter_card":"summary_large_image","twitter_misc":{"Tempo di lettura stimato":"4 minuti"},"schema":{"@context":"https:\/\/schema.org","@graph":[{"@type":"WebPage","@id":"https:\/\/www.sprachschule-aktiv-muenchen.de\/it\/tirocini-in-germania\/","url":"https:\/\/www.sprachschule-aktiv-muenchen.de\/it\/tirocini-in-germania\/","name":"Tirocini in Germania. Tirocini a Monaco di Baviera","isPartOf":{"@id":"https:\/\/www.sprachschule-aktiv-muenchen.de\/#website"},"datePublished":"2017-02-22T21:09:45+00:00","dateModified":"2022-10-04T16:22:21+00:00","description":"Tirocini in Germania. Un tirocinio all'estero \u00e8 sempre un'opportunit\u00e0 unica per reperire contatti utili per la tua carriera.","breadcrumb":{"@id":"https:\/\/www.sprachschule-aktiv-muenchen.de\/it\/tirocini-in-germania\/#breadcrumb"},"inLanguage":"it-IT","potentialAction":[{"@type":"ReadAction","target":["https:\/\/www.sprachschule-aktiv-muenchen.de\/it\/tirocini-in-germania\/"]}]},{"@type":"BreadcrumbList","@id":"https:\/\/www.sprachschule-aktiv-muenchen.de\/it\/tirocini-in-germania\/#breadcrumb","itemListElement":[{"@type":"ListItem","position":1,"name":"Portada","item":"https:\/\/www.sprachschule-aktiv-muenchen.de\/it\/"},{"@type":"ListItem","position":2,"name":"Tirocini in Germania"}]},{"@type":"WebSite","@id":"https:\/\/www.sprachschule-aktiv-muenchen.de\/#website","url":"https:\/\/www.sprachschule-aktiv-muenchen.de\/","name":"Sprachschule Aktiv","description":"","potentialAction":[{"@type":"SearchAction","target":{"@type":"EntryPoint","urlTemplate":"https:\/\/www.sprachschule-aktiv-muenchen.de\/?s={search_term_string}"},"query-input":{"@type":"PropertyValueSpecification","valueRequired":true,"valueName":"search_term_string"}}],"inLanguage":"it-IT"}]}},"_links":{"self":[{"href":"https:\/\/www.sprachschule-aktiv-muenchen.de\/it\/wp-json\/wp\/v2\/pages\/10194","targetHints":{"allow":["GET"]}}],"collection":[{"href":"https:\/\/www.sprachschule-aktiv-muenchen.de\/it\/wp-json\/wp\/v2\/pages"}],"about":[{"href":"https:\/\/www.sprachschule-aktiv-muenchen.de\/it\/wp-json\/wp\/v2\/types\/page"}],"author":[{"embeddable":true,"href":"https:\/\/www.sprachschule-aktiv-muenchen.de\/it\/wp-json\/wp\/v2\/users\/2"}],"replies":[{"embeddable":true,"href":"https:\/\/www.sprachschule-aktiv-muenchen.de\/it\/wp-json\/wp\/v2\/comments?post=10194"}],"version-history":[{"count":6,"href":"https:\/\/www.sprachschule-aktiv-muenchen.de\/it\/wp-json\/wp\/v2\/pages\/10194\/revisions"}],"predecessor-version":[{"id":72124,"href":"https:\/\/www.sprachschule-aktiv-muenchen.de\/it\/wp-json\/wp\/v2\/pages\/10194\/revisions\/72124"}],"wp:attachment":[{"href":"https:\/\/www.sprachschule-aktiv-muenchen.de\/it\/wp-json\/wp\/v2\/media?parent=10194"}],"curies":[{"name":"wp","href":"https:\/\/api.w.org\/{rel}","templated":true}]}}