{"id":10170,"date":"2017-02-22T21:50:11","date_gmt":"2017-02-22T20:50:11","guid":{"rendered":"https:\/\/www.sprachschule-aktiv-muenchen.de\/?page_id=10170\/"},"modified":"2022-01-21T14:50:50","modified_gmt":"2022-01-21T13:50:50","slug":"monaco-di-baviera","status":"publish","type":"page","link":"https:\/\/www.sprachschule-aktiv-muenchen.de\/it\/monaco-di-baviera\/","title":{"rendered":"Monaco di Baviera"},"content":{"rendered":"<p>[vc_row css=&#8221;.vc_custom_1486983901440{padding-top: 25px !important;padding-bottom: 30px !important;}&#8221;][vc_column][vc_column_text]<\/p>\n<h1>Tutto su Monaco di Baviera: monumenti, feste, trasporti, eventi!<\/h1>\n<p>[\/vc_column_text][vc_row_inner][vc_column_inner width=&#8221;1\/2&#8243;][vc_column_text]Tutto su Monaco di Baviera: i monumenti e le feste tradizionali pi\u00f9 importanti, le attrazioni, gli eventi, i trasporti e tanto altro riassunti in breve! Informazioni su Monaco.<\/p>\n<h2>In breve tutto su Monaco di Baviera per gli studenti di tedesco \u2013 cose da non perdere!<\/h2>\n<p>Se frequenti un corso di tedesco alla Sprachschule Aktiv, devi assolutamente visitare questa famosa citt\u00e0. In quasi ogni angolo si trova un edificio storico o monumento. I fine settimana sono il momento perfetto per una visita dei luoghi principali bavaresi. Per esempio, a solo un\u2019ora di distanza si pu\u00f2 raggiungere il famoso castello Neuschwanstein. Inoltre i seguenti monumenti non dovrebbero mancare per nessun motivo nel tuo giro turistico.[\/vc_column_text][vc_column_text]Marienplatz (piazza Maria) \u00e8 il centro della zona pedonale, nonch\u00e9 una piazza centrale di Monaco. Da qui si \u00e8 a due passi dal municipio vecchio e nuovo. La piazza ha un sorprendente via vai di gente e da qui si pu\u00f2 sperimentare uno scorcio della vivace vita bavarese.[\/vc_column_text][\/vc_column_inner][vc_column_inner width=&#8221;1\/2&#8243;][vc_single_image image=&#8221;10174&#8243; img_size=&#8221;full&#8221; alignment=&#8221;center&#8221; style=&#8221;vc_box_outline&#8221; css=&#8221;.vc_custom_1487795719003{padding-top: 15px !important;}&#8221;][\/vc_column_inner][\/vc_row_inner][\/vc_column][\/vc_row][vc_row full_width=&#8221;stretch_row&#8221; css=&#8221;.vc_custom_1486999183645{padding-top: 25px !important;padding-bottom: 30px !important;background-color: #f9f9f9 !important;}&#8221;][vc_column][vc_column_text]<\/p>\n<h2>Castello Nymphenburg<\/h2>\n<p>Ampia costruzione di 500 metri a ovest di Monaco, nella zona Neuhausen-Nymphenburg. Interessante non \u00e8 solo il castello, ma anche il parco che vi \u00e8 attorno. Il castello Nymphenburg \u00e8 uno dei castelli reali pi\u00f9 grandi di tutta Europa. In passato era la residenza estiva della casata dei Wittelsbach.<\/p>\n<h2>La Frauenkirche<\/h2>\n<p>Le due torri a cipolla della Frauenkirche rendono Monaco inconfondibile. Le torri sono l\u2019emblema della citt\u00e0. Un tour nella citt\u00e0 antica e una visita della \u201ecattedrale di Nostra Signora\u201c (questo il nome ufficiale della chiesa) \u00e8 d\u2019obbligo.[\/vc_column_text][vc_row_inner][vc_column_inner width=&#8221;1\/2&#8243;][vc_single_image image=&#8221;10183&#8243; img_size=&#8221;full&#8221; alignment=&#8221;center&#8221; style=&#8221;vc_box_outline&#8221;][\/vc_column_inner][vc_column_inner width=&#8221;1\/2&#8243;][vc_single_image image=&#8221;10187&#8243; img_size=&#8221;full&#8221; style=&#8221;vc_box_outline&#8221;][\/vc_column_inner][\/vc_row_inner][\/vc_column][\/vc_row][vc_row full_width=&#8221;stretch_row&#8221; css=&#8221;.vc_custom_1486984054486{padding-top: 25px !important;padding-bottom: 30px !important;}&#8221;][vc_column][vc_column_text]<\/p>\n<h2>Il museo tedesco<\/h2>\n<p>Non si tratta certamente del pi\u00f9 grande museo di scienze naturali e tecniche del mondo, ma \u00e8 sicuramente uno dei pi\u00f9 significativi. Si possono visitare le varie gallerie o scoprire il planetario. Interessante \u00e8 anche la dimostrazione nella quale viene prodotto un fulmine da un milione di Volt.<\/p>\n<h2>Hofbr\u00e4uhaus<\/h2>\n<p>Nessun altro posto mostra il tipico stile di vita tedesco come la Hofbr\u00e4uhaus. Qui i visitatori trovano un\u2019atmosfera che li trasporta nel mondo bavarese. L\u2019edificio del 16. secolo invita a soffermarsi per ammirarne la bellezza.<\/p>\n<h2>Il giardino inglese<\/h2>\n<p>Con una superficie di 375 ettari, il giardino inglese \u00e8 uno dei pi\u00f9 grandi giardini al mondo. Qui vanno sia i visitatori che gli abitanti di Monaco a prendere il sole. C\u2019\u00e8 anche la possibilit\u00e0 di gustare i deliziosi Weissw\u00fcrst, i Brezel e una gradevole birra nei Biergarten.<\/p>\n<h2>La residenza di Monaco<\/h2>\n<p>La residenza di Monaco \u00e8 un castello all\u2019interno della citt\u00e0 ed era una residenza di duchi, re e principi. Comprende in totale 10 cortili ed \u00e8 formata da tre complessi principali. Gi\u00e0 ai tempi di Ludovico I parte della residenza era visitabile. In seguito questa possibilit\u00e0 venne sempre pi\u00f9 ampliata, fino al giorno d\u2019oggi, in cui \u00e8 possibile visitarla quasi per intero.[\/vc_column_text][\/vc_column][\/vc_row][vc_row full_width=&#8221;stretch_row&#8221; css=&#8221;.vc_custom_1487796066005{padding-top: 25px !important;padding-bottom: 30px !important;background-color: #f9f9f9 !important;}&#8221;][vc_column][vc_column_text]<\/p>\n<h2>Pinacoteche<\/h2>\n<p>La vecchia e la nuova pinacoteca, cos\u00ec come la pinacoteca del moderno, fanno parte delle collezioni pi\u00f9 importanti al modo. Chi soggiorna a Monaco a breve o lungo termine deve assolutamente visitarle.<\/p>\n<h2>Alter Peter<\/h2>\n<p>&#8220;Vecchio Pietro&#8221;, cos\u00ec si chiama la torre della chiesa parrocchiale di san Pietro. Si tratta della chiesa pi\u00f9 antica di Monaco e si trova a Odeonsplatz. L\u2019opera pi\u00f9 importante all\u2019interno della chiesa \u00e8 l\u2019altare monumentale del 18. secolo.<\/p>\n<h2>La piazza di Karl \u201eStachus\u201c<\/h2>\n<p>Questa piazza nella citt\u00e0 antica \u00e8 un punto d\u2019incontro per giovani e adulti. Gli edifici che circondano la piazza vennero costruiti tra il 1796 e il 1802.<\/p>\n<h2>Parco olimpionico<\/h2>\n<p>Il parco \u00e8 stato realizzato per i giochi olimpici del 1972. Oggi la struttura viene usata per concerti, eventi sportivi, e serate cinematografiche.[\/vc_column_text][\/vc_column][\/vc_row][vc_row full_width=&#8221;stretch_row&#8221; css=&#8221;.vc_custom_1487796158811{padding-top: 25px !important;padding-bottom: 30px !important;}&#8221;][vc_column][vc_column_text]<\/p>\n<h2>Allianz Arena<\/h2>\n<p>Se si viaggia sulla A9 si riconosce facilmente quest\u2019edificio inconfondibile. Il Bayern Monaco e il 1860 Monaco giocano qui.<\/p>\n<h2>Lo zoo Hellabrunn<\/h2>\n<p>Lo zoo Hellabrunn \u00e8 consigliato per grandi e piccoli, qualsiasi amante degli animali apprezzer\u00e0 il fatto che qui non sono dietro le sbarre. I recinti sono costruiti in modo da far vivere gli animali nella natura.<\/p>\n<h2>Cortile antico<\/h2>\n<p>Un ulteriore complesso di edifici di rilievo, dove vissero i duchi e nobili della Baviera. Oggi all\u2019interno si trovano sale moderne.<\/p>\n<h2>Museo della BMW<\/h2>\n<p>La BMW \u00e8 una delle pi\u00f9 rinomate marche automobilistiche del mondo. In questo museo il visitatore entra direttamente nel mondo dell\u2019automobilismo.<\/p>\n<h2>Odeonsplatz<\/h2>\n<p>Questa piazza \u00e8 in stile italiano. Qui si trova una chiesa nello stile antico barocco e il pi\u00f9 antico caff\u00e8 di Monaco.<\/p>\n<h2>Il teatro statale dell\u2019opera<\/h2>\n<p>Uno dei pi\u00f9 rinomati teatri d\u2019opera al mondo. Per gli appassionati di musica non pu\u00f2 mancare una visita alla piazza Max-Josef. Sul sito si trovano tutti gli eventi da non perdere.[\/vc_column_text][\/vc_column][\/vc_row][vc_row full_width=&#8221;stretch_row&#8221; css=&#8221;.vc_custom_1487796337284{padding-top: 25px !important;padding-bottom: 30px !important;background-color: #f9f9f9 !important;}&#8221;][vc_column][vc_column_text]<\/p>\n<h2>Il giardino botanico<\/h2>\n<p>Il giardino botanico offre un viaggio nel mondo delle piante esotiche. Puoi trovare un\u2019ampia variet\u00e0 di piante, dai castagni tedeschi ai cactus sudamericani.<\/p>\n<h2>Viktualienmarkt<\/h2>\n<p>Qui il visitatore di Monaco trova specialit\u00e0 bavaresi e piatti esotici, frutta e verdura sempre fresche. Vivere il mercato rende la spesa divertente.<\/p>\n<h2>La rete di trasporto a Monaco di Baviera<\/h2>\n<p>A Monaco si ha la fortuna di fare affidamento su un\u2019ottima organizzazione dei mezzi di trasporto, sugli orari di metro, tram e autobus e sulla loro puntualit\u00e0. Solo con la metro U6 si possono raggiungere ad esempio Fr\u00f6ttmaning, dove si trova l&#8217;Allianz Arena, le stazioni Universit\u00e4t, M\u00fcnchner Freiheit, Sendlinger Tor e Marienplatz. In quest\u2019ultima si pu\u00f2 cambiare per qualsiasi linea della metro.<br \/>\nQui il link della metro: <a title=\"Verkehrsnetz M\u00fcnchen\" href=\"http:\/\/www.muenchen.de\/verkehr\/fahrplaene-fahrkarten\/fahrplaene.html\" target=\"_blank\" rel=\"noopener noreferrer\">http:\/\/www.muenchen.de\/verkehr\/fahrplaene-fahrkarten\/fahrplaene.html<\/a><\/p>\n<h2>Eventi e feste tradizionali a Monaco<\/h2>\n<p>Durante tutto l\u2019anno \u00e8 possibile approfittare delle feste popolari. Da piccoli eventi come il Fr\u00fchlingsfest, Auer Dulten, Magdalenenfest, Stadtgr\u00fcndungsfest al rinomato Oktoberfest, la festa estiva nel parco olimpionico. Non perdetevi questi eventi, potrai avere un assaggio della cultura bavarese sia di giorno che di notte.<\/p>\n<p>Per esempio, nelle notti estive vengono programmate serate cinematografiche nel parco olimpico, dove ci si pu\u00f2 godere un film in comodit\u00e0 all\u2019aperto con patatine e pop-corn. A giugno c\u2019\u00e8 anche la Theresienwiese: per tre giorni nel quartiere africano potrai vivere in prima persona la cultura dell\u2019Africa grazie alle specialit\u00e0 e ai piatti tipici. Sempre d\u2019estate, se vuoi divertirti con concerti e musica dal vivo, non perderti il festival Streetlife, che offre attivit\u00e0 creative e sportive.<\/p>\n<h2>Monaco di Baviera in inverno: mercatini di Natale e molto altro\u2026<\/h2>\n<p>Ora che hai avuto una panoramica degli eventi estivi, ecco alcune dritte sull\u2019inverno:<\/p>\n<p>Chi non ama in una tipica serata d&#8217;inverno passeggiare tra i mercatini di Natale e lasciarsi trasportare dallo spirito del Natale? A Marienplatz si trovano i famosi mercatini di Natale, dove troverai 160 bancarelle con prodotti di artigianato, specialit\u00e0 culinarie, oggetti in vimini e altro ancora. Il posto perfetto per passeggiare e comprare regali.[\/vc_column_text][\/vc_column][\/vc_row][vc_row full_width=&#8221;stretch_row&#8221; equal_height=&#8221;yes&#8221; content_placement=&#8221;middle&#8221; el_class=&#8221;action-box m-b-none theme-bg-color&#8221; css=&#8221;.vc_custom_1486984496128{padding-top: 25px !important;padding-bottom: 30px !important;}&#8221;][vc_column width=&#8221;2\/3&#8243;][vc_column_text]<\/p>\n<h3>Siamo qui per te!<\/h3>\n<p>Impara il tedesco a Monaco di Baviera &#8211; Germania. Corsi di tedesco per principianti e avanzati nella nostra scuola di tedesco a Monaco di Baviera.[\/vc_column_text][\/vc_column][vc_column width=&#8221;1\/3&#8243; el_class=&#8221;text-right&#8221;]\t<div class=\"vc_btn3-container vc_btn3-inline\">\r\n\t\t<a href=\"\/it\/contatto\/\" class=\"pgs_btn pgs_btn_style_3 pgs_btn_xl\">\r\n\t\t\t<span>\r\n\t\t\t\tContattaci!\t\t\t<\/span>\r\n\t\t\t\t\t\t<i class=\"fa fa-chevron-right\"><\/i>\r\n\t\t\t\t\t<\/a>\r\n\t<\/div>\r\n\t[\/vc_column][\/vc_row]<\/p>\n","protected":false},"excerpt":{"rendered":"<p>[vc_row css=&#8221;.vc_custom_1486983901440{padding-top: 25px !important;padding-bottom: 30px !important;}&#8221;][vc_column][vc_column_text] Tutto su Monaco di Baviera: monumenti, feste, trasporti, eventi! [\/vc_column_text][vc_row_inner][vc_column_inner width=&#8221;1\/2&#8243;][vc_column_text]Tutto su Monaco di Baviera: i monumenti e le feste tradizionali pi\u00f9 importanti, le attrazioni, gli eventi, i trasporti e tanto altro riassunti in breve! Informazioni su Monaco. In breve tutto su Monaco di Baviera per gli studenti di&hellip; <a class=\"read-more\" href=\"https:\/\/www.sprachschule-aktiv-muenchen.de\/it\/monaco-di-baviera\/\" title=\"Read Monaco di Baviera\">Read more &raquo;<\/a><\/p>\n","protected":false},"author":2,"featured_media":0,"parent":0,"menu_order":0,"comment_status":"closed","ping_status":"closed","template":"","meta":{"footnotes":""},"class_list":["post-10170","page","type-page","status-publish","hentry"],"yoast_head":"<!-- This site is optimized with the Yoast SEO plugin v27.1.1 - https:\/\/yoast.com\/product\/yoast-seo-wordpress\/ -->\n<title>Monaco di Baviera: monumenti, feste, trasporti<\/title>\n<meta name=\"description\" content=\"Tutto su Monaco di Baviera: monumenti, feste, trasporti, eventi! Vivi Monaco con noi. Al di la&#039; dei corsi vi sono diverse possibilita\" \/>\n<meta name=\"robots\" content=\"index, follow, max-snippet:-1, max-image-preview:large, max-video-preview:-1\" \/>\n<link rel=\"canonical\" href=\"https:\/\/www.sprachschule-aktiv-muenchen.de\/it\/monaco-di-baviera\/\" \/>\n<meta property=\"og:locale\" content=\"it_IT\" \/>\n<meta property=\"og:type\" content=\"article\" \/>\n<meta property=\"og:title\" content=\"Monaco di Baviera: monumenti, feste, trasporti\" \/>\n<meta property=\"og:description\" content=\"Tutto su Monaco di Baviera: monumenti, feste, trasporti, eventi! Vivi Monaco con noi. Al di la&#039; dei corsi vi sono diverse possibilita\" \/>\n<meta property=\"og:url\" content=\"https:\/\/www.sprachschule-aktiv-muenchen.de\/it\/monaco-di-baviera\/\" \/>\n<meta property=\"og:site_name\" content=\"Sprachschule Aktiv\" \/>\n<meta property=\"article:modified_time\" content=\"2022-01-21T13:50:50+00:00\" \/>\n<meta name=\"twitter:card\" content=\"summary_large_image\" \/>\n<meta name=\"twitter:label1\" content=\"Tempo di lettura stimato\" \/>\n\t<meta name=\"twitter:data1\" content=\"7 minuti\" \/>\n<script type=\"application\/ld+json\" class=\"yoast-schema-graph\">{\"@context\":\"https:\/\/schema.org\",\"@graph\":[{\"@type\":\"WebPage\",\"@id\":\"https:\/\/www.sprachschule-aktiv-muenchen.de\/it\/monaco-di-baviera\/\",\"url\":\"https:\/\/www.sprachschule-aktiv-muenchen.de\/it\/monaco-di-baviera\/\",\"name\":\"Monaco di Baviera: monumenti, feste, trasporti\",\"isPartOf\":{\"@id\":\"https:\/\/www.sprachschule-aktiv-muenchen.de\/#website\"},\"datePublished\":\"2017-02-22T20:50:11+00:00\",\"dateModified\":\"2022-01-21T13:50:50+00:00\",\"description\":\"Tutto su Monaco di Baviera: monumenti, feste, trasporti, eventi! Vivi Monaco con noi. Al di la' dei corsi vi sono diverse possibilita\",\"breadcrumb\":{\"@id\":\"https:\/\/www.sprachschule-aktiv-muenchen.de\/it\/monaco-di-baviera\/#breadcrumb\"},\"inLanguage\":\"it-IT\",\"potentialAction\":[{\"@type\":\"ReadAction\",\"target\":[\"https:\/\/www.sprachschule-aktiv-muenchen.de\/it\/monaco-di-baviera\/\"]}]},{\"@type\":\"BreadcrumbList\",\"@id\":\"https:\/\/www.sprachschule-aktiv-muenchen.de\/it\/monaco-di-baviera\/#breadcrumb\",\"itemListElement\":[{\"@type\":\"ListItem\",\"position\":1,\"name\":\"Portada\",\"item\":\"https:\/\/www.sprachschule-aktiv-muenchen.de\/it\/\"},{\"@type\":\"ListItem\",\"position\":2,\"name\":\"Monaco di Baviera\"}]},{\"@type\":\"WebSite\",\"@id\":\"https:\/\/www.sprachschule-aktiv-muenchen.de\/#website\",\"url\":\"https:\/\/www.sprachschule-aktiv-muenchen.de\/\",\"name\":\"Sprachschule Aktiv\",\"description\":\"\",\"potentialAction\":[{\"@type\":\"SearchAction\",\"target\":{\"@type\":\"EntryPoint\",\"urlTemplate\":\"https:\/\/www.sprachschule-aktiv-muenchen.de\/?s={search_term_string}\"},\"query-input\":{\"@type\":\"PropertyValueSpecification\",\"valueRequired\":true,\"valueName\":\"search_term_string\"}}],\"inLanguage\":\"it-IT\"}]}<\/script>\n<!-- \/ Yoast SEO plugin. -->","yoast_head_json":{"title":"Monaco di Baviera: monumenti, feste, trasporti","description":"Tutto su Monaco di Baviera: monumenti, feste, trasporti, eventi! Vivi Monaco con noi. Al di la' dei corsi vi sono diverse possibilita","robots":{"index":"index","follow":"follow","max-snippet":"max-snippet:-1","max-image-preview":"max-image-preview:large","max-video-preview":"max-video-preview:-1"},"canonical":"https:\/\/www.sprachschule-aktiv-muenchen.de\/it\/monaco-di-baviera\/","og_locale":"it_IT","og_type":"article","og_title":"Monaco di Baviera: monumenti, feste, trasporti","og_description":"Tutto su Monaco di Baviera: monumenti, feste, trasporti, eventi! Vivi Monaco con noi. Al di la' dei corsi vi sono diverse possibilita","og_url":"https:\/\/www.sprachschule-aktiv-muenchen.de\/it\/monaco-di-baviera\/","og_site_name":"Sprachschule Aktiv","article_modified_time":"2022-01-21T13:50:50+00:00","twitter_card":"summary_large_image","twitter_misc":{"Tempo di lettura stimato":"7 minuti"},"schema":{"@context":"https:\/\/schema.org","@graph":[{"@type":"WebPage","@id":"https:\/\/www.sprachschule-aktiv-muenchen.de\/it\/monaco-di-baviera\/","url":"https:\/\/www.sprachschule-aktiv-muenchen.de\/it\/monaco-di-baviera\/","name":"Monaco di Baviera: monumenti, feste, trasporti","isPartOf":{"@id":"https:\/\/www.sprachschule-aktiv-muenchen.de\/#website"},"datePublished":"2017-02-22T20:50:11+00:00","dateModified":"2022-01-21T13:50:50+00:00","description":"Tutto su Monaco di Baviera: monumenti, feste, trasporti, eventi! Vivi Monaco con noi. Al di la' dei corsi vi sono diverse possibilita","breadcrumb":{"@id":"https:\/\/www.sprachschule-aktiv-muenchen.de\/it\/monaco-di-baviera\/#breadcrumb"},"inLanguage":"it-IT","potentialAction":[{"@type":"ReadAction","target":["https:\/\/www.sprachschule-aktiv-muenchen.de\/it\/monaco-di-baviera\/"]}]},{"@type":"BreadcrumbList","@id":"https:\/\/www.sprachschule-aktiv-muenchen.de\/it\/monaco-di-baviera\/#breadcrumb","itemListElement":[{"@type":"ListItem","position":1,"name":"Portada","item":"https:\/\/www.sprachschule-aktiv-muenchen.de\/it\/"},{"@type":"ListItem","position":2,"name":"Monaco di Baviera"}]},{"@type":"WebSite","@id":"https:\/\/www.sprachschule-aktiv-muenchen.de\/#website","url":"https:\/\/www.sprachschule-aktiv-muenchen.de\/","name":"Sprachschule Aktiv","description":"","potentialAction":[{"@type":"SearchAction","target":{"@type":"EntryPoint","urlTemplate":"https:\/\/www.sprachschule-aktiv-muenchen.de\/?s={search_term_string}"},"query-input":{"@type":"PropertyValueSpecification","valueRequired":true,"valueName":"search_term_string"}}],"inLanguage":"it-IT"}]}},"_links":{"self":[{"href":"https:\/\/www.sprachschule-aktiv-muenchen.de\/it\/wp-json\/wp\/v2\/pages\/10170","targetHints":{"allow":["GET"]}}],"collection":[{"href":"https:\/\/www.sprachschule-aktiv-muenchen.de\/it\/wp-json\/wp\/v2\/pages"}],"about":[{"href":"https:\/\/www.sprachschule-aktiv-muenchen.de\/it\/wp-json\/wp\/v2\/types\/page"}],"author":[{"embeddable":true,"href":"https:\/\/www.sprachschule-aktiv-muenchen.de\/it\/wp-json\/wp\/v2\/users\/2"}],"replies":[{"embeddable":true,"href":"https:\/\/www.sprachschule-aktiv-muenchen.de\/it\/wp-json\/wp\/v2\/comments?post=10170"}],"version-history":[{"count":11,"href":"https:\/\/www.sprachschule-aktiv-muenchen.de\/it\/wp-json\/wp\/v2\/pages\/10170\/revisions"}],"predecessor-version":[{"id":70814,"href":"https:\/\/www.sprachschule-aktiv-muenchen.de\/it\/wp-json\/wp\/v2\/pages\/10170\/revisions\/70814"}],"wp:attachment":[{"href":"https:\/\/www.sprachschule-aktiv-muenchen.de\/it\/wp-json\/wp\/v2\/media?parent=10170"}],"curies":[{"name":"wp","href":"https:\/\/api.w.org\/{rel}","templated":true}]}}