{"id":10162,"date":"2017-02-22T21:24:48","date_gmt":"2017-02-22T20:24:48","guid":{"rendered":"https:\/\/www.sprachschule-aktiv-muenchen.de\/?page_id=10162\/"},"modified":"2019-12-07T07:34:18","modified_gmt":"2019-12-07T06:34:18","slug":"foto-video-scuola-tedesco","status":"publish","type":"page","link":"https:\/\/www.sprachschule-aktiv-muenchen.de\/it\/foto-video-scuola-tedesco\/","title":{"rendered":"Foto"},"content":{"rendered":"<p>[vc_row css=&#8221;.vc_custom_1485869744923{margin-top: 25px !important;padding-bottom: 10px !important;}&#8221;][vc_column][vc_column_text]<\/p>\n<h1>Video e foto della nostra scuola di tedesco a Monaco di Baviera<\/h1>\n<p><iframe src=\"https:\/\/www.youtube.com\/embed\/60V55dRmBMk\" width=\"560\" height=\"315\" frameborder=\"0\" allowfullscreen=\"allowfullscreen\"><\/iframe><br \/>\nLa nostra scuola di lingua a Monaco di Baviera si trova in una posizione comoda, nel centro di Monaco, in He\u00dfstra\u00dfe 90, 80797. Qui puoi prenotare una stanza se vuoi fare un corso privato oppure i nostri insegnanti possono venire direttamente a casa tua! Puoi quindi goderti la lezione nella comodit\u00e0 di casa tua, nel tuo ufficio o nella nostra scuola, la scelta sta a te!<\/p>\n<p><a href=\"\/it\/corsi-di-tedesco-a-monaco-di-baviera\/\">Ulteriori informazioni riguardo ai corsi intensivi<\/a><br \/>\n<iframe src=\"https:\/\/www.youtube.com\/embed\/wICUuRyLBnI\" width=\"560\" height=\"315\" frameborder=\"0\" allowfullscreen=\"allowfullscreen\"><\/iframe><br \/>\n<iframe src=\"https:\/\/www.youtube.com\/embed\/8Xz6f9vbIRQ\" width=\"560\" height=\"315\" frameborder=\"0\" allowfullscreen=\"allowfullscreen\"><\/iframe>[\/vc_column_text][\/vc_column][\/vc_row][vc_row full_width=&#8221;stretch_row&#8221; css=&#8221;.vc_custom_1487794734051{margin-top: 25px !important;padding-top: 20px !important;padding-bottom: 30px !important;background-color: #f9f9f9 !important;}&#8221;][vc_column][vc_column_text]<\/p>\n<h2>Video e foto della nostra scuola di tedesco<\/h2>\n<p>[\/vc_column_text][vc_row_inner][vc_column_inner width=&#8221;1\/2&#8243;][vc_video link=&#8221;https:\/\/www.youtube.com\/watch?v=7h324PgmehA&#8221;][\/vc_column_inner][vc_column_inner width=&#8221;1\/2&#8243;][vc_video link=&#8221;https:\/\/www.youtube.com\/watch?v=b27ziPDRNkw&#8221;][\/vc_column_inner][\/vc_row_inner][\/vc_column][\/vc_row][vc_row css=&#8221;.vc_custom_1485869205670{margin-top: 10px !important;padding-bottom: 30px !important;}&#8221;][vc_column][vc_column_text css=&#8221;.vc_custom_1518105465615{margin-bottom: 15px !important;padding-bottom: 15px !important;}&#8221;]<\/p>\n<h2>Video e foto della nostra scuola di lingue di tedesco, partecipanti e corsi di tedesco a Monaco di Baviera<\/h2>\n<p>Imparare tedesco a Monaco di Baviera divertendosi! Qua trovate le foto e i video della nostra scuola di lingue di tedesco, delle aule e dei partecipanti dei nostri corsi di tedesco a Monaco di Baviera. Qua potete trovare le date di inizio delle lezioni e i prezzi dei <a href=\"\/it\/corsi-di-tedesco-a-monaco-di-baviera\/\">nostri corsi di tedesco<\/a>.<\/p>\n<h2>Vivete Monaco di Baviera con noi! Dopo le lezioni ci sono molte possibilit\u00e0 per organizzare il vostro tempo libero al meglio<\/h2>\n<p>Vi aiutiamo a prendere contatti e trovare nuovi amici, organizziamo feste e attivit\u00e0 con la gente del posto cos\u00ec potete abbattere le barriere linguistiche in breve tempo. Potete esercitare la lingua che state imparando, fare nuove amicizie e le vostre conoscenze linguistiche verranno approfondite.[\/vc_column_text][vc_gallery type=&#8221;image_grid&#8221; images=&#8221;15001,15018,15035,15052,15069,15086,15104,15121,15138,15155,15172,15189,15206,15223,15240,15257,15274,15291,15308,15325,15342,15359,15376,15393,15410,15427,15444,15461,15478,15495,15512,15529,15546,15563,15580,15597,15614,15631,15648&#8243;][vc_column_text]<\/p>\n<h2>Vogliamo mostrarvi alcune foto e dei video della nostra meravigliosa citt\u00e0<\/h2>\n<p>La capitale bavarese di Monaco \u00e8 il luogo ideale per imparare tedesco grazie al corso di tedesco in cui si stabiliscono i contatti necessari per una carriera lavorativa o di studio duratura. Monaco di Baviera \u00e8 la punta dell\u2019iceberg: dalla societ\u00e0 calcistica di serie A come il FC Bayern M\u00fcnchen alle imprese come la Siemens, dalle case automobilistiche come la BMW agli organizzatori dei concerti. Inoltre, la metropoli \u00e8 il centro tecnologico dell\u2019industria cinematografica e di quella televisiva ed \u00e8 la capitale tedesca del libro e dei media.<\/p>\n<p>\u00c8 la citt\u00e0 preferita dei tedeschi, soprattutto per qualit\u00e0 di vita e per sicurezza. A Monaco di Baviera ristoranti, bar e discoteche si distinguono per la loro vivacit\u00e0 e la tradizionale atmosfera bavarese. Gli amanti della cultura di tutti i tipi troveranno eccellenti musei, numerosi cinema e la variet\u00e0 del Tempio delle Muse \u2013 dall\u2019opera allo stadio Olympia, la patria degli eventi musicali.<\/p>\n<p>Chi vuole godersi la proverbiale accoglienza bavarese, trover\u00e0 un luogo accogliente in una delle birrerie tradizionali. La citt\u00e0 di Monaco di Baviera rende il periodo di studio durante il corso di tedesco un\u2019esperienza unica. E non perdetevi la pi\u00f9 grande e miglior festa popolare al mondo, l\u2019Oktoberfest a Monaco di Baviera.[\/vc_column_text][\/vc_column][\/vc_row][vc_row full_width=&#8221;stretch_row&#8221; equal_height=&#8221;yes&#8221; content_placement=&#8221;middle&#8221; el_class=&#8221;action-box m-b-none theme-bg-color&#8221; css=&#8221;.vc_custom_1487762904994{padding-top: 25px !important;padding-bottom: 30px !important;}&#8221;][vc_column width=&#8221;2\/3&#8243;][vc_column_text]<\/p>\n<h3 class=\"text-white\">Contattaci qui!<\/h3>\n<p class=\"text-white\">La scuola di lingua tedesca \u201cSprachschule Aktiv\u201d \u00e8 specializzata nei corsi di tedesco.<\/p>\n<p>[\/vc_column_text][\/vc_column][vc_column width=&#8221;1\/3&#8243; el_class=&#8221;text-right&#8221;]\t<div class=\"vc_btn3-container vc_btn3-inline\">\r\n\t\t<a href=\"\/it\/contatto\/\" class=\"pgs_btn pgs_btn_style_3 pgs_btn_xl\">\r\n\t\t\t<span>\r\n\t\t\t\tHai bisogno di aiuto?\t\t\t<\/span>\r\n\t\t\t\t\t\t<i class=\"fa fa-chevron-right\"><\/i>\r\n\t\t\t\t\t<\/a>\r\n\t<\/div>\r\n\t[\/vc_column][\/vc_row]<\/p>\n","protected":false},"excerpt":{"rendered":"<p>[vc_row css=&#8221;.vc_custom_1485869744923{margin-top: 25px !important;padding-bottom: 10px !important;}&#8221;][vc_column][vc_column_text] Video e foto della nostra scuola di tedesco a Monaco di Baviera La nostra scuola di lingua a Monaco di Baviera si trova in una posizione comoda, nel centro di Monaco, in He\u00dfstra\u00dfe 90, 80797. Qui puoi prenotare una stanza se vuoi fare un corso privato oppure i nostri&hellip; <a class=\"read-more\" href=\"https:\/\/www.sprachschule-aktiv-muenchen.de\/it\/foto-video-scuola-tedesco\/\" title=\"Read Foto\">Read more &raquo;<\/a><\/p>\n","protected":false},"author":2,"featured_media":0,"parent":0,"menu_order":0,"comment_status":"closed","ping_status":"closed","template":"","meta":{"footnotes":""},"class_list":["post-10162","page","type-page","status-publish","hentry"],"yoast_head":"<!-- This site is optimized with the Yoast SEO plugin v27.1.1 - https:\/\/yoast.com\/product\/yoast-seo-wordpress\/ -->\n<title>Foto e Video Corsi di Tedesco a Monaco<\/title>\n<meta name=\"description\" content=\"\u200bVideo e foto della nostra scuola di tedesco a Monaco di Baviera. Video e Foto dei nostri corsi di tedesco a Monaco di Baviera.\" \/>\n<meta name=\"robots\" content=\"index, follow, max-snippet:-1, max-image-preview:large, max-video-preview:-1\" \/>\n<link rel=\"canonical\" href=\"https:\/\/www.sprachschule-aktiv-muenchen.de\/it\/foto-video-scuola-tedesco\/\" \/>\n<meta property=\"og:locale\" content=\"it_IT\" \/>\n<meta property=\"og:type\" content=\"article\" \/>\n<meta property=\"og:title\" content=\"Foto e Video Corsi di Tedesco a Monaco\" \/>\n<meta property=\"og:description\" content=\"\u200bVideo e foto della nostra scuola di tedesco a Monaco di Baviera. Video e Foto dei nostri corsi di tedesco a Monaco di Baviera.\" \/>\n<meta property=\"og:url\" content=\"https:\/\/www.sprachschule-aktiv-muenchen.de\/it\/foto-video-scuola-tedesco\/\" \/>\n<meta property=\"og:site_name\" content=\"Sprachschule Aktiv\" \/>\n<meta property=\"article:modified_time\" content=\"2019-12-07T06:34:18+00:00\" \/>\n<meta name=\"twitter:card\" content=\"summary_large_image\" \/>\n<meta name=\"twitter:label1\" content=\"Tempo di lettura stimato\" \/>\n\t<meta name=\"twitter:data1\" content=\"3 minuti\" \/>\n<script type=\"application\/ld+json\" class=\"yoast-schema-graph\">{\"@context\":\"https:\/\/schema.org\",\"@graph\":[{\"@type\":\"WebPage\",\"@id\":\"https:\/\/www.sprachschule-aktiv-muenchen.de\/it\/foto-video-scuola-tedesco\/\",\"url\":\"https:\/\/www.sprachschule-aktiv-muenchen.de\/it\/foto-video-scuola-tedesco\/\",\"name\":\"Foto e Video Corsi di Tedesco a Monaco\",\"isPartOf\":{\"@id\":\"https:\/\/www.sprachschule-aktiv-muenchen.de\/#website\"},\"datePublished\":\"2017-02-22T20:24:48+00:00\",\"dateModified\":\"2019-12-07T06:34:18+00:00\",\"description\":\"\u200bVideo e foto della nostra scuola di tedesco a Monaco di Baviera. Video e Foto dei nostri corsi di tedesco a Monaco di Baviera.\",\"breadcrumb\":{\"@id\":\"https:\/\/www.sprachschule-aktiv-muenchen.de\/it\/foto-video-scuola-tedesco\/#breadcrumb\"},\"inLanguage\":\"it-IT\",\"potentialAction\":[{\"@type\":\"ReadAction\",\"target\":[\"https:\/\/www.sprachschule-aktiv-muenchen.de\/it\/foto-video-scuola-tedesco\/\"]}]},{\"@type\":\"BreadcrumbList\",\"@id\":\"https:\/\/www.sprachschule-aktiv-muenchen.de\/it\/foto-video-scuola-tedesco\/#breadcrumb\",\"itemListElement\":[{\"@type\":\"ListItem\",\"position\":1,\"name\":\"Portada\",\"item\":\"https:\/\/www.sprachschule-aktiv-muenchen.de\/it\/\"},{\"@type\":\"ListItem\",\"position\":2,\"name\":\"Foto\"}]},{\"@type\":\"WebSite\",\"@id\":\"https:\/\/www.sprachschule-aktiv-muenchen.de\/#website\",\"url\":\"https:\/\/www.sprachschule-aktiv-muenchen.de\/\",\"name\":\"Sprachschule Aktiv\",\"description\":\"\",\"potentialAction\":[{\"@type\":\"SearchAction\",\"target\":{\"@type\":\"EntryPoint\",\"urlTemplate\":\"https:\/\/www.sprachschule-aktiv-muenchen.de\/?s={search_term_string}\"},\"query-input\":{\"@type\":\"PropertyValueSpecification\",\"valueRequired\":true,\"valueName\":\"search_term_string\"}}],\"inLanguage\":\"it-IT\"}]}<\/script>\n<!-- \/ Yoast SEO plugin. -->","yoast_head_json":{"title":"Foto e Video Corsi di Tedesco a Monaco","description":"\u200bVideo e foto della nostra scuola di tedesco a Monaco di Baviera. Video e Foto dei nostri corsi di tedesco a Monaco di Baviera.","robots":{"index":"index","follow":"follow","max-snippet":"max-snippet:-1","max-image-preview":"max-image-preview:large","max-video-preview":"max-video-preview:-1"},"canonical":"https:\/\/www.sprachschule-aktiv-muenchen.de\/it\/foto-video-scuola-tedesco\/","og_locale":"it_IT","og_type":"article","og_title":"Foto e Video Corsi di Tedesco a Monaco","og_description":"\u200bVideo e foto della nostra scuola di tedesco a Monaco di Baviera. Video e Foto dei nostri corsi di tedesco a Monaco di Baviera.","og_url":"https:\/\/www.sprachschule-aktiv-muenchen.de\/it\/foto-video-scuola-tedesco\/","og_site_name":"Sprachschule Aktiv","article_modified_time":"2019-12-07T06:34:18+00:00","twitter_card":"summary_large_image","twitter_misc":{"Tempo di lettura stimato":"3 minuti"},"schema":{"@context":"https:\/\/schema.org","@graph":[{"@type":"WebPage","@id":"https:\/\/www.sprachschule-aktiv-muenchen.de\/it\/foto-video-scuola-tedesco\/","url":"https:\/\/www.sprachschule-aktiv-muenchen.de\/it\/foto-video-scuola-tedesco\/","name":"Foto e Video Corsi di Tedesco a Monaco","isPartOf":{"@id":"https:\/\/www.sprachschule-aktiv-muenchen.de\/#website"},"datePublished":"2017-02-22T20:24:48+00:00","dateModified":"2019-12-07T06:34:18+00:00","description":"\u200bVideo e foto della nostra scuola di tedesco a Monaco di Baviera. Video e Foto dei nostri corsi di tedesco a Monaco di Baviera.","breadcrumb":{"@id":"https:\/\/www.sprachschule-aktiv-muenchen.de\/it\/foto-video-scuola-tedesco\/#breadcrumb"},"inLanguage":"it-IT","potentialAction":[{"@type":"ReadAction","target":["https:\/\/www.sprachschule-aktiv-muenchen.de\/it\/foto-video-scuola-tedesco\/"]}]},{"@type":"BreadcrumbList","@id":"https:\/\/www.sprachschule-aktiv-muenchen.de\/it\/foto-video-scuola-tedesco\/#breadcrumb","itemListElement":[{"@type":"ListItem","position":1,"name":"Portada","item":"https:\/\/www.sprachschule-aktiv-muenchen.de\/it\/"},{"@type":"ListItem","position":2,"name":"Foto"}]},{"@type":"WebSite","@id":"https:\/\/www.sprachschule-aktiv-muenchen.de\/#website","url":"https:\/\/www.sprachschule-aktiv-muenchen.de\/","name":"Sprachschule Aktiv","description":"","potentialAction":[{"@type":"SearchAction","target":{"@type":"EntryPoint","urlTemplate":"https:\/\/www.sprachschule-aktiv-muenchen.de\/?s={search_term_string}"},"query-input":{"@type":"PropertyValueSpecification","valueRequired":true,"valueName":"search_term_string"}}],"inLanguage":"it-IT"}]}},"_links":{"self":[{"href":"https:\/\/www.sprachschule-aktiv-muenchen.de\/it\/wp-json\/wp\/v2\/pages\/10162","targetHints":{"allow":["GET"]}}],"collection":[{"href":"https:\/\/www.sprachschule-aktiv-muenchen.de\/it\/wp-json\/wp\/v2\/pages"}],"about":[{"href":"https:\/\/www.sprachschule-aktiv-muenchen.de\/it\/wp-json\/wp\/v2\/types\/page"}],"author":[{"embeddable":true,"href":"https:\/\/www.sprachschule-aktiv-muenchen.de\/it\/wp-json\/wp\/v2\/users\/2"}],"replies":[{"embeddable":true,"href":"https:\/\/www.sprachschule-aktiv-muenchen.de\/it\/wp-json\/wp\/v2\/comments?post=10162"}],"version-history":[{"count":2,"href":"https:\/\/www.sprachschule-aktiv-muenchen.de\/it\/wp-json\/wp\/v2\/pages\/10162\/revisions"}],"predecessor-version":[{"id":53335,"href":"https:\/\/www.sprachschule-aktiv-muenchen.de\/it\/wp-json\/wp\/v2\/pages\/10162\/revisions\/53335"}],"wp:attachment":[{"href":"https:\/\/www.sprachschule-aktiv-muenchen.de\/it\/wp-json\/wp\/v2\/media?parent=10162"}],"curies":[{"name":"wp","href":"https:\/\/api.w.org\/{rel}","templated":true}]}}