{"id":10154,"date":"2017-02-22T21:11:00","date_gmt":"2017-02-22T20:11:00","guid":{"rendered":"https:\/\/www.sprachschule-aktiv-muenchen.de\/?page_id=10154\/"},"modified":"2022-01-21T12:15:10","modified_gmt":"2022-01-21T11:15:10","slug":"scuola-di-lingua-tedesca-monaco-di-baviera","status":"publish","type":"page","link":"https:\/\/www.sprachschule-aktiv-muenchen.de\/it\/scuola-di-lingua-tedesca-monaco-di-baviera\/","title":{"rendered":"Scuola di Lingua"},"content":{"rendered":"<p>[vc_row css=&#8221;.vc_custom_1486982816298{padding-top: 25px !important;padding-bottom: 30px !important;}&#8221;][vc_column][vc_column_text]<\/p>\n<h1>La nostra scuola di lingua tedesca a Monaco di Baviera<\/h1>\n<h2>Chi siamo: &#8220;Sprachschule Aktiv&#8221;<\/h2>\n<p><iframe src=\"https:\/\/www.youtube.com\/embed\/60V55dRmBMk\" width=\"560\" height=\"315\" frameborder=\"0\" allowfullscreen=\"allowfullscreen\"><\/iframe><br \/>\nImparare il tedesco non solo ti permetter\u00e0 di conoscere una cultura diversa da quella a cui sei abituato, ma anche di ampliare le tue conoscenze generali e di avere migliori possibilit\u00e0 di lavoro. E, in aggiunta a tutto ci\u00f2, conoscerai anche gente nuova. Unisciti alla nostra Sprachschule Aktiv a Monaco di Baviera: non ti pentirai della tua scelta!<\/p>\n<h2>Chi siamo: incontro tra culture \u2013 Eventi, tempo libero, comunit\u00e0<\/h2>\n<ul>\n<li><a title=\"Corsi di tedesco\" href=\"\/it\/corsi-di-tedesco-a-monaco-di-baviera\/\">I nostri Corsi di tedesco &#8211; i prezzi e le date<\/a><\/li>\n<li><a href=\"https:\/\/www.sprachschule-aktiv-muenchen.de\/it\/test-di-tedesco\/\">Test di livello<\/a><\/li>\n<li><a href=\"\/it\/foto-video-scuola-tedesco\/\">Foto e video<\/a><\/li>\n<li><a href=\"\/it\/programma-per-il-tempo-libero\/\">Programma per il tempo libero<\/a><\/li>\n<li><a href=\"\/it\/i-nostri-obbiettivi\/\">I nostri Obiettivi<\/a><\/li>\n<li><a href=\"\/it\/il-nostro-metodo\/\">Il nostro metodo<\/a><\/li>\n<\/ul>\n<h2>Seguirai le lezioni di docenti qualificati e madrelingua<\/h2>\n<p>Le lezioni saranno tenute da un docente madrelingua, cos\u00ec da permetterti di acquisire fin da subito una pronuncia corretta. Anche il fatto di essere suddivisi in piccoli gruppi facilita l\u2019apprendimento linguistico, in quanto la presenza di pochi studenti in aula riduce il rischio di imparare in maniera errata.<br \/>\n<iframe src=\"https:\/\/www.youtube.com\/embed\/8Xz6f9vbIRQ\" width=\"560\" height=\"315\" frameborder=\"0\" allowfullscreen=\"allowfullscreen\"><\/iframe><\/p>\n<h2>Test di livello senza impegno<\/h2>\n<p>Molti dei nostri studenti conoscono gi\u00e0 il tedesco e, di conseguenza, sarebbero solo soldi e tempo sprecati se iniziassero un corso da principianti assoluti. Se non sei in grado di valutare le tue abilit\u00e0 linguistiche, ti consigliamo di fare un <a href=\"https:\/\/www.sprachschule-aktiv-muenchen.de\/it\/test-di-tedesco\/\">test di livello<\/a>. Lo puoi trovare qui sul nostro sito oppure presso la nostra scuola di lingue a Monaco di Baviera.<br \/>\n<iframe src=\"https:\/\/www.youtube.com\/embed\/wICUuRyLBnI\" width=\"560\" height=\"315\" frameborder=\"0\" allowfullscreen=\"allowfullscreen\"><\/iframe><\/p>\n<h2>Partecipazione senza rischi<\/h2>\n<p>La prima ora \u00e8 sempre di prova: ti consente di conoscere il docente e il suo metodo di insegnamento, cos\u00ec che, nel caso in cui non ti trovi bene, puoi decidere di abbandonare il corso. La tua iscrizione verr\u00e0 annullata e verrai totalmente rimborsato.<\/p>\n<h2>Prezzi contenuti e possibilit\u00e0 di pagare a rate<\/h2>\n<p>I nostri corsi hanno prezzi equi e trasparenti. Nel caso in cui tu non sia in grado di pagare subito l\u2019intera cifra, esiste anche la possibilit\u00e0 di pagare a rate. Basta farcelo sapere!<\/p>\n<h2>Il corso pi\u00f9 indicato a seconda delle proprie esigenze<\/h2>\n<p>I nostri corsi si differenziano non soltanto in base ai livelli di competenza linguistica, ma anche per le motivazioni di ciascuno studente: se vuoi imparare il tedesco in vista delle prossime vacanze, probabilmente vorrai farlo il prima possibile. Ti offriamo corsi intensivi e lezioni private. Consultati con noi (senza impegno) e iscriviti oggi a un corso adatto alle tue esigenze.<\/p>\n<h2>Attivit\u00e0 extracurricolari dopo le lezioni<\/h2>\n<p>Riuscire a unire culture diverse \u00e8 una questione che ci sta molto a cuore. Per questo organizziamo continuamente incontri, gite e visite guidate della citt\u00e0.<\/p>\n<h2>Sprachschule Aktiv \u2013 dove trovarci a Monaco<\/h2>\n<p>La nostra scuola di lingue si trova molto vicino al centro. Il nostro indirizzo:<\/p>\n<p><iframe style=\"border: 0;\" src=\"https:\/\/www.google.com\/maps\/embed?pb=!1m18!1m12!1m3!1d2661.749787316907!2d11.558412015903535!3d48.1536288792247!2m3!1f0!2f0!3f0!3m2!1i1024!2i768!4f13.1!3m3!1m2!1s0x479e75e1216d11df%3A0xad641896be70c4d6!2zSGXDn3N0cmHDn2UgOTAsIDgwNzk3IE3DvG5jaGVu!5e0!3m2!1sde!2sde!4v1484736926660\" width=\"400\" height=\"200\" frameborder=\"0\" allowfullscreen=\"allowfullscreen\"><\/iframe>[\/vc_column_text][\/vc_column][\/vc_row][vc_row full_width=&#8221;stretch_row&#8221; css=&#8221;.vc_custom_1487793868263{padding-top: 25px !important;padding-bottom: 30px !important;background-color: #f9f9f9 !important;}&#8221;][vc_column][vc_column_text]<\/p>\n<h2>Il video della nostra scuola di lingua tedesca<\/h2>\n<p>[\/vc_column_text][vc_row_inner][vc_column_inner width=&#8221;1\/2&#8243;][vc_video link=&#8221;https:\/\/www.youtube.com\/watch?v=b27ziPDRNkw&#8221;][\/vc_column_inner][vc_column_inner width=&#8221;1\/2&#8243;][vc_video link=&#8221;https:\/\/www.youtube.com\/watch?v=7h324PgmehA&#8221;][\/vc_column_inner][\/vc_row_inner][\/vc_column][\/vc_row][vc_row full_width=&#8221;stretch_row&#8221; css=&#8221;.vc_custom_1487793986287{padding-top: 25px !important;padding-bottom: 30px !important;}&#8221;][vc_column][vc_column_text]<\/p>\n<h2>Fare quattro chiacchiere in un\u2019atmosfera piacevole \u2013 Imparare le lingue conversando<\/h2>\n<p>La visita nei Biergarten \u00e8 un must per i residenti e i turisti della capitale bavarese. In estate si pu\u00f2 bere una birra fresca all&#8217;ombra dei grandi alberi, nella stagione fredda, invece, ci si incontra in uno dei tanti pub. I partecipanti al nostro Stammtisch possono parlare a turno dei problemi di tutti i giorni o scambiarsi delle novit\u00e0 in un&#8217;atmosfera rilassata. In questo modo incontrare nuovi amici \u00e8 pi\u00f9 facile. La Sprachschule Aktiv organizza periodicamente questo tipo di incontri.<\/p>\n<h2>Concerti, teatri, eventi \u2013 Trascorrere il tempo libero con la Sprachschule Aktiv<\/h2>\n<p>Monaco dispone di un bagaglio culturale molto interessante. Goditi gli eventi di alto profilo organizzati nella citt\u00e0: concerti tenuti da musicisti di fama mondiale di musica classica o della scena rock e pop, opere liriche e balletti, arte popolare bavarese e cabaret, ce n\u2019\u00e8 per tutti i gusti. Inoltre a Monaco di Baviera si svolge il famoso Oktoberfest. In inverno, i mercatini di Natale sono assolutamente da visitare. La Sprachschule Aktiv di Monaco ti dar\u00e0 i consigli giusti per partecipare a questi eventi.<\/p>\n<p>Anche all\u2019interno della scuola vengono organizzate molte attivit\u00e0 che arricchiscono la nostra offerta: festival estivi, feste internazionali, conferenze e letture in varie lingue. La Sprachschule Aktiv ti tiene informato sulle attivit\u00e0 in programma sulla <a href=\"https:\/\/www.facebook.com\/SprachschuleAktivMuenchen\">pagina Facebook<\/a> o sul Blog.[\/vc_column_text][\/vc_column][\/vc_row][vc_row full_width=&#8221;stretch_row&#8221; css=&#8221;.vc_custom_1487794076786{padding-top: 25px !important;padding-bottom: 30px !important;background-color: #f9f9f9 !important;}&#8221;][vc_column][vc_column_text]<\/p>\n<h2>Sportiva, attiva e moderna<\/h2>\n<p>Sedi sportive di fama internazionale, parchi, l&#8217;Isar, la vicinanza alle Alpi, sono tutti fattori che rendono la citt\u00e0 di Monaco attraente per coloro che amano l&#8217;attivit\u00e0 fisica. Pattinaggio e rafting sul fiume Isar per un po\u2019 di azione, picnic rilassanti o escursioni per conoscere i dintorni della capitale bavarese: le attivit\u00e0 che ti pu\u00f2 offrire la \u201cMetropoli con il cuore\u201d sono numerose. Le stesse possibilit\u00e0 te le offre la nostra Sprachschule Aktiv di Monaco. Viviamo la citt\u00e0 insieme ai nostri studenti! Vieni a trascorrere un soggiorno ricco di eventi a Monaco di Baviera!<\/p>\n<h2>Tempo libero: un programma aperto a tutti<\/h2>\n<p>Organizziamo le nostre attivit\u00e0 gratuitamente. I nostri eventi sono aperti a tutti. Porta con te amici, conoscenti, vicini di casa o colleghi di lavoro. Non te ne pentirai! Siamo molto di pi\u00f9 di una semplice scuola di lingue! Il nostro team \u00e8 composto da madrelingua e ottimi insegnanti, con una ricca esperienza e passione per questo lavoro. Il nostro team internazionale \u00e8 dinamico, flessibile e in possesso delle qualifiche necessarie per l&#8217;insegnamento delle lingue straniere e la comunicazione interculturale.<\/p>\n<p>Nei nostri corsi di lingue l\u2019apprendimento non \u00e8 fatto solo di grammatica e pronuncia, ma facilitiamo l\u2019acquisizione delle competenze linguistiche e interculturali anche attraverso esempi reali di vita quotidiana e organizzando numerose attivit\u00e0 con i nostri studenti. Qui da noi imparare una nuova lingua \u00e8 divertente ed efficace.[\/vc_column_text][\/vc_column][\/vc_row]<\/p>\n","protected":false},"excerpt":{"rendered":"<p>[vc_row css=&#8221;.vc_custom_1486982816298{padding-top: 25px !important;padding-bottom: 30px !important;}&#8221;][vc_column][vc_column_text] La nostra scuola di lingua tedesca a Monaco di Baviera Chi siamo: &#8220;Sprachschule Aktiv&#8221; Imparare il tedesco non solo ti permetter\u00e0 di conoscere una cultura diversa da quella a cui sei abituato, ma anche di ampliare le tue conoscenze generali e di avere migliori possibilit\u00e0 di lavoro. E, in&hellip; <a class=\"read-more\" href=\"https:\/\/www.sprachschule-aktiv-muenchen.de\/it\/scuola-di-lingua-tedesca-monaco-di-baviera\/\" title=\"Read Scuola di Lingua\">Read more &raquo;<\/a><\/p>\n","protected":false},"author":2,"featured_media":0,"parent":0,"menu_order":0,"comment_status":"closed","ping_status":"closed","template":"","meta":{"footnotes":""},"class_list":["post-10154","page","type-page","status-publish","hentry"],"yoast_head":"<!-- This site is optimized with the Yoast SEO plugin v27.1.1 - https:\/\/yoast.com\/product\/yoast-seo-wordpress\/ -->\n<title>Scuola di Lingua Tedesca a Monaco di Baviera - Chi siamo<\/title>\n<meta name=\"description\" content=\"Chi siamo: Nostra Scuola di Lingua Tedesca a Monaco di Baviera &quot;Sprachschule Aktiv&quot;: incontro tra culture \u2013 Eventi, tempo libero, community.\" \/>\n<meta name=\"robots\" content=\"index, follow, max-snippet:-1, max-image-preview:large, max-video-preview:-1\" \/>\n<link rel=\"canonical\" href=\"https:\/\/www.sprachschule-aktiv-muenchen.de\/it\/scuola-di-lingua-tedesca-monaco-di-baviera\/\" \/>\n<meta property=\"og:locale\" content=\"it_IT\" \/>\n<meta property=\"og:type\" content=\"article\" \/>\n<meta property=\"og:title\" content=\"Scuola di Lingua Tedesca a Monaco di Baviera - Chi siamo\" \/>\n<meta property=\"og:description\" content=\"Chi siamo: Nostra Scuola di Lingua Tedesca a Monaco di Baviera &quot;Sprachschule Aktiv&quot;: incontro tra culture \u2013 Eventi, tempo libero, community.\" \/>\n<meta property=\"og:url\" content=\"https:\/\/www.sprachschule-aktiv-muenchen.de\/it\/scuola-di-lingua-tedesca-monaco-di-baviera\/\" \/>\n<meta property=\"og:site_name\" content=\"Sprachschule Aktiv\" \/>\n<meta property=\"article:modified_time\" content=\"2022-01-21T11:15:10+00:00\" \/>\n<meta name=\"twitter:card\" content=\"summary_large_image\" \/>\n<meta name=\"twitter:label1\" content=\"Tempo di lettura stimato\" \/>\n\t<meta name=\"twitter:data1\" content=\"5 minuti\" \/>\n<script type=\"application\/ld+json\" class=\"yoast-schema-graph\">{\"@context\":\"https:\/\/schema.org\",\"@graph\":[{\"@type\":\"WebPage\",\"@id\":\"https:\/\/www.sprachschule-aktiv-muenchen.de\/it\/scuola-di-lingua-tedesca-monaco-di-baviera\/\",\"url\":\"https:\/\/www.sprachschule-aktiv-muenchen.de\/it\/scuola-di-lingua-tedesca-monaco-di-baviera\/\",\"name\":\"Scuola di Lingua Tedesca a Monaco di Baviera - Chi siamo\",\"isPartOf\":{\"@id\":\"https:\/\/www.sprachschule-aktiv-muenchen.de\/#website\"},\"datePublished\":\"2017-02-22T20:11:00+00:00\",\"dateModified\":\"2022-01-21T11:15:10+00:00\",\"description\":\"Chi siamo: Nostra Scuola di Lingua Tedesca a Monaco di Baviera \\\"Sprachschule Aktiv\\\": incontro tra culture \u2013 Eventi, tempo libero, community.\",\"breadcrumb\":{\"@id\":\"https:\/\/www.sprachschule-aktiv-muenchen.de\/it\/scuola-di-lingua-tedesca-monaco-di-baviera\/#breadcrumb\"},\"inLanguage\":\"it-IT\",\"potentialAction\":[{\"@type\":\"ReadAction\",\"target\":[\"https:\/\/www.sprachschule-aktiv-muenchen.de\/it\/scuola-di-lingua-tedesca-monaco-di-baviera\/\"]}]},{\"@type\":\"BreadcrumbList\",\"@id\":\"https:\/\/www.sprachschule-aktiv-muenchen.de\/it\/scuola-di-lingua-tedesca-monaco-di-baviera\/#breadcrumb\",\"itemListElement\":[{\"@type\":\"ListItem\",\"position\":1,\"name\":\"Portada\",\"item\":\"https:\/\/www.sprachschule-aktiv-muenchen.de\/it\/\"},{\"@type\":\"ListItem\",\"position\":2,\"name\":\"Scuola di Lingua\"}]},{\"@type\":\"WebSite\",\"@id\":\"https:\/\/www.sprachschule-aktiv-muenchen.de\/#website\",\"url\":\"https:\/\/www.sprachschule-aktiv-muenchen.de\/\",\"name\":\"Sprachschule Aktiv\",\"description\":\"\",\"potentialAction\":[{\"@type\":\"SearchAction\",\"target\":{\"@type\":\"EntryPoint\",\"urlTemplate\":\"https:\/\/www.sprachschule-aktiv-muenchen.de\/?s={search_term_string}\"},\"query-input\":{\"@type\":\"PropertyValueSpecification\",\"valueRequired\":true,\"valueName\":\"search_term_string\"}}],\"inLanguage\":\"it-IT\"}]}<\/script>\n<!-- \/ Yoast SEO plugin. -->","yoast_head_json":{"title":"Scuola di Lingua Tedesca a Monaco di Baviera - Chi siamo","description":"Chi siamo: Nostra Scuola di Lingua Tedesca a Monaco di Baviera \"Sprachschule Aktiv\": incontro tra culture \u2013 Eventi, tempo libero, community.","robots":{"index":"index","follow":"follow","max-snippet":"max-snippet:-1","max-image-preview":"max-image-preview:large","max-video-preview":"max-video-preview:-1"},"canonical":"https:\/\/www.sprachschule-aktiv-muenchen.de\/it\/scuola-di-lingua-tedesca-monaco-di-baviera\/","og_locale":"it_IT","og_type":"article","og_title":"Scuola di Lingua Tedesca a Monaco di Baviera - Chi siamo","og_description":"Chi siamo: Nostra Scuola di Lingua Tedesca a Monaco di Baviera \"Sprachschule Aktiv\": incontro tra culture \u2013 Eventi, tempo libero, community.","og_url":"https:\/\/www.sprachschule-aktiv-muenchen.de\/it\/scuola-di-lingua-tedesca-monaco-di-baviera\/","og_site_name":"Sprachschule Aktiv","article_modified_time":"2022-01-21T11:15:10+00:00","twitter_card":"summary_large_image","twitter_misc":{"Tempo di lettura stimato":"5 minuti"},"schema":{"@context":"https:\/\/schema.org","@graph":[{"@type":"WebPage","@id":"https:\/\/www.sprachschule-aktiv-muenchen.de\/it\/scuola-di-lingua-tedesca-monaco-di-baviera\/","url":"https:\/\/www.sprachschule-aktiv-muenchen.de\/it\/scuola-di-lingua-tedesca-monaco-di-baviera\/","name":"Scuola di Lingua Tedesca a Monaco di Baviera - Chi siamo","isPartOf":{"@id":"https:\/\/www.sprachschule-aktiv-muenchen.de\/#website"},"datePublished":"2017-02-22T20:11:00+00:00","dateModified":"2022-01-21T11:15:10+00:00","description":"Chi siamo: Nostra Scuola di Lingua Tedesca a Monaco di Baviera \"Sprachschule Aktiv\": incontro tra culture \u2013 Eventi, tempo libero, community.","breadcrumb":{"@id":"https:\/\/www.sprachschule-aktiv-muenchen.de\/it\/scuola-di-lingua-tedesca-monaco-di-baviera\/#breadcrumb"},"inLanguage":"it-IT","potentialAction":[{"@type":"ReadAction","target":["https:\/\/www.sprachschule-aktiv-muenchen.de\/it\/scuola-di-lingua-tedesca-monaco-di-baviera\/"]}]},{"@type":"BreadcrumbList","@id":"https:\/\/www.sprachschule-aktiv-muenchen.de\/it\/scuola-di-lingua-tedesca-monaco-di-baviera\/#breadcrumb","itemListElement":[{"@type":"ListItem","position":1,"name":"Portada","item":"https:\/\/www.sprachschule-aktiv-muenchen.de\/it\/"},{"@type":"ListItem","position":2,"name":"Scuola di Lingua"}]},{"@type":"WebSite","@id":"https:\/\/www.sprachschule-aktiv-muenchen.de\/#website","url":"https:\/\/www.sprachschule-aktiv-muenchen.de\/","name":"Sprachschule Aktiv","description":"","potentialAction":[{"@type":"SearchAction","target":{"@type":"EntryPoint","urlTemplate":"https:\/\/www.sprachschule-aktiv-muenchen.de\/?s={search_term_string}"},"query-input":{"@type":"PropertyValueSpecification","valueRequired":true,"valueName":"search_term_string"}}],"inLanguage":"it-IT"}]}},"_links":{"self":[{"href":"https:\/\/www.sprachschule-aktiv-muenchen.de\/it\/wp-json\/wp\/v2\/pages\/10154","targetHints":{"allow":["GET"]}}],"collection":[{"href":"https:\/\/www.sprachschule-aktiv-muenchen.de\/it\/wp-json\/wp\/v2\/pages"}],"about":[{"href":"https:\/\/www.sprachschule-aktiv-muenchen.de\/it\/wp-json\/wp\/v2\/types\/page"}],"author":[{"embeddable":true,"href":"https:\/\/www.sprachschule-aktiv-muenchen.de\/it\/wp-json\/wp\/v2\/users\/2"}],"replies":[{"embeddable":true,"href":"https:\/\/www.sprachschule-aktiv-muenchen.de\/it\/wp-json\/wp\/v2\/comments?post=10154"}],"version-history":[{"count":10,"href":"https:\/\/www.sprachschule-aktiv-muenchen.de\/it\/wp-json\/wp\/v2\/pages\/10154\/revisions"}],"predecessor-version":[{"id":70783,"href":"https:\/\/www.sprachschule-aktiv-muenchen.de\/it\/wp-json\/wp\/v2\/pages\/10154\/revisions\/70783"}],"wp:attachment":[{"href":"https:\/\/www.sprachschule-aktiv-muenchen.de\/it\/wp-json\/wp\/v2\/media?parent=10154"}],"curies":[{"name":"wp","href":"https:\/\/api.w.org\/{rel}","templated":true}]}}