{"id":8652,"date":"2017-02-13T15:20:19","date_gmt":"2017-02-13T14:20:19","guid":{"rendered":"https:\/\/www.sprachschule-aktiv-muenchen.de\/?page_id=8652\/"},"modified":"2022-08-09T05:45:00","modified_gmt":"2022-08-09T03:45:00","slug":"activites-temps-libre","status":"publish","type":"page","link":"https:\/\/www.sprachschule-aktiv-muenchen.de\/fr\/activites-temps-libre\/","title":{"rendered":"Activit\u00e9s"},"content":{"rendered":"<p>[vc_row css=&#8221;.vc_custom_1486993526316{padding-top: 25px !important;padding-bottom: 30px !important;}&#8221;][vc_column][vc_column_text]<\/p>\n<h1>Votre temps libre \u00e0 Munich apr\u00e8s vos cours d&#8217;allemand<\/h1>\n<h2>Apprendre l&#8217;allemand ET profiter de Munich (sans payer de suppl\u00e9ment)<\/h2>\n<p>Nous vous proposons:<\/p>\n<ul>\n<li>Des sorties culturelles en dehors des cours d&#8217;allemand : Apprendre l&#8217;allemand de mani\u00e8re active, avec des concerts, visites de mus\u00e9es, divers \u00e9v\u00e9nements et manifestations culturelles.<\/li>\n<li>Petit-d\u00e9jeuner \u00e0 l&#8217;\u00e9cole<\/li>\n<li>Diverses activit\u00e9s pour votre temps libre : pique-niques, sorties \u00e0 Munich et dans les environs, soir\u00e9es, Biergarten, cours de salsa et bien plus encore !<\/li>\n<\/ul>\n<p>Profitez de Munich avec nous ! Vous avez de nombreuses possibilit\u00e9s insoup\u00e7onn\u00e9es pour occuper votre temps libre apr\u00e8s vos cours de langue.<\/p>\n<p>Nous vous aidons \u00e0 \u00e9tablir de nouveaux contacts et \u00e0 trouver de nouveaux amis. Nous organisons des soir\u00e9es et sorties avec des Allemands et les participants \u00e0 nos cours, originaires du monde entier. Ainsi, vous prendrez vite l&#8217;habitude de parler une langue \u00e9trang\u00e8re sans r\u00e9serve. Vous pourrez vous entrainer, vous faire de nouveaux amis et am\u00e9liorer vos connaissances de la langue.[\/vc_column_text][\/vc_column][\/vc_row][vc_row full_width=&#8221;stretch_row&#8221; css=&#8221;.vc_custom_1487805471003{padding-top: 35px !important;padding-bottom: 30px !important;background-color: #f4f6fa !important;}&#8221;][vc_column][vc_gallery type=&#8221;image_grid&#8221; images=&#8221;14609,14626,14643,14660,14677,14694,14711,14728,14745,14762,14779,14796,14813,14830,14847,14864,14881,14898,14915,14932,14949,14966,14983&#8243;][\/vc_column][\/vc_row][vc_row css=&#8221;.vc_custom_1486993526316{padding-top: 25px !important;padding-bottom: 30px !important;}&#8221;][vc_column][vc_column_text]<\/p>\n<h2>Quelques informations sur la ville de Munich \u2013 Profiter de Munich apr\u00e8s vos cours<\/h2>\n<p>Dans le sud-ouest de l&#8217;Allemagne, au milieu des Pr\u00e9alpes, se trouve Munich, la capitale de la Bavi\u00e8re. Cet incontestable centre \u00e9conomique et culturel a \u00e9t\u00e9 fond\u00e9 au XII\u00e8me si\u00e8cle et remonte donc \u00e0 l&#8217;\u00e9poque des moines b\u00e9n\u00e9dictins. Avec plus de 1,3 millions d&#8217;habitants, Munich est la troisi\u00e8me plus grande ville d&#8217;Allemagne et la plus grande de Bavi\u00e8re. Elle s&#8217;\u00e9tend sur plus de 310 km\u00b2.<\/p>\n<p>La capitale bavaroise est l&#8217;endroit id\u00e9al pour apprendre l&#8217;allemand, et ainsi nouer des contacts qui vous seront utiles pour votre carri\u00e8re ou pour vos \u00e9tudes. Il existe de nombreuses associations et entreprises leaders \u00e0 Munich comme le FC Bayern, BMW ou encore Siemens. De plus, la m\u00e9tropole High-Tech est un centre d&#8217;industrie cin\u00e9matographique et t\u00e9l\u00e9visuelle et est consid\u00e9r\u00e9e comme la capitale allemande des livres et m\u00e9dias. Munich est \u00e9galement la ville pr\u00e9f\u00e9r\u00e9e des Allemands, ce qui est avant tout li\u00e9 \u00e0 sa qualit\u00e9 de vie \u00e9lev\u00e9e et sa s\u00e9curit\u00e9. Vous trouverez de nombreux bars, restaurants et clubs \u00e0 Munich. Les amoureux de la culture trouveront des mus\u00e9es exceptionnels, de nombreux cin\u00e9mas de qualit\u00e9 et de nombreux endroits pour \u00e9couter de la musique: de l&#8217;Op\u00e9ra \u00e0 l&#8217;Olympia Stadium.\u00a0 Quant \u00e0 ceux qui souhaitent profiter du fameux confort de vie bavarois, ils n&#8217;auront aucun mal \u00e0 trouver un petit coin douillet dans un des nombreux Biergarten traditionnels. Etudier \u00e0 Munich ou y suivre des cours d&#8217;allemand est forc\u00e9ment une exp\u00e9rience exceptionnelle. On ne parle pas bien s\u00fbr de l&#8217;Oktoberfest, la meilleure et plus grande f\u00eate populaire europ\u00e9enne.<\/p>\n<p>De plus, les plus beaux lacs d&#8217;Allemagne se trouvent dans les environs de Munich. D\u00e9couvrez les paysages les plus spectaculaires de la nature bavaroise dans les Alpes comme l&#8217;imposant Ch\u00e2teau Neuschwanstein. Profitez du magnifique Zugspitze ou du Lac de Starnberger.<\/p>\n<p>Dans Munich, d\u00e9couvrez la Marienplatz et son c\u00e9l\u00e8bre Glockemspiel, son Viktualienmarkt, march\u00e9 sur lequel vous trouverez des fruits et des l\u00e9gumes du monde entier, l&#8217;Olympiazentrum et le Ch\u00e2teau de Nymphenburg. Les quelques 100 mus\u00e9es et plus de 470 monuments vous garantissent un s\u00e9jour riche en d\u00e9couvertes \u00e0 Munich.<\/p>\n<p>Il y a beaucoup de vie nocturne et d&#8217;\u00e9v\u00e8nements festifs \u00e0 Munich comme l&#8217;Oktoberfest, le festival Tollwood en \u00e9t\u00e9 et en hiver. Vous en garderez un souvenir inoubliable.<\/p>\n<p>\u00c0 la Sprachschule Aktiv, nous organisons des programmes vari\u00e9s, rencontres et f\u00eates, pour apprendre en vous amusant et pour pratiquer l&#8217;allemand avec vos nouveaux amis apr\u00e8s vos cours de langue.<\/p>\n<p><a href=\"\/fr\/cours-d-allemand-a-munich\/\">ICI nos offres de cours d&#8217;allemand \u00e0 Munich !<\/a>[\/vc_column_text][vc_column_text]<\/p>\n<h2>Quelques informations sur la ville de Munich \u2013 Profiter de Munich apr\u00e8s vos cours<\/h2>\n<p>Dans le sud-ouest de l&#8217;Allemagne, au milieu des Pr\u00e9alpes, se trouve Munich, la capitale de la Bavi\u00e8re. Cet incontestable centre \u00e9conomique et culturel a \u00e9t\u00e9 fond\u00e9 au XII\u00e8me si\u00e8cle et remonte donc \u00e0 l&#8217;\u00e9poque des moines b\u00e9n\u00e9dictins. Avec plus de 1,3 millions d&#8217;habitants, Munich est la troisi\u00e8me plus grande ville d&#8217;Allemagne et la plus grande de Bavi\u00e8re. Elle s&#8217;\u00e9tend sur plus de 310 km\u00b2.<\/p>\n<p>La capitale bavaroise est l&#8217;endroit id\u00e9al pour apprendre l&#8217;allemand, et ainsi nouer des contacts qui vous seront utiles pour votre carri\u00e8re ou pour vos \u00e9tudes. Il existe de nombreuses associations et entreprises leaders \u00e0 Munich comme le FC Bayern, BMW ou encore Siemens. De plus, la m\u00e9tropole High-Tech est un centre d&#8217;industrie cin\u00e9matographique et t\u00e9l\u00e9visuelle et est consid\u00e9r\u00e9e comme la capitale allemande des livres et m\u00e9dias. Munich est \u00e9galement la ville pr\u00e9f\u00e9r\u00e9e des Allemands, ce qui est avant tout li\u00e9 \u00e0 sa qualit\u00e9 de vie \u00e9lev\u00e9e et sa s\u00e9curit\u00e9. Vous trouverez de nombreux bars, restaurants et clubs \u00e0 Munich. Les amoureux de la culture trouveront des mus\u00e9es exceptionnels, de nombreux cin\u00e9mas de qualit\u00e9 et de nombreux endroits pour \u00e9couter de la musique: de l&#8217;Op\u00e9ra \u00e0 l&#8217;Olympia Stadium.\u00a0 Quant \u00e0 ceux qui souhaitent profiter du fameux confort de vie bavarois, ils n&#8217;auront aucun mal \u00e0 trouver un petit coin douillet dans un des nombreux Biergarten traditionnels. Etudier \u00e0 Munich ou y suivre des cours d&#8217;allemand est forc\u00e9ment une exp\u00e9rience exceptionnelle. On ne parle pas bien s\u00fbr de l&#8217;Oktoberfest, la meilleure et plus grande f\u00eate populaire europ\u00e9enne.<\/p>\n<p>De plus, les plus beaux lacs d&#8217;Allemagne se trouvent dans les environs de Munich. D\u00e9couvrez les paysages les plus spectaculaires de la nature bavaroise dans les Alpes comme l&#8217;imposant Ch\u00e2teau Neuschwanstein. Profitez du magnifique Zugspitze ou du Lac de Starnberger.<\/p>\n<p>Dans Munich, d\u00e9couvrez la Marienplatz et son c\u00e9l\u00e8bre Glockemspiel, son Viktualienmarkt, march\u00e9 sur lequel vous trouverez des fruits et des l\u00e9gumes du monde entier, l&#8217;Olympiazentrum et le Ch\u00e2teau de Nymphenburg. Les quelques 100 mus\u00e9es et plus de 470 monuments vous garantissent un s\u00e9jour riche en d\u00e9couvertes \u00e0 Munich.<\/p>\n<p>Il y a beaucoup de vie nocturne et d&#8217;\u00e9v\u00e8nements festifs \u00e0 Munich comme l&#8217;Oktoberfest, le festival Tollwood en \u00e9t\u00e9 et en hiver. Vous en garderez un souvenir inoubliable.<\/p>\n<p>\u00c0 la Sprachschule Aktiv, nous organisons des programmes vari\u00e9s, rencontres et f\u00eates, pour apprendre en vous amusant et pour pratiquer l&#8217;allemand avec vos nouveaux amis apr\u00e8s vos cours de langue.<\/p>\n","protected":false},"excerpt":{"rendered":"<p>[vc_row css=&#8221;.vc_custom_1486993526316{padding-top: 25px !important;padding-bottom: 30px !important;}&#8221;][vc_column][vc_column_text] Votre temps libre \u00e0 Munich apr\u00e8s vos cours d&#8217;allemand Apprendre l&#8217;allemand ET profiter de Munich (sans payer de suppl\u00e9ment) Nous vous proposons: Des sorties culturelles en dehors des cours d&#8217;allemand : Apprendre l&#8217;allemand de mani\u00e8re active, avec des concerts, visites de mus\u00e9es, divers \u00e9v\u00e9nements et manifestations culturelles. Petit-d\u00e9jeuner \u00e0&hellip; <a class=\"read-more\" href=\"https:\/\/www.sprachschule-aktiv-muenchen.de\/fr\/activites-temps-libre\/\" title=\"Read Activit\u00e9s\">Read more &raquo;<\/a><\/p>\n","protected":false},"author":2,"featured_media":0,"parent":0,"menu_order":0,"comment_status":"closed","ping_status":"closed","template":"","meta":{"footnotes":""},"class_list":["post-8652","page","type-page","status-publish","hentry"],"yoast_head":"<!-- This site is optimized with the Yoast SEO plugin v27.1.1 - https:\/\/yoast.com\/product\/yoast-seo-wordpress\/ -->\n<title>Activit\u00e9s pour votre temps libre<\/title>\n<meta name=\"description\" content=\"Offres de l&#039;\u00e9cole de langues pour votre temps libre \u00e0 Munich apr\u00e8s vos cours d&#039;allemand.\" \/>\n<meta name=\"robots\" content=\"index, follow, max-snippet:-1, max-image-preview:large, max-video-preview:-1\" \/>\n<link rel=\"canonical\" href=\"https:\/\/www.sprachschule-aktiv-muenchen.de\/fr\/activites-temps-libre\/\" \/>\n<meta property=\"og:locale\" content=\"fr_FR\" \/>\n<meta property=\"og:type\" content=\"article\" \/>\n<meta property=\"og:title\" content=\"Activit\u00e9s pour votre temps libre\" \/>\n<meta property=\"og:description\" content=\"Offres de l&#039;\u00e9cole de langues pour votre temps libre \u00e0 Munich apr\u00e8s vos cours d&#039;allemand.\" \/>\n<meta property=\"og:url\" content=\"https:\/\/www.sprachschule-aktiv-muenchen.de\/fr\/activites-temps-libre\/\" \/>\n<meta property=\"og:site_name\" content=\"Sprachschule Aktiv\" \/>\n<meta property=\"article:modified_time\" content=\"2022-08-09T03:45:00+00:00\" \/>\n<meta name=\"twitter:card\" content=\"summary_large_image\" \/>\n<meta name=\"twitter:label1\" content=\"Dur\u00e9e de lecture estim\u00e9e\" \/>\n\t<meta name=\"twitter:data1\" content=\"6 minutes\" \/>\n<script type=\"application\/ld+json\" class=\"yoast-schema-graph\">{\"@context\":\"https:\/\/schema.org\",\"@graph\":[{\"@type\":\"WebPage\",\"@id\":\"https:\/\/www.sprachschule-aktiv-muenchen.de\/fr\/activites-temps-libre\/\",\"url\":\"https:\/\/www.sprachschule-aktiv-muenchen.de\/fr\/activites-temps-libre\/\",\"name\":\"Activit\u00e9s pour votre temps libre\",\"isPartOf\":{\"@id\":\"https:\/\/www.sprachschule-aktiv-muenchen.de\/#website\"},\"datePublished\":\"2017-02-13T14:20:19+00:00\",\"dateModified\":\"2022-08-09T03:45:00+00:00\",\"description\":\"Offres de l'\u00e9cole de langues pour votre temps libre \u00e0 Munich apr\u00e8s vos cours d'allemand.\",\"breadcrumb\":{\"@id\":\"https:\/\/www.sprachschule-aktiv-muenchen.de\/fr\/activites-temps-libre\/#breadcrumb\"},\"inLanguage\":\"fr-FR\",\"potentialAction\":[{\"@type\":\"ReadAction\",\"target\":[\"https:\/\/www.sprachschule-aktiv-muenchen.de\/fr\/activites-temps-libre\/\"]}]},{\"@type\":\"BreadcrumbList\",\"@id\":\"https:\/\/www.sprachschule-aktiv-muenchen.de\/fr\/activites-temps-libre\/#breadcrumb\",\"itemListElement\":[{\"@type\":\"ListItem\",\"position\":1,\"name\":\"Portada\",\"item\":\"https:\/\/www.sprachschule-aktiv-muenchen.de\/fr\/\"},{\"@type\":\"ListItem\",\"position\":2,\"name\":\"Activit\u00e9s\"}]},{\"@type\":\"WebSite\",\"@id\":\"https:\/\/www.sprachschule-aktiv-muenchen.de\/#website\",\"url\":\"https:\/\/www.sprachschule-aktiv-muenchen.de\/\",\"name\":\"Sprachschule Aktiv\",\"description\":\"\",\"potentialAction\":[{\"@type\":\"SearchAction\",\"target\":{\"@type\":\"EntryPoint\",\"urlTemplate\":\"https:\/\/www.sprachschule-aktiv-muenchen.de\/?s={search_term_string}\"},\"query-input\":{\"@type\":\"PropertyValueSpecification\",\"valueRequired\":true,\"valueName\":\"search_term_string\"}}],\"inLanguage\":\"fr-FR\"}]}<\/script>\n<!-- \/ Yoast SEO plugin. -->","yoast_head_json":{"title":"Activit\u00e9s pour votre temps libre","description":"Offres de l'\u00e9cole de langues pour votre temps libre \u00e0 Munich apr\u00e8s vos cours d'allemand.","robots":{"index":"index","follow":"follow","max-snippet":"max-snippet:-1","max-image-preview":"max-image-preview:large","max-video-preview":"max-video-preview:-1"},"canonical":"https:\/\/www.sprachschule-aktiv-muenchen.de\/fr\/activites-temps-libre\/","og_locale":"fr_FR","og_type":"article","og_title":"Activit\u00e9s pour votre temps libre","og_description":"Offres de l'\u00e9cole de langues pour votre temps libre \u00e0 Munich apr\u00e8s vos cours d'allemand.","og_url":"https:\/\/www.sprachschule-aktiv-muenchen.de\/fr\/activites-temps-libre\/","og_site_name":"Sprachschule Aktiv","article_modified_time":"2022-08-09T03:45:00+00:00","twitter_card":"summary_large_image","twitter_misc":{"Dur\u00e9e de lecture estim\u00e9e":"6 minutes"},"schema":{"@context":"https:\/\/schema.org","@graph":[{"@type":"WebPage","@id":"https:\/\/www.sprachschule-aktiv-muenchen.de\/fr\/activites-temps-libre\/","url":"https:\/\/www.sprachschule-aktiv-muenchen.de\/fr\/activites-temps-libre\/","name":"Activit\u00e9s pour votre temps libre","isPartOf":{"@id":"https:\/\/www.sprachschule-aktiv-muenchen.de\/#website"},"datePublished":"2017-02-13T14:20:19+00:00","dateModified":"2022-08-09T03:45:00+00:00","description":"Offres de l'\u00e9cole de langues pour votre temps libre \u00e0 Munich apr\u00e8s vos cours d'allemand.","breadcrumb":{"@id":"https:\/\/www.sprachschule-aktiv-muenchen.de\/fr\/activites-temps-libre\/#breadcrumb"},"inLanguage":"fr-FR","potentialAction":[{"@type":"ReadAction","target":["https:\/\/www.sprachschule-aktiv-muenchen.de\/fr\/activites-temps-libre\/"]}]},{"@type":"BreadcrumbList","@id":"https:\/\/www.sprachschule-aktiv-muenchen.de\/fr\/activites-temps-libre\/#breadcrumb","itemListElement":[{"@type":"ListItem","position":1,"name":"Portada","item":"https:\/\/www.sprachschule-aktiv-muenchen.de\/fr\/"},{"@type":"ListItem","position":2,"name":"Activit\u00e9s"}]},{"@type":"WebSite","@id":"https:\/\/www.sprachschule-aktiv-muenchen.de\/#website","url":"https:\/\/www.sprachschule-aktiv-muenchen.de\/","name":"Sprachschule Aktiv","description":"","potentialAction":[{"@type":"SearchAction","target":{"@type":"EntryPoint","urlTemplate":"https:\/\/www.sprachschule-aktiv-muenchen.de\/?s={search_term_string}"},"query-input":{"@type":"PropertyValueSpecification","valueRequired":true,"valueName":"search_term_string"}}],"inLanguage":"fr-FR"}]}},"_links":{"self":[{"href":"https:\/\/www.sprachschule-aktiv-muenchen.de\/fr\/wp-json\/wp\/v2\/pages\/8652","targetHints":{"allow":["GET"]}}],"collection":[{"href":"https:\/\/www.sprachschule-aktiv-muenchen.de\/fr\/wp-json\/wp\/v2\/pages"}],"about":[{"href":"https:\/\/www.sprachschule-aktiv-muenchen.de\/fr\/wp-json\/wp\/v2\/types\/page"}],"author":[{"embeddable":true,"href":"https:\/\/www.sprachschule-aktiv-muenchen.de\/fr\/wp-json\/wp\/v2\/users\/2"}],"replies":[{"embeddable":true,"href":"https:\/\/www.sprachschule-aktiv-muenchen.de\/fr\/wp-json\/wp\/v2\/comments?post=8652"}],"version-history":[{"count":1,"href":"https:\/\/www.sprachschule-aktiv-muenchen.de\/fr\/wp-json\/wp\/v2\/pages\/8652\/revisions"}],"predecessor-version":[{"id":71633,"href":"https:\/\/www.sprachschule-aktiv-muenchen.de\/fr\/wp-json\/wp\/v2\/pages\/8652\/revisions\/71633"}],"wp:attachment":[{"href":"https:\/\/www.sprachschule-aktiv-muenchen.de\/fr\/wp-json\/wp\/v2\/media?parent=8652"}],"curies":[{"name":"wp","href":"https:\/\/api.w.org\/{rel}","templated":true}]}}