{"id":8615,"date":"2017-02-13T12:02:45","date_gmt":"2017-02-13T11:02:45","guid":{"rendered":"https:\/\/www.sprachschule-aktiv-muenchen.de\/?page_id=8615\/"},"modified":"2021-09-17T06:35:06","modified_gmt":"2021-09-17T04:35:06","slug":"stage-en-allemagne-pour-les-etudiants","status":"publish","type":"page","link":"https:\/\/www.sprachschule-aktiv-muenchen.de\/fr\/stage-en-allemagne-pour-les-etudiants\/","title":{"rendered":"Stage en Allemagne pour les \u00e9tudiants"},"content":{"rendered":"<p>[vc_row css=&#8221;.vc_custom_1486983115376{padding-top: 25px !important;padding-bottom: 30px !important;}&#8221;][vc_column][vc_column_text]<\/p>\n<h1>Stage en Allemagne pour les \u00e9tudiants &#8211; Toutes les informations<\/h1>\n<h2>Stage dans une \u00e9cole de langues en Allemagne<\/h2>\n<p><iframe src=\"https:\/\/www.youtube.com\/embed\/yQJZTC1gQTE\" width=\"560\" height=\"315\" frameborder=\"0\" allowfullscreen=\"allowfullscreen\"><\/iframe><br \/>\nStage dans une \u00e9cole de langues &#8211; A l&#8217;\u00e9cole de langues Aktiv vous pouvez faire un stage en tant que professeur de langue et \/ ou au bureau.<\/p>\n<h2>Stage \u00e0 l&#8217;\u00e9cole Sprachschule Aktiv<\/h2>\n<p>L&#8217;\u00e9cole de Sprachschule Aktiv M\u00fcnchen existe depuis 2001 et propose des cours dans 39 langues diff\u00e9rentes ainsi que des formations interculturelles.<\/p>\n<p>L&#8217;\u00e9quipe multiculturelle d&#8217;enseignants organise des cours de langues et des formations interculturelles pour les particuliers et les entreprises. Il y a quatre \u00e9coles de langues \u00e0 Munich, mais des cours de langues et des stages sont dispens\u00e9s partout en Allemagne et \u00e0 l&#8217;\u00e9tranger.<\/p>\n<p>En plus d&#8217;\u00eatre un lieu d&#8217;apprentissage de nouvelles langues, notre \u00e9cole de langue est \u00e9galement un lieu de rencontre pour les \u00e9tudiants du monde entier. Dans le cadre des cours, nous organisons r\u00e9guli\u00e8rement des activit\u00e9s pour apprendre \u00e0 conna\u00eetre non seulement l&#8217;environnement, mais aussi les cultures et les ethnies des autres pays. Apprenez \u00e0 conna\u00eetre Munich et tous ses sites avec nous. Cela fonctionne g\u00e9n\u00e9ralement mieux en \u00e9change direct avec les camarades de classe de partout dans le monde ainsi qu&#8217;avec les locaux.<\/p>\n<h2><strong>Stage pour \u00e9tudiant ou Erasmus<\/strong><\/h2>\n<p>\u00cates-vous un \u00e9tudiant ou un Erasmus \u00e0 la recherche d&#8217;un stage int\u00e9ressant en Allemagne? Il y a beaucoup de possibilit\u00e9s et de domaines auxquels vous pouvez vous faire plaisir pendant votre stage dans notre \u00e9cole Sprachschule Aktiv M\u00fcnchen. Peu importe si vous faites le stage volontairement pour am\u00e9liorer votre curriculum vitae et acqu\u00e9rir de nouvelles exp\u00e9riences ou compl\u00e9ter le stage comme un stage obligatoire pendant vos \u00e9tudes. Voici quelques exemples d&#8217;utilisations possibles: marketing, coordination de cours et d&#8217;\u00e9v\u00e9nements, administration, traduction et enseignement. Avec vos comp\u00e9tences, vous pouvez soutenir l&#8217;\u00e9quipe dans de nombreuses activit\u00e9s et apprendre beaucoup de choses nouvelles. Vous pouvez d\u00e9cider combien de temps le stage doit aller dans notre \u00e9cole de langue &#8211; au moins 4 semaines et un maximum de 3 mois. Envoyez-nous votre CV!<\/p>\n<h2><strong>Voil\u00e0 \u00e0 quoi votre stage chez nous peut ressembler<\/strong><\/h2>\n<p>Dave, notre stagiaire au Royaume-Uni, vient de terminer son stage de 4 mois chez nous. Il nous a soutenus dans divers domaines, a appris beaucoup de nouvelles choses et a particip\u00e9 \u00e0 de nombreux \u00e9v\u00e9nements. Nous avons pass\u00e9 un tr\u00e8s bon moment ensemble et nous appr\u00e9cions vraiment son travail pour notre \u00e9cole. Si vous voulez en savoir plus sur son stage avec nous, regardez cette vid\u00e9o.<\/p>\n<p>Postulez maintenant \u00e0:<\/p>\n<p><a href=\"mailto:kontakt@sprachschule-aktiv.de\">kontakt@sprachschule-aktiv.de<\/a><\/p>\n<h2>Effectuer un stage \u00e0 Munich<\/h2>\n<h2>Etes-vous int\u00e9ress\u00e9 par un stage en Allemagne ?<\/h2>\n<p>Nous nous occupons de l\u2019organisation de votre stage \u00e0 Munich, l\u2019une des villes les plus populaires d&#8217;Europe ! Faire un stage est toujours une exp\u00e9rience int\u00e9ressante et une opportunit\u00e9 \u00e0 saisir. C\u2019est pour cela que nous organisons des stages adapt\u00e9s \u00e0 vos souhaits et \u00e0 vos besoins.<\/p>\n<p>Munich est l&#8217;endroit id\u00e9al pour effectuer un stage. Durant votre stage \u00e0 Munich, vous pourrez nouer les relations indispensables pour vos \u00e9tudes ou pour votre future carri\u00e8re.[\/vc_column_text][\/vc_column][\/vc_row][vc_row full_width=&#8221;stretch_row&#8221; css=&#8221;.vc_custom_1486983191780{padding-top: 25px !important;padding-bottom: 25px !important;background-color: #f4f6fa !important;}&#8221;][vc_column width=&#8221;1\/3&#8243;][vc_single_image image=&#8221;10316&#8243; img_size=&#8221;full&#8221; style=&#8221;vc_box_outline&#8221; onclick=&#8221;link_image&#8221;][\/vc_column][vc_column width=&#8221;1\/3&#8243;][vc_single_image image=&#8221;10321&#8243; img_size=&#8221;full&#8221; style=&#8221;vc_box_outline&#8221; onclick=&#8221;link_image&#8221;][\/vc_column][\/vc_row][vc_row css=&#8221;.vc_custom_1486983417264{padding-top: 25px !important;padding-bottom: 30px !important;}&#8221;][vc_column][vc_column_text]Les clubs de la ligue 1 allemande tel que le FC Bayern, les entreprises telles que Siemens ou BMW et les organisateurs de concerts contribuent \u00e0 faire de Munich une ville dynamique et professionnellement int\u00e9ressante. En plus d\u2019\u00eatre high-tech, Munich est tr\u00e8s active dans les domaines du cin\u00e9ma et de la t\u00e9l\u00e9vision gr\u00e2ce \u00e0 de nombreux studios qui se sont implant\u00e9s dans la ville. Munich est consid\u00e9r\u00e9e comme la ville des M\u00e9dias et du livre en Allemagne.<\/p>\n<p>La capitale de la Bavi\u00e8re est aussi la ville pr\u00e9f\u00e9r\u00e9e des Allemands, ce qui est principalement d\u00fb \u00e0 la qualit\u00e9 de vie et la s\u00e9curit\u00e9 qui r\u00e8gne dans la ville. En outre, dans les bars, les restaurants et les discoth\u00e8ques, l\u2019animation est toujours pr\u00e9sente. Les amoureux de la culture y trouveront des mus\u00e9es remarquables, de nombreux th\u00e9\u00e2tres et pourront se divertir \u00e0 l\u2019Op\u00e9ra ou au stade olympique, lieu o\u00f9 se tiennent de nombreux concerts. Et si vous pr\u00e9f\u00e9rez profiter de l\u2019hospitalit\u00e9 bavaroise, les \u00ab Bierg\u00e4rten \u00bb sont l\u2019endroit qu\u2019il vous faut. Ainsi, la ville de Munich aidera \u00e0 faire de votre stage une exp\u00e9rience inoubliable.<\/p>\n<p>Les offres de la Sprachschule Aktiv M\u00fcnchen s\u2019adresse aux :<\/p>\n<ul>\n<li>Etudiants \u00e9trangers qui doivent effectuer un stage obligatoire \u00e0 l\u2019\u00e9tranger dans le cadre de leurs \u00e9tudes.<\/li>\n<li>Jeunes dipl\u00f4m\u00e9s qui souhaitent acqu\u00e9rir une exp\u00e9rience professionnelle.<\/li>\n<li>Personnes effectuant une ann\u00e9e de c\u00e9sure et qui veulent am\u00e9liorer leurs connaissances en allemand.<\/li>\n<li>Personnes souhaitant obtenir une exp\u00e9rience \u00e0 l\u2019international dans le tourisme.<\/li>\n<\/ul>\n<p>L\u2019organisation de votre stage fait partie des services que Sprachschule Aktiv M\u00fcnchen vous propose.<\/p>\n<ul>\n<li>Nous organisons votre stage \u00e0 Munich, selon vos souhaits.<\/li>\n<li>Vous pouvez suivre, si vous le d\u00e9sirez, un cours d\u2019allemand dans notre \u00e9cole de langue \u00e0 Munich.<\/li>\n<\/ul>\n<p>Si vous avez des questions, que ce soit avant ou pendant votre stage, nous restons \u00e0 votre disposition. Profitez de nos ann\u00e9es d&#8217;exp\u00e9rience dans l&#8217;organisation de stages et de cours de langues \u00e0 Munich.<\/p>\n<h2><strong>Stage \u00e0 l&#8217;\u00e9cole de langue Sprachschule Aktiv<\/strong><\/h2>\n<p>Faire un stage signifie : rassembler beaucoup de nouvelles exp\u00e9riences et vous immerger dans un domaine professionnel sp\u00e9cifique. Un stage dans une \u00e9cole de langue prestigieuse comme la n\u00f4tre offre toujours beaucoup de choses int\u00e9ressantes \u00e0 d\u00e9couvrir, vous donnant l&#8217;occasion d&#8217;en apprendre davantage sur vos propres int\u00e9r\u00eats et capacit\u00e9s. Stage \u00e0 l&#8217;\u00e9cole de langues Aktiv. \u00cates-vous un \u00e9tudiant ou un \u00e9tudiant \u00e0 la recherche d&#8217;un stage en Allemagne? Avec nous, vous pouvez faire votre stage dans le marketing, la coordination des cours et des \u00e9v\u00e9nements, l&#8217;administration, les traductions et l&#8217;enseignement. En savoir plus sur la vie quotidienne dans une \u00e9cole de langue, par exemple en tant que professeur de langue ou dans notre bureau.<\/p>\n<p>Peu importe si vous \u00eates \u00e9tudiant et avez un stage obligatoire pendant vos \u00e9tudes ou si vous faites le stage avec nous afin d&#8217;en savoir plus sur vos id\u00e9es professionnelles. Vous d\u00e9cidez vous-m\u00eame si vous souhaitez compl\u00e9ter le stage pour un minimum de 4 semaines \u00e0 un maximum de 3 mois avec nous.<br \/>\nNous aimerions remercier Dave et lui souhaiter le meilleur pour l&#8217;avenir.<\/p>\n<h2><strong>Maintenant, devenez stagiaire dans l&#8217;\u00e9cole de langues Sprachschule Aktiv ! <\/strong><\/h2>\n<p>Postulez ici ! Il suffit de nous envoyer une candidature spontan\u00e9e et vous pourrez bient\u00f4t devenir membre de notre \u00e9quipe de l&#8217;\u00e9cole de langues Aktiv \u00e0 Munich.[\/vc_column_text][\/vc_column][\/vc_row]<\/p>\n","protected":false},"excerpt":{"rendered":"<p>[vc_row css=&#8221;.vc_custom_1486983115376{padding-top: 25px !important;padding-bottom: 30px !important;}&#8221;][vc_column][vc_column_text] Stage en Allemagne pour les \u00e9tudiants &#8211; Toutes les informations Stage dans une \u00e9cole de langues en Allemagne Stage dans une \u00e9cole de langues &#8211; A l&#8217;\u00e9cole de langues Aktiv vous pouvez faire un stage en tant que professeur de langue et \/ ou au bureau. Stage \u00e0 l&#8217;\u00e9cole&hellip; <a class=\"read-more\" href=\"https:\/\/www.sprachschule-aktiv-muenchen.de\/fr\/stage-en-allemagne-pour-les-etudiants\/\" title=\"Read Stage en Allemagne pour les \u00e9tudiants\">Read more &raquo;<\/a><\/p>\n","protected":false},"author":2,"featured_media":0,"parent":0,"menu_order":0,"comment_status":"closed","ping_status":"closed","template":"","meta":{"footnotes":""},"class_list":["post-8615","page","type-page","status-publish","hentry"],"yoast_head":"<!-- This site is optimized with the Yoast SEO plugin v27.1.1 - https:\/\/yoast.com\/product\/yoast-seo-wordpress\/ -->\n<title>Stage en Allemagne pour les \u00e9tudiants - Toutes les informations<\/title>\n<meta name=\"description\" content=\"Etes-vous int\u00e9ress\u00e9s par un stage en Allemagne? Stage en Allemagne pour les \u00e9tudiants - Stage dans une \u00e9cole de langues.\" \/>\n<meta name=\"robots\" content=\"index, follow, max-snippet:-1, max-image-preview:large, max-video-preview:-1\" \/>\n<link rel=\"canonical\" href=\"https:\/\/www.sprachschule-aktiv-muenchen.de\/fr\/stage-en-allemagne-pour-les-etudiants\/\" \/>\n<meta property=\"og:locale\" content=\"fr_FR\" \/>\n<meta property=\"og:type\" content=\"article\" \/>\n<meta property=\"og:title\" content=\"Stage en Allemagne pour les \u00e9tudiants - Toutes les informations\" \/>\n<meta property=\"og:description\" content=\"Etes-vous int\u00e9ress\u00e9s par un stage en Allemagne? Stage en Allemagne pour les \u00e9tudiants - Stage dans une \u00e9cole de langues.\" \/>\n<meta property=\"og:url\" content=\"https:\/\/www.sprachschule-aktiv-muenchen.de\/fr\/stage-en-allemagne-pour-les-etudiants\/\" \/>\n<meta property=\"og:site_name\" content=\"Sprachschule Aktiv\" \/>\n<meta property=\"article:modified_time\" content=\"2021-09-17T04:35:06+00:00\" \/>\n<meta name=\"twitter:card\" content=\"summary_large_image\" \/>\n<meta name=\"twitter:label1\" content=\"Dur\u00e9e de lecture estim\u00e9e\" \/>\n\t<meta name=\"twitter:data1\" content=\"5 minutes\" \/>\n<script type=\"application\/ld+json\" class=\"yoast-schema-graph\">{\"@context\":\"https:\/\/schema.org\",\"@graph\":[{\"@type\":\"WebPage\",\"@id\":\"https:\/\/www.sprachschule-aktiv-muenchen.de\/fr\/stage-en-allemagne-pour-les-etudiants\/\",\"url\":\"https:\/\/www.sprachschule-aktiv-muenchen.de\/fr\/stage-en-allemagne-pour-les-etudiants\/\",\"name\":\"Stage en Allemagne pour les \u00e9tudiants - Toutes les informations\",\"isPartOf\":{\"@id\":\"https:\/\/www.sprachschule-aktiv-muenchen.de\/#website\"},\"datePublished\":\"2017-02-13T11:02:45+00:00\",\"dateModified\":\"2021-09-17T04:35:06+00:00\",\"description\":\"Etes-vous int\u00e9ress\u00e9s par un stage en Allemagne? Stage en Allemagne pour les \u00e9tudiants - Stage dans une \u00e9cole de langues.\",\"breadcrumb\":{\"@id\":\"https:\/\/www.sprachschule-aktiv-muenchen.de\/fr\/stage-en-allemagne-pour-les-etudiants\/#breadcrumb\"},\"inLanguage\":\"fr-FR\",\"potentialAction\":[{\"@type\":\"ReadAction\",\"target\":[\"https:\/\/www.sprachschule-aktiv-muenchen.de\/fr\/stage-en-allemagne-pour-les-etudiants\/\"]}]},{\"@type\":\"BreadcrumbList\",\"@id\":\"https:\/\/www.sprachschule-aktiv-muenchen.de\/fr\/stage-en-allemagne-pour-les-etudiants\/#breadcrumb\",\"itemListElement\":[{\"@type\":\"ListItem\",\"position\":1,\"name\":\"Portada\",\"item\":\"https:\/\/www.sprachschule-aktiv-muenchen.de\/fr\/\"},{\"@type\":\"ListItem\",\"position\":2,\"name\":\"Stage en Allemagne pour les \u00e9tudiants\"}]},{\"@type\":\"WebSite\",\"@id\":\"https:\/\/www.sprachschule-aktiv-muenchen.de\/#website\",\"url\":\"https:\/\/www.sprachschule-aktiv-muenchen.de\/\",\"name\":\"Sprachschule Aktiv\",\"description\":\"\",\"potentialAction\":[{\"@type\":\"SearchAction\",\"target\":{\"@type\":\"EntryPoint\",\"urlTemplate\":\"https:\/\/www.sprachschule-aktiv-muenchen.de\/?s={search_term_string}\"},\"query-input\":{\"@type\":\"PropertyValueSpecification\",\"valueRequired\":true,\"valueName\":\"search_term_string\"}}],\"inLanguage\":\"fr-FR\"}]}<\/script>\n<!-- \/ Yoast SEO plugin. -->","yoast_head_json":{"title":"Stage en Allemagne pour les \u00e9tudiants - Toutes les informations","description":"Etes-vous int\u00e9ress\u00e9s par un stage en Allemagne? Stage en Allemagne pour les \u00e9tudiants - Stage dans une \u00e9cole de langues.","robots":{"index":"index","follow":"follow","max-snippet":"max-snippet:-1","max-image-preview":"max-image-preview:large","max-video-preview":"max-video-preview:-1"},"canonical":"https:\/\/www.sprachschule-aktiv-muenchen.de\/fr\/stage-en-allemagne-pour-les-etudiants\/","og_locale":"fr_FR","og_type":"article","og_title":"Stage en Allemagne pour les \u00e9tudiants - Toutes les informations","og_description":"Etes-vous int\u00e9ress\u00e9s par un stage en Allemagne? Stage en Allemagne pour les \u00e9tudiants - Stage dans une \u00e9cole de langues.","og_url":"https:\/\/www.sprachschule-aktiv-muenchen.de\/fr\/stage-en-allemagne-pour-les-etudiants\/","og_site_name":"Sprachschule Aktiv","article_modified_time":"2021-09-17T04:35:06+00:00","twitter_card":"summary_large_image","twitter_misc":{"Dur\u00e9e de lecture estim\u00e9e":"5 minutes"},"schema":{"@context":"https:\/\/schema.org","@graph":[{"@type":"WebPage","@id":"https:\/\/www.sprachschule-aktiv-muenchen.de\/fr\/stage-en-allemagne-pour-les-etudiants\/","url":"https:\/\/www.sprachschule-aktiv-muenchen.de\/fr\/stage-en-allemagne-pour-les-etudiants\/","name":"Stage en Allemagne pour les \u00e9tudiants - Toutes les informations","isPartOf":{"@id":"https:\/\/www.sprachschule-aktiv-muenchen.de\/#website"},"datePublished":"2017-02-13T11:02:45+00:00","dateModified":"2021-09-17T04:35:06+00:00","description":"Etes-vous int\u00e9ress\u00e9s par un stage en Allemagne? Stage en Allemagne pour les \u00e9tudiants - Stage dans une \u00e9cole de langues.","breadcrumb":{"@id":"https:\/\/www.sprachschule-aktiv-muenchen.de\/fr\/stage-en-allemagne-pour-les-etudiants\/#breadcrumb"},"inLanguage":"fr-FR","potentialAction":[{"@type":"ReadAction","target":["https:\/\/www.sprachschule-aktiv-muenchen.de\/fr\/stage-en-allemagne-pour-les-etudiants\/"]}]},{"@type":"BreadcrumbList","@id":"https:\/\/www.sprachschule-aktiv-muenchen.de\/fr\/stage-en-allemagne-pour-les-etudiants\/#breadcrumb","itemListElement":[{"@type":"ListItem","position":1,"name":"Portada","item":"https:\/\/www.sprachschule-aktiv-muenchen.de\/fr\/"},{"@type":"ListItem","position":2,"name":"Stage en Allemagne pour les \u00e9tudiants"}]},{"@type":"WebSite","@id":"https:\/\/www.sprachschule-aktiv-muenchen.de\/#website","url":"https:\/\/www.sprachschule-aktiv-muenchen.de\/","name":"Sprachschule Aktiv","description":"","potentialAction":[{"@type":"SearchAction","target":{"@type":"EntryPoint","urlTemplate":"https:\/\/www.sprachschule-aktiv-muenchen.de\/?s={search_term_string}"},"query-input":{"@type":"PropertyValueSpecification","valueRequired":true,"valueName":"search_term_string"}}],"inLanguage":"fr-FR"}]}},"_links":{"self":[{"href":"https:\/\/www.sprachschule-aktiv-muenchen.de\/fr\/wp-json\/wp\/v2\/pages\/8615","targetHints":{"allow":["GET"]}}],"collection":[{"href":"https:\/\/www.sprachschule-aktiv-muenchen.de\/fr\/wp-json\/wp\/v2\/pages"}],"about":[{"href":"https:\/\/www.sprachschule-aktiv-muenchen.de\/fr\/wp-json\/wp\/v2\/types\/page"}],"author":[{"embeddable":true,"href":"https:\/\/www.sprachschule-aktiv-muenchen.de\/fr\/wp-json\/wp\/v2\/users\/2"}],"replies":[{"embeddable":true,"href":"https:\/\/www.sprachschule-aktiv-muenchen.de\/fr\/wp-json\/wp\/v2\/comments?post=8615"}],"version-history":[{"count":1,"href":"https:\/\/www.sprachschule-aktiv-muenchen.de\/fr\/wp-json\/wp\/v2\/pages\/8615\/revisions"}],"predecessor-version":[{"id":69406,"href":"https:\/\/www.sprachschule-aktiv-muenchen.de\/fr\/wp-json\/wp\/v2\/pages\/8615\/revisions\/69406"}],"wp:attachment":[{"href":"https:\/\/www.sprachschule-aktiv-muenchen.de\/fr\/wp-json\/wp\/v2\/media?parent=8615"}],"curies":[{"name":"wp","href":"https:\/\/api.w.org\/{rel}","templated":true}]}}