{"id":8612,"date":"2017-02-13T11:50:57","date_gmt":"2017-02-13T10:50:57","guid":{"rendered":"https:\/\/www.sprachschule-aktiv-muenchen.de\/?page_id=8612\/"},"modified":"2018-06-15T14:45:15","modified_gmt":"2018-06-15T12:45:15","slug":"ecole-de-langue","status":"publish","type":"page","link":"https:\/\/www.sprachschule-aktiv-muenchen.de\/fr\/ecole-de-langue\/","title":{"rendered":"\u00c9cole de Langue"},"content":{"rendered":"<p>[vc_row css=&#8221;.vc_custom_1486982816298{padding-top: 25px !important;padding-bottom: 30px !important;}&#8221;][vc_column][vc_column_text]<\/p>\n<h1>Notre \u00e9cole de langue pour l&#8217;allemand \u00e0 Munich<\/h1>\n<p>Notre \u00e9cole de langue allemande \u00e0 Munich. Les cours de langues ont lieu dans notre \u00e9cole situ\u00e9e \u00e0\u00a0 He\u00dfstra\u00dfe 90, 80797 Munich. Vous pouvez r\u00e9server des salles de cours dans nos \u00e9coles, ou si vous choisissez d&#8217;avoir un cours particulier, nos professeurs se d\u00e9placeront \u00e0 votre domicile ! Profitez de cours de langues dans le confort et l&#8217;aisance de votre maison ou de votre bureau ou avec nous dans l&#8217;une de nos \u00e9coles, c&#8217;est vous qui choisissez !<\/p>\n<p><a href=\"\/fr\/cours-d-allemand-a-munich\/\">Pour plus d&#8217;informations concernant les cours intensifs, les dates de d\u00e9but des cours et l&#8217;inscription, cliquez ici !<\/a>[\/vc_column_text][vc_row_inner][vc_column_inner width=&#8221;1\/2&#8243;][vc_video link=&#8221;https:\/\/www.youtube.com\/watch?v=b27ziPDRNkw&#8221;][\/vc_column_inner][vc_column_inner width=&#8221;1\/2&#8243;][vc_video link=&#8221;https:\/\/www.youtube.com\/watch?v=9q63Hri9uMs&#8221;][\/vc_column_inner][\/vc_row_inner][\/vc_column][\/vc_row][vc_row][vc_column][vc_column_text]<iframe style=\"border: 0;\" src=\"https:\/\/www.google.com\/maps\/embed?pb=!1m0!3m2!1sde!2sde!4v1423004999904!6m8!1m7!1snGoLQKwtwxgAAAQZUInZwg!2m2!1d48.153584!2d11.560692!3f187!4f0!5f1.4199149422479231\" width=\"100%\" height=\"350\" frameborder=\"0\"><\/iframe>[\/vc_column_text][\/vc_column][\/vc_row]<\/p>\n","protected":false},"excerpt":{"rendered":"<p>[vc_row css=&#8221;.vc_custom_1486982816298{padding-top: 25px !important;padding-bottom: 30px !important;}&#8221;][vc_column][vc_column_text] Notre \u00e9cole de langue pour l&#8217;allemand \u00e0 Munich Notre \u00e9cole de langue allemande \u00e0 Munich. Les cours de langues ont lieu dans notre \u00e9cole situ\u00e9e \u00e0\u00a0 He\u00dfstra\u00dfe 90, 80797 Munich. Vous pouvez r\u00e9server des salles de cours dans nos \u00e9coles, ou si vous choisissez d&#8217;avoir un cours particulier, nos&hellip; <a class=\"read-more\" href=\"https:\/\/www.sprachschule-aktiv-muenchen.de\/fr\/ecole-de-langue\/\" title=\"Read \u00c9cole de Langue\">Read more &raquo;<\/a><\/p>\n","protected":false},"author":2,"featured_media":0,"parent":0,"menu_order":0,"comment_status":"closed","ping_status":"closed","template":"","meta":{"footnotes":""},"class_list":["post-8612","page","type-page","status-publish","hentry"],"yoast_head":"<!-- This site is optimized with the Yoast SEO plugin v27.1.1 - https:\/\/yoast.com\/product\/yoast-seo-wordpress\/ -->\n<title>\u00c9cole de langue pour l&#039;allemand \u00e0 Munich<\/title>\n<meta name=\"description\" content=\"\u00c9cole de langue pour l&#039;allemand \u00e0 Munich: Nos \u00e9coles sont situ\u00e9es \u00e0 He\u00dfstra\u00dfe 90, 80797 Munich , 81539 Munich.\" \/>\n<meta name=\"robots\" content=\"index, follow, max-snippet:-1, max-image-preview:large, max-video-preview:-1\" \/>\n<link rel=\"canonical\" href=\"https:\/\/www.sprachschule-aktiv-muenchen.de\/fr\/ecole-de-langue\/\" \/>\n<meta property=\"og:locale\" content=\"fr_FR\" \/>\n<meta property=\"og:type\" content=\"article\" \/>\n<meta property=\"og:title\" content=\"\u00c9cole de langue pour l&#039;allemand \u00e0 Munich\" \/>\n<meta property=\"og:description\" content=\"\u00c9cole de langue pour l&#039;allemand \u00e0 Munich: Nos \u00e9coles sont situ\u00e9es \u00e0 He\u00dfstra\u00dfe 90, 80797 Munich , 81539 Munich.\" \/>\n<meta property=\"og:url\" content=\"https:\/\/www.sprachschule-aktiv-muenchen.de\/fr\/ecole-de-langue\/\" \/>\n<meta property=\"og:site_name\" content=\"Sprachschule Aktiv\" \/>\n<meta property=\"article:modified_time\" content=\"2018-06-15T12:45:15+00:00\" \/>\n<meta name=\"twitter:card\" content=\"summary_large_image\" \/>\n<meta name=\"twitter:label1\" content=\"Dur\u00e9e de lecture estim\u00e9e\" \/>\n\t<meta name=\"twitter:data1\" content=\"1 minute\" \/>\n<script type=\"application\/ld+json\" class=\"yoast-schema-graph\">{\"@context\":\"https:\/\/schema.org\",\"@graph\":[{\"@type\":\"WebPage\",\"@id\":\"https:\/\/www.sprachschule-aktiv-muenchen.de\/fr\/ecole-de-langue\/\",\"url\":\"https:\/\/www.sprachschule-aktiv-muenchen.de\/fr\/ecole-de-langue\/\",\"name\":\"\u00c9cole de langue pour l'allemand \u00e0 Munich\",\"isPartOf\":{\"@id\":\"https:\/\/www.sprachschule-aktiv-muenchen.de\/#website\"},\"datePublished\":\"2017-02-13T10:50:57+00:00\",\"dateModified\":\"2018-06-15T12:45:15+00:00\",\"description\":\"\u00c9cole de langue pour l'allemand \u00e0 Munich: Nos \u00e9coles sont situ\u00e9es \u00e0 He\u00dfstra\u00dfe 90, 80797 Munich , 81539 Munich.\",\"breadcrumb\":{\"@id\":\"https:\/\/www.sprachschule-aktiv-muenchen.de\/fr\/ecole-de-langue\/#breadcrumb\"},\"inLanguage\":\"fr-FR\",\"potentialAction\":[{\"@type\":\"ReadAction\",\"target\":[\"https:\/\/www.sprachschule-aktiv-muenchen.de\/fr\/ecole-de-langue\/\"]}]},{\"@type\":\"BreadcrumbList\",\"@id\":\"https:\/\/www.sprachschule-aktiv-muenchen.de\/fr\/ecole-de-langue\/#breadcrumb\",\"itemListElement\":[{\"@type\":\"ListItem\",\"position\":1,\"name\":\"Portada\",\"item\":\"https:\/\/www.sprachschule-aktiv-muenchen.de\/fr\/\"},{\"@type\":\"ListItem\",\"position\":2,\"name\":\"\u00c9cole de Langue\"}]},{\"@type\":\"WebSite\",\"@id\":\"https:\/\/www.sprachschule-aktiv-muenchen.de\/#website\",\"url\":\"https:\/\/www.sprachschule-aktiv-muenchen.de\/\",\"name\":\"Sprachschule Aktiv\",\"description\":\"\",\"potentialAction\":[{\"@type\":\"SearchAction\",\"target\":{\"@type\":\"EntryPoint\",\"urlTemplate\":\"https:\/\/www.sprachschule-aktiv-muenchen.de\/?s={search_term_string}\"},\"query-input\":{\"@type\":\"PropertyValueSpecification\",\"valueRequired\":true,\"valueName\":\"search_term_string\"}}],\"inLanguage\":\"fr-FR\"}]}<\/script>\n<!-- \/ Yoast SEO plugin. -->","yoast_head_json":{"title":"\u00c9cole de langue pour l'allemand \u00e0 Munich","description":"\u00c9cole de langue pour l'allemand \u00e0 Munich: Nos \u00e9coles sont situ\u00e9es \u00e0 He\u00dfstra\u00dfe 90, 80797 Munich , 81539 Munich.","robots":{"index":"index","follow":"follow","max-snippet":"max-snippet:-1","max-image-preview":"max-image-preview:large","max-video-preview":"max-video-preview:-1"},"canonical":"https:\/\/www.sprachschule-aktiv-muenchen.de\/fr\/ecole-de-langue\/","og_locale":"fr_FR","og_type":"article","og_title":"\u00c9cole de langue pour l'allemand \u00e0 Munich","og_description":"\u00c9cole de langue pour l'allemand \u00e0 Munich: Nos \u00e9coles sont situ\u00e9es \u00e0 He\u00dfstra\u00dfe 90, 80797 Munich , 81539 Munich.","og_url":"https:\/\/www.sprachschule-aktiv-muenchen.de\/fr\/ecole-de-langue\/","og_site_name":"Sprachschule Aktiv","article_modified_time":"2018-06-15T12:45:15+00:00","twitter_card":"summary_large_image","twitter_misc":{"Dur\u00e9e de lecture estim\u00e9e":"1 minute"},"schema":{"@context":"https:\/\/schema.org","@graph":[{"@type":"WebPage","@id":"https:\/\/www.sprachschule-aktiv-muenchen.de\/fr\/ecole-de-langue\/","url":"https:\/\/www.sprachschule-aktiv-muenchen.de\/fr\/ecole-de-langue\/","name":"\u00c9cole de langue pour l'allemand \u00e0 Munich","isPartOf":{"@id":"https:\/\/www.sprachschule-aktiv-muenchen.de\/#website"},"datePublished":"2017-02-13T10:50:57+00:00","dateModified":"2018-06-15T12:45:15+00:00","description":"\u00c9cole de langue pour l'allemand \u00e0 Munich: Nos \u00e9coles sont situ\u00e9es \u00e0 He\u00dfstra\u00dfe 90, 80797 Munich , 81539 Munich.","breadcrumb":{"@id":"https:\/\/www.sprachschule-aktiv-muenchen.de\/fr\/ecole-de-langue\/#breadcrumb"},"inLanguage":"fr-FR","potentialAction":[{"@type":"ReadAction","target":["https:\/\/www.sprachschule-aktiv-muenchen.de\/fr\/ecole-de-langue\/"]}]},{"@type":"BreadcrumbList","@id":"https:\/\/www.sprachschule-aktiv-muenchen.de\/fr\/ecole-de-langue\/#breadcrumb","itemListElement":[{"@type":"ListItem","position":1,"name":"Portada","item":"https:\/\/www.sprachschule-aktiv-muenchen.de\/fr\/"},{"@type":"ListItem","position":2,"name":"\u00c9cole de Langue"}]},{"@type":"WebSite","@id":"https:\/\/www.sprachschule-aktiv-muenchen.de\/#website","url":"https:\/\/www.sprachschule-aktiv-muenchen.de\/","name":"Sprachschule Aktiv","description":"","potentialAction":[{"@type":"SearchAction","target":{"@type":"EntryPoint","urlTemplate":"https:\/\/www.sprachschule-aktiv-muenchen.de\/?s={search_term_string}"},"query-input":{"@type":"PropertyValueSpecification","valueRequired":true,"valueName":"search_term_string"}}],"inLanguage":"fr-FR"}]}},"_links":{"self":[{"href":"https:\/\/www.sprachschule-aktiv-muenchen.de\/fr\/wp-json\/wp\/v2\/pages\/8612","targetHints":{"allow":["GET"]}}],"collection":[{"href":"https:\/\/www.sprachschule-aktiv-muenchen.de\/fr\/wp-json\/wp\/v2\/pages"}],"about":[{"href":"https:\/\/www.sprachschule-aktiv-muenchen.de\/fr\/wp-json\/wp\/v2\/types\/page"}],"author":[{"embeddable":true,"href":"https:\/\/www.sprachschule-aktiv-muenchen.de\/fr\/wp-json\/wp\/v2\/users\/2"}],"replies":[{"embeddable":true,"href":"https:\/\/www.sprachschule-aktiv-muenchen.de\/fr\/wp-json\/wp\/v2\/comments?post=8612"}],"version-history":[{"count":0,"href":"https:\/\/www.sprachschule-aktiv-muenchen.de\/fr\/wp-json\/wp\/v2\/pages\/8612\/revisions"}],"wp:attachment":[{"href":"https:\/\/www.sprachschule-aktiv-muenchen.de\/fr\/wp-json\/wp\/v2\/media?parent=8612"}],"curies":[{"name":"wp","href":"https:\/\/api.w.org\/{rel}","templated":true}]}}