{"id":8576,"date":"2017-02-13T11:30:42","date_gmt":"2017-02-13T10:30:42","guid":{"rendered":"https:\/\/www.sprachschule-aktiv-muenchen.de\/?page_id=8576\/"},"modified":"2018-06-15T14:32:45","modified_gmt":"2018-06-15T12:32:45","slug":"cours-dallemand-avec-visa","status":"publish","type":"page","link":"https:\/\/www.sprachschule-aktiv-muenchen.de\/fr\/cours-dallemand-avec-visa\/","title":{"rendered":"Cours d&#8217;allemand avec visa en Allemagne"},"content":{"rendered":"<p>[vc_row css=&#8221;.vc_custom_1486979961800{padding-top: 25px !important;padding-bottom: 30px !important;}&#8221;][vc_column width=&#8221;1\/2&#8243;][vc_column_text]<\/p>\n<h1>Cours d&#8217;allemand avec visa en Allemagne<\/h1>\n<p>Si vous avez besoin d&#8217;un visa pour vos cours d&#8217;allemand, nous vous aiderons volontiers dans vos d\u00e9marches. Nous vous offrons ce service afin de vous donner quelques conseils qui devraient vous \u00eatre utiles pour l&#8217;obtention de votre visa allemand. Cours d&#8217;allemand + visa allemand : D\u00e9buts de session et tarifs<\/p>\n<p>Dates de d\u00e9but et dur\u00e9e pour tous niveaux :\u00a0 les premiers lundis du mois \u2013 4 semaines, 20 heures de cours par semaine:<\/p>\n\n<table id=\"tablepress-6\" class=\"tablepress tablepress-id-6 tablepress-responsive\">\n<thead>\n<tr class=\"row-1\">\n\t<th colspan=\"4\" class=\"column-1\">Tarifs: Du lundi au vendredi de 9 :00 \u00e0 12 :00<\/th>\n<\/tr>\n<\/thead>\n<tbody class=\"row-striping row-hover\">\n<tr class=\"row-2\">\n\t<td class=\"column-1\">1 semaine 199\u20ac<\/td><td class=\"column-2\">2 semaines 349\u20ac<\/td><td class=\"column-3\">3 semaines 411\u20ac<\/td><td class=\"column-4\">4 semaines 499\u20ac<\/td>\n<\/tr>\n<\/tbody>\n<\/table>\n<!-- #tablepress-6 from cache -->\n<p>Inscription: Veuillez cliquer sur ce lien pour acc\u00e9der au formulaire d&#8217;inscription: <a href=\"\/fr\/inscrivez-vous\/\">acc\u00e8s \u00e0 l&#8217;inscription<\/a>.[\/vc_column_text][\/vc_column][vc_column width=&#8221;1\/2&#8243;][vc_single_image image=&#8221;10573&#8243; img_size=&#8221;full&#8221; style=&#8221;vc_box_outline&#8221; css=&#8221;.vc_custom_1487874941364{padding-top: 35px !important;}&#8221;][\/vc_column][\/vc_row][vc_row full_width=&#8221;stretch_row&#8221; css=&#8221;.vc_custom_1486999099569{padding-top: 15px !important;padding-bottom: 30px !important;background-color: #f9f9f9 !important;}&#8221;][vc_column][vc_column_text]<\/p>\n<h2>Avez-vous besoin d&#8217;un VISA pour vos cours d&#8217;allemand \u00e0 Munich ?<\/h2>\n<p>Si vous avez besoin d&#8217;un VISA pour suivre des cours en Allemagne, nous vous recommandons de consulter l&#8217;ambassade allemande dans votre pays d&#8217;origine. Vous pouvez faire cette d\u00e9marche sur internet. Sur la page Web de l&#8217;ambassade, vous pouvez \u00e9galement vous renseigner sur les conditions d&#8217;entr\u00e9e sur le territoire allemand.<\/p>\n<h2>Cours d&#8217;allemand + VISA pour \u00e9tudiants \u2013 Informations g\u00e9n\u00e9rales<\/h2>\n<p>D&#8217;un pays \u00e0 l&#8217;autre ou selon les personnes, on peut attendre de vous que vous ayez d\u00e9j\u00e0 pay\u00e9 le cours pour pouvoir obtenir votre visa. Une des conditions est de pouvoir prouver sa participation \u00e0 un cours intensif d&#8217;allemand avec une fr\u00e9quence minimum de 20 heures de cours par semaine. Chez nous, la Sprachschule Aktiv M\u00fcnchen, d\u00e8s que nous avons trait\u00e9 votre inscription et que vous avez r\u00e9gl\u00e9 au moins 50% de votre facture, vous obtenez le certificat n\u00e9cessaire pour votre VISA.<\/p>\n<p>Nous ne pouvons malheureusement pas vous garantir l&#8217;obtention de votre visa. Le cas \u00e9ch\u00e9ant, nous vous remboursons ce que vous avez vers\u00e9 (d\u00e9duction faite d&#8217;une participation aux frais d&#8217;un montant de 100\u20ac).[\/vc_column_text][\/vc_column][\/vc_row][vc_row full_width=&#8221;stretch_row&#8221; css=&#8221;.vc_custom_1486980584454{padding-top: 15px !important;padding-bottom: 30px !important;}&#8221;][vc_column width=&#8221;1\/2&#8243;][vc_single_image image=&#8221;10515&#8243; img_size=&#8221;full&#8221; style=&#8221;vc_box_outline&#8221;][\/vc_column][vc_column width=&#8221;1\/2&#8243;][vc_column_text]<\/p>\n<h2>Voici d&#8217;autres \u00e9ventuelles pi\u00e8ces \u00e0 fournir pour l&#8217;obtention de votre visa en Allemagne<\/h2>\n<ul>\n<li>2 formulaires de demande de visa<\/li>\n<li>2 photos d&#8217;identit\u00e9 r\u00e9centes<\/li>\n<li>Carte d&#8217;identit\u00e9 valable<\/li>\n<li>Certificat de participation \u00e0 un cours d&#8217;allemand<\/li>\n<li>Attestation de fin de formation ou de formation en cours<\/li>\n<li>Re\u00e7u de paiement du visa<\/li>\n<li>Re\u00e7u de paiement des cours d&#8217;allemand<\/li>\n<\/ul>\n<p>&nbsp;<\/p>\n<p>Quelques sites webs utiles \u00e0 propos du VISA allemand<\/p>\n<ul>\n<li><a href=\"http:\/\/www.auswaertiges-amt.de\/DE\/Startseite_node.html\" target=\"_blank\" rel=\"noopener\">http:\/\/www.auswaertiges-amt.de<\/a><\/li>\n<li><a href=\"https:\/\/destinia.com\/guide\/el-mundo\/europa\/alemania\/1-30004-30092\/3\/es\" target=\"_blank\" rel=\"noopener\">http:\/\/destinia.com\/guide\/el-mundo\/europa\/alemania\/1-30004-30092\/3\/es<\/a><\/li>\n<li><a href=\"https:\/\/www.justlanded.com\/espanol\/Alemania\/Visas-Permisos\" target=\"_blank\" rel=\"noopener\">https:\/\/www.justlanded.com\/espanol\/Alemania\/Visas-Permisos<\/a><\/li>\n<\/ul>\n<p>[\/vc_column_text][\/vc_column][\/vc_row]<\/p>\n","protected":false},"excerpt":{"rendered":"<p>[vc_row css=&#8221;.vc_custom_1486979961800{padding-top: 25px !important;padding-bottom: 30px !important;}&#8221;][vc_column width=&#8221;1\/2&#8243;][vc_column_text] Cours d&#8217;allemand avec visa en Allemagne Si vous avez besoin d&#8217;un visa pour vos cours d&#8217;allemand, nous vous aiderons volontiers dans vos d\u00e9marches. Nous vous offrons ce service afin de vous donner quelques conseils qui devraient vous \u00eatre utiles pour l&#8217;obtention de votre visa allemand. Cours d&#8217;allemand +&hellip; <a class=\"read-more\" href=\"https:\/\/www.sprachschule-aktiv-muenchen.de\/fr\/cours-dallemand-avec-visa\/\" title=\"Read Cours d&#8217;allemand avec visa en Allemagne\">Read more &raquo;<\/a><\/p>\n","protected":false},"author":2,"featured_media":0,"parent":0,"menu_order":0,"comment_status":"closed","ping_status":"closed","template":"","meta":{"footnotes":""},"class_list":["post-8576","page","type-page","status-publish","hentry"],"yoast_head":"<!-- This site is optimized with the Yoast SEO plugin v27.1.1 - https:\/\/yoast.com\/product\/yoast-seo-wordpress\/ -->\n<title>Cours d\u00b4allemand avec visa en Allemagne<\/title>\n<meta name=\"description\" content=\"Cours d\u00b4allemand avec visa en Allemagne. Si vous avez besoin d\u00b4un visa, nous vous aidons volontiers dans vos d\u00e9marches.\" \/>\n<meta name=\"robots\" content=\"index, follow, max-snippet:-1, max-image-preview:large, max-video-preview:-1\" \/>\n<link rel=\"canonical\" href=\"https:\/\/www.sprachschule-aktiv-muenchen.de\/fr\/cours-dallemand-avec-visa\/\" \/>\n<meta property=\"og:locale\" content=\"fr_FR\" \/>\n<meta property=\"og:type\" content=\"article\" \/>\n<meta property=\"og:title\" content=\"Cours d\u00b4allemand avec visa en Allemagne\" \/>\n<meta property=\"og:description\" content=\"Cours d\u00b4allemand avec visa en Allemagne. Si vous avez besoin d\u00b4un visa, nous vous aidons volontiers dans vos d\u00e9marches.\" \/>\n<meta property=\"og:url\" content=\"https:\/\/www.sprachschule-aktiv-muenchen.de\/fr\/cours-dallemand-avec-visa\/\" \/>\n<meta property=\"og:site_name\" content=\"Sprachschule Aktiv\" \/>\n<meta property=\"article:modified_time\" content=\"2018-06-15T12:32:45+00:00\" \/>\n<meta name=\"twitter:card\" content=\"summary_large_image\" \/>\n<meta name=\"twitter:label1\" content=\"Dur\u00e9e de lecture estim\u00e9e\" \/>\n\t<meta name=\"twitter:data1\" content=\"2 minutes\" \/>\n<script type=\"application\/ld+json\" class=\"yoast-schema-graph\">{\"@context\":\"https:\/\/schema.org\",\"@graph\":[{\"@type\":\"WebPage\",\"@id\":\"https:\/\/www.sprachschule-aktiv-muenchen.de\/fr\/cours-dallemand-avec-visa\/\",\"url\":\"https:\/\/www.sprachschule-aktiv-muenchen.de\/fr\/cours-dallemand-avec-visa\/\",\"name\":\"Cours d\u00b4allemand avec visa en Allemagne\",\"isPartOf\":{\"@id\":\"https:\/\/www.sprachschule-aktiv-muenchen.de\/#website\"},\"datePublished\":\"2017-02-13T10:30:42+00:00\",\"dateModified\":\"2018-06-15T12:32:45+00:00\",\"description\":\"Cours d\u00b4allemand avec visa en Allemagne. Si vous avez besoin d\u00b4un visa, nous vous aidons volontiers dans vos d\u00e9marches.\",\"breadcrumb\":{\"@id\":\"https:\/\/www.sprachschule-aktiv-muenchen.de\/fr\/cours-dallemand-avec-visa\/#breadcrumb\"},\"inLanguage\":\"fr-FR\",\"potentialAction\":[{\"@type\":\"ReadAction\",\"target\":[\"https:\/\/www.sprachschule-aktiv-muenchen.de\/fr\/cours-dallemand-avec-visa\/\"]}]},{\"@type\":\"BreadcrumbList\",\"@id\":\"https:\/\/www.sprachschule-aktiv-muenchen.de\/fr\/cours-dallemand-avec-visa\/#breadcrumb\",\"itemListElement\":[{\"@type\":\"ListItem\",\"position\":1,\"name\":\"Portada\",\"item\":\"https:\/\/www.sprachschule-aktiv-muenchen.de\/fr\/\"},{\"@type\":\"ListItem\",\"position\":2,\"name\":\"Cours d&#8217;allemand avec visa en Allemagne\"}]},{\"@type\":\"WebSite\",\"@id\":\"https:\/\/www.sprachschule-aktiv-muenchen.de\/#website\",\"url\":\"https:\/\/www.sprachschule-aktiv-muenchen.de\/\",\"name\":\"Sprachschule Aktiv\",\"description\":\"\",\"potentialAction\":[{\"@type\":\"SearchAction\",\"target\":{\"@type\":\"EntryPoint\",\"urlTemplate\":\"https:\/\/www.sprachschule-aktiv-muenchen.de\/?s={search_term_string}\"},\"query-input\":{\"@type\":\"PropertyValueSpecification\",\"valueRequired\":true,\"valueName\":\"search_term_string\"}}],\"inLanguage\":\"fr-FR\"}]}<\/script>\n<!-- \/ Yoast SEO plugin. -->","yoast_head_json":{"title":"Cours d\u00b4allemand avec visa en Allemagne","description":"Cours d\u00b4allemand avec visa en Allemagne. Si vous avez besoin d\u00b4un visa, nous vous aidons volontiers dans vos d\u00e9marches.","robots":{"index":"index","follow":"follow","max-snippet":"max-snippet:-1","max-image-preview":"max-image-preview:large","max-video-preview":"max-video-preview:-1"},"canonical":"https:\/\/www.sprachschule-aktiv-muenchen.de\/fr\/cours-dallemand-avec-visa\/","og_locale":"fr_FR","og_type":"article","og_title":"Cours d\u00b4allemand avec visa en Allemagne","og_description":"Cours d\u00b4allemand avec visa en Allemagne. Si vous avez besoin d\u00b4un visa, nous vous aidons volontiers dans vos d\u00e9marches.","og_url":"https:\/\/www.sprachschule-aktiv-muenchen.de\/fr\/cours-dallemand-avec-visa\/","og_site_name":"Sprachschule Aktiv","article_modified_time":"2018-06-15T12:32:45+00:00","twitter_card":"summary_large_image","twitter_misc":{"Dur\u00e9e de lecture estim\u00e9e":"2 minutes"},"schema":{"@context":"https:\/\/schema.org","@graph":[{"@type":"WebPage","@id":"https:\/\/www.sprachschule-aktiv-muenchen.de\/fr\/cours-dallemand-avec-visa\/","url":"https:\/\/www.sprachschule-aktiv-muenchen.de\/fr\/cours-dallemand-avec-visa\/","name":"Cours d\u00b4allemand avec visa en Allemagne","isPartOf":{"@id":"https:\/\/www.sprachschule-aktiv-muenchen.de\/#website"},"datePublished":"2017-02-13T10:30:42+00:00","dateModified":"2018-06-15T12:32:45+00:00","description":"Cours d\u00b4allemand avec visa en Allemagne. Si vous avez besoin d\u00b4un visa, nous vous aidons volontiers dans vos d\u00e9marches.","breadcrumb":{"@id":"https:\/\/www.sprachschule-aktiv-muenchen.de\/fr\/cours-dallemand-avec-visa\/#breadcrumb"},"inLanguage":"fr-FR","potentialAction":[{"@type":"ReadAction","target":["https:\/\/www.sprachschule-aktiv-muenchen.de\/fr\/cours-dallemand-avec-visa\/"]}]},{"@type":"BreadcrumbList","@id":"https:\/\/www.sprachschule-aktiv-muenchen.de\/fr\/cours-dallemand-avec-visa\/#breadcrumb","itemListElement":[{"@type":"ListItem","position":1,"name":"Portada","item":"https:\/\/www.sprachschule-aktiv-muenchen.de\/fr\/"},{"@type":"ListItem","position":2,"name":"Cours d&#8217;allemand avec visa en Allemagne"}]},{"@type":"WebSite","@id":"https:\/\/www.sprachschule-aktiv-muenchen.de\/#website","url":"https:\/\/www.sprachschule-aktiv-muenchen.de\/","name":"Sprachschule Aktiv","description":"","potentialAction":[{"@type":"SearchAction","target":{"@type":"EntryPoint","urlTemplate":"https:\/\/www.sprachschule-aktiv-muenchen.de\/?s={search_term_string}"},"query-input":{"@type":"PropertyValueSpecification","valueRequired":true,"valueName":"search_term_string"}}],"inLanguage":"fr-FR"}]}},"_links":{"self":[{"href":"https:\/\/www.sprachschule-aktiv-muenchen.de\/fr\/wp-json\/wp\/v2\/pages\/8576","targetHints":{"allow":["GET"]}}],"collection":[{"href":"https:\/\/www.sprachschule-aktiv-muenchen.de\/fr\/wp-json\/wp\/v2\/pages"}],"about":[{"href":"https:\/\/www.sprachschule-aktiv-muenchen.de\/fr\/wp-json\/wp\/v2\/types\/page"}],"author":[{"embeddable":true,"href":"https:\/\/www.sprachschule-aktiv-muenchen.de\/fr\/wp-json\/wp\/v2\/users\/2"}],"replies":[{"embeddable":true,"href":"https:\/\/www.sprachschule-aktiv-muenchen.de\/fr\/wp-json\/wp\/v2\/comments?post=8576"}],"version-history":[{"count":0,"href":"https:\/\/www.sprachschule-aktiv-muenchen.de\/fr\/wp-json\/wp\/v2\/pages\/8576\/revisions"}],"wp:attachment":[{"href":"https:\/\/www.sprachschule-aktiv-muenchen.de\/fr\/wp-json\/wp\/v2\/media?parent=8576"}],"curies":[{"name":"wp","href":"https:\/\/api.w.org\/{rel}","templated":true}]}}