{"id":66586,"date":"2021-06-06T18:02:52","date_gmt":"2021-06-06T16:02:52","guid":{"rendered":"https:\/\/www.sprachschule-aktiv-muenchen.de\/?page_id=66586"},"modified":"2024-11-12T13:21:06","modified_gmt":"2024-11-12T12:21:06","slug":"cours-dallemand-c2-en-ligne","status":"publish","type":"page","link":"https:\/\/www.sprachschule-aktiv-muenchen.de\/fr\/cours-dallemand-c2-en-ligne\/","title":{"rendered":"Cours d\u2019allemand C2 en ligne"},"content":{"rendered":"<h1>Cours d\u2019allemand C2 en ligne &#8211; Apprendre l\u2019allemand en ligne<\/h1>\n<p>Un cours en ligne en allemand de niveau C2 est con\u00e7u pour un apprentissage avanc\u00e9. Vous devez tr\u00e8s bien ma\u00eetriser l\u2019allemand. Une fois le niveau C2 termin\u00e9, vous pourrez facilement discuter avec un locuteur natif en allemand. Nous vous recommandons d\u2019effectuer le test de classement gratuit sur notre site Internet. Vous y trouverez le test et ses diff\u00e9rents niveaux. Choisissez C1. Pouvez-vous r\u00e9pondre \u00e0 au moins 60% des questions ? Alors vous \u00eates pr\u00eat pour le cours en ligne C2 en allemand.<\/p>\n<a href=\"https:\/\/www.sprachschule-aktiv-muenchen.de\/fr\/contactez-nous\/\"><img decoding=\"async\" class=\"aligncenter wp-image-63793 size-full\" src=\"https:\/\/www.sprachschule-aktiv-muenchen.de\/wp-content\/uploads\/2021\/03\/boton-noch-frage-FR.png\" alt=\"contactez nous\" width=\"367\" height=\"66\" srcset=\"https:\/\/www.sprachschule-aktiv-muenchen.de\/wp-content\/uploads\/2021\/03\/boton-noch-frage-FR.png 367w, https:\/\/www.sprachschule-aktiv-muenchen.de\/wp-content\/uploads\/2021\/03\/boton-noch-frage-FR-300x54.png 300w\" sizes=\"(max-width: 367px) 100vw, 367px\" \/><\/a>\n<h2>Quelques conditions techniques basiques<\/h2>\n<p>Vous n\u2019avez pas besoin de comp\u00e9tences techniques particuli\u00e8res pour participer au cours C2 en ligne. Une certaine affinit\u00e9 pour internet est utile, mais pas une condition pr\u00e9alable. La plupart des m\u00e9nages ont une connexion Internet rapide. En outre, un ordinateur portable est parfait, m\u00eame avec un ordinateur de bureau avec une webcam, vous pouvez suivre des cours. De m\u00eame, une tablette est appropri\u00e9e. Th\u00e9oriquement, un t\u00e9l\u00e9phone portable fonctionne aussi mais la participation \u00e0 l\u2019enseignement est tr\u00e8s difficile \u00e0 cause du petit \u00e9cran.<\/p>\n<img decoding=\"async\" class=\"aligncenter size-full wp-image-66587\" src=\"https:\/\/www.sprachschule-aktiv-muenchen.de\/wp-content\/uploads\/2021\/06\/cours-dallemand-c2-en-ligne.jpg\" alt=\"Cours d\u2019allemand C2 en ligne - Apprendre l\u2019allemand en ligne\" width=\"344\" height=\"230\" srcset=\"https:\/\/www.sprachschule-aktiv-muenchen.de\/wp-content\/uploads\/2021\/06\/cours-dallemand-c2-en-ligne.jpg 344w, https:\/\/www.sprachschule-aktiv-muenchen.de\/wp-content\/uploads\/2021\/06\/cours-dallemand-c2-en-ligne-300x201.jpg 300w\" sizes=\"(max-width: 344px) 100vw, 344px\" \/>\n<h2>Choisir entre les diff\u00e9rents cours<\/h2>\n<p>En principe, vous avez le m\u00eame choix pour un cours en ligne C2 que pour les cours en pr\u00e9sentiel. Il y a des cours de groupe qui ont lieu une ou deux fois par semaine. L\u2019enseignement progresse lentement mais r\u00e9guli\u00e8rement. Si le rythme est trop lent pour vous, vous pouvez acc\u00e9l\u00e9rer le rythme avec un cours intensif ou semi-intensif. Pour les individualistes, l\u2019enseignement priv\u00e9 est une bonne d\u00e9cision. Nous ne nous immis\u00e7ons pas dans l\u2019organisation de l\u2019enseignement. Vous \u00eates le seul \u00e0 faire le temps de cours avec votre professeur. Tous les types de cours peuvent \u00e9galement \u00eatre r\u00e9serv\u00e9s par les entreprises pour vos employ\u00e9s.<\/p>\n<h2>Nos enseignants sont \u00e0 la fois tri\u00e9s sur le volet et motiv\u00e9s<\/h2>\n<p>Nous prenons notre temps pour choisir nos enseignants, car nous savons que la qualit\u00e9 des enseignants d\u00e9pend de votre r\u00e9ussite. Tout d\u2019abord, il est important qu\u2019il s\u2019agisse de locuteurs natifs. C\u2019est le seul moyen d\u2019apprendre la prononciation. Bien entendu, l\u2019enseignant doit avoir une formation universitaire p\u00e9dagogique. Il est \u00e9galement important pour nous qu\u2019il s\u2019agisse d\u2019une personnalit\u00e9 amicale. En outre, elle ou lui doit avoir l\u2019exp\u00e9rience de l\u2019apprentissage en ligne. Ce n\u2019est que si ces points sont tous exacts qu\u2019un enseignant peut prendre un cours en ligne d\u2019allemand C2 chez nous.<\/p>\n<h2>Nos cours sont moins chers que vous ne le pensez<\/h2>\n<p><strong>S\u00e9lection des cours :<\/strong> cours du soir, cours intensifs ou particuliers.<\/p>\n<h2>C2 Cours semi-intensifs en ligne &#8211; Prix et dates<\/h2>\n<p><strong>Dur\u00e9e :<\/strong> 4 semaines<br \/>\n<strong>D\u00e9but du cours : <\/strong>le premier lundi du mois<br \/>\n<strong>Dates :<\/strong> \u00a0du lundi au jeudi de 9h00 \u00e0 12h00<br \/>\n<strong>Prix pour 4 semaines :<\/strong> \u00a0319 \u20ac<\/p>\n<a href=\"https:\/\/www.sprachschule-aktiv-muenchen.de\/fr\/inscrivez-vous\/\"><img decoding=\"async\" class=\"aligncenter size-full wp-image-63817\" src=\"https:\/\/www.sprachschule-aktiv-muenchen.de\/wp-content\/uploads\/2021\/03\/boton-anmeldung-FR.png\" alt=\"\" width=\"344\" height=\"65\" srcset=\"https:\/\/www.sprachschule-aktiv-muenchen.de\/wp-content\/uploads\/2021\/03\/boton-anmeldung-FR.png 344w, https:\/\/www.sprachschule-aktiv-muenchen.de\/wp-content\/uploads\/2021\/03\/boton-anmeldung-FR-300x57.png 300w\" sizes=\"(max-width: 344px) 100vw, 344px\" \/><\/a>\n<h2>C2 Cours intensifs en ligne &#8211; Prix et dates<\/h2>\n<p><strong>Dur\u00e9e du cours :<\/strong> 1 \u00e0 4 semaines<br \/>\n<strong>Dates :<\/strong> \u00a0du lundi au vendredi de 9h00 \u00e0 12h00<\/p>\n<p><strong>D\u00e9but du<\/strong> <strong>cours :<\/strong> \u00a0premier lundi du mois<br \/>\n<strong>1 semaine :<\/strong> \u00a0199 \u20ac<br \/>\n<strong>2 semaines :<\/strong> \u00a0349 \u20ac<br \/>\n<strong>3 semaines :<\/strong> \u00a0411 \u20ac<br \/>\n<strong>4 semaines :<\/strong> \u00a0499 \u20ac<\/p>\n<a href=\"https:\/\/www.sprachschule-aktiv-muenchen.de\/fr\/inscrivez-vous\/\"><img decoding=\"async\" class=\"aligncenter size-full wp-image-63817\" src=\"https:\/\/www.sprachschule-aktiv-muenchen.de\/wp-content\/uploads\/2021\/03\/boton-anmeldung-FR.png\" alt=\"\" width=\"344\" height=\"65\" srcset=\"https:\/\/www.sprachschule-aktiv-muenchen.de\/wp-content\/uploads\/2021\/03\/boton-anmeldung-FR.png 344w, https:\/\/www.sprachschule-aktiv-muenchen.de\/wp-content\/uploads\/2021\/03\/boton-anmeldung-FR-300x57.png 300w\" sizes=\"(max-width: 344px) 100vw, 344px\" \/><\/a>\n<h2>C2 Cours du soir en ligne &#8211; Prix et dates<\/h2>\n<p><strong>D\u00e9part :<\/strong> le premier lundi du mois<br \/>\n<strong>Dates :<\/strong> \u00a0Tous les lundis de 19h00 \u00e0 20h30<br \/>\n<strong>Dur\u00e9e du cours :<\/strong> \u00a012 semaines<br \/>\n<strong>Prix :<\/strong> \u00a0279 \u20ac<\/p>\n<a href=\"https:\/\/www.sprachschule-aktiv-muenchen.de\/fr\/inscrivez-vous\/\"><img decoding=\"async\" class=\"aligncenter size-full wp-image-63817\" src=\"https:\/\/www.sprachschule-aktiv-muenchen.de\/wp-content\/uploads\/2021\/03\/boton-anmeldung-FR.png\" alt=\"\" width=\"344\" height=\"65\" srcset=\"https:\/\/www.sprachschule-aktiv-muenchen.de\/wp-content\/uploads\/2021\/03\/boton-anmeldung-FR.png 344w, https:\/\/www.sprachschule-aktiv-muenchen.de\/wp-content\/uploads\/2021\/03\/boton-anmeldung-FR-300x57.png 300w\" sizes=\"(max-width: 344px) 100vw, 344px\" \/><\/a>\n<h2>C2 Cours particuliers en ligne &#8211; Prix<\/h2>\n<p>R\u00e9servation de 1 \u00e0 19 heures : 45 \u20ac<\/p>\n<p>R\u00e9servation de 20 \u00e0 29 heures : 42 \u20ac<\/p>\n<p>R\u00e9servation de 30 heures et plus : 38 \u20ac<\/p>\n<a href=\"https:\/\/www.sprachschule-aktiv-muenchen.de\/fr\/inscrivez-vous\/\"><img decoding=\"async\" class=\"aligncenter size-full wp-image-63817\" src=\"https:\/\/www.sprachschule-aktiv-muenchen.de\/wp-content\/uploads\/2021\/03\/boton-anmeldung-FR.png\" alt=\"\" width=\"344\" height=\"65\" srcset=\"https:\/\/www.sprachschule-aktiv-muenchen.de\/wp-content\/uploads\/2021\/03\/boton-anmeldung-FR.png 344w, https:\/\/www.sprachschule-aktiv-muenchen.de\/wp-content\/uploads\/2021\/03\/boton-anmeldung-FR-300x57.png 300w\" sizes=\"(max-width: 344px) 100vw, 344px\" \/><\/a>\n<h2>La participation au cours est sans risque<\/h2>\n<p>Vous pouvez vous inscrire sans risque. Si vous n\u2019\u00eates pas satisfait du cours, pr\u00e9venez-nous. Nous vous d\u00e9sinscrirons sans frais. Nous vous rembourserons le montant pour les heures d\u00e9j\u00e0 pay\u00e9es. Bien s\u00fbr, nous serons l\u00e0 pour vous plus tard. En cas de probl\u00e8me, contactez notre \u00e9quipe.<br \/>\n<iframe title=\"YouTube video player\" src=\"https:\/\/www.youtube.com\/embed\/54-5aCU96MM\" width=\"560\" height=\"315\" frameborder=\"0\" allowfullscreen=\"allowfullscreen\"><\/iframe><\/p>\n","protected":false},"excerpt":{"rendered":"<p>Cours d\u2019allemand C2 en ligne &#8211; Apprendre l\u2019allemand en ligne Un cours en ligne en allemand de niveau C2 est con\u00e7u pour un apprentissage avanc\u00e9. Vous devez tr\u00e8s bien ma\u00eetriser l\u2019allemand. Une fois le niveau C2 termin\u00e9, vous pourrez facilement discuter avec un locuteur natif en allemand. Nous vous recommandons d\u2019effectuer le test de classement&hellip; <a class=\"read-more\" href=\"https:\/\/www.sprachschule-aktiv-muenchen.de\/fr\/cours-dallemand-c2-en-ligne\/\" title=\"Read Cours d\u2019allemand C2 en ligne\">Read more &raquo;<\/a><\/p>\n","protected":false},"author":2,"featured_media":0,"parent":0,"menu_order":0,"comment_status":"closed","ping_status":"closed","template":"","meta":{"footnotes":""},"class_list":["post-66586","page","type-page","status-publish","hentry"],"yoast_head":"<!-- This site is optimized with the Yoast SEO plugin v27.1.1 - https:\/\/yoast.com\/product\/yoast-seo-wordpress\/ -->\n<title>Cours d\u2019allemand C2 en ligne - Apprendre l\u2019allemand en ligne<\/title>\n<meta name=\"description\" content=\"Cours d&#039;allemand en ligne C2. Apprenez l&#039;allemand C2.1 ou C2.2 en ligne en cours intensifs et en cours particuliers.\" \/>\n<meta name=\"robots\" content=\"index, follow, max-snippet:-1, max-image-preview:large, max-video-preview:-1\" \/>\n<link rel=\"canonical\" href=\"https:\/\/www.sprachschule-aktiv-muenchen.de\/fr\/cours-dallemand-c2-en-ligne\/\" \/>\n<meta property=\"og:locale\" content=\"fr_FR\" \/>\n<meta property=\"og:type\" content=\"article\" \/>\n<meta property=\"og:title\" content=\"Cours d\u2019allemand C2 en ligne - Apprendre l\u2019allemand en ligne\" \/>\n<meta property=\"og:description\" content=\"Cours d&#039;allemand en ligne C2. Apprenez l&#039;allemand C2.1 ou C2.2 en ligne en cours intensifs et en cours particuliers.\" \/>\n<meta property=\"og:url\" content=\"https:\/\/www.sprachschule-aktiv-muenchen.de\/fr\/cours-dallemand-c2-en-ligne\/\" \/>\n<meta property=\"og:site_name\" content=\"Sprachschule Aktiv\" \/>\n<meta property=\"article:modified_time\" content=\"2024-11-12T12:21:06+00:00\" \/>\n<meta property=\"og:image\" content=\"https:\/\/www.sprachschule-aktiv-muenchen.de\/wp-content\/uploads\/2021\/03\/boton-noch-frage-FR.png\" \/>\n<meta name=\"twitter:card\" content=\"summary_large_image\" \/>\n<meta name=\"twitter:label1\" content=\"Dur\u00e9e de lecture estim\u00e9e\" \/>\n\t<meta name=\"twitter:data1\" content=\"5 minutes\" \/>\n<script type=\"application\/ld+json\" class=\"yoast-schema-graph\">{\"@context\":\"https:\/\/schema.org\",\"@graph\":[{\"@type\":\"WebPage\",\"@id\":\"https:\/\/www.sprachschule-aktiv-muenchen.de\/fr\/cours-dallemand-c2-en-ligne\/\",\"url\":\"https:\/\/www.sprachschule-aktiv-muenchen.de\/fr\/cours-dallemand-c2-en-ligne\/\",\"name\":\"Cours d\u2019allemand C2 en ligne - Apprendre l\u2019allemand en ligne\",\"isPartOf\":{\"@id\":\"https:\/\/www.sprachschule-aktiv-muenchen.de\/#website\"},\"primaryImageOfPage\":{\"@id\":\"https:\/\/www.sprachschule-aktiv-muenchen.de\/fr\/cours-dallemand-c2-en-ligne\/#primaryimage\"},\"image\":{\"@id\":\"https:\/\/www.sprachschule-aktiv-muenchen.de\/fr\/cours-dallemand-c2-en-ligne\/#primaryimage\"},\"thumbnailUrl\":\"https:\/\/www.sprachschule-aktiv-muenchen.de\/wp-content\/uploads\/2021\/03\/boton-noch-frage-FR.png\",\"datePublished\":\"2021-06-06T16:02:52+00:00\",\"dateModified\":\"2024-11-12T12:21:06+00:00\",\"description\":\"Cours d'allemand en ligne C2. Apprenez l'allemand C2.1 ou C2.2 en ligne en cours intensifs et en cours particuliers.\",\"breadcrumb\":{\"@id\":\"https:\/\/www.sprachschule-aktiv-muenchen.de\/fr\/cours-dallemand-c2-en-ligne\/#breadcrumb\"},\"inLanguage\":\"fr-FR\",\"potentialAction\":[{\"@type\":\"ReadAction\",\"target\":[\"https:\/\/www.sprachschule-aktiv-muenchen.de\/fr\/cours-dallemand-c2-en-ligne\/\"]}]},{\"@type\":\"ImageObject\",\"inLanguage\":\"fr-FR\",\"@id\":\"https:\/\/www.sprachschule-aktiv-muenchen.de\/fr\/cours-dallemand-c2-en-ligne\/#primaryimage\",\"url\":\"https:\/\/www.sprachschule-aktiv-muenchen.de\/wp-content\/uploads\/2021\/03\/boton-noch-frage-FR.png\",\"contentUrl\":\"https:\/\/www.sprachschule-aktiv-muenchen.de\/wp-content\/uploads\/2021\/03\/boton-noch-frage-FR.png\"},{\"@type\":\"BreadcrumbList\",\"@id\":\"https:\/\/www.sprachschule-aktiv-muenchen.de\/fr\/cours-dallemand-c2-en-ligne\/#breadcrumb\",\"itemListElement\":[{\"@type\":\"ListItem\",\"position\":1,\"name\":\"Portada\",\"item\":\"https:\/\/www.sprachschule-aktiv-muenchen.de\/fr\/\"},{\"@type\":\"ListItem\",\"position\":2,\"name\":\"Cours d\u2019allemand C2 en ligne\"}]},{\"@type\":\"WebSite\",\"@id\":\"https:\/\/www.sprachschule-aktiv-muenchen.de\/#website\",\"url\":\"https:\/\/www.sprachschule-aktiv-muenchen.de\/\",\"name\":\"Sprachschule Aktiv\",\"description\":\"\",\"potentialAction\":[{\"@type\":\"SearchAction\",\"target\":{\"@type\":\"EntryPoint\",\"urlTemplate\":\"https:\/\/www.sprachschule-aktiv-muenchen.de\/?s={search_term_string}\"},\"query-input\":{\"@type\":\"PropertyValueSpecification\",\"valueRequired\":true,\"valueName\":\"search_term_string\"}}],\"inLanguage\":\"fr-FR\"}]}<\/script>\n<!-- \/ Yoast SEO plugin. -->","yoast_head_json":{"title":"Cours d\u2019allemand C2 en ligne - Apprendre l\u2019allemand en ligne","description":"Cours d'allemand en ligne C2. Apprenez l'allemand C2.1 ou C2.2 en ligne en cours intensifs et en cours particuliers.","robots":{"index":"index","follow":"follow","max-snippet":"max-snippet:-1","max-image-preview":"max-image-preview:large","max-video-preview":"max-video-preview:-1"},"canonical":"https:\/\/www.sprachschule-aktiv-muenchen.de\/fr\/cours-dallemand-c2-en-ligne\/","og_locale":"fr_FR","og_type":"article","og_title":"Cours d\u2019allemand C2 en ligne - Apprendre l\u2019allemand en ligne","og_description":"Cours d'allemand en ligne C2. Apprenez l'allemand C2.1 ou C2.2 en ligne en cours intensifs et en cours particuliers.","og_url":"https:\/\/www.sprachschule-aktiv-muenchen.de\/fr\/cours-dallemand-c2-en-ligne\/","og_site_name":"Sprachschule Aktiv","article_modified_time":"2024-11-12T12:21:06+00:00","og_image":[{"url":"https:\/\/www.sprachschule-aktiv-muenchen.de\/wp-content\/uploads\/2021\/03\/boton-noch-frage-FR.png","type":"","width":"","height":""}],"twitter_card":"summary_large_image","twitter_misc":{"Dur\u00e9e de lecture estim\u00e9e":"5 minutes"},"schema":{"@context":"https:\/\/schema.org","@graph":[{"@type":"WebPage","@id":"https:\/\/www.sprachschule-aktiv-muenchen.de\/fr\/cours-dallemand-c2-en-ligne\/","url":"https:\/\/www.sprachschule-aktiv-muenchen.de\/fr\/cours-dallemand-c2-en-ligne\/","name":"Cours d\u2019allemand C2 en ligne - Apprendre l\u2019allemand en ligne","isPartOf":{"@id":"https:\/\/www.sprachschule-aktiv-muenchen.de\/#website"},"primaryImageOfPage":{"@id":"https:\/\/www.sprachschule-aktiv-muenchen.de\/fr\/cours-dallemand-c2-en-ligne\/#primaryimage"},"image":{"@id":"https:\/\/www.sprachschule-aktiv-muenchen.de\/fr\/cours-dallemand-c2-en-ligne\/#primaryimage"},"thumbnailUrl":"https:\/\/www.sprachschule-aktiv-muenchen.de\/wp-content\/uploads\/2021\/03\/boton-noch-frage-FR.png","datePublished":"2021-06-06T16:02:52+00:00","dateModified":"2024-11-12T12:21:06+00:00","description":"Cours d'allemand en ligne C2. Apprenez l'allemand C2.1 ou C2.2 en ligne en cours intensifs et en cours particuliers.","breadcrumb":{"@id":"https:\/\/www.sprachschule-aktiv-muenchen.de\/fr\/cours-dallemand-c2-en-ligne\/#breadcrumb"},"inLanguage":"fr-FR","potentialAction":[{"@type":"ReadAction","target":["https:\/\/www.sprachschule-aktiv-muenchen.de\/fr\/cours-dallemand-c2-en-ligne\/"]}]},{"@type":"ImageObject","inLanguage":"fr-FR","@id":"https:\/\/www.sprachschule-aktiv-muenchen.de\/fr\/cours-dallemand-c2-en-ligne\/#primaryimage","url":"https:\/\/www.sprachschule-aktiv-muenchen.de\/wp-content\/uploads\/2021\/03\/boton-noch-frage-FR.png","contentUrl":"https:\/\/www.sprachschule-aktiv-muenchen.de\/wp-content\/uploads\/2021\/03\/boton-noch-frage-FR.png"},{"@type":"BreadcrumbList","@id":"https:\/\/www.sprachschule-aktiv-muenchen.de\/fr\/cours-dallemand-c2-en-ligne\/#breadcrumb","itemListElement":[{"@type":"ListItem","position":1,"name":"Portada","item":"https:\/\/www.sprachschule-aktiv-muenchen.de\/fr\/"},{"@type":"ListItem","position":2,"name":"Cours d\u2019allemand C2 en ligne"}]},{"@type":"WebSite","@id":"https:\/\/www.sprachschule-aktiv-muenchen.de\/#website","url":"https:\/\/www.sprachschule-aktiv-muenchen.de\/","name":"Sprachschule Aktiv","description":"","potentialAction":[{"@type":"SearchAction","target":{"@type":"EntryPoint","urlTemplate":"https:\/\/www.sprachschule-aktiv-muenchen.de\/?s={search_term_string}"},"query-input":{"@type":"PropertyValueSpecification","valueRequired":true,"valueName":"search_term_string"}}],"inLanguage":"fr-FR"}]}},"_links":{"self":[{"href":"https:\/\/www.sprachschule-aktiv-muenchen.de\/fr\/wp-json\/wp\/v2\/pages\/66586","targetHints":{"allow":["GET"]}}],"collection":[{"href":"https:\/\/www.sprachschule-aktiv-muenchen.de\/fr\/wp-json\/wp\/v2\/pages"}],"about":[{"href":"https:\/\/www.sprachschule-aktiv-muenchen.de\/fr\/wp-json\/wp\/v2\/types\/page"}],"author":[{"embeddable":true,"href":"https:\/\/www.sprachschule-aktiv-muenchen.de\/fr\/wp-json\/wp\/v2\/users\/2"}],"replies":[{"embeddable":true,"href":"https:\/\/www.sprachschule-aktiv-muenchen.de\/fr\/wp-json\/wp\/v2\/comments?post=66586"}],"version-history":[{"count":2,"href":"https:\/\/www.sprachschule-aktiv-muenchen.de\/fr\/wp-json\/wp\/v2\/pages\/66586\/revisions"}],"predecessor-version":[{"id":78902,"href":"https:\/\/www.sprachschule-aktiv-muenchen.de\/fr\/wp-json\/wp\/v2\/pages\/66586\/revisions\/78902"}],"wp:attachment":[{"href":"https:\/\/www.sprachschule-aktiv-muenchen.de\/fr\/wp-json\/wp\/v2\/media?parent=66586"}],"curies":[{"name":"wp","href":"https:\/\/api.w.org\/{rel}","templated":true}]}}