{"id":66363,"date":"2021-06-05T06:45:11","date_gmt":"2021-06-05T04:45:11","guid":{"rendered":"https:\/\/www.sprachschule-aktiv-muenchen.de\/?page_id=66363"},"modified":"2024-11-12T13:18:25","modified_gmt":"2024-11-12T12:18:25","slug":"cours-dallemand-b2-en-ligne","status":"publish","type":"page","link":"https:\/\/www.sprachschule-aktiv-muenchen.de\/fr\/cours-dallemand-b2-en-ligne\/","title":{"rendered":"Cours d\u2019allemand B2 en ligne"},"content":{"rendered":"<h1>Cours d\u2019allemand B2 en ligne &#8211; Apprendre l\u2019allemand en ligne B2<\/h1>\n<p><strong>Cours d\u2019allemand B2 intensifs et priv\u00e9s<\/strong> <strong>en ligne <\/strong>pour les niveaux B2.1 ou B2.2. Si vous \u00eates d\u00e9j\u00e0 familier avec la langue allemande et que vous souhaitez continuer \u00e0 l\u2019am\u00e9liorer, nous vous proposons des cours intensifs et priv\u00e9s bon march\u00e9. Vous pouvez commencer au niveau B2.1 ou B2.2. Vous pouvez participer \u00e0 des cours d&#8217;allemand en ligne via internet. Le cours de langue B2 \u00e0 la Sprachschule Aktiv se d\u00e9roule via un outil en ligne. Cela vous permet de d\u00e9velopper de mani\u00e8re interactive vos comp\u00e9tences linguistiques dans un cours de grande qualit\u00e9. La conception multim\u00e9dia compl\u00e8te de mani\u00e8re optimale le cours en face \u00e0 face dans le confort de votre domicile ou de votre lieu de travail.<\/p>\n<a href=\"https:\/\/www.sprachschule-aktiv-muenchen.de\/fr\/contactez-nous\/\"><img decoding=\"async\" class=\"aligncenter wp-image-63793 size-full\" src=\"https:\/\/www.sprachschule-aktiv-muenchen.de\/wp-content\/uploads\/2021\/03\/boton-noch-frage-FR.png\" alt=\"contactez nous\" width=\"367\" height=\"66\" srcset=\"https:\/\/www.sprachschule-aktiv-muenchen.de\/wp-content\/uploads\/2021\/03\/boton-noch-frage-FR.png 367w, https:\/\/www.sprachschule-aktiv-muenchen.de\/wp-content\/uploads\/2021\/03\/boton-noch-frage-FR-300x54.png 300w\" sizes=\"(max-width: 367px) 100vw, 367px\" \/><\/a>\n<h2>Ces avantages sont offerts par un cours d\u2019allemand B2 en ligne<\/h2>\n<p>&#8211; Des supports p\u00e9dagogiques de pointe permettent d&#8217;enseigner de mani\u00e8re optimale une compr\u00e9hension de la lecture et de l&#8217;\u00e9coute, ainsi que de l&#8217;expression orale et \u00e9crite.<\/p>\n<p>&#8211; T\u00e9l\u00e9charger en partie gratuitement les manuels scolaires<\/p>\n<p>&#8211; Le trajet vers le cours est annul\u00e9<\/p>\n<p>&#8211; Vous apprenez de la maison ou de votre lieu de travail dans un environnement habituel et confortable<\/p>\n<p>&#8211; <a href=\"https:\/\/www.sprachschule-aktiv-muenchen.de\/fr\/test-de-niveau\/\">Test de classement gratuit<\/a><\/p>\n<p>&#8211; Vous avez besoin d\u2019un terminal mobile ou d\u2019un ordinateur avec webcam et microphone pour le cours d\u2019allemand en ligne de niveau B2<\/p>\n<img decoding=\"async\" class=\"aligncenter size-full wp-image-66364\" src=\"https:\/\/www.sprachschule-aktiv-muenchen.de\/wp-content\/uploads\/2021\/06\/cours-dallemand-b2-en-ligne.jpg\" alt=\"Cours d\u2019allemand B2 en ligne - Apprendre l\u2019allemand en ligne B2.1 et B2.2\" width=\"500\" height=\"351\" srcset=\"https:\/\/www.sprachschule-aktiv-muenchen.de\/wp-content\/uploads\/2021\/06\/cours-dallemand-b2-en-ligne.jpg 500w, https:\/\/www.sprachschule-aktiv-muenchen.de\/wp-content\/uploads\/2021\/06\/cours-dallemand-b2-en-ligne-300x211.jpg 300w\" sizes=\"(max-width: 500px) 100vw, 500px\" \/>\n<h2>Consultez le cours d\u2019allemand en ligne avec une le\u00e7on d\u2019initiation gratuite !<\/h2>\n<p>Si nous ne vous avons pas encore convaincu, nous vous proposons une s\u00e9ance d\u2019essai gratuite pour apprendre \u00e0 mieux nous conna\u00eetre. Nous comprenons vos inqui\u00e9tudes. Alors, en quelques clics, vous pouvez vous inscrire \u00e0 la le\u00e7on d\u2019initiation et participez aux cours. Durant l\u2019heure, il vous suffit de demander l\u2019avis des autres participants et de rencontrer l\u2019enseignant. Et si vous avez d\u2019autres questions, contactez-nous \u00e0 tout moment. Nous sommes certains de pouvoir vous convaincre avec notre offre d\u2019initiation.<\/p>\n<h2>Le co\u00fbt de nos diff\u00e9rents types de cours en ligne de niveau B2<\/h2>\n<p>Nos cours d\u2019allemand de niveau B2 peuvent \u00eatre r\u00e9serv\u00e9s en cours priv\u00e9 ou avec d\u2019autres \u00e0 travers des cours en groupe. C&#8217;est \u00e0 vous de choisir l&#8217;option intensive ou semi-intensive. Les diff\u00e9rences r\u00e9sident dans la dur\u00e9e totale du cours, le nombre exact d&#8217;heures et les diff\u00e9rents horaires de cours.<\/p>\n<h2>Notre offre sp\u00e9ciale pour 4 semaines de cours d\u2019allemand B2 en ligne<\/h2>\n<p>S\u00e9lection des cours : semi-intensif, cours intensifs, cours du soir et cours particuliers.<\/p>\n<h2>Cours semi-intensif<\/h2>\n<p>Le cours semi-intensif est notre variante bon march\u00e9 pour vous d\u2019apprendre l\u2019allemand en ligne en 4 semaines au niveau B2 pour seulement 289 euros.<\/p>\n<p><strong>D\u00e9but du cours :<\/strong> le premier lundi du mois<\/p>\n<p><strong>Dur\u00e9e et dates<\/strong> <strong>:<\/strong>\u00a0 4 semaines &#8211; du lundi au jeudi de 9:00 \u00e0 12:00 heures<\/p>\n<p><strong>Prix pour<\/strong> <strong>4 semaines :<\/strong>\u00a0 319 \u20ac<\/p>\n<a href=\"https:\/\/www.sprachschule-aktiv-muenchen.de\/fr\/inscrivez-vous\/\"><img decoding=\"async\" class=\"aligncenter size-full wp-image-63817\" src=\"https:\/\/www.sprachschule-aktiv-muenchen.de\/wp-content\/uploads\/2021\/03\/boton-anmeldung-FR.png\" alt=\"\" width=\"344\" height=\"65\" srcset=\"https:\/\/www.sprachschule-aktiv-muenchen.de\/wp-content\/uploads\/2021\/03\/boton-anmeldung-FR.png 344w, https:\/\/www.sprachschule-aktiv-muenchen.de\/wp-content\/uploads\/2021\/03\/boton-anmeldung-FR-300x57.png 300w\" sizes=\"(max-width: 344px) 100vw, 344px\" \/><\/a>\n<h2>Cours intensif d\u2019allemand B2 en ligne<\/h2>\n<p>Avec le cours intensif, vous atteindrez rapidement votre objectif gr\u00e2ce \u00e0 un vaste programme d\u2019apprentissage intensif. Une le\u00e7on est de 45 minutes.<\/p>\n<p><strong>Dates de d\u00e9part :<\/strong> le premier lundi du mois<\/p>\n<p><strong>Horaires de cours :<\/strong> sont disponibles du lundi au vendredi entre 9:00 et 12:00<\/p>\n<p><strong>Co\u00fbt du cours intensif B2 en ligne :<\/strong><\/p>\n<p>1 semaine avec 20 le\u00e7ons pour 199 \u20ac<\/p>\n<p>2 semaines avec 40 le\u00e7ons pour 349 \u20ac<\/p>\n<p>3 semaines avec 60 le\u00e7ons pour 411 \u20ac<\/p>\n<p>4 semaines avec 80 le\u00e7ons pour 499 \u20ac<\/p>\n<a href=\"https:\/\/www.sprachschule-aktiv-muenchen.de\/fr\/inscrivez-vous\/\"><img decoding=\"async\" class=\"aligncenter size-full wp-image-63817\" src=\"https:\/\/www.sprachschule-aktiv-muenchen.de\/wp-content\/uploads\/2021\/03\/boton-anmeldung-FR.png\" alt=\"\" width=\"344\" height=\"65\" srcset=\"https:\/\/www.sprachschule-aktiv-muenchen.de\/wp-content\/uploads\/2021\/03\/boton-anmeldung-FR.png 344w, https:\/\/www.sprachschule-aktiv-muenchen.de\/wp-content\/uploads\/2021\/03\/boton-anmeldung-FR-300x57.png 300w\" sizes=\"(max-width: 344px) 100vw, 344px\" \/><\/a>\n<h2>Co\u00fbt des cours particuliers B2<\/h2>\n<p>Si vous ne pouvez pas choisir le cours en groupe, vous pouvez \u00e9galement apprendre l\u2019allemand au niveau B2 en cours particulier. Vous pouvez partager les frais avec jusqu\u2019\u00e0 2 amis ou coll\u00e8gues. Invitez-les et \u00e9tudiez ensemble.<\/p>\n<p>&#8211; 45 \u20ac de l\u2019heure pour 1 \u00e0 19 heures<\/p>\n<p>&#8211; 42 \u20ac de l\u2019heure de 20 \u00e0 29 heures<\/p>\n<p>&#8211; 38 \u20ac de l\u2019heure \u00e0 partir de 30 heures<\/p>\n<a href=\"https:\/\/www.sprachschule-aktiv-muenchen.de\/fr\/inscrivez-vous\/\"><img decoding=\"async\" class=\"aligncenter size-full wp-image-63817\" src=\"https:\/\/www.sprachschule-aktiv-muenchen.de\/wp-content\/uploads\/2021\/03\/boton-anmeldung-FR.png\" alt=\"\" width=\"344\" height=\"65\" srcset=\"https:\/\/www.sprachschule-aktiv-muenchen.de\/wp-content\/uploads\/2021\/03\/boton-anmeldung-FR.png 344w, https:\/\/www.sprachschule-aktiv-muenchen.de\/wp-content\/uploads\/2021\/03\/boton-anmeldung-FR-300x57.png 300w\" sizes=\"(max-width: 344px) 100vw, 344px\" \/><\/a>\n<h2>Cours de groupe d\u2019allemand B2 en ligne en 12 semaines<\/h2>\n<p>Une fois par semaine, vous participez \u00e0 ce cours d\u2019allemand.<\/p>\n<p><strong>D\u00e9but :<\/strong> le premier mardi du mois<br \/>\n<strong>Dates :<\/strong>\u00a0 tous les mardis de 19h00 \u00e0 20h30<br \/>\n<strong>Dur\u00e9e du cours :<\/strong>\u00a0 12 semaines \/ 90 min par semaine<br \/>\n<strong>Prix :<\/strong>\u00a0 279 \u20ac<\/p>\n<a href=\"https:\/\/www.sprachschule-aktiv-muenchen.de\/fr\/inscrivez-vous\/\"><img decoding=\"async\" class=\"aligncenter size-full wp-image-63817\" src=\"https:\/\/www.sprachschule-aktiv-muenchen.de\/wp-content\/uploads\/2021\/03\/boton-anmeldung-FR.png\" alt=\"\" width=\"344\" height=\"65\" srcset=\"https:\/\/www.sprachschule-aktiv-muenchen.de\/wp-content\/uploads\/2021\/03\/boton-anmeldung-FR.png 344w, https:\/\/www.sprachschule-aktiv-muenchen.de\/wp-content\/uploads\/2021\/03\/boton-anmeldung-FR-300x57.png 300w\" sizes=\"(max-width: 344px) 100vw, 344px\" \/><\/a>\n<h2>Cours de groupe d\u2019allemand B2 en ligne en 6 semaines<\/h2>\n<p>La forme plus courte du cours collectif a lieu deux fois par semaine.<\/p>\n<p><strong>Dur\u00e9e du cours :<\/strong> 6 semaines \/ 180 min. par semaine<\/p>\n<p><strong>D\u00e9but du cours :<\/strong>\u00a0 le premier lundi du mois<br \/>\n<strong>Dates :<\/strong>\u00a0 lundi et mercredi de 19:00 \u00e0 20:30<br \/>\n<strong>Prix :<\/strong>\u00a0 279 \u20ac<\/p>\n<a href=\"https:\/\/www.sprachschule-aktiv-muenchen.de\/fr\/inscrivez-vous\/\"><img decoding=\"async\" class=\"aligncenter size-full wp-image-63817\" src=\"https:\/\/www.sprachschule-aktiv-muenchen.de\/wp-content\/uploads\/2021\/03\/boton-anmeldung-FR.png\" alt=\"\" width=\"344\" height=\"65\" srcset=\"https:\/\/www.sprachschule-aktiv-muenchen.de\/wp-content\/uploads\/2021\/03\/boton-anmeldung-FR.png 344w, https:\/\/www.sprachschule-aktiv-muenchen.de\/wp-content\/uploads\/2021\/03\/boton-anmeldung-FR-300x57.png 300w\" sizes=\"(max-width: 344px) 100vw, 344px\" \/><\/a>\n<h2>Des enseignants qualifi\u00e9s pour notre cours d\u2019allemand en ligne niveau B2<\/h2>\n<p>Nos cours en ligne sont dispens\u00e9s par des locuteurs natifs. En plus d&#8217;un enseignement solide, ils peuvent prouver une formation continue. Vous pouvez donc \u00eatre s\u00fbr que vous recevrez un enseignement fond\u00e9 sur les m\u00e9thodes les plus modernes. Un autre crit\u00e8re pour nos enseignants est une attitude amicale et l&#8217;empathie n\u00e9cessaire.<br \/>\n<iframe title=\"YouTube video player\" src=\"https:\/\/www.youtube.com\/embed\/wICUuRyLBnI\" width=\"560\" height=\"315\" frameborder=\"0\" allowfullscreen=\"allowfullscreen\"><\/iframe><\/p>\n","protected":false},"excerpt":{"rendered":"<p>Cours d\u2019allemand B2 en ligne &#8211; Apprendre l\u2019allemand en ligne B2 Cours d\u2019allemand B2 intensifs et priv\u00e9s en ligne pour les niveaux B2.1 ou B2.2. Si vous \u00eates d\u00e9j\u00e0 familier avec la langue allemande et que vous souhaitez continuer \u00e0 l\u2019am\u00e9liorer, nous vous proposons des cours intensifs et priv\u00e9s bon march\u00e9. Vous pouvez commencer au&hellip; <a class=\"read-more\" href=\"https:\/\/www.sprachschule-aktiv-muenchen.de\/fr\/cours-dallemand-b2-en-ligne\/\" title=\"Read Cours d\u2019allemand B2 en ligne\">Read more &raquo;<\/a><\/p>\n","protected":false},"author":2,"featured_media":0,"parent":0,"menu_order":0,"comment_status":"closed","ping_status":"closed","template":"","meta":{"footnotes":""},"class_list":["post-66363","page","type-page","status-publish","hentry"],"yoast_head":"<!-- This site is optimized with the Yoast SEO plugin v27.1.1 - https:\/\/yoast.com\/product\/yoast-seo-wordpress\/ -->\n<title>Cours d\u2019allemand B2 en ligne - Apprendre l\u2019allemand en ligne<\/title>\n<meta name=\"description\" content=\"Cours d&#039;allemand en ligne B2 en cours particuliers ou intensifs. 4 semaines de cours d&#039;allemand en ligne pour seulement 319 \u20ac !\" \/>\n<meta name=\"robots\" content=\"index, follow, max-snippet:-1, max-image-preview:large, max-video-preview:-1\" \/>\n<link rel=\"canonical\" href=\"https:\/\/www.sprachschule-aktiv-muenchen.de\/fr\/cours-dallemand-b2-en-ligne\/\" \/>\n<meta property=\"og:locale\" content=\"fr_FR\" \/>\n<meta property=\"og:type\" content=\"article\" \/>\n<meta property=\"og:title\" content=\"Cours d\u2019allemand B2 en ligne - Apprendre l\u2019allemand en ligne\" \/>\n<meta property=\"og:description\" content=\"Cours d&#039;allemand en ligne B2 en cours particuliers ou intensifs. 4 semaines de cours d&#039;allemand en ligne pour seulement 319 \u20ac !\" \/>\n<meta property=\"og:url\" content=\"https:\/\/www.sprachschule-aktiv-muenchen.de\/fr\/cours-dallemand-b2-en-ligne\/\" \/>\n<meta property=\"og:site_name\" content=\"Sprachschule Aktiv\" \/>\n<meta property=\"article:modified_time\" content=\"2024-11-12T12:18:25+00:00\" \/>\n<meta property=\"og:image\" content=\"https:\/\/www.sprachschule-aktiv-muenchen.de\/wp-content\/uploads\/2021\/03\/boton-noch-frage-FR.png\" \/>\n<meta name=\"twitter:card\" content=\"summary_large_image\" \/>\n<meta name=\"twitter:label1\" content=\"Dur\u00e9e de lecture estim\u00e9e\" \/>\n\t<meta name=\"twitter:data1\" content=\"6 minutes\" \/>\n<script type=\"application\/ld+json\" class=\"yoast-schema-graph\">{\"@context\":\"https:\/\/schema.org\",\"@graph\":[{\"@type\":\"WebPage\",\"@id\":\"https:\/\/www.sprachschule-aktiv-muenchen.de\/fr\/cours-dallemand-b2-en-ligne\/\",\"url\":\"https:\/\/www.sprachschule-aktiv-muenchen.de\/fr\/cours-dallemand-b2-en-ligne\/\",\"name\":\"Cours d\u2019allemand B2 en ligne - Apprendre l\u2019allemand en ligne\",\"isPartOf\":{\"@id\":\"https:\/\/www.sprachschule-aktiv-muenchen.de\/#website\"},\"primaryImageOfPage\":{\"@id\":\"https:\/\/www.sprachschule-aktiv-muenchen.de\/fr\/cours-dallemand-b2-en-ligne\/#primaryimage\"},\"image\":{\"@id\":\"https:\/\/www.sprachschule-aktiv-muenchen.de\/fr\/cours-dallemand-b2-en-ligne\/#primaryimage\"},\"thumbnailUrl\":\"https:\/\/www.sprachschule-aktiv-muenchen.de\/wp-content\/uploads\/2021\/03\/boton-noch-frage-FR.png\",\"datePublished\":\"2021-06-05T04:45:11+00:00\",\"dateModified\":\"2024-11-12T12:18:25+00:00\",\"description\":\"Cours d'allemand en ligne B2 en cours particuliers ou intensifs. 4 semaines de cours d'allemand en ligne pour seulement 319 \u20ac !\",\"breadcrumb\":{\"@id\":\"https:\/\/www.sprachschule-aktiv-muenchen.de\/fr\/cours-dallemand-b2-en-ligne\/#breadcrumb\"},\"inLanguage\":\"fr-FR\",\"potentialAction\":[{\"@type\":\"ReadAction\",\"target\":[\"https:\/\/www.sprachschule-aktiv-muenchen.de\/fr\/cours-dallemand-b2-en-ligne\/\"]}]},{\"@type\":\"ImageObject\",\"inLanguage\":\"fr-FR\",\"@id\":\"https:\/\/www.sprachschule-aktiv-muenchen.de\/fr\/cours-dallemand-b2-en-ligne\/#primaryimage\",\"url\":\"https:\/\/www.sprachschule-aktiv-muenchen.de\/wp-content\/uploads\/2021\/03\/boton-noch-frage-FR.png\",\"contentUrl\":\"https:\/\/www.sprachschule-aktiv-muenchen.de\/wp-content\/uploads\/2021\/03\/boton-noch-frage-FR.png\"},{\"@type\":\"BreadcrumbList\",\"@id\":\"https:\/\/www.sprachschule-aktiv-muenchen.de\/fr\/cours-dallemand-b2-en-ligne\/#breadcrumb\",\"itemListElement\":[{\"@type\":\"ListItem\",\"position\":1,\"name\":\"Portada\",\"item\":\"https:\/\/www.sprachschule-aktiv-muenchen.de\/fr\/\"},{\"@type\":\"ListItem\",\"position\":2,\"name\":\"Cours d\u2019allemand B2 en ligne\"}]},{\"@type\":\"WebSite\",\"@id\":\"https:\/\/www.sprachschule-aktiv-muenchen.de\/#website\",\"url\":\"https:\/\/www.sprachschule-aktiv-muenchen.de\/\",\"name\":\"Sprachschule Aktiv\",\"description\":\"\",\"potentialAction\":[{\"@type\":\"SearchAction\",\"target\":{\"@type\":\"EntryPoint\",\"urlTemplate\":\"https:\/\/www.sprachschule-aktiv-muenchen.de\/?s={search_term_string}\"},\"query-input\":{\"@type\":\"PropertyValueSpecification\",\"valueRequired\":true,\"valueName\":\"search_term_string\"}}],\"inLanguage\":\"fr-FR\"}]}<\/script>\n<!-- \/ Yoast SEO plugin. -->","yoast_head_json":{"title":"Cours d\u2019allemand B2 en ligne - Apprendre l\u2019allemand en ligne","description":"Cours d'allemand en ligne B2 en cours particuliers ou intensifs. 4 semaines de cours d'allemand en ligne pour seulement 319 \u20ac !","robots":{"index":"index","follow":"follow","max-snippet":"max-snippet:-1","max-image-preview":"max-image-preview:large","max-video-preview":"max-video-preview:-1"},"canonical":"https:\/\/www.sprachschule-aktiv-muenchen.de\/fr\/cours-dallemand-b2-en-ligne\/","og_locale":"fr_FR","og_type":"article","og_title":"Cours d\u2019allemand B2 en ligne - Apprendre l\u2019allemand en ligne","og_description":"Cours d'allemand en ligne B2 en cours particuliers ou intensifs. 4 semaines de cours d'allemand en ligne pour seulement 319 \u20ac !","og_url":"https:\/\/www.sprachschule-aktiv-muenchen.de\/fr\/cours-dallemand-b2-en-ligne\/","og_site_name":"Sprachschule Aktiv","article_modified_time":"2024-11-12T12:18:25+00:00","og_image":[{"url":"https:\/\/www.sprachschule-aktiv-muenchen.de\/wp-content\/uploads\/2021\/03\/boton-noch-frage-FR.png","type":"","width":"","height":""}],"twitter_card":"summary_large_image","twitter_misc":{"Dur\u00e9e de lecture estim\u00e9e":"6 minutes"},"schema":{"@context":"https:\/\/schema.org","@graph":[{"@type":"WebPage","@id":"https:\/\/www.sprachschule-aktiv-muenchen.de\/fr\/cours-dallemand-b2-en-ligne\/","url":"https:\/\/www.sprachschule-aktiv-muenchen.de\/fr\/cours-dallemand-b2-en-ligne\/","name":"Cours d\u2019allemand B2 en ligne - Apprendre l\u2019allemand en ligne","isPartOf":{"@id":"https:\/\/www.sprachschule-aktiv-muenchen.de\/#website"},"primaryImageOfPage":{"@id":"https:\/\/www.sprachschule-aktiv-muenchen.de\/fr\/cours-dallemand-b2-en-ligne\/#primaryimage"},"image":{"@id":"https:\/\/www.sprachschule-aktiv-muenchen.de\/fr\/cours-dallemand-b2-en-ligne\/#primaryimage"},"thumbnailUrl":"https:\/\/www.sprachschule-aktiv-muenchen.de\/wp-content\/uploads\/2021\/03\/boton-noch-frage-FR.png","datePublished":"2021-06-05T04:45:11+00:00","dateModified":"2024-11-12T12:18:25+00:00","description":"Cours d'allemand en ligne B2 en cours particuliers ou intensifs. 4 semaines de cours d'allemand en ligne pour seulement 319 \u20ac !","breadcrumb":{"@id":"https:\/\/www.sprachschule-aktiv-muenchen.de\/fr\/cours-dallemand-b2-en-ligne\/#breadcrumb"},"inLanguage":"fr-FR","potentialAction":[{"@type":"ReadAction","target":["https:\/\/www.sprachschule-aktiv-muenchen.de\/fr\/cours-dallemand-b2-en-ligne\/"]}]},{"@type":"ImageObject","inLanguage":"fr-FR","@id":"https:\/\/www.sprachschule-aktiv-muenchen.de\/fr\/cours-dallemand-b2-en-ligne\/#primaryimage","url":"https:\/\/www.sprachschule-aktiv-muenchen.de\/wp-content\/uploads\/2021\/03\/boton-noch-frage-FR.png","contentUrl":"https:\/\/www.sprachschule-aktiv-muenchen.de\/wp-content\/uploads\/2021\/03\/boton-noch-frage-FR.png"},{"@type":"BreadcrumbList","@id":"https:\/\/www.sprachschule-aktiv-muenchen.de\/fr\/cours-dallemand-b2-en-ligne\/#breadcrumb","itemListElement":[{"@type":"ListItem","position":1,"name":"Portada","item":"https:\/\/www.sprachschule-aktiv-muenchen.de\/fr\/"},{"@type":"ListItem","position":2,"name":"Cours d\u2019allemand B2 en ligne"}]},{"@type":"WebSite","@id":"https:\/\/www.sprachschule-aktiv-muenchen.de\/#website","url":"https:\/\/www.sprachschule-aktiv-muenchen.de\/","name":"Sprachschule Aktiv","description":"","potentialAction":[{"@type":"SearchAction","target":{"@type":"EntryPoint","urlTemplate":"https:\/\/www.sprachschule-aktiv-muenchen.de\/?s={search_term_string}"},"query-input":{"@type":"PropertyValueSpecification","valueRequired":true,"valueName":"search_term_string"}}],"inLanguage":"fr-FR"}]}},"_links":{"self":[{"href":"https:\/\/www.sprachschule-aktiv-muenchen.de\/fr\/wp-json\/wp\/v2\/pages\/66363","targetHints":{"allow":["GET"]}}],"collection":[{"href":"https:\/\/www.sprachschule-aktiv-muenchen.de\/fr\/wp-json\/wp\/v2\/pages"}],"about":[{"href":"https:\/\/www.sprachschule-aktiv-muenchen.de\/fr\/wp-json\/wp\/v2\/types\/page"}],"author":[{"embeddable":true,"href":"https:\/\/www.sprachschule-aktiv-muenchen.de\/fr\/wp-json\/wp\/v2\/users\/2"}],"replies":[{"embeddable":true,"href":"https:\/\/www.sprachschule-aktiv-muenchen.de\/fr\/wp-json\/wp\/v2\/comments?post=66363"}],"version-history":[{"count":4,"href":"https:\/\/www.sprachschule-aktiv-muenchen.de\/fr\/wp-json\/wp\/v2\/pages\/66363\/revisions"}],"predecessor-version":[{"id":78900,"href":"https:\/\/www.sprachschule-aktiv-muenchen.de\/fr\/wp-json\/wp\/v2\/pages\/66363\/revisions\/78900"}],"wp:attachment":[{"href":"https:\/\/www.sprachschule-aktiv-muenchen.de\/fr\/wp-json\/wp\/v2\/media?parent=66363"}],"curies":[{"name":"wp","href":"https:\/\/api.w.org\/{rel}","templated":true}]}}