{"id":66335,"date":"2021-06-03T06:21:11","date_gmt":"2021-06-03T04:21:11","guid":{"rendered":"https:\/\/www.sprachschule-aktiv-muenchen.de\/?page_id=66335"},"modified":"2024-11-12T13:16:47","modified_gmt":"2024-11-12T12:16:47","slug":"cours-dallemand-b1-en-ligne","status":"publish","type":"page","link":"https:\/\/www.sprachschule-aktiv-muenchen.de\/fr\/cours-dallemand-b1-en-ligne\/","title":{"rendered":"Cours d\u2019allemand B1 en ligne"},"content":{"rendered":"<h1>Cours d\u2019allemand B1 en ligne &#8211; apprendre l&#8217;allemand en ligne B1<\/h1>\n<p>Cours d\u2019allemand en ligne pour le niveau B1 en petits groupes. Apprendre l\u2019allemand en ligne avec des cours intensifs, du soir et des cours priv\u00e9s (B1.1 ou B1.2). Celui qui veut s\u2019exprimer en toute s\u00e9curit\u00e9 et habilement en Allemagne, devrait ma\u00eetriser la langue nationale. Pour pouvoir communiquez dans diff\u00e9rentes situations quotidiennes, la fin d\u2019un cours d\u2019allemand du niveau B1 est appropri\u00e9e. Par cons\u00e9quent, vous apprenez \u00e0 vous exprimer sur des sujets tels que les loisirs ou le travail et \u00e0 comprendre les phrases de votre homologue.<\/p>\n<p>Avec diff\u00e9rents cours en ligne, vous pouvez am\u00e9liorer votre allemand confortablement install\u00e9 depuis votre domicile. Un test de classement gratuit vous permet de vous \u00e9valuer et de voir si vous \u00eates pr\u00eat pour le niveau B1 ou si vous devez commencer par A2.<\/p>\n<a href=\"https:\/\/www.sprachschule-aktiv-muenchen.de\/fr\/contactez-nous\/\"><img decoding=\"async\" class=\"aligncenter wp-image-63793 size-full\" src=\"https:\/\/www.sprachschule-aktiv-muenchen.de\/wp-content\/uploads\/2021\/03\/boton-noch-frage-FR.png\" alt=\"contactez nous\" width=\"367\" height=\"66\" srcset=\"https:\/\/www.sprachschule-aktiv-muenchen.de\/wp-content\/uploads\/2021\/03\/boton-noch-frage-FR.png 367w, https:\/\/www.sprachschule-aktiv-muenchen.de\/wp-content\/uploads\/2021\/03\/boton-noch-frage-FR-300x54.png 300w\" sizes=\"(max-width: 367px) 100vw, 367px\" \/><\/a>\n<h2>Nos m\u00e9thodes pour les cours d\u2019allemand B1 en ligne<\/h2>\n<p>Pour offrir ce qui convient \u00e0 chacun, nous proposons diff\u00e9rents mod\u00e8les parmi lesquels vous pouvez choisir votre cours. Nous faisons la distinction entre les cours semi-intensifs, intensifs, collectifs et particuliers.<\/p>\n<img decoding=\"async\" class=\"aligncenter wp-image-66336 size-full\" src=\"https:\/\/www.sprachschule-aktiv-muenchen.de\/wp-content\/uploads\/2021\/06\/cours-dallemand-b1-en-ligne.jpg\" alt=\"Cours d\u2019allemand B1 en ligne - Cours priv\u00e9s, du soir ou encore intensifs\" width=\"500\" height=\"351\" srcset=\"https:\/\/www.sprachschule-aktiv-muenchen.de\/wp-content\/uploads\/2021\/06\/cours-dallemand-b1-en-ligne.jpg 500w, https:\/\/www.sprachschule-aktiv-muenchen.de\/wp-content\/uploads\/2021\/06\/cours-dallemand-b1-en-ligne-300x211.jpg 300w\" sizes=\"(max-width: 500px) 100vw, 500px\" \/>\n<h2>Le cours semi intensif en ligne<\/h2>\n<p>Si vous voulez atteindre le niveau de langue B1 en quelques semaines, ce cours est parfait pour vous. Ce cours a un tr\u00e8s bon rapport qualit\u00e9-prix et est efficace en raison de sa courte dur\u00e9e. Pour quatre semaines de cours en ligne, vous payez 289 euros. Les cours en ligne ont lieu de 9h \u00e0 12h du lundi au jeudi. Si vous avez d\u00e9j\u00e0 des connaissances pr\u00e9alables, vous pouvez commencer le cours \u00e0 tout moment. Pour les d\u00e9butants, il y a des dates de d\u00e9part d\u00e9finies.<\/p>\n<p><strong>D\u00e9but :<\/strong> le premier lundi du mois<br \/>\n<strong>Dates :<\/strong> du lundi au jeudi de 9h00 \u00e0 12h00<br \/>\n<strong>Dur\u00e9e du cours :<\/strong> \u00a04 semaines<br \/>\n<strong>Prix :<\/strong> \u00a0319 \u20ac<\/p>\n<a href=\"https:\/\/www.sprachschule-aktiv-muenchen.de\/fr\/inscrivez-vous\/\"><img decoding=\"async\" class=\"aligncenter size-full wp-image-63817\" src=\"https:\/\/www.sprachschule-aktiv-muenchen.de\/wp-content\/uploads\/2021\/03\/boton-anmeldung-FR.png\" alt=\"\" width=\"344\" height=\"65\" srcset=\"https:\/\/www.sprachschule-aktiv-muenchen.de\/wp-content\/uploads\/2021\/03\/boton-anmeldung-FR.png 344w, https:\/\/www.sprachschule-aktiv-muenchen.de\/wp-content\/uploads\/2021\/03\/boton-anmeldung-FR-300x57.png 300w\" sizes=\"(max-width: 344px) 100vw, 344px\" \/><\/a>\n<h2>Cours intensif d\u2019allemand B1 en ligne<\/h2>\n<p>Si vous vous int\u00e9ressez avec insistance \u00e0 l\u2019apprentissage de la langue allemande, nous vous recommandons le cours intensif. Le nombre de participants est limit\u00e9 \u00e0 10. Cela vous permet de faire de grands progr\u00e8s et d\u2019atteindre rapidement votre objectif. Ce cours dure de 9h \u00e0 12h et se d\u00e9roule du lundi au vendredi. Ici aussi, il y a diff\u00e9rentes dates de lancement. En fonction de la dur\u00e9e du cours, vous payez un prix diff\u00e9rent.<\/p>\n<p><strong>D\u00e9but du cours :<\/strong> le premier lundi du mois<br \/>\n<strong>Dates :<\/strong> \u00a0du lundi au vendredi de 9h00 \u00e0 12h00<br \/>\n<strong>Dur\u00e9e :<\/strong> \u00a01 \u00e0 4 semaines<br \/>\n<strong>Prix :<\/strong><\/p>\n<p>&#8211; une semaine : 20 heures de cours, 199 euros<\/p>\n<p>&#8211; deux semaines : 40 heures de cours, 349 euros<\/p>\n<p>&#8211; trois semaines : 60 heures de cours, 411 euros<\/p>\n<p>&#8211; quatre semaines : 80 heures de cours, 499 euros<\/p>\n<a href=\"https:\/\/www.sprachschule-aktiv-muenchen.de\/fr\/inscrivez-vous\/\"><img decoding=\"async\" class=\"aligncenter size-full wp-image-63817\" src=\"https:\/\/www.sprachschule-aktiv-muenchen.de\/wp-content\/uploads\/2021\/03\/boton-anmeldung-FR.png\" alt=\"\" width=\"344\" height=\"65\" srcset=\"https:\/\/www.sprachschule-aktiv-muenchen.de\/wp-content\/uploads\/2021\/03\/boton-anmeldung-FR.png 344w, https:\/\/www.sprachschule-aktiv-muenchen.de\/wp-content\/uploads\/2021\/03\/boton-anmeldung-FR-300x57.png 300w\" sizes=\"(max-width: 344px) 100vw, 344px\" \/><\/a>\n<h2>Le cours priv\u00e9 d\u2019allemand B1 en ligne<\/h2>\n<p>Ce cours vous convient bien si vous aimez apprendre avec un contenu personnalis\u00e9. Le mat\u00e9riel didactique est adapt\u00e9 \u00e0 vos besoins. Vous pouvez inviter deux amis au cours sans frais suppl\u00e9mentaires. De plus, les dates sont adapt\u00e9es \u00e0 vous et sont adapt\u00e9es \u00e0 votre emploi du temps. Plus vous r\u00e9servez d\u2019heures, moins vous payez par unit\u00e9 d\u2019apprentissage de 45 minutes.<\/p>\n<p>&#8211; Entre une et 19 heures : 45 euros par unit\u00e9<\/p>\n<p>&#8211; Entre 20 et 29 heures : 42 euros l\u2019unit\u00e9<\/p>\n<p>&#8211; Plus de 30 heures : 38 euros par unit\u00e9<\/p>\n<a href=\"https:\/\/www.sprachschule-aktiv-muenchen.de\/fr\/inscrivez-vous\/\"><img decoding=\"async\" class=\"aligncenter size-full wp-image-63817\" src=\"https:\/\/www.sprachschule-aktiv-muenchen.de\/wp-content\/uploads\/2021\/03\/boton-anmeldung-FR.png\" alt=\"\" width=\"344\" height=\"65\" srcset=\"https:\/\/www.sprachschule-aktiv-muenchen.de\/wp-content\/uploads\/2021\/03\/boton-anmeldung-FR.png 344w, https:\/\/www.sprachschule-aktiv-muenchen.de\/wp-content\/uploads\/2021\/03\/boton-anmeldung-FR-300x57.png 300w\" sizes=\"(max-width: 344px) 100vw, 344px\" \/><\/a>\n<h2>Le cours de groupe en ligne &#8211; une fois par semaine<\/h2>\n<p>Avec ce cours en ligne de 12 semaines, vous rencontrerez virtuellement les autres participants une fois par semaine pour am\u00e9liorer votre allemand. Le co\u00fbt est de 298 euros pour 90 minutes par semaine. En fonction du nombre de participants au cours, le cours dure huit (pour deux participants), dix (pour trois participants) ou douze semaines (\u00e0 partir de quatre participants). Ce cours a lieu le soir et commence \u00e0 une date pr\u00e9cise tous les mois.<\/p>\n<p><strong>D\u00e9part :<\/strong> le premier lundi du mois<br \/>\n<strong>Dates :<\/strong> \u00a0Tous les lundis de 19h00 \u00e0 20h30<br \/>\n<strong>Dur\u00e9e du cours :<\/strong> \u00a012 semaines<br \/>\n<strong>Prix :<\/strong> \u00a0279 \u20ac<\/p>\n<a href=\"https:\/\/www.sprachschule-aktiv-muenchen.de\/fr\/inscrivez-vous\/\"><img decoding=\"async\" class=\"aligncenter size-full wp-image-63817\" src=\"https:\/\/www.sprachschule-aktiv-muenchen.de\/wp-content\/uploads\/2021\/03\/boton-anmeldung-FR.png\" alt=\"\" width=\"344\" height=\"65\" srcset=\"https:\/\/www.sprachschule-aktiv-muenchen.de\/wp-content\/uploads\/2021\/03\/boton-anmeldung-FR.png 344w, https:\/\/www.sprachschule-aktiv-muenchen.de\/wp-content\/uploads\/2021\/03\/boton-anmeldung-FR-300x57.png 300w\" sizes=\"(max-width: 344px) 100vw, 344px\" \/><\/a>\n<h2>Cours d\u2019allemand en ligne en 6 semaines<\/h2>\n<p>La forme plus courte du cours collectif a lieu deux fois par semaine.<\/p>\n<p><strong>Dur\u00e9e :<\/strong> 6 semaines<br \/>\n<strong>D\u00e9but :<\/strong> le premier lundi du mois<\/p>\n<p><strong>Dates<\/strong> <strong>des cours :<\/strong> lundi et mercredi de 19h00 \u00e0 20h30<br \/>\n<strong>Co\u00fbt :<\/strong>\u00a0 279 \u20ac<\/p>\n<a href=\"https:\/\/www.sprachschule-aktiv-muenchen.de\/fr\/inscrivez-vous\/\"><img decoding=\"async\" class=\"aligncenter size-full wp-image-63817\" src=\"https:\/\/www.sprachschule-aktiv-muenchen.de\/wp-content\/uploads\/2021\/03\/boton-anmeldung-FR.png\" alt=\"\" width=\"344\" height=\"65\" srcset=\"https:\/\/www.sprachschule-aktiv-muenchen.de\/wp-content\/uploads\/2021\/03\/boton-anmeldung-FR.png 344w, https:\/\/www.sprachschule-aktiv-muenchen.de\/wp-content\/uploads\/2021\/03\/boton-anmeldung-FR-300x57.png 300w\" sizes=\"(max-width: 344px) 100vw, 344px\" \/><\/a>\n<h2>Que dois-je savoir d\u2019autre ?<\/h2>\n<p>&#8211; Pour suivre les cours, vous avez besoin d\u2019un ordinateur de bureau ou portable \u00e9quip\u00e9 d\u2019une webcam et d\u2019un microphone.<\/p>\n<p>&#8211; Vous serez encadr\u00e9 par des locuteurs natifs exp\u00e9riment\u00e9s qui vous enseigneront la langue allemande gr\u00e2ce \u00e0 leur exp\u00e9rience.<br \/>\n<iframe title=\"YouTube video player\" src=\"https:\/\/www.youtube.com\/embed\/wICUuRyLBnI\" width=\"560\" height=\"315\" frameborder=\"0\" allowfullscreen=\"allowfullscreen\"><\/iframe><\/p>\n","protected":false},"excerpt":{"rendered":"<p>Cours d\u2019allemand B1 en ligne &#8211; apprendre l&#8217;allemand en ligne B1 Cours d\u2019allemand en ligne pour le niveau B1 en petits groupes. Apprendre l\u2019allemand en ligne avec des cours intensifs, du soir et des cours priv\u00e9s (B1.1 ou B1.2). Celui qui veut s\u2019exprimer en toute s\u00e9curit\u00e9 et habilement en Allemagne, devrait ma\u00eetriser la langue nationale.&hellip; <a class=\"read-more\" href=\"https:\/\/www.sprachschule-aktiv-muenchen.de\/fr\/cours-dallemand-b1-en-ligne\/\" title=\"Read Cours d\u2019allemand B1 en ligne\">Read more &raquo;<\/a><\/p>\n","protected":false},"author":2,"featured_media":0,"parent":0,"menu_order":0,"comment_status":"closed","ping_status":"closed","template":"","meta":{"footnotes":""},"class_list":["post-66335","page","type-page","status-publish","hentry"],"yoast_head":"<!-- This site is optimized with the Yoast SEO plugin v27.1.1 - https:\/\/yoast.com\/product\/yoast-seo-wordpress\/ -->\n<title>Cours d&#039;allemand en ligne B1 - apprendre l&#039;allemand en ligne<\/title>\n<meta name=\"description\" content=\"Cours d&#039;allemand B1 en ligne avec une le\u00e7on d&#039;essai gratuite ! Apprenez l&#039;allemand en ligne en cours intensifs, du soir ou particuliers.\" \/>\n<meta name=\"robots\" content=\"index, follow, max-snippet:-1, max-image-preview:large, max-video-preview:-1\" \/>\n<link rel=\"canonical\" href=\"https:\/\/www.sprachschule-aktiv-muenchen.de\/fr\/cours-dallemand-b1-en-ligne\/\" \/>\n<meta property=\"og:locale\" content=\"fr_FR\" \/>\n<meta property=\"og:type\" content=\"article\" \/>\n<meta property=\"og:title\" content=\"Cours d&#039;allemand en ligne B1 - apprendre l&#039;allemand en ligne\" \/>\n<meta property=\"og:description\" content=\"Cours d&#039;allemand B1 en ligne avec une le\u00e7on d&#039;essai gratuite ! Apprenez l&#039;allemand en ligne en cours intensifs, du soir ou particuliers.\" \/>\n<meta property=\"og:url\" content=\"https:\/\/www.sprachschule-aktiv-muenchen.de\/fr\/cours-dallemand-b1-en-ligne\/\" \/>\n<meta property=\"og:site_name\" content=\"Sprachschule Aktiv\" \/>\n<meta property=\"article:modified_time\" content=\"2024-11-12T12:16:47+00:00\" \/>\n<meta property=\"og:image\" content=\"https:\/\/www.sprachschule-aktiv-muenchen.de\/wp-content\/uploads\/2021\/03\/boton-noch-frage-FR.png\" \/>\n<meta name=\"twitter:card\" content=\"summary_large_image\" \/>\n<meta name=\"twitter:label1\" content=\"Dur\u00e9e de lecture estim\u00e9e\" \/>\n\t<meta name=\"twitter:data1\" content=\"6 minutes\" \/>\n<script type=\"application\/ld+json\" class=\"yoast-schema-graph\">{\"@context\":\"https:\/\/schema.org\",\"@graph\":[{\"@type\":\"WebPage\",\"@id\":\"https:\/\/www.sprachschule-aktiv-muenchen.de\/fr\/cours-dallemand-b1-en-ligne\/\",\"url\":\"https:\/\/www.sprachschule-aktiv-muenchen.de\/fr\/cours-dallemand-b1-en-ligne\/\",\"name\":\"Cours d'allemand en ligne B1 - apprendre l'allemand en ligne\",\"isPartOf\":{\"@id\":\"https:\/\/www.sprachschule-aktiv-muenchen.de\/#website\"},\"primaryImageOfPage\":{\"@id\":\"https:\/\/www.sprachschule-aktiv-muenchen.de\/fr\/cours-dallemand-b1-en-ligne\/#primaryimage\"},\"image\":{\"@id\":\"https:\/\/www.sprachschule-aktiv-muenchen.de\/fr\/cours-dallemand-b1-en-ligne\/#primaryimage\"},\"thumbnailUrl\":\"https:\/\/www.sprachschule-aktiv-muenchen.de\/wp-content\/uploads\/2021\/03\/boton-noch-frage-FR.png\",\"datePublished\":\"2021-06-03T04:21:11+00:00\",\"dateModified\":\"2024-11-12T12:16:47+00:00\",\"description\":\"Cours d'allemand B1 en ligne avec une le\u00e7on d'essai gratuite ! Apprenez l'allemand en ligne en cours intensifs, du soir ou particuliers.\",\"breadcrumb\":{\"@id\":\"https:\/\/www.sprachschule-aktiv-muenchen.de\/fr\/cours-dallemand-b1-en-ligne\/#breadcrumb\"},\"inLanguage\":\"fr-FR\",\"potentialAction\":[{\"@type\":\"ReadAction\",\"target\":[\"https:\/\/www.sprachschule-aktiv-muenchen.de\/fr\/cours-dallemand-b1-en-ligne\/\"]}]},{\"@type\":\"ImageObject\",\"inLanguage\":\"fr-FR\",\"@id\":\"https:\/\/www.sprachschule-aktiv-muenchen.de\/fr\/cours-dallemand-b1-en-ligne\/#primaryimage\",\"url\":\"https:\/\/www.sprachschule-aktiv-muenchen.de\/wp-content\/uploads\/2021\/03\/boton-noch-frage-FR.png\",\"contentUrl\":\"https:\/\/www.sprachschule-aktiv-muenchen.de\/wp-content\/uploads\/2021\/03\/boton-noch-frage-FR.png\"},{\"@type\":\"BreadcrumbList\",\"@id\":\"https:\/\/www.sprachschule-aktiv-muenchen.de\/fr\/cours-dallemand-b1-en-ligne\/#breadcrumb\",\"itemListElement\":[{\"@type\":\"ListItem\",\"position\":1,\"name\":\"Portada\",\"item\":\"https:\/\/www.sprachschule-aktiv-muenchen.de\/fr\/\"},{\"@type\":\"ListItem\",\"position\":2,\"name\":\"Cours d\u2019allemand B1 en ligne\"}]},{\"@type\":\"WebSite\",\"@id\":\"https:\/\/www.sprachschule-aktiv-muenchen.de\/#website\",\"url\":\"https:\/\/www.sprachschule-aktiv-muenchen.de\/\",\"name\":\"Sprachschule Aktiv\",\"description\":\"\",\"potentialAction\":[{\"@type\":\"SearchAction\",\"target\":{\"@type\":\"EntryPoint\",\"urlTemplate\":\"https:\/\/www.sprachschule-aktiv-muenchen.de\/?s={search_term_string}\"},\"query-input\":{\"@type\":\"PropertyValueSpecification\",\"valueRequired\":true,\"valueName\":\"search_term_string\"}}],\"inLanguage\":\"fr-FR\"}]}<\/script>\n<!-- \/ Yoast SEO plugin. -->","yoast_head_json":{"title":"Cours d'allemand en ligne B1 - apprendre l'allemand en ligne","description":"Cours d'allemand B1 en ligne avec une le\u00e7on d'essai gratuite ! Apprenez l'allemand en ligne en cours intensifs, du soir ou particuliers.","robots":{"index":"index","follow":"follow","max-snippet":"max-snippet:-1","max-image-preview":"max-image-preview:large","max-video-preview":"max-video-preview:-1"},"canonical":"https:\/\/www.sprachschule-aktiv-muenchen.de\/fr\/cours-dallemand-b1-en-ligne\/","og_locale":"fr_FR","og_type":"article","og_title":"Cours d'allemand en ligne B1 - apprendre l'allemand en ligne","og_description":"Cours d'allemand B1 en ligne avec une le\u00e7on d'essai gratuite ! Apprenez l'allemand en ligne en cours intensifs, du soir ou particuliers.","og_url":"https:\/\/www.sprachschule-aktiv-muenchen.de\/fr\/cours-dallemand-b1-en-ligne\/","og_site_name":"Sprachschule Aktiv","article_modified_time":"2024-11-12T12:16:47+00:00","og_image":[{"url":"https:\/\/www.sprachschule-aktiv-muenchen.de\/wp-content\/uploads\/2021\/03\/boton-noch-frage-FR.png","type":"","width":"","height":""}],"twitter_card":"summary_large_image","twitter_misc":{"Dur\u00e9e de lecture estim\u00e9e":"6 minutes"},"schema":{"@context":"https:\/\/schema.org","@graph":[{"@type":"WebPage","@id":"https:\/\/www.sprachschule-aktiv-muenchen.de\/fr\/cours-dallemand-b1-en-ligne\/","url":"https:\/\/www.sprachschule-aktiv-muenchen.de\/fr\/cours-dallemand-b1-en-ligne\/","name":"Cours d'allemand en ligne B1 - apprendre l'allemand en ligne","isPartOf":{"@id":"https:\/\/www.sprachschule-aktiv-muenchen.de\/#website"},"primaryImageOfPage":{"@id":"https:\/\/www.sprachschule-aktiv-muenchen.de\/fr\/cours-dallemand-b1-en-ligne\/#primaryimage"},"image":{"@id":"https:\/\/www.sprachschule-aktiv-muenchen.de\/fr\/cours-dallemand-b1-en-ligne\/#primaryimage"},"thumbnailUrl":"https:\/\/www.sprachschule-aktiv-muenchen.de\/wp-content\/uploads\/2021\/03\/boton-noch-frage-FR.png","datePublished":"2021-06-03T04:21:11+00:00","dateModified":"2024-11-12T12:16:47+00:00","description":"Cours d'allemand B1 en ligne avec une le\u00e7on d'essai gratuite ! Apprenez l'allemand en ligne en cours intensifs, du soir ou particuliers.","breadcrumb":{"@id":"https:\/\/www.sprachschule-aktiv-muenchen.de\/fr\/cours-dallemand-b1-en-ligne\/#breadcrumb"},"inLanguage":"fr-FR","potentialAction":[{"@type":"ReadAction","target":["https:\/\/www.sprachschule-aktiv-muenchen.de\/fr\/cours-dallemand-b1-en-ligne\/"]}]},{"@type":"ImageObject","inLanguage":"fr-FR","@id":"https:\/\/www.sprachschule-aktiv-muenchen.de\/fr\/cours-dallemand-b1-en-ligne\/#primaryimage","url":"https:\/\/www.sprachschule-aktiv-muenchen.de\/wp-content\/uploads\/2021\/03\/boton-noch-frage-FR.png","contentUrl":"https:\/\/www.sprachschule-aktiv-muenchen.de\/wp-content\/uploads\/2021\/03\/boton-noch-frage-FR.png"},{"@type":"BreadcrumbList","@id":"https:\/\/www.sprachschule-aktiv-muenchen.de\/fr\/cours-dallemand-b1-en-ligne\/#breadcrumb","itemListElement":[{"@type":"ListItem","position":1,"name":"Portada","item":"https:\/\/www.sprachschule-aktiv-muenchen.de\/fr\/"},{"@type":"ListItem","position":2,"name":"Cours d\u2019allemand B1 en ligne"}]},{"@type":"WebSite","@id":"https:\/\/www.sprachschule-aktiv-muenchen.de\/#website","url":"https:\/\/www.sprachschule-aktiv-muenchen.de\/","name":"Sprachschule Aktiv","description":"","potentialAction":[{"@type":"SearchAction","target":{"@type":"EntryPoint","urlTemplate":"https:\/\/www.sprachschule-aktiv-muenchen.de\/?s={search_term_string}"},"query-input":{"@type":"PropertyValueSpecification","valueRequired":true,"valueName":"search_term_string"}}],"inLanguage":"fr-FR"}]}},"_links":{"self":[{"href":"https:\/\/www.sprachschule-aktiv-muenchen.de\/fr\/wp-json\/wp\/v2\/pages\/66335","targetHints":{"allow":["GET"]}}],"collection":[{"href":"https:\/\/www.sprachschule-aktiv-muenchen.de\/fr\/wp-json\/wp\/v2\/pages"}],"about":[{"href":"https:\/\/www.sprachschule-aktiv-muenchen.de\/fr\/wp-json\/wp\/v2\/types\/page"}],"author":[{"embeddable":true,"href":"https:\/\/www.sprachschule-aktiv-muenchen.de\/fr\/wp-json\/wp\/v2\/users\/2"}],"replies":[{"embeddable":true,"href":"https:\/\/www.sprachschule-aktiv-muenchen.de\/fr\/wp-json\/wp\/v2\/comments?post=66335"}],"version-history":[{"count":5,"href":"https:\/\/www.sprachschule-aktiv-muenchen.de\/fr\/wp-json\/wp\/v2\/pages\/66335\/revisions"}],"predecessor-version":[{"id":78899,"href":"https:\/\/www.sprachschule-aktiv-muenchen.de\/fr\/wp-json\/wp\/v2\/pages\/66335\/revisions\/78899"}],"wp:attachment":[{"href":"https:\/\/www.sprachschule-aktiv-muenchen.de\/fr\/wp-json\/wp\/v2\/media?parent=66335"}],"curies":[{"name":"wp","href":"https:\/\/api.w.org\/{rel}","templated":true}]}}