{"id":66280,"date":"2021-06-02T05:41:25","date_gmt":"2021-06-02T03:41:25","guid":{"rendered":"https:\/\/www.sprachschule-aktiv-muenchen.de\/?page_id=66280"},"modified":"2024-11-12T13:15:50","modified_gmt":"2024-11-12T12:15:50","slug":"cours-dallemand-en-ligne-a2","status":"publish","type":"page","link":"https:\/\/www.sprachschule-aktiv-muenchen.de\/fr\/cours-dallemand-en-ligne-a2\/","title":{"rendered":"Cours d\u2019allemand en ligne A2"},"content":{"rendered":"<h1>Cours d\u2019allemand en ligne A2<\/h1>\n<h2>Apprendre l\u2019allemand en ligne pour le niveau A2.1 et A2.2<\/h2>\n<p>Les cours d\u2019allemand en ligne A2 vous offrent la possibilit\u00e9 d\u2019\u00e9largir facilement votre connaissance de l\u2019allemand \u00e0 la maison. Les cours s\u2019adressent aux apprenants ayant de solides connaissances pr\u00e9alables en allemand. Nous vous donnerons des cours particuliers, des cours collectifs et, bien s\u00fbr, des cours sp\u00e9ciaux pour les entrepreneurs.<\/p>\n<a href=\"https:\/\/www.sprachschule-aktiv-muenchen.de\/fr\/contactez-nous\/\"><img decoding=\"async\" class=\"aligncenter wp-image-63793 size-full\" src=\"https:\/\/www.sprachschule-aktiv-muenchen.de\/wp-content\/uploads\/2021\/03\/boton-noch-frage-FR.png\" alt=\"contactez nous\" width=\"367\" height=\"66\" srcset=\"https:\/\/www.sprachschule-aktiv-muenchen.de\/wp-content\/uploads\/2021\/03\/boton-noch-frage-FR.png 367w, https:\/\/www.sprachschule-aktiv-muenchen.de\/wp-content\/uploads\/2021\/03\/boton-noch-frage-FR-300x54.png 300w\" sizes=\"(max-width: 367px) 100vw, 367px\" \/><\/a>\n<h2>Les conditions pour les cours d\u2019allemand en ligne A2<\/h2>\n<p>Nous r\u00e9partissons nos cours de langues en diff\u00e9rents niveaux (A1, A2, B1, B2, C1 et C2). Nous nous inspirons du cadre europ\u00e9en de r\u00e9f\u00e9rence pour les langues \u00e9trang\u00e8res. Vous avez d\u00e9j\u00e0 une connaissance solide de l\u2019allemand et vous voulez l\u2019\u00e9largir, alors vous \u00eates au bon endroit pour ce cours. Si vous n\u2019\u00eates pas s\u00fbr du cours \u00e0 suivre, parlez \u00e0 un de nos professeurs. Celui-ci peut vous classer gratuitement. Nous pouvons aussi vous proposer un test de classement disponible en ligne. En quelques minutes, vous connaissez votre niveau de langue actuel.<\/p>\n<img decoding=\"async\" class=\"aligncenter wp-image-66307 size-full\" src=\"https:\/\/www.sprachschule-aktiv-muenchen.de\/wp-content\/uploads\/2021\/06\/cours-dallemand-en-ligne-a2-1.jpg\" alt=\"Cours d\u2019allemand en ligne A2 - Apprendre l\u2019allemand en ligne\" width=\"500\" height=\"351\" srcset=\"https:\/\/www.sprachschule-aktiv-muenchen.de\/wp-content\/uploads\/2021\/06\/cours-dallemand-en-ligne-a2-1.jpg 500w, https:\/\/www.sprachschule-aktiv-muenchen.de\/wp-content\/uploads\/2021\/06\/cours-dallemand-en-ligne-a2-1-300x211.jpg 300w\" sizes=\"(max-width: 500px) 100vw, 500px\" \/>\n<h2>Un cours d\u2019allemand A2 en ligne n\u00e9cessite peu de connaissances techniques<\/h2>\n<p>Si vous avez acc\u00e8s \u00e0 un ordinateur de bureau, un ordinateur portable ou un t\u00e9l\u00e9phone portable, rien ne s\u2019oppose \u00e0 un cours d\u2019allemand en ligne. La bande passante internet est g\u00e9n\u00e9ralement suffisante. Si vous arrivez \u00e0 regarder des films ou des vid\u00e9os avec, vous pouvez \u00e9galement participer \u00e0 nos cours. Une webcam et un microphone sont suffisants. Mieux encore, un casque.<\/p>\n<h2>Nous vous proposons des cours particuliers, des cours collectifs et des cours pour les entreprises<\/h2>\n<p>Pour nos cours d\u2019allemand en ligne, vous avez acc\u00e8s \u00e0 tous l\u2019\u00e9ventail de nos cours. Si vous souhaitez d\u00e9velopper vos comp\u00e9tences linguistiques, optez pour des cours particuliers une fois par semaine.<\/p>\n<p>Si vous avez besoin de l\u2019allemand pour des raisons professionnelles et que vous souhaitez progresser rapidement, un cours intensif est parfait. Vous recevez quatre le\u00e7ons par jour, cinq jours par semaine. Dans le cadre d\u2019un cours semi-intensif, les cours n\u2019ont lieu que du lundi au jeudi. Pour les cours particuliers, vous \u00eates totalement libres. Vous n\u2019avez pas \u00e0 tenir compte d\u2019autres \u00e9tudiants. Vous d\u00e9terminez l\u2019heure et le mat\u00e9riel p\u00e9dagogique. Si vous souhaitez des progr\u00e8s rapides, il suffit de faire plusieurs rendez-vous par semaine.<\/p>\n<p>Tous les cours sont \u00e9galement disponibles pour les entrepreneurs. Contactez-nous pour conna\u00eetre les conditions exactes.<\/p>\n<h2>Nos enseignants en ligne passent par une proc\u00e9dure de s\u00e9lection en plusieurs \u00e9tapes<\/h2>\n<p>Nous ne faisons pas de compromis avec nos enseignants en ligne. Pour \u00eatre invit\u00e9 \u00e0 un entretien d\u2019embauche, ils doivent prouver que l\u2019allemand est leur langue maternelle et qu\u2019ils ont une formation p\u00e9dagogique. En outre, les connaissances techniques et l&#8217;exp\u00e9rience de l&#8217;enseignement en ligne sont importantes pour nous. Enfin, nous veillons \u00e0 ce qu\u2019il s\u2019agisse de personnalit\u00e9s amicales et sympathiques.<\/p>\n<h2>Le co\u00fbt de nos cours d\u2019allemand A2 en ligne<\/h2>\n<p>Prix, dates et inscription de nos cours d\u2019allemand en ligne pour le niveau A2 :<\/p>\n<h2>Nos cours d\u2019allemand semi-intensifs A2 en ligne<\/h2>\n<p><strong>Dur\u00e9e du cours :<\/strong> 4 semaines<br \/>\n<strong>D\u00e9but :<\/strong> \u00a0le premier lundi du mois<br \/>\n<strong>Dates :<\/strong> \u00a0du lundi au jeudi de 9h00 \u00e0 12h00<br \/>\n<strong>Prix :<\/strong> \u00a0319 \u20ac pour 4 semaines<\/p>\n<a href=\"https:\/\/www.sprachschule-aktiv-muenchen.de\/fr\/inscrivez-vous\/\"><img decoding=\"async\" class=\"aligncenter size-full wp-image-63817\" src=\"https:\/\/www.sprachschule-aktiv-muenchen.de\/wp-content\/uploads\/2021\/03\/boton-anmeldung-FR.png\" alt=\"\" width=\"344\" height=\"65\" srcset=\"https:\/\/www.sprachschule-aktiv-muenchen.de\/wp-content\/uploads\/2021\/03\/boton-anmeldung-FR.png 344w, https:\/\/www.sprachschule-aktiv-muenchen.de\/wp-content\/uploads\/2021\/03\/boton-anmeldung-FR-300x57.png 300w\" sizes=\"(max-width: 344px) 100vw, 344px\" \/><\/a>\n<h2>A2 Cours intensif en ligne &#8211; Prix et inscription<\/h2>\n<p><strong>Cours intensif allemand :<\/strong><\/p>\n<p><strong>Dur\u00e9e :<\/strong> 1 \u00e0 4 semaines<\/p>\n<p><strong>D\u00e9but du<\/strong><strong> cours<\/strong> : \u00a0le premier lundi du mois<br \/>\n<strong>Dates :<\/strong> du lundi au vendredi de 9:00 \u00e0 12:00<\/p>\n<p><strong>1<\/strong> <strong>semaine :<\/strong> \u00a0199 \u20ac<br \/>\n<strong>2 semaines :<\/strong> \u00a0349 \u20ac<br \/>\n<strong>3 semaines :<\/strong> \u00a0411 \u20ac<br \/>\n<strong>4 semaines :<\/strong> \u00a0499 \u20ac<\/p>\n<a href=\"https:\/\/www.sprachschule-aktiv-muenchen.de\/fr\/inscrivez-vous\/\"><img decoding=\"async\" class=\"aligncenter size-full wp-image-63817\" src=\"https:\/\/www.sprachschule-aktiv-muenchen.de\/wp-content\/uploads\/2021\/03\/boton-anmeldung-FR.png\" alt=\"\" width=\"344\" height=\"65\" srcset=\"https:\/\/www.sprachschule-aktiv-muenchen.de\/wp-content\/uploads\/2021\/03\/boton-anmeldung-FR.png 344w, https:\/\/www.sprachschule-aktiv-muenchen.de\/wp-content\/uploads\/2021\/03\/boton-anmeldung-FR-300x57.png 300w\" sizes=\"(max-width: 344px) 100vw, 344px\" \/><\/a>\n<h2>A2 Cours en ligne du soir<\/h2>\n<p><strong>D\u00e9but du cours :<\/strong> le premier mardi du mois<br \/>\n<strong>Dates :<\/strong> \u00a0Tous les mardis de 19h00 \u00e0 20h30<br \/>\n<strong>Dur\u00e9e du cours :<\/strong> \u00a012 semaines<br \/>\n<strong>Prix :<\/strong> \u00a0279 \u20ac<\/p>\n<a href=\"https:\/\/www.sprachschule-aktiv-muenchen.de\/fr\/inscrivez-vous\/\"><img decoding=\"async\" class=\"aligncenter size-full wp-image-63817\" src=\"https:\/\/www.sprachschule-aktiv-muenchen.de\/wp-content\/uploads\/2021\/03\/boton-anmeldung-FR.png\" alt=\"\" width=\"344\" height=\"65\" srcset=\"https:\/\/www.sprachschule-aktiv-muenchen.de\/wp-content\/uploads\/2021\/03\/boton-anmeldung-FR.png 344w, https:\/\/www.sprachschule-aktiv-muenchen.de\/wp-content\/uploads\/2021\/03\/boton-anmeldung-FR-300x57.png 300w\" sizes=\"(max-width: 344px) 100vw, 344px\" \/><\/a>\n<h2>Cours priv\u00e9 en ligne A2<\/h2>\n<p>Plus vous r\u00e9servez d\u2019heures, moins le cours est cher\u00a0:<\/p>\n<p>Jusqu\u2019\u00e0 19 heures : 45 euros par heure<\/p>\n<p>De 20 \u00e0 29 heures : 42 euros par heure<\/p>\n<p>A partir de 30 heures : 38 euros par heure<\/p>\n<a href=\"https:\/\/www.sprachschule-aktiv-muenchen.de\/fr\/inscrivez-vous\/\"><img decoding=\"async\" class=\"aligncenter size-full wp-image-63817\" src=\"https:\/\/www.sprachschule-aktiv-muenchen.de\/wp-content\/uploads\/2021\/03\/boton-anmeldung-FR.png\" alt=\"\" width=\"344\" height=\"65\" srcset=\"https:\/\/www.sprachschule-aktiv-muenchen.de\/wp-content\/uploads\/2021\/03\/boton-anmeldung-FR.png 344w, https:\/\/www.sprachschule-aktiv-muenchen.de\/wp-content\/uploads\/2021\/03\/boton-anmeldung-FR-300x57.png 300w\" sizes=\"(max-width: 344px) 100vw, 344px\" \/><\/a>\n<h2>La participation sans aucun risque est possible<\/h2>\n<p>Si vous n\u2019\u00eates pas encore certain qu\u2019un cours d\u2019allemand en ligne est la bonne d\u00e9cision pour vous, il suffit de vous inscrire \u00e0 un cours d\u2019essai gratuit. Vous pouvez vous d\u00e9sinscrire apr\u00e8s la premi\u00e8re heure sans aucune justification et vous recevrez sans attendre votre argent.<br \/>\n<iframe title=\"YouTube video player\" src=\"https:\/\/www.youtube.com\/embed\/wICUuRyLBnI\" width=\"560\" height=\"315\" frameborder=\"0\" allowfullscreen=\"allowfullscreen\"><\/iframe><\/p>\n","protected":false},"excerpt":{"rendered":"<p>Cours d\u2019allemand en ligne A2 Apprendre l\u2019allemand en ligne pour le niveau A2.1 et A2.2 Les cours d\u2019allemand en ligne A2 vous offrent la possibilit\u00e9 d\u2019\u00e9largir facilement votre connaissance de l\u2019allemand \u00e0 la maison. Les cours s\u2019adressent aux apprenants ayant de solides connaissances pr\u00e9alables en allemand. Nous vous donnerons des cours particuliers, des cours collectifs&hellip; <a class=\"read-more\" href=\"https:\/\/www.sprachschule-aktiv-muenchen.de\/fr\/cours-dallemand-en-ligne-a2\/\" title=\"Read Cours d\u2019allemand en ligne A2\">Read more &raquo;<\/a><\/p>\n","protected":false},"author":2,"featured_media":0,"parent":0,"menu_order":0,"comment_status":"closed","ping_status":"closed","template":"","meta":{"footnotes":""},"class_list":["post-66280","page","type-page","status-publish","hentry"],"yoast_head":"<!-- This site is optimized with the Yoast SEO plugin v27.1.1 - https:\/\/yoast.com\/product\/yoast-seo-wordpress\/ -->\n<title>Cours d\u2019allemand en ligne A2 - Apprendre l\u2019allemand en ligne<\/title>\n<meta name=\"description\" content=\"Cours d&#039;allemand en ligne A2 (A2.1 &amp; A2.2) - Cours du soir, cours intensifs et cours particuliers. Cours d&#039;essai gratuit!\" \/>\n<meta name=\"robots\" content=\"index, follow, max-snippet:-1, max-image-preview:large, max-video-preview:-1\" \/>\n<link rel=\"canonical\" href=\"https:\/\/www.sprachschule-aktiv-muenchen.de\/fr\/cours-dallemand-en-ligne-a2\/\" \/>\n<meta property=\"og:locale\" content=\"fr_FR\" \/>\n<meta property=\"og:type\" content=\"article\" \/>\n<meta property=\"og:title\" content=\"Cours d\u2019allemand en ligne A2 - Apprendre l\u2019allemand en ligne\" \/>\n<meta property=\"og:description\" content=\"Cours d&#039;allemand en ligne A2 (A2.1 &amp; A2.2) - Cours du soir, cours intensifs et cours particuliers. Cours d&#039;essai gratuit!\" \/>\n<meta property=\"og:url\" content=\"https:\/\/www.sprachschule-aktiv-muenchen.de\/fr\/cours-dallemand-en-ligne-a2\/\" \/>\n<meta property=\"og:site_name\" content=\"Sprachschule Aktiv\" \/>\n<meta property=\"article:modified_time\" content=\"2024-11-12T12:15:50+00:00\" \/>\n<meta property=\"og:image\" content=\"https:\/\/www.sprachschule-aktiv-muenchen.de\/wp-content\/uploads\/2021\/03\/boton-noch-frage-FR.png\" \/>\n<meta name=\"twitter:card\" content=\"summary_large_image\" \/>\n<meta name=\"twitter:label1\" content=\"Dur\u00e9e de lecture estim\u00e9e\" \/>\n\t<meta name=\"twitter:data1\" content=\"5 minutes\" \/>\n<script type=\"application\/ld+json\" class=\"yoast-schema-graph\">{\"@context\":\"https:\/\/schema.org\",\"@graph\":[{\"@type\":\"WebPage\",\"@id\":\"https:\/\/www.sprachschule-aktiv-muenchen.de\/fr\/cours-dallemand-en-ligne-a2\/\",\"url\":\"https:\/\/www.sprachschule-aktiv-muenchen.de\/fr\/cours-dallemand-en-ligne-a2\/\",\"name\":\"Cours d\u2019allemand en ligne A2 - Apprendre l\u2019allemand en ligne\",\"isPartOf\":{\"@id\":\"https:\/\/www.sprachschule-aktiv-muenchen.de\/#website\"},\"primaryImageOfPage\":{\"@id\":\"https:\/\/www.sprachschule-aktiv-muenchen.de\/fr\/cours-dallemand-en-ligne-a2\/#primaryimage\"},\"image\":{\"@id\":\"https:\/\/www.sprachschule-aktiv-muenchen.de\/fr\/cours-dallemand-en-ligne-a2\/#primaryimage\"},\"thumbnailUrl\":\"https:\/\/www.sprachschule-aktiv-muenchen.de\/wp-content\/uploads\/2021\/03\/boton-noch-frage-FR.png\",\"datePublished\":\"2021-06-02T03:41:25+00:00\",\"dateModified\":\"2024-11-12T12:15:50+00:00\",\"description\":\"Cours d'allemand en ligne A2 (A2.1 & A2.2) - Cours du soir, cours intensifs et cours particuliers. Cours d'essai gratuit!\",\"breadcrumb\":{\"@id\":\"https:\/\/www.sprachschule-aktiv-muenchen.de\/fr\/cours-dallemand-en-ligne-a2\/#breadcrumb\"},\"inLanguage\":\"fr-FR\",\"potentialAction\":[{\"@type\":\"ReadAction\",\"target\":[\"https:\/\/www.sprachschule-aktiv-muenchen.de\/fr\/cours-dallemand-en-ligne-a2\/\"]}]},{\"@type\":\"ImageObject\",\"inLanguage\":\"fr-FR\",\"@id\":\"https:\/\/www.sprachschule-aktiv-muenchen.de\/fr\/cours-dallemand-en-ligne-a2\/#primaryimage\",\"url\":\"https:\/\/www.sprachschule-aktiv-muenchen.de\/wp-content\/uploads\/2021\/03\/boton-noch-frage-FR.png\",\"contentUrl\":\"https:\/\/www.sprachschule-aktiv-muenchen.de\/wp-content\/uploads\/2021\/03\/boton-noch-frage-FR.png\"},{\"@type\":\"BreadcrumbList\",\"@id\":\"https:\/\/www.sprachschule-aktiv-muenchen.de\/fr\/cours-dallemand-en-ligne-a2\/#breadcrumb\",\"itemListElement\":[{\"@type\":\"ListItem\",\"position\":1,\"name\":\"Portada\",\"item\":\"https:\/\/www.sprachschule-aktiv-muenchen.de\/fr\/\"},{\"@type\":\"ListItem\",\"position\":2,\"name\":\"Cours d\u2019allemand en ligne A2\"}]},{\"@type\":\"WebSite\",\"@id\":\"https:\/\/www.sprachschule-aktiv-muenchen.de\/#website\",\"url\":\"https:\/\/www.sprachschule-aktiv-muenchen.de\/\",\"name\":\"Sprachschule Aktiv\",\"description\":\"\",\"potentialAction\":[{\"@type\":\"SearchAction\",\"target\":{\"@type\":\"EntryPoint\",\"urlTemplate\":\"https:\/\/www.sprachschule-aktiv-muenchen.de\/?s={search_term_string}\"},\"query-input\":{\"@type\":\"PropertyValueSpecification\",\"valueRequired\":true,\"valueName\":\"search_term_string\"}}],\"inLanguage\":\"fr-FR\"}]}<\/script>\n<!-- \/ Yoast SEO plugin. -->","yoast_head_json":{"title":"Cours d\u2019allemand en ligne A2 - Apprendre l\u2019allemand en ligne","description":"Cours d'allemand en ligne A2 (A2.1 & A2.2) - Cours du soir, cours intensifs et cours particuliers. Cours d'essai gratuit!","robots":{"index":"index","follow":"follow","max-snippet":"max-snippet:-1","max-image-preview":"max-image-preview:large","max-video-preview":"max-video-preview:-1"},"canonical":"https:\/\/www.sprachschule-aktiv-muenchen.de\/fr\/cours-dallemand-en-ligne-a2\/","og_locale":"fr_FR","og_type":"article","og_title":"Cours d\u2019allemand en ligne A2 - Apprendre l\u2019allemand en ligne","og_description":"Cours d'allemand en ligne A2 (A2.1 & A2.2) - Cours du soir, cours intensifs et cours particuliers. Cours d'essai gratuit!","og_url":"https:\/\/www.sprachschule-aktiv-muenchen.de\/fr\/cours-dallemand-en-ligne-a2\/","og_site_name":"Sprachschule Aktiv","article_modified_time":"2024-11-12T12:15:50+00:00","og_image":[{"url":"https:\/\/www.sprachschule-aktiv-muenchen.de\/wp-content\/uploads\/2021\/03\/boton-noch-frage-FR.png","type":"","width":"","height":""}],"twitter_card":"summary_large_image","twitter_misc":{"Dur\u00e9e de lecture estim\u00e9e":"5 minutes"},"schema":{"@context":"https:\/\/schema.org","@graph":[{"@type":"WebPage","@id":"https:\/\/www.sprachschule-aktiv-muenchen.de\/fr\/cours-dallemand-en-ligne-a2\/","url":"https:\/\/www.sprachschule-aktiv-muenchen.de\/fr\/cours-dallemand-en-ligne-a2\/","name":"Cours d\u2019allemand en ligne A2 - Apprendre l\u2019allemand en ligne","isPartOf":{"@id":"https:\/\/www.sprachschule-aktiv-muenchen.de\/#website"},"primaryImageOfPage":{"@id":"https:\/\/www.sprachschule-aktiv-muenchen.de\/fr\/cours-dallemand-en-ligne-a2\/#primaryimage"},"image":{"@id":"https:\/\/www.sprachschule-aktiv-muenchen.de\/fr\/cours-dallemand-en-ligne-a2\/#primaryimage"},"thumbnailUrl":"https:\/\/www.sprachschule-aktiv-muenchen.de\/wp-content\/uploads\/2021\/03\/boton-noch-frage-FR.png","datePublished":"2021-06-02T03:41:25+00:00","dateModified":"2024-11-12T12:15:50+00:00","description":"Cours d'allemand en ligne A2 (A2.1 & A2.2) - Cours du soir, cours intensifs et cours particuliers. Cours d'essai gratuit!","breadcrumb":{"@id":"https:\/\/www.sprachschule-aktiv-muenchen.de\/fr\/cours-dallemand-en-ligne-a2\/#breadcrumb"},"inLanguage":"fr-FR","potentialAction":[{"@type":"ReadAction","target":["https:\/\/www.sprachschule-aktiv-muenchen.de\/fr\/cours-dallemand-en-ligne-a2\/"]}]},{"@type":"ImageObject","inLanguage":"fr-FR","@id":"https:\/\/www.sprachschule-aktiv-muenchen.de\/fr\/cours-dallemand-en-ligne-a2\/#primaryimage","url":"https:\/\/www.sprachschule-aktiv-muenchen.de\/wp-content\/uploads\/2021\/03\/boton-noch-frage-FR.png","contentUrl":"https:\/\/www.sprachschule-aktiv-muenchen.de\/wp-content\/uploads\/2021\/03\/boton-noch-frage-FR.png"},{"@type":"BreadcrumbList","@id":"https:\/\/www.sprachschule-aktiv-muenchen.de\/fr\/cours-dallemand-en-ligne-a2\/#breadcrumb","itemListElement":[{"@type":"ListItem","position":1,"name":"Portada","item":"https:\/\/www.sprachschule-aktiv-muenchen.de\/fr\/"},{"@type":"ListItem","position":2,"name":"Cours d\u2019allemand en ligne A2"}]},{"@type":"WebSite","@id":"https:\/\/www.sprachschule-aktiv-muenchen.de\/#website","url":"https:\/\/www.sprachschule-aktiv-muenchen.de\/","name":"Sprachschule Aktiv","description":"","potentialAction":[{"@type":"SearchAction","target":{"@type":"EntryPoint","urlTemplate":"https:\/\/www.sprachschule-aktiv-muenchen.de\/?s={search_term_string}"},"query-input":{"@type":"PropertyValueSpecification","valueRequired":true,"valueName":"search_term_string"}}],"inLanguage":"fr-FR"}]}},"_links":{"self":[{"href":"https:\/\/www.sprachschule-aktiv-muenchen.de\/fr\/wp-json\/wp\/v2\/pages\/66280","targetHints":{"allow":["GET"]}}],"collection":[{"href":"https:\/\/www.sprachschule-aktiv-muenchen.de\/fr\/wp-json\/wp\/v2\/pages"}],"about":[{"href":"https:\/\/www.sprachschule-aktiv-muenchen.de\/fr\/wp-json\/wp\/v2\/types\/page"}],"author":[{"embeddable":true,"href":"https:\/\/www.sprachschule-aktiv-muenchen.de\/fr\/wp-json\/wp\/v2\/users\/2"}],"replies":[{"embeddable":true,"href":"https:\/\/www.sprachschule-aktiv-muenchen.de\/fr\/wp-json\/wp\/v2\/comments?post=66280"}],"version-history":[{"count":6,"href":"https:\/\/www.sprachschule-aktiv-muenchen.de\/fr\/wp-json\/wp\/v2\/pages\/66280\/revisions"}],"predecessor-version":[{"id":78898,"href":"https:\/\/www.sprachschule-aktiv-muenchen.de\/fr\/wp-json\/wp\/v2\/pages\/66280\/revisions\/78898"}],"wp:attachment":[{"href":"https:\/\/www.sprachschule-aktiv-muenchen.de\/fr\/wp-json\/wp\/v2\/media?parent=66280"}],"curies":[{"name":"wp","href":"https:\/\/api.w.org\/{rel}","templated":true}]}}