{"id":66250,"date":"2021-06-01T06:43:07","date_gmt":"2021-06-01T04:43:07","guid":{"rendered":"https:\/\/www.sprachschule-aktiv-muenchen.de\/?page_id=66250"},"modified":"2024-11-29T14:33:58","modified_gmt":"2024-11-29T13:33:58","slug":"cours-dallemand-en-ligne-a1","status":"publish","type":"page","link":"https:\/\/www.sprachschule-aktiv-muenchen.de\/fr\/cours-dallemand-en-ligne-a1\/","title":{"rendered":"Cours d\u2019allemand en ligne A1"},"content":{"rendered":"<h1>Cours d\u2019allemand en ligne A1 &#8211; Apprendre l\u2019allemand en ligne<\/h1>\n<p>Les cours d\u2019allemand de niveau A1 s\u2019adressent aux d\u00e9butants. Si vous avez une connaissance limit\u00e9e de la langue allemande, optez pour un cours A1.2. Nos cours en ligne vous proposent le m\u00eame choix de cours que nos cours de groupe en pr\u00e9sentiel. Vous n\u2019avez pas besoin de sortir de chez vous et vous pouvez apprendre confortablement \u00e0 la maison.<\/p>\n<a href=\"https:\/\/www.sprachschule-aktiv-muenchen.de\/fr\/contactez-nous\/\"><img decoding=\"async\" class=\"aligncenter wp-image-63793 size-full\" src=\"https:\/\/www.sprachschule-aktiv-muenchen.de\/wp-content\/uploads\/2021\/03\/boton-noch-frage-FR.png\" alt=\"contactez nous\" width=\"367\" height=\"66\" srcset=\"https:\/\/www.sprachschule-aktiv-muenchen.de\/wp-content\/uploads\/2021\/03\/boton-noch-frage-FR.png 367w, https:\/\/www.sprachschule-aktiv-muenchen.de\/wp-content\/uploads\/2021\/03\/boton-noch-frage-FR-300x54.png 300w\" sizes=\"(max-width: 367px) 100vw, 367px\" \/><\/a>\n<h2>Cours d\u2019allemand en ligne A1 pour d\u00e9butants sans ou avec peu de connaissances pr\u00e9alables<\/h2>\n<p>Nos cours d&#8217;allemand en ligne sont parfaits pour les apprenants qui ont peu d&#8217;exp\u00e9rience avec la langue allemande. Si vous vivez en Allemagne depuis un certain temps et avez d\u00e9j\u00e0 un peu de connaissances pr\u00e9alables, le cours A1.2 est le mieux pour vous. Parlez-en \u00e0 nos conseillers ou passez un test de niveau en ligne. Vous pouvez le faire gratuitement et sans engagement sur notre site web.<\/p>\n<img decoding=\"async\" class=\"aligncenter wp-image-66252 size-medium\" src=\"https:\/\/www.sprachschule-aktiv-muenchen.de\/wp-content\/uploads\/2021\/06\/cours-dallemand-en-ligne-a1-300x200.jpg\" alt=\"Cours d\u2019allemand en ligne A1\" width=\"300\" height=\"200\" srcset=\"https:\/\/www.sprachschule-aktiv-muenchen.de\/wp-content\/uploads\/2021\/06\/cours-dallemand-en-ligne-a1-300x200.jpg 300w, https:\/\/www.sprachschule-aktiv-muenchen.de\/wp-content\/uploads\/2021\/06\/cours-dallemand-en-ligne-a1-1024x682.jpg 1024w, https:\/\/www.sprachschule-aktiv-muenchen.de\/wp-content\/uploads\/2021\/06\/cours-dallemand-en-ligne-a1-768x512.jpg 768w, https:\/\/www.sprachschule-aktiv-muenchen.de\/wp-content\/uploads\/2021\/06\/cours-dallemand-en-ligne-a1-1536x1024.jpg 1536w, https:\/\/www.sprachschule-aktiv-muenchen.de\/wp-content\/uploads\/2021\/06\/cours-dallemand-en-ligne-a1.jpg 2000w\" sizes=\"(max-width: 300px) 100vw, 300px\" \/>\n<h2>Les conditions techniques pour un cours d\u2019allemand en ligne A1<\/h2>\n<p>Celles-ci sont de toute fa\u00e7on pr\u00e9sentes dans la plupart des m\u00e9nages. Si vous regardez des films sur YouTube ou Netflix, la bande passante de votre internet est \u00e9galement suffisante pour un cours d\u2019allemand en ligne A1. Un ordinateur portable ou de bureau conviendrait tout \u00e0 fait. Toutefois, il est n\u00e9cessaire de poss\u00e9der un microphone et une webcam. Les ordinateurs portables disposent g\u00e9n\u00e9ralement de cet \u00e9quipement. Avec un PC de bureau, ces accessoires co\u00fbtent g\u00e9n\u00e9ralement quelques euros de plus. La participation au cours est \u00e9galement possible avec une tablette ou un t\u00e9l\u00e9phone portable. Ici aussi, les exigences techniques sont satisfaites sans frais suppl\u00e9mentaires.<\/p>\n<h2>Choisissez votre cours d\u2019allemand en ligne A1 parmi diff\u00e9rentes offres<\/h2>\n<p>Vous pouvez suivre nos cours de groupe d\u2019allemand en ligne A1 dans la salle de classe virtuelle. Selon votre objectif, nous vous offrons des cours une ou deux fois par semaine en cours du soir. Si vous voulez progresser plus rapidement, vous pouvez opter pour un cours semi-intensif ou intensif. Avec l\u2019option semi-intensive, les cours ont lieu quatre jours par semaine pendant trois heures. En choisissant les cours intensifs, vous avez cours cinq jours par semaine. Nous vous proposons aussi des cours particuliers. De cette mani\u00e8re, vous d\u00e9terminez le moment, la fr\u00e9quence et, jusqu\u2019\u00e0 un certain point, le contenu de l\u2019enseignement. Nous donnons aussi des cours pour les entreprises.<\/p>\n<h2>Les cours sont dispens\u00e9s par des locuteurs natifs ayant une affinit\u00e9 avec la technologie<\/h2>\n<p>Lors d\u2019un cours d\u2019allemand en ligne A1, nous posons des exigences tr\u00e8s particuli\u00e8res \u00e0 nos enseignants. Il s\u2019agit bien entendu de locuteurs natifs. Les personnalit\u00e9s sont particuli\u00e8rement importantes dans un cours d\u2019allemand en ligne. Les cours en ligne peuvent souvent donner lieu \u00e0 des malentendus. Un bon professeur reconna\u00eet les probl\u00e8mes et les r\u00e9sout imm\u00e9diatement. Bien s\u00fbr, nos enseignants sont parfaitement au courant du programme et peuvent vous apporter une assistance technique.<\/p>\n<h2>Cours semi-intensif A1 en ligne<\/h2>\n<p><strong>Dur\u00e9e du cours :<\/strong> 4 semaines<br \/>\n<strong>D\u00e9but du cours :<\/strong> le premier lundi du mois<br \/>\n<strong>Dates :<\/strong> du lundi au jeudi de 9:00 \u00e0 12:00 heures<\/p>\n<p><strong>Prix pour<\/strong> <strong>4 semaines :<\/strong> 319 \u20ac<\/p>\n<a href=\"https:\/\/www.sprachschule-aktiv-muenchen.de\/fr\/inscrivez-vous\/\"><img decoding=\"async\" class=\"aligncenter size-full wp-image-63817\" src=\"https:\/\/www.sprachschule-aktiv-muenchen.de\/wp-content\/uploads\/2021\/03\/boton-anmeldung-FR.png\" alt=\"\" width=\"344\" height=\"65\" srcset=\"https:\/\/www.sprachschule-aktiv-muenchen.de\/wp-content\/uploads\/2021\/03\/boton-anmeldung-FR.png 344w, https:\/\/www.sprachschule-aktiv-muenchen.de\/wp-content\/uploads\/2021\/03\/boton-anmeldung-FR-300x57.png 300w\" sizes=\"(max-width: 344px) 100vw, 344px\" \/><\/a>\n<h2>Cours intensif A1 en ligne<\/h2>\n<p><strong>Dur\u00e9e :<\/strong> 1 \u00e0 4 semaines<br \/>\n<strong>Dates :<\/strong> du lundi au vendredi de 9:00 \u00e0 12:00 horloge<\/p>\n<p><strong>D\u00e9but du<\/strong> <strong>cours :<\/strong> premier lundi au mois<br \/>\n<strong>1 semaine : <\/strong>199 \u20ac<br \/>\n<strong>2 semaines :<\/strong> 349 \u20ac<br \/>\n<strong>3 semaines :<\/strong> 411 \u20ac<br \/>\n<strong>4 semaines :<\/strong> 499 \u20ac<\/p>\n<a href=\"https:\/\/www.sprachschule-aktiv-muenchen.de\/fr\/inscrivez-vous\/\"><img decoding=\"async\" class=\"aligncenter size-full wp-image-63817\" src=\"https:\/\/www.sprachschule-aktiv-muenchen.de\/wp-content\/uploads\/2021\/03\/boton-anmeldung-FR.png\" alt=\"\" width=\"344\" height=\"65\" srcset=\"https:\/\/www.sprachschule-aktiv-muenchen.de\/wp-content\/uploads\/2021\/03\/boton-anmeldung-FR.png 344w, https:\/\/www.sprachschule-aktiv-muenchen.de\/wp-content\/uploads\/2021\/03\/boton-anmeldung-FR-300x57.png 300w\" sizes=\"(max-width: 344px) 100vw, 344px\" \/><\/a>\n<h2>Cours du soir A1 en ligne<\/h2>\n<p><strong>D\u00e9but du cours :<\/strong> le premier mardi du mois<br \/>\n<strong>Dates :<\/strong> Tous les mardis de 19h00 \u00e0 20h30<br \/>\n<strong>Dur\u00e9e du cours :<\/strong> 12 semaines<br \/>\n<strong>Prix :<\/strong> 279 \u20ac<\/p>\n<a href=\"https:\/\/www.sprachschule-aktiv-muenchen.de\/fr\/inscrivez-vous\/\"><img decoding=\"async\" class=\"aligncenter size-full wp-image-63817\" src=\"https:\/\/www.sprachschule-aktiv-muenchen.de\/wp-content\/uploads\/2021\/03\/boton-anmeldung-FR.png\" alt=\"\" width=\"344\" height=\"65\" srcset=\"https:\/\/www.sprachschule-aktiv-muenchen.de\/wp-content\/uploads\/2021\/03\/boton-anmeldung-FR.png 344w, https:\/\/www.sprachschule-aktiv-muenchen.de\/wp-content\/uploads\/2021\/03\/boton-anmeldung-FR-300x57.png 300w\" sizes=\"(max-width: 344px) 100vw, 344px\" \/><\/a>\n<h2>Cours particuliers A1 en ligne<\/h2>\n<p>Jusqu\u2019\u00e0 19 heures : 45 \u20ac<\/p>\n<p>20 \u00e0 29 heures : 42 \u20ac<\/p>\n<p>A partir de 30 heures : 38 \u20ac<\/p>\n<a href=\"https:\/\/www.sprachschule-aktiv-muenchen.de\/fr\/inscrivez-vous\/\"><img decoding=\"async\" class=\"aligncenter size-full wp-image-63817\" src=\"https:\/\/www.sprachschule-aktiv-muenchen.de\/wp-content\/uploads\/2021\/03\/boton-anmeldung-FR.png\" alt=\"\" width=\"344\" height=\"65\" srcset=\"https:\/\/www.sprachschule-aktiv-muenchen.de\/wp-content\/uploads\/2021\/03\/boton-anmeldung-FR.png 344w, https:\/\/www.sprachschule-aktiv-muenchen.de\/wp-content\/uploads\/2021\/03\/boton-anmeldung-FR-300x57.png 300w\" sizes=\"(max-width: 344px) 100vw, 344px\" \/><\/a>\n<h2>Pour les cours d\u2019allemand en ligne A1, une garantie de remboursement est valable<\/h2>\n<p>Si vous n\u2019\u00eates pas satisfait du cours, vous pouvez vous d\u00e9sabonner apr\u00e8s la premi\u00e8re heure. Vous recevrez, bien s\u00fbr, un remboursement des cours d\u00e9j\u00e0 pay\u00e9s. M\u00eame pendant les cours, nos collaborateurs sont, \u00e0 tout moment, disponibles pour vous parler et s\u2019occuper de vos probl\u00e8mes.<br \/>\n<iframe title=\"YouTube video player\" src=\"https:\/\/www.youtube.com\/embed\/wICUuRyLBnI\" width=\"560\" height=\"315\" frameborder=\"0\" allowfullscreen=\"allowfullscreen\"><\/iframe><\/p>\n","protected":false},"excerpt":{"rendered":"<p>Cours d\u2019allemand en ligne A1 &#8211; Apprendre l\u2019allemand en ligne Les cours d\u2019allemand de niveau A1 s\u2019adressent aux d\u00e9butants. Si vous avez une connaissance limit\u00e9e de la langue allemande, optez pour un cours A1.2. Nos cours en ligne vous proposent le m\u00eame choix de cours que nos cours de groupe en pr\u00e9sentiel. Vous n\u2019avez pas&hellip; <a class=\"read-more\" href=\"https:\/\/www.sprachschule-aktiv-muenchen.de\/fr\/cours-dallemand-en-ligne-a1\/\" title=\"Read Cours d\u2019allemand en ligne A1\">Read more &raquo;<\/a><\/p>\n","protected":false},"author":2,"featured_media":0,"parent":0,"menu_order":0,"comment_status":"closed","ping_status":"closed","template":"","meta":{"footnotes":""},"class_list":["post-66250","page","type-page","status-publish","hentry"],"yoast_head":"<!-- This site is optimized with the Yoast SEO plugin v27.1.1 - https:\/\/yoast.com\/product\/yoast-seo-wordpress\/ -->\n<title>Cours d\u2019allemand en ligne A1 - Apprendre l\u2019allemand en ligne A1<\/title>\n<meta name=\"description\" content=\"Cours d&#039;allemand en ligne pour le niveau A1 en cours intensifs, particuliers ou du soir avec un cours d&#039;essai et un test de niveau gratuits!\" \/>\n<meta name=\"robots\" content=\"index, follow, max-snippet:-1, max-image-preview:large, max-video-preview:-1\" \/>\n<link rel=\"canonical\" href=\"https:\/\/www.sprachschule-aktiv-muenchen.de\/fr\/cours-dallemand-en-ligne-a1\/\" \/>\n<meta property=\"og:locale\" content=\"fr_FR\" \/>\n<meta property=\"og:type\" content=\"article\" \/>\n<meta property=\"og:title\" content=\"Cours d\u2019allemand en ligne A1 - Apprendre l\u2019allemand en ligne A1\" \/>\n<meta property=\"og:description\" content=\"Cours d&#039;allemand en ligne pour le niveau A1 en cours intensifs, particuliers ou du soir avec un cours d&#039;essai et un test de niveau gratuits!\" \/>\n<meta property=\"og:url\" content=\"https:\/\/www.sprachschule-aktiv-muenchen.de\/fr\/cours-dallemand-en-ligne-a1\/\" \/>\n<meta property=\"og:site_name\" content=\"Sprachschule Aktiv\" \/>\n<meta property=\"article:modified_time\" content=\"2024-11-29T13:33:58+00:00\" \/>\n<meta property=\"og:image\" content=\"https:\/\/www.sprachschule-aktiv-muenchen.de\/wp-content\/uploads\/2021\/03\/boton-noch-frage-FR.png\" \/>\n<meta name=\"twitter:card\" content=\"summary_large_image\" \/>\n<meta name=\"twitter:label1\" content=\"Dur\u00e9e de lecture estim\u00e9e\" \/>\n\t<meta name=\"twitter:data1\" content=\"5 minutes\" \/>\n<script type=\"application\/ld+json\" class=\"yoast-schema-graph\">{\"@context\":\"https:\/\/schema.org\",\"@graph\":[{\"@type\":\"WebPage\",\"@id\":\"https:\/\/www.sprachschule-aktiv-muenchen.de\/fr\/cours-dallemand-en-ligne-a1\/\",\"url\":\"https:\/\/www.sprachschule-aktiv-muenchen.de\/fr\/cours-dallemand-en-ligne-a1\/\",\"name\":\"Cours d\u2019allemand en ligne A1 - Apprendre l\u2019allemand en ligne A1\",\"isPartOf\":{\"@id\":\"https:\/\/www.sprachschule-aktiv-muenchen.de\/#website\"},\"primaryImageOfPage\":{\"@id\":\"https:\/\/www.sprachschule-aktiv-muenchen.de\/fr\/cours-dallemand-en-ligne-a1\/#primaryimage\"},\"image\":{\"@id\":\"https:\/\/www.sprachschule-aktiv-muenchen.de\/fr\/cours-dallemand-en-ligne-a1\/#primaryimage\"},\"thumbnailUrl\":\"https:\/\/www.sprachschule-aktiv-muenchen.de\/wp-content\/uploads\/2021\/03\/boton-noch-frage-FR.png\",\"datePublished\":\"2021-06-01T04:43:07+00:00\",\"dateModified\":\"2024-11-29T13:33:58+00:00\",\"description\":\"Cours d'allemand en ligne pour le niveau A1 en cours intensifs, particuliers ou du soir avec un cours d'essai et un test de niveau gratuits!\",\"breadcrumb\":{\"@id\":\"https:\/\/www.sprachschule-aktiv-muenchen.de\/fr\/cours-dallemand-en-ligne-a1\/#breadcrumb\"},\"inLanguage\":\"fr-FR\",\"potentialAction\":[{\"@type\":\"ReadAction\",\"target\":[\"https:\/\/www.sprachschule-aktiv-muenchen.de\/fr\/cours-dallemand-en-ligne-a1\/\"]}]},{\"@type\":\"ImageObject\",\"inLanguage\":\"fr-FR\",\"@id\":\"https:\/\/www.sprachschule-aktiv-muenchen.de\/fr\/cours-dallemand-en-ligne-a1\/#primaryimage\",\"url\":\"https:\/\/www.sprachschule-aktiv-muenchen.de\/wp-content\/uploads\/2021\/03\/boton-noch-frage-FR.png\",\"contentUrl\":\"https:\/\/www.sprachschule-aktiv-muenchen.de\/wp-content\/uploads\/2021\/03\/boton-noch-frage-FR.png\"},{\"@type\":\"BreadcrumbList\",\"@id\":\"https:\/\/www.sprachschule-aktiv-muenchen.de\/fr\/cours-dallemand-en-ligne-a1\/#breadcrumb\",\"itemListElement\":[{\"@type\":\"ListItem\",\"position\":1,\"name\":\"Portada\",\"item\":\"https:\/\/www.sprachschule-aktiv-muenchen.de\/fr\/\"},{\"@type\":\"ListItem\",\"position\":2,\"name\":\"Cours d\u2019allemand en ligne A1\"}]},{\"@type\":\"WebSite\",\"@id\":\"https:\/\/www.sprachschule-aktiv-muenchen.de\/#website\",\"url\":\"https:\/\/www.sprachschule-aktiv-muenchen.de\/\",\"name\":\"Sprachschule Aktiv\",\"description\":\"\",\"potentialAction\":[{\"@type\":\"SearchAction\",\"target\":{\"@type\":\"EntryPoint\",\"urlTemplate\":\"https:\/\/www.sprachschule-aktiv-muenchen.de\/?s={search_term_string}\"},\"query-input\":{\"@type\":\"PropertyValueSpecification\",\"valueRequired\":true,\"valueName\":\"search_term_string\"}}],\"inLanguage\":\"fr-FR\"}]}<\/script>\n<!-- \/ Yoast SEO plugin. -->","yoast_head_json":{"title":"Cours d\u2019allemand en ligne A1 - Apprendre l\u2019allemand en ligne A1","description":"Cours d'allemand en ligne pour le niveau A1 en cours intensifs, particuliers ou du soir avec un cours d'essai et un test de niveau gratuits!","robots":{"index":"index","follow":"follow","max-snippet":"max-snippet:-1","max-image-preview":"max-image-preview:large","max-video-preview":"max-video-preview:-1"},"canonical":"https:\/\/www.sprachschule-aktiv-muenchen.de\/fr\/cours-dallemand-en-ligne-a1\/","og_locale":"fr_FR","og_type":"article","og_title":"Cours d\u2019allemand en ligne A1 - Apprendre l\u2019allemand en ligne A1","og_description":"Cours d'allemand en ligne pour le niveau A1 en cours intensifs, particuliers ou du soir avec un cours d'essai et un test de niveau gratuits!","og_url":"https:\/\/www.sprachschule-aktiv-muenchen.de\/fr\/cours-dallemand-en-ligne-a1\/","og_site_name":"Sprachschule Aktiv","article_modified_time":"2024-11-29T13:33:58+00:00","og_image":[{"url":"https:\/\/www.sprachschule-aktiv-muenchen.de\/wp-content\/uploads\/2021\/03\/boton-noch-frage-FR.png","type":"","width":"","height":""}],"twitter_card":"summary_large_image","twitter_misc":{"Dur\u00e9e de lecture estim\u00e9e":"5 minutes"},"schema":{"@context":"https:\/\/schema.org","@graph":[{"@type":"WebPage","@id":"https:\/\/www.sprachschule-aktiv-muenchen.de\/fr\/cours-dallemand-en-ligne-a1\/","url":"https:\/\/www.sprachschule-aktiv-muenchen.de\/fr\/cours-dallemand-en-ligne-a1\/","name":"Cours d\u2019allemand en ligne A1 - Apprendre l\u2019allemand en ligne A1","isPartOf":{"@id":"https:\/\/www.sprachschule-aktiv-muenchen.de\/#website"},"primaryImageOfPage":{"@id":"https:\/\/www.sprachschule-aktiv-muenchen.de\/fr\/cours-dallemand-en-ligne-a1\/#primaryimage"},"image":{"@id":"https:\/\/www.sprachschule-aktiv-muenchen.de\/fr\/cours-dallemand-en-ligne-a1\/#primaryimage"},"thumbnailUrl":"https:\/\/www.sprachschule-aktiv-muenchen.de\/wp-content\/uploads\/2021\/03\/boton-noch-frage-FR.png","datePublished":"2021-06-01T04:43:07+00:00","dateModified":"2024-11-29T13:33:58+00:00","description":"Cours d'allemand en ligne pour le niveau A1 en cours intensifs, particuliers ou du soir avec un cours d'essai et un test de niveau gratuits!","breadcrumb":{"@id":"https:\/\/www.sprachschule-aktiv-muenchen.de\/fr\/cours-dallemand-en-ligne-a1\/#breadcrumb"},"inLanguage":"fr-FR","potentialAction":[{"@type":"ReadAction","target":["https:\/\/www.sprachschule-aktiv-muenchen.de\/fr\/cours-dallemand-en-ligne-a1\/"]}]},{"@type":"ImageObject","inLanguage":"fr-FR","@id":"https:\/\/www.sprachschule-aktiv-muenchen.de\/fr\/cours-dallemand-en-ligne-a1\/#primaryimage","url":"https:\/\/www.sprachschule-aktiv-muenchen.de\/wp-content\/uploads\/2021\/03\/boton-noch-frage-FR.png","contentUrl":"https:\/\/www.sprachschule-aktiv-muenchen.de\/wp-content\/uploads\/2021\/03\/boton-noch-frage-FR.png"},{"@type":"BreadcrumbList","@id":"https:\/\/www.sprachschule-aktiv-muenchen.de\/fr\/cours-dallemand-en-ligne-a1\/#breadcrumb","itemListElement":[{"@type":"ListItem","position":1,"name":"Portada","item":"https:\/\/www.sprachschule-aktiv-muenchen.de\/fr\/"},{"@type":"ListItem","position":2,"name":"Cours d\u2019allemand en ligne A1"}]},{"@type":"WebSite","@id":"https:\/\/www.sprachschule-aktiv-muenchen.de\/#website","url":"https:\/\/www.sprachschule-aktiv-muenchen.de\/","name":"Sprachschule Aktiv","description":"","potentialAction":[{"@type":"SearchAction","target":{"@type":"EntryPoint","urlTemplate":"https:\/\/www.sprachschule-aktiv-muenchen.de\/?s={search_term_string}"},"query-input":{"@type":"PropertyValueSpecification","valueRequired":true,"valueName":"search_term_string"}}],"inLanguage":"fr-FR"}]}},"_links":{"self":[{"href":"https:\/\/www.sprachschule-aktiv-muenchen.de\/fr\/wp-json\/wp\/v2\/pages\/66250","targetHints":{"allow":["GET"]}}],"collection":[{"href":"https:\/\/www.sprachschule-aktiv-muenchen.de\/fr\/wp-json\/wp\/v2\/pages"}],"about":[{"href":"https:\/\/www.sprachschule-aktiv-muenchen.de\/fr\/wp-json\/wp\/v2\/types\/page"}],"author":[{"embeddable":true,"href":"https:\/\/www.sprachschule-aktiv-muenchen.de\/fr\/wp-json\/wp\/v2\/users\/2"}],"replies":[{"embeddable":true,"href":"https:\/\/www.sprachschule-aktiv-muenchen.de\/fr\/wp-json\/wp\/v2\/comments?post=66250"}],"version-history":[{"count":6,"href":"https:\/\/www.sprachschule-aktiv-muenchen.de\/fr\/wp-json\/wp\/v2\/pages\/66250\/revisions"}],"predecessor-version":[{"id":79231,"href":"https:\/\/www.sprachschule-aktiv-muenchen.de\/fr\/wp-json\/wp\/v2\/pages\/66250\/revisions\/79231"}],"wp:attachment":[{"href":"https:\/\/www.sprachschule-aktiv-muenchen.de\/fr\/wp-json\/wp\/v2\/media?parent=66250"}],"curies":[{"name":"wp","href":"https:\/\/api.w.org\/{rel}","templated":true}]}}