{"id":65839,"date":"2021-05-22T06:32:53","date_gmt":"2021-05-22T04:32:53","guid":{"rendered":"https:\/\/www.sprachschule-aktiv-muenchen.de\/?page_id=65839"},"modified":"2022-12-29T12:32:17","modified_gmt":"2022-12-29T11:32:17","slug":"assurance-maladie-pour-les-etudiants-etrangers-en-allemagne","status":"publish","type":"page","link":"https:\/\/www.sprachschule-aktiv-muenchen.de\/fr\/assurance-maladie-pour-les-etudiants-etrangers-en-allemagne\/","title":{"rendered":"Assurance maladie pour les \u00e9tudiants \u00e9trangers en Allemagne"},"content":{"rendered":"<h1>Assurance maladie pour les \u00e9tudiants \u00e9trangers en Allemagne<\/h1>\n<p>Si vous r\u00e9servez un cours d\u2019allemand en Allemagne, vous avez besoin d\u2019une assurance maladie. L\u2019assurance est une condition obligatoire et l\u00e9gale pour demander un visa pour la R\u00e9publique f\u00e9d\u00e9rale d\u2019Allemagne.<\/p>\n<a href=\"https:\/\/www.sprachschule-aktiv-muenchen.de\/fr\/contactez-nous\/\"><img decoding=\"async\" class=\"aligncenter size-full wp-image-64246\" src=\"https:\/\/www.sprachschule-aktiv-muenchen.de\/wp-content\/uploads\/2021\/03\/boton-noch-frage-FR-1.png\" alt=\"Avez-vous d\u00b4autres questions?\" width=\"367\" height=\"66\" srcset=\"https:\/\/www.sprachschule-aktiv-muenchen.de\/wp-content\/uploads\/2021\/03\/boton-noch-frage-FR-1.png 367w, https:\/\/www.sprachschule-aktiv-muenchen.de\/wp-content\/uploads\/2021\/03\/boton-noch-frage-FR-1-300x54.png 300w\" sizes=\"(max-width: 367px) 100vw, 367px\" \/><\/a>\n<h2>Assurance maladie pour les apprenants de l\u2019allemand : toutes les informations!<\/h2>\n<p>Nous avons rassembl\u00e9 pour vous toutes les informations sur l\u2019assurance maladie pour les \u00e9tudiants en Allemagne sur cette page.<\/p>\n<h2>Combien co\u00fbte une assurance maladie pour les \u00e9tudiants \u00e9trangers en Allemagne?<\/h2>\n<p>La soci\u00e9t\u00e9 Care Concept propose par exemple une assurance maladie \u00e0 26 \u20ac par mois. Vous pouvez demander l\u2019assurance en ligne et vous recevrez ensuite les documents correspondants par e-mail. Vous pouvez les ajouter \u00e0 la demande de visa comme preuve de votre couverture d\u2019assurance.<\/p>\n<img decoding=\"async\" class=\"aligncenter wp-image-65841 size-full\" src=\"https:\/\/www.sprachschule-aktiv-muenchen.de\/wp-content\/uploads\/2021\/05\/assurance-maladie-pour-les-etudiants-etrangers-en-allemagne.jpg\" alt=\"Assurance maladie pour les \u00e9tudiants \u00e9trangers en Allemagne\" width=\"500\" height=\"351\" srcset=\"https:\/\/www.sprachschule-aktiv-muenchen.de\/wp-content\/uploads\/2021\/05\/assurance-maladie-pour-les-etudiants-etrangers-en-allemagne.jpg 500w, https:\/\/www.sprachschule-aktiv-muenchen.de\/wp-content\/uploads\/2021\/05\/assurance-maladie-pour-les-etudiants-etrangers-en-allemagne-300x211.jpg 300w\" sizes=\"(max-width: 500px) 100vw, 500px\" \/>\n<h2>O\u00f9 trouver une assurance maladie? Prix et inscription<\/h2>\n<p>Toutes les informations sur la demande, les frais et, le cas \u00e9ch\u00e9ant, une confirmation instantan\u00e9e sont disponibles ici :<\/p>\n<ul>\n<li><a href=\"https:\/\/www.care-concept.de\/krankenversicherung\/sprachschueler_und_studenten\/auslaendische_studenten_versicherung_e-antrag_fra.php?navilang=fra&amp;vmnr=002644000S&amp;mail=info@sprachschule-aktiv.de\" target=\"_blank\" rel=\"noopener\">Informations en fran\u00e7ais<\/a><\/li>\n<\/ul>\n<h2>Assurance maladie pour les cours d\u2019allemand \u00e0 Munich : pour qui?<\/h2>\n<p>Il est pr\u00e9f\u00e9rable de vous renseigner aupr\u00e8s de votre assureur avant d&#8217;entrer en Allemagne pour savoir si votre assurance maladie vous couvre \u00e9galement \u00e0 l&#8217;\u00e9tranger ! En principe, l&#8217;obligation d&#8217;assurance s&#8217;applique aux \u00e9tudiants participant \u00e0 des programmes d&#8217;\u00e9change tels que : Erasmus, DAAD, SOCRATES. De m\u00eame, les stagiaires et les participants aux projets internationaux des coll\u00e8ges et des universit\u00e9s, aux voyages d&#8217;\u00e9tudes et aux programmes de travail et de voyage appartiennent \u00e0 ce groupe de personnes. \u00c0 cela s\u2019ajoutent les \u00e9l\u00e8ves invit\u00e9s et les \u00e9tudiants de langue pour les cours d\u2019allemand.<\/p>\n<h2>Assurance maladie pour votre s\u00e9jour en Allemagne<\/h2>\n<p>Vous pouvez souscrire une assurance maladie en tant qu\u2019\u00e9tudiant en langues via notre partenaire care concept. L\u2019assurance est valable pour les personnes jusqu\u2019\u00e0 l\u2019\u00e2ge de 35 ans qui r\u00e9sident \u00e0 l\u2019\u00e9tranger et envisagent de s\u00e9journer \u00e0 court terme en Allemagne et en Autriche. L\u2019assurance prend en charge les frais encourus en cas de maladie ou d\u2019accident. Inclus dans le prix sont les soins ambulatoires, dentaires et hospitaliers en Allemagne. Vous recevrez votre bulletin d\u2019assurance par e-mail 15 &#8211; 20 minutes apr\u00e8s votre inscription.<\/p>\n<div class=\"BorlabsCookie _brlbs-cb-vimeo\">\n<div class=\"_brlbs-content-blocker\">\n<div class=\"_brlbs-embed _brlbs-video-vimeo\"> <img decoding=\"async\" class=\"_brlbs-thumbnail\" src=\"https:\/\/www.sprachschule-aktiv-muenchen.de\/wp-content\/plugins\/borlabs-cookie\/assets\/images\/cb-no-thumbnail.png\" alt=\"Vimeo\"> <\/p>\n<div class=\"_brlbs-caption\">\n<p>Mit dem Laden des Videos akzeptieren Sie die Datenschutzerkl\u00e4rung von Vimeo.<br \/><a href=\"https:\/\/vimeo.com\/privacy\" target=\"_blank\" rel=\"nofollow noopener noreferrer\">Mehr erfahren<\/a><\/p>\n<p><a class=\"_brlbs-btn _brlbs-icon-play-white\" href=\"#\" data-borlabs-cookie-unblock role=\"button\">Video laden<\/a><\/p>\n<p><label><input type=\"checkbox\" name=\"unblockAll\" value=\"1\" checked> <small>Vimeo immer entsperren<\/small><\/label><\/p>\n<\/p><\/div><\/div><\/div>\n<div class=\"borlabs-hide\" data-borlabs-cookie-type=\"content-blocker\" data-borlabs-cookie-id=\"vimeo\"><script type=\"text\/template\">PGlmcmFtZSB0aXRsZT0iR2VybWFuIGNvdXJzZXMgaW4gTXVuaWNoIC0gU3ByYWNoc2NodWxlIEFrdGl2IiBzcmM9Imh0dHBzOi8vcGxheWVyLnZpbWVvLmNvbS92aWRlby83ODQwNjg1OTU\/ZG50PTEmYW1wO2FwcF9pZD0xMjI5NjMiIHdpZHRoPSI1MDAiIGhlaWdodD0iMjgxIiBmcmFtZWJvcmRlcj0iMCIgYWxsb3c9ImF1dG9wbGF5OyBmdWxsc2NyZWVuOyBwaWN0dXJlLWluLXBpY3R1cmU7IGNsaXBib2FyZC13cml0ZSI+PC9pZnJhbWU+<\/script><\/div>\n<\/div>\n","protected":false},"excerpt":{"rendered":"<p>Assurance maladie pour les \u00e9tudiants \u00e9trangers en Allemagne Si vous r\u00e9servez un cours d\u2019allemand en Allemagne, vous avez besoin d\u2019une assurance maladie. L\u2019assurance est une condition obligatoire et l\u00e9gale pour demander un visa pour la R\u00e9publique f\u00e9d\u00e9rale d\u2019Allemagne. Assurance maladie pour les apprenants de l\u2019allemand : toutes les informations! Nous avons rassembl\u00e9 pour vous toutes&hellip; <a class=\"read-more\" href=\"https:\/\/www.sprachschule-aktiv-muenchen.de\/fr\/assurance-maladie-pour-les-etudiants-etrangers-en-allemagne\/\" title=\"Read Assurance maladie pour les \u00e9tudiants \u00e9trangers en Allemagne\">Read more &raquo;<\/a><\/p>\n","protected":false},"author":2,"featured_media":0,"parent":0,"menu_order":0,"comment_status":"closed","ping_status":"closed","template":"","meta":{"footnotes":""},"class_list":["post-65839","page","type-page","status-publish","hentry"],"yoast_head":"<!-- This site is optimized with the Yoast SEO plugin v27.1.1 - https:\/\/yoast.com\/product\/yoast-seo-wordpress\/ -->\n<title>Assurance maladie pour les \u00e9tudiants \u00e9trangers en Allemagne<\/title>\n<meta name=\"description\" content=\"Si vous souhaitez suivre un cours d&#039;allemand en Allemagne, vous avez besoin d&#039;une assurance maladie. Toutes les informations ici!\" \/>\n<meta name=\"robots\" content=\"index, follow, max-snippet:-1, max-image-preview:large, max-video-preview:-1\" \/>\n<link rel=\"canonical\" href=\"https:\/\/www.sprachschule-aktiv-muenchen.de\/fr\/assurance-maladie-pour-les-etudiants-etrangers-en-allemagne\/\" \/>\n<meta property=\"og:locale\" content=\"fr_FR\" \/>\n<meta property=\"og:type\" content=\"article\" \/>\n<meta property=\"og:title\" content=\"Assurance maladie pour les \u00e9tudiants \u00e9trangers en Allemagne\" \/>\n<meta property=\"og:description\" content=\"Si vous souhaitez suivre un cours d&#039;allemand en Allemagne, vous avez besoin d&#039;une assurance maladie. Toutes les informations ici!\" \/>\n<meta property=\"og:url\" content=\"https:\/\/www.sprachschule-aktiv-muenchen.de\/fr\/assurance-maladie-pour-les-etudiants-etrangers-en-allemagne\/\" \/>\n<meta property=\"og:site_name\" content=\"Sprachschule Aktiv\" \/>\n<meta property=\"article:modified_time\" content=\"2022-12-29T11:32:17+00:00\" \/>\n<meta property=\"og:image\" content=\"https:\/\/www.sprachschule-aktiv-muenchen.de\/wp-content\/uploads\/2021\/03\/boton-noch-frage-FR-1.png\" \/>\n<meta name=\"twitter:card\" content=\"summary_large_image\" \/>\n<meta name=\"twitter:label1\" content=\"Dur\u00e9e de lecture estim\u00e9e\" \/>\n\t<meta name=\"twitter:data1\" content=\"2 minutes\" \/>\n<script type=\"application\/ld+json\" class=\"yoast-schema-graph\">{\"@context\":\"https:\/\/schema.org\",\"@graph\":[{\"@type\":\"WebPage\",\"@id\":\"https:\/\/www.sprachschule-aktiv-muenchen.de\/fr\/assurance-maladie-pour-les-etudiants-etrangers-en-allemagne\/\",\"url\":\"https:\/\/www.sprachschule-aktiv-muenchen.de\/fr\/assurance-maladie-pour-les-etudiants-etrangers-en-allemagne\/\",\"name\":\"Assurance maladie pour les \u00e9tudiants \u00e9trangers en Allemagne\",\"isPartOf\":{\"@id\":\"https:\/\/www.sprachschule-aktiv-muenchen.de\/#website\"},\"primaryImageOfPage\":{\"@id\":\"https:\/\/www.sprachschule-aktiv-muenchen.de\/fr\/assurance-maladie-pour-les-etudiants-etrangers-en-allemagne\/#primaryimage\"},\"image\":{\"@id\":\"https:\/\/www.sprachschule-aktiv-muenchen.de\/fr\/assurance-maladie-pour-les-etudiants-etrangers-en-allemagne\/#primaryimage\"},\"thumbnailUrl\":\"https:\/\/www.sprachschule-aktiv-muenchen.de\/wp-content\/uploads\/2021\/03\/boton-noch-frage-FR-1.png\",\"datePublished\":\"2021-05-22T04:32:53+00:00\",\"dateModified\":\"2022-12-29T11:32:17+00:00\",\"description\":\"Si vous souhaitez suivre un cours d'allemand en Allemagne, vous avez besoin d'une assurance maladie. Toutes les informations ici!\",\"breadcrumb\":{\"@id\":\"https:\/\/www.sprachschule-aktiv-muenchen.de\/fr\/assurance-maladie-pour-les-etudiants-etrangers-en-allemagne\/#breadcrumb\"},\"inLanguage\":\"fr-FR\",\"potentialAction\":[{\"@type\":\"ReadAction\",\"target\":[\"https:\/\/www.sprachschule-aktiv-muenchen.de\/fr\/assurance-maladie-pour-les-etudiants-etrangers-en-allemagne\/\"]}]},{\"@type\":\"ImageObject\",\"inLanguage\":\"fr-FR\",\"@id\":\"https:\/\/www.sprachschule-aktiv-muenchen.de\/fr\/assurance-maladie-pour-les-etudiants-etrangers-en-allemagne\/#primaryimage\",\"url\":\"https:\/\/www.sprachschule-aktiv-muenchen.de\/wp-content\/uploads\/2021\/03\/boton-noch-frage-FR-1.png\",\"contentUrl\":\"https:\/\/www.sprachschule-aktiv-muenchen.de\/wp-content\/uploads\/2021\/03\/boton-noch-frage-FR-1.png\"},{\"@type\":\"BreadcrumbList\",\"@id\":\"https:\/\/www.sprachschule-aktiv-muenchen.de\/fr\/assurance-maladie-pour-les-etudiants-etrangers-en-allemagne\/#breadcrumb\",\"itemListElement\":[{\"@type\":\"ListItem\",\"position\":1,\"name\":\"Portada\",\"item\":\"https:\/\/www.sprachschule-aktiv-muenchen.de\/fr\/\"},{\"@type\":\"ListItem\",\"position\":2,\"name\":\"Assurance maladie pour les \u00e9tudiants \u00e9trangers en Allemagne\"}]},{\"@type\":\"WebSite\",\"@id\":\"https:\/\/www.sprachschule-aktiv-muenchen.de\/#website\",\"url\":\"https:\/\/www.sprachschule-aktiv-muenchen.de\/\",\"name\":\"Sprachschule Aktiv\",\"description\":\"\",\"potentialAction\":[{\"@type\":\"SearchAction\",\"target\":{\"@type\":\"EntryPoint\",\"urlTemplate\":\"https:\/\/www.sprachschule-aktiv-muenchen.de\/?s={search_term_string}\"},\"query-input\":{\"@type\":\"PropertyValueSpecification\",\"valueRequired\":true,\"valueName\":\"search_term_string\"}}],\"inLanguage\":\"fr-FR\"}]}<\/script>\n<!-- \/ Yoast SEO plugin. -->","yoast_head_json":{"title":"Assurance maladie pour les \u00e9tudiants \u00e9trangers en Allemagne","description":"Si vous souhaitez suivre un cours d'allemand en Allemagne, vous avez besoin d'une assurance maladie. Toutes les informations ici!","robots":{"index":"index","follow":"follow","max-snippet":"max-snippet:-1","max-image-preview":"max-image-preview:large","max-video-preview":"max-video-preview:-1"},"canonical":"https:\/\/www.sprachschule-aktiv-muenchen.de\/fr\/assurance-maladie-pour-les-etudiants-etrangers-en-allemagne\/","og_locale":"fr_FR","og_type":"article","og_title":"Assurance maladie pour les \u00e9tudiants \u00e9trangers en Allemagne","og_description":"Si vous souhaitez suivre un cours d'allemand en Allemagne, vous avez besoin d'une assurance maladie. Toutes les informations ici!","og_url":"https:\/\/www.sprachschule-aktiv-muenchen.de\/fr\/assurance-maladie-pour-les-etudiants-etrangers-en-allemagne\/","og_site_name":"Sprachschule Aktiv","article_modified_time":"2022-12-29T11:32:17+00:00","og_image":[{"url":"https:\/\/www.sprachschule-aktiv-muenchen.de\/wp-content\/uploads\/2021\/03\/boton-noch-frage-FR-1.png","type":"","width":"","height":""}],"twitter_card":"summary_large_image","twitter_misc":{"Dur\u00e9e de lecture estim\u00e9e":"2 minutes"},"schema":{"@context":"https:\/\/schema.org","@graph":[{"@type":"WebPage","@id":"https:\/\/www.sprachschule-aktiv-muenchen.de\/fr\/assurance-maladie-pour-les-etudiants-etrangers-en-allemagne\/","url":"https:\/\/www.sprachschule-aktiv-muenchen.de\/fr\/assurance-maladie-pour-les-etudiants-etrangers-en-allemagne\/","name":"Assurance maladie pour les \u00e9tudiants \u00e9trangers en Allemagne","isPartOf":{"@id":"https:\/\/www.sprachschule-aktiv-muenchen.de\/#website"},"primaryImageOfPage":{"@id":"https:\/\/www.sprachschule-aktiv-muenchen.de\/fr\/assurance-maladie-pour-les-etudiants-etrangers-en-allemagne\/#primaryimage"},"image":{"@id":"https:\/\/www.sprachschule-aktiv-muenchen.de\/fr\/assurance-maladie-pour-les-etudiants-etrangers-en-allemagne\/#primaryimage"},"thumbnailUrl":"https:\/\/www.sprachschule-aktiv-muenchen.de\/wp-content\/uploads\/2021\/03\/boton-noch-frage-FR-1.png","datePublished":"2021-05-22T04:32:53+00:00","dateModified":"2022-12-29T11:32:17+00:00","description":"Si vous souhaitez suivre un cours d'allemand en Allemagne, vous avez besoin d'une assurance maladie. Toutes les informations ici!","breadcrumb":{"@id":"https:\/\/www.sprachschule-aktiv-muenchen.de\/fr\/assurance-maladie-pour-les-etudiants-etrangers-en-allemagne\/#breadcrumb"},"inLanguage":"fr-FR","potentialAction":[{"@type":"ReadAction","target":["https:\/\/www.sprachschule-aktiv-muenchen.de\/fr\/assurance-maladie-pour-les-etudiants-etrangers-en-allemagne\/"]}]},{"@type":"ImageObject","inLanguage":"fr-FR","@id":"https:\/\/www.sprachschule-aktiv-muenchen.de\/fr\/assurance-maladie-pour-les-etudiants-etrangers-en-allemagne\/#primaryimage","url":"https:\/\/www.sprachschule-aktiv-muenchen.de\/wp-content\/uploads\/2021\/03\/boton-noch-frage-FR-1.png","contentUrl":"https:\/\/www.sprachschule-aktiv-muenchen.de\/wp-content\/uploads\/2021\/03\/boton-noch-frage-FR-1.png"},{"@type":"BreadcrumbList","@id":"https:\/\/www.sprachschule-aktiv-muenchen.de\/fr\/assurance-maladie-pour-les-etudiants-etrangers-en-allemagne\/#breadcrumb","itemListElement":[{"@type":"ListItem","position":1,"name":"Portada","item":"https:\/\/www.sprachschule-aktiv-muenchen.de\/fr\/"},{"@type":"ListItem","position":2,"name":"Assurance maladie pour les \u00e9tudiants \u00e9trangers en Allemagne"}]},{"@type":"WebSite","@id":"https:\/\/www.sprachschule-aktiv-muenchen.de\/#website","url":"https:\/\/www.sprachschule-aktiv-muenchen.de\/","name":"Sprachschule Aktiv","description":"","potentialAction":[{"@type":"SearchAction","target":{"@type":"EntryPoint","urlTemplate":"https:\/\/www.sprachschule-aktiv-muenchen.de\/?s={search_term_string}"},"query-input":{"@type":"PropertyValueSpecification","valueRequired":true,"valueName":"search_term_string"}}],"inLanguage":"fr-FR"}]}},"_links":{"self":[{"href":"https:\/\/www.sprachschule-aktiv-muenchen.de\/fr\/wp-json\/wp\/v2\/pages\/65839","targetHints":{"allow":["GET"]}}],"collection":[{"href":"https:\/\/www.sprachschule-aktiv-muenchen.de\/fr\/wp-json\/wp\/v2\/pages"}],"about":[{"href":"https:\/\/www.sprachschule-aktiv-muenchen.de\/fr\/wp-json\/wp\/v2\/types\/page"}],"author":[{"embeddable":true,"href":"https:\/\/www.sprachschule-aktiv-muenchen.de\/fr\/wp-json\/wp\/v2\/users\/2"}],"replies":[{"embeddable":true,"href":"https:\/\/www.sprachschule-aktiv-muenchen.de\/fr\/wp-json\/wp\/v2\/comments?post=65839"}],"version-history":[{"count":3,"href":"https:\/\/www.sprachschule-aktiv-muenchen.de\/fr\/wp-json\/wp\/v2\/pages\/65839\/revisions"}],"predecessor-version":[{"id":72937,"href":"https:\/\/www.sprachschule-aktiv-muenchen.de\/fr\/wp-json\/wp\/v2\/pages\/65839\/revisions\/72937"}],"wp:attachment":[{"href":"https:\/\/www.sprachschule-aktiv-muenchen.de\/fr\/wp-json\/wp\/v2\/media?parent=65839"}],"curies":[{"name":"wp","href":"https:\/\/api.w.org\/{rel}","templated":true}]}}