{"id":65810,"date":"2021-05-21T10:12:55","date_gmt":"2021-05-21T08:12:55","guid":{"rendered":"https:\/\/www.sprachschule-aktiv-muenchen.de\/?page_id=65810"},"modified":"2023-12-18T12:12:36","modified_gmt":"2023-12-18T11:12:36","slug":"cours-dallemand-pour-infirmiere-et-aide-soignante","status":"publish","type":"page","link":"https:\/\/www.sprachschule-aktiv-muenchen.de\/fr\/cours-dallemand-pour-infirmiere-et-aide-soignante\/","title":{"rendered":"Cours d\u2019allemand pour infirmier(e) et aide-soignant(e)"},"content":{"rendered":"<h1>Cours d\u2019allemand pour infirmier(e) et aide-soignant(e) \u00e0 Munich<\/h1>\n<p>Vous \u00eates infirmier(e) en g\u00e9riatrie ou soignant(e) de profession ? Vous avez besoin de l\u2019examen B2 pour la reconnaissance officielle de votre profession en tant que collaborateur \u00e9tranger en Allemagne ? Alors vous \u00eates \u00e0 la bonne adresse \u00e0 l\u2019\u00e9cole de langue allemande Aktiv \u00e0 Munich. Vous trouverez ici toutes les informations concernant les cours d\u2019allemand pour les infirmier(e)s et aide-soignant(e)s \u00e0 Munich.<\/p>\n<a href=\"https:\/\/www.sprachschule-aktiv-muenchen.de\/fr\/contactez-nous\/\"><img decoding=\"async\" class=\"aligncenter size-full wp-image-64246\" src=\"https:\/\/www.sprachschule-aktiv-muenchen.de\/wp-content\/uploads\/2021\/03\/boton-noch-frage-FR-1.png\" alt=\"Avez-vous d\u00b4autres questions?\" width=\"367\" height=\"66\" srcset=\"https:\/\/www.sprachschule-aktiv-muenchen.de\/wp-content\/uploads\/2021\/03\/boton-noch-frage-FR-1.png 367w, https:\/\/www.sprachschule-aktiv-muenchen.de\/wp-content\/uploads\/2021\/03\/boton-noch-frage-FR-1-300x54.png 300w\" sizes=\"(max-width: 367px) 100vw, 367px\" \/><\/a>\n<h2>Cours de pr\u00e9paration pour les infirmi\u00e8res en g\u00e9riatrie ou soignante de profession \u00e0 Munich pour l\u2019examen B2<\/h2>\n<p>Nous vous pr\u00e9parons \u00e0 relever les d\u00e9fis linguistiques de votre domaine professionnel et \u00e0 l\u2019examen B2. Contactez-nous, nous vous conseillons volontiers en d\u00e9tail ! Vous trouverez ici toutes les informations sur nos cours d\u2019allemand pour les infirmier(e)s et aide-soignant(e)s \u00e0 Munich, les prix et les dates.<\/p>\n<img decoding=\"async\" class=\"aligncenter size-full wp-image-65811\" src=\"https:\/\/www.sprachschule-aktiv-muenchen.de\/wp-content\/uploads\/2021\/05\/cours-dallemand-pour-infirmiere-et-aide-soignante.png\" alt=\"Cours d\u2019allemand pour infirmier(e) et aide-soignant(e) \u00e0 Munich\" width=\"1160\" height=\"580\" srcset=\"https:\/\/www.sprachschule-aktiv-muenchen.de\/wp-content\/uploads\/2021\/05\/cours-dallemand-pour-infirmiere-et-aide-soignante.png 1160w, https:\/\/www.sprachschule-aktiv-muenchen.de\/wp-content\/uploads\/2021\/05\/cours-dallemand-pour-infirmiere-et-aide-soignante-300x150.png 300w, https:\/\/www.sprachschule-aktiv-muenchen.de\/wp-content\/uploads\/2021\/05\/cours-dallemand-pour-infirmiere-et-aide-soignante-1024x512.png 1024w, https:\/\/www.sprachschule-aktiv-muenchen.de\/wp-content\/uploads\/2021\/05\/cours-dallemand-pour-infirmiere-et-aide-soignante-768x384.png 768w\" sizes=\"(max-width: 1160px) 100vw, 1160px\" \/>\n<h2>Comment le cours intensif d\u2019allemand est-il pr\u00e9vu pour le personnel soignant \u00e9tranger ?<\/h2>\n<p>Si vous n\u2019avez pas encore le niveau B1, vous pouvez suivre nos cours intensifs d\u2019allemand depuis le niveau d\u00e9butant A1 \u00e0 A2. \u00c0 partir du niveau B1, nous vous proposerons notre cours sp\u00e9cial de pr\u00e9paration \u00e0 l\u2019examen officiel B2 pour les infirmier(e)s et aide-soignant(e)s en g\u00e9riatrie ou en soin. En quatre semaines, vous atteindrez le niveau B2 en exer\u00e7ant vos comp\u00e9tences dans les domaines classiques de la compr\u00e9hension et de l\u2019expression orale et \u00e9crite.<\/p>\n<h2>Cours d\u2019allemand intensifs pour infirmier(e) et aide soignant(e) \u00e0 Munich : Prix et dates de d\u00e9but<\/h2>\n<p><u>Dur\u00e9e du cours <\/u>: 4 \u00e0 8 semaines<\/p>\n<p><u>Niveau de langue <\/u>: d\u00e9butant ou avanc\u00e9<\/p>\n<p><u>Dates<\/u> : du lundi au vendredi de 9h00 \u00e0 12h00<\/p>\n<p><u>Prix pour 4 semaines <\/u>: 699 \u20ac<\/p>\n<p><u>Dates de lancement :<\/u><\/p>\n\n<table id=\"tablepress-3\" class=\"tablepress tablepress-id-3 tablepress-responsive\">\n<thead>\n<tr class=\"row-1\">\n\t<th colspan=\"3\" class=\"column-1\">COURS INTENSIF D'ALLEMAND<\/th>\n<\/tr>\n<\/thead>\n<tbody class=\"row-striping row-hover\">\n<tr class=\"row-2\">\n\t<td class=\"column-1\">JANVIER<\/td><td class=\"column-2\">F\u00c9VRIER<\/td><td class=\"column-3\">MARS<\/td>\n<\/tr>\n<tr class=\"row-3\">\n\t<td class=\"column-1\">05.01.2026<\/td><td class=\"column-2\">02.02.2026<\/td><td class=\"column-3\">02.03.2026<\/td>\n<\/tr>\n<tr class=\"row-4\">\n\t<td class=\"column-1\">AVRIL<\/td><td class=\"column-2\">MAI<\/td><td class=\"column-3\">JUIN<\/td>\n<\/tr>\n<tr class=\"row-5\">\n\t<td class=\"column-1\">*30.03.2026<\/td><td class=\"column-2\">04.05.2026<\/td><td class=\"column-3\">01.06.2026<\/td>\n<\/tr>\n<tr class=\"row-6\">\n\t<td class=\"column-1\">JUILLET<\/td><td class=\"column-2\">AO\u00dbT<\/td><td class=\"column-3\">SEPTEMBRE<\/td>\n<\/tr>\n<tr class=\"row-7\">\n\t<td class=\"column-1\">*29.06.2026<\/td><td class=\"column-2\">03.08.2026<\/td><td class=\"column-3\">*31.08.2026<\/td>\n<\/tr>\n<tr class=\"row-8\">\n\t<td class=\"column-1\">OCTOBRE<\/td><td class=\"column-2\">NOVEMBRE<\/td><td class=\"column-3\">D\u00c9CEMBRE<\/td>\n<\/tr>\n<tr class=\"row-9\">\n\t<td class=\"column-1\">*28.09.2026<\/td><td class=\"column-2\">*26.10.2026<\/td><td class=\"column-3\">*23.11.2026<\/td>\n<\/tr>\n<\/tbody>\n<\/table>\n<!-- #tablepress-3 from cache -->\n<a href=\"https:\/\/www.sprachschule-aktiv-muenchen.de\/fr\/inscrivez-vous\/\"><img decoding=\"async\" class=\"aligncenter size-full wp-image-64198\" src=\"https:\/\/www.sprachschule-aktiv-muenchen.de\/wp-content\/uploads\/2021\/03\/boton-anmeldung-FR-1.png\" alt=\"Inscrivez-vous maintenant\" width=\"344\" height=\"65\" srcset=\"https:\/\/www.sprachschule-aktiv-muenchen.de\/wp-content\/uploads\/2021\/03\/boton-anmeldung-FR-1.png 344w, https:\/\/www.sprachschule-aktiv-muenchen.de\/wp-content\/uploads\/2021\/03\/boton-anmeldung-FR-1-300x57.png 300w\" sizes=\"(max-width: 344px) 100vw, 344px\" \/><\/a>\n<h2>Cours d\u2019allemand du soir pour infirmiers \/ infirmi\u00e8res\u00a0: Frais et dates de d\u00e9but<\/h2>\n<p><u>Dur\u00e9e du cours <\/u>: 6 semaines \/ 180 min par semaine<\/p>\n<p><u>Prix pour 6 semaines <\/u>: 279 \u20ac<\/p>\n<p><u>Dates de lancement : <\/u>Voir le tableau des dates de d\u00e9part :<\/p>\n\n<table id=\"tablepress-2\" class=\"tablepress tablepress-id-2 tablepress-responsive\">\n<thead>\n<tr class=\"row-1\">\n\t<th colspan=\"3\" class=\"column-1\">DATE DE D\u00c9BUT <\/th>\n<\/tr>\n<\/thead>\n<tbody class=\"row-striping row-hover\">\n<tr class=\"row-2\">\n\t<td class=\"column-1\">JANVIER<\/td><td class=\"column-2\">F\u00c9VRIER<\/td><td class=\"column-3\">MARS<\/td>\n<\/tr>\n<tr class=\"row-3\">\n\t<td class=\"column-1\">07.01.2025 <br \/>\nles mardis de 19:30 \u00e0 21h<br \/>\n<\/td><td class=\"column-2\">06.02.2025 <br \/>\nles jeudis de 18:00 \u00e0 19:30<\/td><td class=\"column-3\">04.03.2025 <br \/>\nles mardis de 18:00 \u00e0 19:30<\/td>\n<\/tr>\n<tr class=\"row-4\">\n\t<td class=\"column-1\">AVRIL<\/td><td class=\"column-2\">MAI<\/td><td class=\"column-3\">JUIN<\/td>\n<\/tr>\n<tr class=\"row-5\">\n\t<td class=\"column-1\">03.04.2025<br \/>\nles jeudis de 19:30 \u00e0 21h<\/td><td class=\"column-2\">06.05.2025 <br \/>\nles mardis de 19:30 \u00e0 21h<br \/>\n<\/td><td class=\"column-3\">05.06.2025<br \/>\nles jeudis de 18:00 \u00e0 19:30<\/td>\n<\/tr>\n<tr class=\"row-6\">\n\t<td class=\"column-1\">JUILLET<\/td><td class=\"column-2\">AO\u00dbT<\/td><td class=\"column-3\">SEPTEMBRE<\/td>\n<\/tr>\n<tr class=\"row-7\">\n\t<td class=\"column-1\">01.07.2025<br \/>\nles mardis de 18:00 \u00e0 19:30<\/td><td class=\"column-2\">07.08.2025<br \/>\nles jeudis de 19:30 \u00e0 21h<br \/>\n<\/td><td class=\"column-3\">02.09.2025<br \/>\nles mardis de 19:30 \u00e0 21h<\/td>\n<\/tr>\n<tr class=\"row-8\">\n\t<td class=\"column-1\">OCTOBRE<\/td><td class=\"column-2\">NOVEMBRE<\/td><td class=\"column-3\">D\u00c9CEMBRE<\/td>\n<\/tr>\n<tr class=\"row-9\">\n\t<td class=\"column-1\">02.10.2025<br \/>\nles jeudis de 18:00 \u00e0 19:30<\/td><td class=\"column-2\">04.11.2025<br \/>\nles mardis de 18:00 \u00e0 19:30<\/td><td class=\"column-3\">04.12.2025<br \/>\nles jeudis de 19:30 \u00e0 21h<\/td>\n<\/tr>\n<\/tbody>\n<\/table>\n<!-- #tablepress-2 from cache -->\n<a href=\"https:\/\/www.sprachschule-aktiv-muenchen.de\/fr\/inscrivez-vous\/\"><img decoding=\"async\" class=\"aligncenter size-full wp-image-64198\" src=\"https:\/\/www.sprachschule-aktiv-muenchen.de\/wp-content\/uploads\/2021\/03\/boton-anmeldung-FR-1.png\" alt=\"Inscrivez-vous maintenant\" width=\"344\" height=\"65\" srcset=\"https:\/\/www.sprachschule-aktiv-muenchen.de\/wp-content\/uploads\/2021\/03\/boton-anmeldung-FR-1.png 344w, https:\/\/www.sprachschule-aktiv-muenchen.de\/wp-content\/uploads\/2021\/03\/boton-anmeldung-FR-1-300x57.png 300w\" sizes=\"(max-width: 344px) 100vw, 344px\" \/><\/a>\n<h2><strong>Qu\u2019est-ce qu\u2019on apprend dans le cours pr\u00e9paratoire pour les<\/strong> <strong>infirmier(e)s et les aide-soignant(e)s en g\u00e9riatrie ou soignant de profession ?<\/strong><\/h2>\n<p>Vous apprenez non seulement le vocabulaire sp\u00e9cialis\u00e9, mais surtout les expressions courantes n\u00e9cessaires dans le milieu m\u00e9dical. Vous aurez des conversations avec des patients dans des situations r\u00e9alistes. Les contacts avec les coll\u00e8gues, les sup\u00e9rieurs et les proches des personnes n\u00e9cessitant des soins sont \u00e9galement enseign\u00e9s. Pour cela, vous apprendrez la documentation correcte des soins, en r\u00e9digeant des anamn\u00e8ses, des remises et des protocoles dans la forme linguistique appropri\u00e9e. Vous serez ainsi pr\u00e9par\u00e9 de mani\u00e8re r\u00e9aliste et pragmatique \u00e0 l&#8217;utilisation quotidienne de l&#8217;allemand dans votre environnement professionnel, comme les maisons de retraite ou les h\u00f4pitaux.<\/p>\n<h2>Comment obtenir la reconnaissance officielle de la profession dans le domaine des soins infirmiers?<\/h2>\n<p>Apr\u00e8s avoir pass\u00e9 et r\u00e9ussi l\u2019examen B2, vous devez d\u00e9poser une demande aupr\u00e8s du gouvernement de Haute-Bavi\u00e8re dans le domaine 53.1. Pour vous faciliter les d\u00e9marches administratives, nous vous fournissons ici le lien o\u00f9 vous pouvez t\u00e9l\u00e9charger toutes les informations pour la reconnaissance professionnelle (<a href=\"https:\/\/www.regierung.oberbayern.bayern.de\/service\/berufsqualifikation\/gesundheitsfachberufe\/index.html\" target=\"_blank\" rel=\"noopener\">https:\/\/www.regierung.oberbayern.bayern.de\/service\/berufsqualifikation\/gesundheitsfachberufe\/index.html<\/a>).<\/p>\n<h2>Quel est le degr\u00e9 de professionnalisme des professeurs d\u2019allemand dans la pr\u00e9paration de l\u2019examen B2 ?<\/h2>\n<p>A la Sprachschule Aktiv de Munich, nous examinons avec minutie les candidats pour nos cours d&#8217;allemand. Nous attendons de nos professeurs d&#8217;allemand qu&#8217;ils aient une solide formation universitaire et une grande exp\u00e9rience de l&#8217;enseignement de la langue allemande. De plus, ils doivent \u00eatre, bien s\u00fbr, des locuteurs natifs et faire preuve d&#8217;empathie. Nos enseignants ont suivi une formation sp\u00e9ciale pour vous permettre d&#8217;atteindre votre objectif dans le cours de pr\u00e9paration \u00e0 l&#8217;examen pour le personnel g\u00e9riatrique et infirmier pour le test officiel B2. Tester les le\u00e7ons et le professeur d&#8217;allemand lors d&#8217;un cours d&#8217;essai gratuit!<\/p>\n<div class=\"BorlabsCookie _brlbs-cb-vimeo\">\n<div class=\"_brlbs-content-blocker\">\n<div class=\"_brlbs-embed _brlbs-video-vimeo\"> <img decoding=\"async\" class=\"_brlbs-thumbnail\" src=\"https:\/\/www.sprachschule-aktiv-muenchen.de\/wp-content\/plugins\/borlabs-cookie\/assets\/images\/cb-no-thumbnail.png\" alt=\"Vimeo\"> <\/p>\n<div class=\"_brlbs-caption\">\n<p>Mit dem Laden des Videos akzeptieren Sie die Datenschutzerkl\u00e4rung von Vimeo.<br \/><a href=\"https:\/\/vimeo.com\/privacy\" target=\"_blank\" rel=\"nofollow noopener noreferrer\">Mehr erfahren<\/a><\/p>\n<p><a class=\"_brlbs-btn _brlbs-icon-play-white\" href=\"#\" data-borlabs-cookie-unblock role=\"button\">Video laden<\/a><\/p>\n<p><label><input type=\"checkbox\" name=\"unblockAll\" value=\"1\" checked> <small>Vimeo immer entsperren<\/small><\/label><\/p>\n<\/p><\/div><\/div><\/div>\n<div class=\"borlabs-hide\" data-borlabs-cookie-type=\"content-blocker\" data-borlabs-cookie-id=\"vimeo\"><script type=\"text\/template\">PGlmcmFtZSB0aXRsZT0iR2VybWFuIGNvdXJzZXMgaW4gTXVuaWNoIC0gU3ByYWNoc2NodWxlIEFrdGl2IiBzcmM9Imh0dHBzOi8vcGxheWVyLnZpbWVvLmNvbS92aWRlby83ODQwNjg1OTU\/ZG50PTEmYW1wO2FwcF9pZD0xMjI5NjMiIHdpZHRoPSI1MDAiIGhlaWdodD0iMjgxIiBmcmFtZWJvcmRlcj0iMCIgYWxsb3c9ImF1dG9wbGF5OyBmdWxsc2NyZWVuOyBwaWN0dXJlLWluLXBpY3R1cmU7IGNsaXBib2FyZC13cml0ZSI+PC9pZnJhbWU+<\/script><\/div>\n<\/div>\n<h2>Quelle est votre maitrise de la langue allemande ? Test de niveau gratuit<\/h2>\n<p>Vous voulez savoir quelle est votre niveau actuel en allemand ? Nous pouvons vous aider. Il suffit de profiter de notre test de classement gratuit ! Le r\u00e9sultat vous indique le niveau auquel vous pouvez r\u00e9server votre prochain cours d\u2019allemand. Si vous pr\u00e9f\u00e9rez une \u00e9valuation personnelle, nous vous accueillons avec plaisir dans notre \u00e9cole de langue pour vous aider \u00e0 d\u00e9terminer votre niveau d\u2019allemand. Bien s\u00fbr, sans frais et sans engagement.<\/p>\n","protected":false},"excerpt":{"rendered":"<p>Cours d\u2019allemand pour infirmier(e) et aide-soignant(e) \u00e0 Munich Vous \u00eates infirmier(e) en g\u00e9riatrie ou soignant(e) de profession ? Vous avez besoin de l\u2019examen B2 pour la reconnaissance officielle de votre profession en tant que collaborateur \u00e9tranger en Allemagne ? Alors vous \u00eates \u00e0 la bonne adresse \u00e0 l\u2019\u00e9cole de langue allemande Aktiv \u00e0 Munich. Vous&hellip; <a class=\"read-more\" href=\"https:\/\/www.sprachschule-aktiv-muenchen.de\/fr\/cours-dallemand-pour-infirmiere-et-aide-soignante\/\" title=\"Read Cours d\u2019allemand pour infirmier(e) et aide-soignant(e)\">Read more &raquo;<\/a><\/p>\n","protected":false},"author":2,"featured_media":0,"parent":0,"menu_order":0,"comment_status":"closed","ping_status":"closed","template":"","meta":{"footnotes":""},"class_list":["post-65810","page","type-page","status-publish","hentry"],"yoast_head":"<!-- This site is optimized with the Yoast SEO plugin v27.1.1 - https:\/\/yoast.com\/product\/yoast-seo-wordpress\/ -->\n<title>Cours d\u2019allemand pour infirmier(e) et aide-soignant(e) \u00e0 Munich<\/title>\n<meta name=\"description\" content=\"Des cours d\u2019allemand pour infirmier(e) et aide-soignant(e) pour la reconnaissance officielle de votre profession \u00e0 l&#039;\u00e9tranger.\" \/>\n<meta name=\"robots\" content=\"index, follow, max-snippet:-1, max-image-preview:large, max-video-preview:-1\" \/>\n<link rel=\"canonical\" href=\"https:\/\/www.sprachschule-aktiv-muenchen.de\/fr\/cours-dallemand-pour-infirmiere-et-aide-soignante\/\" \/>\n<meta property=\"og:locale\" content=\"fr_FR\" \/>\n<meta property=\"og:type\" content=\"article\" \/>\n<meta property=\"og:title\" content=\"Cours d\u2019allemand pour infirmier(e) et aide-soignant(e) \u00e0 Munich\" \/>\n<meta property=\"og:description\" content=\"Des cours d\u2019allemand pour infirmier(e) et aide-soignant(e) pour la reconnaissance officielle de votre profession \u00e0 l&#039;\u00e9tranger.\" \/>\n<meta property=\"og:url\" content=\"https:\/\/www.sprachschule-aktiv-muenchen.de\/fr\/cours-dallemand-pour-infirmiere-et-aide-soignante\/\" \/>\n<meta property=\"og:site_name\" content=\"Sprachschule Aktiv\" \/>\n<meta property=\"article:modified_time\" content=\"2023-12-18T11:12:36+00:00\" \/>\n<meta property=\"og:image\" content=\"https:\/\/www.sprachschule-aktiv-muenchen.de\/wp-content\/uploads\/2021\/03\/boton-noch-frage-FR-1.png\" \/>\n<meta name=\"twitter:card\" content=\"summary_large_image\" \/>\n<meta name=\"twitter:label1\" content=\"Dur\u00e9e de lecture estim\u00e9e\" \/>\n\t<meta name=\"twitter:data1\" content=\"5 minutes\" \/>\n<script type=\"application\/ld+json\" class=\"yoast-schema-graph\">{\"@context\":\"https:\/\/schema.org\",\"@graph\":[{\"@type\":\"WebPage\",\"@id\":\"https:\/\/www.sprachschule-aktiv-muenchen.de\/fr\/cours-dallemand-pour-infirmiere-et-aide-soignante\/\",\"url\":\"https:\/\/www.sprachschule-aktiv-muenchen.de\/fr\/cours-dallemand-pour-infirmiere-et-aide-soignante\/\",\"name\":\"Cours d\u2019allemand pour infirmier(e) et aide-soignant(e) \u00e0 Munich\",\"isPartOf\":{\"@id\":\"https:\/\/www.sprachschule-aktiv-muenchen.de\/#website\"},\"primaryImageOfPage\":{\"@id\":\"https:\/\/www.sprachschule-aktiv-muenchen.de\/fr\/cours-dallemand-pour-infirmiere-et-aide-soignante\/#primaryimage\"},\"image\":{\"@id\":\"https:\/\/www.sprachschule-aktiv-muenchen.de\/fr\/cours-dallemand-pour-infirmiere-et-aide-soignante\/#primaryimage\"},\"thumbnailUrl\":\"https:\/\/www.sprachschule-aktiv-muenchen.de\/wp-content\/uploads\/2021\/03\/boton-noch-frage-FR-1.png\",\"datePublished\":\"2021-05-21T08:12:55+00:00\",\"dateModified\":\"2023-12-18T11:12:36+00:00\",\"description\":\"Des cours d\u2019allemand pour infirmier(e) et aide-soignant(e) pour la reconnaissance officielle de votre profession \u00e0 l'\u00e9tranger.\",\"breadcrumb\":{\"@id\":\"https:\/\/www.sprachschule-aktiv-muenchen.de\/fr\/cours-dallemand-pour-infirmiere-et-aide-soignante\/#breadcrumb\"},\"inLanguage\":\"fr-FR\",\"potentialAction\":[{\"@type\":\"ReadAction\",\"target\":[\"https:\/\/www.sprachschule-aktiv-muenchen.de\/fr\/cours-dallemand-pour-infirmiere-et-aide-soignante\/\"]}]},{\"@type\":\"ImageObject\",\"inLanguage\":\"fr-FR\",\"@id\":\"https:\/\/www.sprachschule-aktiv-muenchen.de\/fr\/cours-dallemand-pour-infirmiere-et-aide-soignante\/#primaryimage\",\"url\":\"https:\/\/www.sprachschule-aktiv-muenchen.de\/wp-content\/uploads\/2021\/03\/boton-noch-frage-FR-1.png\",\"contentUrl\":\"https:\/\/www.sprachschule-aktiv-muenchen.de\/wp-content\/uploads\/2021\/03\/boton-noch-frage-FR-1.png\"},{\"@type\":\"BreadcrumbList\",\"@id\":\"https:\/\/www.sprachschule-aktiv-muenchen.de\/fr\/cours-dallemand-pour-infirmiere-et-aide-soignante\/#breadcrumb\",\"itemListElement\":[{\"@type\":\"ListItem\",\"position\":1,\"name\":\"Portada\",\"item\":\"https:\/\/www.sprachschule-aktiv-muenchen.de\/fr\/\"},{\"@type\":\"ListItem\",\"position\":2,\"name\":\"Cours d\u2019allemand pour infirmier(e) et aide-soignant(e)\"}]},{\"@type\":\"WebSite\",\"@id\":\"https:\/\/www.sprachschule-aktiv-muenchen.de\/#website\",\"url\":\"https:\/\/www.sprachschule-aktiv-muenchen.de\/\",\"name\":\"Sprachschule Aktiv\",\"description\":\"\",\"potentialAction\":[{\"@type\":\"SearchAction\",\"target\":{\"@type\":\"EntryPoint\",\"urlTemplate\":\"https:\/\/www.sprachschule-aktiv-muenchen.de\/?s={search_term_string}\"},\"query-input\":{\"@type\":\"PropertyValueSpecification\",\"valueRequired\":true,\"valueName\":\"search_term_string\"}}],\"inLanguage\":\"fr-FR\"}]}<\/script>\n<!-- \/ Yoast SEO plugin. -->","yoast_head_json":{"title":"Cours d\u2019allemand pour infirmier(e) et aide-soignant(e) \u00e0 Munich","description":"Des cours d\u2019allemand pour infirmier(e) et aide-soignant(e) pour la reconnaissance officielle de votre profession \u00e0 l'\u00e9tranger.","robots":{"index":"index","follow":"follow","max-snippet":"max-snippet:-1","max-image-preview":"max-image-preview:large","max-video-preview":"max-video-preview:-1"},"canonical":"https:\/\/www.sprachschule-aktiv-muenchen.de\/fr\/cours-dallemand-pour-infirmiere-et-aide-soignante\/","og_locale":"fr_FR","og_type":"article","og_title":"Cours d\u2019allemand pour infirmier(e) et aide-soignant(e) \u00e0 Munich","og_description":"Des cours d\u2019allemand pour infirmier(e) et aide-soignant(e) pour la reconnaissance officielle de votre profession \u00e0 l'\u00e9tranger.","og_url":"https:\/\/www.sprachschule-aktiv-muenchen.de\/fr\/cours-dallemand-pour-infirmiere-et-aide-soignante\/","og_site_name":"Sprachschule Aktiv","article_modified_time":"2023-12-18T11:12:36+00:00","og_image":[{"url":"https:\/\/www.sprachschule-aktiv-muenchen.de\/wp-content\/uploads\/2021\/03\/boton-noch-frage-FR-1.png","type":"","width":"","height":""}],"twitter_card":"summary_large_image","twitter_misc":{"Dur\u00e9e de lecture estim\u00e9e":"5 minutes"},"schema":{"@context":"https:\/\/schema.org","@graph":[{"@type":"WebPage","@id":"https:\/\/www.sprachschule-aktiv-muenchen.de\/fr\/cours-dallemand-pour-infirmiere-et-aide-soignante\/","url":"https:\/\/www.sprachschule-aktiv-muenchen.de\/fr\/cours-dallemand-pour-infirmiere-et-aide-soignante\/","name":"Cours d\u2019allemand pour infirmier(e) et aide-soignant(e) \u00e0 Munich","isPartOf":{"@id":"https:\/\/www.sprachschule-aktiv-muenchen.de\/#website"},"primaryImageOfPage":{"@id":"https:\/\/www.sprachschule-aktiv-muenchen.de\/fr\/cours-dallemand-pour-infirmiere-et-aide-soignante\/#primaryimage"},"image":{"@id":"https:\/\/www.sprachschule-aktiv-muenchen.de\/fr\/cours-dallemand-pour-infirmiere-et-aide-soignante\/#primaryimage"},"thumbnailUrl":"https:\/\/www.sprachschule-aktiv-muenchen.de\/wp-content\/uploads\/2021\/03\/boton-noch-frage-FR-1.png","datePublished":"2021-05-21T08:12:55+00:00","dateModified":"2023-12-18T11:12:36+00:00","description":"Des cours d\u2019allemand pour infirmier(e) et aide-soignant(e) pour la reconnaissance officielle de votre profession \u00e0 l'\u00e9tranger.","breadcrumb":{"@id":"https:\/\/www.sprachschule-aktiv-muenchen.de\/fr\/cours-dallemand-pour-infirmiere-et-aide-soignante\/#breadcrumb"},"inLanguage":"fr-FR","potentialAction":[{"@type":"ReadAction","target":["https:\/\/www.sprachschule-aktiv-muenchen.de\/fr\/cours-dallemand-pour-infirmiere-et-aide-soignante\/"]}]},{"@type":"ImageObject","inLanguage":"fr-FR","@id":"https:\/\/www.sprachschule-aktiv-muenchen.de\/fr\/cours-dallemand-pour-infirmiere-et-aide-soignante\/#primaryimage","url":"https:\/\/www.sprachschule-aktiv-muenchen.de\/wp-content\/uploads\/2021\/03\/boton-noch-frage-FR-1.png","contentUrl":"https:\/\/www.sprachschule-aktiv-muenchen.de\/wp-content\/uploads\/2021\/03\/boton-noch-frage-FR-1.png"},{"@type":"BreadcrumbList","@id":"https:\/\/www.sprachschule-aktiv-muenchen.de\/fr\/cours-dallemand-pour-infirmiere-et-aide-soignante\/#breadcrumb","itemListElement":[{"@type":"ListItem","position":1,"name":"Portada","item":"https:\/\/www.sprachschule-aktiv-muenchen.de\/fr\/"},{"@type":"ListItem","position":2,"name":"Cours d\u2019allemand pour infirmier(e) et aide-soignant(e)"}]},{"@type":"WebSite","@id":"https:\/\/www.sprachschule-aktiv-muenchen.de\/#website","url":"https:\/\/www.sprachschule-aktiv-muenchen.de\/","name":"Sprachschule Aktiv","description":"","potentialAction":[{"@type":"SearchAction","target":{"@type":"EntryPoint","urlTemplate":"https:\/\/www.sprachschule-aktiv-muenchen.de\/?s={search_term_string}"},"query-input":{"@type":"PropertyValueSpecification","valueRequired":true,"valueName":"search_term_string"}}],"inLanguage":"fr-FR"}]}},"_links":{"self":[{"href":"https:\/\/www.sprachschule-aktiv-muenchen.de\/fr\/wp-json\/wp\/v2\/pages\/65810","targetHints":{"allow":["GET"]}}],"collection":[{"href":"https:\/\/www.sprachschule-aktiv-muenchen.de\/fr\/wp-json\/wp\/v2\/pages"}],"about":[{"href":"https:\/\/www.sprachschule-aktiv-muenchen.de\/fr\/wp-json\/wp\/v2\/types\/page"}],"author":[{"embeddable":true,"href":"https:\/\/www.sprachschule-aktiv-muenchen.de\/fr\/wp-json\/wp\/v2\/users\/2"}],"replies":[{"embeddable":true,"href":"https:\/\/www.sprachschule-aktiv-muenchen.de\/fr\/wp-json\/wp\/v2\/comments?post=65810"}],"version-history":[{"count":8,"href":"https:\/\/www.sprachschule-aktiv-muenchen.de\/fr\/wp-json\/wp\/v2\/pages\/65810\/revisions"}],"predecessor-version":[{"id":74531,"href":"https:\/\/www.sprachschule-aktiv-muenchen.de\/fr\/wp-json\/wp\/v2\/pages\/65810\/revisions\/74531"}],"wp:attachment":[{"href":"https:\/\/www.sprachschule-aktiv-muenchen.de\/fr\/wp-json\/wp\/v2\/media?parent=65810"}],"curies":[{"name":"wp","href":"https:\/\/api.w.org\/{rel}","templated":true}]}}