{"id":65783,"date":"2021-05-21T09:49:24","date_gmt":"2021-05-21T07:49:24","guid":{"rendered":"https:\/\/www.sprachschule-aktiv-muenchen.de\/?page_id=65783"},"modified":"2024-12-12T16:21:51","modified_gmt":"2024-12-12T15:21:51","slug":"cours-dallemand-pour-medecins-a-munich","status":"publish","type":"page","link":"https:\/\/www.sprachschule-aktiv-muenchen.de\/fr\/cours-dallemand-pour-medecins-a-munich\/","title":{"rendered":"Cours d\u2019allemand pour m\u00e9decins \u00e0 Munich"},"content":{"rendered":"<h1>Cours d\u2019allemand pour m\u00e9decins \u00e0 Munich<\/h1>\n<h2>Pr\u00e9paration \u00e0 l\u2019examen de langue sp\u00e9cialis\u00e9e<\/h2>\n<p>Pour les m\u00e9decins de l\u2019\u00e9tranger, notre \u00e9cole de langue propose pour l\u2019allemand, \u00e0 Munich, des cours pr\u00e9paratoires pour l\u2019examen de langue sp\u00e9cialis\u00e9e pour les m\u00e9decins. Les m\u00e9decins qui veulent obtenir une licence professionnelle reconnue par le Code f\u00e9d\u00e9ral des m\u00e9decins doivent acqu\u00e9rir une connaissance suffisante de l\u2019allemand. Il s\u2019agit d\u2019une condition n\u00e9cessaire pour exercer cette activit\u00e9 professionnelle en Allemagne. Notre cours pr\u00e9paratoire offre une pr\u00e9sentation intensive du vocabulaire et du discours sp\u00e9cialis\u00e9s, ainsi que la pr\u00e9sentation des rapports.<\/p>\n<a href=\"https:\/\/www.sprachschule-aktiv-muenchen.de\/fr\/contactez-nous\/\"><img decoding=\"async\" class=\"aligncenter size-full wp-image-64246\" src=\"https:\/\/www.sprachschule-aktiv-muenchen.de\/wp-content\/uploads\/2021\/03\/boton-noch-frage-FR-1.png\" alt=\"Avez-vous d\u00b4autres questions?\" width=\"367\" height=\"66\" srcset=\"https:\/\/www.sprachschule-aktiv-muenchen.de\/wp-content\/uploads\/2021\/03\/boton-noch-frage-FR-1.png 367w, https:\/\/www.sprachschule-aktiv-muenchen.de\/wp-content\/uploads\/2021\/03\/boton-noch-frage-FR-1-300x54.png 300w\" sizes=\"(max-width: 367px) 100vw, 367px\" \/><\/a>\n<h2>Quelles conditions doit-on remplir pour l\u2019examen linguistique sp\u00e9cialis\u00e9 (FSP) ?<\/h2>\n<p>Nos cours d\u2019allemand \u00e0 Munich sont \u00e0 votre disposition du niveau A1 \u00e0 C2. Pour demander l\u2019autorisation de participation au gouvernement de Haute-Bavi\u00e8re, vous devez obtenir un certificat de niveau B2. Ensuite, vous pourrez soumettre la demande d\u2019autorisation d\u2019exercer. Au cours de l\u2019admission, les m\u00e9decins doivent passer un examen linguistique sp\u00e9cialis\u00e9 de niveau C1. Selon la conf\u00e9rence des ministres de la Sant\u00e9 de juin 2014, les connaissances en allemand n\u00e9cessaires \u00e0 la profession m\u00e9dicale seront revues. L\u2019exigence est divis\u00e9e en comp\u00e9tences linguistiques g\u00e9n\u00e9rales au niveau B2 et en comp\u00e9tences linguistiques sp\u00e9cialis\u00e9es au niveau C1. Attention : Les exigences de l\u2019examen de langue sp\u00e9cialis\u00e9e pour les m\u00e9decins diff\u00e8rent selon les diff\u00e9rents \u00c9tats f\u00e9d\u00e9raux.<\/p>\n<img decoding=\"async\" class=\"aligncenter wp-image-65784 size-full\" src=\"https:\/\/www.sprachschule-aktiv-muenchen.de\/wp-content\/uploads\/2021\/05\/cours-dallemand-pour-medecins-a-munich.png\" alt=\"Cours d'allemand pour m\u00e9decins \u00e0 Munich\" width=\"1160\" height=\"580\" srcset=\"https:\/\/www.sprachschule-aktiv-muenchen.de\/wp-content\/uploads\/2021\/05\/cours-dallemand-pour-medecins-a-munich.png 1160w, https:\/\/www.sprachschule-aktiv-muenchen.de\/wp-content\/uploads\/2021\/05\/cours-dallemand-pour-medecins-a-munich-300x150.png 300w, https:\/\/www.sprachschule-aktiv-muenchen.de\/wp-content\/uploads\/2021\/05\/cours-dallemand-pour-medecins-a-munich-1024x512.png 1024w, https:\/\/www.sprachschule-aktiv-muenchen.de\/wp-content\/uploads\/2021\/05\/cours-dallemand-pour-medecins-a-munich-768x384.png 768w\" sizes=\"(max-width: 1160px) 100vw, 1160px\" \/>\n<h2>Comment se d\u00e9roule l\u2019examen de langue sp\u00e9cialis\u00e9e ?<\/h2>\n<p>L\u2019examen \u00e0 la Chambre bavaroise des m\u00e9decins est divis\u00e9 en 3 sections. Chaque partie dure 20 minutes. Comme il peut y avoir des temps d\u2019attente, vous devriez pr\u00e9voir environ 3 heures pour la date de l\u2019examen. Les frais d\u2019examen sont actuellement de 400 euros. Vous \u00eates test\u00e9 par un m\u00e9decin et par un linguiste. Vous recevrez le r\u00e9sultat apr\u00e8s l\u2019examen.<\/p>\n<p>1<sup>\u00e8re<\/sup> partie : Entretien entre le m\u00e9decin et le patient<\/p>\n<p>2<sup>\u00e8me<\/sup> partie : Documentation<\/p>\n<p>3<sup>\u00e8me<\/sup> partie : Entretien entre deux m\u00e9decins<\/p>\n<h2>Vous souhaitez vous pr\u00e9parer \u00e0 l\u2019examen de langue sp\u00e9cialis\u00e9e pour les m\u00e9decins et les professionnels de la sant\u00e9 ?<\/h2>\n<p>L\u2019\u00e9cole de langue Aktiv \u00e0 Munich offre une pr\u00e9paration appropri\u00e9e pour les niveaux d\u2019apprentissage B1, B2 et C1 du lundi au vendredi de 9 \u00e0 12 heures.<\/p>\n<p>Vous obtenez une formation linguistique d\u00e9taill\u00e9e, qui vous pr\u00e9pare de mani\u00e8re optimale \u00e0 l\u2019examen de la Chambre des m\u00e9decins de Bavi\u00e8re.<\/p>\n<p>Nos cours d\u2019allemand pour les m\u00e9decins ont lieu \u00e0 partir du niveau B1. Si vous n\u2019avez pas encore atteint ce niveau, vous pouvez suivre nos cours intensifs d\u2019allemand A1 et A2, puis r\u00e9server le cours de pr\u00e9paration \u00e0 l\u2019examen pour m\u00e9decins \u00e0 Munich.<\/p>\n<h2>Comment fonctionne le cours pr\u00e9paratoire \u00e0 l\u2019examen de langue sp\u00e9cialis\u00e9e \u00e0 Munich ?<\/h2>\n<p>Vous pouvez suivre les cours d\u2019allemand pour l\u2019examen linguistique sp\u00e9cialis\u00e9e de 9 \u00e0 12h du lundi au vendredi. Avec un vocabulaire m\u00e9dical sp\u00e9cialis\u00e9 et des expressions courantes dont vous avez besoin dans un h\u00f4pital ou dans un cabinet m\u00e9dical, vous recevrez les outils n\u00e9cessaires pour l\u2019examen.<\/p>\n<p>Vous obtiendrez un entrainement d\u00e9taill\u00e9 avec des jeux de r\u00f4le qui vous pr\u00e9parent de mani\u00e8re optimale au test d\u2019admission.<\/p>\n<p>&#8211; Vous pratiquer des conversations fictives avec les patients.<\/p>\n<p>&#8211; Vous apprenez le langage technique des m\u00e9decins pour \u00e9changer avec des coll\u00e8gues sur un pied d\u2019\u00e9galit\u00e9.<\/p>\n<p>&#8211; Vous r\u00e9digez des rapports m\u00e9dicaux.<\/p>\n<p>L\u2019examen est important non seulement pour votre activit\u00e9 professionnelle, mais aussi pour optimiser vos comp\u00e9tences linguistiques de mani\u00e8re g\u00e9n\u00e9rale, que ce soit au niveau de la parole, de l\u2019\u00e9coute, de la lecture et de l\u2019\u00e9criture.<\/p>\n<h2>Quel niveau de langue avez-vous ? Testez-vous gratuitement !<\/h2>\n<p>Le cours pr\u00e9paratoire est \u00e0 un niveau linguistique exigeant. Si vous n\u2019\u00eates pas certain de votre niveau, nous vous recommandons de passer un test de niveau que vous pouvez effectuer sur notre site Internet ou dans notre \u00e9cole de langue allemande \u00e0 Munich.<\/p>\n<p>Si votre niveau de langue n\u2019est pas encore suffisant, il est pr\u00e9f\u00e9rable de suivre un cours de langue g\u00e9n\u00e9ral jusqu\u2019\u00e0 ce que vous atteigniez le niveau requis ! Diverses offres et cours d\u2019allemand vous sont propos\u00e9s.<\/p>\n<h2>Pr\u00e9paration int\u00e9gr\u00e9e des examens pour les professionnels de la sant\u00e9\u00a0: Cours intensifs ou cours particuliers pour l\u2019examen de langue sp\u00e9cialis\u00e9e<\/h2>\n<p>Vous pouvez suivre des cours de pr\u00e9paration \u00e0 l\u2019examen int\u00e9gr\u00e9s avec l\u2019\u00e9cole de langue Aktiv. Vous pouvez choisir des cours intensifs ou des cours particuliers.<\/p>\n<h2>\u00a0Cours d\u2019allemand pour les m\u00e9decins\u00a0: Cours du matin (prix, dates)<\/h2>\n<p><strong><u>Dur\u00e9e du cours<\/u> :<\/strong> 4 semaines<\/p>\n<p><strong><u>Dates<\/u> :<\/strong>\u00a0 du lundi au vendredi de 9h00 \u00e0 12h00(4 jours par semaine)<\/p>\n<p><strong><u>Prix<\/u> :<\/strong><\/p>\n<ul>\n<li>1 semaine : 296 \u20ac<\/li>\n<li>2 semaines : 485 \u20ac<\/li>\n<li>3 semaines : 608 \u20ac<\/li>\n<li>4 semaines : 699 \u20ac<\/li>\n<\/ul>\n<p><strong><u>D\u00e9but du cours<\/u> :<\/strong> Voir tableau :<\/p>\n\n<table id=\"tablepress-3\" class=\"tablepress tablepress-id-3 tablepress-responsive\">\n<thead>\n<tr class=\"row-1\">\n\t<th colspan=\"3\" class=\"column-1\">COURS INTENSIF D'ALLEMAND<\/th>\n<\/tr>\n<\/thead>\n<tbody class=\"row-striping row-hover\">\n<tr class=\"row-2\">\n\t<td class=\"column-1\">JANVIER<\/td><td class=\"column-2\">F\u00c9VRIER<\/td><td class=\"column-3\">MARS<\/td>\n<\/tr>\n<tr class=\"row-3\">\n\t<td class=\"column-1\">05.01.2026<\/td><td class=\"column-2\">02.02.2026<\/td><td class=\"column-3\">02.03.2026<\/td>\n<\/tr>\n<tr class=\"row-4\">\n\t<td class=\"column-1\">AVRIL<\/td><td class=\"column-2\">MAI<\/td><td class=\"column-3\">JUIN<\/td>\n<\/tr>\n<tr class=\"row-5\">\n\t<td class=\"column-1\">*30.03.2026<\/td><td class=\"column-2\">04.05.2026<\/td><td class=\"column-3\">01.06.2026<\/td>\n<\/tr>\n<tr class=\"row-6\">\n\t<td class=\"column-1\">JUILLET<\/td><td class=\"column-2\">AO\u00dbT<\/td><td class=\"column-3\">SEPTEMBRE<\/td>\n<\/tr>\n<tr class=\"row-7\">\n\t<td class=\"column-1\">*29.06.2026<\/td><td class=\"column-2\">03.08.2026<\/td><td class=\"column-3\">*31.08.2026<\/td>\n<\/tr>\n<tr class=\"row-8\">\n\t<td class=\"column-1\">OCTOBRE<\/td><td class=\"column-2\">NOVEMBRE<\/td><td class=\"column-3\">D\u00c9CEMBRE<\/td>\n<\/tr>\n<tr class=\"row-9\">\n\t<td class=\"column-1\">*28.09.2026<\/td><td class=\"column-2\">*26.10.2026<\/td><td class=\"column-3\">*23.11.2026<\/td>\n<\/tr>\n<\/tbody>\n<\/table>\n<!-- #tablepress-3 from cache -->\n<a href=\"https:\/\/www.sprachschule-aktiv-muenchen.de\/fr\/inscrivez-vous\/\"><img decoding=\"async\" class=\"aligncenter size-full wp-image-64198\" src=\"https:\/\/www.sprachschule-aktiv-muenchen.de\/wp-content\/uploads\/2021\/03\/boton-anmeldung-FR-1.png\" alt=\"Inscrivez-vous maintenant\" width=\"344\" height=\"65\" srcset=\"https:\/\/www.sprachschule-aktiv-muenchen.de\/wp-content\/uploads\/2021\/03\/boton-anmeldung-FR-1.png 344w, https:\/\/www.sprachschule-aktiv-muenchen.de\/wp-content\/uploads\/2021\/03\/boton-anmeldung-FR-1-300x57.png 300w\" sizes=\"(max-width: 344px) 100vw, 344px\" \/><\/a>\n<h2>Cours d\u2019allemand pour les m\u00e9decins et les professionnels de la sant\u00e9 \u00e0 Munich\u00a0: Cours du soir (prix, dates, frais d\u2019inscription)<\/h2>\n<p><strong><u>Dur\u00e9e <\/u>:<\/strong> 6 semaines<\/p>\n<p><strong><u>Dates<\/u>:<\/strong> 180 minutes par semaine<\/p>\n<p><strong><u>Prix<\/u>:<\/strong> 279 \u20ac<\/p>\n<p><strong><u>D\u00e9but du cours<\/u>:<\/strong> Voir tableau :<\/p>\n\n<table id=\"tablepress-2\" class=\"tablepress tablepress-id-2 tablepress-responsive\">\n<thead>\n<tr class=\"row-1\">\n\t<th colspan=\"3\" class=\"column-1\">DATE DE D\u00c9BUT <\/th>\n<\/tr>\n<\/thead>\n<tbody class=\"row-striping row-hover\">\n<tr class=\"row-2\">\n\t<td class=\"column-1\">JANVIER<\/td><td class=\"column-2\">F\u00c9VRIER<\/td><td class=\"column-3\">MARS<\/td>\n<\/tr>\n<tr class=\"row-3\">\n\t<td class=\"column-1\">07.01.2025 <br \/>\nles mardis de 19:30 \u00e0 21h<br \/>\n<\/td><td class=\"column-2\">06.02.2025 <br \/>\nles jeudis de 18:00 \u00e0 19:30<\/td><td class=\"column-3\">04.03.2025 <br \/>\nles mardis de 18:00 \u00e0 19:30<\/td>\n<\/tr>\n<tr class=\"row-4\">\n\t<td class=\"column-1\">AVRIL<\/td><td class=\"column-2\">MAI<\/td><td class=\"column-3\">JUIN<\/td>\n<\/tr>\n<tr class=\"row-5\">\n\t<td class=\"column-1\">03.04.2025<br \/>\nles jeudis de 19:30 \u00e0 21h<\/td><td class=\"column-2\">06.05.2025 <br \/>\nles mardis de 19:30 \u00e0 21h<br \/>\n<\/td><td class=\"column-3\">05.06.2025<br \/>\nles jeudis de 18:00 \u00e0 19:30<\/td>\n<\/tr>\n<tr class=\"row-6\">\n\t<td class=\"column-1\">JUILLET<\/td><td class=\"column-2\">AO\u00dbT<\/td><td class=\"column-3\">SEPTEMBRE<\/td>\n<\/tr>\n<tr class=\"row-7\">\n\t<td class=\"column-1\">01.07.2025<br \/>\nles mardis de 18:00 \u00e0 19:30<\/td><td class=\"column-2\">07.08.2025<br \/>\nles jeudis de 19:30 \u00e0 21h<br \/>\n<\/td><td class=\"column-3\">02.09.2025<br \/>\nles mardis de 19:30 \u00e0 21h<\/td>\n<\/tr>\n<tr class=\"row-8\">\n\t<td class=\"column-1\">OCTOBRE<\/td><td class=\"column-2\">NOVEMBRE<\/td><td class=\"column-3\">D\u00c9CEMBRE<\/td>\n<\/tr>\n<tr class=\"row-9\">\n\t<td class=\"column-1\">02.10.2025<br \/>\nles jeudis de 18:00 \u00e0 19:30<\/td><td class=\"column-2\">04.11.2025<br \/>\nles mardis de 18:00 \u00e0 19:30<\/td><td class=\"column-3\">04.12.2025<br \/>\nles jeudis de 19:30 \u00e0 21h<\/td>\n<\/tr>\n<\/tbody>\n<\/table>\n<!-- #tablepress-2 from cache -->\n<a href=\"https:\/\/www.sprachschule-aktiv-muenchen.de\/fr\/inscrivez-vous\/\"><img decoding=\"async\" class=\"aligncenter size-full wp-image-64198\" src=\"https:\/\/www.sprachschule-aktiv-muenchen.de\/wp-content\/uploads\/2021\/03\/boton-anmeldung-FR-1.png\" alt=\"Inscrivez-vous maintenant\" width=\"344\" height=\"65\" srcset=\"https:\/\/www.sprachschule-aktiv-muenchen.de\/wp-content\/uploads\/2021\/03\/boton-anmeldung-FR-1.png 344w, https:\/\/www.sprachschule-aktiv-muenchen.de\/wp-content\/uploads\/2021\/03\/boton-anmeldung-FR-1-300x57.png 300w\" sizes=\"(max-width: 344px) 100vw, 344px\" \/><\/a>\n<h2>Cours particuliers pour la pr\u00e9paration des examens pour les m\u00e9decins et les professionnels de la sant\u00e9 : Prix et conditions<\/h2>\n<p>Les cours priv\u00e9s sont g\u00e9n\u00e9ralement dispens\u00e9s chez vous. Vous pouvez \u00e9galement utiliser les salles de notre \u00e9cole de langue pour l\u2019allemand \u00e0 Munich.<\/p>\n<p><strong>Nos prix : <\/strong><\/p>\n<p>&#8211; Si vous avez besoin de 19 heures, \u00e7a co\u00fbte 45 euros.<\/p>\n<p>&#8211; Si vous choisissez plus de 20 heures, vous n\u2019avez plus que 42 euros de frais par heure de cours.<\/p>\n<p>&#8211; Avec un cours plus long de plus de 30 heures, il ne reste que 38 euros de l\u2019heure.<\/p>\n<div class=\"BorlabsCookie _brlbs-cb-vimeo\">\n<div class=\"_brlbs-content-blocker\">\n<div class=\"_brlbs-embed _brlbs-video-vimeo\"> <img decoding=\"async\" class=\"_brlbs-thumbnail\" src=\"https:\/\/www.sprachschule-aktiv-muenchen.de\/wp-content\/plugins\/borlabs-cookie\/assets\/images\/cb-no-thumbnail.png\" alt=\"Vimeo\"> <\/p>\n<div class=\"_brlbs-caption\">\n<p>Mit dem Laden des Videos akzeptieren Sie die Datenschutzerkl\u00e4rung von Vimeo.<br \/><a href=\"https:\/\/vimeo.com\/privacy\" target=\"_blank\" rel=\"nofollow noopener noreferrer\">Mehr erfahren<\/a><\/p>\n<p><a class=\"_brlbs-btn _brlbs-icon-play-white\" href=\"#\" data-borlabs-cookie-unblock role=\"button\">Video laden<\/a><\/p>\n<p><label><input type=\"checkbox\" name=\"unblockAll\" value=\"1\" checked> <small>Vimeo immer entsperren<\/small><\/label><\/p>\n<\/p><\/div><\/div><\/div>\n<div class=\"borlabs-hide\" data-borlabs-cookie-type=\"content-blocker\" data-borlabs-cookie-id=\"vimeo\"><script type=\"text\/template\">PGlmcmFtZSB0aXRsZT0iR2VybWFuIGNvdXJzZXMgaW4gTXVuaWNoIC0gU3ByYWNoc2NodWxlIEFrdGl2IiBzcmM9Imh0dHBzOi8vcGxheWVyLnZpbWVvLmNvbS92aWRlby83ODQwNjg1OTU\/ZG50PTEmYW1wO2FwcF9pZD0xMjI5NjMiIHdpZHRoPSI1MDAiIGhlaWdodD0iMjgxIiBmcmFtZWJvcmRlcj0iMCIgYWxsb3c9ImF1dG9wbGF5OyBmdWxsc2NyZWVuOyBwaWN0dXJlLWluLXBpY3R1cmU7IGNsaXBib2FyZC13cml0ZSI+PC9pZnJhbWU+<\/script><\/div>\n<\/div>\n","protected":false},"excerpt":{"rendered":"<p>Cours d\u2019allemand pour m\u00e9decins \u00e0 Munich Pr\u00e9paration \u00e0 l\u2019examen de langue sp\u00e9cialis\u00e9e Pour les m\u00e9decins de l\u2019\u00e9tranger, notre \u00e9cole de langue propose pour l\u2019allemand, \u00e0 Munich, des cours pr\u00e9paratoires pour l\u2019examen de langue sp\u00e9cialis\u00e9e pour les m\u00e9decins. Les m\u00e9decins qui veulent obtenir une licence professionnelle reconnue par le Code f\u00e9d\u00e9ral des m\u00e9decins doivent acqu\u00e9rir une&hellip; <a class=\"read-more\" href=\"https:\/\/www.sprachschule-aktiv-muenchen.de\/fr\/cours-dallemand-pour-medecins-a-munich\/\" title=\"Read Cours d\u2019allemand pour m\u00e9decins \u00e0 Munich\">Read more &raquo;<\/a><\/p>\n","protected":false},"author":2,"featured_media":0,"parent":0,"menu_order":0,"comment_status":"closed","ping_status":"closed","template":"","meta":{"footnotes":""},"class_list":["post-65783","page","type-page","status-publish","hentry"],"yoast_head":"<!-- This site is optimized with the Yoast SEO plugin v27.1.1 - https:\/\/yoast.com\/product\/yoast-seo-wordpress\/ -->\n<title>Cours d\u2019allemand pour m\u00e9decins \u00e0 Munich<\/title>\n<meta name=\"description\" content=\"Cours pr\u00e9paratoires pour les m\u00e9decins et le professionnel soignant. Cours de pr\u00e9paration \u00e0 l\u2019examen de langue sp\u00e9cialis\u00e9e.\" \/>\n<meta name=\"robots\" content=\"index, follow, max-snippet:-1, max-image-preview:large, max-video-preview:-1\" \/>\n<link rel=\"canonical\" href=\"https:\/\/www.sprachschule-aktiv-muenchen.de\/fr\/cours-dallemand-pour-medecins-a-munich\/\" \/>\n<meta property=\"og:locale\" content=\"fr_FR\" \/>\n<meta property=\"og:type\" content=\"article\" \/>\n<meta property=\"og:title\" content=\"Cours d\u2019allemand pour m\u00e9decins \u00e0 Munich\" \/>\n<meta property=\"og:description\" content=\"Cours pr\u00e9paratoires pour les m\u00e9decins et le professionnel soignant. Cours de pr\u00e9paration \u00e0 l\u2019examen de langue sp\u00e9cialis\u00e9e.\" \/>\n<meta property=\"og:url\" content=\"https:\/\/www.sprachschule-aktiv-muenchen.de\/fr\/cours-dallemand-pour-medecins-a-munich\/\" \/>\n<meta property=\"og:site_name\" content=\"Sprachschule Aktiv\" \/>\n<meta property=\"article:modified_time\" content=\"2024-12-12T15:21:51+00:00\" \/>\n<meta property=\"og:image\" content=\"https:\/\/www.sprachschule-aktiv-muenchen.de\/wp-content\/uploads\/2021\/03\/boton-noch-frage-FR-1.png\" \/>\n<meta name=\"twitter:card\" content=\"summary_large_image\" \/>\n<meta name=\"twitter:label1\" content=\"Dur\u00e9e de lecture estim\u00e9e\" \/>\n\t<meta name=\"twitter:data1\" content=\"6 minutes\" \/>\n<script type=\"application\/ld+json\" class=\"yoast-schema-graph\">{\"@context\":\"https:\/\/schema.org\",\"@graph\":[{\"@type\":\"WebPage\",\"@id\":\"https:\/\/www.sprachschule-aktiv-muenchen.de\/fr\/cours-dallemand-pour-medecins-a-munich\/\",\"url\":\"https:\/\/www.sprachschule-aktiv-muenchen.de\/fr\/cours-dallemand-pour-medecins-a-munich\/\",\"name\":\"Cours d\u2019allemand pour m\u00e9decins \u00e0 Munich\",\"isPartOf\":{\"@id\":\"https:\/\/www.sprachschule-aktiv-muenchen.de\/#website\"},\"primaryImageOfPage\":{\"@id\":\"https:\/\/www.sprachschule-aktiv-muenchen.de\/fr\/cours-dallemand-pour-medecins-a-munich\/#primaryimage\"},\"image\":{\"@id\":\"https:\/\/www.sprachschule-aktiv-muenchen.de\/fr\/cours-dallemand-pour-medecins-a-munich\/#primaryimage\"},\"thumbnailUrl\":\"https:\/\/www.sprachschule-aktiv-muenchen.de\/wp-content\/uploads\/2021\/03\/boton-noch-frage-FR-1.png\",\"datePublished\":\"2021-05-21T07:49:24+00:00\",\"dateModified\":\"2024-12-12T15:21:51+00:00\",\"description\":\"Cours pr\u00e9paratoires pour les m\u00e9decins et le professionnel soignant. Cours de pr\u00e9paration \u00e0 l\u2019examen de langue sp\u00e9cialis\u00e9e.\",\"breadcrumb\":{\"@id\":\"https:\/\/www.sprachschule-aktiv-muenchen.de\/fr\/cours-dallemand-pour-medecins-a-munich\/#breadcrumb\"},\"inLanguage\":\"fr-FR\",\"potentialAction\":[{\"@type\":\"ReadAction\",\"target\":[\"https:\/\/www.sprachschule-aktiv-muenchen.de\/fr\/cours-dallemand-pour-medecins-a-munich\/\"]}]},{\"@type\":\"ImageObject\",\"inLanguage\":\"fr-FR\",\"@id\":\"https:\/\/www.sprachschule-aktiv-muenchen.de\/fr\/cours-dallemand-pour-medecins-a-munich\/#primaryimage\",\"url\":\"https:\/\/www.sprachschule-aktiv-muenchen.de\/wp-content\/uploads\/2021\/03\/boton-noch-frage-FR-1.png\",\"contentUrl\":\"https:\/\/www.sprachschule-aktiv-muenchen.de\/wp-content\/uploads\/2021\/03\/boton-noch-frage-FR-1.png\"},{\"@type\":\"BreadcrumbList\",\"@id\":\"https:\/\/www.sprachschule-aktiv-muenchen.de\/fr\/cours-dallemand-pour-medecins-a-munich\/#breadcrumb\",\"itemListElement\":[{\"@type\":\"ListItem\",\"position\":1,\"name\":\"Portada\",\"item\":\"https:\/\/www.sprachschule-aktiv-muenchen.de\/fr\/\"},{\"@type\":\"ListItem\",\"position\":2,\"name\":\"Cours d\u2019allemand pour m\u00e9decins \u00e0 Munich\"}]},{\"@type\":\"WebSite\",\"@id\":\"https:\/\/www.sprachschule-aktiv-muenchen.de\/#website\",\"url\":\"https:\/\/www.sprachschule-aktiv-muenchen.de\/\",\"name\":\"Sprachschule Aktiv\",\"description\":\"\",\"potentialAction\":[{\"@type\":\"SearchAction\",\"target\":{\"@type\":\"EntryPoint\",\"urlTemplate\":\"https:\/\/www.sprachschule-aktiv-muenchen.de\/?s={search_term_string}\"},\"query-input\":{\"@type\":\"PropertyValueSpecification\",\"valueRequired\":true,\"valueName\":\"search_term_string\"}}],\"inLanguage\":\"fr-FR\"}]}<\/script>\n<!-- \/ Yoast SEO plugin. -->","yoast_head_json":{"title":"Cours d\u2019allemand pour m\u00e9decins \u00e0 Munich","description":"Cours pr\u00e9paratoires pour les m\u00e9decins et le professionnel soignant. Cours de pr\u00e9paration \u00e0 l\u2019examen de langue sp\u00e9cialis\u00e9e.","robots":{"index":"index","follow":"follow","max-snippet":"max-snippet:-1","max-image-preview":"max-image-preview:large","max-video-preview":"max-video-preview:-1"},"canonical":"https:\/\/www.sprachschule-aktiv-muenchen.de\/fr\/cours-dallemand-pour-medecins-a-munich\/","og_locale":"fr_FR","og_type":"article","og_title":"Cours d\u2019allemand pour m\u00e9decins \u00e0 Munich","og_description":"Cours pr\u00e9paratoires pour les m\u00e9decins et le professionnel soignant. Cours de pr\u00e9paration \u00e0 l\u2019examen de langue sp\u00e9cialis\u00e9e.","og_url":"https:\/\/www.sprachschule-aktiv-muenchen.de\/fr\/cours-dallemand-pour-medecins-a-munich\/","og_site_name":"Sprachschule Aktiv","article_modified_time":"2024-12-12T15:21:51+00:00","og_image":[{"url":"https:\/\/www.sprachschule-aktiv-muenchen.de\/wp-content\/uploads\/2021\/03\/boton-noch-frage-FR-1.png","type":"","width":"","height":""}],"twitter_card":"summary_large_image","twitter_misc":{"Dur\u00e9e de lecture estim\u00e9e":"6 minutes"},"schema":{"@context":"https:\/\/schema.org","@graph":[{"@type":"WebPage","@id":"https:\/\/www.sprachschule-aktiv-muenchen.de\/fr\/cours-dallemand-pour-medecins-a-munich\/","url":"https:\/\/www.sprachschule-aktiv-muenchen.de\/fr\/cours-dallemand-pour-medecins-a-munich\/","name":"Cours d\u2019allemand pour m\u00e9decins \u00e0 Munich","isPartOf":{"@id":"https:\/\/www.sprachschule-aktiv-muenchen.de\/#website"},"primaryImageOfPage":{"@id":"https:\/\/www.sprachschule-aktiv-muenchen.de\/fr\/cours-dallemand-pour-medecins-a-munich\/#primaryimage"},"image":{"@id":"https:\/\/www.sprachschule-aktiv-muenchen.de\/fr\/cours-dallemand-pour-medecins-a-munich\/#primaryimage"},"thumbnailUrl":"https:\/\/www.sprachschule-aktiv-muenchen.de\/wp-content\/uploads\/2021\/03\/boton-noch-frage-FR-1.png","datePublished":"2021-05-21T07:49:24+00:00","dateModified":"2024-12-12T15:21:51+00:00","description":"Cours pr\u00e9paratoires pour les m\u00e9decins et le professionnel soignant. Cours de pr\u00e9paration \u00e0 l\u2019examen de langue sp\u00e9cialis\u00e9e.","breadcrumb":{"@id":"https:\/\/www.sprachschule-aktiv-muenchen.de\/fr\/cours-dallemand-pour-medecins-a-munich\/#breadcrumb"},"inLanguage":"fr-FR","potentialAction":[{"@type":"ReadAction","target":["https:\/\/www.sprachschule-aktiv-muenchen.de\/fr\/cours-dallemand-pour-medecins-a-munich\/"]}]},{"@type":"ImageObject","inLanguage":"fr-FR","@id":"https:\/\/www.sprachschule-aktiv-muenchen.de\/fr\/cours-dallemand-pour-medecins-a-munich\/#primaryimage","url":"https:\/\/www.sprachschule-aktiv-muenchen.de\/wp-content\/uploads\/2021\/03\/boton-noch-frage-FR-1.png","contentUrl":"https:\/\/www.sprachschule-aktiv-muenchen.de\/wp-content\/uploads\/2021\/03\/boton-noch-frage-FR-1.png"},{"@type":"BreadcrumbList","@id":"https:\/\/www.sprachschule-aktiv-muenchen.de\/fr\/cours-dallemand-pour-medecins-a-munich\/#breadcrumb","itemListElement":[{"@type":"ListItem","position":1,"name":"Portada","item":"https:\/\/www.sprachschule-aktiv-muenchen.de\/fr\/"},{"@type":"ListItem","position":2,"name":"Cours d\u2019allemand pour m\u00e9decins \u00e0 Munich"}]},{"@type":"WebSite","@id":"https:\/\/www.sprachschule-aktiv-muenchen.de\/#website","url":"https:\/\/www.sprachschule-aktiv-muenchen.de\/","name":"Sprachschule Aktiv","description":"","potentialAction":[{"@type":"SearchAction","target":{"@type":"EntryPoint","urlTemplate":"https:\/\/www.sprachschule-aktiv-muenchen.de\/?s={search_term_string}"},"query-input":{"@type":"PropertyValueSpecification","valueRequired":true,"valueName":"search_term_string"}}],"inLanguage":"fr-FR"}]}},"_links":{"self":[{"href":"https:\/\/www.sprachschule-aktiv-muenchen.de\/fr\/wp-json\/wp\/v2\/pages\/65783","targetHints":{"allow":["GET"]}}],"collection":[{"href":"https:\/\/www.sprachschule-aktiv-muenchen.de\/fr\/wp-json\/wp\/v2\/pages"}],"about":[{"href":"https:\/\/www.sprachschule-aktiv-muenchen.de\/fr\/wp-json\/wp\/v2\/types\/page"}],"author":[{"embeddable":true,"href":"https:\/\/www.sprachschule-aktiv-muenchen.de\/fr\/wp-json\/wp\/v2\/users\/2"}],"replies":[{"embeddable":true,"href":"https:\/\/www.sprachschule-aktiv-muenchen.de\/fr\/wp-json\/wp\/v2\/comments?post=65783"}],"version-history":[{"count":10,"href":"https:\/\/www.sprachschule-aktiv-muenchen.de\/fr\/wp-json\/wp\/v2\/pages\/65783\/revisions"}],"predecessor-version":[{"id":79341,"href":"https:\/\/www.sprachschule-aktiv-muenchen.de\/fr\/wp-json\/wp\/v2\/pages\/65783\/revisions\/79341"}],"wp:attachment":[{"href":"https:\/\/www.sprachschule-aktiv-muenchen.de\/fr\/wp-json\/wp\/v2\/media?parent=65783"}],"curies":[{"name":"wp","href":"https:\/\/api.w.org\/{rel}","templated":true}]}}