{"id":64600,"date":"2021-04-09T07:09:55","date_gmt":"2021-04-09T05:09:55","guid":{"rendered":"https:\/\/www.sprachschule-aktiv-muenchen.de\/?page_id=64600"},"modified":"2024-11-12T13:11:49","modified_gmt":"2024-11-12T12:11:49","slug":"examens-dallemand-pour-le-telc","status":"publish","type":"page","link":"https:\/\/www.sprachschule-aktiv-muenchen.de\/fr\/examens-dallemand-pour-le-telc\/","title":{"rendered":"Examens d\u2019allemand pour le Telc"},"content":{"rendered":"<h1>Examens d\u2019allemand pour le telc \u00e0 Munich (A1 &#8211; C2) &#8211; Centre d&#8217;examen<\/h1>\n<p>Des examens Allemand-telc \u00e0 Munich pour les niveaux de langue A1, A2, B1, B2, C1 et C2. Vous pouvez d\u00e9couvrir comment vous inscrire dans nos centre de test de langue Telc. Vous recevrez \u00e9galement toutes les informations sur les prix et dates d\u2019examens Telc \u00e0 Munich.<\/p>\n<a href=\"https:\/\/www.sprachschule-aktiv-muenchen.de\/fr\/contactez-nous\/\"><img decoding=\"async\" class=\"aligncenter size-full wp-image-64246\" src=\"https:\/\/www.sprachschule-aktiv-muenchen.de\/wp-content\/uploads\/2021\/03\/boton-noch-frage-FR-1.png\" alt=\"Avez-vous d\u00b4autres questions?\" width=\"367\" height=\"66\" srcset=\"https:\/\/www.sprachschule-aktiv-muenchen.de\/wp-content\/uploads\/2021\/03\/boton-noch-frage-FR-1.png 367w, https:\/\/www.sprachschule-aktiv-muenchen.de\/wp-content\/uploads\/2021\/03\/boton-noch-frage-FR-1-300x54.png 300w\" sizes=\"(max-width: 367px) 100vw, 367px\" \/><\/a>\n<h2>Sprachschule Aktiv est un centre d&#8217;examen telc agr\u00e9\u00e9 \u00e0 Munich<\/h2>\n<p>Avez-vous besoin d&#8217;une preuve de ma\u00eetrise de la langue allemande \u00e0 des fins priv\u00e9es ou professionnelles ou comme autorisation d&#8217;admission dans une universit\u00e9 en Allemagne?<\/p>\n<p>Chez Sprachschule Aktiv, vous pouvez passer des examens telc allemand \u00e0 Munich de A1 \u00e0 C2 inclus. En effet, nous sommes un centre d&#8217;examen Telc officiellement reconnu et approuv\u00e9. Les examens de langue pour les infirmi\u00e8res et les professionnels de la sant\u00e9 de niveau B2 \/ C1 et C1 pour l&#8217;universit\u00e9 peuvent \u00e9galement \u00eatre pass\u00e9s dans notre \u00e9cole d&#8217;allemand. Afin de vous pr\u00e9parer de mani\u00e8re optimale \u00e0 l&#8217;examen, nous proposons \u00e9galement des cours de pr\u00e9paration aux examens dans lesquels vous vous familiariserez avec les proc\u00e9dures et les exigences du test telc.<\/p>\n<div class=\"BorlabsCookie _brlbs-cb-vimeo\">\n<div class=\"_brlbs-content-blocker\">\n<div class=\"_brlbs-embed _brlbs-video-vimeo\"> <img decoding=\"async\" class=\"_brlbs-thumbnail\" src=\"https:\/\/www.sprachschule-aktiv-muenchen.de\/wp-content\/plugins\/borlabs-cookie\/assets\/images\/cb-no-thumbnail.png\" alt=\"Vimeo\"> <\/p>\n<div class=\"_brlbs-caption\">\n<p>Mit dem Laden des Videos akzeptieren Sie die Datenschutzerkl\u00e4rung von Vimeo.<br \/><a href=\"https:\/\/vimeo.com\/privacy\" target=\"_blank\" rel=\"nofollow noopener noreferrer\">Mehr erfahren<\/a><\/p>\n<p><a class=\"_brlbs-btn _brlbs-icon-play-white\" href=\"#\" data-borlabs-cookie-unblock role=\"button\">Video laden<\/a><\/p>\n<p><label><input type=\"checkbox\" name=\"unblockAll\" value=\"1\" checked> <small>Vimeo immer entsperren<\/small><\/label><\/p>\n<\/p><\/div><\/div><\/div>\n<div class=\"borlabs-hide\" data-borlabs-cookie-type=\"content-blocker\" data-borlabs-cookie-id=\"vimeo\"><script type=\"text\/template\">PGlmcmFtZSBzcmM9Imh0dHBzOi8vcGxheWVyLnZpbWVvLmNvbS92aWRlby83ODQwNjg2Mjc\/ZG50PTEmYW1wO2FwcF9pZD0xMjI5NjMiIHdpZHRoPSI1MDAiIGhlaWdodD0iMjgxIiBmcmFtZWJvcmRlcj0iMCIgYWxsb3c9ImF1dG9wbGF5OyBmdWxsc2NyZWVuOyBwaWN0dXJlLWluLXBpY3R1cmU7IGNsaXBib2FyZC13cml0ZSI+PC9pZnJhbWU+<\/script><\/div>\n<\/div>\n<h2>Quelles possibilit\u00e9s avez-vous avec un certificat telc?<\/h2>\n<p>Les tests telc sont des examens qui suivent une proc\u00e9dure normalis\u00e9e et sont bas\u00e9s sur le Cadre europ\u00e9en commun de r\u00e9f\u00e9rence pour les langues. L&#8217;abr\u00e9viation telc signifie The European Language Certificates. L\u2019entreprise Telc gGmbH est l&#8217;auteur de ces tests telc. Cela fonctionne en collaboration avec le gouvernement de la R\u00e9publique f\u00e9d\u00e9rale d&#8217;Allemagne. Ainsi, les r\u00e9sultats t\u00e9moignent \u00e9galement d\u2019une bonne connaissance de la langue allemande apr\u00e8s les cours d&#8217;int\u00e9gration et de l&#8217;obtention d&#8217;un titre de s\u00e9jour correspondant. La conf\u00e9rence des recteurs d&#8217;universit\u00e9 et des ministres de l&#8217;\u00e9ducation a \u00e9galement estim\u00e9 que les certificats telc, par exemple pour la C1 Hochschule allemande, \u00e9taient suffisants pour prouver la capacit\u00e9 d&#8217;\u00e9tudier des \u00e9tudiants \u00e9trangers. Pour le personnel m\u00e9dical de l&#8217;\u00e9tranger, les examens de langue technique telc pour, par exemple, les soins infirmiers allemands ou la m\u00e9decine allemande sont accept\u00e9s lors de la demande de reconnaissance professionnelle.<\/p>\n<h2>Le Telc Allemand est-il officiellement reconnu? &#8211; Informations suppl\u00e9mentaires sur les exigences des universit\u00e9s de Munich<\/h2>\n<p>En r\u00e8gle g\u00e9n\u00e9rale, les universit\u00e9s de Munich telles que l&#8217;universit\u00e9 technique TUM ou la Ludwigs-Maximilians-Universit\u00e4t LMU acceptent l&#8217;examen C1 Hochschule de telc. Cependant, les exigences de chaque institut peuvent diff\u00e9rer. Par mesure de pr\u00e9caution, veuillez donc vous renseigner \u00e0 nouveau sur les conditions du programme d&#8217;\u00e9tudes que vous visez!<\/p>\n<img decoding=\"async\" class=\"aligncenter size-full wp-image-64601\" src=\"https:\/\/www.sprachschule-aktiv-muenchen.de\/wp-content\/uploads\/2021\/04\/examens-dallemand-pour-le-telc.jpg\" alt=\"Examens d\u2019allemand pour le Telc \u00e0 Munich A1, A2, B1, B2, C1, C2\" width=\"344\" height=\"229\" srcset=\"https:\/\/www.sprachschule-aktiv-muenchen.de\/wp-content\/uploads\/2021\/04\/examens-dallemand-pour-le-telc.jpg 344w, https:\/\/www.sprachschule-aktiv-muenchen.de\/wp-content\/uploads\/2021\/04\/examens-dallemand-pour-le-telc-300x200.jpg 300w\" sizes=\"(max-width: 344px) 100vw, 344px\" \/>\n<h2>Qu&#8217;est-ce qui est attendu dans les tests telc?<\/h2>\n<p>Quelque soit le niveau, les tests telc proposent g\u00e9n\u00e9ralement une compr\u00e9hension \u00e9crite en 3 parties et un module dit de langage pour tester voss connaissances grammaticales. Le test telc comprend \u00e9galement une compr\u00e9hension orale avec des questions sur le texte audio diffus\u00e9. Dans la section suivante, les participants montrent leurs comp\u00e9tences dans les domaines du vocabulaire, de la structure des phrases et de l&#8217;orthographe \u00e0 l&#8217;\u00e9crit. Avant l&#8217;expression orale, vous disposez de 20 minutes pour vous pr\u00e9parer \u00e0 cette partie et vous \u00eates autoris\u00e9 \u00e0 noter les points cl\u00e9s. Cela commence g\u00e9n\u00e9ralement par quelques questions de pr\u00e9sentation. Les candidats font ensuite une br\u00e8ve pr\u00e9sentation sur un sujet et r\u00e9pondent \u00e0 des questions sur divers aspects du contenu de leur pr\u00e9sentation. La dur\u00e9e totale du test d\u00e9pend du niveau de langue et se situe entre 1,5 et un peu moins de 4 heures.<\/p>\n<h2>Pourquoi prendre un cours de pr\u00e9paration aux examens telc?<\/h2>\n<p>Dans les cours de pr\u00e9paration aux examens telc, votre professeur d&#8217;allemand de langue maternelle ainsi que votre examinateur telc vous expliqueront comment aborder au mieux les exercices et comment organiser le temps de mani\u00e8re optimale. Durant la pr\u00e9paration de l&#8217;examen, vous avez l&#8217;occasion de vous entrainer en travaillant sur des mod\u00e8les de tests de votre niveau. Gr\u00e2ce \u00e0 cette introduction structur\u00e9e et transparente, les participants apprennent \u00e0 conna\u00eetre la proc\u00e9dure de test telc. Ils parcourent ensuite les sections de test en temps r\u00e9el. \u00c0 la fin, vous trouverez une correction d\u00e9taill\u00e9e et des explications sur la fa\u00e7on dont vous pouvez optimiser votre r\u00e9sultat.<\/p>\n<p><iframe title=\"Onlinekurse f\u00fcr Deutsch &amp; Fremdsprachen\" width=\"500\" height=\"281\" src=\"https:\/\/www.youtube.com\/embed\/svIJFtMcbrw?feature=oembed\" frameborder=\"0\" allow=\"accelerometer; autoplay; clipboard-write; encrypted-media; gyroscope; picture-in-picture; web-share\" referrerpolicy=\"strict-origin-when-cross-origin\" allowfullscreen><\/iframe><\/p>\n<h2>Quelles sont les conditions requises pour l&#8217;examen d&#8217;allemand telc \u00e0 Munich?<\/h2>\n<p>Vous trouverez, ci-dessous, un aper\u00e7u de toutes les conditions d\u2019entr\u00e9e pour les examens d&#8217;allemand telc A1, A2, B1, B2, telc m\u00e9decine allemande B2, C1, universit\u00e9 C1 et C2.<\/p>\n<ol>\n<li>Les tests ont lieu une fois par mois un samedi.<\/li>\n<li>Nous organisons l&#8217;examen telc allemand de m\u00e9decine aux niveaux B2 et C1 sur demande. Les inscriptions externes sont \u00e9galement accept\u00e9es pour ces tests.<\/li>\n<li>La p\u00e9riode d&#8217;inscription se termine une semaine avant l\u2019examen<\/li>\n<li>Vous recevrez vos r\u00e9sultats environ quatre \u00e0 six semaines apr\u00e8s avoir pass\u00e9 l&#8217;examen telc.<\/li>\n<li>Veuillez apporter votre passeport ou votre pi\u00e8ce d&#8217;identit\u00e9 avec vous \u00e0 l\u2019examen<\/li>\n<li>Vous n&#8217;\u00eates pas autoris\u00e9 \u00e0 utiliser des outils tels qu&#8217;un dictionnaire.<\/li>\n<li>Vous pouvez r\u00e9p\u00e9ter le test aussi souvent que vous le souhaitez.<\/li>\n<li>Vous pouvez trouver des informations suppl\u00e9mentaires sur l&#8217;examen telc d&#8217;allemand et les cours pr\u00e9paratoires ici:<br \/>\n<a href=\"https:\/\/www.sprachschule-aktiv-muenchen.de\/telc-pruefungen-fuer-deutsch\/\" target=\"_blank\" rel=\"noopener\">https:\/\/www.sprachschule-aktiv-muenchen.de\/telc-pruefungen-fuer-deutsch\/<\/a><\/li>\n<\/ol>\n<h2>Dates et co\u00fbts du test allemand telc \u00e0 Sprachschule Aktiv Munich<\/h2>\n<p>Si vous avez suivi un cours d&#8217;allemand ou un cours pr\u00e9paratoire avec nous \u00e0 Sprachschule Aktiv Munich ou chez l&#8217;un de nos partenaires Sprachschule Aktiv dans les six mois pr\u00e9c\u00e9dant la date de l&#8217;examen telc, vous b\u00e9n\u00e9ficierez d&#8217;un tarif interne abordable.<\/p>\n<p>Veuillez payer les frais pour le test telc avant la date limite d&#8217;inscription de votre niveau de cours &#8211; les frais pour un cours de pr\u00e9paration \u00e0 l&#8217;examen le premier jour du cours.<\/p>\n<p>Si vous tombez malade le jour de l&#8217;examen, nous avons besoin d&#8217;un certificat m\u00e9dical et facturons des frais d&#8217;annulation de 80,00 \u20ac.<\/p>\n<p>Si vous avez d\u2019autres questions, merci de nous \u00e9crire un email: <a href=\"mailto:telc@sprachschule-aktiv.de\">telc@sprachschule-aktiv.de<\/a><\/p>\n<h2>Dates d&#8217;examen telc 2025<\/h2>\n\n<table id=\"tablepress-123\" class=\"tablepress tablepress-id-123 tablepress-responsive\">\n<thead>\n<tr class=\"row-1\">\n\t<td class=\"column-1\"><\/td><th class=\"column-2\"><b>Intern<\/b><\/th><th class=\"column-3\"><b>Extern<\/b><\/th><th class=\"column-4\">Uhrzeit<\/th><th class=\"column-5\">Termine<\/th>\n<\/tr>\n<\/thead>\n<tbody class=\"row-striping row-hover\">\n<tr class=\"row-2\">\n\t<td class=\"column-1\">Deutsch A1\/Start Deutsch 1<\/td><td class=\"column-2\">85 \u20ac<\/td><td class=\"column-3\">105 \u20ac<\/td><td class=\"column-4\">9:00 Uhr<\/td><td class=\"column-5\">17.01.2026<br \/>\n14.02.2026<br \/>\n14.03.2026<br \/>\n11.04.2026<br \/>\n16.05.2026<br \/>\n13.06.2026<br \/>\n11.07.2026<br \/>\n08.08.2026<br \/>\n12.09.2026<br \/>\n10.10.2026<br \/>\n07.11.2026<br \/>\n05.12.2026<\/td>\n<\/tr>\n<tr class=\"row-3\">\n\t<td class=\"column-1\">Deutsch B1\/Zertifikat Deutsch<\/td><td class=\"column-2\">180 \u20ac<\/td><td class=\"column-3\">220 \u20ac<\/td><td class=\"column-4\">9:00 Uhr<\/td><td class=\"column-5\">24.01.2026<br \/>\n21.02.2026<br \/>\n21.03.2026<br \/>\n18.04.2026<br \/>\n30.05.2026<br \/>\n27.06.2026<br \/>\n25.07.2026<br \/>\n22.08.2026<br \/>\n19.09.2026<br \/>\n17.10.2026<br \/>\n28.11.2026<br \/>\n<\/td>\n<\/tr>\n<tr class=\"row-4\">\n\t<td class=\"column-1\">Deutsch B2<\/td><td class=\"column-2\">180 \u20ac<\/td><td class=\"column-3\">220 \u20ac<\/td><td class=\"column-4\">9:00 Uhr<\/td><td class=\"column-5\">24.01.2026<br \/>\n21.02.2026<br \/>\n21.03.2026<br \/>\n18.04.2026<br \/>\n30.05.2026<br \/>\n27.06.2026<br \/>\n25.07.2026<br \/>\n22.08.2026<br \/>\n19.09.2026<br \/>\n17.10.2026<br \/>\n28.11.2026<br \/>\n<\/td>\n<\/tr>\n<tr class=\"row-5\">\n\t<td class=\"column-1\">Deutsch C1<\/td><td class=\"column-2\">190 \u20ac<\/td><td class=\"column-3\">220 \u20ac<\/td><td class=\"column-4\">9:00 Uhr<\/td><td class=\"column-5\">14.03.2026<br \/>\n11.07.2026<br \/>\n05.12.2026<br \/>\n<\/td>\n<\/tr>\n<tr class=\"row-6\">\n\t<td class=\"column-1\">Deutsch C1 Hochschule<\/td><td class=\"column-2\">220 \u20ac<\/td><td class=\"column-3\">220 \u20ac<\/td><td class=\"column-4\">9:00 Uhr<\/td><td class=\"column-5\"><\/td>\n<\/tr>\n<tr class=\"row-7\">\n\t<td class=\"column-1\">Anmeldegeb\u00fchr<\/td><td class=\"column-2\">15 \u20ac<\/td><td class=\"column-3\">15 \u20ac<\/td><td class=\"column-4\"><\/td><td class=\"column-5\"><\/td>\n<\/tr>\n<\/tbody>\n<\/table>\n\n<a href=\"https:\/\/www.sprachschule-aktiv-muenchen.de\/anmeldung-telc-pruefung\/\"><img decoding=\"async\" class=\"aligncenter size-full wp-image-64198\" src=\"https:\/\/www.sprachschule-aktiv-muenchen.de\/wp-content\/uploads\/2021\/03\/boton-anmeldung-FR-1.png\" alt=\"Inscrivez-vous maintenant\" width=\"344\" height=\"65\" srcset=\"https:\/\/www.sprachschule-aktiv-muenchen.de\/wp-content\/uploads\/2021\/03\/boton-anmeldung-FR-1.png 344w, https:\/\/www.sprachschule-aktiv-muenchen.de\/wp-content\/uploads\/2021\/03\/boton-anmeldung-FR-1-300x57.png 300w\" sizes=\"(max-width: 344px) 100vw, 344px\" \/><\/a>\n<h2>FAQ sur les examens telc<\/h2>\n<p>Quand, o\u00f9, comment et combien co\u00fbtent les examens telc? Vous trouverez ici un aper\u00e7u des questions fr\u00e9quemment pos\u00e9es (FAQ) sur la proc\u00e9dure, le temps de correction et les pr\u00e9requis pour les tests. Si vous avez d&#8217;autres questions, n&#8217;h\u00e9sitez pas \u00e0 nous contacter. Nous serons heureux de vous aider.<\/p>\n<h2>Proc\u00e9dure et calendrier des examens telc<\/h2>\n<p>Les examens telc sont g\u00e9n\u00e9ralement divis\u00e9s en deux parties. Dans la premi\u00e8re section, vous travaillez sur l\u2019\u00e9crit. Cela comprend la compr\u00e9hension de la lecture, la compr\u00e9hension orale et l&#8217;expression \u00e9crite. Selon le niveau de l&#8217;examen, cette section dure environ 3 heures. Vous b\u00e9n\u00e9ficiez ensuite d&#8217;une pause de 20 minutes. Dans la deuxi\u00e8me partie, vous passerez l&#8217;examen oral. Vous avez 20 minutes pour vous y pr\u00e9parer et vous \u00eates ensuite g\u00e9n\u00e9ralement test\u00e9 avec deux autres apprenants de l&#8217;allemand. Entre 15 et 20 minutes sont pr\u00e9vues pour la section du test verbal.<\/p>\n<h2>De quoi avez-vous besoin pour l&#8217;examen?<\/h2>\n<p>Vous devez pouvoir vous identifier avec un passeport ou une carte d&#8217;identit\u00e9. Vous devez \u00e9galement apporter un crayon et une gomme \u00e0 effacer.<\/p>\n<h2>Combien de temps devrez-vous attendre le r\u00e9sultat de l&#8217;examen telc?<\/h2>\n<p>En r\u00e8gle g\u00e9n\u00e9rale, vous recevrez le r\u00e9sultat de votre test 6 semaines apr\u00e8s avoir pass\u00e9 l&#8217;examen. Selon la situation, le r\u00e9sultat peut \u00e9galement \u00eatre communiqu\u00e9 plus t\u00f4t. Nous vous en informerons dans tout les cas, dans les plus brefs d\u00e9lais.<\/p>\n<h2>Que se passe-t-il si vous \u00e9chouez \u00e0 l&#8217;examen?<\/h2>\n<p>Les examens telc peuvent \u00eatre r\u00e9p\u00e9t\u00e9s sans restrictions, mais le participant devra \u00e0 nouveau payer l&#8217;inscription et les frais pour chaque tentative.<\/p>\n<h2>Inscription \u00e0 l&#8217;examen telc \u00e0 Munich &#8211; Quelles sont les conditions d&#8217;inscription?<\/h2>\n<p>Vous devez bien s\u00fbr avoir atteint le niveau attendu. Sinon, vous pouvez vous inscrire \u00e0 n&#8217;importe quelle date d&#8217;examen, \u00e0 condition que le centre d&#8217;examen respectif ait un nombre suffisant d&#8217;inscriptions (un minimum de deux \u00e0 trois participants). Vous trouverez plus d\u2019informations sur les dates d&#8217;examens et l&#8217;inscription ici!<\/p>\n<h2>Un cours de pr\u00e9paration aux examens pour le test telc est-il obligatoire?<\/h2>\n<p>Non, vous pouvez \u00e9galement passer les tests telc sans les le\u00e7ons pr\u00e9paratoires correspondantes. Cependant, sur la base de nombreuses ann\u00e9es d&#8217;exp\u00e9rience, nous vous recommandons de r\u00e9server un cours de pr\u00e9paration aux examens d\u20191 \u00e0 4 semaines &#8211; en fonction de vos comp\u00e9tences en allemand. Les cours vous aident, sous la direction de votre professeur, \u00e0 vous familiariser en d\u00e9tail avec les exercices, la gestion du temps et \u00e0 trouver les meilleures solutions possibles.<\/p>\n","protected":false},"excerpt":{"rendered":"<p>Examens d\u2019allemand pour le telc \u00e0 Munich (A1 &#8211; C2) &#8211; Centre d&#8217;examen Des examens Allemand-telc \u00e0 Munich pour les niveaux de langue A1, A2, B1, B2, C1 et C2. Vous pouvez d\u00e9couvrir comment vous inscrire dans nos centre de test de langue Telc. Vous recevrez \u00e9galement toutes les informations sur les prix et dates&hellip; <a class=\"read-more\" href=\"https:\/\/www.sprachschule-aktiv-muenchen.de\/fr\/examens-dallemand-pour-le-telc\/\" title=\"Read Examens d\u2019allemand pour le Telc\">Read more &raquo;<\/a><\/p>\n","protected":false},"author":2,"featured_media":0,"parent":0,"menu_order":0,"comment_status":"closed","ping_status":"closed","template":"","meta":{"footnotes":""},"class_list":["post-64600","page","type-page","status-publish","hentry"],"yoast_head":"<!-- This site is optimized with the Yoast SEO plugin v27.1.1 - https:\/\/yoast.com\/product\/yoast-seo-wordpress\/ -->\n<title>Examens d\u2019allemand pour le telc \u00e0 Munich A1 \u2013 C2<\/title>\n<meta name=\"description\" content=\"Examens d\u2019allemand pour le Telc \u00e0 Munich A1, A2, B1, B2, C1, C2 - Centre d&#039;examen TELC - dates, inscription et prix.\" \/>\n<meta name=\"robots\" content=\"index, follow, max-snippet:-1, max-image-preview:large, max-video-preview:-1\" \/>\n<link rel=\"canonical\" href=\"https:\/\/www.sprachschule-aktiv-muenchen.de\/fr\/examens-dallemand-pour-le-telc\/\" \/>\n<meta property=\"og:locale\" content=\"fr_FR\" \/>\n<meta property=\"og:type\" content=\"article\" \/>\n<meta property=\"og:title\" content=\"Examens d\u2019allemand pour le telc \u00e0 Munich A1 \u2013 C2\" \/>\n<meta property=\"og:description\" content=\"Examens d\u2019allemand pour le Telc \u00e0 Munich A1, A2, B1, B2, C1, C2 - Centre d&#039;examen TELC - dates, inscription et prix.\" \/>\n<meta property=\"og:url\" content=\"https:\/\/www.sprachschule-aktiv-muenchen.de\/fr\/examens-dallemand-pour-le-telc\/\" \/>\n<meta property=\"og:site_name\" content=\"Sprachschule Aktiv\" \/>\n<meta property=\"article:modified_time\" content=\"2024-11-12T12:11:49+00:00\" \/>\n<meta property=\"og:image\" content=\"https:\/\/www.sprachschule-aktiv-muenchen.de\/wp-content\/uploads\/2021\/03\/boton-noch-frage-FR-1.png\" \/>\n<meta name=\"twitter:card\" content=\"summary_large_image\" \/>\n<meta name=\"twitter:label1\" content=\"Dur\u00e9e de lecture estim\u00e9e\" \/>\n\t<meta name=\"twitter:data1\" content=\"9 minutes\" \/>\n<script type=\"application\/ld+json\" class=\"yoast-schema-graph\">{\"@context\":\"https:\/\/schema.org\",\"@graph\":[{\"@type\":\"WebPage\",\"@id\":\"https:\/\/www.sprachschule-aktiv-muenchen.de\/fr\/examens-dallemand-pour-le-telc\/\",\"url\":\"https:\/\/www.sprachschule-aktiv-muenchen.de\/fr\/examens-dallemand-pour-le-telc\/\",\"name\":\"Examens d\u2019allemand pour le telc \u00e0 Munich A1 \u2013 C2\",\"isPartOf\":{\"@id\":\"https:\/\/www.sprachschule-aktiv-muenchen.de\/#website\"},\"primaryImageOfPage\":{\"@id\":\"https:\/\/www.sprachschule-aktiv-muenchen.de\/fr\/examens-dallemand-pour-le-telc\/#primaryimage\"},\"image\":{\"@id\":\"https:\/\/www.sprachschule-aktiv-muenchen.de\/fr\/examens-dallemand-pour-le-telc\/#primaryimage\"},\"thumbnailUrl\":\"https:\/\/www.sprachschule-aktiv-muenchen.de\/wp-content\/uploads\/2021\/03\/boton-noch-frage-FR-1.png\",\"datePublished\":\"2021-04-09T05:09:55+00:00\",\"dateModified\":\"2024-11-12T12:11:49+00:00\",\"description\":\"Examens d\u2019allemand pour le Telc \u00e0 Munich A1, A2, B1, B2, C1, C2 - Centre d'examen TELC - dates, inscription et prix.\",\"breadcrumb\":{\"@id\":\"https:\/\/www.sprachschule-aktiv-muenchen.de\/fr\/examens-dallemand-pour-le-telc\/#breadcrumb\"},\"inLanguage\":\"fr-FR\",\"potentialAction\":[{\"@type\":\"ReadAction\",\"target\":[\"https:\/\/www.sprachschule-aktiv-muenchen.de\/fr\/examens-dallemand-pour-le-telc\/\"]}]},{\"@type\":\"ImageObject\",\"inLanguage\":\"fr-FR\",\"@id\":\"https:\/\/www.sprachschule-aktiv-muenchen.de\/fr\/examens-dallemand-pour-le-telc\/#primaryimage\",\"url\":\"https:\/\/www.sprachschule-aktiv-muenchen.de\/wp-content\/uploads\/2021\/03\/boton-noch-frage-FR-1.png\",\"contentUrl\":\"https:\/\/www.sprachschule-aktiv-muenchen.de\/wp-content\/uploads\/2021\/03\/boton-noch-frage-FR-1.png\"},{\"@type\":\"BreadcrumbList\",\"@id\":\"https:\/\/www.sprachschule-aktiv-muenchen.de\/fr\/examens-dallemand-pour-le-telc\/#breadcrumb\",\"itemListElement\":[{\"@type\":\"ListItem\",\"position\":1,\"name\":\"Portada\",\"item\":\"https:\/\/www.sprachschule-aktiv-muenchen.de\/fr\/\"},{\"@type\":\"ListItem\",\"position\":2,\"name\":\"Examens d\u2019allemand pour le Telc\"}]},{\"@type\":\"WebSite\",\"@id\":\"https:\/\/www.sprachschule-aktiv-muenchen.de\/#website\",\"url\":\"https:\/\/www.sprachschule-aktiv-muenchen.de\/\",\"name\":\"Sprachschule Aktiv\",\"description\":\"\",\"potentialAction\":[{\"@type\":\"SearchAction\",\"target\":{\"@type\":\"EntryPoint\",\"urlTemplate\":\"https:\/\/www.sprachschule-aktiv-muenchen.de\/?s={search_term_string}\"},\"query-input\":{\"@type\":\"PropertyValueSpecification\",\"valueRequired\":true,\"valueName\":\"search_term_string\"}}],\"inLanguage\":\"fr-FR\"}]}<\/script>\n<!-- \/ Yoast SEO plugin. -->","yoast_head_json":{"title":"Examens d\u2019allemand pour le telc \u00e0 Munich A1 \u2013 C2","description":"Examens d\u2019allemand pour le Telc \u00e0 Munich A1, A2, B1, B2, C1, C2 - Centre d'examen TELC - dates, inscription et prix.","robots":{"index":"index","follow":"follow","max-snippet":"max-snippet:-1","max-image-preview":"max-image-preview:large","max-video-preview":"max-video-preview:-1"},"canonical":"https:\/\/www.sprachschule-aktiv-muenchen.de\/fr\/examens-dallemand-pour-le-telc\/","og_locale":"fr_FR","og_type":"article","og_title":"Examens d\u2019allemand pour le telc \u00e0 Munich A1 \u2013 C2","og_description":"Examens d\u2019allemand pour le Telc \u00e0 Munich A1, A2, B1, B2, C1, C2 - Centre d'examen TELC - dates, inscription et prix.","og_url":"https:\/\/www.sprachschule-aktiv-muenchen.de\/fr\/examens-dallemand-pour-le-telc\/","og_site_name":"Sprachschule Aktiv","article_modified_time":"2024-11-12T12:11:49+00:00","og_image":[{"url":"https:\/\/www.sprachschule-aktiv-muenchen.de\/wp-content\/uploads\/2021\/03\/boton-noch-frage-FR-1.png","type":"","width":"","height":""}],"twitter_card":"summary_large_image","twitter_misc":{"Dur\u00e9e de lecture estim\u00e9e":"9 minutes"},"schema":{"@context":"https:\/\/schema.org","@graph":[{"@type":"WebPage","@id":"https:\/\/www.sprachschule-aktiv-muenchen.de\/fr\/examens-dallemand-pour-le-telc\/","url":"https:\/\/www.sprachschule-aktiv-muenchen.de\/fr\/examens-dallemand-pour-le-telc\/","name":"Examens d\u2019allemand pour le telc \u00e0 Munich A1 \u2013 C2","isPartOf":{"@id":"https:\/\/www.sprachschule-aktiv-muenchen.de\/#website"},"primaryImageOfPage":{"@id":"https:\/\/www.sprachschule-aktiv-muenchen.de\/fr\/examens-dallemand-pour-le-telc\/#primaryimage"},"image":{"@id":"https:\/\/www.sprachschule-aktiv-muenchen.de\/fr\/examens-dallemand-pour-le-telc\/#primaryimage"},"thumbnailUrl":"https:\/\/www.sprachschule-aktiv-muenchen.de\/wp-content\/uploads\/2021\/03\/boton-noch-frage-FR-1.png","datePublished":"2021-04-09T05:09:55+00:00","dateModified":"2024-11-12T12:11:49+00:00","description":"Examens d\u2019allemand pour le Telc \u00e0 Munich A1, A2, B1, B2, C1, C2 - Centre d'examen TELC - dates, inscription et prix.","breadcrumb":{"@id":"https:\/\/www.sprachschule-aktiv-muenchen.de\/fr\/examens-dallemand-pour-le-telc\/#breadcrumb"},"inLanguage":"fr-FR","potentialAction":[{"@type":"ReadAction","target":["https:\/\/www.sprachschule-aktiv-muenchen.de\/fr\/examens-dallemand-pour-le-telc\/"]}]},{"@type":"ImageObject","inLanguage":"fr-FR","@id":"https:\/\/www.sprachschule-aktiv-muenchen.de\/fr\/examens-dallemand-pour-le-telc\/#primaryimage","url":"https:\/\/www.sprachschule-aktiv-muenchen.de\/wp-content\/uploads\/2021\/03\/boton-noch-frage-FR-1.png","contentUrl":"https:\/\/www.sprachschule-aktiv-muenchen.de\/wp-content\/uploads\/2021\/03\/boton-noch-frage-FR-1.png"},{"@type":"BreadcrumbList","@id":"https:\/\/www.sprachschule-aktiv-muenchen.de\/fr\/examens-dallemand-pour-le-telc\/#breadcrumb","itemListElement":[{"@type":"ListItem","position":1,"name":"Portada","item":"https:\/\/www.sprachschule-aktiv-muenchen.de\/fr\/"},{"@type":"ListItem","position":2,"name":"Examens d\u2019allemand pour le Telc"}]},{"@type":"WebSite","@id":"https:\/\/www.sprachschule-aktiv-muenchen.de\/#website","url":"https:\/\/www.sprachschule-aktiv-muenchen.de\/","name":"Sprachschule Aktiv","description":"","potentialAction":[{"@type":"SearchAction","target":{"@type":"EntryPoint","urlTemplate":"https:\/\/www.sprachschule-aktiv-muenchen.de\/?s={search_term_string}"},"query-input":{"@type":"PropertyValueSpecification","valueRequired":true,"valueName":"search_term_string"}}],"inLanguage":"fr-FR"}]}},"_links":{"self":[{"href":"https:\/\/www.sprachschule-aktiv-muenchen.de\/fr\/wp-json\/wp\/v2\/pages\/64600","targetHints":{"allow":["GET"]}}],"collection":[{"href":"https:\/\/www.sprachschule-aktiv-muenchen.de\/fr\/wp-json\/wp\/v2\/pages"}],"about":[{"href":"https:\/\/www.sprachschule-aktiv-muenchen.de\/fr\/wp-json\/wp\/v2\/types\/page"}],"author":[{"embeddable":true,"href":"https:\/\/www.sprachschule-aktiv-muenchen.de\/fr\/wp-json\/wp\/v2\/users\/2"}],"replies":[{"embeddable":true,"href":"https:\/\/www.sprachschule-aktiv-muenchen.de\/fr\/wp-json\/wp\/v2\/comments?post=64600"}],"version-history":[{"count":10,"href":"https:\/\/www.sprachschule-aktiv-muenchen.de\/fr\/wp-json\/wp\/v2\/pages\/64600\/revisions"}],"predecessor-version":[{"id":78896,"href":"https:\/\/www.sprachschule-aktiv-muenchen.de\/fr\/wp-json\/wp\/v2\/pages\/64600\/revisions\/78896"}],"wp:attachment":[{"href":"https:\/\/www.sprachschule-aktiv-muenchen.de\/fr\/wp-json\/wp\/v2\/media?parent=64600"}],"curies":[{"name":"wp","href":"https:\/\/api.w.org\/{rel}","templated":true}]}}