{"id":45455,"date":"2018-08-14T16:57:18","date_gmt":"2018-08-14T14:57:18","guid":{"rendered":"https:\/\/www.sprachschule-aktiv-muenchen.de\/?page_id=45455"},"modified":"2026-02-24T13:18:15","modified_gmt":"2026-02-24T12:18:15","slug":"cours-intensifs-dallemand","status":"publish","type":"page","link":"https:\/\/www.sprachschule-aktiv-muenchen.de\/fr\/cours-intensifs-dallemand\/","title":{"rendered":"Cours d&#8217;allemand intensifs"},"content":{"rendered":"<p>[vc_row css=&#8221;.vc_custom_1485249512937{margin-top: 30px !important;margin-bottom: 30px !important;}&#8221;][vc_column width=&#8221;1\/2&#8243;][vc_column_text]<\/p>\n<h1>Cours d&#8217;allemand intensifs \u00e0 l&#8217;\u00e9cole Sprachschule Aktiv de Munich<\/h1>\n<h2>SPECIAL OFFER &#8211; OFFRE SP\u00c9CIALE &#8211; COURS INTENSIF D&#8217;ALLEMAND (4 SEMAINES POUR 319 \u20ac)<\/h2>\n<p><strong>Niveau:<\/strong> A1\/A2\/B1\/B2\/C1\/C2<\/p>\n<p><strong>Prix par mois: 319 \u20ac<\/strong><\/p>\n<p><strong>Dur\u00e9e du cours:<\/strong> 4 semaines<\/p>\n<p><strong>Dates:<\/strong> du lundi au jeudi de 9:00 \u00e0 12:00<\/p>\n<p><strong>D\u00e9but: <\/strong>voir le tableau plus bas sur cette page<\/p>\n<p>&#8211; Le cours a lieu \u00e0 partir de 7 personnes. Maximum 10 participants.<\/p>\n<h2>Cours intensif d&#8217;allemand \u00e0 Munich avec 100 \u20ac de r\u00e9duction pour vous &#8211; vous payez seulement 499 \u20ac par mois au lieu de 599 \u20ac<\/h2>\n<p><strong>Dur\u00e9e:<\/strong> 4 semaines<\/p>\n<p><strong>Dates:<\/strong> du lundi au vendredi de 9:00 \u00e0 12:00<\/p>\n<p><strong>Niveaux:<\/strong> A1 \u00e0 C2<\/p>\n<p><strong>Prix par mois:<\/strong> 499 \u20ac (vous \u00e9conomisez 100 \u20ac)<\/p>\n<p><strong>Dates de d\u00e9but:<\/strong> Les dates de d\u00e9but peuvent \u00eatre trouv\u00e9es ci-dessous sur cette page.<\/p>\n<h2>Cours semi intensif d&#8217;Allemand \u2013 offre: 4 semaines pour seulement 299 \u20ac<\/h2>\n<p><strong>Niveau:<\/strong> A1\/A2\/B1\/B2\/C1\/C2<\/p>\n<p><strong>Prix:<\/strong> 299 \u20ac<\/p>\n<p><strong>Dur\u00e9e du cours:<\/strong> 4 semaines<\/p>\n<p>Du lundi au vendredi: de 9:00 \u00e0 10 :30 \/ 17 :30 \u2013 19 :00 \/ 19 :00 \u2013 20 :30 *<\/p>\n<p><strong>D\u00e9but:<\/strong> voir le tableau plus bas sur cette page<\/p>\n<p>* \u00c0 partir de 4 participants[\/vc_column_text][\/vc_column][vc_column width=&#8221;1\/2&#8243;][vc_single_image image=&#8221;10509&#8243; img_size=&#8221;full&#8221; alignment=&#8221;center&#8221; style=&#8221;vc_box_outline&#8221; css=&#8221;.vc_custom_1487869262658{padding-top: 30px !important;}&#8221;][vc_video link=&#8221;https:\/\/youtu.be\/LTIhQ9O7kmg&#8221;][vc_video link=&#8221;https:\/\/youtu.be\/svIJFtMcbrw&#8221;][\/vc_column][\/vc_row][vc_row full_width=&#8221;stretch_row&#8221; tc_enable_overlay=&#8221;true&#8221; css=&#8221;.vc_custom_1486996794700{padding-top: 30px !important;padding-bottom: 20px !important;background-color: #f9f9f9 !important;}&#8221;][vc_column][vc_column_text css=&#8221;.vc_custom_1567483916191{margin-bottom: 30px !important;}&#8221;]<\/p>\n<h2>Apprenez l\u2019allemand \u00e0 Munich \u2013 rapidement, activement et de mani\u00e8re intensive!<\/h2>\n<p>Sprachschule Aktiv est un \u00e9tablissement de formation reconnu. Vous pouvez y suivre un cours qui vous aidera \u00e0 obtenir votre permis de s\u00e9jour et \u00e0 rester en Allemagne si vous le souhaitez. \u00c0 la fin de votre cours, votre obtenez un certificat d\u2019assiduit\u00e9 indiquant le nombre d\u2019heures que vous avez suivies.<\/p>\n<p>Pour plus d\u2019informations sur ce cours et ses dates de d\u00e9but, <a href=\"https:\/\/www.sprachschule-aktiv-muenchen.de\/fr\/contactez-nous\/\">cliquez ici<\/a><\/p>\n<p>De plus, nos enseignants sont sympathiques et qualifi\u00e9s ! (Venez faire connaissance avec nos enseignants)[\/vc_column_text][\/vc_column][\/vc_row][vc_row full_width=&#8221;stretch_row&#8221; css=&#8221;.vc_custom_1486901466994{padding-bottom: 30px !important;}&#8221;][vc_column][vc_column_text css=&#8221;.vc_custom_1670891600290{margin-bottom: 30px !important;}&#8221;]<\/p>\n<h2>DATE DE D\u00c9BUT 2026. COURS INTENSIFS D&#8217;ALLEMAND<\/h2>\n<p>[\/vc_column_text][vc_column_text]\n<table id=\"tablepress-3\" class=\"tablepress tablepress-id-3 tablepress-responsive\">\n<thead>\n<tr class=\"row-1\">\n\t<th colspan=\"3\" class=\"column-1\">COURS INTENSIF D'ALLEMAND<\/th>\n<\/tr>\n<\/thead>\n<tbody class=\"row-striping row-hover\">\n<tr class=\"row-2\">\n\t<td class=\"column-1\">JANVIER<\/td><td class=\"column-2\">F\u00c9VRIER<\/td><td class=\"column-3\">MARS<\/td>\n<\/tr>\n<tr class=\"row-3\">\n\t<td class=\"column-1\">05.01.2026<\/td><td class=\"column-2\">02.02.2026<\/td><td class=\"column-3\">02.03.2026<\/td>\n<\/tr>\n<tr class=\"row-4\">\n\t<td class=\"column-1\">AVRIL<\/td><td class=\"column-2\">MAI<\/td><td class=\"column-3\">JUIN<\/td>\n<\/tr>\n<tr class=\"row-5\">\n\t<td class=\"column-1\">*30.03.2026<\/td><td class=\"column-2\">04.05.2026<\/td><td class=\"column-3\">01.06.2026<\/td>\n<\/tr>\n<tr class=\"row-6\">\n\t<td class=\"column-1\">JUILLET<\/td><td class=\"column-2\">AO\u00dbT<\/td><td class=\"column-3\">SEPTEMBRE<\/td>\n<\/tr>\n<tr class=\"row-7\">\n\t<td class=\"column-1\">*29.06.2026<\/td><td class=\"column-2\">03.08.2026<\/td><td class=\"column-3\">*31.08.2026<\/td>\n<\/tr>\n<tr class=\"row-8\">\n\t<td class=\"column-1\">OCTOBRE<\/td><td class=\"column-2\">NOVEMBRE<\/td><td class=\"column-3\">D\u00c9CEMBRE<\/td>\n<\/tr>\n<tr class=\"row-9\">\n\t<td class=\"column-1\">*28.09.2026<\/td><td class=\"column-2\">*26.10.2026<\/td><td class=\"column-3\">*23.11.2026<\/td>\n<\/tr>\n<\/tbody>\n<\/table>\n<!-- #tablepress-3 from cache -->[\/vc_column_text][\/vc_column][\/vc_row][vc_row css=&#8221;.vc_custom_1486997010572{padding-top: 25px !important;padding-bottom: 30px !important;}&#8221;][vc_column][vc_column_text css=&#8221;.vc_custom_1623241592449{margin-bottom: 30px !important;}&#8221;]<\/p>\n<h2>Cours intensifs d\u2019allemand \u00e0 Munich &#8211; A1, A2, B1, B2, C1, C2<\/h2>\n<p>Si vous d\u00e9sirez apprendre l\u2019allemand efficacement, rapidement et en vous amusant, Sprachschule Aktiv est faite pour vous. Nos cours vont du niveau d\u00e9butant (A1) \u00e0 confirm\u00e9 (C2) et sont enseign\u00e9s par des professeurs diplom\u00e9s. En 4 semaines, vous pourrez acqu\u00e9rir un bon niveau en allemand. Cependant, vous pouvez choisir de vous inscrire uniquement pour une, deux ou trois semaines et ainsi apprendre \u00e0 votre rythme. Vous parlez d\u00e9j\u00e0 bien l\u2019allemand, mais vous voulez approfondir vos connaissances ?<\/p>\n<p>Nous proposons \u00e9galement des cours de niveau B1 \u00e0 C2 qui sont essentiels si vous souhaitez, par exemple, vous inscrire dans une universit\u00e9 en Allemagne ou trouver un emploi. La force de notre \u00e9cole est ses enseignants : ils ne vous enseignent pas uniquement la grammaire allemande mais vous donnent \u00e9galement des exemples concrets et vous aident \u00e0 mieux comprendre la culture allemande. Nous offrons \u00e9galement des cours d\u2019espagnol, d\u2019italien, de polonais, de russe, de chinois et de bien d\u2019autres langues. Nous pouvons \u00e9galement vous fournir des informations sur les cours en allemand, mais \u00e9galement en anglais, en russe et en espagnol.<\/p>\n<p>Si vous souhaitez apprendre l&#8217;allemand, vous \u00eates \u00e0 la bonne place ! Sprachschule Aktiv M\u00fcnchen vous propose un large \u00e9ventail de possibilit\u00e9s. En passant des cours intensifs aux cours en ligne, nous vous offrons une flexibilit\u00e9 hors du commun. Notre \u00e9tablissement \u00e9tant reconnu et certifi\u00e9, les cours propos\u00e9s dans notre \u00e9cole sont de haute qualit\u00e9. En outre, nous cours sont dispens\u00e9s par des professeurs de langue maternelle disposant d&#8217;un dipl\u00f4me universitaire et d&#8217;une longue exp\u00e9rience dans l&#8217;enseignement. Sprachschule Aktiv M\u00fcnchen est l&#8217;\u00e9cole de langues qu&#8217;il vous faut. Tous les participants \u00e0 nos cours d&#8217;allemand re\u00e7oivent un certificat reconnu internationalement. De plus, nos cours sont orient\u00e9s de mani\u00e8re \u00e0 que vous appreniez non seulement l&#8217;allemand mais \u00e9galement la culture qui en d\u00e9coule. Nos cours d&#8217;allemand vous sont propos\u00e9s durant toute l&#8217;ann\u00e9e. Venez apprendre l&#8217;allemand avec plaisir et inscrivez-vous \u00e0 un cours d&#8217;essai gratuit et sans obligation.<\/p>\n<p>Nous vous invitons \u00e9galement \u00e0 visiter nos pages Facebook et Twitter, o\u00f9 vous trouverez des informations sur les cours et promotions que nous offrons tous les mois.[\/vc_column_text][\/vc_column][\/vc_row][vc_row full_width=&#8221;stretch_row&#8221; equal_height=&#8221;yes&#8221; content_placement=&#8221;middle&#8221; el_class=&#8221;action-box m-b-none theme-bg-color&#8221; css=&#8221;.vc_custom_1486979662083{padding-top: 20px !important;padding-bottom: 30px !important;}&#8221;][vc_column width=&#8221;2\/3&#8243;][vc_column_text]<\/p>\n<h3 class=\"text-white\">Nous sommes l\u00e0 pour vous!<\/h3>\n<p class=\"text-white\">Apprendre l&#8217;allemand \u00e0 Munich &#8211; Allemagne. Cours d&#8217;allemand pour d\u00e9butants et avanc\u00e9s dans notre \u00e9cole de langue allemande \u00e0 Munich.<\/p>\n<p>[\/vc_column_text][\/vc_column][vc_column width=&#8221;1\/3&#8243; el_class=&#8221;text-right&#8221;]\t<div class=\"vc_btn3-container vc_btn3-inline\">\r\n\t\t<a href=\"\/fr\/contactez-nous\/\" class=\"pgs_btn pgs_btn_style_3 pgs_btn_lg\">\r\n\t\t\t<span>\r\n\t\t\t\tTu as besoin d&#039;aide?\t\t\t<\/span>\r\n\t\t\t\t\t\t<i class=\"fa fa-chevron-right\"><\/i>\r\n\t\t\t\t\t<\/a>\r\n\t<\/div>\r\n\t[\/vc_column][\/vc_row]<\/p>\n","protected":false},"excerpt":{"rendered":"<p>[vc_row css=&#8221;.vc_custom_1485249512937{margin-top: 30px !important;margin-bottom: 30px !important;}&#8221;][vc_column width=&#8221;1\/2&#8243;][vc_column_text] Cours d&#8217;allemand intensifs \u00e0 l&#8217;\u00e9cole Sprachschule Aktiv de Munich SPECIAL OFFER &#8211; OFFRE SP\u00c9CIALE &#8211; COURS INTENSIF D&#8217;ALLEMAND (4 SEMAINES POUR 319 \u20ac) Niveau: A1\/A2\/B1\/B2\/C1\/C2 Prix par mois: 319 \u20ac Dur\u00e9e du cours: 4 semaines Dates: du lundi au jeudi de 9:00 \u00e0 12:00 D\u00e9but: voir le tableau&hellip; <a class=\"read-more\" href=\"https:\/\/www.sprachschule-aktiv-muenchen.de\/fr\/cours-intensifs-dallemand\/\" title=\"Read Cours d&#8217;allemand intensifs\">Read more &raquo;<\/a><\/p>\n","protected":false},"author":2,"featured_media":0,"parent":0,"menu_order":0,"comment_status":"closed","ping_status":"closed","template":"","meta":{"footnotes":""},"class_list":["post-45455","page","type-page","status-publish","hentry"],"yoast_head":"<!-- This site is optimized with the Yoast SEO plugin v27.1.1 - https:\/\/yoast.com\/product\/yoast-seo-wordpress\/ -->\n<title>Cours Intensifs d&#039;Allemand \u00e0 Munich - A1, A2, B1, B2, C1, C2<\/title>\n<meta name=\"description\" content=\"Apprendre l&#039;allemand dans notre \u00e9cole de langue \u00e0 Munich. Cours de tous niveaux. Apprendre efficacement allemand dans une ambience relaxante.\" \/>\n<meta name=\"robots\" content=\"index, follow, max-snippet:-1, max-image-preview:large, max-video-preview:-1\" \/>\n<link rel=\"canonical\" href=\"https:\/\/www.sprachschule-aktiv-muenchen.de\/fr\/cours-intensifs-dallemand\/\" \/>\n<meta property=\"og:locale\" content=\"fr_FR\" \/>\n<meta property=\"og:type\" content=\"article\" \/>\n<meta property=\"og:title\" content=\"Cours Intensifs d&#039;Allemand \u00e0 Munich - A1, A2, B1, B2, C1, C2\" \/>\n<meta property=\"og:description\" content=\"Apprendre l&#039;allemand dans notre \u00e9cole de langue \u00e0 Munich. Cours de tous niveaux. Apprendre efficacement allemand dans une ambience relaxante.\" \/>\n<meta property=\"og:url\" content=\"https:\/\/www.sprachschule-aktiv-muenchen.de\/fr\/cours-intensifs-dallemand\/\" \/>\n<meta property=\"og:site_name\" content=\"Sprachschule Aktiv\" \/>\n<meta property=\"article:modified_time\" content=\"2026-02-24T12:18:15+00:00\" \/>\n<meta name=\"twitter:card\" content=\"summary_large_image\" \/>\n<meta name=\"twitter:label1\" content=\"Dur\u00e9e de lecture estim\u00e9e\" \/>\n\t<meta name=\"twitter:data1\" content=\"5 minutes\" \/>\n<script type=\"application\/ld+json\" class=\"yoast-schema-graph\">{\"@context\":\"https:\/\/schema.org\",\"@graph\":[{\"@type\":\"WebPage\",\"@id\":\"https:\/\/www.sprachschule-aktiv-muenchen.de\/fr\/cours-intensifs-dallemand\/\",\"url\":\"https:\/\/www.sprachschule-aktiv-muenchen.de\/fr\/cours-intensifs-dallemand\/\",\"name\":\"Cours Intensifs d'Allemand \u00e0 Munich - A1, A2, B1, B2, C1, C2\",\"isPartOf\":{\"@id\":\"https:\/\/www.sprachschule-aktiv-muenchen.de\/#website\"},\"datePublished\":\"2018-08-14T14:57:18+00:00\",\"dateModified\":\"2026-02-24T12:18:15+00:00\",\"description\":\"Apprendre l'allemand dans notre \u00e9cole de langue \u00e0 Munich. Cours de tous niveaux. Apprendre efficacement allemand dans une ambience relaxante.\",\"breadcrumb\":{\"@id\":\"https:\/\/www.sprachschule-aktiv-muenchen.de\/fr\/cours-intensifs-dallemand\/#breadcrumb\"},\"inLanguage\":\"fr-FR\",\"potentialAction\":[{\"@type\":\"ReadAction\",\"target\":[\"https:\/\/www.sprachschule-aktiv-muenchen.de\/fr\/cours-intensifs-dallemand\/\"]}]},{\"@type\":\"BreadcrumbList\",\"@id\":\"https:\/\/www.sprachschule-aktiv-muenchen.de\/fr\/cours-intensifs-dallemand\/#breadcrumb\",\"itemListElement\":[{\"@type\":\"ListItem\",\"position\":1,\"name\":\"Portada\",\"item\":\"https:\/\/www.sprachschule-aktiv-muenchen.de\/fr\/\"},{\"@type\":\"ListItem\",\"position\":2,\"name\":\"Cours d&#8217;allemand intensifs\"}]},{\"@type\":\"WebSite\",\"@id\":\"https:\/\/www.sprachschule-aktiv-muenchen.de\/#website\",\"url\":\"https:\/\/www.sprachschule-aktiv-muenchen.de\/\",\"name\":\"Sprachschule Aktiv\",\"description\":\"\",\"potentialAction\":[{\"@type\":\"SearchAction\",\"target\":{\"@type\":\"EntryPoint\",\"urlTemplate\":\"https:\/\/www.sprachschule-aktiv-muenchen.de\/?s={search_term_string}\"},\"query-input\":{\"@type\":\"PropertyValueSpecification\",\"valueRequired\":true,\"valueName\":\"search_term_string\"}}],\"inLanguage\":\"fr-FR\"}]}<\/script>\n<!-- \/ Yoast SEO plugin. -->","yoast_head_json":{"title":"Cours Intensifs d'Allemand \u00e0 Munich - A1, A2, B1, B2, C1, C2","description":"Apprendre l'allemand dans notre \u00e9cole de langue \u00e0 Munich. Cours de tous niveaux. Apprendre efficacement allemand dans une ambience relaxante.","robots":{"index":"index","follow":"follow","max-snippet":"max-snippet:-1","max-image-preview":"max-image-preview:large","max-video-preview":"max-video-preview:-1"},"canonical":"https:\/\/www.sprachschule-aktiv-muenchen.de\/fr\/cours-intensifs-dallemand\/","og_locale":"fr_FR","og_type":"article","og_title":"Cours Intensifs d'Allemand \u00e0 Munich - A1, A2, B1, B2, C1, C2","og_description":"Apprendre l'allemand dans notre \u00e9cole de langue \u00e0 Munich. Cours de tous niveaux. Apprendre efficacement allemand dans une ambience relaxante.","og_url":"https:\/\/www.sprachschule-aktiv-muenchen.de\/fr\/cours-intensifs-dallemand\/","og_site_name":"Sprachschule Aktiv","article_modified_time":"2026-02-24T12:18:15+00:00","twitter_card":"summary_large_image","twitter_misc":{"Dur\u00e9e de lecture estim\u00e9e":"5 minutes"},"schema":{"@context":"https:\/\/schema.org","@graph":[{"@type":"WebPage","@id":"https:\/\/www.sprachschule-aktiv-muenchen.de\/fr\/cours-intensifs-dallemand\/","url":"https:\/\/www.sprachschule-aktiv-muenchen.de\/fr\/cours-intensifs-dallemand\/","name":"Cours Intensifs d'Allemand \u00e0 Munich - A1, A2, B1, B2, C1, C2","isPartOf":{"@id":"https:\/\/www.sprachschule-aktiv-muenchen.de\/#website"},"datePublished":"2018-08-14T14:57:18+00:00","dateModified":"2026-02-24T12:18:15+00:00","description":"Apprendre l'allemand dans notre \u00e9cole de langue \u00e0 Munich. Cours de tous niveaux. Apprendre efficacement allemand dans une ambience relaxante.","breadcrumb":{"@id":"https:\/\/www.sprachschule-aktiv-muenchen.de\/fr\/cours-intensifs-dallemand\/#breadcrumb"},"inLanguage":"fr-FR","potentialAction":[{"@type":"ReadAction","target":["https:\/\/www.sprachschule-aktiv-muenchen.de\/fr\/cours-intensifs-dallemand\/"]}]},{"@type":"BreadcrumbList","@id":"https:\/\/www.sprachschule-aktiv-muenchen.de\/fr\/cours-intensifs-dallemand\/#breadcrumb","itemListElement":[{"@type":"ListItem","position":1,"name":"Portada","item":"https:\/\/www.sprachschule-aktiv-muenchen.de\/fr\/"},{"@type":"ListItem","position":2,"name":"Cours d&#8217;allemand intensifs"}]},{"@type":"WebSite","@id":"https:\/\/www.sprachschule-aktiv-muenchen.de\/#website","url":"https:\/\/www.sprachschule-aktiv-muenchen.de\/","name":"Sprachschule Aktiv","description":"","potentialAction":[{"@type":"SearchAction","target":{"@type":"EntryPoint","urlTemplate":"https:\/\/www.sprachschule-aktiv-muenchen.de\/?s={search_term_string}"},"query-input":{"@type":"PropertyValueSpecification","valueRequired":true,"valueName":"search_term_string"}}],"inLanguage":"fr-FR"}]}},"_links":{"self":[{"href":"https:\/\/www.sprachschule-aktiv-muenchen.de\/fr\/wp-json\/wp\/v2\/pages\/45455","targetHints":{"allow":["GET"]}}],"collection":[{"href":"https:\/\/www.sprachschule-aktiv-muenchen.de\/fr\/wp-json\/wp\/v2\/pages"}],"about":[{"href":"https:\/\/www.sprachschule-aktiv-muenchen.de\/fr\/wp-json\/wp\/v2\/types\/page"}],"author":[{"embeddable":true,"href":"https:\/\/www.sprachschule-aktiv-muenchen.de\/fr\/wp-json\/wp\/v2\/users\/2"}],"replies":[{"embeddable":true,"href":"https:\/\/www.sprachschule-aktiv-muenchen.de\/fr\/wp-json\/wp\/v2\/comments?post=45455"}],"version-history":[{"count":21,"href":"https:\/\/www.sprachschule-aktiv-muenchen.de\/fr\/wp-json\/wp\/v2\/pages\/45455\/revisions"}],"predecessor-version":[{"id":80334,"href":"https:\/\/www.sprachschule-aktiv-muenchen.de\/fr\/wp-json\/wp\/v2\/pages\/45455\/revisions\/80334"}],"wp:attachment":[{"href":"https:\/\/www.sprachschule-aktiv-muenchen.de\/fr\/wp-json\/wp\/v2\/media?parent=45455"}],"curies":[{"name":"wp","href":"https:\/\/api.w.org\/{rel}","templated":true}]}}