{"id":44851,"date":"2018-05-18T06:33:58","date_gmt":"2018-05-18T04:33:58","guid":{"rendered":"https:\/\/www.sprachschule-aktiv-muenchen.de\/?page_id=44851"},"modified":"2022-12-29T12:25:30","modified_gmt":"2022-12-29T11:25:30","slug":"cours-de-preparation-au-testdaf-en-allemagne","status":"publish","type":"page","link":"https:\/\/www.sprachschule-aktiv-muenchen.de\/fr\/cours-de-preparation-au-testdaf-en-allemagne\/","title":{"rendered":"Cours de pr\u00e9paration au TestDaF en Allemagne"},"content":{"rendered":"<h1>Cours de pr\u00e9paration au Test DaF \u00e0 Munich &#8211;\u00a0TestDaF en Allemagne<\/h1>\n<p>Vous souhaitez r\u00e9ussir le TestDaF et avez besoin d&#8217;un cours de pr\u00e9paration efficace pour cet examen? Sur cette page, vous trouverez toutes les informations n\u00e9cessaires sur les cours pr\u00e9paratoires ainsi que les prix et les dates de d\u00e9but.<\/p>\n<div class=\"BorlabsCookie _brlbs-cb-vimeo\">\n<div class=\"_brlbs-content-blocker\">\n<div class=\"_brlbs-embed _brlbs-video-vimeo\"> <img decoding=\"async\" class=\"_brlbs-thumbnail\" src=\"https:\/\/www.sprachschule-aktiv-muenchen.de\/wp-content\/plugins\/borlabs-cookie\/assets\/images\/cb-no-thumbnail.png\" alt=\"Vimeo\"> <\/p>\n<div class=\"_brlbs-caption\">\n<p>Mit dem Laden des Videos akzeptieren Sie die Datenschutzerkl\u00e4rung von Vimeo.<br \/><a href=\"https:\/\/vimeo.com\/privacy\" target=\"_blank\" rel=\"nofollow noopener noreferrer\">Mehr erfahren<\/a><\/p>\n<p><a class=\"_brlbs-btn _brlbs-icon-play-white\" href=\"#\" data-borlabs-cookie-unblock role=\"button\">Video laden<\/a><\/p>\n<p><label><input type=\"checkbox\" name=\"unblockAll\" value=\"1\" checked> <small>Vimeo immer entsperren<\/small><\/label><\/p>\n<\/p><\/div><\/div><\/div>\n<div class=\"borlabs-hide\" data-borlabs-cookie-type=\"content-blocker\" data-borlabs-cookie-id=\"vimeo\"><script type=\"text\/template\">PGlmcmFtZSB0aXRsZT0iRGV1dHNjaGt1cnNlIGluIERldXRzY2hsYW5kIC0gdW5zZXJlIFNwcmFjaHNjaHVsZW4iIHNyYz0iaHR0cHM6Ly9wbGF5ZXIudmltZW8uY29tL3ZpZGVvLzc4NDA4NTI0ND9kbnQ9MSZhbXA7YXBwX2lkPTEyMjk2MyIgd2lkdGg9IjUwMCIgaGVpZ2h0PSIyODEiIGZyYW1lYm9yZGVyPSIwIiBhbGxvdz0iYXV0b3BsYXk7IGZ1bGxzY3JlZW47IHBpY3R1cmUtaW4tcGljdHVyZTsgY2xpcGJvYXJkLXdyaXRlIj48L2lmcmFtZT4=<\/script><\/div>\n<\/div>\n<h2>Qu&#8217;est-ce que le Test DaF?<\/h2>\n<p>Le Test DaF est un test de langue destin\u00e9 aux apprenants d&#8217;allemand avec un niveau de langue avanc\u00e9. Le cadre europ\u00e9en commun de r\u00e9f\u00e9rence comprend six niveaux de langue (A1, A2, B1, B2, C1, C2). Le test d&#8217;allemand comme langue \u00e9trang\u00e8re est class\u00e9 entre B2 et C1, il n\u00e9cessite donc un niveau \u00e9lev\u00e9 de ma\u00eetrise de la langue.<\/p>\n<p>Le Test DaF est r\u00e9alis\u00e9 de mani\u00e8re centralis\u00e9e et est standardis\u00e9. En participant \u00e0 l\u2019examen vous engagez des frais d&#8217;examen. Les universit\u00e9s allemandes reconnaissent le Test DaF comme la preuve de comp\u00e9tences linguistiques suffisantes. Si vous n&#8217;\u00eates pas s\u00fbr de r\u00e9ussir le test sans assistance, un cours de pr\u00e9paration dans notre \u00e9cole de langue Sprachschule Aktiv est le moyen le plus efficace pour atteindre votre objectif.<\/p>\n<p>&nbsp;<\/p>\n<p><strong><img decoding=\"async\" class=\"alignnone size-full wp-image-44855\" src=\"https:\/\/www.sprachschule-aktiv-muenchen.de\/wp-content\/uploads\/2018\/05\/testdaf-en-allemagne.jpg\" alt=\"Cours de pr\u00e9paration au TestDaF en Allemagne\" width=\"600\" height=\"352\" srcset=\"https:\/\/www.sprachschule-aktiv-muenchen.de\/wp-content\/uploads\/2018\/05\/testdaf-en-allemagne.jpg 600w, https:\/\/www.sprachschule-aktiv-muenchen.de\/wp-content\/uploads\/2018\/05\/testdaf-en-allemagne-300x176.jpg 300w, https:\/\/www.sprachschule-aktiv-muenchen.de\/wp-content\/uploads\/2018\/05\/testdaf-en-allemagne-124x74.jpg 124w\" sizes=\"(max-width: 600px) 100vw, 600px\" \/><\/strong><\/p>\n<h2><strong>Informations sur les cours, prix, dur\u00e9e de nos cours pr\u00e9paratoires au TestDaF<\/strong><\/h2>\n<ul>\n<li>Les cours sont sur une dur\u00e9e 4 semaines.<\/li>\n<li>Nous enseignons en petits groupes avec un maximum de 9 \u00e9tudiants.<\/li>\n<li>Pendant la semaine, vous recevrez 20 le\u00e7ons de 45 minutes chacune.<\/li>\n<li>Les cours ont lieu de 9h00 \u00e0 12h00 du lundi au vendredi<\/li>\n<li>Co\u00fbt: 499.- \u20ac<\/li>\n<li>Vous pouvez commencer tous les premiers lundis du mois. Si le lundi est un jour f\u00e9ri\u00e9, le cours commence un jour plus tard.<\/li>\n<li>Veuillez vous inscrire ici pour votre cours.<\/li>\n<li>Pr\u00e9requis: Bonne ma\u00eetrise de la langue allemande au niveau B2<\/li>\n<li>Si vous ne connaissez pas bien vos comp\u00e9tences linguistiques, vous pouvez passer un test de niveau \u00e0 l&#8217;\u00e9cole de langue ou en ligne.<\/li>\n<\/ul>\n<h2><strong>Notre m\u00e9thodologie<\/strong><\/h2>\n<p>Dans nos cours pr\u00e9paratoires TestDaf, nos participants sont plac\u00e9s dans des situations d&#8217;examen en s&#8217;entrainant sur des mod\u00e8les d\u2019examens. De plus, les domaines requis tels que la compr\u00e9hension orale et \u00e9crite ainsi que l\u2019expression orale et \u00e9crite seront trait\u00e9s et travaill\u00e9s .<\/p>\n<p>Cela familiarisera les \u00e9tudiants avec les rep\u00e8res de l&#8217;examen et les pr\u00e9parera bien pour l&#8217;examen TestDaF.<\/p>\n<h2><strong>Le TestDaF est n\u00e9cessaire pour une \u00e9tude en Allemagne<\/strong><\/h2>\n<p>Le TestDaF est centralis\u00e9 et standardis\u00e9. Le participant au test doit payer des frais d&#8217;examen. Pour les candidats provenant de pays non germanophones, ce test est essentiel s&#8217;ils veulent \u00e9tudier en Allemagne. Le groupe cible du test sont les candidats qui ont acquis leur qualification d&#8217;entr\u00e9e dans l&#8217;enseignement sup\u00e9rieur dans une \u00e9cole \u00e9trang\u00e8re, mais veulent maintenant \u00e9tudier en Allemagne. De nombreux candidats ont \u00e9galement commenc\u00e9 \u00e0 \u00e9tudier dans une universit\u00e9 \u00e9trang\u00e8re et veulent maintenant poursuivre leurs \u00e9tudes \u00e0 Munich. Le Landeshochschulgesetz stipule que ces candidats doivent fournir la preuve de la qualification linguistique requise.<\/p>\n<h2><strong>Exigences pour l&#8217;examen<\/strong><\/h2>\n<p>Vous devriez d\u00e9j\u00e0 avoir de bonnes comp\u00e9tences en allemand si vous voulez r\u00e9ussir le TestDaF. Nous recommandons au moins le niveau B2. Les connaissances de base ne sont en aucun cas suffisantes. Le test v\u00e9rifie la capacit\u00e9 linguistique qui vous permet de participer avec succ\u00e8s \u00e0 une conf\u00e9rence ou un s\u00e9minaire universitaire. Pour cette raison, une bonne connaissance de niveau interm\u00e9diaire est requise au moins, mieux encore, sont des connaissances de niveau sup\u00e9rieur au niveau C1.<\/p>\n<h2><strong>C&#8217;est ainsi que le TestDaF fonctionne<\/strong><\/h2>\n<p>Le test consiste en quatre piliers, chacun ayant une dur\u00e9e particuli\u00e8re. Ce sont:<\/p>\n<p>Compr\u00e9hension \u00e9crite (dur\u00e9e 60 minutes)<\/p>\n<p>Compr\u00e9hension orale(dur\u00e9e 40 minutes)<\/p>\n<p>Expression \u00e9crite (dur\u00e9e 60 minutes)<\/p>\n<p>Expression orale (dur\u00e9e 35 minutes, examen individuel assist\u00e9 par ordinateur)<\/p>\n<p>Tout d&#8217;abord, le test consiste \u00e0 \u00eatre capable de comprendre des textes scientifiques ou des conf\u00e9rences (lecture et compr\u00e9hension orale) et de s&#8217;engager de mani\u00e8re appropri\u00e9e dans une conversation scientifique (\u00e9crite et orale).<\/p>\n<p>Il ne suffit donc pas d&#8217;apprendre seulement les r\u00e8gles grammaticales. Vous devez montrer que vous avez un niveau \u00e9lev\u00e9 en communication allemande. Il est \u00e9galement judicieux de vous familiariser avec le format TestDaF.<\/p>\n<h2>Inscription et aide pour la pr\u00e9paration<\/h2>\n<p>Si vous \u00eates int\u00e9ress\u00e9 par TestDaF, vous obtiendrez plus d&#8217;informations sous le lien suivant:<\/p>\n<p><a href=\"https:\/\/www.testdaf.de\/de\/teilnehmende\/mein-testdaf\/mit-dem-testdaf-an-eine-deutsche-hochschule\/\" target=\"_blank\" rel=\"noopener noreferrer\">https:\/\/www.testdaf.de\/de\/teilnehmende\/mein-testdaf\/mit-dem-testdaf-an-eine-deutsche-hochschule\/<\/a><\/p>\n<p><strong>Deux mod\u00e8les vous offrent l&#8217;opportunit\u00e9 de vous familiariser avec la structure du test en utilisant des tests d&#8217;\u00e9chantillons. Ceux-ci sont accessibles sous les liens suivants:<\/strong><\/p>\n<p><a href=\"http:\/\/www.testdaf.de\/fuer-teilnehmende\/vorbereitung\/modellsaetze\/modellsatz-02\/\" target=\"_blank\" rel=\"noopener noreferrer\">http:\/\/www.testdaf.de\/fuer-teilnehmende\/vorbereitung\/modellsaetze\/modellsatz-02\/<\/a><\/p>\n<p><a href=\"http:\/\/www.testdaf.de\/fuer-teilnehmende\/vorbereitung\/modellsaetze\/modellsatz-03\/\" target=\"_blank\" rel=\"noopener noreferrer\">http:\/\/www.testdaf.de\/fuer-teilnehmende\/vorbereitung\/modellsaetze\/modellsatz-03\/<\/a><\/p>\n<p><a href=\"https:\/\/www.sprachschule-aktiv-muenchen.de\/fr\/cours-d-allemand-a-munich\/\">D&#8217;autres cours d&#8217;allemand int\u00e9ressants peuvent \u00eatre trouv\u00e9s ici<\/a><\/p>\n","protected":false},"excerpt":{"rendered":"<p>Cours de pr\u00e9paration au Test DaF \u00e0 Munich &#8211;\u00a0TestDaF en Allemagne Vous souhaitez r\u00e9ussir le TestDaF et avez besoin d&#8217;un cours de pr\u00e9paration efficace pour cet examen? Sur cette page, vous trouverez toutes les informations n\u00e9cessaires sur les cours pr\u00e9paratoires ainsi que les prix et les dates de d\u00e9but. Mit dem Laden des Videos akzeptieren&hellip; <a class=\"read-more\" href=\"https:\/\/www.sprachschule-aktiv-muenchen.de\/fr\/cours-de-preparation-au-testdaf-en-allemagne\/\" title=\"Read Cours de pr\u00e9paration au TestDaF en Allemagne\">Read more &raquo;<\/a><\/p>\n","protected":false},"author":2,"featured_media":0,"parent":0,"menu_order":0,"comment_status":"closed","ping_status":"closed","template":"","meta":{"footnotes":""},"class_list":["post-44851","page","type-page","status-publish","hentry"],"yoast_head":"<!-- This site is optimized with the Yoast SEO plugin v27.1.1 - https:\/\/yoast.com\/product\/yoast-seo-wordpress\/ -->\n<title>Cours de pr\u00e9paration au Test DaF \u00e0 Munich -\u00a0Allemagne<\/title>\n<meta name=\"description\" content=\"Cours de pr\u00e9paration au TestDaF \u00e0 Munich en Allemagne. Informations g\u00e9n\u00e9rales sur le test d&#039;allemand comme langue \u00e9trang\u00e8re.\" \/>\n<meta name=\"robots\" content=\"index, follow, max-snippet:-1, max-image-preview:large, max-video-preview:-1\" \/>\n<link rel=\"canonical\" href=\"https:\/\/www.sprachschule-aktiv-muenchen.de\/fr\/cours-de-preparation-au-testdaf-en-allemagne\/\" \/>\n<meta property=\"og:locale\" content=\"fr_FR\" \/>\n<meta property=\"og:type\" content=\"article\" \/>\n<meta property=\"og:title\" content=\"Cours de pr\u00e9paration au Test DaF \u00e0 Munich -\u00a0Allemagne\" \/>\n<meta property=\"og:description\" content=\"Cours de pr\u00e9paration au TestDaF \u00e0 Munich en Allemagne. Informations g\u00e9n\u00e9rales sur le test d&#039;allemand comme langue \u00e9trang\u00e8re.\" \/>\n<meta property=\"og:url\" content=\"https:\/\/www.sprachschule-aktiv-muenchen.de\/fr\/cours-de-preparation-au-testdaf-en-allemagne\/\" \/>\n<meta property=\"og:site_name\" content=\"Sprachschule Aktiv\" \/>\n<meta property=\"article:modified_time\" content=\"2022-12-29T11:25:30+00:00\" \/>\n<meta property=\"og:image\" content=\"https:\/\/www.sprachschule-aktiv-muenchen.de\/wp-content\/uploads\/2018\/05\/testdaf-en-allemagne.jpg\" \/>\n<meta name=\"twitter:card\" content=\"summary_large_image\" \/>\n<meta name=\"twitter:label1\" content=\"Dur\u00e9e de lecture estim\u00e9e\" \/>\n\t<meta name=\"twitter:data1\" content=\"5 minutes\" \/>\n<script type=\"application\/ld+json\" class=\"yoast-schema-graph\">{\"@context\":\"https:\/\/schema.org\",\"@graph\":[{\"@type\":\"WebPage\",\"@id\":\"https:\/\/www.sprachschule-aktiv-muenchen.de\/fr\/cours-de-preparation-au-testdaf-en-allemagne\/\",\"url\":\"https:\/\/www.sprachschule-aktiv-muenchen.de\/fr\/cours-de-preparation-au-testdaf-en-allemagne\/\",\"name\":\"Cours de pr\u00e9paration au Test DaF \u00e0 Munich -\u00a0Allemagne\",\"isPartOf\":{\"@id\":\"https:\/\/www.sprachschule-aktiv-muenchen.de\/#website\"},\"primaryImageOfPage\":{\"@id\":\"https:\/\/www.sprachschule-aktiv-muenchen.de\/fr\/cours-de-preparation-au-testdaf-en-allemagne\/#primaryimage\"},\"image\":{\"@id\":\"https:\/\/www.sprachschule-aktiv-muenchen.de\/fr\/cours-de-preparation-au-testdaf-en-allemagne\/#primaryimage\"},\"thumbnailUrl\":\"https:\/\/www.sprachschule-aktiv-muenchen.de\/wp-content\/uploads\/2018\/05\/testdaf-en-allemagne.jpg\",\"datePublished\":\"2018-05-18T04:33:58+00:00\",\"dateModified\":\"2022-12-29T11:25:30+00:00\",\"description\":\"Cours de pr\u00e9paration au TestDaF \u00e0 Munich en Allemagne. Informations g\u00e9n\u00e9rales sur le test d'allemand comme langue \u00e9trang\u00e8re.\",\"breadcrumb\":{\"@id\":\"https:\/\/www.sprachschule-aktiv-muenchen.de\/fr\/cours-de-preparation-au-testdaf-en-allemagne\/#breadcrumb\"},\"inLanguage\":\"fr-FR\",\"potentialAction\":[{\"@type\":\"ReadAction\",\"target\":[\"https:\/\/www.sprachschule-aktiv-muenchen.de\/fr\/cours-de-preparation-au-testdaf-en-allemagne\/\"]}]},{\"@type\":\"ImageObject\",\"inLanguage\":\"fr-FR\",\"@id\":\"https:\/\/www.sprachschule-aktiv-muenchen.de\/fr\/cours-de-preparation-au-testdaf-en-allemagne\/#primaryimage\",\"url\":\"https:\/\/www.sprachschule-aktiv-muenchen.de\/wp-content\/uploads\/2018\/05\/testdaf-en-allemagne.jpg\",\"contentUrl\":\"https:\/\/www.sprachschule-aktiv-muenchen.de\/wp-content\/uploads\/2018\/05\/testdaf-en-allemagne.jpg\"},{\"@type\":\"BreadcrumbList\",\"@id\":\"https:\/\/www.sprachschule-aktiv-muenchen.de\/fr\/cours-de-preparation-au-testdaf-en-allemagne\/#breadcrumb\",\"itemListElement\":[{\"@type\":\"ListItem\",\"position\":1,\"name\":\"Portada\",\"item\":\"https:\/\/www.sprachschule-aktiv-muenchen.de\/fr\/\"},{\"@type\":\"ListItem\",\"position\":2,\"name\":\"Cours de pr\u00e9paration au TestDaF en Allemagne\"}]},{\"@type\":\"WebSite\",\"@id\":\"https:\/\/www.sprachschule-aktiv-muenchen.de\/#website\",\"url\":\"https:\/\/www.sprachschule-aktiv-muenchen.de\/\",\"name\":\"Sprachschule Aktiv\",\"description\":\"\",\"potentialAction\":[{\"@type\":\"SearchAction\",\"target\":{\"@type\":\"EntryPoint\",\"urlTemplate\":\"https:\/\/www.sprachschule-aktiv-muenchen.de\/?s={search_term_string}\"},\"query-input\":{\"@type\":\"PropertyValueSpecification\",\"valueRequired\":true,\"valueName\":\"search_term_string\"}}],\"inLanguage\":\"fr-FR\"}]}<\/script>\n<!-- \/ Yoast SEO plugin. -->","yoast_head_json":{"title":"Cours de pr\u00e9paration au Test DaF \u00e0 Munich -\u00a0Allemagne","description":"Cours de pr\u00e9paration au TestDaF \u00e0 Munich en Allemagne. Informations g\u00e9n\u00e9rales sur le test d'allemand comme langue \u00e9trang\u00e8re.","robots":{"index":"index","follow":"follow","max-snippet":"max-snippet:-1","max-image-preview":"max-image-preview:large","max-video-preview":"max-video-preview:-1"},"canonical":"https:\/\/www.sprachschule-aktiv-muenchen.de\/fr\/cours-de-preparation-au-testdaf-en-allemagne\/","og_locale":"fr_FR","og_type":"article","og_title":"Cours de pr\u00e9paration au Test DaF \u00e0 Munich -\u00a0Allemagne","og_description":"Cours de pr\u00e9paration au TestDaF \u00e0 Munich en Allemagne. Informations g\u00e9n\u00e9rales sur le test d'allemand comme langue \u00e9trang\u00e8re.","og_url":"https:\/\/www.sprachschule-aktiv-muenchen.de\/fr\/cours-de-preparation-au-testdaf-en-allemagne\/","og_site_name":"Sprachschule Aktiv","article_modified_time":"2022-12-29T11:25:30+00:00","og_image":[{"url":"https:\/\/www.sprachschule-aktiv-muenchen.de\/wp-content\/uploads\/2018\/05\/testdaf-en-allemagne.jpg","type":"","width":"","height":""}],"twitter_card":"summary_large_image","twitter_misc":{"Dur\u00e9e de lecture estim\u00e9e":"5 minutes"},"schema":{"@context":"https:\/\/schema.org","@graph":[{"@type":"WebPage","@id":"https:\/\/www.sprachschule-aktiv-muenchen.de\/fr\/cours-de-preparation-au-testdaf-en-allemagne\/","url":"https:\/\/www.sprachschule-aktiv-muenchen.de\/fr\/cours-de-preparation-au-testdaf-en-allemagne\/","name":"Cours de pr\u00e9paration au Test DaF \u00e0 Munich -\u00a0Allemagne","isPartOf":{"@id":"https:\/\/www.sprachschule-aktiv-muenchen.de\/#website"},"primaryImageOfPage":{"@id":"https:\/\/www.sprachschule-aktiv-muenchen.de\/fr\/cours-de-preparation-au-testdaf-en-allemagne\/#primaryimage"},"image":{"@id":"https:\/\/www.sprachschule-aktiv-muenchen.de\/fr\/cours-de-preparation-au-testdaf-en-allemagne\/#primaryimage"},"thumbnailUrl":"https:\/\/www.sprachschule-aktiv-muenchen.de\/wp-content\/uploads\/2018\/05\/testdaf-en-allemagne.jpg","datePublished":"2018-05-18T04:33:58+00:00","dateModified":"2022-12-29T11:25:30+00:00","description":"Cours de pr\u00e9paration au TestDaF \u00e0 Munich en Allemagne. Informations g\u00e9n\u00e9rales sur le test d'allemand comme langue \u00e9trang\u00e8re.","breadcrumb":{"@id":"https:\/\/www.sprachschule-aktiv-muenchen.de\/fr\/cours-de-preparation-au-testdaf-en-allemagne\/#breadcrumb"},"inLanguage":"fr-FR","potentialAction":[{"@type":"ReadAction","target":["https:\/\/www.sprachschule-aktiv-muenchen.de\/fr\/cours-de-preparation-au-testdaf-en-allemagne\/"]}]},{"@type":"ImageObject","inLanguage":"fr-FR","@id":"https:\/\/www.sprachschule-aktiv-muenchen.de\/fr\/cours-de-preparation-au-testdaf-en-allemagne\/#primaryimage","url":"https:\/\/www.sprachschule-aktiv-muenchen.de\/wp-content\/uploads\/2018\/05\/testdaf-en-allemagne.jpg","contentUrl":"https:\/\/www.sprachschule-aktiv-muenchen.de\/wp-content\/uploads\/2018\/05\/testdaf-en-allemagne.jpg"},{"@type":"BreadcrumbList","@id":"https:\/\/www.sprachschule-aktiv-muenchen.de\/fr\/cours-de-preparation-au-testdaf-en-allemagne\/#breadcrumb","itemListElement":[{"@type":"ListItem","position":1,"name":"Portada","item":"https:\/\/www.sprachschule-aktiv-muenchen.de\/fr\/"},{"@type":"ListItem","position":2,"name":"Cours de pr\u00e9paration au TestDaF en Allemagne"}]},{"@type":"WebSite","@id":"https:\/\/www.sprachschule-aktiv-muenchen.de\/#website","url":"https:\/\/www.sprachschule-aktiv-muenchen.de\/","name":"Sprachschule Aktiv","description":"","potentialAction":[{"@type":"SearchAction","target":{"@type":"EntryPoint","urlTemplate":"https:\/\/www.sprachschule-aktiv-muenchen.de\/?s={search_term_string}"},"query-input":{"@type":"PropertyValueSpecification","valueRequired":true,"valueName":"search_term_string"}}],"inLanguage":"fr-FR"}]}},"_links":{"self":[{"href":"https:\/\/www.sprachschule-aktiv-muenchen.de\/fr\/wp-json\/wp\/v2\/pages\/44851","targetHints":{"allow":["GET"]}}],"collection":[{"href":"https:\/\/www.sprachschule-aktiv-muenchen.de\/fr\/wp-json\/wp\/v2\/pages"}],"about":[{"href":"https:\/\/www.sprachschule-aktiv-muenchen.de\/fr\/wp-json\/wp\/v2\/types\/page"}],"author":[{"embeddable":true,"href":"https:\/\/www.sprachschule-aktiv-muenchen.de\/fr\/wp-json\/wp\/v2\/users\/2"}],"replies":[{"embeddable":true,"href":"https:\/\/www.sprachschule-aktiv-muenchen.de\/fr\/wp-json\/wp\/v2\/comments?post=44851"}],"version-history":[{"count":4,"href":"https:\/\/www.sprachschule-aktiv-muenchen.de\/fr\/wp-json\/wp\/v2\/pages\/44851\/revisions"}],"predecessor-version":[{"id":72934,"href":"https:\/\/www.sprachschule-aktiv-muenchen.de\/fr\/wp-json\/wp\/v2\/pages\/44851\/revisions\/72934"}],"wp:attachment":[{"href":"https:\/\/www.sprachschule-aktiv-muenchen.de\/fr\/wp-json\/wp\/v2\/media?parent=44851"}],"curies":[{"name":"wp","href":"https:\/\/api.w.org\/{rel}","templated":true}]}}