{"id":78722,"date":"2024-11-04T07:42:11","date_gmt":"2024-11-04T06:42:11","guid":{"rendered":"https:\/\/www.sprachschule-aktiv-muenchen.de\/?page_id=78722"},"modified":"2025-01-07T09:51:10","modified_gmt":"2025-01-07T08:51:10","slug":"cursos-semiintensivos-de-aleman-por-la-tarde","status":"publish","type":"page","link":"https:\/\/www.sprachschule-aktiv-muenchen.de\/es\/cursos-semiintensivos-de-aleman-por-la-tarde\/","title":{"rendered":"Cursos semiintensivos de alem\u00e1n por la tarde en Munich"},"content":{"rendered":"<p>[vc_row css=&#8221;.vc_custom_1730641349699{margin-top: 40px !important;}&#8221;][vc_column][vc_column_text]<\/p>\n<h1 style=\"text-align: center;\">Cursos semiintensivos de alem\u00e1n por la tarde en Munich<\/h1>\n<p>[\/vc_column_text][\/vc_column][\/vc_row][vc_row css=&#8221;.vc_custom_1730709852662{margin-top: 40px !important;padding-right: 25px !important;padding-bottom: 40px !important;padding-left: 25px !important;background-color: #f8f8f8 !important;}&#8221;][vc_column][vc_column_text]<\/p>\n<h2 style=\"text-align: center;\">\u00bfLe gustar\u00eda aprender alem\u00e1n de forma intensiva y tener tiempo suficiente para otras actividades?<\/h2>\n<p>[\/vc_column_text][vc_row_inner][vc_column_inner width=&#8221;1\/2&#8243;][vc_single_image image=&#8221;78743&#8243; img_size=&#8221;full&#8221;][\/vc_column_inner][vc_column_inner width=&#8221;1\/2&#8243;][vc_column_text]Entonces aproveche nuestro curso de alem\u00e1n semiintensivo en M\u00fanich. Con cinco unidades did\u00e1cticas de lunes a viernes de 17:30 a 19:00 horas o de 19:00 a 20:30 horas. Cursos semiintensivos para principiantes y avanzados (A1.1, A1.2, A2.1, A2.2, B1.1, B1.2, B2.1, B2.2, C1.1, C1.2, C2.1, C2.2)[\/vc_column_text]\t<div class=\"vc_btn3-container vc_btn3-inline\">\r\n\t\t<a href=\"https:\/\/www.sprachschule-aktiv-muenchen.de\/es\/contacto-ubicacion\/\" class=\"pgs_btn pgs_btn_style_1 pgs_btn_xl\">\r\n\t\t\t<span>\r\n\t\t\t\tContacta con nosotros\t\t\t<\/span>\r\n\t\t\t\t\t\t<i class=\"fas fa-angle-double-right\"><\/i>\r\n\t\t\t\t\t<\/a>\r\n\t<\/div>\r\n\t[\/vc_column_inner][\/vc_row_inner][\/vc_column][\/vc_row][vc_row][vc_column][vc_column_text]<\/p>\n<h2 style=\"text-align: center;\">\u00bfQui\u00e9n le acompa\u00f1ar\u00e1 durante el aprendizaje de alem\u00e1n en el curso semiintensivo en Munich? Profesores de idiomas motivados y experimentados.<\/h2>\n<p>[\/vc_column_text][vc_column_text]<\/p>\n<p style=\"text-align: center;\">En nuestros cursos de alem\u00e1n en todos los niveles estar\u00e1 acompa\u00f1ado de profesores de idiomas profesionales y comprometidos. Nuestros profesores se caracterizan por una amplia experiencia y una alta motivaci\u00f3n. Explican con paciencia y comprensi\u00f3n las reglas gramaticales y el significado de las palabras y le ayudan con la pronunciaci\u00f3n correcta. Tambi\u00e9n damos gran importancia al hecho de que nuestros profesores no s\u00f3lo sean competentes profesionalmente, sino tambi\u00e9n agradables.<\/p>\n<p>[\/vc_column_text][\/vc_column][\/vc_row][vc_row][vc_column][vc_column_text]<\/p>\n<h2 style=\"text-align: center;\">Aprenda alem\u00e1n en un curso semi-intensivo de A1 a C2<\/h2>\n<p>[\/vc_column_text][vc_row_inner][vc_column_inner width=&#8221;1\/2&#8243;][vc_column_text]<iframe title=\"YouTube video player\" src=\"https:\/\/www.youtube.com\/embed\/O8OSUHbmfWQ?si=dmKbU5xpq-7VQRwP\" width=\"100%\" height=\"315\" frameborder=\"0\" allowfullscreen=\"allowfullscreen\"><\/iframe>[\/vc_column_text][\/vc_column_inner][vc_column_inner width=&#8221;1\/2&#8243;][vc_column_text]Dado que cumplimos con los requisitos y directrices del Marco Com\u00fan Europeo de Referencia para las Lenguas, nuestros cursos de alem\u00e1n semiintensivos tambi\u00e9n est\u00e1n estructurados seg\u00fan este sistema. Esto significa que los principiantes comienzan en A1 y progresan a trav\u00e9s de B1, B2, C1 y C2 hasta alcanzar habilidades casi nativas en el idioma alem\u00e1n. Sin embargo, el curso semiintensivo es un poco m\u00e1s relajado. Recibir\u00e1 el 50% de un nivel como B1.1 en 4 semanas. En las siguientes 4 semanas podr\u00e1 completar el nivel con B1.2.[\/vc_column_text][\/vc_column_inner][\/vc_row_inner][\/vc_column][\/vc_row][vc_row][vc_column][vc_column_text]<\/p>\n<h2 style=\"text-align: center;\">Cursos semi-intensivos de alem\u00e1n en M\u00fanich<\/h2>\n<h2 style=\"text-align: center;\">&#8211; Fechas de inicio y precios &#8211;<\/h2>\n<p>[\/vc_column_text][vc_row_inner][vc_column_inner width=&#8221;1\/3&#8243; css=&#8221;.vc_custom_1730702393042{margin-right: 5px !important;padding-top: 25px !important;padding-right: 25px !important;padding-left: 25px !important;background-color: #f8f8f8 !important;}&#8221;][vc_icon icon_fontawesome=&#8221;far fa-calendar-alt&#8221; color=&#8221;custom&#8221; size=&#8221;lg&#8221; align=&#8221;center&#8221; css=&#8221;.vc_custom_1730702212291{padding-top: 25px !important;}&#8221; custom_color=&#8221;#7ba95f&#8221;][vc_column_text]<\/p>\n<h3 style=\"text-align: center;\">Inicio del curso<\/h3>\n<p style=\"text-align: center;\">El primer lunes del mes<\/p>\n<p>[\/vc_column_text][\/vc_column_inner][vc_column_inner width=&#8221;1\/3&#8243; css=&#8221;.vc_custom_1730709312564{margin-right: 5px !important;margin-left: 5px !important;border-right-width: 5px !important;padding-right: 25px !important;padding-left: 25px !important;background-color: #f8f8f8 !important;border-right-color: #ffffff !important;border-right-style: solid !important;}&#8221;][vc_icon icon_fontawesome=&#8221;far fa-check-circle&#8221; color=&#8221;custom&#8221; size=&#8221;lg&#8221; align=&#8221;center&#8221; css=&#8221;.vc_custom_1730702377317{padding-top: 25px !important;}&#8221; custom_color=&#8221;#7ba95f&#8221;][vc_column_text]<\/p>\n<h3 style=\"text-align: center;\">Niveles de aprendizaje<\/h3>\n<p style=\"text-align: center;\">A1.1, A1.2, A2.1, A2.2, B1.1, B1.2, B2.1, B2.2, C1.1, C1.2, C2.1, C2.2<\/p>\n<p>[\/vc_column_text][\/vc_column_inner][vc_column_inner width=&#8221;1\/3&#8243; css=&#8221;.vc_custom_1730702470858{margin-left: 5px !important;padding-right: 25px !important;padding-left: 25px !important;background-color: #f8f8f8 !important;}&#8221;][vc_icon icon_fontawesome=&#8221;fas fa-map-marker-alt&#8221; color=&#8221;custom&#8221; size=&#8221;lg&#8221; align=&#8221;center&#8221; css=&#8221;.vc_custom_1730702436207{padding-top: 25px !important;}&#8221; custom_color=&#8221;#7ba95f&#8221;][vc_column_text]<\/p>\n<h3 style=\"text-align: center;\">Lugar del curso<\/h3>\n<p style=\"text-align: center;\">He\u00dfstra\u00dfe 90, 80797 Munich o en l\u00ednea<\/p>\n<p>[\/vc_column_text][\/vc_column_inner][\/vc_row_inner][\/vc_column][\/vc_row][vc_row css=&#8221;.vc_custom_1730709496351{margin-top: 20px !important;padding-top: 35px !important;padding-right: 25px !important;padding-left: 25px !important;background-color: #f8f8f8 !important;}&#8221;][vc_column][vc_column_text]<\/p>\n<p style=\"text-align: center;\"><em><strong>Duraci\u00f3n del curso: 4 semanas (de lunes a viernes)<\/strong> \u2013 con al menos 5 participantes registrados en el curso; <strong>4 semanas (de lunes a jueves)<\/strong> \u2013 con al menos 4 participantes en el curso<\/em><\/p>\n<p style=\"text-align: center;\">*El libro de texto no est\u00e1 incluido en el precio del curso.<\/p>\n<p>[\/vc_column_text][\/vc_column][\/vc_row][vc_row css=&#8221;.vc_custom_1730709586851{margin-top: 20px !important;}&#8221;][vc_column][vc_column_text]\n<table id=\"tablepress-142\" class=\"tablepress tablepress-id-142 pepito tablepress-responsive\">\n<thead>\n<tr class=\"row-1\">\n\t<th class=\"column-1\">Mes<\/th><th class=\"column-2\">Inicio curso<\/th><th class=\"column-3\">Horario<\/th><th class=\"column-4\">Precio<\/th>\n<\/tr>\n<\/thead>\n<tbody class=\"row-striping row-hover\">\n<tr class=\"row-2\">\n\t<td class=\"column-1\">Enero<\/td><td class=\"column-2\">05.01.2026<\/td><td class=\"column-3\">Lun-Jue 18:00-19:30 \/ 19:30-21:00<\/td><td class=\"column-4\">299,00 \u20ac<\/td>\n<\/tr>\n<tr class=\"row-3\">\n\t<td class=\"column-1\">Febrero<\/td><td class=\"column-2\">02.02.2026<\/td><td class=\"column-3\">Lun-Jue 18:00-19:30 \/ 19:30-21:00<\/td><td class=\"column-4\">299,00 \u20ac<\/td>\n<\/tr>\n<tr class=\"row-4\">\n\t<td class=\"column-1\">Marzo<\/td><td class=\"column-2\">02.03.2026<\/td><td class=\"column-3\">Lun-Jue 18:00-19:30 \/ 19:30-21:00<\/td><td class=\"column-4\">299,00 \u20ac<\/td>\n<\/tr>\n<tr class=\"row-5\">\n\t<td class=\"column-1\">Abril<\/td><td class=\"column-2\">30.03.2026*<\/td><td class=\"column-3\">Lun-Jue 18:00-19:30 \/ 19:30-21:00<\/td><td class=\"column-4\">299,00 \u20ac<\/td>\n<\/tr>\n<tr class=\"row-6\">\n\t<td class=\"column-1\">Mayo<\/td><td class=\"column-2\">04.05.2026<\/td><td class=\"column-3\">Lun-Jue 18:00-19:30 \/ 19:30-21:00<\/td><td class=\"column-4\">299,00 \u20ac<\/td>\n<\/tr>\n<tr class=\"row-7\">\n\t<td class=\"column-1\">Junio<\/td><td class=\"column-2\">01.06.2026<\/td><td class=\"column-3\">Lun-Jue 18:00-19:30 \/ 19:30-21:00<\/td><td class=\"column-4\">299,00 \u20ac<\/td>\n<\/tr>\n<tr class=\"row-8\">\n\t<td class=\"column-1\">Julio<\/td><td class=\"column-2\">29.06.2026*<\/td><td class=\"column-3\">Lun-Jue 18:00-19:30 \/ 19:30-21:00<\/td><td class=\"column-4\">299,00 \u20ac<\/td>\n<\/tr>\n<tr class=\"row-9\">\n\t<td class=\"column-1\">Agosto<\/td><td class=\"column-2\">03.08.2026<\/td><td class=\"column-3\">Lun-Jue 18:00-19:30 \/ 19:30-21:00<\/td><td class=\"column-4\">299,00 \u20ac<\/td>\n<\/tr>\n<tr class=\"row-10\">\n\t<td class=\"column-1\">Septiembre<\/td><td class=\"column-2\">31.08.2026*<\/td><td class=\"column-3\">Lun-Jue 18:00-19:30 \/ 19:30-21:00<\/td><td class=\"column-4\">299,00 \u20ac<\/td>\n<\/tr>\n<tr class=\"row-11\">\n\t<td class=\"column-1\">Octubre<\/td><td class=\"column-2\">28.09.2026*<\/td><td class=\"column-3\">Lun-Jue 18:00-19:30 \/ 19:30-21:00<\/td><td class=\"column-4\">299,00 \u20ac<\/td>\n<\/tr>\n<tr class=\"row-12\">\n\t<td class=\"column-1\">Noviembre<\/td><td class=\"column-2\">26.10.2026*<\/td><td class=\"column-3\">Lun-Jue 18:00-19:30 \/ 19:30-21:00<\/td><td class=\"column-4\">299,00 \u20ac<\/td>\n<\/tr>\n<tr class=\"row-13\">\n\t<td class=\"column-1\">Diciembre<\/td><td class=\"column-2\">23.11.2026*<\/td><td class=\"column-3\">Lun-Jue 18:00-19:30 \/ 19:30-21:00<\/td><td class=\"column-4\">299,00 \u20ac<\/td>\n<\/tr>\n<\/tbody>\n<\/table>\n<!-- #tablepress-142 from cache -->[\/vc_column_text][vc_column_text]*A partir de 3 participantes Lun &#8211; Mie<br \/>\n*A partir de 4 participantes Lun &#8211; Jue[\/vc_column_text]\t<div class=\"vc_btn3-container vc_btn3-inline\">\r\n\t\t<a href=\"https:\/\/www.sprachschule-aktiv-muenchen.de\/es\/inscribete-cursos-aleman\/\" class=\"pgs_btn pgs_btn_style_1 pgs_btn_xl\">\r\n\t\t\t<span>\r\n\t\t\t\tInscr\u00edbete ahora\t\t\t<\/span>\r\n\t\t\t\t\t\t<i class=\"fas fa-angle-double-right\"><\/i>\r\n\t\t\t\t\t<\/a>\r\n\t<\/div>\r\n\t[\/vc_column][\/vc_row][vc_row css=&#8221;.vc_custom_1730709775368{margin-bottom: 40px !important;}&#8221;][vc_column][vc_column_text]<\/p>\n<h2 style=\"text-align: center;\">Seguridad a trav\u00e9s de una lecci\u00f3n de prueba gratuita<\/h2>\n<p>[\/vc_column_text][vc_row_inner][vc_column_inner width=&#8221;1\/2&#8243;][vc_single_image image=&#8221;78767&#8243; img_size=&#8221;full&#8221;][\/vc_column_inner][vc_column_inner width=&#8221;1\/2&#8243;][vc_column_text]Si decide reservar un curso de alem\u00e1n con nosotros, definitivamente estar\u00e1 en el lado seguro. Por un lado, puede probar su curso semiintensivo de alem\u00e1n en una lecci\u00f3n de prueba gratuita.<\/p>\n<p>Por supuesto, recibir\u00e1 un certificado de idioma* de parte nuestra despu\u00e9s de completar el curso.<\/p>\n<p><span style=\"font-size: 12px;\">*Al finalizar el curso de idiomas tiene la oportunidad de recibir un certificado de idioma si lo desea. Este certificado confirma que ha participado regularmente y con \u00e9xito en el curso.<\/span><br \/>\n[\/vc_column_text][\/vc_column_inner][\/vc_row_inner][\/vc_column][\/vc_row]<\/p>\n","protected":false},"excerpt":{"rendered":"<p>[vc_row css=&#8221;.vc_custom_1730641349699{margin-top: 40px !important;}&#8221;][vc_column][vc_column_text] Cursos semiintensivos de alem\u00e1n por la tarde en Munich [\/vc_column_text][\/vc_column][\/vc_row][vc_row css=&#8221;.vc_custom_1730709852662{margin-top: 40px !important;padding-right: 25px !important;padding-bottom: 40px !important;padding-left: 25px !important;background-color: #f8f8f8 !important;}&#8221;][vc_column][vc_column_text] \u00bfLe gustar\u00eda aprender alem\u00e1n de forma intensiva y tener tiempo suficiente para otras actividades? [\/vc_column_text][vc_row_inner][vc_column_inner width=&#8221;1\/2&#8243;][vc_single_image image=&#8221;78743&#8243; img_size=&#8221;full&#8221;][\/vc_column_inner][vc_column_inner width=&#8221;1\/2&#8243;][vc_column_text]Entonces aproveche nuestro curso de alem\u00e1n semiintensivo en M\u00fanich. Con cinco unidades&hellip; <a class=\"read-more\" href=\"https:\/\/www.sprachschule-aktiv-muenchen.de\/es\/cursos-semiintensivos-de-aleman-por-la-tarde\/\" title=\"Read Cursos semiintensivos de alem\u00e1n por la tarde en Munich\">Read more &raquo;<\/a><\/p>\n","protected":false},"author":7,"featured_media":0,"parent":0,"menu_order":0,"comment_status":"closed","ping_status":"closed","template":"","meta":{"footnotes":""},"class_list":["post-78722","page","type-page","status-publish","hentry"],"yoast_head":"<!-- This site is optimized with the Yoast SEO plugin v27.1.1 - https:\/\/yoast.com\/product\/yoast-seo-wordpress\/ -->\n<title>Cursos semiintensivos de alem\u00e1n por la tarde en Munich - Sprachschule Aktiv<\/title>\n<meta name=\"robots\" content=\"index, follow, max-snippet:-1, max-image-preview:large, max-video-preview:-1\" \/>\n<link rel=\"canonical\" href=\"https:\/\/www.sprachschule-aktiv-muenchen.de\/es\/cursos-semiintensivos-de-aleman-por-la-tarde\/\" \/>\n<meta property=\"og:locale\" content=\"es_ES\" \/>\n<meta property=\"og:type\" content=\"article\" \/>\n<meta property=\"og:title\" content=\"Cursos semiintensivos de alem\u00e1n por la tarde en Munich - Sprachschule Aktiv\" \/>\n<meta property=\"og:description\" content=\"[vc_row css=&#8221;.vc_custom_1730641349699{margin-top: 40px !important;}&#8221;][vc_column][vc_column_text] Cursos semiintensivos de alem\u00e1n por la tarde en Munich [\/vc_column_text][\/vc_column][\/vc_row][vc_row css=&#8221;.vc_custom_1730709852662{margin-top: 40px !important;padding-right: 25px !important;padding-bottom: 40px !important;padding-left: 25px !important;background-color: #f8f8f8 !important;}&#8221;][vc_column][vc_column_text] \u00bfLe gustar\u00eda aprender alem\u00e1n de forma intensiva y tener tiempo suficiente para otras actividades? [\/vc_column_text][vc_row_inner][vc_column_inner width=&#8221;1\/2&#8243;][vc_single_image image=&#8221;78743&#8243; img_size=&#8221;full&#8221;][\/vc_column_inner][vc_column_inner width=&#8221;1\/2&#8243;][vc_column_text]Entonces aproveche nuestro curso de alem\u00e1n semiintensivo en M\u00fanich. Con cinco unidades&hellip; Read more &raquo;\" \/>\n<meta property=\"og:url\" content=\"https:\/\/www.sprachschule-aktiv-muenchen.de\/es\/cursos-semiintensivos-de-aleman-por-la-tarde\/\" \/>\n<meta property=\"og:site_name\" content=\"Sprachschule Aktiv\" \/>\n<meta property=\"article:modified_time\" content=\"2025-01-07T08:51:10+00:00\" \/>\n<meta name=\"twitter:card\" content=\"summary_large_image\" \/>\n<meta name=\"twitter:label1\" content=\"Tiempo de lectura\" \/>\n\t<meta name=\"twitter:data1\" content=\"4 minutos\" \/>\n<script type=\"application\/ld+json\" class=\"yoast-schema-graph\">{\"@context\":\"https:\/\/schema.org\",\"@graph\":[{\"@type\":\"WebPage\",\"@id\":\"https:\/\/www.sprachschule-aktiv-muenchen.de\/es\/cursos-semiintensivos-de-aleman-por-la-tarde\/\",\"url\":\"https:\/\/www.sprachschule-aktiv-muenchen.de\/es\/cursos-semiintensivos-de-aleman-por-la-tarde\/\",\"name\":\"Cursos semiintensivos de alem\u00e1n por la tarde en Munich - Sprachschule Aktiv\",\"isPartOf\":{\"@id\":\"https:\/\/www.sprachschule-aktiv-muenchen.de\/#website\"},\"datePublished\":\"2024-11-04T06:42:11+00:00\",\"dateModified\":\"2025-01-07T08:51:10+00:00\",\"breadcrumb\":{\"@id\":\"https:\/\/www.sprachschule-aktiv-muenchen.de\/es\/cursos-semiintensivos-de-aleman-por-la-tarde\/#breadcrumb\"},\"inLanguage\":\"es\",\"potentialAction\":[{\"@type\":\"ReadAction\",\"target\":[\"https:\/\/www.sprachschule-aktiv-muenchen.de\/es\/cursos-semiintensivos-de-aleman-por-la-tarde\/\"]}]},{\"@type\":\"BreadcrumbList\",\"@id\":\"https:\/\/www.sprachschule-aktiv-muenchen.de\/es\/cursos-semiintensivos-de-aleman-por-la-tarde\/#breadcrumb\",\"itemListElement\":[{\"@type\":\"ListItem\",\"position\":1,\"name\":\"Portada\",\"item\":\"https:\/\/www.sprachschule-aktiv-muenchen.de\/es\/\"},{\"@type\":\"ListItem\",\"position\":2,\"name\":\"Cursos semiintensivos de alem\u00e1n por la tarde en Munich\"}]},{\"@type\":\"WebSite\",\"@id\":\"https:\/\/www.sprachschule-aktiv-muenchen.de\/#website\",\"url\":\"https:\/\/www.sprachschule-aktiv-muenchen.de\/\",\"name\":\"Sprachschule Aktiv\",\"description\":\"\",\"potentialAction\":[{\"@type\":\"SearchAction\",\"target\":{\"@type\":\"EntryPoint\",\"urlTemplate\":\"https:\/\/www.sprachschule-aktiv-muenchen.de\/?s={search_term_string}\"},\"query-input\":{\"@type\":\"PropertyValueSpecification\",\"valueRequired\":true,\"valueName\":\"search_term_string\"}}],\"inLanguage\":\"es\"}]}<\/script>\n<!-- \/ Yoast SEO plugin. -->","yoast_head_json":{"title":"Cursos semiintensivos de alem\u00e1n por la tarde en Munich - Sprachschule Aktiv","robots":{"index":"index","follow":"follow","max-snippet":"max-snippet:-1","max-image-preview":"max-image-preview:large","max-video-preview":"max-video-preview:-1"},"canonical":"https:\/\/www.sprachschule-aktiv-muenchen.de\/es\/cursos-semiintensivos-de-aleman-por-la-tarde\/","og_locale":"es_ES","og_type":"article","og_title":"Cursos semiintensivos de alem\u00e1n por la tarde en Munich - Sprachschule Aktiv","og_description":"[vc_row css=&#8221;.vc_custom_1730641349699{margin-top: 40px !important;}&#8221;][vc_column][vc_column_text] Cursos semiintensivos de alem\u00e1n por la tarde en Munich [\/vc_column_text][\/vc_column][\/vc_row][vc_row css=&#8221;.vc_custom_1730709852662{margin-top: 40px !important;padding-right: 25px !important;padding-bottom: 40px !important;padding-left: 25px !important;background-color: #f8f8f8 !important;}&#8221;][vc_column][vc_column_text] \u00bfLe gustar\u00eda aprender alem\u00e1n de forma intensiva y tener tiempo suficiente para otras actividades? [\/vc_column_text][vc_row_inner][vc_column_inner width=&#8221;1\/2&#8243;][vc_single_image image=&#8221;78743&#8243; img_size=&#8221;full&#8221;][\/vc_column_inner][vc_column_inner width=&#8221;1\/2&#8243;][vc_column_text]Entonces aproveche nuestro curso de alem\u00e1n semiintensivo en M\u00fanich. Con cinco unidades&hellip; Read more &raquo;","og_url":"https:\/\/www.sprachschule-aktiv-muenchen.de\/es\/cursos-semiintensivos-de-aleman-por-la-tarde\/","og_site_name":"Sprachschule Aktiv","article_modified_time":"2025-01-07T08:51:10+00:00","twitter_card":"summary_large_image","twitter_misc":{"Tiempo de lectura":"4 minutos"},"schema":{"@context":"https:\/\/schema.org","@graph":[{"@type":"WebPage","@id":"https:\/\/www.sprachschule-aktiv-muenchen.de\/es\/cursos-semiintensivos-de-aleman-por-la-tarde\/","url":"https:\/\/www.sprachschule-aktiv-muenchen.de\/es\/cursos-semiintensivos-de-aleman-por-la-tarde\/","name":"Cursos semiintensivos de alem\u00e1n por la tarde en Munich - Sprachschule Aktiv","isPartOf":{"@id":"https:\/\/www.sprachschule-aktiv-muenchen.de\/#website"},"datePublished":"2024-11-04T06:42:11+00:00","dateModified":"2025-01-07T08:51:10+00:00","breadcrumb":{"@id":"https:\/\/www.sprachschule-aktiv-muenchen.de\/es\/cursos-semiintensivos-de-aleman-por-la-tarde\/#breadcrumb"},"inLanguage":"es","potentialAction":[{"@type":"ReadAction","target":["https:\/\/www.sprachschule-aktiv-muenchen.de\/es\/cursos-semiintensivos-de-aleman-por-la-tarde\/"]}]},{"@type":"BreadcrumbList","@id":"https:\/\/www.sprachschule-aktiv-muenchen.de\/es\/cursos-semiintensivos-de-aleman-por-la-tarde\/#breadcrumb","itemListElement":[{"@type":"ListItem","position":1,"name":"Portada","item":"https:\/\/www.sprachschule-aktiv-muenchen.de\/es\/"},{"@type":"ListItem","position":2,"name":"Cursos semiintensivos de alem\u00e1n por la tarde en Munich"}]},{"@type":"WebSite","@id":"https:\/\/www.sprachschule-aktiv-muenchen.de\/#website","url":"https:\/\/www.sprachschule-aktiv-muenchen.de\/","name":"Sprachschule Aktiv","description":"","potentialAction":[{"@type":"SearchAction","target":{"@type":"EntryPoint","urlTemplate":"https:\/\/www.sprachschule-aktiv-muenchen.de\/?s={search_term_string}"},"query-input":{"@type":"PropertyValueSpecification","valueRequired":true,"valueName":"search_term_string"}}],"inLanguage":"es"}]}},"_links":{"self":[{"href":"https:\/\/www.sprachschule-aktiv-muenchen.de\/es\/wp-json\/wp\/v2\/pages\/78722","targetHints":{"allow":["GET"]}}],"collection":[{"href":"https:\/\/www.sprachschule-aktiv-muenchen.de\/es\/wp-json\/wp\/v2\/pages"}],"about":[{"href":"https:\/\/www.sprachschule-aktiv-muenchen.de\/es\/wp-json\/wp\/v2\/types\/page"}],"author":[{"embeddable":true,"href":"https:\/\/www.sprachschule-aktiv-muenchen.de\/es\/wp-json\/wp\/v2\/users\/7"}],"replies":[{"embeddable":true,"href":"https:\/\/www.sprachschule-aktiv-muenchen.de\/es\/wp-json\/wp\/v2\/comments?post=78722"}],"version-history":[{"count":24,"href":"https:\/\/www.sprachschule-aktiv-muenchen.de\/es\/wp-json\/wp\/v2\/pages\/78722\/revisions"}],"predecessor-version":[{"id":79419,"href":"https:\/\/www.sprachschule-aktiv-muenchen.de\/es\/wp-json\/wp\/v2\/pages\/78722\/revisions\/79419"}],"wp:attachment":[{"href":"https:\/\/www.sprachschule-aktiv-muenchen.de\/es\/wp-json\/wp\/v2\/media?parent=78722"}],"curies":[{"name":"wp","href":"https:\/\/api.w.org\/{rel}","templated":true}]}}