{"id":71327,"date":"2017-01-24T15:29:50","date_gmt":"2017-01-24T14:29:50","guid":{"rendered":"https:\/\/www.sprachschule-aktiv-muenchen.de\/deutsch-abendkurs\/"},"modified":"2026-01-08T21:42:17","modified_gmt":"2026-01-08T20:42:17","slug":"cursos-nocturnos-aleman","status":"publish","type":"page","link":"https:\/\/www.sprachschule-aktiv-muenchen.de\/es\/cursos-nocturnos-aleman\/","title":{"rendered":"Cursos nocturnos"},"content":{"rendered":"<p>[vc_row css=&#8221;.vc_custom_1485265033733{margin-bottom: 30px !important;}&#8221;][vc_column][vc_column_text css=&#8221;.vc_custom_1699436793932{margin-top: 30px !important;margin-bottom: 30px !important;}&#8221;][\/vc_column_text][vc_row_inner][vc_column_inner width=&#8221;1\/2&#8243;][vc_column_text]<img decoding=\"async\" class=\"alignnone wp-image-71438 size-full\" src=\"http:\/\/www.sprachschule-aktiv-muenchen.de\/wp-content\/uploads\/2022\/06\/cursos-nocturnos-aleman-en-munich.webp\" alt=\"Cursos nocturnos de alem\u00e1n en M\u00fanich\" width=\"770\" height=\"723\" srcset=\"https:\/\/www.sprachschule-aktiv-muenchen.de\/wp-content\/uploads\/2022\/06\/cursos-nocturnos-aleman-en-munich.webp 770w, https:\/\/www.sprachschule-aktiv-muenchen.de\/wp-content\/uploads\/2022\/06\/cursos-nocturnos-aleman-en-munich-300x282.webp 300w, https:\/\/www.sprachschule-aktiv-muenchen.de\/wp-content\/uploads\/2022\/06\/cursos-nocturnos-aleman-en-munich-768x721.webp 768w\" sizes=\"(max-width: 770px) 100vw, 770px\" \/>[\/vc_column_text][\/vc_column_inner][vc_column_inner width=&#8221;1\/2&#8243;][vc_column_text]<\/p>\n<h1 style=\"text-align: center;\">Cursos nocturnos de alem\u00e1n en M\u00fanich \u2013 Precios y fechas de inicio<\/h1>\n<p style=\"text-align: center;\">Nuestros cursos nocturnos interactivos de alem\u00e1n son adecuados para principiantes y estudiantes avanzados en todos los niveles de idioma desde A1, A2, B1, B2, C1 y C2. Por supuesto recibir\u00e1s al final del respectivo nivel de idioma un certificado de participaci\u00f3n.<\/p>\n<p>[\/vc_column_text]\t<div class=\"vc_btn3-container vc_btn3-inline\">\r\n\t\t<a href=\"https:\/\/www.sprachschule-aktiv-muenchen.de\/es\/contacto-ubicacion\/\" class=\"pgs_btn pgs_btn_style_1 pgs_btn_xl\">\r\n\t\t\t<span>\r\n\t\t\t\tCONTACTA CON NOSOTROS\t\t\t<\/span>\r\n\t\t\t\t\t\t<i class=\"fa fa-sign-out\"><\/i>\r\n\t\t\t\t\t<\/a>\r\n\t<\/div>\r\n\t[\/vc_column_inner][\/vc_row_inner][vc_row_inner][vc_column_inner width=&#8221;1\/2&#8243;][vc_column_text]<iframe title=\"YouTube video player\" src=\"https:\/\/www.youtube.com\/embed\/O8OSUHbmfWQ\" width=\"560\" height=\"315\" frameborder=\"0\" allowfullscreen=\"allowfullscreen\"><\/iframe>[\/vc_column_text][\/vc_column_inner][vc_column_inner width=&#8221;1\/2&#8243;][vc_column_text]<iframe title=\"YouTube video player\" src=\"https:\/\/www.youtube.com\/embed\/cTrnXlvqlnA\" width=\"560\" height=\"315\" frameborder=\"0\" allowfullscreen=\"allowfullscreen\"><\/iframe>[\/vc_column_text][\/vc_column_inner][\/vc_row_inner][\/vc_column][\/vc_row][vc_row full_width=&#8221;stretch_row&#8221; tc_enable_overlay=&#8221;true&#8221; css=&#8221;.vc_custom_1488571865227{padding-top: 30px !important;padding-bottom: 30px !important;background-color: #f9f9f9 !important;}&#8221;][vc_column][vc_column_text]<\/p>\n<h2 style=\"text-align: center;\">\u00a0Cursos nocturnos de alem\u00e1n: duraci\u00f3n del curso 12 semanas, 90 minutos por semana<\/h2>\n<p style=\"text-align: center;\"><strong>Nieves<\/strong>: A1.1, A1.2, A2.1, A2.2, B1.1, B1.2, B2.1, B2.2, C1.1, C1.2, C2.1, C2.2.<br \/>\nNuestros cursos nocturnos son una oferta para todos los interesados que no disponen de tiempo durante el d\u00eda. La planificaci\u00f3n detallada tambi\u00e9n se adapta a los participantes. Con la formaci\u00f3n interactiva, las habilidades reci\u00e9n aprendidas se practican de forma intensiva, de modo que el esfuerzo de aprendizaje adicional fuera del aula se reduce al m\u00ednimo.<\/p>\n<p>[\/vc_column_text][vc_column_text]<\/p>\n<h2 style=\"text-align: center;\"><\/h2>\n<h2 style=\"text-align: center;\"><\/h2>\n<p>[\/vc_column_text][vc_column_text]<\/p>\n<h2 style=\"text-align: center;\">Fechas de inicio de los cursos nocturnos de alem\u00e1n en 2026<\/h2>\n<div id=\"tablepress-188-scroll-wrapper\" class=\"tablepress-scroll-wrapper\">\n\n<table id=\"tablepress-188\" class=\"tablepress tablepress-id-188 tablepress-responsive\">\n<thead>\n<tr class=\"row-1\">\n\t<th colspan=\"6\" class=\"column-1\">Fechas de inicio 2026<\/th>\n<\/tr>\n<\/thead>\n<tbody class=\"row-striping row-hover\">\n<tr class=\"row-2\">\n\t<td class=\"column-1\">Curso nocturno<\/td><td class=\"column-2\">Inicio del curso<\/td><td class=\"column-3\">Cita<\/td><td class=\"column-4\">Horario<\/td><td class=\"column-5\">Duraci\u00f3n<\/td><td class=\"column-6\">Precio<\/td>\n<\/tr>\n<tr class=\"row-3\">\n\t<td class=\"column-1\">Enero<\/td><td class=\"column-2\">08.01.2026<\/td><td class=\"column-3\">Jueves<\/td><td class=\"column-4\">17:45 - 19:15<\/td><td class=\"column-5\">12 semanas<\/td><td class=\"column-6\">279 \u20ac<\/td>\n<\/tr>\n<tr class=\"row-4\">\n\t<td class=\"column-1\">Febrero<\/td><td class=\"column-2\">03.02.2026<\/td><td class=\"column-3\">Martes<\/td><td class=\"column-4\">17:45 - 19:30<\/td><td class=\"column-5\">12 semanas<\/td><td class=\"column-6\">279 \u20ac<\/td>\n<\/tr>\n<tr class=\"row-5\">\n\t<td class=\"column-1\">Marzo<\/td><td class=\"column-2\">05.03.2026<\/td><td class=\"column-3\">Jueves<\/td><td class=\"column-4\">19:30 - 21:00<\/td><td class=\"column-5\">12 semanas<\/td><td class=\"column-6\">279 \u20ac<\/td>\n<\/tr>\n<tr class=\"row-6\">\n\t<td class=\"column-1\">Abril<\/td><td class=\"column-2\">07.04.2026<\/td><td class=\"column-3\">Martes<\/td><td class=\"column-4\">19:30 - 21:00<\/td><td class=\"column-5\">12 semanas<\/td><td class=\"column-6\">279 \u20ac<\/td>\n<\/tr>\n<tr class=\"row-7\">\n\t<td class=\"column-1\">Mayo<\/td><td class=\"column-2\">07.05.2026<\/td><td class=\"column-3\">Jueves<\/td><td class=\"column-4\">17:45 - 19:15<\/td><td class=\"column-5\">12 semanas<\/td><td class=\"column-6\">279 \u20ac<\/td>\n<\/tr>\n<tr class=\"row-8\">\n\t<td class=\"column-1\">Junio<\/td><td class=\"column-2\">02.06.2026<\/td><td class=\"column-3\">Martes<\/td><td class=\"column-4\">17:45 - 19:30<\/td><td class=\"column-5\">12 semanas<\/td><td class=\"column-6\">279 \u20ac<\/td>\n<\/tr>\n<tr class=\"row-9\">\n\t<td class=\"column-1\">Julio<\/td><td class=\"column-2\">02.07.2026<\/td><td class=\"column-3\">Jueves<\/td><td class=\"column-4\">19:30 - 21:00<\/td><td class=\"column-5\">12 semanas<\/td><td class=\"column-6\">279 \u20ac<\/td>\n<\/tr>\n<tr class=\"row-10\">\n\t<td class=\"column-1\">Agosto<\/td><td class=\"column-2\">04.08.2026<\/td><td class=\"column-3\">Martes<\/td><td class=\"column-4\">19:30 - 21:00<\/td><td class=\"column-5\">12 semanas<\/td><td class=\"column-6\">279 \u20ac<\/td>\n<\/tr>\n<tr class=\"row-11\">\n\t<td class=\"column-1\">Septiembre<\/td><td class=\"column-2\">03.09.2026<\/td><td class=\"column-3\">Jueves<\/td><td class=\"column-4\">17:45 - 19:15<\/td><td class=\"column-5\">12 semanas<\/td><td class=\"column-6\">279 \u20ac<\/td>\n<\/tr>\n<tr class=\"row-12\">\n\t<td class=\"column-1\">Octubre<\/td><td class=\"column-2\">06.10.2026<\/td><td class=\"column-3\">Martes<\/td><td class=\"column-4\">17:45 - 19:15<\/td><td class=\"column-5\">12 semanas<\/td><td class=\"column-6\">279 \u20ac<\/td>\n<\/tr>\n<tr class=\"row-13\">\n\t<td class=\"column-1\">Noviembre<\/td><td class=\"column-2\">05.11.2026<\/td><td class=\"column-3\">Jueves<\/td><td class=\"column-4\">19:30 - 21:00<\/td><td class=\"column-5\">12 semanas<\/td><td class=\"column-6\">279 \u20ac<\/td>\n<\/tr>\n<tr class=\"row-14\">\n\t<td class=\"column-1\">Diciembre<\/td><td class=\"column-2\">01.12.2026<\/td><td class=\"column-3\">Martes<\/td><td class=\"column-4\">19:30 - 21:00<\/td><td class=\"column-5\">12 semanas<\/td><td class=\"column-6\">279 \u20ac<\/td>\n<\/tr>\n<\/tbody>\n<\/table>\n\n<\/div>[\/vc_column_text]\t<div class=\"vc_btn3-container vc_btn3-center\">\r\n\t\t<a href=\"https:\/\/www.sprachschule-aktiv-muenchen.de\/es\/inscribete-cursos-aleman\/\" class=\"pgs_btn pgs_btn_style_1 pgs_btn_xl\">\r\n\t\t\t<span>\r\n\t\t\t\tINSCR\u00cdBETE AHORA\t\t\t<\/span>\r\n\t\t\t\t\t\t<i class=\"\"><\/i>\r\n\t\t\t\t\t<\/a>\r\n\t<\/div>\r\n\t[\/vc_column][\/vc_row][vc_row full_width=&#8221;stretch_row&#8221; tc_enable_overlay=&#8221;true&#8221; css=&#8221;.vc_custom_1488571888776{padding-top: 30px !important;padding-bottom: 30px !important;}&#8221;][vc_column][vc_column_text]<\/p>\n<h2 style=\"text-align: center;\">Cursos nocturnos de alem\u00e1n \u2013 duraci\u00f3n del curso 6 semanas, 180 minutos por semana<\/h2>\n<p style=\"text-align: center;\"><strong>Nieves<\/strong>: A1.1, A1.2, A2.1, A2.2, B1.1, B1.2, B2.1, B2.2, C1.1, C1.2, C2.1, C2.2<\/p>\n<p style=\"text-align: center;\">Con nuestros profesores calificados y amables, todos hablantes nativos, progresar\u00e1 r\u00e1pidamente en el curso nocturno. Estos cursos grupales tienen lugar dos veces por semana y duran 6 semanas. Cada mes se encuentran nuevas fechas de inicio. Es posible una clasificaci\u00f3n gratuita en cualquier momento.<\/p>\n<p>[\/vc_column_text][vc_column_text]<\/p>\n<h3 style=\"text-align: center;\">Fechas de inicio de los cursos nocturnos de alem\u00e1n en 2026<\/h3>\n<div id=\"tablepress-189-scroll-wrapper\" class=\"tablepress-scroll-wrapper\">\n\n<table id=\"tablepress-189\" class=\"tablepress tablepress-id-189 tablepress-responsive\">\n<thead>\n<tr class=\"row-1\">\n\t<th colspan=\"6\" class=\"column-1\">Fechas de inicio 2026<br \/>\n<\/th>\n<\/tr>\n<\/thead>\n<tbody class=\"row-striping row-hover\">\n<tr class=\"row-2\">\n\t<td class=\"column-1\">Curso nocturno<\/td><td class=\"column-2\">Inicio del curso<\/td><td class=\"column-3\">Cita<\/td><td class=\"column-4\">Horario<\/td><td class=\"column-5\">Duraci\u00f3n<\/td><td class=\"column-6\">Precio<\/td>\n<\/tr>\n<tr class=\"row-3\">\n\t<td class=\"column-1\">Enero<\/td><td class=\"column-2\">05.01.2026<\/td><td class=\"column-3\">Lunes y mi\u00e9rcoles<br \/>\n<\/td><td class=\"column-4\">17:45 - 19:15<br \/>\n19:30 - 21:00<\/td><td class=\"column-5\">6 semanas<\/td><td class=\"column-6\">279 \u20ac<\/td>\n<\/tr>\n<tr class=\"row-4\">\n\t<td class=\"column-1\">Febrero<\/td><td class=\"column-2\">03.02.2026<\/td><td class=\"column-3\">Martes y Jueves<\/td><td class=\"column-4\">17:45 - 19:15<br \/>\n19:30 - 21:00<\/td><td class=\"column-5\">6 semanas<\/td><td class=\"column-6\">279 \u20ac<\/td>\n<\/tr>\n<tr class=\"row-5\">\n\t<td class=\"column-1\">Marzo<\/td><td class=\"column-2\">02.03.2026<\/td><td class=\"column-3\">Lunes y mi\u00e9rcoles<br \/>\n<\/td><td class=\"column-4\">17:45 - 19:15<br \/>\n19:30 - 21:00<\/td><td class=\"column-5\">6 semanas<\/td><td class=\"column-6\">279 \u20ac<\/td>\n<\/tr>\n<tr class=\"row-6\">\n\t<td class=\"column-1\">Abril<\/td><td class=\"column-2\">02.04.2026<\/td><td class=\"column-3\">Martes y Jueves<\/td><td class=\"column-4\">17:45 - 19:15<br \/>\n19:30 - 21:00<\/td><td class=\"column-5\">6 semanas<\/td><td class=\"column-6\">279 \u20ac<\/td>\n<\/tr>\n<tr class=\"row-7\">\n\t<td class=\"column-1\">Mayo<\/td><td class=\"column-2\">04.05.2026<\/td><td class=\"column-3\">Lunes y mi\u00e9rcoles<br \/>\n<\/td><td class=\"column-4\">17:45 - 19:15<br \/>\n19:30 - 21:00<\/td><td class=\"column-5\">6 semanas<\/td><td class=\"column-6\">279 \u20ac<\/td>\n<\/tr>\n<tr class=\"row-8\">\n\t<td class=\"column-1\">Junio<\/td><td class=\"column-2\">02.06.2026<\/td><td class=\"column-3\">Martes y Jueves<\/td><td class=\"column-4\">17:45 - 19:15<br \/>\n19:30 - 21:00<\/td><td class=\"column-5\">6 semanas<\/td><td class=\"column-6\">279 \u20ac<\/td>\n<\/tr>\n<tr class=\"row-9\">\n\t<td class=\"column-1\">Julio<\/td><td class=\"column-2\">01.07.2026<\/td><td class=\"column-3\">Lunes y mi\u00e9rcoles<br \/>\n<\/td><td class=\"column-4\">17:45 - 19:15<br \/>\n19:30 - 21:00<\/td><td class=\"column-5\">6 semanas<\/td><td class=\"column-6\">279 \u20ac<\/td>\n<\/tr>\n<tr class=\"row-10\">\n\t<td class=\"column-1\">Agosto<\/td><td class=\"column-2\">04.08.2026<\/td><td class=\"column-3\">Martes y Jueves<\/td><td class=\"column-4\">17:45 - 19:15<br \/>\n19:30 - 21:00<\/td><td class=\"column-5\">6 semanas<\/td><td class=\"column-6\">279 \u20ac<\/td>\n<\/tr>\n<tr class=\"row-11\">\n\t<td class=\"column-1\">Septiembre<\/td><td class=\"column-2\">02.09.2026<\/td><td class=\"column-3\">Lunes y mi\u00e9rcoles<br \/>\n<\/td><td class=\"column-4\">17:45 - 19:15<br \/>\n19:30 - 21:00<\/td><td class=\"column-5\">6 semanas<\/td><td class=\"column-6\">279 \u20ac<\/td>\n<\/tr>\n<tr class=\"row-12\">\n\t<td class=\"column-1\">Octubre<\/td><td class=\"column-2\">06.10.2026<\/td><td class=\"column-3\">Martes y Jueves<\/td><td class=\"column-4\">17:45 - 19:15<br \/>\n19:30 - 21:00<\/td><td class=\"column-5\">6 semanas<\/td><td class=\"column-6\">279 \u20ac<\/td>\n<\/tr>\n<tr class=\"row-13\">\n\t<td class=\"column-1\">Noviembre<\/td><td class=\"column-2\">02.11.2026<\/td><td class=\"column-3\">Lunes y mi\u00e9rcoles<br \/>\n<\/td><td class=\"column-4\">17:45 - 19:15<br \/>\n19:30 - 21:00<\/td><td class=\"column-5\">6 semanas<\/td><td class=\"column-6\">279 \u20ac<\/td>\n<\/tr>\n<tr class=\"row-14\">\n\t<td class=\"column-1\">Diciembre<\/td><td class=\"column-2\">01.12.2026<\/td><td class=\"column-3\">Martes y Jueves<\/td><td class=\"column-4\">17:45 - 19:15<br \/>\n19:30 - 21:00<br \/>\n<\/td><td class=\"column-5\">6 semanas<\/td><td class=\"column-6\">279 \u20ac<\/td>\n<\/tr>\n<\/tbody>\n<\/table>\n\n<\/div>[\/vc_column_text]\t<div class=\"vc_btn3-container vc_btn3-center\">\r\n\t\t<a href=\"https:\/\/www.sprachschule-aktiv-muenchen.de\/es\/inscribete-cursos-aleman\/\" class=\"pgs_btn pgs_btn_style_1 pgs_btn_xl\">\r\n\t\t\t<span>\r\n\t\t\t\tINSCR\u00cdBETE AHORA\t\t\t<\/span>\r\n\t\t\t\t\t\t<i class=\"\"><\/i>\r\n\t\t\t\t\t<\/a>\r\n\t<\/div>\r\n\t[vc_column_text]Duraci\u00f3n::<\/p>\n<ul>\n<li>A partir de 4 participantes = 24 horas de 45 minutos (6 semanas)<\/li>\n<li>Con 3 participantes = 20 horas de 45 minutos cada una (5 semanas)<\/li>\n<li>Con 2 participantes = 16 horas de 45 minutos cada una (4 semanas)<\/li>\n<\/ul>\n<p>[\/vc_column_text][\/vc_column][\/vc_row][vc_row full_width=&#8221;stretch_row&#8221; tc_enable_overlay=&#8221;true&#8221; css=&#8221;.vc_custom_1585843523235{padding-top: 30px !important;padding-bottom: 30px !important;}&#8221;][vc_column][vc_row_inner][vc_column_inner width=&#8221;1\/2&#8243; css=&#8221;.vc_custom_1699437345913{border-right-width: 5px !important;padding-top: 15px !important;padding-right: 15px !important;padding-bottom: 15px !important;padding-left: 15px !important;background-color: #f8f8f8 !important;border-right-color: #ffffff !important;border-right-style: solid !important;border-radius: 2px !important;}&#8221;][vc_column_text]<\/p>\n<h2 style=\"text-align: center;\">Cursos nocturnos para principiantes A1 (A1.1, A1.2), A2 (A2.1, A2.2)<\/h2>\n<p style=\"text-align: center;\">En el curso para principiantes, queremos permitir a nuestros participantes encontrar su camino en situaciones cotidianas reales y expresar necesidades y deseos elementales. Los partecipantes adquirir\u00e1n habilidades gramaticales b\u00e1sicas y comprender\u00e1n informaci\u00f3n en conversaciones sencillas de cada d\u00eda.<\/p>\n<p>[\/vc_column_text][\/vc_column_inner][vc_column_inner width=&#8221;1\/2&#8243; css=&#8221;.vc_custom_1699437331177{padding-top: 15px !important;padding-right: 15px !important;padding-bottom: 15px !important;padding-left: 15px !important;background-color: #f8f8f8 !important;}&#8221;][vc_column_text]<\/p>\n<h2 style=\"text-align: center;\">Cursos nocturnos para niveles intermedios B1 (B1.1, B1.2), B2 (B2.1, B2.2)<\/h2>\n<p style=\"text-align: center;\">En el curso de grupo de Alem\u00e1n para los niveles B1 y B2 adquirir\u00e1s un extenso vocabulario, familiariz\u00e1s con textos m\u00e1s complejos y aprender\u00e1s a escribirlos t\u00fa mismo.<\/p>\n<p>[\/vc_column_text][\/vc_column_inner][\/vc_row_inner][vc_column_text]<\/p>\n<h2 style=\"text-align: center;\">Cursos nocturno para C1 (C1.1, C1.2) y C2 (C2.1, (C2.2)<\/h2>\n<p style=\"text-align: center;\">Los cursos nocturnos de Alem\u00e1n de los niveles C1 y C2 tienen como objetivo acompa\u00f1ar a nuestros participantes a un nivel de idioma similar al de un hablante nativo. En las conversaciones cotidianas y situaciones de trabajo reales, los estudiantes pueden participar a un ritmo r\u00e1pido.<\/p>\n<p>Tambi\u00e9n te preparamos gustosamente con cursos preparatorios para ex\u00e1menes como Testdaf.[\/vc_column_text][\/vc_column][\/vc_row]<\/p>\n","protected":false},"excerpt":{"rendered":"<p>[vc_row css=&#8221;.vc_custom_1485265033733{margin-bottom: 30px !important;}&#8221;][vc_column][vc_column_text css=&#8221;.vc_custom_1699436793932{margin-top: 30px !important;margin-bottom: 30px !important;}&#8221;][\/vc_column_text][vc_row_inner][vc_column_inner width=&#8221;1\/2&#8243;][vc_column_text][\/vc_column_text][\/vc_column_inner][vc_column_inner width=&#8221;1\/2&#8243;][vc_column_text] Cursos nocturnos de alem\u00e1n en M\u00fanich \u2013 Precios y fechas de inicio Nuestros cursos nocturnos interactivos de alem\u00e1n son adecuados para principiantes y estudiantes avanzados en todos los niveles de idioma desde A1, A2, B1, B2, C1 y C2. Por supuesto recibir\u00e1s al final&hellip; <a class=\"read-more\" href=\"https:\/\/www.sprachschule-aktiv-muenchen.de\/es\/cursos-nocturnos-aleman\/\" title=\"Read Cursos nocturnos\">Read more &raquo;<\/a><\/p>\n","protected":false},"author":2,"featured_media":0,"parent":0,"menu_order":0,"comment_status":"closed","ping_status":"closed","template":"","meta":{"footnotes":""},"class_list":["post-71327","page","type-page","status-publish","hentry"],"yoast_head":"<!-- This site is optimized with the Yoast SEO plugin v27.1.1 - https:\/\/yoast.com\/product\/yoast-seo-wordpress\/ -->\n<title>Cursos nocturnos de alem\u00e1n en M\u00fanich<\/title>\n<meta name=\"description\" content=\"Nuestros cursos por las tardes de alem\u00e1n son adecuados para principiantes y avanzados A1, A2, B1, B2, C1 y C2. Precios y fechas de inicio.\" \/>\n<meta name=\"robots\" content=\"index, follow, max-snippet:-1, max-image-preview:large, max-video-preview:-1\" \/>\n<link rel=\"canonical\" href=\"https:\/\/www.sprachschule-aktiv-muenchen.de\/es\/cursos-nocturnos-aleman\/\" \/>\n<meta property=\"og:locale\" content=\"es_ES\" \/>\n<meta property=\"og:type\" content=\"article\" \/>\n<meta property=\"og:title\" content=\"Cursos nocturnos de alem\u00e1n en M\u00fanich\" \/>\n<meta property=\"og:description\" content=\"Nuestros cursos por las tardes de alem\u00e1n son adecuados para principiantes y avanzados A1, A2, B1, B2, C1 y C2. Precios y fechas de inicio.\" \/>\n<meta property=\"og:url\" content=\"https:\/\/www.sprachschule-aktiv-muenchen.de\/es\/cursos-nocturnos-aleman\/\" \/>\n<meta property=\"og:site_name\" content=\"Sprachschule Aktiv\" \/>\n<meta property=\"article:modified_time\" content=\"2026-01-08T20:42:17+00:00\" \/>\n<meta property=\"og:image\" content=\"https:\/\/www.sprachschule-aktiv-muenchen.de\/wp-content\/uploads\/2022\/06\/cursos-nocturnos-aleman-en-munich.webp\" \/>\n\t<meta property=\"og:image:width\" content=\"770\" \/>\n\t<meta property=\"og:image:height\" content=\"723\" \/>\n\t<meta property=\"og:image:type\" content=\"image\/webp\" \/>\n<meta name=\"twitter:card\" content=\"summary_large_image\" \/>\n<meta name=\"twitter:label1\" content=\"Tiempo de lectura\" \/>\n\t<meta name=\"twitter:data1\" content=\"4 minutos\" \/>\n<script type=\"application\/ld+json\" class=\"yoast-schema-graph\">{\"@context\":\"https:\/\/schema.org\",\"@graph\":[{\"@type\":\"WebPage\",\"@id\":\"https:\/\/www.sprachschule-aktiv-muenchen.de\/es\/cursos-nocturnos-aleman\/\",\"url\":\"https:\/\/www.sprachschule-aktiv-muenchen.de\/es\/cursos-nocturnos-aleman\/\",\"name\":\"Cursos nocturnos de alem\u00e1n en M\u00fanich\",\"isPartOf\":{\"@id\":\"https:\/\/www.sprachschule-aktiv-muenchen.de\/#website\"},\"primaryImageOfPage\":{\"@id\":\"https:\/\/www.sprachschule-aktiv-muenchen.de\/es\/cursos-nocturnos-aleman\/#primaryimage\"},\"image\":{\"@id\":\"https:\/\/www.sprachschule-aktiv-muenchen.de\/es\/cursos-nocturnos-aleman\/#primaryimage\"},\"thumbnailUrl\":\"http:\/\/www.sprachschule-aktiv-muenchen.de\/wp-content\/uploads\/2022\/06\/cursos-nocturnos-aleman-en-munich.webp\",\"datePublished\":\"2017-01-24T14:29:50+00:00\",\"dateModified\":\"2026-01-08T20:42:17+00:00\",\"description\":\"Nuestros cursos por las tardes de alem\u00e1n son adecuados para principiantes y avanzados A1, A2, B1, B2, C1 y C2. Precios y fechas de inicio.\",\"breadcrumb\":{\"@id\":\"https:\/\/www.sprachschule-aktiv-muenchen.de\/es\/cursos-nocturnos-aleman\/#breadcrumb\"},\"inLanguage\":\"es\",\"potentialAction\":[{\"@type\":\"ReadAction\",\"target\":[\"https:\/\/www.sprachschule-aktiv-muenchen.de\/es\/cursos-nocturnos-aleman\/\"]}]},{\"@type\":\"ImageObject\",\"inLanguage\":\"es\",\"@id\":\"https:\/\/www.sprachschule-aktiv-muenchen.de\/es\/cursos-nocturnos-aleman\/#primaryimage\",\"url\":\"http:\/\/www.sprachschule-aktiv-muenchen.de\/wp-content\/uploads\/2022\/06\/cursos-nocturnos-aleman-en-munich.webp\",\"contentUrl\":\"http:\/\/www.sprachschule-aktiv-muenchen.de\/wp-content\/uploads\/2022\/06\/cursos-nocturnos-aleman-en-munich.webp\"},{\"@type\":\"BreadcrumbList\",\"@id\":\"https:\/\/www.sprachschule-aktiv-muenchen.de\/es\/cursos-nocturnos-aleman\/#breadcrumb\",\"itemListElement\":[{\"@type\":\"ListItem\",\"position\":1,\"name\":\"Portada\",\"item\":\"https:\/\/www.sprachschule-aktiv-muenchen.de\/es\/\"},{\"@type\":\"ListItem\",\"position\":2,\"name\":\"Cursos nocturnos\"}]},{\"@type\":\"WebSite\",\"@id\":\"https:\/\/www.sprachschule-aktiv-muenchen.de\/#website\",\"url\":\"https:\/\/www.sprachschule-aktiv-muenchen.de\/\",\"name\":\"Sprachschule Aktiv\",\"description\":\"\",\"potentialAction\":[{\"@type\":\"SearchAction\",\"target\":{\"@type\":\"EntryPoint\",\"urlTemplate\":\"https:\/\/www.sprachschule-aktiv-muenchen.de\/?s={search_term_string}\"},\"query-input\":{\"@type\":\"PropertyValueSpecification\",\"valueRequired\":true,\"valueName\":\"search_term_string\"}}],\"inLanguage\":\"es\"}]}<\/script>\n<!-- \/ Yoast SEO plugin. -->","yoast_head_json":{"title":"Cursos nocturnos de alem\u00e1n en M\u00fanich","description":"Nuestros cursos por las tardes de alem\u00e1n son adecuados para principiantes y avanzados A1, A2, B1, B2, C1 y C2. Precios y fechas de inicio.","robots":{"index":"index","follow":"follow","max-snippet":"max-snippet:-1","max-image-preview":"max-image-preview:large","max-video-preview":"max-video-preview:-1"},"canonical":"https:\/\/www.sprachschule-aktiv-muenchen.de\/es\/cursos-nocturnos-aleman\/","og_locale":"es_ES","og_type":"article","og_title":"Cursos nocturnos de alem\u00e1n en M\u00fanich","og_description":"Nuestros cursos por las tardes de alem\u00e1n son adecuados para principiantes y avanzados A1, A2, B1, B2, C1 y C2. Precios y fechas de inicio.","og_url":"https:\/\/www.sprachschule-aktiv-muenchen.de\/es\/cursos-nocturnos-aleman\/","og_site_name":"Sprachschule Aktiv","article_modified_time":"2026-01-08T20:42:17+00:00","og_image":[{"width":770,"height":723,"url":"https:\/\/www.sprachschule-aktiv-muenchen.de\/wp-content\/uploads\/2022\/06\/cursos-nocturnos-aleman-en-munich.webp","type":"image\/webp"}],"twitter_card":"summary_large_image","twitter_misc":{"Tiempo de lectura":"4 minutos"},"schema":{"@context":"https:\/\/schema.org","@graph":[{"@type":"WebPage","@id":"https:\/\/www.sprachschule-aktiv-muenchen.de\/es\/cursos-nocturnos-aleman\/","url":"https:\/\/www.sprachschule-aktiv-muenchen.de\/es\/cursos-nocturnos-aleman\/","name":"Cursos nocturnos de alem\u00e1n en M\u00fanich","isPartOf":{"@id":"https:\/\/www.sprachschule-aktiv-muenchen.de\/#website"},"primaryImageOfPage":{"@id":"https:\/\/www.sprachschule-aktiv-muenchen.de\/es\/cursos-nocturnos-aleman\/#primaryimage"},"image":{"@id":"https:\/\/www.sprachschule-aktiv-muenchen.de\/es\/cursos-nocturnos-aleman\/#primaryimage"},"thumbnailUrl":"http:\/\/www.sprachschule-aktiv-muenchen.de\/wp-content\/uploads\/2022\/06\/cursos-nocturnos-aleman-en-munich.webp","datePublished":"2017-01-24T14:29:50+00:00","dateModified":"2026-01-08T20:42:17+00:00","description":"Nuestros cursos por las tardes de alem\u00e1n son adecuados para principiantes y avanzados A1, A2, B1, B2, C1 y C2. Precios y fechas de inicio.","breadcrumb":{"@id":"https:\/\/www.sprachschule-aktiv-muenchen.de\/es\/cursos-nocturnos-aleman\/#breadcrumb"},"inLanguage":"es","potentialAction":[{"@type":"ReadAction","target":["https:\/\/www.sprachschule-aktiv-muenchen.de\/es\/cursos-nocturnos-aleman\/"]}]},{"@type":"ImageObject","inLanguage":"es","@id":"https:\/\/www.sprachschule-aktiv-muenchen.de\/es\/cursos-nocturnos-aleman\/#primaryimage","url":"http:\/\/www.sprachschule-aktiv-muenchen.de\/wp-content\/uploads\/2022\/06\/cursos-nocturnos-aleman-en-munich.webp","contentUrl":"http:\/\/www.sprachschule-aktiv-muenchen.de\/wp-content\/uploads\/2022\/06\/cursos-nocturnos-aleman-en-munich.webp"},{"@type":"BreadcrumbList","@id":"https:\/\/www.sprachschule-aktiv-muenchen.de\/es\/cursos-nocturnos-aleman\/#breadcrumb","itemListElement":[{"@type":"ListItem","position":1,"name":"Portada","item":"https:\/\/www.sprachschule-aktiv-muenchen.de\/es\/"},{"@type":"ListItem","position":2,"name":"Cursos nocturnos"}]},{"@type":"WebSite","@id":"https:\/\/www.sprachschule-aktiv-muenchen.de\/#website","url":"https:\/\/www.sprachschule-aktiv-muenchen.de\/","name":"Sprachschule Aktiv","description":"","potentialAction":[{"@type":"SearchAction","target":{"@type":"EntryPoint","urlTemplate":"https:\/\/www.sprachschule-aktiv-muenchen.de\/?s={search_term_string}"},"query-input":{"@type":"PropertyValueSpecification","valueRequired":true,"valueName":"search_term_string"}}],"inLanguage":"es"}]}},"_links":{"self":[{"href":"https:\/\/www.sprachschule-aktiv-muenchen.de\/es\/wp-json\/wp\/v2\/pages\/71327","targetHints":{"allow":["GET"]}}],"collection":[{"href":"https:\/\/www.sprachschule-aktiv-muenchen.de\/es\/wp-json\/wp\/v2\/pages"}],"about":[{"href":"https:\/\/www.sprachschule-aktiv-muenchen.de\/es\/wp-json\/wp\/v2\/types\/page"}],"author":[{"embeddable":true,"href":"https:\/\/www.sprachschule-aktiv-muenchen.de\/es\/wp-json\/wp\/v2\/users\/2"}],"replies":[{"embeddable":true,"href":"https:\/\/www.sprachschule-aktiv-muenchen.de\/es\/wp-json\/wp\/v2\/comments?post=71327"}],"version-history":[{"count":27,"href":"https:\/\/www.sprachschule-aktiv-muenchen.de\/es\/wp-json\/wp\/v2\/pages\/71327\/revisions"}],"predecessor-version":[{"id":80072,"href":"https:\/\/www.sprachschule-aktiv-muenchen.de\/es\/wp-json\/wp\/v2\/pages\/71327\/revisions\/80072"}],"wp:attachment":[{"href":"https:\/\/www.sprachschule-aktiv-muenchen.de\/es\/wp-json\/wp\/v2\/media?parent=71327"}],"curies":[{"name":"wp","href":"https:\/\/api.w.org\/{rel}","templated":true}]}}