{"id":52679,"date":"2019-11-08T07:18:27","date_gmt":"2019-11-08T06:18:27","guid":{"rendered":"https:\/\/www.sprachschule-aktiv-muenchen.de\/?page_id=52679"},"modified":"2022-12-29T12:13:19","modified_gmt":"2022-12-29T11:13:19","slug":"cursos-para-enfermeros-en-alemania","status":"publish","type":"page","link":"https:\/\/www.sprachschule-aktiv-muenchen.de\/es\/cursos-para-enfermeros-en-alemania\/","title":{"rendered":"cursos para enfermeros en Alemania"},"content":{"rendered":"<h1>Cursos de alem\u00e1n para enfermeras y enfermeros en Munich &#8211; Alemania<\/h1>\n<a href=\"https:\/\/www.sprachschule-aktiv-muenchen.de\/es\/contacto-ubicacion\/\"><img decoding=\"async\" class=\"alignnone size-full wp-image-52710\" src=\"https:\/\/www.sprachschule-aktiv-muenchen.de\/wp-content\/uploads\/2019\/11\/boton-contactanos.png\" alt=\"Cont\u00e1ctanos\" width=\"291\" height=\"70\" \/><\/a>\n<p>\u00bfTu profesi\u00f3n es enfermero o cuidador? \u00bfNecesita el examen B2 para su reconocimiento oficial de trabajo como empleado extranjero en Alemania? Entonces la academia Sprachschule Aktiv es el lugar correcto para aprender alem\u00e1n en Munich. Aqu\u00ed puede encontrar toda la informaci\u00f3n sobre cursos de alem\u00e1n para enfermeros en Munich.<\/p>\n<img decoding=\"async\" class=\"alignnone size-full wp-image-52684\" src=\"https:\/\/www.sprachschule-aktiv-muenchen.de\/wp-content\/uploads\/2019\/11\/cursos-de-aleman-para-enfermeros.jpg\" alt=\"Cursos de alem\u00e1n para enfermeras y enfermeros en Alemania\" width=\"552\" height=\"325\" srcset=\"https:\/\/www.sprachschule-aktiv-muenchen.de\/wp-content\/uploads\/2019\/11\/cursos-de-aleman-para-enfermeros.jpg 552w, https:\/\/www.sprachschule-aktiv-muenchen.de\/wp-content\/uploads\/2019\/11\/cursos-de-aleman-para-enfermeros-300x177.jpg 300w, https:\/\/www.sprachschule-aktiv-muenchen.de\/wp-content\/uploads\/2019\/11\/cursos-de-aleman-para-enfermeros-124x74.jpg 124w\" sizes=\"(max-width: 552px) 100vw, 552px\" \/>\n<h2>Curso preparatorio de alem\u00e1n para personal de enfermer\u00eda en Munich en el examen B2<\/h2>\n<p>Te preparamos para los desaf\u00edos del idioma en tu campo profesional y el examen B2. \u00a1Cont\u00e1ctanos, te asesoraremos en detalle! Aqu\u00ed encontrar\u00e1s toda la informaci\u00f3n sobre nuestros cursos de alem\u00e1n para enfermeros en Munich, precios y fechas.<\/p>\n<p><iframe title=\"Deutsch &amp; Fremdsprachen lernen - Sprachschule Aktiv - Deutschland, \u00d6sterreich, Schweiz, Spanien\u2026\" width=\"500\" height=\"281\" src=\"https:\/\/www.youtube.com\/embed\/mqoyiKrwrUs?feature=oembed\" frameborder=\"0\" allow=\"accelerometer; autoplay; clipboard-write; encrypted-media; gyroscope; picture-in-picture; web-share\" referrerpolicy=\"strict-origin-when-cross-origin\" allowfullscreen><\/iframe><\/p>\n<h2>Curso intensivo de alem\u00e1n para enfermeros<\/h2>\n<p>Si no tiene un nivel B1, puede asistir a nuestros cursos intensivos de alem\u00e1n regulares de A1 a A2. Desde el nivel de aprendizaje B1, ofrecemos nuestro curso especial de preparaci\u00f3n de ex\u00e1menes para cuidadores y personal de enfermer\u00eda en la prueba oficial B2. En el transcurso de cuatro semanas alcanzar\u00e1 el nivel de aprendizaje de B2, donde entrenar\u00e1 sus habilidades en las \u00e1reas cl\u00e1sicas de comprensi\u00f3n auditiva, comprensi\u00f3n lectora y expresi\u00f3n oral y escrita. Despu\u00e9s del curso regular, recibir\u00e1 un entrenamiento especial en el curso preparatorio de alem\u00e1n para cuidadores y personal de enfermer\u00eda los mismos d\u00edas de la semana de 12 a 13 horas del mediod\u00eda.<\/p>\n<h2>Cursos intensivos de alem\u00e1n para enfermeras en Munich &#8211; precios y fechas<\/h2>\n<p>Duraci\u00f3n del curso: 4 a 8 semanas.<\/p>\n<p>Nivel de idioma: principiante o avanzado<\/p>\n<p>Fechas: lunes a viernes de 9:00 a 12:45<\/p>\n<p>Precio por 4 semanas: 699 \u20ac<\/p>\n<p>Fechas de inicio: El primer lunes de cada mes.<\/p>\n<a href=\"https:\/\/www.sprachschule-aktiv-muenchen.de\/es\/inscribete-cursos-aleman\/\"><img decoding=\"async\" class=\"alignnone size-full wp-image-52734\" src=\"https:\/\/www.sprachschule-aktiv-muenchen.de\/wp-content\/uploads\/2019\/11\/boton-inscribite.png\" alt=\"Inscr\u00edbete\" width=\"291\" height=\"70\" \/><\/a>\n<h2>Clases nocturnas de alem\u00e1n para enfermeros: precios y fechas de inicio<\/h2>\n<p>Duraci\u00f3n del curso: 4 semanas.<\/p>\n<p>fechas:<\/p>\n<ul>\n<li>De lunes a viernes de 17:30 a 19:45.<\/li>\n<\/ul>\n<p>O<\/p>\n<ul>\n<li>De lunes a viernes de 19:00 a 21:15<\/li>\n<\/ul>\n<p>Precio por 4 semanas: 499 \u20ac<\/p>\n<p>Fechas de inicio: El primer lunes de cada mes.<\/p>\n<a href=\"https:\/\/www.sprachschule-aktiv-muenchen.de\/es\/inscribete-cursos-aleman\/\"><img decoding=\"async\" class=\"alignnone size-full wp-image-52734\" src=\"https:\/\/www.sprachschule-aktiv-muenchen.de\/wp-content\/uploads\/2019\/11\/boton-inscribite.png\" alt=\"Inscr\u00edbete\" width=\"291\" height=\"70\" \/><\/a>\n<h2>\u00bfQu\u00e9 aprende en el curso preparatorio para el personal de enfermer\u00eda?<\/h2>\n<p>No solo aprenden el vocabulario apropiado, sino que, sobre todo, practican el discurso necesario desde el entorno m\u00e9dico. Son situaciones realistas, tiene conversaciones con pacientes. Tambi\u00e9n se capacita el contacto con compa\u00f1eros, superiores y familiares de quienes necesitan atenci\u00f3n. Para hacer esto, aprender\u00e1 la documentaci\u00f3n correcta de enfermer\u00eda en la que escribe la anamnesis, la transferencia y los protocolos en la forma ling\u00fc\u00edsticamente apropiada. Por lo tanto, est\u00e1n preparados de manera realista y muy pragm\u00e1tica para el uso diario del alem\u00e1n en su entorno profesional, como hogares de ancianos u hospitales.<\/p>\n<h2><strong>\u00a0<\/strong>\u00bfC\u00f3mo obtengo el reconocimiento oficial de trabajo en el sector asistencial?<\/h2>\n<p>Despu\u00e9s de aprobar el examen B2, debe presentar una solicitud al Gobierno de la Alta Baviera en el \u00e1rea tem\u00e1tica 53.1. Para facilitar el manejo burocr\u00e1tico, proporcionamos aqu\u00ed el enlace, bajo el cual puede descargar el formulario de solicitud en PDF: (https:\/\/www.regierung.oberbayern.bayern.de\/formulare\/gesundheit\/06032\/).<\/p>\n<h2>\u00bfQu\u00e9 tan profesionales son los profesores de alem\u00e1n en la preparaci\u00f3n del examen B2?<\/h2>\n<p>Nosotros, Sprachschule Aktiv de alem\u00e1n en Munich, miramos muy de cerca a los solicitantes de nuestros cursos de alem\u00e1n. De nuestros profesores de alem\u00e1n, esperamos una educaci\u00f3n universitaria s\u00f3lida y una gran experiencia en la ense\u00f1anza del idioma alem\u00e1n. Por supuesto, tambi\u00e9n tienen que ser hablantes nativos y tener una apariencia emp\u00e1tica. Con el fin de ayudarlo con \u00e9xito a trav\u00e9s de la Prueba oficial B2 en el Curso de preparaci\u00f3n de ex\u00e1menes para profesionales de enfermer\u00eda y cuidadores, nuestros maestros han recibido capacitaci\u00f3n especial. \u00a1Simplemente pruebe la lecci\u00f3n y al profesor de alem\u00e1n en una clase de prueba gratuita!<\/p>\n<h2>\u00bfQu\u00e9 tan bueno es tu alem\u00e1n? Prueba de nivel gratuita<\/h2>\n<p>\u00bfTe gustar\u00eda saber qu\u00e9 tan grande es tu conocimiento previo de alem\u00e1n? Estamos felices de ayudarlo a\u00fan m\u00e1s. \u00a1Solo use nuestra <a href=\"https:\/\/www.sprachschule-aktiv-muenchen.de\/es\/test-de-nivel-aleman\/\">prueba de nivel gratuita<\/a>! El resultado te dice en qu\u00e9 nivel puedes reservar tus pr\u00f3ximos cursos de alem\u00e1n. Si prefiere una conversaci\u00f3n personal, esperamos darle la bienvenida a nuestra escuela de idiomas y poder determinar su nivel de alem\u00e1n. Por supuesto, de forma gratuita y sin compromiso.<\/p>\n","protected":false},"excerpt":{"rendered":"<p>Cursos de alem\u00e1n para enfermeras y enfermeros en Munich &#8211; Alemania \u00bfTu profesi\u00f3n es enfermero o cuidador? \u00bfNecesita el examen B2 para su reconocimiento oficial de trabajo como empleado extranjero en Alemania? Entonces la academia Sprachschule Aktiv es el lugar correcto para aprender alem\u00e1n en Munich. Aqu\u00ed puede encontrar toda la informaci\u00f3n sobre cursos de&hellip; <a class=\"read-more\" href=\"https:\/\/www.sprachschule-aktiv-muenchen.de\/es\/cursos-para-enfermeros-en-alemania\/\" title=\"Read cursos para enfermeros en Alemania\">Read more &raquo;<\/a><\/p>\n","protected":false},"author":2,"featured_media":0,"parent":0,"menu_order":0,"comment_status":"closed","ping_status":"closed","template":"","meta":{"footnotes":""},"class_list":["post-52679","page","type-page","status-publish","hentry"],"yoast_head":"<!-- This site is optimized with the Yoast SEO plugin v27.1.1 - https:\/\/yoast.com\/product\/yoast-seo-wordpress\/ -->\n<title>Cursos de alem\u00e1n para enfermeras y enfermeros en Alemania<\/title>\n<meta name=\"description\" content=\"Cursos de alem\u00e1n para enfermeras y enfermeros en Alemania en nuestra escuela de idiomas en M\u00fanich. Cursos intensivos para todos los niveles.\" \/>\n<meta name=\"robots\" content=\"index, follow, max-snippet:-1, max-image-preview:large, max-video-preview:-1\" \/>\n<link rel=\"canonical\" href=\"https:\/\/www.sprachschule-aktiv-muenchen.de\/es\/cursos-para-enfermeros-en-alemania\/\" \/>\n<meta property=\"og:locale\" content=\"es_ES\" \/>\n<meta property=\"og:type\" content=\"article\" \/>\n<meta property=\"og:title\" content=\"Cursos de alem\u00e1n para enfermeras y enfermeros en Alemania\" \/>\n<meta property=\"og:description\" content=\"Cursos de alem\u00e1n para enfermeras y enfermeros en Alemania en nuestra escuela de idiomas en M\u00fanich. Cursos intensivos para todos los niveles.\" \/>\n<meta property=\"og:url\" content=\"https:\/\/www.sprachschule-aktiv-muenchen.de\/es\/cursos-para-enfermeros-en-alemania\/\" \/>\n<meta property=\"og:site_name\" content=\"Sprachschule Aktiv\" \/>\n<meta property=\"article:modified_time\" content=\"2022-12-29T11:13:19+00:00\" \/>\n<meta property=\"og:image\" content=\"https:\/\/www.sprachschule-aktiv-muenchen.de\/wp-content\/uploads\/2019\/11\/boton-contactanos.png\" \/>\n<meta name=\"twitter:card\" content=\"summary_large_image\" \/>\n<meta name=\"twitter:label1\" content=\"Tiempo de lectura\" \/>\n\t<meta name=\"twitter:data1\" content=\"4 minutos\" \/>\n<script type=\"application\/ld+json\" class=\"yoast-schema-graph\">{\"@context\":\"https:\/\/schema.org\",\"@graph\":[{\"@type\":\"WebPage\",\"@id\":\"https:\/\/www.sprachschule-aktiv-muenchen.de\/es\/cursos-para-enfermeros-en-alemania\/\",\"url\":\"https:\/\/www.sprachschule-aktiv-muenchen.de\/es\/cursos-para-enfermeros-en-alemania\/\",\"name\":\"Cursos de alem\u00e1n para enfermeras y enfermeros en Alemania\",\"isPartOf\":{\"@id\":\"https:\/\/www.sprachschule-aktiv-muenchen.de\/#website\"},\"primaryImageOfPage\":{\"@id\":\"https:\/\/www.sprachschule-aktiv-muenchen.de\/es\/cursos-para-enfermeros-en-alemania\/#primaryimage\"},\"image\":{\"@id\":\"https:\/\/www.sprachschule-aktiv-muenchen.de\/es\/cursos-para-enfermeros-en-alemania\/#primaryimage\"},\"thumbnailUrl\":\"https:\/\/www.sprachschule-aktiv-muenchen.de\/wp-content\/uploads\/2019\/11\/boton-contactanos.png\",\"datePublished\":\"2019-11-08T06:18:27+00:00\",\"dateModified\":\"2022-12-29T11:13:19+00:00\",\"description\":\"Cursos de alem\u00e1n para enfermeras y enfermeros en Alemania en nuestra escuela de idiomas en M\u00fanich. Cursos intensivos para todos los niveles.\",\"breadcrumb\":{\"@id\":\"https:\/\/www.sprachschule-aktiv-muenchen.de\/es\/cursos-para-enfermeros-en-alemania\/#breadcrumb\"},\"inLanguage\":\"es\",\"potentialAction\":[{\"@type\":\"ReadAction\",\"target\":[\"https:\/\/www.sprachschule-aktiv-muenchen.de\/es\/cursos-para-enfermeros-en-alemania\/\"]}]},{\"@type\":\"ImageObject\",\"inLanguage\":\"es\",\"@id\":\"https:\/\/www.sprachschule-aktiv-muenchen.de\/es\/cursos-para-enfermeros-en-alemania\/#primaryimage\",\"url\":\"https:\/\/www.sprachschule-aktiv-muenchen.de\/wp-content\/uploads\/2019\/11\/boton-contactanos.png\",\"contentUrl\":\"https:\/\/www.sprachschule-aktiv-muenchen.de\/wp-content\/uploads\/2019\/11\/boton-contactanos.png\"},{\"@type\":\"BreadcrumbList\",\"@id\":\"https:\/\/www.sprachschule-aktiv-muenchen.de\/es\/cursos-para-enfermeros-en-alemania\/#breadcrumb\",\"itemListElement\":[{\"@type\":\"ListItem\",\"position\":1,\"name\":\"Portada\",\"item\":\"https:\/\/www.sprachschule-aktiv-muenchen.de\/es\/\"},{\"@type\":\"ListItem\",\"position\":2,\"name\":\"cursos para enfermeros en Alemania\"}]},{\"@type\":\"WebSite\",\"@id\":\"https:\/\/www.sprachschule-aktiv-muenchen.de\/#website\",\"url\":\"https:\/\/www.sprachschule-aktiv-muenchen.de\/\",\"name\":\"Sprachschule Aktiv\",\"description\":\"\",\"potentialAction\":[{\"@type\":\"SearchAction\",\"target\":{\"@type\":\"EntryPoint\",\"urlTemplate\":\"https:\/\/www.sprachschule-aktiv-muenchen.de\/?s={search_term_string}\"},\"query-input\":{\"@type\":\"PropertyValueSpecification\",\"valueRequired\":true,\"valueName\":\"search_term_string\"}}],\"inLanguage\":\"es\"}]}<\/script>\n<!-- \/ Yoast SEO plugin. -->","yoast_head_json":{"title":"Cursos de alem\u00e1n para enfermeras y enfermeros en Alemania","description":"Cursos de alem\u00e1n para enfermeras y enfermeros en Alemania en nuestra escuela de idiomas en M\u00fanich. Cursos intensivos para todos los niveles.","robots":{"index":"index","follow":"follow","max-snippet":"max-snippet:-1","max-image-preview":"max-image-preview:large","max-video-preview":"max-video-preview:-1"},"canonical":"https:\/\/www.sprachschule-aktiv-muenchen.de\/es\/cursos-para-enfermeros-en-alemania\/","og_locale":"es_ES","og_type":"article","og_title":"Cursos de alem\u00e1n para enfermeras y enfermeros en Alemania","og_description":"Cursos de alem\u00e1n para enfermeras y enfermeros en Alemania en nuestra escuela de idiomas en M\u00fanich. Cursos intensivos para todos los niveles.","og_url":"https:\/\/www.sprachschule-aktiv-muenchen.de\/es\/cursos-para-enfermeros-en-alemania\/","og_site_name":"Sprachschule Aktiv","article_modified_time":"2022-12-29T11:13:19+00:00","og_image":[{"url":"https:\/\/www.sprachschule-aktiv-muenchen.de\/wp-content\/uploads\/2019\/11\/boton-contactanos.png","type":"","width":"","height":""}],"twitter_card":"summary_large_image","twitter_misc":{"Tiempo de lectura":"4 minutos"},"schema":{"@context":"https:\/\/schema.org","@graph":[{"@type":"WebPage","@id":"https:\/\/www.sprachschule-aktiv-muenchen.de\/es\/cursos-para-enfermeros-en-alemania\/","url":"https:\/\/www.sprachschule-aktiv-muenchen.de\/es\/cursos-para-enfermeros-en-alemania\/","name":"Cursos de alem\u00e1n para enfermeras y enfermeros en Alemania","isPartOf":{"@id":"https:\/\/www.sprachschule-aktiv-muenchen.de\/#website"},"primaryImageOfPage":{"@id":"https:\/\/www.sprachschule-aktiv-muenchen.de\/es\/cursos-para-enfermeros-en-alemania\/#primaryimage"},"image":{"@id":"https:\/\/www.sprachschule-aktiv-muenchen.de\/es\/cursos-para-enfermeros-en-alemania\/#primaryimage"},"thumbnailUrl":"https:\/\/www.sprachschule-aktiv-muenchen.de\/wp-content\/uploads\/2019\/11\/boton-contactanos.png","datePublished":"2019-11-08T06:18:27+00:00","dateModified":"2022-12-29T11:13:19+00:00","description":"Cursos de alem\u00e1n para enfermeras y enfermeros en Alemania en nuestra escuela de idiomas en M\u00fanich. Cursos intensivos para todos los niveles.","breadcrumb":{"@id":"https:\/\/www.sprachschule-aktiv-muenchen.de\/es\/cursos-para-enfermeros-en-alemania\/#breadcrumb"},"inLanguage":"es","potentialAction":[{"@type":"ReadAction","target":["https:\/\/www.sprachschule-aktiv-muenchen.de\/es\/cursos-para-enfermeros-en-alemania\/"]}]},{"@type":"ImageObject","inLanguage":"es","@id":"https:\/\/www.sprachschule-aktiv-muenchen.de\/es\/cursos-para-enfermeros-en-alemania\/#primaryimage","url":"https:\/\/www.sprachschule-aktiv-muenchen.de\/wp-content\/uploads\/2019\/11\/boton-contactanos.png","contentUrl":"https:\/\/www.sprachschule-aktiv-muenchen.de\/wp-content\/uploads\/2019\/11\/boton-contactanos.png"},{"@type":"BreadcrumbList","@id":"https:\/\/www.sprachschule-aktiv-muenchen.de\/es\/cursos-para-enfermeros-en-alemania\/#breadcrumb","itemListElement":[{"@type":"ListItem","position":1,"name":"Portada","item":"https:\/\/www.sprachschule-aktiv-muenchen.de\/es\/"},{"@type":"ListItem","position":2,"name":"cursos para enfermeros en Alemania"}]},{"@type":"WebSite","@id":"https:\/\/www.sprachschule-aktiv-muenchen.de\/#website","url":"https:\/\/www.sprachschule-aktiv-muenchen.de\/","name":"Sprachschule Aktiv","description":"","potentialAction":[{"@type":"SearchAction","target":{"@type":"EntryPoint","urlTemplate":"https:\/\/www.sprachschule-aktiv-muenchen.de\/?s={search_term_string}"},"query-input":{"@type":"PropertyValueSpecification","valueRequired":true,"valueName":"search_term_string"}}],"inLanguage":"es"}]}},"_links":{"self":[{"href":"https:\/\/www.sprachschule-aktiv-muenchen.de\/es\/wp-json\/wp\/v2\/pages\/52679","targetHints":{"allow":["GET"]}}],"collection":[{"href":"https:\/\/www.sprachschule-aktiv-muenchen.de\/es\/wp-json\/wp\/v2\/pages"}],"about":[{"href":"https:\/\/www.sprachschule-aktiv-muenchen.de\/es\/wp-json\/wp\/v2\/types\/page"}],"author":[{"embeddable":true,"href":"https:\/\/www.sprachschule-aktiv-muenchen.de\/es\/wp-json\/wp\/v2\/users\/2"}],"replies":[{"embeddable":true,"href":"https:\/\/www.sprachschule-aktiv-muenchen.de\/es\/wp-json\/wp\/v2\/comments?post=52679"}],"version-history":[{"count":4,"href":"https:\/\/www.sprachschule-aktiv-muenchen.de\/es\/wp-json\/wp\/v2\/pages\/52679\/revisions"}],"predecessor-version":[{"id":72925,"href":"https:\/\/www.sprachschule-aktiv-muenchen.de\/es\/wp-json\/wp\/v2\/pages\/52679\/revisions\/72925"}],"wp:attachment":[{"href":"https:\/\/www.sprachschule-aktiv-muenchen.de\/es\/wp-json\/wp\/v2\/media?parent=52679"}],"curies":[{"name":"wp","href":"https:\/\/api.w.org\/{rel}","templated":true}]}}