{"id":52675,"date":"2019-11-08T06:46:02","date_gmt":"2019-11-08T05:46:02","guid":{"rendered":"https:\/\/www.sprachschule-aktiv-muenchen.de\/?page_id=52675"},"modified":"2024-11-29T12:04:54","modified_gmt":"2024-11-29T11:04:54","slug":"cursos-de-aleman-para-el-trabajo","status":"publish","type":"page","link":"https:\/\/www.sprachschule-aktiv-muenchen.de\/es\/cursos-de-aleman-para-el-trabajo\/","title":{"rendered":"Cursos de alem\u00e1n para el trabajo"},"content":{"rendered":"<h1>Cursos de alem\u00e1n para el trabajo en M\u00fanich<\/h1>\n<h2>Cursos de alem\u00e1n para ejecutivos y profesionales<\/h2>\n<a href=\"https:\/\/www.sprachschule-aktiv-muenchen.de\/es\/contacto-ubicacion\/\"><img decoding=\"async\" class=\"alignnone size-full wp-image-52710\" src=\"https:\/\/www.sprachschule-aktiv-muenchen.de\/wp-content\/uploads\/2019\/11\/boton-contactanos.png\" alt=\"Cont\u00e1ctanos\" width=\"291\" height=\"70\" \/><\/a>\n<p><iframe title=\"Onlinekurse f\u00fcr Deutsch &amp; Fremdsprachen\" width=\"500\" height=\"281\" src=\"https:\/\/www.youtube.com\/embed\/svIJFtMcbrw?feature=oembed\" frameborder=\"0\" allow=\"accelerometer; autoplay; clipboard-write; encrypted-media; gyroscope; picture-in-picture; web-share\" referrerpolicy=\"strict-origin-when-cross-origin\" allowfullscreen><\/iframe><\/p>\n<p>Alem\u00e1n para el trabajo: cursos de idiomas y objetivos para los siguientes grupos:<\/p>\n<ul>\n<li>Personas que trabajan o desean postularse en una empresa de habla alemana y desean mejorar su comunicaci\u00f3n (enfermeros, doctores, empresarios, profesores, abogados, ejecutivos, etc.)<\/li>\n<li>Estudiantes con buenas habilidades en el idioma alem\u00e1n que deseen trabajar en una empresa alemana despu\u00e9s de completar sus estudios.<\/li>\n<\/ul>\n<h2>\u00bfQu\u00e9 ofrecen los cursos de alem\u00e1n para el oficio? Informaci\u00f3n importante, contenido del curso y clasificaci\u00f3n:<strong>\u00a0<\/strong><\/h2>\n<img decoding=\"async\" class=\"alignnone size-full wp-image-52651\" src=\"https:\/\/www.sprachschule-aktiv-muenchen.de\/wp-content\/uploads\/2019\/11\/cursos-de-aleman-para-el-trabajo.jpg\" alt=\"Cursos de alem\u00e1n para el trabajo\" width=\"552\" height=\"325\" srcset=\"https:\/\/www.sprachschule-aktiv-muenchen.de\/wp-content\/uploads\/2019\/11\/cursos-de-aleman-para-el-trabajo.jpg 552w, https:\/\/www.sprachschule-aktiv-muenchen.de\/wp-content\/uploads\/2019\/11\/cursos-de-aleman-para-el-trabajo-300x177.jpg 300w, https:\/\/www.sprachschule-aktiv-muenchen.de\/wp-content\/uploads\/2019\/11\/cursos-de-aleman-para-el-trabajo-124x74.jpg 124w\" sizes=\"(max-width: 552px) 100vw, 552px\" \/>\n<p>Nuestros cursos orientados al oficio (por ejemplo para m\u00e9dicos, enfermeros, etc.) est\u00e1n destinados a participantes que ya tienen habilidades avanzadas en el idioma alem\u00e1n. El requisito previo es que ya haya obtenido el nivel b\u00e1sico con \u00e9xito. Esto incluye los niveles A1 y A2. Si no ha alcanzado el nivel A2, puede asistir a un curso est\u00e1ndar para los dos niveles de principiante.<\/p>\n<p>Si no sabe exactamente en qu\u00e9 nivel de idioma se encuentra actualmente, le hacemos una prueba de <a href=\"https:\/\/www.sprachschule-aktiv-muenchen.de\/es\/test-de-nivel-aleman\/\">nivel online<\/a> de forma gratuita.<\/p>\n<p>El curso de alem\u00e1n se enfoca en el manejo de textos de negocios, entre otras cosas. El vocabulario se rige por otras normas adem\u00e1s de las del lenguaje coloquial. Ense\u00f1amos frases y t\u00e9rminos que usted necesitar\u00e1 en su trabajo diario. Su trabajo diario consiste en un trabajo de oficina, la preparaci\u00f3n y exposicion de presentaciones, as\u00ed como la correspondencia oral y escrita en alem\u00e1n. Ninguna de estas actividades es demasiado corta en este curso en Munich. Necesita estas habilidades ya durante la entrevista. Utilice los cursos para comenzar en una empresa alemana.<\/p>\n<h2>Nuestros objetivos<\/h2>\n<p>Nosotros nos encargaremos de desarrollar sus habilidades. Nuestro objetivo es que pueda manejar la jornada laboral sin ning\u00fan problema.<\/p>\n<p>Aprenda a comunicarse con sus superiores y compa\u00f1eros, con clientes, proveedores y socios comerciales. En diferentes situaciones entrenamos la comunicaci\u00f3n. Practicamos por tel\u00e9fono, simulando reuniones y negociaciones. Por supuesto, las presentaciones tambi\u00e9n son parte de la lecci\u00f3n. Prestamos atenci\u00f3n a un contexto intercultural.<\/p>\n<h2>Informaci\u00f3n importante sobre el curso de alem\u00e1n para la profesi\u00f3n en Munich<\/h2>\n<p>Puede elegir entre diferentes modelos de cursos. El curso nocturno se realiza una vez por semana. El plazo es de doce semanas cada uno. Nos aseguramos de que el n\u00famero de participantes no supere los cinco. Ofrecemos los cursos en Munich durante todo el a\u00f1o. No tiene que esperar hasta que comience un nuevo curso. Simplemente comience con la lecci\u00f3n de prueba durante una clase del curso. Por supuesto, las tarifas del curso se pagar\u00e1n solo proporcionalmente.<\/p>\n<h2>Tambi\u00e9n ofrecemos cursos intensivos y clases privadas<\/h2>\n<p>Cursos intensivos, privados o nocturnos:<\/p>\n<h2>Clases nocturnas: duraci\u00f3n 12 semanas<\/h2>\n<p>&#8211; La duraci\u00f3n del curso es de doce semanas con dos lecciones de 45 minutos cada una (90 minutos en total)<\/p>\n<p>&#8211; Comenzamos el primer martes de cada mes<\/p>\n<p>&#8211; N\u00famero de participantes: m\u00e1ximo cinco<\/p>\n<p>&#8211; Hora: martes de 19:30 a 21:00<\/p>\n<p>&#8211; Niveles requeridos de lenguaje: A1 a C2<\/p>\n<p>&#8211; Clasificaci\u00f3n en l\u00ednea o en la escuela de idiomas en Munich<\/p>\n<p>&#8211; La entrada al curso es posible en cualquier momento<\/p>\n<a href=\"https:\/\/www.sprachschule-aktiv-muenchen.de\/es\/inscribete-cursos-aleman\/\"><img decoding=\"async\" class=\"alignnone size-full wp-image-52734\" src=\"https:\/\/www.sprachschule-aktiv-muenchen.de\/wp-content\/uploads\/2019\/11\/boton-inscribite.png\" alt=\"Inscr\u00edbete\" width=\"291\" height=\"70\" \/><\/a>\n<h2>Curso intensivo de una semana<\/h2>\n<p>&#8211; 20 lecciones de 45 minutos cada una<\/p>\n<p>&#8211; De lunes a viernes de 9:00 a 12:00<\/p>\n<p>&#8211; Inicio: cada primer lunes de mes<\/p>\n<p>&#8211; Coste: 199 euros.<\/p>\n<a href=\"https:\/\/www.sprachschule-aktiv-muenchen.de\/es\/inscribete-cursos-aleman\/\"><img decoding=\"async\" class=\"alignnone size-full wp-image-52734\" src=\"https:\/\/www.sprachschule-aktiv-muenchen.de\/wp-content\/uploads\/2019\/11\/boton-inscribite.png\" alt=\"Inscr\u00edbete\" width=\"291\" height=\"70\" \/><\/a>\n<h2>Lecciones privadas<\/h2>\n<p>Hasta 19 horas de clases individuales de alem\u00e1n de 45 minutos, paga 45 euros.<\/p>\n<p>A partir de 20 lecciones de 45 minutos, la hora cuesta solo 42 euros.<\/p>\n<p>Por 30 horas o m\u00e1s solo pagas 38 euros.<\/p>\n<p>Contenidos, temas, enfoque y metodolog\u00eda.<\/p>\n<p>&#8211; Vocabulario y gram\u00e1tica en el entorno profesional.<\/p>\n<p>&#8211; Ejercicios de expresi\u00f3n oral y escrita: mejorando as\u00ed su expresividad.<\/p>\n<p>&#8211; Dise\u00f1o de una carta comercial profesional.<\/p>\n<p>&#8211; Debe prestar atenci\u00f3n a esto durante el procesamiento de textos.<\/p>\n<p>&#8211; Redacci\u00f3n de correos electr\u00f3nicos orientados al cliente: le ense\u00f1amos la elecci\u00f3n actual de palabras, las reglas de ortograf\u00eda alemana y el lenguaje gramaticalmente correcto.<\/p>\n<p>&#8211; Las reglas de una conversaci\u00f3n amigable y experta, no solo por tel\u00e9fono, sino tambi\u00e9n en negociaciones, conferencias y reuniones.<\/p>\n<p>&#8211; Simulamos situaciones dif\u00edciles hasta que las domines.<\/p>\n<a href=\"https:\/\/www.sprachschule-aktiv-muenchen.de\/es\/inscribete-cursos-aleman\/\"><img decoding=\"async\" class=\"alignnone size-full wp-image-52734\" src=\"https:\/\/www.sprachschule-aktiv-muenchen.de\/wp-content\/uploads\/2019\/11\/boton-inscribite.png\" alt=\"Inscr\u00edbete\" width=\"291\" height=\"70\" \/><\/a>\n","protected":false},"excerpt":{"rendered":"<p>Cursos de alem\u00e1n para el trabajo en M\u00fanich Cursos de alem\u00e1n para ejecutivos y profesionales Alem\u00e1n para el trabajo: cursos de idiomas y objetivos para los siguientes grupos: Personas que trabajan o desean postularse en una empresa de habla alemana y desean mejorar su comunicaci\u00f3n (enfermeros, doctores, empresarios, profesores, abogados, ejecutivos, etc.) Estudiantes con buenas&hellip; <a class=\"read-more\" href=\"https:\/\/www.sprachschule-aktiv-muenchen.de\/es\/cursos-de-aleman-para-el-trabajo\/\" title=\"Read Cursos de alem\u00e1n para el trabajo\">Read more &raquo;<\/a><\/p>\n","protected":false},"author":2,"featured_media":0,"parent":0,"menu_order":0,"comment_status":"closed","ping_status":"closed","template":"","meta":{"footnotes":""},"class_list":["post-52675","page","type-page","status-publish","hentry"],"yoast_head":"<!-- This site is optimized with the Yoast SEO plugin v27.1.1 - https:\/\/yoast.com\/product\/yoast-seo-wordpress\/ -->\n<title>Cursos de alem\u00e1n para el trabajo - Cursos para profesionales<\/title>\n<meta name=\"description\" content=\"Cursos de alem\u00e1n para el trabajo en M\u00fanich. Cursos para ejecutivos y profesionales como ingenieros, abogados, enfermeros, doctores.\" \/>\n<meta name=\"robots\" content=\"index, follow, max-snippet:-1, max-image-preview:large, max-video-preview:-1\" \/>\n<link rel=\"canonical\" href=\"https:\/\/www.sprachschule-aktiv-muenchen.de\/es\/cursos-de-aleman-para-el-trabajo\/\" \/>\n<meta property=\"og:locale\" content=\"es_ES\" \/>\n<meta property=\"og:type\" content=\"article\" \/>\n<meta property=\"og:title\" content=\"Cursos de alem\u00e1n para el trabajo - Cursos para profesionales\" \/>\n<meta property=\"og:description\" content=\"Cursos de alem\u00e1n para el trabajo en M\u00fanich. Cursos para ejecutivos y profesionales como ingenieros, abogados, enfermeros, doctores.\" \/>\n<meta property=\"og:url\" content=\"https:\/\/www.sprachschule-aktiv-muenchen.de\/es\/cursos-de-aleman-para-el-trabajo\/\" \/>\n<meta property=\"og:site_name\" content=\"Sprachschule Aktiv\" \/>\n<meta property=\"article:modified_time\" content=\"2024-11-29T11:04:54+00:00\" \/>\n<meta property=\"og:image\" content=\"https:\/\/www.sprachschule-aktiv-muenchen.de\/wp-content\/uploads\/2019\/11\/boton-contactanos.png\" \/>\n<meta name=\"twitter:card\" content=\"summary_large_image\" \/>\n<meta name=\"twitter:label1\" content=\"Tiempo de lectura\" \/>\n\t<meta name=\"twitter:data1\" content=\"5 minutos\" \/>\n<script type=\"application\/ld+json\" class=\"yoast-schema-graph\">{\"@context\":\"https:\/\/schema.org\",\"@graph\":[{\"@type\":\"WebPage\",\"@id\":\"https:\/\/www.sprachschule-aktiv-muenchen.de\/es\/cursos-de-aleman-para-el-trabajo\/\",\"url\":\"https:\/\/www.sprachschule-aktiv-muenchen.de\/es\/cursos-de-aleman-para-el-trabajo\/\",\"name\":\"Cursos de alem\u00e1n para el trabajo - Cursos para profesionales\",\"isPartOf\":{\"@id\":\"https:\/\/www.sprachschule-aktiv-muenchen.de\/#website\"},\"primaryImageOfPage\":{\"@id\":\"https:\/\/www.sprachschule-aktiv-muenchen.de\/es\/cursos-de-aleman-para-el-trabajo\/#primaryimage\"},\"image\":{\"@id\":\"https:\/\/www.sprachschule-aktiv-muenchen.de\/es\/cursos-de-aleman-para-el-trabajo\/#primaryimage\"},\"thumbnailUrl\":\"https:\/\/www.sprachschule-aktiv-muenchen.de\/wp-content\/uploads\/2019\/11\/boton-contactanos.png\",\"datePublished\":\"2019-11-08T05:46:02+00:00\",\"dateModified\":\"2024-11-29T11:04:54+00:00\",\"description\":\"Cursos de alem\u00e1n para el trabajo en M\u00fanich. Cursos para ejecutivos y profesionales como ingenieros, abogados, enfermeros, doctores.\",\"breadcrumb\":{\"@id\":\"https:\/\/www.sprachschule-aktiv-muenchen.de\/es\/cursos-de-aleman-para-el-trabajo\/#breadcrumb\"},\"inLanguage\":\"es\",\"potentialAction\":[{\"@type\":\"ReadAction\",\"target\":[\"https:\/\/www.sprachschule-aktiv-muenchen.de\/es\/cursos-de-aleman-para-el-trabajo\/\"]}]},{\"@type\":\"ImageObject\",\"inLanguage\":\"es\",\"@id\":\"https:\/\/www.sprachschule-aktiv-muenchen.de\/es\/cursos-de-aleman-para-el-trabajo\/#primaryimage\",\"url\":\"https:\/\/www.sprachschule-aktiv-muenchen.de\/wp-content\/uploads\/2019\/11\/boton-contactanos.png\",\"contentUrl\":\"https:\/\/www.sprachschule-aktiv-muenchen.de\/wp-content\/uploads\/2019\/11\/boton-contactanos.png\"},{\"@type\":\"BreadcrumbList\",\"@id\":\"https:\/\/www.sprachschule-aktiv-muenchen.de\/es\/cursos-de-aleman-para-el-trabajo\/#breadcrumb\",\"itemListElement\":[{\"@type\":\"ListItem\",\"position\":1,\"name\":\"Portada\",\"item\":\"https:\/\/www.sprachschule-aktiv-muenchen.de\/es\/\"},{\"@type\":\"ListItem\",\"position\":2,\"name\":\"Cursos de alem\u00e1n para el trabajo\"}]},{\"@type\":\"WebSite\",\"@id\":\"https:\/\/www.sprachschule-aktiv-muenchen.de\/#website\",\"url\":\"https:\/\/www.sprachschule-aktiv-muenchen.de\/\",\"name\":\"Sprachschule Aktiv\",\"description\":\"\",\"potentialAction\":[{\"@type\":\"SearchAction\",\"target\":{\"@type\":\"EntryPoint\",\"urlTemplate\":\"https:\/\/www.sprachschule-aktiv-muenchen.de\/?s={search_term_string}\"},\"query-input\":{\"@type\":\"PropertyValueSpecification\",\"valueRequired\":true,\"valueName\":\"search_term_string\"}}],\"inLanguage\":\"es\"}]}<\/script>\n<!-- \/ Yoast SEO plugin. -->","yoast_head_json":{"title":"Cursos de alem\u00e1n para el trabajo - Cursos para profesionales","description":"Cursos de alem\u00e1n para el trabajo en M\u00fanich. Cursos para ejecutivos y profesionales como ingenieros, abogados, enfermeros, doctores.","robots":{"index":"index","follow":"follow","max-snippet":"max-snippet:-1","max-image-preview":"max-image-preview:large","max-video-preview":"max-video-preview:-1"},"canonical":"https:\/\/www.sprachschule-aktiv-muenchen.de\/es\/cursos-de-aleman-para-el-trabajo\/","og_locale":"es_ES","og_type":"article","og_title":"Cursos de alem\u00e1n para el trabajo - Cursos para profesionales","og_description":"Cursos de alem\u00e1n para el trabajo en M\u00fanich. Cursos para ejecutivos y profesionales como ingenieros, abogados, enfermeros, doctores.","og_url":"https:\/\/www.sprachschule-aktiv-muenchen.de\/es\/cursos-de-aleman-para-el-trabajo\/","og_site_name":"Sprachschule Aktiv","article_modified_time":"2024-11-29T11:04:54+00:00","og_image":[{"url":"https:\/\/www.sprachschule-aktiv-muenchen.de\/wp-content\/uploads\/2019\/11\/boton-contactanos.png","type":"","width":"","height":""}],"twitter_card":"summary_large_image","twitter_misc":{"Tiempo de lectura":"5 minutos"},"schema":{"@context":"https:\/\/schema.org","@graph":[{"@type":"WebPage","@id":"https:\/\/www.sprachschule-aktiv-muenchen.de\/es\/cursos-de-aleman-para-el-trabajo\/","url":"https:\/\/www.sprachschule-aktiv-muenchen.de\/es\/cursos-de-aleman-para-el-trabajo\/","name":"Cursos de alem\u00e1n para el trabajo - Cursos para profesionales","isPartOf":{"@id":"https:\/\/www.sprachschule-aktiv-muenchen.de\/#website"},"primaryImageOfPage":{"@id":"https:\/\/www.sprachschule-aktiv-muenchen.de\/es\/cursos-de-aleman-para-el-trabajo\/#primaryimage"},"image":{"@id":"https:\/\/www.sprachschule-aktiv-muenchen.de\/es\/cursos-de-aleman-para-el-trabajo\/#primaryimage"},"thumbnailUrl":"https:\/\/www.sprachschule-aktiv-muenchen.de\/wp-content\/uploads\/2019\/11\/boton-contactanos.png","datePublished":"2019-11-08T05:46:02+00:00","dateModified":"2024-11-29T11:04:54+00:00","description":"Cursos de alem\u00e1n para el trabajo en M\u00fanich. Cursos para ejecutivos y profesionales como ingenieros, abogados, enfermeros, doctores.","breadcrumb":{"@id":"https:\/\/www.sprachschule-aktiv-muenchen.de\/es\/cursos-de-aleman-para-el-trabajo\/#breadcrumb"},"inLanguage":"es","potentialAction":[{"@type":"ReadAction","target":["https:\/\/www.sprachschule-aktiv-muenchen.de\/es\/cursos-de-aleman-para-el-trabajo\/"]}]},{"@type":"ImageObject","inLanguage":"es","@id":"https:\/\/www.sprachschule-aktiv-muenchen.de\/es\/cursos-de-aleman-para-el-trabajo\/#primaryimage","url":"https:\/\/www.sprachschule-aktiv-muenchen.de\/wp-content\/uploads\/2019\/11\/boton-contactanos.png","contentUrl":"https:\/\/www.sprachschule-aktiv-muenchen.de\/wp-content\/uploads\/2019\/11\/boton-contactanos.png"},{"@type":"BreadcrumbList","@id":"https:\/\/www.sprachschule-aktiv-muenchen.de\/es\/cursos-de-aleman-para-el-trabajo\/#breadcrumb","itemListElement":[{"@type":"ListItem","position":1,"name":"Portada","item":"https:\/\/www.sprachschule-aktiv-muenchen.de\/es\/"},{"@type":"ListItem","position":2,"name":"Cursos de alem\u00e1n para el trabajo"}]},{"@type":"WebSite","@id":"https:\/\/www.sprachschule-aktiv-muenchen.de\/#website","url":"https:\/\/www.sprachschule-aktiv-muenchen.de\/","name":"Sprachschule Aktiv","description":"","potentialAction":[{"@type":"SearchAction","target":{"@type":"EntryPoint","urlTemplate":"https:\/\/www.sprachschule-aktiv-muenchen.de\/?s={search_term_string}"},"query-input":{"@type":"PropertyValueSpecification","valueRequired":true,"valueName":"search_term_string"}}],"inLanguage":"es"}]}},"_links":{"self":[{"href":"https:\/\/www.sprachschule-aktiv-muenchen.de\/es\/wp-json\/wp\/v2\/pages\/52675","targetHints":{"allow":["GET"]}}],"collection":[{"href":"https:\/\/www.sprachschule-aktiv-muenchen.de\/es\/wp-json\/wp\/v2\/pages"}],"about":[{"href":"https:\/\/www.sprachschule-aktiv-muenchen.de\/es\/wp-json\/wp\/v2\/types\/page"}],"author":[{"embeddable":true,"href":"https:\/\/www.sprachschule-aktiv-muenchen.de\/es\/wp-json\/wp\/v2\/users\/2"}],"replies":[{"embeddable":true,"href":"https:\/\/www.sprachschule-aktiv-muenchen.de\/es\/wp-json\/wp\/v2\/comments?post=52675"}],"version-history":[{"count":8,"href":"https:\/\/www.sprachschule-aktiv-muenchen.de\/es\/wp-json\/wp\/v2\/pages\/52675\/revisions"}],"predecessor-version":[{"id":79207,"href":"https:\/\/www.sprachschule-aktiv-muenchen.de\/es\/wp-json\/wp\/v2\/pages\/52675\/revisions\/79207"}],"wp:attachment":[{"href":"https:\/\/www.sprachschule-aktiv-muenchen.de\/es\/wp-json\/wp\/v2\/media?parent=52675"}],"curies":[{"name":"wp","href":"https:\/\/api.w.org\/{rel}","templated":true}]}}