{"id":52623,"date":"2019-11-07T07:08:18","date_gmt":"2019-11-07T06:08:18","guid":{"rendered":"https:\/\/www.sprachschule-aktiv-muenchen.de\/?page_id=52623"},"modified":"2026-02-24T13:08:16","modified_gmt":"2026-02-24T12:08:16","slug":"cursos-de-aleman-para-medicos-y-doctores-en-munich","status":"publish","type":"page","link":"https:\/\/www.sprachschule-aktiv-muenchen.de\/es\/cursos-de-aleman-para-medicos-y-doctores-en-munich\/","title":{"rendered":"Cursos de alem\u00e1n para m\u00e9dicos y doctores en M\u00fanich"},"content":{"rendered":"<h1>Cursos de alem\u00e1n para m\u00e9dicos y doctores en M\u00fanich<\/h1>\n<h2>Preparaci\u00f3n para el examen de idioma para trabajar en Alemania<\/h2>\n<a href=\"https:\/\/www.sprachschule-aktiv-muenchen.de\/es\/contacto-ubicacion\/\"><img decoding=\"async\" class=\"alignnone size-full wp-image-52710\" src=\"https:\/\/www.sprachschule-aktiv-muenchen.de\/wp-content\/uploads\/2019\/11\/boton-contactanos.png\" alt=\"Cont\u00e1ctanos\" width=\"291\" height=\"70\" \/><\/a>\n<p>Para los m\u00e9dicos extranjeros, nuestra escuela de idiomas ofrece cursos preparatorios de alem\u00e1n en M\u00fanich para el examen profesional de idiomas para m\u00e9dicos. Los m\u00e9dicos que deseen obtener la licencia profesional referida de la Orden Federal del M\u00e9dico deben adquirir el conocimiento suficiente de alem\u00e1n que es necesario para esta actividad profesional. Nuestro curso de preparaci\u00f3n ofrece una preparaci\u00f3n intensiva en t\u00e9rminos de vocabulario y frases espec\u00edficas del tema, as\u00ed como la presentaci\u00f3n de informes.<\/p>\n<div class=\"BorlabsCookie _brlbs-cb-vimeo\">\n<div class=\"_brlbs-content-blocker\">\n<div class=\"_brlbs-embed _brlbs-video-vimeo\"> <img decoding=\"async\" class=\"_brlbs-thumbnail\" src=\"https:\/\/www.sprachschule-aktiv-muenchen.de\/wp-content\/plugins\/borlabs-cookie\/assets\/images\/cb-no-thumbnail.png\" alt=\"Vimeo\"> <\/p>\n<div class=\"_brlbs-caption\">\n<p>Mit dem Laden des Videos akzeptieren Sie die Datenschutzerkl\u00e4rung von Vimeo.<br \/><a href=\"https:\/\/vimeo.com\/privacy\" target=\"_blank\" rel=\"nofollow noopener noreferrer\">Mehr erfahren<\/a><\/p>\n<p><a class=\"_brlbs-btn _brlbs-icon-play-white\" href=\"#\" data-borlabs-cookie-unblock role=\"button\">Video laden<\/a><\/p>\n<p><label><input type=\"checkbox\" name=\"unblockAll\" value=\"1\" checked> <small>Vimeo immer entsperren<\/small><\/label><\/p>\n<\/p><\/div><\/div><\/div>\n<div class=\"borlabs-hide\" data-borlabs-cookie-type=\"content-blocker\" data-borlabs-cookie-id=\"vimeo\"><script type=\"text\/template\">PGlmcmFtZSBzcmM9Imh0dHBzOi8vcGxheWVyLnZpbWVvLmNvbS92aWRlby83ODQwODUyNDQ\/ZG50PTEmYW1wO2FwcF9pZD0xMjI5NjMiIHdpZHRoPSI1MDAiIGhlaWdodD0iMjgxIiBmcmFtZWJvcmRlcj0iMCIgYWxsb3c9ImF1dG9wbGF5OyBmdWxsc2NyZWVuOyBwaWN0dXJlLWluLXBpY3R1cmU7IGNsaXBib2FyZC13cml0ZTsgZW5jcnlwdGVkLW1lZGlhOyB3ZWItc2hhcmUiIHJlZmVycmVycG9saWN5PSJzdHJpY3Qtb3JpZ2luLXdoZW4tY3Jvc3Mtb3JpZ2luIj48L2lmcmFtZT4=<\/script><\/div>\n<\/div>\n<h2>\u00bfQu\u00e9 requisitos se deben cumplir para el Fachsprachenpr\u00fcfung (FSP)?<\/h2>\n<p>Nuestros cursos de alem\u00e1n en Munich est\u00e1n disponibles para usted de A1 a C2. Para solicitar la admisi\u00f3n al gobierno b\u00e1varo, necesita un certificado de nivel B2. Luego puede enviar la solicitud para su aprobaci\u00f3n. En el curso de admisi\u00f3n, los m\u00e9dicos deben completar un examen de idioma a nivel C1. Seg\u00fan la Conferencia de Ministros de Salud de junio de 2014, se revisar\u00e1n las habilidades del idioma alem\u00e1n requeridas para la profesi\u00f3n m\u00e9dica. El requisito se subdivide en habilidades ling\u00fc\u00edsticas generales en el nivel B2, as\u00ed como en habilidades ling\u00fc\u00edsticas t\u00e9cnicas en alem\u00e1n en el nivel C1. Atenci\u00f3n: los requisitos del examen de idioma especial para m\u00e9dicos difieren en los estados federales respectivos.<\/p>\n<img decoding=\"async\" class=\"alignnone size-full wp-image-52624\" src=\"https:\/\/www.sprachschule-aktiv-muenchen.de\/wp-content\/uploads\/2019\/11\/curso-de-aleman-para-medicos-y-doctores-en-munich.jpg\" alt=\"Cursos de alem\u00e1n para Doctores y M\u00e9dicos en M\u00fanich\" width=\"600\" height=\"352\" srcset=\"https:\/\/www.sprachschule-aktiv-muenchen.de\/wp-content\/uploads\/2019\/11\/curso-de-aleman-para-medicos-y-doctores-en-munich.jpg 600w, https:\/\/www.sprachschule-aktiv-muenchen.de\/wp-content\/uploads\/2019\/11\/curso-de-aleman-para-medicos-y-doctores-en-munich-300x176.jpg 300w, https:\/\/www.sprachschule-aktiv-muenchen.de\/wp-content\/uploads\/2019\/11\/curso-de-aleman-para-medicos-y-doctores-en-munich-124x74.jpg 124w\" sizes=\"(max-width: 600px) 100vw, 600px\" \/>\n<h2>\u00bfC\u00f3mo es el examen de idioma profesional?<\/h2>\n<p>El examen en la Asociaci\u00f3n M\u00e9dica del Estado de Baviera se divide en 3 partes. Cada parte dura 20 minutos. Como puede haber tiempos de espera, debe programar unas 3 horas para la fecha del examen. La tasa de examen es actualmente de 400 euros. Ser\u00e1 examinado por un m\u00e9dico y un ling\u00fcista. El resultado se le enviar\u00e1 despu\u00e9s del examen.<\/p>\n<p>Secci\u00f3n 1: Discusi\u00f3n entre m\u00e9dico y paciente.<\/p>\n<p>Secci\u00f3n 2: Documentaci\u00f3n<\/p>\n<p>Secci\u00f3n 3: Charla entre ambos m\u00e9dicos.<\/p>\n<h2>\u00bfC\u00f3mo funciona el curso preparatorio para el examen de idiomas en M\u00fanich?<\/h2>\n<p>Usted reserva el nivel de alem\u00e1n que est\u00e1 aprendiendo actualmente y asiste a las clases de alem\u00e1n de lunes a viernes de 9 a 12 horas del mediod\u00eda. Si tambi\u00e9n desea prepararse para el examen de idioma, tambi\u00e9n recibir\u00e1 preparaci\u00f3n para los niveles B1, B2 y C1 desde las 12 hasta la 1 del mediod\u00eda, con vocabulario m\u00e9dico especial y los recursos necesarios en un hospital o consultorio m\u00e9dico. Recibir\u00e1 una capacitaci\u00f3n detallada con juegos de rol, que lo preparar\u00e1n de manera \u00f3ptima para el examen en la Asociaci\u00f3n M\u00e9dica Estatal de Baviera.<\/p>\n<p>&#8211; Tiene conversaciones ficticias con pacientes.<\/p>\n<p>&#8211; Aprende la terminolog\u00eda de los m\u00e9dicos para poder comunicarse con los compa\u00f1eros.<\/p>\n<p>&#8211; Escribe informes m\u00e9dicos significativos.<\/p>\n<p>El examen no s\u00f3lo es importante para su trabajo, sino que tambi\u00e9n optimiza sus habilidades ling\u00fc\u00edsticas generales para hablar, escuchar, leer y escribir.<\/p>\n<h2>\u00bfQu\u00e9 nivel de idioma tienes? \u00a1Pru\u00e9balo gratis!<\/h2>\n<p>El curso preparatorio est\u00e1 en un nivel ling\u00fc\u00edstico avanzado. Si no est\u00e1 seguro en qu\u00e9 nivel de aprendizaje se encuentra, le recomendamos un <a href=\"https:\/\/www.sprachschule-aktiv-muenchen.de\/es\/test-de-nivel-aleman\/\">examen de nivel<\/a>, que puede hacer en nuestro sitio web o en nuestra escuela de alem\u00e1n en Munich.<\/p>\n<p>Si su nivel de alem\u00e1n a\u00fan no es suficiente, \u00a1es mejor completar primero un curso de idioma general hasta que haya alcanzado el nivel requerido! Hay varios cursos y ofertas de alem\u00e1n disponibles.<\/p>\n<h2>Preparaci\u00f3n de ex\u00e1menes integrados para m\u00e9dicos: cursos intensivos o clases privadas<\/h2>\n<p>Puede asistir a los cursos de preparaci\u00f3n de ex\u00e1menes integrados activos de la escuela de idiomas como un curso intensivo o como una lecci\u00f3n privada:<\/p>\n<p><strong>Cursos de alem\u00e1n para m\u00e9dicos &#8211; Cursos matutinos (precios, fechas)<\/strong><\/p>\n<p>Fecha de inicio: El primer lunes de cada mes<\/p>\n<p>Duraci\u00f3n del curso: 4 semanas<\/p>\n<p>D\u00edas de curso: 4 d\u00edas a la semana<\/p>\n<p>Fechas: de lunes a viernes de 9:00 a 12:45<\/p>\n<p>Precio: 699 \u20ac<\/p>\n<a href=\"https:\/\/www.sprachschule-aktiv-muenchen.de\/es\/inscribete-cursos-aleman\/\"><img decoding=\"async\" class=\"alignnone size-full wp-image-52734\" src=\"https:\/\/www.sprachschule-aktiv-muenchen.de\/wp-content\/uploads\/2019\/11\/boton-inscribite.png\" alt=\"Inscr\u00edbete\" width=\"291\" height=\"70\" \/><\/a>\n<h2>Clases particulares para preparaci\u00f3n de ex\u00e1menes para m\u00e9dicos y m\u00e9dicos. Precios y condiciones<\/h2>\n<p>Las clases privadas generalmente se llevan a cabo en su hogar. Por supuesto, tambi\u00e9n puede utilizar las salas de nuestra escuela de alem\u00e1n en M\u00fanich.<\/p>\n<p><strong>Nuestros precios:<\/strong><\/p>\n<p>&#8211; Si necesita hasta 29 horas, una hora cuesta 45 euros<\/p>\n<p>&#8211; Con un curso m\u00e1s largo de m\u00e1s de 30 horas, solo cuesta 42 euros por hora<\/p>\n","protected":false},"excerpt":{"rendered":"<p>Cursos de alem\u00e1n para m\u00e9dicos y doctores en M\u00fanich Preparaci\u00f3n para el examen de idioma para trabajar en Alemania Para los m\u00e9dicos extranjeros, nuestra escuela de idiomas ofrece cursos preparatorios de alem\u00e1n en M\u00fanich para el examen profesional de idiomas para m\u00e9dicos. Los m\u00e9dicos que deseen obtener la licencia profesional referida de la Orden Federal&hellip; <a class=\"read-more\" href=\"https:\/\/www.sprachschule-aktiv-muenchen.de\/es\/cursos-de-aleman-para-medicos-y-doctores-en-munich\/\" title=\"Read Cursos de alem\u00e1n para m\u00e9dicos y doctores en M\u00fanich\">Read more &raquo;<\/a><\/p>\n","protected":false},"author":2,"featured_media":0,"parent":0,"menu_order":0,"comment_status":"closed","ping_status":"closed","template":"","meta":{"footnotes":""},"class_list":["post-52623","page","type-page","status-publish","hentry"],"yoast_head":"<!-- This site is optimized with the Yoast SEO plugin v27.1.1 - https:\/\/yoast.com\/product\/yoast-seo-wordpress\/ -->\n<title>Cursos de alem\u00e1n para m\u00e9dicos y doctores en M\u00fanich<\/title>\n<meta name=\"description\" content=\"Cursos de alem\u00e1n para m\u00e9dicos y doctores en M\u00fanich en clases grupales o individuales. Cursos intensivos o particulares.\" \/>\n<meta name=\"robots\" content=\"index, follow, max-snippet:-1, max-image-preview:large, max-video-preview:-1\" \/>\n<link rel=\"canonical\" href=\"https:\/\/www.sprachschule-aktiv-muenchen.de\/es\/cursos-de-aleman-para-medicos-y-doctores-en-munich\/\" \/>\n<meta property=\"og:locale\" content=\"es_ES\" \/>\n<meta property=\"og:type\" content=\"article\" \/>\n<meta property=\"og:title\" content=\"Cursos de alem\u00e1n para m\u00e9dicos y doctores en M\u00fanich\" \/>\n<meta property=\"og:description\" content=\"Cursos de alem\u00e1n para m\u00e9dicos y doctores en M\u00fanich en clases grupales o individuales. Cursos intensivos o particulares.\" \/>\n<meta property=\"og:url\" content=\"https:\/\/www.sprachschule-aktiv-muenchen.de\/es\/cursos-de-aleman-para-medicos-y-doctores-en-munich\/\" \/>\n<meta property=\"og:site_name\" content=\"Sprachschule Aktiv\" \/>\n<meta property=\"article:modified_time\" content=\"2026-02-24T12:08:16+00:00\" \/>\n<meta property=\"og:image\" content=\"https:\/\/www.sprachschule-aktiv-muenchen.de\/wp-content\/uploads\/2019\/11\/boton-contactanos.png\" \/>\n\t<meta property=\"og:image:width\" content=\"291\" \/>\n\t<meta property=\"og:image:height\" content=\"70\" \/>\n\t<meta property=\"og:image:type\" content=\"image\/png\" \/>\n<meta name=\"twitter:card\" content=\"summary_large_image\" \/>\n<meta name=\"twitter:label1\" content=\"Tiempo de lectura\" \/>\n\t<meta name=\"twitter:data1\" content=\"5 minutos\" \/>\n<script type=\"application\/ld+json\" class=\"yoast-schema-graph\">{\"@context\":\"https:\/\/schema.org\",\"@graph\":[{\"@type\":\"WebPage\",\"@id\":\"https:\/\/www.sprachschule-aktiv-muenchen.de\/es\/cursos-de-aleman-para-medicos-y-doctores-en-munich\/\",\"url\":\"https:\/\/www.sprachschule-aktiv-muenchen.de\/es\/cursos-de-aleman-para-medicos-y-doctores-en-munich\/\",\"name\":\"Cursos de alem\u00e1n para m\u00e9dicos y doctores en M\u00fanich\",\"isPartOf\":{\"@id\":\"https:\/\/www.sprachschule-aktiv-muenchen.de\/#website\"},\"primaryImageOfPage\":{\"@id\":\"https:\/\/www.sprachschule-aktiv-muenchen.de\/es\/cursos-de-aleman-para-medicos-y-doctores-en-munich\/#primaryimage\"},\"image\":{\"@id\":\"https:\/\/www.sprachschule-aktiv-muenchen.de\/es\/cursos-de-aleman-para-medicos-y-doctores-en-munich\/#primaryimage\"},\"thumbnailUrl\":\"https:\/\/www.sprachschule-aktiv-muenchen.de\/wp-content\/uploads\/2019\/11\/boton-contactanos.png\",\"datePublished\":\"2019-11-07T06:08:18+00:00\",\"dateModified\":\"2026-02-24T12:08:16+00:00\",\"description\":\"Cursos de alem\u00e1n para m\u00e9dicos y doctores en M\u00fanich en clases grupales o individuales. Cursos intensivos o particulares.\",\"breadcrumb\":{\"@id\":\"https:\/\/www.sprachschule-aktiv-muenchen.de\/es\/cursos-de-aleman-para-medicos-y-doctores-en-munich\/#breadcrumb\"},\"inLanguage\":\"es\",\"potentialAction\":[{\"@type\":\"ReadAction\",\"target\":[\"https:\/\/www.sprachschule-aktiv-muenchen.de\/es\/cursos-de-aleman-para-medicos-y-doctores-en-munich\/\"]}]},{\"@type\":\"ImageObject\",\"inLanguage\":\"es\",\"@id\":\"https:\/\/www.sprachschule-aktiv-muenchen.de\/es\/cursos-de-aleman-para-medicos-y-doctores-en-munich\/#primaryimage\",\"url\":\"https:\/\/www.sprachschule-aktiv-muenchen.de\/wp-content\/uploads\/2019\/11\/boton-contactanos.png\",\"contentUrl\":\"https:\/\/www.sprachschule-aktiv-muenchen.de\/wp-content\/uploads\/2019\/11\/boton-contactanos.png\"},{\"@type\":\"BreadcrumbList\",\"@id\":\"https:\/\/www.sprachschule-aktiv-muenchen.de\/es\/cursos-de-aleman-para-medicos-y-doctores-en-munich\/#breadcrumb\",\"itemListElement\":[{\"@type\":\"ListItem\",\"position\":1,\"name\":\"Portada\",\"item\":\"https:\/\/www.sprachschule-aktiv-muenchen.de\/es\/\"},{\"@type\":\"ListItem\",\"position\":2,\"name\":\"Cursos de alem\u00e1n para m\u00e9dicos y doctores en M\u00fanich\"}]},{\"@type\":\"WebSite\",\"@id\":\"https:\/\/www.sprachschule-aktiv-muenchen.de\/#website\",\"url\":\"https:\/\/www.sprachschule-aktiv-muenchen.de\/\",\"name\":\"Sprachschule Aktiv\",\"description\":\"\",\"potentialAction\":[{\"@type\":\"SearchAction\",\"target\":{\"@type\":\"EntryPoint\",\"urlTemplate\":\"https:\/\/www.sprachschule-aktiv-muenchen.de\/?s={search_term_string}\"},\"query-input\":{\"@type\":\"PropertyValueSpecification\",\"valueRequired\":true,\"valueName\":\"search_term_string\"}}],\"inLanguage\":\"es\"}]}<\/script>\n<!-- \/ Yoast SEO plugin. -->","yoast_head_json":{"title":"Cursos de alem\u00e1n para m\u00e9dicos y doctores en M\u00fanich","description":"Cursos de alem\u00e1n para m\u00e9dicos y doctores en M\u00fanich en clases grupales o individuales. Cursos intensivos o particulares.","robots":{"index":"index","follow":"follow","max-snippet":"max-snippet:-1","max-image-preview":"max-image-preview:large","max-video-preview":"max-video-preview:-1"},"canonical":"https:\/\/www.sprachschule-aktiv-muenchen.de\/es\/cursos-de-aleman-para-medicos-y-doctores-en-munich\/","og_locale":"es_ES","og_type":"article","og_title":"Cursos de alem\u00e1n para m\u00e9dicos y doctores en M\u00fanich","og_description":"Cursos de alem\u00e1n para m\u00e9dicos y doctores en M\u00fanich en clases grupales o individuales. Cursos intensivos o particulares.","og_url":"https:\/\/www.sprachschule-aktiv-muenchen.de\/es\/cursos-de-aleman-para-medicos-y-doctores-en-munich\/","og_site_name":"Sprachschule Aktiv","article_modified_time":"2026-02-24T12:08:16+00:00","og_image":[{"width":291,"height":70,"url":"https:\/\/www.sprachschule-aktiv-muenchen.de\/wp-content\/uploads\/2019\/11\/boton-contactanos.png","type":"image\/png"}],"twitter_card":"summary_large_image","twitter_misc":{"Tiempo de lectura":"5 minutos"},"schema":{"@context":"https:\/\/schema.org","@graph":[{"@type":"WebPage","@id":"https:\/\/www.sprachschule-aktiv-muenchen.de\/es\/cursos-de-aleman-para-medicos-y-doctores-en-munich\/","url":"https:\/\/www.sprachschule-aktiv-muenchen.de\/es\/cursos-de-aleman-para-medicos-y-doctores-en-munich\/","name":"Cursos de alem\u00e1n para m\u00e9dicos y doctores en M\u00fanich","isPartOf":{"@id":"https:\/\/www.sprachschule-aktiv-muenchen.de\/#website"},"primaryImageOfPage":{"@id":"https:\/\/www.sprachschule-aktiv-muenchen.de\/es\/cursos-de-aleman-para-medicos-y-doctores-en-munich\/#primaryimage"},"image":{"@id":"https:\/\/www.sprachschule-aktiv-muenchen.de\/es\/cursos-de-aleman-para-medicos-y-doctores-en-munich\/#primaryimage"},"thumbnailUrl":"https:\/\/www.sprachschule-aktiv-muenchen.de\/wp-content\/uploads\/2019\/11\/boton-contactanos.png","datePublished":"2019-11-07T06:08:18+00:00","dateModified":"2026-02-24T12:08:16+00:00","description":"Cursos de alem\u00e1n para m\u00e9dicos y doctores en M\u00fanich en clases grupales o individuales. Cursos intensivos o particulares.","breadcrumb":{"@id":"https:\/\/www.sprachschule-aktiv-muenchen.de\/es\/cursos-de-aleman-para-medicos-y-doctores-en-munich\/#breadcrumb"},"inLanguage":"es","potentialAction":[{"@type":"ReadAction","target":["https:\/\/www.sprachschule-aktiv-muenchen.de\/es\/cursos-de-aleman-para-medicos-y-doctores-en-munich\/"]}]},{"@type":"ImageObject","inLanguage":"es","@id":"https:\/\/www.sprachschule-aktiv-muenchen.de\/es\/cursos-de-aleman-para-medicos-y-doctores-en-munich\/#primaryimage","url":"https:\/\/www.sprachschule-aktiv-muenchen.de\/wp-content\/uploads\/2019\/11\/boton-contactanos.png","contentUrl":"https:\/\/www.sprachschule-aktiv-muenchen.de\/wp-content\/uploads\/2019\/11\/boton-contactanos.png"},{"@type":"BreadcrumbList","@id":"https:\/\/www.sprachschule-aktiv-muenchen.de\/es\/cursos-de-aleman-para-medicos-y-doctores-en-munich\/#breadcrumb","itemListElement":[{"@type":"ListItem","position":1,"name":"Portada","item":"https:\/\/www.sprachschule-aktiv-muenchen.de\/es\/"},{"@type":"ListItem","position":2,"name":"Cursos de alem\u00e1n para m\u00e9dicos y doctores en M\u00fanich"}]},{"@type":"WebSite","@id":"https:\/\/www.sprachschule-aktiv-muenchen.de\/#website","url":"https:\/\/www.sprachschule-aktiv-muenchen.de\/","name":"Sprachschule Aktiv","description":"","potentialAction":[{"@type":"SearchAction","target":{"@type":"EntryPoint","urlTemplate":"https:\/\/www.sprachschule-aktiv-muenchen.de\/?s={search_term_string}"},"query-input":{"@type":"PropertyValueSpecification","valueRequired":true,"valueName":"search_term_string"}}],"inLanguage":"es"}]}},"_links":{"self":[{"href":"https:\/\/www.sprachschule-aktiv-muenchen.de\/es\/wp-json\/wp\/v2\/pages\/52623","targetHints":{"allow":["GET"]}}],"collection":[{"href":"https:\/\/www.sprachschule-aktiv-muenchen.de\/es\/wp-json\/wp\/v2\/pages"}],"about":[{"href":"https:\/\/www.sprachschule-aktiv-muenchen.de\/es\/wp-json\/wp\/v2\/types\/page"}],"author":[{"embeddable":true,"href":"https:\/\/www.sprachschule-aktiv-muenchen.de\/es\/wp-json\/wp\/v2\/users\/2"}],"replies":[{"embeddable":true,"href":"https:\/\/www.sprachschule-aktiv-muenchen.de\/es\/wp-json\/wp\/v2\/comments?post=52623"}],"version-history":[{"count":11,"href":"https:\/\/www.sprachschule-aktiv-muenchen.de\/es\/wp-json\/wp\/v2\/pages\/52623\/revisions"}],"predecessor-version":[{"id":80332,"href":"https:\/\/www.sprachschule-aktiv-muenchen.de\/es\/wp-json\/wp\/v2\/pages\/52623\/revisions\/80332"}],"wp:attachment":[{"href":"https:\/\/www.sprachschule-aktiv-muenchen.de\/es\/wp-json\/wp\/v2\/media?parent=52623"}],"curies":[{"name":"wp","href":"https:\/\/api.w.org\/{rel}","templated":true}]}}