{"id":52620,"date":"2019-11-06T07:35:55","date_gmt":"2019-11-06T06:35:55","guid":{"rendered":"https:\/\/www.sprachschule-aktiv-muenchen.de\/?page_id=52620"},"modified":"2022-12-29T12:16:34","modified_gmt":"2022-12-29T11:16:34","slug":"cursos-de-aleman-para-empresas-en-munich","status":"publish","type":"page","link":"https:\/\/www.sprachschule-aktiv-muenchen.de\/es\/cursos-de-aleman-para-empresas-en-munich\/","title":{"rendered":"Cursos de alem\u00e1n para empresas en M\u00fanich"},"content":{"rendered":"<h1>Cursos de alem\u00e1n para empresas en M\u00fanich: todos los niveles A1 a C2<\/h1>\n<a href=\"https:\/\/www.sprachschule-aktiv-muenchen.de\/es\/contacto-ubicacion\/\"><img decoding=\"async\" class=\"alignnone size-full wp-image-52710\" src=\"https:\/\/www.sprachschule-aktiv-muenchen.de\/wp-content\/uploads\/2019\/11\/boton-contactanos.png\" alt=\"Cont\u00e1ctanos\" width=\"291\" height=\"70\" \/><\/a>\n<p><strong>\u00a0<\/strong>Aqu\u00ed puede encontrar todo sobre nuestros cursos de alem\u00e1n para empresas en Munich. Ofrecemos todos los niveles desde A1 hasta C2. Si realmente desea reclutar a los mejores empleados para su empresa de Munich, tambi\u00e9n debe reclutar especialistas del extranjero. Estos a menudo son altamente calificados, pero el idioma alem\u00e1n que hablan no lo hacen o no lo suficiente. Esto puede generar problemas de comunicaci\u00f3n con compa\u00f1eros y clientes. Sobre todo, si tiene varios empleados cuyo alem\u00e1n no es muy bueno, un curso de alem\u00e1n es la soluci\u00f3n \u00f3ptima para usted. \u00a1Cursos de alem\u00e1n para empresas en M\u00fanich para principiantes o avanzados de A1 a C2 con clase de prueba gratuita y <a href=\"https:\/\/www.sprachschule-aktiv-muenchen.de\/es\/test-de-nivel-aleman\/\">clasificaci\u00f3n en l\u00ednea!<\/a><\/p>\n<p><iframe title=\"Deutschkurse in M\u00fcnchen - Sprachschule Aktiv\" width=\"500\" height=\"281\" src=\"https:\/\/www.youtube.com\/embed\/wE4DnMj1Gwo?feature=oembed\" frameborder=\"0\" allow=\"accelerometer; autoplay; clipboard-write; encrypted-media; gyroscope; picture-in-picture; web-share\" referrerpolicy=\"strict-origin-when-cross-origin\" allowfullscreen><\/iframe><\/p>\n<h2>Cursos de alem\u00e1n para empresas en Munich seg\u00fan tus deseos<\/h2>\n<p>Cada empresa tiene una estructura \u00fanica. Las horas de trabajo son diferentes, los clientes tienen diferentes requisitos y tambi\u00e9n las habilidades son diferentes. Por este motivo, nos orientamos a las necesidades de su empresa. Si tiene el momento perfecto para un curso de alem\u00e1n de turno entre las 12 del mediod\u00eda y las 2 de la tarde, nuestros profesores est\u00e1n disponibles. No solo nos adaptamos a su horario de trabajo, sino tambi\u00e9n a los requisitos de su empresa. Nuestros maestros desarrollan un plan de estudios que contiene exactamente las partes de conversaci\u00f3n que son importantes para su empresa. Por supuesto, tambi\u00e9n puede reservar diferentes cursos, como cursos de comunicaci\u00f3n para empleados que trabajan en soporte telef\u00f3nico.<\/p>\n<p>Si lo desea, estaremos encantados de proporcionarle material de ense\u00f1anza adicional para ayudarlo a\u00fan m\u00e1s con la adquisici\u00f3n del idioma de su personal. En ese caso, usamos partes del examen y una prueba modelo completa de los centros de prueba telc. \u00a1Puede encontrar m\u00e1s informaci\u00f3n sobre <a href=\"https:\/\/www.sprachschule-aktiv-muenchen.de\/es\/telc-cursos-de-preparacion-en-munich\/\">telc aqu\u00ed!<\/a><\/p>\n<h2>Los cursos de nuestra empresa para alem\u00e1n como lengua extranjera tienen lugar en su empresa o con nosotros<\/h2>\n<p>Nuestros maestros pueden ir a vuestra empresa, por lo que no perder\u00e1 tiempo. Si las lecciones tienen lugar en Munich, los gastos de viaje no supondr\u00e1n un gasto adicional. Si su empresa se encuentra fuera de la capital de Baviera, nos orientamos por los costes del transporte p\u00fablico.<\/p>\n<p>Por supuesto, sus empleados tambi\u00e9n pueden tomar el curso de la compa\u00f1\u00eda con nosotros en la Sprachschule Aktiv.<\/p>\n<h2>Nuestros profesores para el curso de su empresa son hablantes nativos profesionales<\/h2>\n<p>Los maestros hablan alem\u00e1n como lengua materna. Eso es importante, porque esa es la \u00fanica forma en que su personal aprender\u00e1 la pronunciaci\u00f3n sin acentos. Tambi\u00e9n es importante para nosotros una aptitud pedag\u00f3gica. Muchos de nuestros maestros est\u00e1n capacitados como maestros, o al menos tienen una comprensi\u00f3n b\u00e1sica de los procesos de aprendizaje. Tambi\u00e9n esto ayuda a tener un buen trato con las personas. Esto es crucial para el \u00e9xito del aprendizaje, porque solo si el maestro es amable y paciente, es posible un aprendizaje tranquilo y relajado. Usted puede estar seguro de que sus empleados est\u00e1n en buenas manos.<\/p>\n<h2>Ofrecemos un servicio integral<\/h2>\n<p>Tiene una persona de contacto en nuestra escuela de idiomas que siempre estar\u00e1 atento a sus deseos y preocupaciones. Esto comienza incluso antes de las lecciones reales. A menudo, los diferentes requisitos de acceso causan problemas. No con nosotros, porque le ofrecemos una prueba de nivel. Los empleados pueden hacer esto f\u00e1cilmente desde la empresa o en casa con el ordenador. En base a esta prueba, asignamos a cada alumno a un grupo adecuado.<\/p>\n<p>Nuestros grupos tienen una capacidad de menos de ocho participantes. Esto le permite al maestro responder individualmente a los problemas de cada miembro del grupo.<\/p>\n<h2>Cursos de alem\u00e1n para empresas &#8211; Costes e inscripci\u00f3n<\/h2>\n<p>Cuantas m\u00e1s horas reserve, m\u00e1s barata ser\u00e1 la tarifa de la compa\u00f1\u00eda.<\/p>\n<p><strong>Curso de empresa en grupo de hasta 8 participantes<\/strong><\/p>\n<p>No est\u00e1 sujeto a ninguna cuota espec\u00edfica. Reserve las horas que necesita. Sin embargo, los cursos son m\u00e1s baratos si reserva m\u00e1s horas. Por lo tanto, una buena planificaci\u00f3n merece la pena. Hasta diez participantes incurrir\u00e1n en los siguientes costes:<\/p>\n<p>Hasta 29 horas pagas 49 euros<\/p>\n<p>Con m\u00e1s de 30 horas, solo pagas 45 euros<\/p>\n<a href=\"https:\/\/www.sprachschule-aktiv-muenchen.de\/es\/inscribete-cursos-aleman\/\"><img decoding=\"async\" class=\"alignnone size-full wp-image-52734\" src=\"https:\/\/www.sprachschule-aktiv-muenchen.de\/wp-content\/uploads\/2019\/11\/boton-inscribite.png\" alt=\"Inscr\u00edbete\" width=\"291\" height=\"70\" \/><\/a>\n<p><strong>Por supuesto, tambi\u00e9n ofrecemos clases individuales. Aqu\u00ed est\u00e1n los costes correspondientes:<\/strong> &#8211; Hasta 19 lecciones pagan 42 euros por hora<\/p>\n<p>Si reserva entre 20 y 29 horas, la tarifa por hora se reducir\u00e1 a 40 euros.<\/p>\n<p>A partir de 30 lecciones, la lecci\u00f3n cuesta 38 euros.<\/p>\n<p>Si a\u00fan no est\u00e1 seguro, tiene una lecci\u00f3n de prueba gratuita.<\/p>\n<a href=\"https:\/\/www.sprachschule-aktiv-muenchen.de\/es\/inscribete-cursos-aleman\/\"><img decoding=\"async\" class=\"alignnone size-full wp-image-52734\" src=\"https:\/\/www.sprachschule-aktiv-muenchen.de\/wp-content\/uploads\/2019\/11\/boton-inscribite.png\" alt=\"Inscr\u00edbete\" width=\"291\" height=\"70\" \/><\/a>\n","protected":false},"excerpt":{"rendered":"<p>Cursos de alem\u00e1n para empresas en M\u00fanich: todos los niveles A1 a C2 \u00a0Aqu\u00ed puede encontrar todo sobre nuestros cursos de alem\u00e1n para empresas en Munich. Ofrecemos todos los niveles desde A1 hasta C2. Si realmente desea reclutar a los mejores empleados para su empresa de Munich, tambi\u00e9n debe reclutar especialistas del extranjero. Estos a&hellip; <a class=\"read-more\" href=\"https:\/\/www.sprachschule-aktiv-muenchen.de\/es\/cursos-de-aleman-para-empresas-en-munich\/\" title=\"Read Cursos de alem\u00e1n para empresas en M\u00fanich\">Read more &raquo;<\/a><\/p>\n","protected":false},"author":2,"featured_media":0,"parent":0,"menu_order":0,"comment_status":"closed","ping_status":"closed","template":"","meta":{"footnotes":""},"class_list":["post-52620","page","type-page","status-publish","hentry"],"yoast_head":"<!-- This site is optimized with the Yoast SEO plugin v27.1.1 - https:\/\/yoast.com\/product\/yoast-seo-wordpress\/ -->\n<title>Cursos de alem\u00e1n para empresas en M\u00fanich - Alemania<\/title>\n<meta name=\"description\" content=\"\u00bfNecesita su personal aprender alem\u00e1n? Nuestra escuela de idiomas en M\u00fanich ofrece cursos especiales para empresas en todos los niveles A1 a C2\" \/>\n<meta name=\"robots\" content=\"index, follow, max-snippet:-1, max-image-preview:large, max-video-preview:-1\" \/>\n<link rel=\"canonical\" href=\"https:\/\/www.sprachschule-aktiv-muenchen.de\/es\/cursos-de-aleman-para-empresas-en-munich\/\" \/>\n<meta property=\"og:locale\" content=\"es_ES\" \/>\n<meta property=\"og:type\" content=\"article\" \/>\n<meta property=\"og:title\" content=\"Cursos de alem\u00e1n para empresas en M\u00fanich - Alemania\" \/>\n<meta property=\"og:description\" content=\"\u00bfNecesita su personal aprender alem\u00e1n? Nuestra escuela de idiomas en M\u00fanich ofrece cursos especiales para empresas en todos los niveles A1 a C2\" \/>\n<meta property=\"og:url\" content=\"https:\/\/www.sprachschule-aktiv-muenchen.de\/es\/cursos-de-aleman-para-empresas-en-munich\/\" \/>\n<meta property=\"og:site_name\" content=\"Sprachschule Aktiv\" \/>\n<meta property=\"article:modified_time\" content=\"2022-12-29T11:16:34+00:00\" \/>\n<meta property=\"og:image\" content=\"https:\/\/www.sprachschule-aktiv-muenchen.de\/wp-content\/uploads\/2019\/11\/boton-contactanos.png\" \/>\n<meta name=\"twitter:card\" content=\"summary_large_image\" \/>\n<meta name=\"twitter:label1\" content=\"Tiempo de lectura\" \/>\n\t<meta name=\"twitter:data1\" content=\"5 minutos\" \/>\n<script type=\"application\/ld+json\" class=\"yoast-schema-graph\">{\"@context\":\"https:\/\/schema.org\",\"@graph\":[{\"@type\":\"WebPage\",\"@id\":\"https:\/\/www.sprachschule-aktiv-muenchen.de\/es\/cursos-de-aleman-para-empresas-en-munich\/\",\"url\":\"https:\/\/www.sprachschule-aktiv-muenchen.de\/es\/cursos-de-aleman-para-empresas-en-munich\/\",\"name\":\"Cursos de alem\u00e1n para empresas en M\u00fanich - Alemania\",\"isPartOf\":{\"@id\":\"https:\/\/www.sprachschule-aktiv-muenchen.de\/#website\"},\"primaryImageOfPage\":{\"@id\":\"https:\/\/www.sprachschule-aktiv-muenchen.de\/es\/cursos-de-aleman-para-empresas-en-munich\/#primaryimage\"},\"image\":{\"@id\":\"https:\/\/www.sprachschule-aktiv-muenchen.de\/es\/cursos-de-aleman-para-empresas-en-munich\/#primaryimage\"},\"thumbnailUrl\":\"https:\/\/www.sprachschule-aktiv-muenchen.de\/wp-content\/uploads\/2019\/11\/boton-contactanos.png\",\"datePublished\":\"2019-11-06T06:35:55+00:00\",\"dateModified\":\"2022-12-29T11:16:34+00:00\",\"description\":\"\u00bfNecesita su personal aprender alem\u00e1n? Nuestra escuela de idiomas en M\u00fanich ofrece cursos especiales para empresas en todos los niveles A1 a C2\",\"breadcrumb\":{\"@id\":\"https:\/\/www.sprachschule-aktiv-muenchen.de\/es\/cursos-de-aleman-para-empresas-en-munich\/#breadcrumb\"},\"inLanguage\":\"es\",\"potentialAction\":[{\"@type\":\"ReadAction\",\"target\":[\"https:\/\/www.sprachschule-aktiv-muenchen.de\/es\/cursos-de-aleman-para-empresas-en-munich\/\"]}]},{\"@type\":\"ImageObject\",\"inLanguage\":\"es\",\"@id\":\"https:\/\/www.sprachschule-aktiv-muenchen.de\/es\/cursos-de-aleman-para-empresas-en-munich\/#primaryimage\",\"url\":\"https:\/\/www.sprachschule-aktiv-muenchen.de\/wp-content\/uploads\/2019\/11\/boton-contactanos.png\",\"contentUrl\":\"https:\/\/www.sprachschule-aktiv-muenchen.de\/wp-content\/uploads\/2019\/11\/boton-contactanos.png\"},{\"@type\":\"BreadcrumbList\",\"@id\":\"https:\/\/www.sprachschule-aktiv-muenchen.de\/es\/cursos-de-aleman-para-empresas-en-munich\/#breadcrumb\",\"itemListElement\":[{\"@type\":\"ListItem\",\"position\":1,\"name\":\"Portada\",\"item\":\"https:\/\/www.sprachschule-aktiv-muenchen.de\/es\/\"},{\"@type\":\"ListItem\",\"position\":2,\"name\":\"Cursos de alem\u00e1n para empresas en M\u00fanich\"}]},{\"@type\":\"WebSite\",\"@id\":\"https:\/\/www.sprachschule-aktiv-muenchen.de\/#website\",\"url\":\"https:\/\/www.sprachschule-aktiv-muenchen.de\/\",\"name\":\"Sprachschule Aktiv\",\"description\":\"\",\"potentialAction\":[{\"@type\":\"SearchAction\",\"target\":{\"@type\":\"EntryPoint\",\"urlTemplate\":\"https:\/\/www.sprachschule-aktiv-muenchen.de\/?s={search_term_string}\"},\"query-input\":{\"@type\":\"PropertyValueSpecification\",\"valueRequired\":true,\"valueName\":\"search_term_string\"}}],\"inLanguage\":\"es\"}]}<\/script>\n<!-- \/ Yoast SEO plugin. -->","yoast_head_json":{"title":"Cursos de alem\u00e1n para empresas en M\u00fanich - Alemania","description":"\u00bfNecesita su personal aprender alem\u00e1n? Nuestra escuela de idiomas en M\u00fanich ofrece cursos especiales para empresas en todos los niveles A1 a C2","robots":{"index":"index","follow":"follow","max-snippet":"max-snippet:-1","max-image-preview":"max-image-preview:large","max-video-preview":"max-video-preview:-1"},"canonical":"https:\/\/www.sprachschule-aktiv-muenchen.de\/es\/cursos-de-aleman-para-empresas-en-munich\/","og_locale":"es_ES","og_type":"article","og_title":"Cursos de alem\u00e1n para empresas en M\u00fanich - Alemania","og_description":"\u00bfNecesita su personal aprender alem\u00e1n? Nuestra escuela de idiomas en M\u00fanich ofrece cursos especiales para empresas en todos los niveles A1 a C2","og_url":"https:\/\/www.sprachschule-aktiv-muenchen.de\/es\/cursos-de-aleman-para-empresas-en-munich\/","og_site_name":"Sprachschule Aktiv","article_modified_time":"2022-12-29T11:16:34+00:00","og_image":[{"url":"https:\/\/www.sprachschule-aktiv-muenchen.de\/wp-content\/uploads\/2019\/11\/boton-contactanos.png","type":"","width":"","height":""}],"twitter_card":"summary_large_image","twitter_misc":{"Tiempo de lectura":"5 minutos"},"schema":{"@context":"https:\/\/schema.org","@graph":[{"@type":"WebPage","@id":"https:\/\/www.sprachschule-aktiv-muenchen.de\/es\/cursos-de-aleman-para-empresas-en-munich\/","url":"https:\/\/www.sprachschule-aktiv-muenchen.de\/es\/cursos-de-aleman-para-empresas-en-munich\/","name":"Cursos de alem\u00e1n para empresas en M\u00fanich - Alemania","isPartOf":{"@id":"https:\/\/www.sprachschule-aktiv-muenchen.de\/#website"},"primaryImageOfPage":{"@id":"https:\/\/www.sprachschule-aktiv-muenchen.de\/es\/cursos-de-aleman-para-empresas-en-munich\/#primaryimage"},"image":{"@id":"https:\/\/www.sprachschule-aktiv-muenchen.de\/es\/cursos-de-aleman-para-empresas-en-munich\/#primaryimage"},"thumbnailUrl":"https:\/\/www.sprachschule-aktiv-muenchen.de\/wp-content\/uploads\/2019\/11\/boton-contactanos.png","datePublished":"2019-11-06T06:35:55+00:00","dateModified":"2022-12-29T11:16:34+00:00","description":"\u00bfNecesita su personal aprender alem\u00e1n? Nuestra escuela de idiomas en M\u00fanich ofrece cursos especiales para empresas en todos los niveles A1 a C2","breadcrumb":{"@id":"https:\/\/www.sprachschule-aktiv-muenchen.de\/es\/cursos-de-aleman-para-empresas-en-munich\/#breadcrumb"},"inLanguage":"es","potentialAction":[{"@type":"ReadAction","target":["https:\/\/www.sprachschule-aktiv-muenchen.de\/es\/cursos-de-aleman-para-empresas-en-munich\/"]}]},{"@type":"ImageObject","inLanguage":"es","@id":"https:\/\/www.sprachschule-aktiv-muenchen.de\/es\/cursos-de-aleman-para-empresas-en-munich\/#primaryimage","url":"https:\/\/www.sprachschule-aktiv-muenchen.de\/wp-content\/uploads\/2019\/11\/boton-contactanos.png","contentUrl":"https:\/\/www.sprachschule-aktiv-muenchen.de\/wp-content\/uploads\/2019\/11\/boton-contactanos.png"},{"@type":"BreadcrumbList","@id":"https:\/\/www.sprachschule-aktiv-muenchen.de\/es\/cursos-de-aleman-para-empresas-en-munich\/#breadcrumb","itemListElement":[{"@type":"ListItem","position":1,"name":"Portada","item":"https:\/\/www.sprachschule-aktiv-muenchen.de\/es\/"},{"@type":"ListItem","position":2,"name":"Cursos de alem\u00e1n para empresas en M\u00fanich"}]},{"@type":"WebSite","@id":"https:\/\/www.sprachschule-aktiv-muenchen.de\/#website","url":"https:\/\/www.sprachschule-aktiv-muenchen.de\/","name":"Sprachschule Aktiv","description":"","potentialAction":[{"@type":"SearchAction","target":{"@type":"EntryPoint","urlTemplate":"https:\/\/www.sprachschule-aktiv-muenchen.de\/?s={search_term_string}"},"query-input":{"@type":"PropertyValueSpecification","valueRequired":true,"valueName":"search_term_string"}}],"inLanguage":"es"}]}},"_links":{"self":[{"href":"https:\/\/www.sprachschule-aktiv-muenchen.de\/es\/wp-json\/wp\/v2\/pages\/52620","targetHints":{"allow":["GET"]}}],"collection":[{"href":"https:\/\/www.sprachschule-aktiv-muenchen.de\/es\/wp-json\/wp\/v2\/pages"}],"about":[{"href":"https:\/\/www.sprachschule-aktiv-muenchen.de\/es\/wp-json\/wp\/v2\/types\/page"}],"author":[{"embeddable":true,"href":"https:\/\/www.sprachschule-aktiv-muenchen.de\/es\/wp-json\/wp\/v2\/users\/2"}],"replies":[{"embeddable":true,"href":"https:\/\/www.sprachschule-aktiv-muenchen.de\/es\/wp-json\/wp\/v2\/comments?post=52620"}],"version-history":[{"count":3,"href":"https:\/\/www.sprachschule-aktiv-muenchen.de\/es\/wp-json\/wp\/v2\/pages\/52620\/revisions"}],"predecessor-version":[{"id":72928,"href":"https:\/\/www.sprachschule-aktiv-muenchen.de\/es\/wp-json\/wp\/v2\/pages\/52620\/revisions\/72928"}],"wp:attachment":[{"href":"https:\/\/www.sprachschule-aktiv-muenchen.de\/es\/wp-json\/wp\/v2\/media?parent=52620"}],"curies":[{"name":"wp","href":"https:\/\/api.w.org\/{rel}","templated":true}]}}