{"id":49402,"date":"2019-04-05T07:11:10","date_gmt":"2019-04-05T05:11:10","guid":{"rendered":"https:\/\/www.sprachschule-aktiv-muenchen.de\/?page_id=49402"},"modified":"2026-02-24T13:02:16","modified_gmt":"2026-02-24T12:02:16","slug":"telc-cursos-de-preparacion-en-munich","status":"publish","type":"page","link":"https:\/\/www.sprachschule-aktiv-muenchen.de\/es\/telc-cursos-de-preparacion-en-munich\/","title":{"rendered":"Telc cursos de preparaci\u00f3n en M\u00fanich"},"content":{"rendered":"<h1>Cursos de preparaci\u00f3n para el examen de alem\u00e1n telc en M\u00fanich<\/h1>\n<h2>Curso de preparaci\u00f3n telc para el A1, A2, B1, B2, C1, C2<\/h2>\n<a href=\"https:\/\/www.sprachschule-aktiv-muenchen.de\/es\/contacto-ubicacion\/\"><img decoding=\"async\" class=\"alignnone size-full wp-image-52710\" src=\"https:\/\/www.sprachschule-aktiv-muenchen.de\/wp-content\/uploads\/2019\/11\/boton-contactanos.png\" alt=\"Cont\u00e1ctanos\" width=\"291\" height=\"70\" \/><\/a>\n<p>Demuestra tus conocimientos de alem\u00e1n con un examen reconocido por numerosas instituciones y universidades. Diferentes empresas y universidades en Alemania y en el extranjero tambi\u00e9n aprecian el valor de estos certificados de idiomas de alta calidad. Telc-Test alem\u00e1n &#8211; Toda la informaci\u00f3n sobre el examen y el certificado de idioma se puede encontrar aqu\u00ed.<\/p>\n<p><iframe title=\"YouTube video player\" src=\"https:\/\/www.youtube.com\/embed\/O8OSUHbmfWQ\" width=\"560\" height=\"315\" frameborder=\"0\" allowfullscreen=\"allowfullscreen\"><\/iframe><\/p>\n<h2>\u00bfQu\u00e9 es Telc o examen Telc?<\/h2>\n<p>Telc significa &#8220;The European Language Certificates&#8221; (Certificados Europeos de Idiomas). Telc tiene su sede en Fr\u00e1ncfort del Meno. Crea las pruebas de lengua para el alem\u00e1n y las ofrece a diversos grupos destinatarios. Los procedimientos de prueba est\u00e1n estandarizados y se consideran fiables y significativos. Las pruebas de Telc de idiomas est\u00e1n dise\u00f1adas de acuerdo con las directrices del Marco Com\u00fan Europeo de Referencia para las Lenguas (MCERL). La gama de ex\u00e1menes incluye m\u00e1s de 80 pruebas en diez idiomas.<\/p>\n<img decoding=\"async\" class=\"alignnone size-full wp-image-49404\" src=\"https:\/\/www.sprachschule-aktiv-muenchen.de\/wp-content\/uploads\/2019\/04\/telc-cursos-de-preparacion-en-munich.jpg\" alt=\"Telc - Cursos de preparaci\u00f3n para el examen en M\u00fanich\" width=\"500\" height=\"281\" srcset=\"https:\/\/www.sprachschule-aktiv-muenchen.de\/wp-content\/uploads\/2019\/04\/telc-cursos-de-preparacion-en-munich.jpg 500w, https:\/\/www.sprachschule-aktiv-muenchen.de\/wp-content\/uploads\/2019\/04\/telc-cursos-de-preparacion-en-munich-300x169.jpg 300w\" sizes=\"(max-width: 500px) 100vw, 500px\" \/>\n<h2>\u00bfPor qu\u00e9 hacer el examen Telc-alem\u00e1n?<\/h2>\n<p>Si ha realizado una prueba de Telc, recibir\u00e1 un certificado de idioma. Enumera sus habilidades ling\u00fc\u00edsticas en las \u00e1reas de escuchar, leer, hablar y escribir.<\/p>\n<p>Los ex\u00e1menes de certificaci\u00f3n cubren cuatro objetivos:<\/p>\n<p>1.- razones privadas de uso general de la lengua.<\/p>\n<p>2.- como prueba de conocimientos ling\u00fc\u00edsticos de los alumnos y estudiantes o de los candidatos a estudios universitarios.<\/p>\n<p>3.- como prueba de su competencia ling\u00fc\u00edstica en su profesi\u00f3n.<\/p>\n<p>4.- para los migrantes como requisito previo para la participaci\u00f3n en la sociedad de habla alemana.<\/p>\n<h2>\u00bfC\u00f3mo es la preparaci\u00f3n para el examen Telc en la escuela Sprachschule Aktiv en M\u00fanich?<\/h2>\n<p>Integramos la preparaci\u00f3n telc en nuestros cursos intensivos desde el nivel A1 hasta el C2. Si lo desea, tambi\u00e9n ofrecemos este servicio adicional de forma gratuita en clases privadas y de empresa.<\/p>\n<p>Durante el curso, su profesor de idiomas le proporcionar\u00e1 varios ejercicios que corresponden al examen Telc. De esta manera, aprender\u00e1s paso a paso los componentes individuales que necesitas, especialmente para la expresi\u00f3n oral y escrita. Al mismo tiempo, el instructor explicar\u00e1 el procedimiento exacto y el momento del examen. Al final del curso tomar\u00e1s un modelo de prueba, que ser\u00e1 corregida con tu profesor de alem\u00e1n. El resultado muestra el nivel que ha alcanzado en cada nivel. Consejos y trucos \u00fatiles completan la preparaci\u00f3n de Telc.<\/p>\n<p>Si decide presentarse a un examen Telc en un centro de ex\u00e1menes teniendo ya los conocimientos requeridos puede contactarnos para darle la informaci\u00f3n necesaria.<\/p>\n<h2>Telc &#8211; Cursos intensivos de preparaci\u00f3n &#8211; Precios, fechas y matr\u00edcula:<\/h2>\n<p>Horario: Lunes a viernes de 9:00 a.m. a 12:00 p.m.<\/p>\n<p>Duraci\u00f3n: 4 semanas<\/p>\n<p>Niveles: Preparaci\u00f3n para el examen Telc de A1 a C2<\/p>\n<p>Precio: 4 semanas intensivo 499 \u20ac.<\/p>\n<p>Fechas de inicio 2026<\/p>\n<p>\n<table id=\"tablepress-158\" class=\"tablepress tablepress-id-158 tablepress-responsive tbody-has-connected-cells\">\n<thead>\n<tr class=\"row-1\">\n\t<th colspan=\"3\" class=\"column-1\">Cursos superintensivos de alem\u00e1n de 09:00 a 12:00 <\/th>\n<\/tr>\n<\/thead>\n<tbody class=\"row-striping row-hover\">\n<tr class=\"row-2\">\n\t<td class=\"column-1\">ENERO<\/td><td class=\"column-2\">FEBRERO<\/td><td class=\"column-3\">MARZO<\/td>\n<\/tr>\n<tr class=\"row-3\">\n\t<td class=\"column-1\">05.01.2026<\/td><td class=\"column-2\">02.02.2026<\/td><td class=\"column-3\">02.03.2026<\/td>\n<\/tr>\n<tr class=\"row-4\">\n\t<td class=\"column-1\">ABRIL<\/td><td class=\"column-2\">MAYO<\/td><td class=\"column-3\">JUNIO<\/td>\n<\/tr>\n<tr class=\"row-5\">\n\t<td class=\"column-1\">30.03.2026*<\/td><td class=\"column-2\">04.05.2026<\/td><td class=\"column-3\">01.06.2026<\/td>\n<\/tr>\n<tr class=\"row-6\">\n\t<td class=\"column-1\">JULIO<\/td><td class=\"column-2\">AGOSTO<\/td><td class=\"column-3\">SEPTIEMBRE<\/td>\n<\/tr>\n<tr class=\"row-7\">\n\t<td class=\"column-1\">29.06.2026*<\/td><td class=\"column-2\">03.08.2026*<\/td><td class=\"column-3\">31.08.2026*<\/td>\n<\/tr>\n<tr class=\"row-8\">\n\t<td class=\"column-1\">OCTUBRE<\/td><td class=\"column-2\">NOVIEMBRE<\/td><td class=\"column-3\">DICIEMBRE<\/td>\n<\/tr>\n<tr class=\"row-9\">\n\t<td class=\"column-1\">28.09.2026*<\/td><td class=\"column-2\">26.10.2026*<\/td><td class=\"column-3\">23.11.2026*<\/td>\n<\/tr>\n<tr class=\"row-10\">\n\t<td colspan=\"3\" class=\"column-1\">Curso superintensivo de alem\u00e1n, de lunes a viernes<\/td>\n<\/tr>\n<tr class=\"row-11\">\n\t<td class=\"column-1\"><\/td><td class=\"column-2\"><\/td><td class=\"column-3\"><\/td>\n<\/tr>\n<tr class=\"row-12\">\n\t<td class=\"column-1\">Precios:<br \/>\n1 semana: 199\u20ac<br \/>\n2 semanas: 349\u20ac<br \/>\n3 semanas: 411\u20ac<br \/>\n4 semanas: 499\u20ac<br \/>\n<\/td><td class=\"column-2\"><\/td><td class=\"column-3\"><\/td>\n<\/tr>\n<tr class=\"row-13\">\n\t<td colspan=\"3\" class=\"column-1\">Horario a partir de 5 alumnos.<\/td>\n<\/tr>\n<\/tbody>\n<\/table>\n<!-- #tablepress-158 from cache -->[\/vc_column_text][\/vc_column][\/vc_row][vc_row full_width=&#8221;stretch_row&#8221; css=&#8221;.vc_custom_1488293157719{padding-top: 30px !important;padding-bottom: 30px !important;}&#8221;][vc_column][vc_column_text]<\/p>\n<a href=\"https:\/\/www.sprachschule-aktiv-muenchen.de\/es\/inscribete-cursos-aleman\/\"><img decoding=\"async\" class=\"alignnone size-full wp-image-52734\" src=\"https:\/\/www.sprachschule-aktiv-muenchen.de\/wp-content\/uploads\/2019\/11\/boton-inscribite.png\" alt=\"Inscr\u00edbete\" width=\"291\" height=\"70\" \/><\/a>\n<h2>\u00bfQui\u00e9n acepta un certificado de Telc de alem\u00e1n?<\/h2>\n<p>Instituciones, firmas como tambi\u00e9n universidades, instituciones, asociaciones profesionales o incluso empresas en Alemania, que exigen un certificado de idioma Telc. Por eso es importante que pregunten. En la mayor\u00eda de los casos, los certificados alemanes tambi\u00e9n son aceptados para obtener un permiso de residencia.<\/p>\n<h2>\u00bfD\u00f3nde puedo realizar un examen Telc y cu\u00e1nto cuesta?<\/h2>\n<p>En 3.000 centros de examen de todo el mundo tienes la oportunidad de realizar una prueba de Telc. A trav\u00e9s de este <a href=\"https:\/\/www.telc.net\/pruefungsteilnehmende\/pruefungszentrum-finden.html\" target=\"_blank\" rel=\"noopener noreferrer\">enlace<\/a> podr\u00e1 encontrar el centro examinador de tu elecci\u00f3n. All\u00ed encontrar\u00e1 m\u00e1s informaci\u00f3n sobre las fechas de los ex\u00e1menes y el procedimiento de examen. El precio del examen var\u00eda entre 40 y 140 euros.<\/p>\n","protected":false},"excerpt":{"rendered":"<p>Cursos de preparaci\u00f3n para el examen de alem\u00e1n telc en M\u00fanich Curso de preparaci\u00f3n telc para el A1, A2, B1, B2, C1, C2 Demuestra tus conocimientos de alem\u00e1n con un examen reconocido por numerosas instituciones y universidades. Diferentes empresas y universidades en Alemania y en el extranjero tambi\u00e9n aprecian el valor de estos certificados de&hellip; <a class=\"read-more\" href=\"https:\/\/www.sprachschule-aktiv-muenchen.de\/es\/telc-cursos-de-preparacion-en-munich\/\" title=\"Read Telc cursos de preparaci\u00f3n en M\u00fanich\">Read more &raquo;<\/a><\/p>\n","protected":false},"author":2,"featured_media":0,"parent":0,"menu_order":0,"comment_status":"closed","ping_status":"closed","template":"","meta":{"footnotes":""},"class_list":["post-49402","page","type-page","status-publish","hentry"],"yoast_head":"<!-- This site is optimized with the Yoast SEO plugin v27.1.1 - https:\/\/yoast.com\/product\/yoast-seo-wordpress\/ -->\n<title>Curso de preparaci\u00f3n para el examen de alem\u00e1n Telc en M\u00fanich<\/title>\n<meta name=\"description\" content=\"Cursos de preparaci\u00f3n para el examen de alem\u00e1n Telc en M\u00fanich. Cursos intensivos de alem\u00e1n telc en todos los niveles A1, A2, B1, B2, C1, C2\" \/>\n<meta name=\"robots\" content=\"index, follow, max-snippet:-1, max-image-preview:large, max-video-preview:-1\" \/>\n<link rel=\"canonical\" href=\"https:\/\/www.sprachschule-aktiv-muenchen.de\/es\/telc-cursos-de-preparacion-en-munich\/\" \/>\n<meta property=\"og:locale\" content=\"es_ES\" \/>\n<meta property=\"og:type\" content=\"article\" \/>\n<meta property=\"og:title\" content=\"Curso de preparaci\u00f3n para el examen de alem\u00e1n Telc en M\u00fanich\" \/>\n<meta property=\"og:description\" content=\"Cursos de preparaci\u00f3n para el examen de alem\u00e1n Telc en M\u00fanich. Cursos intensivos de alem\u00e1n telc en todos los niveles A1, A2, B1, B2, C1, C2\" \/>\n<meta property=\"og:url\" content=\"https:\/\/www.sprachschule-aktiv-muenchen.de\/es\/telc-cursos-de-preparacion-en-munich\/\" \/>\n<meta property=\"og:site_name\" content=\"Sprachschule Aktiv\" \/>\n<meta property=\"article:modified_time\" content=\"2026-02-24T12:02:16+00:00\" \/>\n<meta property=\"og:image\" content=\"https:\/\/www.sprachschule-aktiv-muenchen.de\/wp-content\/uploads\/2019\/11\/boton-contactanos.png\" \/>\n\t<meta property=\"og:image:width\" content=\"291\" \/>\n\t<meta property=\"og:image:height\" content=\"70\" \/>\n\t<meta property=\"og:image:type\" content=\"image\/png\" \/>\n<meta name=\"twitter:card\" content=\"summary_large_image\" \/>\n<meta name=\"twitter:label1\" content=\"Tiempo de lectura\" \/>\n\t<meta name=\"twitter:data1\" content=\"4 minutos\" \/>\n<script type=\"application\/ld+json\" class=\"yoast-schema-graph\">{\"@context\":\"https:\/\/schema.org\",\"@graph\":[{\"@type\":\"WebPage\",\"@id\":\"https:\/\/www.sprachschule-aktiv-muenchen.de\/es\/telc-cursos-de-preparacion-en-munich\/\",\"url\":\"https:\/\/www.sprachschule-aktiv-muenchen.de\/es\/telc-cursos-de-preparacion-en-munich\/\",\"name\":\"Curso de preparaci\u00f3n para el examen de alem\u00e1n Telc en M\u00fanich\",\"isPartOf\":{\"@id\":\"https:\/\/www.sprachschule-aktiv-muenchen.de\/#website\"},\"primaryImageOfPage\":{\"@id\":\"https:\/\/www.sprachschule-aktiv-muenchen.de\/es\/telc-cursos-de-preparacion-en-munich\/#primaryimage\"},\"image\":{\"@id\":\"https:\/\/www.sprachschule-aktiv-muenchen.de\/es\/telc-cursos-de-preparacion-en-munich\/#primaryimage\"},\"thumbnailUrl\":\"https:\/\/www.sprachschule-aktiv-muenchen.de\/wp-content\/uploads\/2019\/11\/boton-contactanos.png\",\"datePublished\":\"2019-04-05T05:11:10+00:00\",\"dateModified\":\"2026-02-24T12:02:16+00:00\",\"description\":\"Cursos de preparaci\u00f3n para el examen de alem\u00e1n Telc en M\u00fanich. Cursos intensivos de alem\u00e1n telc en todos los niveles A1, A2, B1, B2, C1, C2\",\"breadcrumb\":{\"@id\":\"https:\/\/www.sprachschule-aktiv-muenchen.de\/es\/telc-cursos-de-preparacion-en-munich\/#breadcrumb\"},\"inLanguage\":\"es\",\"potentialAction\":[{\"@type\":\"ReadAction\",\"target\":[\"https:\/\/www.sprachschule-aktiv-muenchen.de\/es\/telc-cursos-de-preparacion-en-munich\/\"]}]},{\"@type\":\"ImageObject\",\"inLanguage\":\"es\",\"@id\":\"https:\/\/www.sprachschule-aktiv-muenchen.de\/es\/telc-cursos-de-preparacion-en-munich\/#primaryimage\",\"url\":\"https:\/\/www.sprachschule-aktiv-muenchen.de\/wp-content\/uploads\/2019\/11\/boton-contactanos.png\",\"contentUrl\":\"https:\/\/www.sprachschule-aktiv-muenchen.de\/wp-content\/uploads\/2019\/11\/boton-contactanos.png\"},{\"@type\":\"BreadcrumbList\",\"@id\":\"https:\/\/www.sprachschule-aktiv-muenchen.de\/es\/telc-cursos-de-preparacion-en-munich\/#breadcrumb\",\"itemListElement\":[{\"@type\":\"ListItem\",\"position\":1,\"name\":\"Portada\",\"item\":\"https:\/\/www.sprachschule-aktiv-muenchen.de\/es\/\"},{\"@type\":\"ListItem\",\"position\":2,\"name\":\"Telc cursos de preparaci\u00f3n en M\u00fanich\"}]},{\"@type\":\"WebSite\",\"@id\":\"https:\/\/www.sprachschule-aktiv-muenchen.de\/#website\",\"url\":\"https:\/\/www.sprachschule-aktiv-muenchen.de\/\",\"name\":\"Sprachschule Aktiv\",\"description\":\"\",\"potentialAction\":[{\"@type\":\"SearchAction\",\"target\":{\"@type\":\"EntryPoint\",\"urlTemplate\":\"https:\/\/www.sprachschule-aktiv-muenchen.de\/?s={search_term_string}\"},\"query-input\":{\"@type\":\"PropertyValueSpecification\",\"valueRequired\":true,\"valueName\":\"search_term_string\"}}],\"inLanguage\":\"es\"}]}<\/script>\n<!-- \/ Yoast SEO plugin. -->","yoast_head_json":{"title":"Curso de preparaci\u00f3n para el examen de alem\u00e1n Telc en M\u00fanich","description":"Cursos de preparaci\u00f3n para el examen de alem\u00e1n Telc en M\u00fanich. Cursos intensivos de alem\u00e1n telc en todos los niveles A1, A2, B1, B2, C1, C2","robots":{"index":"index","follow":"follow","max-snippet":"max-snippet:-1","max-image-preview":"max-image-preview:large","max-video-preview":"max-video-preview:-1"},"canonical":"https:\/\/www.sprachschule-aktiv-muenchen.de\/es\/telc-cursos-de-preparacion-en-munich\/","og_locale":"es_ES","og_type":"article","og_title":"Curso de preparaci\u00f3n para el examen de alem\u00e1n Telc en M\u00fanich","og_description":"Cursos de preparaci\u00f3n para el examen de alem\u00e1n Telc en M\u00fanich. Cursos intensivos de alem\u00e1n telc en todos los niveles A1, A2, B1, B2, C1, C2","og_url":"https:\/\/www.sprachschule-aktiv-muenchen.de\/es\/telc-cursos-de-preparacion-en-munich\/","og_site_name":"Sprachschule Aktiv","article_modified_time":"2026-02-24T12:02:16+00:00","og_image":[{"width":291,"height":70,"url":"https:\/\/www.sprachschule-aktiv-muenchen.de\/wp-content\/uploads\/2019\/11\/boton-contactanos.png","type":"image\/png"}],"twitter_card":"summary_large_image","twitter_misc":{"Tiempo de lectura":"4 minutos"},"schema":{"@context":"https:\/\/schema.org","@graph":[{"@type":"WebPage","@id":"https:\/\/www.sprachschule-aktiv-muenchen.de\/es\/telc-cursos-de-preparacion-en-munich\/","url":"https:\/\/www.sprachschule-aktiv-muenchen.de\/es\/telc-cursos-de-preparacion-en-munich\/","name":"Curso de preparaci\u00f3n para el examen de alem\u00e1n Telc en M\u00fanich","isPartOf":{"@id":"https:\/\/www.sprachschule-aktiv-muenchen.de\/#website"},"primaryImageOfPage":{"@id":"https:\/\/www.sprachschule-aktiv-muenchen.de\/es\/telc-cursos-de-preparacion-en-munich\/#primaryimage"},"image":{"@id":"https:\/\/www.sprachschule-aktiv-muenchen.de\/es\/telc-cursos-de-preparacion-en-munich\/#primaryimage"},"thumbnailUrl":"https:\/\/www.sprachschule-aktiv-muenchen.de\/wp-content\/uploads\/2019\/11\/boton-contactanos.png","datePublished":"2019-04-05T05:11:10+00:00","dateModified":"2026-02-24T12:02:16+00:00","description":"Cursos de preparaci\u00f3n para el examen de alem\u00e1n Telc en M\u00fanich. Cursos intensivos de alem\u00e1n telc en todos los niveles A1, A2, B1, B2, C1, C2","breadcrumb":{"@id":"https:\/\/www.sprachschule-aktiv-muenchen.de\/es\/telc-cursos-de-preparacion-en-munich\/#breadcrumb"},"inLanguage":"es","potentialAction":[{"@type":"ReadAction","target":["https:\/\/www.sprachschule-aktiv-muenchen.de\/es\/telc-cursos-de-preparacion-en-munich\/"]}]},{"@type":"ImageObject","inLanguage":"es","@id":"https:\/\/www.sprachschule-aktiv-muenchen.de\/es\/telc-cursos-de-preparacion-en-munich\/#primaryimage","url":"https:\/\/www.sprachschule-aktiv-muenchen.de\/wp-content\/uploads\/2019\/11\/boton-contactanos.png","contentUrl":"https:\/\/www.sprachschule-aktiv-muenchen.de\/wp-content\/uploads\/2019\/11\/boton-contactanos.png"},{"@type":"BreadcrumbList","@id":"https:\/\/www.sprachschule-aktiv-muenchen.de\/es\/telc-cursos-de-preparacion-en-munich\/#breadcrumb","itemListElement":[{"@type":"ListItem","position":1,"name":"Portada","item":"https:\/\/www.sprachschule-aktiv-muenchen.de\/es\/"},{"@type":"ListItem","position":2,"name":"Telc cursos de preparaci\u00f3n en M\u00fanich"}]},{"@type":"WebSite","@id":"https:\/\/www.sprachschule-aktiv-muenchen.de\/#website","url":"https:\/\/www.sprachschule-aktiv-muenchen.de\/","name":"Sprachschule Aktiv","description":"","potentialAction":[{"@type":"SearchAction","target":{"@type":"EntryPoint","urlTemplate":"https:\/\/www.sprachschule-aktiv-muenchen.de\/?s={search_term_string}"},"query-input":{"@type":"PropertyValueSpecification","valueRequired":true,"valueName":"search_term_string"}}],"inLanguage":"es"}]}},"_links":{"self":[{"href":"https:\/\/www.sprachschule-aktiv-muenchen.de\/es\/wp-json\/wp\/v2\/pages\/49402","targetHints":{"allow":["GET"]}}],"collection":[{"href":"https:\/\/www.sprachschule-aktiv-muenchen.de\/es\/wp-json\/wp\/v2\/pages"}],"about":[{"href":"https:\/\/www.sprachschule-aktiv-muenchen.de\/es\/wp-json\/wp\/v2\/types\/page"}],"author":[{"embeddable":true,"href":"https:\/\/www.sprachschule-aktiv-muenchen.de\/es\/wp-json\/wp\/v2\/users\/2"}],"replies":[{"embeddable":true,"href":"https:\/\/www.sprachschule-aktiv-muenchen.de\/es\/wp-json\/wp\/v2\/comments?post=49402"}],"version-history":[{"count":9,"href":"https:\/\/www.sprachschule-aktiv-muenchen.de\/es\/wp-json\/wp\/v2\/pages\/49402\/revisions"}],"predecessor-version":[{"id":80330,"href":"https:\/\/www.sprachschule-aktiv-muenchen.de\/es\/wp-json\/wp\/v2\/pages\/49402\/revisions\/80330"}],"wp:attachment":[{"href":"https:\/\/www.sprachschule-aktiv-muenchen.de\/es\/wp-json\/wp\/v2\/media?parent=49402"}],"curies":[{"name":"wp","href":"https:\/\/api.w.org\/{rel}","templated":true}]}}