{"id":37522,"date":"2017-02-05T17:53:26","date_gmt":"2017-02-05T16:53:26","guid":{"rendered":"https:\/\/www.sprachschule-aktiv-muenchen.de\/allgemeine-geschaftsbedingungen\/"},"modified":"2021-08-25T05:45:39","modified_gmt":"2021-08-25T03:45:39","slug":"terminos-legales","status":"publish","type":"page","link":"https:\/\/www.sprachschule-aktiv-muenchen.de\/es\/terminos-legales\/","title":{"rendered":"T\u00e9rminos Legales"},"content":{"rendered":"<p>[vc_row css=&#8221;.vc_custom_1486312541720{margin-top: 25px !important;padding-bottom: 30px !important;}&#8221;][vc_column][vc_column_text]<\/p>\n<h1>T\u00e9rminos y Condiciones generales de la academia Sprachschule Aktiv<\/h1>\n<p>En esta p\u00e1gina te informamos sobre nuestros\u00a0T\u00e9rminos y\u00a0Condiciones<strong>\u00a0<\/strong>generales de la Escuela de Idiomas \u201cSprachschule Aktiv\u201d<\/p>\n<p>\u00a7 1. Disposiciones generales:<br \/>\n1- Al registrarse en un curso, se celebra un contrato entre Sprachschule Aktiv M\u00fcnchen y el cliente en cuesti\u00f3n. La inscripci\u00f3n se puede realizar a trav\u00e9s de los formularios en l\u00ednea o a trav\u00e9s del formulario de solicitud escrito de Sprachschule Aktiv M\u00fcnchen.<\/p>\n<p>2- Al registrarse, el cliente se compromete a pagar totalmente la matr\u00edcula antes del inicio del curso. En un pago a plazos, la primera cuota se debe pagar antes de que comience el curso. El pago puede hacerse por transferencia bancaria. Tambi\u00e9n puede hacerse el pago en efectivo al acto (en todos nuestros centros) o con una tarjeta de d\u00e9bito \/ cr\u00e9dito en nuestra oficina de He\u00dfstra\u00dfe 90, 80797 M\u00fanich.<\/p>\n<p>3- Las inscripciones, cancelaciones y otras aplicaciones de los clientes no ser\u00e1n aceptadas por tel\u00e9fono o por v\u00eda oral en nuestras oficinas. Cada aplicaci\u00f3n, cancelaci\u00f3n y peticiones de cualquier tipo deben hacerse por escrito (preferiblemente por correo electr\u00f3nico, por correo o fax). Nuestros profesores no est\u00e1n autorizados a aceptar inscripciones, cancelaciones y\/o solicitudes.<\/p>\n<p>4- Sprachschule Aktiv M\u00fcnchen se reserva el derecho de reservar el espacio sujeto a disponibilidad para los cursos. En cualquier caso (a excepci\u00f3n del curso privado) existe un derecho por parte de Sprachschule Aktiv M\u00fcnchen a escoger una filial en particular.<\/p>\n<p>5- Sprachschule Aktiv M\u00fcnchen est\u00e1 siempre a disposici\u00f3n de dise\u00f1ar un plan de estudios en el que se cumplan los requisitos de los clientes. Sin embargo, Sprachschule Aktiv M\u00fcnchen no acepta responsabilidad alguna por el fracaso del cliente para alcanzar ciertos niveles de la lengua o la inexistencia de pruebas\/test de conocimiento del idioma.<\/p>\n<p>\u00a7 2. Cancelaci\u00f3n, reembolso del precio del curso:<br \/>\n1- Todos los cursos pueden ser cancelados hasta 5 d\u00edas laborables antes de que comience el curso. La notificaci\u00f3n de cancelaci\u00f3n debe ser por escrito y debe ser presentada en Sprachschule Aktiv M\u00fcnchen. Despu\u00e9s del tiempo determinado, la cancelaci\u00f3n no ser\u00e1 posible. Si el curso no se cancela en el tiempo estipulado en la normativa, el precio del curso debe ser pagado en su totalidad. Esta regla se aplica inmediatamente desde la fecha de la solicitud.<\/p>\n<p>2- La reserva del curso debe llevarse a cabo en un espacio de tiempo preestablecido, es decir, para los cursos privados y cursos de empresas, se tiene que establecer un n\u00famero determinado de horas. Cuando no se cumplen las fechas de los cursos de idiomas, no se tiene derecho a una devoluci\u00f3n parcial o total del curso, ni a un profesor sustituto.<\/p>\n<p>3- El cliente tiene el derecho de cancelar el curso reservado despu\u00e9s de la primera lecci\u00f3n, si la lecci\u00f3n no cumple con sus expectativas. La solicitud de cancelaci\u00f3n deber\u00e1 presentarse a m\u00e1s tardar 24 horas despu\u00e9s de la primera lecci\u00f3n y debe ser por escrito.<\/p>\n<p>4- Sprachschule Aktiv M\u00fcnchen se reserva el derecho, en casos excepcionales, de cambiar el profesor. En este caso, el cliente no tendr\u00e1 derecho a cancelar el curso.<\/p>\n<p>5- La mera ausencia del cliente en un curso que no se considera cancelado, no es excusa para abolir la obligaci\u00f3n de realizar el pago del importe del curso.<\/p>\n<p>\u00a7 3. Disposiciones especiales para los cursos privados, de parejas y de empresas:<br \/>\n1- En los cursos privados, de parejas y de empresas, los clientes tienen la oportunidad de ponerse de acuerdo sobre las fechas que se deseen directamente con Sprachschule Aktiv M\u00fcnchen o en con el profesor contratado.<\/p>\n<p>2- Los cursos por parejas incluyen 24 horas de clase.<\/p>\n<p>3- En los cursos privados y de empresas, los clientes tienen la oportunidad de decidir el n\u00famero de lecciones dentro de las disponibles. La reserva de un cierto n\u00famero de horas es obligatoria. El cliente no tiene derecho a la devoluci\u00f3n de una cantidad parcial o total, si no est\u00e1 a gusto con las horas con reserva previa completa.<\/p>\n<p>4- Los clientes tienen la oportunidad de elegir libremente el lugar del curso privado, por parejas o de empresas. En los cursos organizados fuera de nuestros centros, en principio, no hay gasto de viaje incluido para los profesores. Si el lugar se encuentra fuera de los l\u00edmites del interior (definido en t\u00e9rminos del transporte p\u00fablico) el cliente deber\u00e1 pagar los gastos de viaje del profesor\/a. \u00c9stos se calculan utilizando la versi\u00f3n de menor costo del transporte p\u00fablico.<\/p>\n<p>5- Si no se puede acudir a una cita pre-acordada, el cliente tendr\u00e1 que avisar el d\u00eda anterior (no m\u00e1s tarde de las 18:00h) para cancelar la cita (domingos y festivos el d\u00eda h\u00e1bil anterior). En este caso, la cita ser\u00e1 reprogramada para que las lecciones se puedan posponer. Si la cita se cancela demasiado tarde, no tiene derecho a restituci\u00f3n de las clases perdidas.<\/p>\n<p>6- Las horas de clase reflejadas en los cursos privados, por parejas y de empresas deben adoptarse dentro de un a\u00f1o a partir de la fecha de factura. Sprachschule Aktiv M\u00fcnchen no reembolsa las horas no utilizadas.<\/p>\n<p>7- Las horas de clase que ya han sido pagadas, se pueden transferir a terceras partes despu\u00e9s de consultar con Sprachschule Aktiv M\u00fcnchen. En este caso, el cliente debe presentar una declaraci\u00f3n por escrito.<\/p>\n<p>\u00a74. Disposiciones especiales para grupos, cursos intensivos y semi-intensivos:<br \/>\n1. Los cursos de grupo incluyen 24 horas de ense\u00f1anza, que se imparten regularmente en 12 fechas fijas.<\/p>\n<p>Los cursos intensivos incluyen 20 horas de ense\u00f1anza (45 minutos c\/u) por semana.<\/p>\n<p>Los cursos semi-intensivos se organizan exclusivamente para cursos de alem\u00e1n con una duraci\u00f3n de 40 horas de 60 minutos por 4 semanas.<\/p>\n<p>1. Las fechas de inicio de todos los cursos son fijas. Sprachschule Aktiv M\u00fcnchen se reserva el derecho, en casos excepcionales, de modificar las fechas u horarios de los cursos. En tales casos, los clientes ser\u00e1n conscientes en todo momento de los cambios.<\/p>\n<p>2. Si no se alcanza el n\u00famero m\u00ednimo de alumnos para un curso de idiomas, Sprachschule Aktiv M\u00fcnchen cambiar\u00e1 la fecha o cancelar\u00e1 el curso. En caso de cancelaci\u00f3n, el pago efectuado del curso ser\u00e1 devuelto al cliente, si no se llega a un acuerdo para el aplazamiento del curso.<\/p>\n<p>3. Un cambio de sede es admisible en casos excepcionales y llevado a cabo con el conocimiento y permiso de Sprachschule Aktiv M\u00fcnchen. La petici\u00f3n debe hacerse por escrito, por lo menos cinco d\u00edas h\u00e1biles antes de que comience el curso solicitado. Si no hay petici\u00f3n escrita o se ha presentado demasiado tarde, Sprachschule Aktiv M\u00fcnchen se reserva a rechazar esta.<\/p>\n<p>4. Despu\u00e9s de terminar un curso, el cliente tiene la oportunidad de asistir al curso de continuaci\u00f3n. Cada curso requiere un nuevo registro. \u00danicamente si el cliente est\u00e1 registrado, tiene derecho a reservar una plaza en el curso.<\/p>\n<p>\u00a75. Disposiciones especiales para los cursos de alem\u00e1n:<br \/>\n1. En los cursos privados, de parejas y de empresas, las disposiciones est\u00e1n en el apartado \u00a7<\/p>\n<p>2. Si en los cursos intensivos, semi-intensivos y de grupos no se alcanzan el n\u00famero m\u00ednimo de participantes (6 personas), se reducir\u00e1 la intensidad horaria del curso de la siguiente manera:<br \/>\n2.1. Los cursos intensivos con 4-5 alumnos durar\u00e1 2 horas de 60 minutos por d\u00eda.<\/p>\n<p>2.2. Los cursos semi-intensivos se imparten con 4-5 alumnos y con 2 horas de 45 minutos por d\u00eda.<\/p>\n<p>2.3. Para los cursos grupales habr\u00e1 un total de 16 horas de 45 minutos con 3 o 4 participantes y un total de 20 horas de 45 minutos.<\/p>\n<p>1. Sprachschule Aktiv M\u00fcnchen puede ayudar a los clientes a obtener un visado para el per\u00edodo del curso reservado. Para pedirlo, el cliente debe primero registrarse para el curso de alem\u00e1n y pagar por lo menos la mitad del precio estipulado.<br \/>\n3.1. Cuando un visado con el curso de alem\u00e1n se rechaza, Sprachschule Aktiv M\u00fcnchen se reserva el derecho de retener una tarifa de 100,00\u20ac para cubrir los gastos administrativos. Se devolver\u00e1 el valor restante del curso. En este caso, el cliente tiene la obligaci\u00f3n de enviar la notificaci\u00f3n de rechazo del Consulado alem\u00e1n y el certificado para un visado en la Sprachschule Aktiv M\u00fcnchen inmediatamente. Estos documentos deber\u00e1n presentarse por lo menos 5 d\u00edas h\u00e1biles antes del inicio del curso (por correo electr\u00f3nico, fax o carta).<br \/>\n3.2. Los clientes que reciben un visado debido a nuestro certificado, una vez recibido y aceptado no pueden cancelar el curso.<\/p>\n<p>\u00a76. Disposiciones especiales para grupos y cursos intensivos de todos los idiomas (excepto alem\u00e1n):<br \/>\n1. El n\u00famero m\u00ednimo de participantes de todos los cursos, excepto para los cursos de alem\u00e1n es de 4 personas.<\/p>\n<p>2. Si no se alcanza el m\u00ednimo de 4 personas, el curso en espec\u00edfico se modificar\u00e1 en su intensidad horaria de la siguiente manera:<\/p>\n<p>2.1. Para los cursos de grupo, un total de 16 lecciones de 45 minutos con 3 participantes o un total de 20 lecciones de 45 minutos con 2 participantes.<\/p>\n<p>2.2. En los cursos intensivos se imparten con 2-3 participantes 2 clases de 60 minutos.<\/p>\n<p>\u00a77. Clases de prueba:<br \/>\n1. Las lecciones de prueba, organizada por Sprachschule Aktiv, son gratuitas y sin compromiso para el cliente. Si el cliente no est\u00e1 satisfecho con la primera lecci\u00f3n, no tiene la obligaci\u00f3n de permanecer en el curso.<\/p>\n<p>2. En un posterior registro en el curso, la primera lecci\u00f3n se cobrar\u00e1 como lecci\u00f3n regular.<\/p>\n<p>3. En los cursos de grupo, cursos intensivos y semi-intensivos, la primera lecci\u00f3n tiene la misma duraci\u00f3n que una clase del curso.<\/p>\n<p>4. La clase de prueba en los cursos privados, de pareja o de empresas es de 45 minutos.<\/p>\n<p>5. Si el cliente se inscribe en una clase de prueba gratuita y no asiste en la fecha acordada, se emitir\u00e1 una factura por un monto de 42,00\u20ac.<\/p>\n<p>6. Si se desea cancelar el registro para la clase de prueba gratuita, debe ser por escrito y presentada al menos 24 horas antes de la hora de clase en Sprachschule Aktiv M\u00fcnchen. De lo contrario, el cliente deber\u00e1 cancelar una factura con el valor de 42,00\u20ac.<\/p>\n<p>\u00a78. Viajes para aprender idiomas:<br \/>\n1. Sprachschule Aktiv M\u00fcnchen no se responsabiliza por cualquier anomal\u00eda durante los cursos impartidos. Las actividades de Sprachschule Aktiv se limitan al intercambio y asesoramiento del cliente.<\/p>\n<p>\u00a79. Exoneraci\u00f3n de responsabilidad:<br \/>\n1. Sprachschule Aktiv M\u00fcnchen no se hace responsable por los da\u00f1os, accidentes y lesiones al cliente o robos y da\u00f1os a su propiedad durante el desplazamiento al centro o en horas de clase.[\/vc_column_text][\/vc_column][\/vc_row]<\/p>\n","protected":false},"excerpt":{"rendered":"<p>[vc_row css=&#8221;.vc_custom_1486312541720{margin-top: 25px !important;padding-bottom: 30px !important;}&#8221;][vc_column][vc_column_text] T\u00e9rminos y Condiciones generales de la academia Sprachschule Aktiv En esta p\u00e1gina te informamos sobre nuestros\u00a0T\u00e9rminos y\u00a0Condiciones\u00a0generales de la Escuela de Idiomas \u201cSprachschule Aktiv\u201d \u00a7 1. Disposiciones generales: 1- Al registrarse en un curso, se celebra un contrato entre Sprachschule Aktiv M\u00fcnchen y el cliente en cuesti\u00f3n. La inscripci\u00f3n&hellip; <a class=\"read-more\" href=\"https:\/\/www.sprachschule-aktiv-muenchen.de\/es\/terminos-legales\/\" title=\"Read T\u00e9rminos Legales\">Read more &raquo;<\/a><\/p>\n","protected":false},"author":2,"featured_media":0,"parent":0,"menu_order":0,"comment_status":"closed","ping_status":"closed","template":"","meta":{"footnotes":""},"class_list":["post-37522","page","type-page","status-publish","hentry"],"yoast_head":"<!-- This site is optimized with the Yoast SEO plugin v27.1.1 - https:\/\/yoast.com\/product\/yoast-seo-wordpress\/ -->\n<title>T\u00e9rminos legales de la escuela Sprachschule Aktiv M\u00fcnchen<\/title>\n<meta name=\"description\" content=\"En esta p\u00e1gina encontrar\u00e1s los t\u00e9rminos y condiciones legales para la escuela de idiomas Sprachschule Aktiv M\u00fcnchen.\" \/>\n<meta name=\"robots\" content=\"index, follow, max-snippet:-1, max-image-preview:large, max-video-preview:-1\" \/>\n<link rel=\"canonical\" href=\"https:\/\/www.sprachschule-aktiv-muenchen.de\/es\/terminos-legales\/\" \/>\n<meta property=\"og:locale\" content=\"es_ES\" \/>\n<meta property=\"og:type\" content=\"article\" \/>\n<meta property=\"og:title\" content=\"T\u00e9rminos legales de la escuela Sprachschule Aktiv M\u00fcnchen\" \/>\n<meta property=\"og:description\" content=\"En esta p\u00e1gina encontrar\u00e1s los t\u00e9rminos y condiciones legales para la escuela de idiomas Sprachschule Aktiv M\u00fcnchen.\" \/>\n<meta property=\"og:url\" content=\"https:\/\/www.sprachschule-aktiv-muenchen.de\/es\/terminos-legales\/\" \/>\n<meta property=\"og:site_name\" content=\"Sprachschule Aktiv\" \/>\n<meta property=\"article:modified_time\" content=\"2021-08-25T03:45:39+00:00\" \/>\n<meta name=\"twitter:card\" content=\"summary_large_image\" \/>\n<meta name=\"twitter:label1\" content=\"Tiempo de lectura\" \/>\n\t<meta name=\"twitter:data1\" content=\"8 minutos\" \/>\n<script type=\"application\/ld+json\" class=\"yoast-schema-graph\">{\"@context\":\"https:\/\/schema.org\",\"@graph\":[{\"@type\":\"WebPage\",\"@id\":\"https:\/\/www.sprachschule-aktiv-muenchen.de\/es\/terminos-legales\/\",\"url\":\"https:\/\/www.sprachschule-aktiv-muenchen.de\/es\/terminos-legales\/\",\"name\":\"T\u00e9rminos legales de la escuela Sprachschule Aktiv M\u00fcnchen\",\"isPartOf\":{\"@id\":\"https:\/\/www.sprachschule-aktiv-muenchen.de\/#website\"},\"datePublished\":\"2017-02-05T16:53:26+00:00\",\"dateModified\":\"2021-08-25T03:45:39+00:00\",\"description\":\"En esta p\u00e1gina encontrar\u00e1s los t\u00e9rminos y condiciones legales para la escuela de idiomas Sprachschule Aktiv M\u00fcnchen.\",\"breadcrumb\":{\"@id\":\"https:\/\/www.sprachschule-aktiv-muenchen.de\/es\/terminos-legales\/#breadcrumb\"},\"inLanguage\":\"es\",\"potentialAction\":[{\"@type\":\"ReadAction\",\"target\":[\"https:\/\/www.sprachschule-aktiv-muenchen.de\/es\/terminos-legales\/\"]}]},{\"@type\":\"BreadcrumbList\",\"@id\":\"https:\/\/www.sprachschule-aktiv-muenchen.de\/es\/terminos-legales\/#breadcrumb\",\"itemListElement\":[{\"@type\":\"ListItem\",\"position\":1,\"name\":\"Portada\",\"item\":\"https:\/\/www.sprachschule-aktiv-muenchen.de\/es\/\"},{\"@type\":\"ListItem\",\"position\":2,\"name\":\"T\u00e9rminos Legales\"}]},{\"@type\":\"WebSite\",\"@id\":\"https:\/\/www.sprachschule-aktiv-muenchen.de\/#website\",\"url\":\"https:\/\/www.sprachschule-aktiv-muenchen.de\/\",\"name\":\"Sprachschule Aktiv\",\"description\":\"\",\"potentialAction\":[{\"@type\":\"SearchAction\",\"target\":{\"@type\":\"EntryPoint\",\"urlTemplate\":\"https:\/\/www.sprachschule-aktiv-muenchen.de\/?s={search_term_string}\"},\"query-input\":{\"@type\":\"PropertyValueSpecification\",\"valueRequired\":true,\"valueName\":\"search_term_string\"}}],\"inLanguage\":\"es\"}]}<\/script>\n<!-- \/ Yoast SEO plugin. -->","yoast_head_json":{"title":"T\u00e9rminos legales de la escuela Sprachschule Aktiv M\u00fcnchen","description":"En esta p\u00e1gina encontrar\u00e1s los t\u00e9rminos y condiciones legales para la escuela de idiomas Sprachschule Aktiv M\u00fcnchen.","robots":{"index":"index","follow":"follow","max-snippet":"max-snippet:-1","max-image-preview":"max-image-preview:large","max-video-preview":"max-video-preview:-1"},"canonical":"https:\/\/www.sprachschule-aktiv-muenchen.de\/es\/terminos-legales\/","og_locale":"es_ES","og_type":"article","og_title":"T\u00e9rminos legales de la escuela Sprachschule Aktiv M\u00fcnchen","og_description":"En esta p\u00e1gina encontrar\u00e1s los t\u00e9rminos y condiciones legales para la escuela de idiomas Sprachschule Aktiv M\u00fcnchen.","og_url":"https:\/\/www.sprachschule-aktiv-muenchen.de\/es\/terminos-legales\/","og_site_name":"Sprachschule Aktiv","article_modified_time":"2021-08-25T03:45:39+00:00","twitter_card":"summary_large_image","twitter_misc":{"Tiempo de lectura":"8 minutos"},"schema":{"@context":"https:\/\/schema.org","@graph":[{"@type":"WebPage","@id":"https:\/\/www.sprachschule-aktiv-muenchen.de\/es\/terminos-legales\/","url":"https:\/\/www.sprachschule-aktiv-muenchen.de\/es\/terminos-legales\/","name":"T\u00e9rminos legales de la escuela Sprachschule Aktiv M\u00fcnchen","isPartOf":{"@id":"https:\/\/www.sprachschule-aktiv-muenchen.de\/#website"},"datePublished":"2017-02-05T16:53:26+00:00","dateModified":"2021-08-25T03:45:39+00:00","description":"En esta p\u00e1gina encontrar\u00e1s los t\u00e9rminos y condiciones legales para la escuela de idiomas Sprachschule Aktiv M\u00fcnchen.","breadcrumb":{"@id":"https:\/\/www.sprachschule-aktiv-muenchen.de\/es\/terminos-legales\/#breadcrumb"},"inLanguage":"es","potentialAction":[{"@type":"ReadAction","target":["https:\/\/www.sprachschule-aktiv-muenchen.de\/es\/terminos-legales\/"]}]},{"@type":"BreadcrumbList","@id":"https:\/\/www.sprachschule-aktiv-muenchen.de\/es\/terminos-legales\/#breadcrumb","itemListElement":[{"@type":"ListItem","position":1,"name":"Portada","item":"https:\/\/www.sprachschule-aktiv-muenchen.de\/es\/"},{"@type":"ListItem","position":2,"name":"T\u00e9rminos Legales"}]},{"@type":"WebSite","@id":"https:\/\/www.sprachschule-aktiv-muenchen.de\/#website","url":"https:\/\/www.sprachschule-aktiv-muenchen.de\/","name":"Sprachschule Aktiv","description":"","potentialAction":[{"@type":"SearchAction","target":{"@type":"EntryPoint","urlTemplate":"https:\/\/www.sprachschule-aktiv-muenchen.de\/?s={search_term_string}"},"query-input":{"@type":"PropertyValueSpecification","valueRequired":true,"valueName":"search_term_string"}}],"inLanguage":"es"}]}},"_links":{"self":[{"href":"https:\/\/www.sprachschule-aktiv-muenchen.de\/es\/wp-json\/wp\/v2\/pages\/37522","targetHints":{"allow":["GET"]}}],"collection":[{"href":"https:\/\/www.sprachschule-aktiv-muenchen.de\/es\/wp-json\/wp\/v2\/pages"}],"about":[{"href":"https:\/\/www.sprachschule-aktiv-muenchen.de\/es\/wp-json\/wp\/v2\/types\/page"}],"author":[{"embeddable":true,"href":"https:\/\/www.sprachschule-aktiv-muenchen.de\/es\/wp-json\/wp\/v2\/users\/2"}],"replies":[{"embeddable":true,"href":"https:\/\/www.sprachschule-aktiv-muenchen.de\/es\/wp-json\/wp\/v2\/comments?post=37522"}],"version-history":[{"count":1,"href":"https:\/\/www.sprachschule-aktiv-muenchen.de\/es\/wp-json\/wp\/v2\/pages\/37522\/revisions"}],"predecessor-version":[{"id":69193,"href":"https:\/\/www.sprachschule-aktiv-muenchen.de\/es\/wp-json\/wp\/v2\/pages\/37522\/revisions\/69193"}],"wp:attachment":[{"href":"https:\/\/www.sprachschule-aktiv-muenchen.de\/es\/wp-json\/wp\/v2\/media?parent=37522"}],"curies":[{"name":"wp","href":"https:\/\/api.w.org\/{rel}","templated":true}]}}