{"id":19789,"date":"2017-03-03T15:16:25","date_gmt":"2017-03-03T14:16:25","guid":{"rendered":"https:\/\/www.sprachschule-aktiv-muenchen.de\/?page_id=19789\/"},"modified":"2017-10-17T09:23:25","modified_gmt":"2017-10-17T07:23:25","slug":"encontrar-alojamiento-alemania","status":"publish","type":"page","link":"https:\/\/www.sprachschule-aktiv-muenchen.de\/es\/encontrar-alojamiento-alemania\/","title":{"rendered":"Vivienda en Alemania"},"content":{"rendered":"<p>[vc_row css=&#8221;.vc_custom_1488549484447{padding-top: 30px !important;padding-bottom: 30px !important;}&#8221;][vc_column][vc_column_text]<\/p>\n<h1>Encontrar alojamiento en Alemania<\/h1>\n<h2>Vivienda en Alemania &#8211; B\u00fasqueda de un alojamiento y traslado en Alemania<\/h2>\n<p>[\/vc_column_text][vc_row_inner][vc_column_inner width=&#8221;1\/2&#8243;][vc_column_text]Si busca un alojamiento o una casa vale la pena echar un vistazo al peri\u00f3dico. Pregunte a vecinos, amigos o directamente al peri\u00f3dico en qu\u00e9 d\u00eda se publican los anuncios inmobiliarios \u2013 a menudo salen en la edici\u00f3n de fin de semama.<\/p>\n<h2>B\u00fasqueda de vivienda en internet<\/h2>\n<p>En internet puede encontrar tambi\u00e9n casas y viviendas. Muchos peri\u00f3dicos colocan sus anuncios de la edici\u00f3n de imprenta tambi\u00e9n en su p\u00e1gina web. Adem\u00e1s hay p\u00e1ginas web que se han especializado en la intermediaci\u00f3n de casas y viviendas. Con ayuda de una m\u00e1quina de b\u00fasqueda puede encontrar estas p\u00e1ginas f\u00e1cilmente. Estas ofertas, sin embargo, no resultan siempre gratuitas.<\/p>\n<h2>Entrar en contacto<\/h2>\n<p>Si ha encontrado algo adecuado en el peri\u00f3dico debe entrar en contacto con el arrendatario o el vendedor. En las ofertas se indica siempre un n\u00famero de tel\u00e9fono o una direcci\u00f3n de correo electr\u00f3nico, a veces cifras o iniciales \u2013 llamados \u201cchiffre\u201d. En este caso debe contestar por escrito y enviar una carta al peri\u00f3dico que se transmitir\u00e1 autom\u00e1ticamente al arrendatario o vendedor. No olvide indicar la cifra correspondiente en su carta.[\/vc_column_text][\/vc_column_inner][vc_column_inner width=&#8221;1\/2&#8243;][vc_single_image image=&#8221;19400&#8243; img_size=&#8221;full&#8221; style=&#8221;vc_box_outline&#8221;][\/vc_column_inner][\/vc_row_inner][\/vc_column][\/vc_row][vc_row full_width=&#8221;stretch_row&#8221; css=&#8221;.vc_custom_1488549609347{padding-top: 30px !important;padding-bottom: 30px !important;background-color: #f9f9f9 !important;}&#8221;][vc_column][vc_column_text]<\/p>\n<h2>Ayuda de la oficina de vivienda<\/h2>\n<p>La oficina de vivienda en su municipio le ayuda para encontrar una vivienda. Frecuentemente se intermedian las viviendas directamente. En caso contrario, los empleados de la oficina le soportar\u00e1n con direcciones e informaci\u00f3n \u00fatil.<\/p>\n<h2>Encargar a un agente inmobiliario<\/h2>\n<p>Usted puede recurrir tambi\u00e9n a un agente inmobiliario quien intermedia casas y viviendas contra pago de un corretaje. M\u00e1s informaci\u00f3n al respecto encontrar\u00e1 en las P\u00e1ginas Amarillas y los directorios telef\u00f3nicos locales.<\/p>\n<p>Si se ha dirigido a un agente inmobiliario puede contar con un corretaje de m\u00e1ximo 2 mensualidades para una vivienda alquilada.<\/p>\n<h2>\u00bfQu\u00e9 sucede despu\u00e9s del traslado?<\/h2>\n<h2>Declaraci\u00f3n de cambio de domicilio<\/h2>\n<p>Tan pronto que haya cambiado el domicilio y con ello la direcci\u00f3n debe notificarlo a la autoridad de censo.<\/p>\n<p>Si efect\u00faa la notificaci\u00f3n de cambio de domicilio demasiado tarde, corre el riesgo de pagar una multa. Adem\u00e1s puede causar consecuencias negativas con respecto a su estado de estancia. Algunas administraciones prescriben un plazo de 1 semana.<\/p>\n<h2>Encargo de reexpedici\u00f3n<\/h2>\n<p>Si ha cambiado de domicilio, se recomienda encargar la reexpedici\u00f3n de su correo. Durante el per\u00edodo convenido se transmitir\u00e1n sus cartas y paquetes autom\u00e1tica- mente a su nuevo domicilio. Sin embargo, este servicio no es gratuito. Este per\u00edodo de reexpedici\u00f3n deber\u00eda aprovechar para notificar su nuevo domicilio a bancos, seguros, autoridades p\u00fablicas, etc.[\/vc_column_text][\/vc_column][\/vc_row][vc_row full_width=&#8221;stretch_row&#8221; css=&#8221;.vc_custom_1488549815774{padding-top: 30px !important;padding-bottom: 30px !important;}&#8221;][vc_column][vc_column_text]<\/p>\n<h2>Aviso a la compa\u00f1\u00eda telef\u00f3nica<\/h2>\n<p>Si tiene un tel\u00e9fono fijo no olvide avisar su traslado a la compa\u00f1\u00eda telef\u00f3nica.<\/p>\n<h2>Viviendas sociales<\/h2>\n<p>La mayor\u00eda de las ciudades y los municipio disponen de viviendas m\u00e1s econ\u00f3micas, las llamadas viviendas sociales. Se trata de viviendas subvencionadas por el estado. Para poder alquilar una de estas viviendas necesita un tal\u00f3n de derecho a vivienda que puede solicitar en la administraci\u00f3n municipal \u2013 en la mayor\u00eda de los casos en la oficina de vivienda &#8211; si sus ingresos no superan un determinado l\u00edmite.<\/p>\n<p>Un tal\u00f3n de derecho a vivienda tiene una validez limitada. Por tanto es importante solicitar su prorrogaci\u00f3n a tiempo.<\/p>\n<h2>Subsidio a la vivienda<\/h2>\n<p>En calidad de inquilino tendr\u00e1 posiblemente derecho a subsidio de vivienda. Esto o el importe del subsidio depende del n\u00famero de miembros del hogar, sus ingresos totales y el importe del alquiler.<\/p>\n<p>La cuant\u00eda y si tiene derecho a este subsidio puede calcular con una calculadora de subsidio a la vivienda. Varios Estados Federados ofrecen esta calculadora en internet. Los propietarios de viviendas y casas pueden contar tambi\u00e9n con un subsidio estatal, el llamado subsidio de carga. Mayor informaci\u00f3n y las formas necesarias se obtienen en la oficina de vivienda en la administraci\u00f3n municipal de su lugar de residencia.<\/p>\n<p>Aqu\u00ed puede obtener m\u00e1s informaci\u00f3n en su lugar de residencia:<\/p>\n<ul>\n<li>Administraci\u00f3n del municipio, distrito: oficina de vivienda<\/li>\n<li>Peri\u00f3dico<\/li>\n<li>Peri\u00f3dicos de anuncios<\/li>\n<li>Agente inmobiliario (sujeto a pago en caso de intermediaci\u00f3n)<\/li>\n<\/ul>\n<p>[\/vc_column_text][\/vc_column][\/vc_row][vc_row full_width=&#8221;stretch_row&#8221; css=&#8221;.vc_custom_1488549815774{padding-top: 30px !important;padding-bottom: 30px !important;}&#8221;][vc_column][vc_column_text]<\/p>\n<h2>Alquiler y derecho arrendaticio<\/h2>\n<h2>Contrato de alquiler<\/h2>\n<p>El contrato de alquiler constituye un documento importante. Regula todos los detalles de la situaci\u00f3n de arrendamiento y es vinculante tanto para usted como para el arrendatario, siempre y cuando las regulaciones est\u00e9n conformes a la ley. Por este motivo se recomienda leer cada contrato de alquiler muy atentamente antes de firmarlo.<\/p>\n<h2>Lista de chequeo<\/h2>\n<p>Antes de firmar un contrato de alquiler deber\u00eda informarse sobre todos los detalles, por ejemplo sobre<\/p>\n<ul>\n<li>la cuant\u00eda del alquiler<\/li>\n<li>la cuant\u00eda de los gastos accesorios (particularmente los gastos de calefacci\u00f3n)<\/li>\n<li>la cuant\u00eda de la dep\u00f3sito<\/li>\n<li>posibles gastos de corretaje<\/li>\n<li>un posible alquiler escalonado (un alquiler con aumento peri\u00f3dico autom\u00e1tico)<\/li>\n<li>Duraci\u00f3n del contrato\u00a0 (limitada o ilimitada)<\/li>\n<li>Obligaciones de renovaci\u00f3n<\/li>\n<\/ul>\n<p>[\/vc_column_text][vc_column_text]Insista en que se fijen todas las estipulaciones en forma escrita en el contrato de alquiler para evitar litigios posteriores por convenios verbales. Adicionalmente al contrato de alquiler debe firmar a menudo un llamado protocolo de entrega en el momento de la entrada a la vivienda. Con su firma confirma el estado de la vivienda en el momento de la entrada. Se recomienda leer este protocolo de entrega tambi\u00e9n atentamente. El saneamiento de vicios all\u00ed no indicados puede correr posteriormente a su cargo.<\/p>\n<p>El arrendatario puede pedir un dep\u00f3sito como garant\u00eda para cubrir los gastos de reparaci\u00f3n si a la salida deja la vivienda en mal estado o para compensar alquileres pendientes si no ha pagado el alquiler regularmente. La suma del dep\u00f3sito no debe superar los 3 meses de alquiler mensual (alquiler sin gastos accesorios). [\/vc_column_text][\/vc_column][\/vc_row][vc_row full_width=&#8221;stretch_row&#8221; css=&#8221;.vc_custom_1488550337568{padding-top: 30px !important;padding-bottom: 30px !important;background-color: #f9f9f9 !important;}&#8221;][vc_column][vc_column_text]<\/p>\n<h2>Gastos accesorios y recogida de basura<\/h2>\n<p>Los tiempos de descanso legales protegen el descanso nocturno de las 22h a las 6h. En cada edificio existe adem\u00e1s un r\u00e9gimen interior de casa. Se trata de un reglamento voluntario que confirma usted con la firma del contrato de alquiler. El r\u00e9gimen interior de casa fija las reglas de convivencia entre todos los vecinos. El administrador o el due\u00f1o de la casa le entregar\u00e1n este r\u00e9gimen interior de casa. En calidad de inquilino de una casa o una vivienda tiene determinados deberes, por ejemplo, el deber de pagar el alquiler puntualmente. Pero tambi\u00e9n tiene derechos, p.ej. si se trata de grandes reparaciones. Si tiene preguntas sobre el tema del derecho de arrendamiento, puede dirigirse a la asociaci\u00f3n de inquilinos (Mieterbund) y las entidades locales. Han instalado oficinas en muchos municipios que se pueden consultar, pero en parte no es gratuito.<\/p>\n<p>Aqu\u00ed puede obtener m\u00e1s informaci\u00f3n en su lugar de residencia:<\/p>\n<ul>\n<li>Administraci\u00f3n del municipio, distrito: oficina de vivienda<\/li>\n<li>Asociaciones de inquilinos (afiliaci\u00f3n sujeta a pago)<\/li>\n<li>Administraci\u00f3n de la casa<\/li>\n<li>Centrales de (protecci\u00f3n del) consumidores<\/li>\n<\/ul>\n<p>[\/vc_column_text][\/vc_column][\/vc_row]<\/p>\n","protected":false},"excerpt":{"rendered":"<p>[vc_row css=&#8221;.vc_custom_1488549484447{padding-top: 30px !important;padding-bottom: 30px !important;}&#8221;][vc_column][vc_column_text] Encontrar alojamiento en Alemania Vivienda en Alemania &#8211; B\u00fasqueda de un alojamiento y traslado en Alemania [\/vc_column_text][vc_row_inner][vc_column_inner width=&#8221;1\/2&#8243;][vc_column_text]Si busca un alojamiento o una casa vale la pena echar un vistazo al peri\u00f3dico. Pregunte a vecinos, amigos o directamente al peri\u00f3dico en qu\u00e9 d\u00eda se publican los anuncios inmobiliarios \u2013&hellip; <a class=\"read-more\" href=\"https:\/\/www.sprachschule-aktiv-muenchen.de\/es\/encontrar-alojamiento-alemania\/\" title=\"Read Vivienda en Alemania\">Read more &raquo;<\/a><\/p>\n","protected":false},"author":2,"featured_media":0,"parent":0,"menu_order":0,"comment_status":"closed","ping_status":"closed","template":"","meta":{"footnotes":""},"class_list":["post-19789","page","type-page","status-publish","hentry"],"yoast_head":"<!-- This site is optimized with the Yoast SEO plugin v27.1.1 - https:\/\/yoast.com\/product\/yoast-seo-wordpress\/ -->\n<title>Alojamiento Alemania: Encontrar vivienda<\/title>\n<meta name=\"description\" content=\"Vivienda y alojamiento en M\u00fanich Alemania. Encontrar alojamiento en M\u00fanich, Berl\u00edn, Hamburgo o Colonia es m\u00e1s f\u00e1cil de lo que te imaginas.\" \/>\n<meta name=\"robots\" content=\"index, follow, max-snippet:-1, max-image-preview:large, max-video-preview:-1\" \/>\n<link rel=\"canonical\" href=\"https:\/\/www.sprachschule-aktiv-muenchen.de\/es\/encontrar-alojamiento-alemania\/\" \/>\n<meta property=\"og:locale\" content=\"es_ES\" \/>\n<meta property=\"og:type\" content=\"article\" \/>\n<meta property=\"og:title\" content=\"Alojamiento Alemania: Encontrar vivienda\" \/>\n<meta property=\"og:description\" content=\"Vivienda y alojamiento en M\u00fanich Alemania. Encontrar alojamiento en M\u00fanich, Berl\u00edn, Hamburgo o Colonia es m\u00e1s f\u00e1cil de lo que te imaginas.\" \/>\n<meta property=\"og:url\" content=\"https:\/\/www.sprachschule-aktiv-muenchen.de\/es\/encontrar-alojamiento-alemania\/\" \/>\n<meta property=\"og:site_name\" content=\"Sprachschule Aktiv\" \/>\n<meta property=\"article:modified_time\" content=\"2017-10-17T07:23:25+00:00\" \/>\n<meta name=\"twitter:card\" content=\"summary_large_image\" \/>\n<meta name=\"twitter:label1\" content=\"Tiempo de lectura\" \/>\n\t<meta name=\"twitter:data1\" content=\"7 minutos\" \/>\n<script type=\"application\/ld+json\" class=\"yoast-schema-graph\">{\"@context\":\"https:\/\/schema.org\",\"@graph\":[{\"@type\":\"WebPage\",\"@id\":\"https:\/\/www.sprachschule-aktiv-muenchen.de\/es\/encontrar-alojamiento-alemania\/\",\"url\":\"https:\/\/www.sprachschule-aktiv-muenchen.de\/es\/encontrar-alojamiento-alemania\/\",\"name\":\"Alojamiento Alemania: Encontrar vivienda\",\"isPartOf\":{\"@id\":\"https:\/\/www.sprachschule-aktiv-muenchen.de\/#website\"},\"datePublished\":\"2017-03-03T14:16:25+00:00\",\"dateModified\":\"2017-10-17T07:23:25+00:00\",\"description\":\"Vivienda y alojamiento en M\u00fanich Alemania. Encontrar alojamiento en M\u00fanich, Berl\u00edn, Hamburgo o Colonia es m\u00e1s f\u00e1cil de lo que te imaginas.\",\"breadcrumb\":{\"@id\":\"https:\/\/www.sprachschule-aktiv-muenchen.de\/es\/encontrar-alojamiento-alemania\/#breadcrumb\"},\"inLanguage\":\"es\",\"potentialAction\":[{\"@type\":\"ReadAction\",\"target\":[\"https:\/\/www.sprachschule-aktiv-muenchen.de\/es\/encontrar-alojamiento-alemania\/\"]}]},{\"@type\":\"BreadcrumbList\",\"@id\":\"https:\/\/www.sprachschule-aktiv-muenchen.de\/es\/encontrar-alojamiento-alemania\/#breadcrumb\",\"itemListElement\":[{\"@type\":\"ListItem\",\"position\":1,\"name\":\"Portada\",\"item\":\"https:\/\/www.sprachschule-aktiv-muenchen.de\/es\/\"},{\"@type\":\"ListItem\",\"position\":2,\"name\":\"Vivienda en Alemania\"}]},{\"@type\":\"WebSite\",\"@id\":\"https:\/\/www.sprachschule-aktiv-muenchen.de\/#website\",\"url\":\"https:\/\/www.sprachschule-aktiv-muenchen.de\/\",\"name\":\"Sprachschule Aktiv\",\"description\":\"\",\"potentialAction\":[{\"@type\":\"SearchAction\",\"target\":{\"@type\":\"EntryPoint\",\"urlTemplate\":\"https:\/\/www.sprachschule-aktiv-muenchen.de\/?s={search_term_string}\"},\"query-input\":{\"@type\":\"PropertyValueSpecification\",\"valueRequired\":true,\"valueName\":\"search_term_string\"}}],\"inLanguage\":\"es\"}]}<\/script>\n<!-- \/ Yoast SEO plugin. -->","yoast_head_json":{"title":"Alojamiento Alemania: Encontrar vivienda","description":"Vivienda y alojamiento en M\u00fanich Alemania. Encontrar alojamiento en M\u00fanich, Berl\u00edn, Hamburgo o Colonia es m\u00e1s f\u00e1cil de lo que te imaginas.","robots":{"index":"index","follow":"follow","max-snippet":"max-snippet:-1","max-image-preview":"max-image-preview:large","max-video-preview":"max-video-preview:-1"},"canonical":"https:\/\/www.sprachschule-aktiv-muenchen.de\/es\/encontrar-alojamiento-alemania\/","og_locale":"es_ES","og_type":"article","og_title":"Alojamiento Alemania: Encontrar vivienda","og_description":"Vivienda y alojamiento en M\u00fanich Alemania. Encontrar alojamiento en M\u00fanich, Berl\u00edn, Hamburgo o Colonia es m\u00e1s f\u00e1cil de lo que te imaginas.","og_url":"https:\/\/www.sprachschule-aktiv-muenchen.de\/es\/encontrar-alojamiento-alemania\/","og_site_name":"Sprachschule Aktiv","article_modified_time":"2017-10-17T07:23:25+00:00","twitter_card":"summary_large_image","twitter_misc":{"Tiempo de lectura":"7 minutos"},"schema":{"@context":"https:\/\/schema.org","@graph":[{"@type":"WebPage","@id":"https:\/\/www.sprachschule-aktiv-muenchen.de\/es\/encontrar-alojamiento-alemania\/","url":"https:\/\/www.sprachschule-aktiv-muenchen.de\/es\/encontrar-alojamiento-alemania\/","name":"Alojamiento Alemania: Encontrar vivienda","isPartOf":{"@id":"https:\/\/www.sprachschule-aktiv-muenchen.de\/#website"},"datePublished":"2017-03-03T14:16:25+00:00","dateModified":"2017-10-17T07:23:25+00:00","description":"Vivienda y alojamiento en M\u00fanich Alemania. Encontrar alojamiento en M\u00fanich, Berl\u00edn, Hamburgo o Colonia es m\u00e1s f\u00e1cil de lo que te imaginas.","breadcrumb":{"@id":"https:\/\/www.sprachschule-aktiv-muenchen.de\/es\/encontrar-alojamiento-alemania\/#breadcrumb"},"inLanguage":"es","potentialAction":[{"@type":"ReadAction","target":["https:\/\/www.sprachschule-aktiv-muenchen.de\/es\/encontrar-alojamiento-alemania\/"]}]},{"@type":"BreadcrumbList","@id":"https:\/\/www.sprachschule-aktiv-muenchen.de\/es\/encontrar-alojamiento-alemania\/#breadcrumb","itemListElement":[{"@type":"ListItem","position":1,"name":"Portada","item":"https:\/\/www.sprachschule-aktiv-muenchen.de\/es\/"},{"@type":"ListItem","position":2,"name":"Vivienda en Alemania"}]},{"@type":"WebSite","@id":"https:\/\/www.sprachschule-aktiv-muenchen.de\/#website","url":"https:\/\/www.sprachschule-aktiv-muenchen.de\/","name":"Sprachschule Aktiv","description":"","potentialAction":[{"@type":"SearchAction","target":{"@type":"EntryPoint","urlTemplate":"https:\/\/www.sprachschule-aktiv-muenchen.de\/?s={search_term_string}"},"query-input":{"@type":"PropertyValueSpecification","valueRequired":true,"valueName":"search_term_string"}}],"inLanguage":"es"}]}},"_links":{"self":[{"href":"https:\/\/www.sprachschule-aktiv-muenchen.de\/es\/wp-json\/wp\/v2\/pages\/19789","targetHints":{"allow":["GET"]}}],"collection":[{"href":"https:\/\/www.sprachschule-aktiv-muenchen.de\/es\/wp-json\/wp\/v2\/pages"}],"about":[{"href":"https:\/\/www.sprachschule-aktiv-muenchen.de\/es\/wp-json\/wp\/v2\/types\/page"}],"author":[{"embeddable":true,"href":"https:\/\/www.sprachschule-aktiv-muenchen.de\/es\/wp-json\/wp\/v2\/users\/2"}],"replies":[{"embeddable":true,"href":"https:\/\/www.sprachschule-aktiv-muenchen.de\/es\/wp-json\/wp\/v2\/comments?post=19789"}],"version-history":[{"count":0,"href":"https:\/\/www.sprachschule-aktiv-muenchen.de\/es\/wp-json\/wp\/v2\/pages\/19789\/revisions"}],"wp:attachment":[{"href":"https:\/\/www.sprachschule-aktiv-muenchen.de\/es\/wp-json\/wp\/v2\/media?parent=19789"}],"curies":[{"name":"wp","href":"https:\/\/api.w.org\/{rel}","templated":true}]}}