{"id":19759,"date":"2017-03-03T14:36:00","date_gmt":"2017-03-03T13:36:00","guid":{"rendered":"https:\/\/www.sprachschule-aktiv-muenchen.de\/?page_id=19759\/"},"modified":"2021-12-12T06:39:51","modified_gmt":"2021-12-12T05:39:51","slug":"seguro-medico-estudiantes-alemania","status":"publish","type":"page","link":"https:\/\/www.sprachschule-aktiv-muenchen.de\/es\/seguro-medico-estudiantes-alemania\/","title":{"rendered":"Seguros en Alemania"},"content":{"rendered":"<p>[vc_row css=&#8221;.vc_custom_1488547122661{padding-top: 30px !important;padding-bottom: 30px !important;}&#8221;][vc_column][vc_column_text]<\/p>\n<h1>Seguro m\u00e9dico para estudiantes en Alemania &#8211; Seguros importantes<\/h1>\n<p>Seguro m\u00e9dico para estudiantes en Alemania: qu\u00e9 tener en cuenta. Si desea realizar un curso de alem\u00e1n en Alemania, necesita un visado y un seguro m\u00e9dico. El seguro es un requisito importante para solicitar un visado, sin \u00e9l no es posible su obtenci\u00f3n.<\/p>\n<h2>\u00bfCu\u00e1nto cuesta un seguro m\u00e9dico en Alemania?<\/h2>\n<p>Se puede estar asegurado desde 26 \u20ac al mes. Puede solicitar el seguro online y obtener por e-mail los documentos correspondientes. Entonces puede utilizar estos documentos para finalizar su solicitud de visado.<\/p>\n<p>Precios e inscripci\u00f3n, as\u00ed como confirmaci\u00f3n inmediata de seguro m\u00e9dico e informaci\u00f3n adicional, <a href=\"http:\/\/www.care-concept.de\/sprachschueler_esp.php?navilang=esp&amp;vmnr=002644000S&amp;mail=info@sprachschule-aktiv.de\" target=\"_blank\" rel=\"noopener\">aqu\u00ed<\/a>.[\/vc_column_text][\/vc_column][\/vc_row][vc_row full_width=&#8221;stretch_row&#8221; css=&#8221;.vc_custom_1488547246869{padding-top: 30px !important;padding-bottom: 30px !important;background-color: #f9f9f9 !important;}&#8221;][vc_column width=&#8221;1\/2&#8243;][vc_column_text]<\/p>\n<h2>\u00a1Importante! Seguro m\u00e9dico para su estancia en Alemania<\/h2>\n<p>Si viene a Alemania, debe estar asegurado; y es bueno que as\u00ed sea, pues siempre puede pasar algo para lo que se necesita ayuda m\u00e9dica, medicamentos, o tratamiento hospitalario. Esto puede llegar a salir caro, pues los gastos por cuidados m\u00e9dicos en Alemania son los m\u00e1s altos del mundo.<\/p>\n<p>Por eso tambi\u00e9n debe, cuando solicita un visado, acreditar que posee un seguro m\u00e9dico de viaje para la duraci\u00f3n de su estancia en Alemania.<\/p>\n<p>Como aprendiz de idiomas, puede concertar un seguro m\u00e9dico especial con nuestro asociado Care Concept. Este le ofrece cobertura para los gastos ocasionados por enfermedad o accidente a un precio econ\u00f3mico. Y lo mejor: puede contratarlo directamente online. En todo el mundo y r\u00e1pidamente. En tan solo 15-20 minutos recibe usted su certificado del seguro por e-mail.<\/p>\n<p>[\/vc_column_text][\/vc_column][vc_column width=&#8221;1\/2&#8243;][vc_single_image image=&#8221;19761&#8243; img_size=&#8221;full&#8221; style=&#8221;vc_box_outline&#8221; css=&#8221;.vc_custom_1488548140083{padding-top: 20px !important;}&#8221;][\/vc_column][\/vc_row][vc_row full_width=&#8221;stretch_row&#8221; css=&#8221;.vc_custom_1488547402983{padding-top: 30px !important;padding-bottom: 30px !important;}&#8221;][vc_column][vc_column_text]<\/p>\n<h2>Otros seguros importantes en Alemania<\/h2>\n<h2>Seguridad social en Alemania<\/h2>\n<p>El seguro social obligatorio en Alemania ofrece un aseguramiento b\u00e1sico a todos. Ofrece socorro en caso de enfermedad y accidentes, paro y necesidad de cuidado. Adem\u00e1s, es el organismo de pensi\u00f3n (Rententr\u00e4ger) cuando los trabajadores cesan en su actividad profesional.<\/p>\n<h2>El seguro social obligatorio<\/h2>\n<p>El seguro social constituye un seguro obligatorio para los trabajadores y empleados. La mitad de las cuotas del seguro social paga el empleador. La otra mitad paga el trabajador mismo, se deducir\u00e1 autom\u00e1ticamente del sueldo o salario, salvo dos excepciones: para el seguro de enfermedad los trabajadores cotizan 0,9 por cien m\u00e1s que el empleador, en cambio, los empleadores corren con las cuotas completas del seguro de accidente. Con sus cuotas adquiere derecho a prestaciones en diversas \u00e1reas del seguro social.<\/p>\n<h2>Seguro de pensiones<\/h2>\n<p>El seguro de pensiones le proporciona seguridad financiera en la vejez. El seguro de pensiones le soporta tambi\u00e9n en caso de incapacidad para el trabajo cuando ya no puede trabajar (p.ej. debido a un accidente) o cuando usted es viudo o hu\u00e9rfano. Actualmente, se suele obtener una pensi\u00f3n de vejez a partir de 65 a\u00f1os. A partir del a\u00f1o 2012 se elevar\u00e1 la edad de pensi\u00f3n gradualmente a 67 a\u00f1os, a partir del a\u00f1o 2029 valdr\u00e1 este l\u00edmite de edad para todos los que nacieron a partir del a\u00f1o 1964. Sin embargo, habr\u00e1 tambi\u00e9n excepciones, p.ej. para personas que cotizaron durante muchos a\u00f1os o que han ejercido un oficio f\u00edsicamente duro.<\/p>\n<p>La pensi\u00f3n de vejez legal es menor que los ingresos durante la actividad profesional. Para poder mantener su est\u00e1ndar de vida en la vejez se recomienda completar el seguro de pensi\u00f3n legal mediante un seguro privado.<\/p>\n<h2>Seguro de enfermedad<\/h2>\n<p>El seguro de enfermedad obligatorio le ayuda a usted y a su familia en caso de enfermedad. Adem\u00e1s correr\u00e1 con muchos gastos de prevenci\u00f3n sanitaria (p.ej. con el dentista), paga las medidas de rehabilitaci\u00f3n y los gastos del parto de sus hijos. Cuando \u2013 debido a una enfermedad \u2013 no puede trabajar durante mucho tiempo y el empleador ya no paga su sueldo, la caja de enfermedad obligatoria paga el llamado subsidio de enfermedad como compensaci\u00f3n. El seguro de enfermedad obligatorio es obligatorio para los trabajadores hasta un determinado l\u00edmite de ingresos.<\/p>\n<h2>Sugerencia<\/h2>\n<p>Cuando sus ingresos superan un determinado l\u00edmite \u2013 el llamado l\u00edmite de c\u00e1lculo de cuota \u2013 puede contratar un seguro de enfermedad privado. Lo mismo vale en caso de trabajo aut\u00f3nomo. Puede elegir libremente si desea asegurarse en el seguro de enfermedad obligatorio o privado. Los seguro de enfermedad privados ofrecen primas y prestaciones muy variadas \u2013 conviene informarse detenidamente y comparar siempre varias ofertas.<\/p>\n<h2>Seguro para el cuidado sanitario \/ de dependencia<\/h2>\n<p>El seguro de dependencia le ayuda cuando ya no puede autoabastecerse en la vejez o debido a una enfermedad grave y cuando necesita cuidado sanitario. Adem\u00e1s, ofrece soporte financiero y asesora a las personas que cuidan a sus familiares. Antes de utilizar las prestaciones del seguro de dependencia debe presentar una solicitud.<\/p>\n<p>Cuando tiene un seguro de enfermedad obligatorio est\u00e1 autom\u00e1ticamente incluido en el seguro de dependencia obligatorio. Si, en cambio, tiene un seguro de enfermedad privado es necesario contratar un seguro adicional de dependencia privado.<\/p>\n<h2>Seguro de accidentes<\/h2>\n<p>El seguro de accidentes obligatorio le ofrece auxilio a usted y a su familia para solucionar problemas sanitarios y financieros que son una consecuencia inmediata de un accidente de trabajo o una enfermedad laboral. Entre los accidentes de trabajo cuentan tambi\u00e9n accidentes que suceden en el camino al trabajo o a la escuela y viceversa.<\/p>\n<h2>Seguro de paro \/ desempleo<\/h2>\n<p>El seguro de paro forma parte integrante del seguro social obligatorio. Est\u00e1n aseguradas todas las personas que tienen un empleo pagado, que no sea insignificante. Aqu\u00ed puede obtener m\u00e1s informaci\u00f3n en su lugar de residencia:<\/p>\n<ul>\n<li>Asesoramiento de migraci\u00f3n para inmigrantes adultos y servicio de migraci\u00f3n de j\u00f3venes<\/li>\n<li>Administraci\u00f3n municipal y del distrito: oficina de seguros<\/li>\n<li>Centrales de protecci\u00f3n de los consumidores<\/li>\n<li>Oficinas de informaci\u00f3n y consulta del Seguro de Pensiones Alem\u00e1n<\/li>\n<li>Cajas de enfermedad o seguro privado<\/li>\n<li>Organismos del seguro de accidentes<\/li>\n<\/ul>\n<h2>Compensaci\u00f3n por paro<\/h2>\n<p>Si pierde su puesto de trabajo sujeto al pago de seguro y si ha cotizado durante los \u00faltimos doce meses, como m\u00ednimo, puede solicitar compensaci\u00f3n por paro. La agencia de trabajo federal verifica si cumple con estos requisitos. La compensaci\u00f3n por paro se paga por m\u00e1ximo 12 meses, a partir de una edad de 55 a\u00f1os por m\u00e1ximo 18 meses y si tiene 58 a\u00f1os o m\u00e1s por m\u00e1ximo 24 meses.<\/p>\n<p>Debe presentarse personalmente en la agencia de trabajo local, a m\u00e1s tardar, 3 meses antes de caer en estado de desempleo para comunicar que busca un trabajo. Si no cumple con este plazo corre el riesgo de una reducci\u00f3n de la compensaci\u00f3n por paro. Si no puede cumplir con este plazo porque ha perdido su trabajo a muy corto plazo, debe presentarse, a m\u00e1s tardar, al tercer d\u00eda del preaviso.<\/p>\n<h2>Seguros<\/h2>\n<p>Junto a los seguros obligatorios estatales hay muchos seguros privados en Alemania. Entre ellos cuentan:<\/p>\n<ul>\n<li>Seguro de responsabilidad civil<\/li>\n<li>Seguro de utensilios dom\u00e9sticos<\/li>\n<li>Seguro de incapacidad profesional<\/li>\n<li>Seguro de vida<\/li>\n<li>Seguro automovil\u00edstico<\/li>\n<\/ul>\n<p>[\/vc_column_text][vc_column_text]Cada seguro cuesta dinero. Por tanto, debe pensar bien lo que realmente necesita antes de firmar un contrato de seguro.<\/p>\n<p>Si posee un coche o una motocicleta es obligatorio contratar un seguro automovil\u00edstico. El seguro de responsabilidad civil tambi\u00e9n es muy importante. Paga cuando usted o sus hijos menores causan involuntariamente un da\u00f1o a una persona tercera.[\/vc_column_text][\/vc_column][\/vc_row]<\/p>\n","protected":false},"excerpt":{"rendered":"<p>[vc_row css=&#8221;.vc_custom_1488547122661{padding-top: 30px !important;padding-bottom: 30px !important;}&#8221;][vc_column][vc_column_text] Seguro m\u00e9dico para estudiantes en Alemania &#8211; Seguros importantes Seguro m\u00e9dico para estudiantes en Alemania: qu\u00e9 tener en cuenta. Si desea realizar un curso de alem\u00e1n en Alemania, necesita un visado y un seguro m\u00e9dico. El seguro es un requisito importante para solicitar un visado, sin \u00e9l no es&hellip; <a class=\"read-more\" href=\"https:\/\/www.sprachschule-aktiv-muenchen.de\/es\/seguro-medico-estudiantes-alemania\/\" title=\"Read Seguros en Alemania\">Read more &raquo;<\/a><\/p>\n","protected":false},"author":2,"featured_media":0,"parent":0,"menu_order":0,"comment_status":"closed","ping_status":"closed","template":"","meta":{"footnotes":""},"class_list":["post-19759","page","type-page","status-publish","hentry"],"yoast_head":"<!-- This site is optimized with the Yoast SEO plugin v27.1.1 - https:\/\/yoast.com\/product\/yoast-seo-wordpress\/ -->\n<title>Seguro m\u00e9dico para estudiantes en Alemania<\/title>\n<meta name=\"description\" content=\"Seguro m\u00e9dico para estudiantes en Alemania e informaci\u00f3nes generales de diferentes seguros para tu curso de alem\u00e1n o estudios universitarios.\" \/>\n<meta name=\"robots\" content=\"index, follow, max-snippet:-1, max-image-preview:large, max-video-preview:-1\" \/>\n<link rel=\"canonical\" href=\"https:\/\/www.sprachschule-aktiv-muenchen.de\/es\/seguro-medico-estudiantes-alemania\/\" \/>\n<meta property=\"og:locale\" content=\"es_ES\" \/>\n<meta property=\"og:type\" content=\"article\" \/>\n<meta property=\"og:title\" content=\"Seguro m\u00e9dico para estudiantes en Alemania\" \/>\n<meta property=\"og:description\" content=\"Seguro m\u00e9dico para estudiantes en Alemania e informaci\u00f3nes generales de diferentes seguros para tu curso de alem\u00e1n o estudios universitarios.\" \/>\n<meta property=\"og:url\" content=\"https:\/\/www.sprachschule-aktiv-muenchen.de\/es\/seguro-medico-estudiantes-alemania\/\" \/>\n<meta property=\"og:site_name\" content=\"Sprachschule Aktiv\" \/>\n<meta property=\"article:modified_time\" content=\"2021-12-12T05:39:51+00:00\" \/>\n<meta name=\"twitter:card\" content=\"summary_large_image\" \/>\n<meta name=\"twitter:label1\" content=\"Tiempo de lectura\" \/>\n\t<meta name=\"twitter:data1\" content=\"6 minutos\" \/>\n<script type=\"application\/ld+json\" class=\"yoast-schema-graph\">{\"@context\":\"https:\/\/schema.org\",\"@graph\":[{\"@type\":\"WebPage\",\"@id\":\"https:\/\/www.sprachschule-aktiv-muenchen.de\/es\/seguro-medico-estudiantes-alemania\/\",\"url\":\"https:\/\/www.sprachschule-aktiv-muenchen.de\/es\/seguro-medico-estudiantes-alemania\/\",\"name\":\"Seguro m\u00e9dico para estudiantes en Alemania\",\"isPartOf\":{\"@id\":\"https:\/\/www.sprachschule-aktiv-muenchen.de\/#website\"},\"datePublished\":\"2017-03-03T13:36:00+00:00\",\"dateModified\":\"2021-12-12T05:39:51+00:00\",\"description\":\"Seguro m\u00e9dico para estudiantes en Alemania e informaci\u00f3nes generales de diferentes seguros para tu curso de alem\u00e1n o estudios universitarios.\",\"breadcrumb\":{\"@id\":\"https:\/\/www.sprachschule-aktiv-muenchen.de\/es\/seguro-medico-estudiantes-alemania\/#breadcrumb\"},\"inLanguage\":\"es\",\"potentialAction\":[{\"@type\":\"ReadAction\",\"target\":[\"https:\/\/www.sprachschule-aktiv-muenchen.de\/es\/seguro-medico-estudiantes-alemania\/\"]}]},{\"@type\":\"BreadcrumbList\",\"@id\":\"https:\/\/www.sprachschule-aktiv-muenchen.de\/es\/seguro-medico-estudiantes-alemania\/#breadcrumb\",\"itemListElement\":[{\"@type\":\"ListItem\",\"position\":1,\"name\":\"Portada\",\"item\":\"https:\/\/www.sprachschule-aktiv-muenchen.de\/es\/\"},{\"@type\":\"ListItem\",\"position\":2,\"name\":\"Seguros en Alemania\"}]},{\"@type\":\"WebSite\",\"@id\":\"https:\/\/www.sprachschule-aktiv-muenchen.de\/#website\",\"url\":\"https:\/\/www.sprachschule-aktiv-muenchen.de\/\",\"name\":\"Sprachschule Aktiv\",\"description\":\"\",\"potentialAction\":[{\"@type\":\"SearchAction\",\"target\":{\"@type\":\"EntryPoint\",\"urlTemplate\":\"https:\/\/www.sprachschule-aktiv-muenchen.de\/?s={search_term_string}\"},\"query-input\":{\"@type\":\"PropertyValueSpecification\",\"valueRequired\":true,\"valueName\":\"search_term_string\"}}],\"inLanguage\":\"es\"}]}<\/script>\n<!-- \/ Yoast SEO plugin. -->","yoast_head_json":{"title":"Seguro m\u00e9dico para estudiantes en Alemania","description":"Seguro m\u00e9dico para estudiantes en Alemania e informaci\u00f3nes generales de diferentes seguros para tu curso de alem\u00e1n o estudios universitarios.","robots":{"index":"index","follow":"follow","max-snippet":"max-snippet:-1","max-image-preview":"max-image-preview:large","max-video-preview":"max-video-preview:-1"},"canonical":"https:\/\/www.sprachschule-aktiv-muenchen.de\/es\/seguro-medico-estudiantes-alemania\/","og_locale":"es_ES","og_type":"article","og_title":"Seguro m\u00e9dico para estudiantes en Alemania","og_description":"Seguro m\u00e9dico para estudiantes en Alemania e informaci\u00f3nes generales de diferentes seguros para tu curso de alem\u00e1n o estudios universitarios.","og_url":"https:\/\/www.sprachschule-aktiv-muenchen.de\/es\/seguro-medico-estudiantes-alemania\/","og_site_name":"Sprachschule Aktiv","article_modified_time":"2021-12-12T05:39:51+00:00","twitter_card":"summary_large_image","twitter_misc":{"Tiempo de lectura":"6 minutos"},"schema":{"@context":"https:\/\/schema.org","@graph":[{"@type":"WebPage","@id":"https:\/\/www.sprachschule-aktiv-muenchen.de\/es\/seguro-medico-estudiantes-alemania\/","url":"https:\/\/www.sprachschule-aktiv-muenchen.de\/es\/seguro-medico-estudiantes-alemania\/","name":"Seguro m\u00e9dico para estudiantes en Alemania","isPartOf":{"@id":"https:\/\/www.sprachschule-aktiv-muenchen.de\/#website"},"datePublished":"2017-03-03T13:36:00+00:00","dateModified":"2021-12-12T05:39:51+00:00","description":"Seguro m\u00e9dico para estudiantes en Alemania e informaci\u00f3nes generales de diferentes seguros para tu curso de alem\u00e1n o estudios universitarios.","breadcrumb":{"@id":"https:\/\/www.sprachschule-aktiv-muenchen.de\/es\/seguro-medico-estudiantes-alemania\/#breadcrumb"},"inLanguage":"es","potentialAction":[{"@type":"ReadAction","target":["https:\/\/www.sprachschule-aktiv-muenchen.de\/es\/seguro-medico-estudiantes-alemania\/"]}]},{"@type":"BreadcrumbList","@id":"https:\/\/www.sprachschule-aktiv-muenchen.de\/es\/seguro-medico-estudiantes-alemania\/#breadcrumb","itemListElement":[{"@type":"ListItem","position":1,"name":"Portada","item":"https:\/\/www.sprachschule-aktiv-muenchen.de\/es\/"},{"@type":"ListItem","position":2,"name":"Seguros en Alemania"}]},{"@type":"WebSite","@id":"https:\/\/www.sprachschule-aktiv-muenchen.de\/#website","url":"https:\/\/www.sprachschule-aktiv-muenchen.de\/","name":"Sprachschule Aktiv","description":"","potentialAction":[{"@type":"SearchAction","target":{"@type":"EntryPoint","urlTemplate":"https:\/\/www.sprachschule-aktiv-muenchen.de\/?s={search_term_string}"},"query-input":{"@type":"PropertyValueSpecification","valueRequired":true,"valueName":"search_term_string"}}],"inLanguage":"es"}]}},"_links":{"self":[{"href":"https:\/\/www.sprachschule-aktiv-muenchen.de\/es\/wp-json\/wp\/v2\/pages\/19759","targetHints":{"allow":["GET"]}}],"collection":[{"href":"https:\/\/www.sprachschule-aktiv-muenchen.de\/es\/wp-json\/wp\/v2\/pages"}],"about":[{"href":"https:\/\/www.sprachschule-aktiv-muenchen.de\/es\/wp-json\/wp\/v2\/types\/page"}],"author":[{"embeddable":true,"href":"https:\/\/www.sprachschule-aktiv-muenchen.de\/es\/wp-json\/wp\/v2\/users\/2"}],"replies":[{"embeddable":true,"href":"https:\/\/www.sprachschule-aktiv-muenchen.de\/es\/wp-json\/wp\/v2\/comments?post=19759"}],"version-history":[{"count":1,"href":"https:\/\/www.sprachschule-aktiv-muenchen.de\/es\/wp-json\/wp\/v2\/pages\/19759\/revisions"}],"predecessor-version":[{"id":70423,"href":"https:\/\/www.sprachschule-aktiv-muenchen.de\/es\/wp-json\/wp\/v2\/pages\/19759\/revisions\/70423"}],"wp:attachment":[{"href":"https:\/\/www.sprachschule-aktiv-muenchen.de\/es\/wp-json\/wp\/v2\/media?parent=19759"}],"curies":[{"name":"wp","href":"https:\/\/api.w.org\/{rel}","templated":true}]}}