{"id":19725,"date":"2017-03-02T22:55:39","date_gmt":"2017-03-02T21:55:39","guid":{"rendered":"https:\/\/www.sprachschule-aktiv-muenchen.de\/?page_id=19725\/"},"modified":"2021-06-06T07:38:02","modified_gmt":"2021-06-06T05:38:02","slug":"compras-en-alemania","status":"publish","type":"page","link":"https:\/\/www.sprachschule-aktiv-muenchen.de\/es\/compras-en-alemania\/","title":{"rendered":"Compras en Alemania"},"content":{"rendered":"<p>[vc_row css=&#8221;.vc_custom_1488491843589{padding-top: 30px !important;padding-bottom: 30px !important;}&#8221;][vc_column][vc_column_text]<\/p>\n<h1>Compras en Alemania &#8211; informaci\u00f3n interesante para consumidores<\/h1>\n<p>\u00bfC\u00f3mo comprar en Alemania? Compras en Alemania &#8211; informaci\u00f3n interesante para consumidores que radican en Alemania. Informaciones generales y recomendaciones.<\/p>\n<h2>Compras y protecci\u00f3n del consumidor en Alemania<\/h2>\n<p>Los alimentos y otros art\u00edculos de necesidad diaria puede adquirir en almacenes, centros comerciales o tiendas especializadas. Pero: Las mismas mercanc\u00edas no cuestan lo mismo en los diferentes mercados. Precios muy econ\u00f3micos \u2013 ofertas especiales \u2013 solamente valen por poco tiempo. Vale la pena informarse detenidamente y comparar calidad y precio.<\/p>\n<p>En caso de grandes adquisiciones conviene leer informes de evaluaci\u00f3n de los productos. Existen muchas posibilidades de averiguar la verdadera calidad de una oferta. La fundaci\u00f3n \u00bbStiftung Warentest \u00bb, en particular, y las centrales de protecci\u00f3n del consumidor en los Estados Federados ofrecen informaciones y evaluaciones de productos en art\u00edculos de prensa, revistas t\u00e9cnicas o publicaciones en internet.<\/p>\n<p><a href=\"https:\/\/www.sprachschule-aktiv-muenchen.de\/es\/cursos-de-aleman-en-munich\/\"><img decoding=\"async\" class=\"aligncenter wp-image-65626 size-full\" src=\"https:\/\/www.sprachschule-aktiv-muenchen.de\/wp-content\/uploads\/2021\/05\/nuestros-cursos-de-aleman-alemania.jpg\" alt=\"Nuestros cursos de alem\u00e1n en Alemania\" width=\"300\" height=\"358\" srcset=\"https:\/\/www.sprachschule-aktiv-muenchen.de\/wp-content\/uploads\/2021\/05\/nuestros-cursos-de-aleman-alemania.jpg 300w, https:\/\/www.sprachschule-aktiv-muenchen.de\/wp-content\/uploads\/2021\/05\/nuestros-cursos-de-aleman-alemania-251x300.jpg 251w\" sizes=\"(max-width: 300px) 100vw, 300px\" \/><\/a>[\/vc_column_text][\/vc_column][\/vc_row][vc_row full_width=&#8221;stretch_row&#8221; css=&#8221;.vc_custom_1488491968762{padding-top: 30px !important;padding-bottom: 30px !important;background-color: #f9f9f9 !important;}&#8221;][vc_column width=&#8221;1\/2&#8243;][vc_column_text]<\/p>\n<h2>Horarios comerciales<\/h2>\n<p>Los comercios en Alemania no tienen horarios id\u00e9nticos en todas partes, las horas de apertura son diferentes en cada Estado federado. Por regla general, abren de lunes a s\u00e1bado de las 9 a las 20 horas, en algunos Estados Federados incluso m\u00e1s largo.<\/p>\n<h2>Pago de las compras<\/h2>\n<p>Usted puede pagar en cualquier lugar en Alemania con dinero al contado. La opci\u00f3n de pagar por transferencia existe tambi\u00e9n pr\u00e1cticamente sin l\u00edmite. Necesita una cuenta en un banco o una caja de ahorro que le pone a disposici\u00f3n una llamada tarjeta EC o una tarjeta de cr\u00e9dito con la que puede pagar. El importe pagado ser\u00e1 deducido autom\u00e1ticamente de su cuenta.<\/p>\n<p>Cuidado con juegos de loter\u00eda: Ojo si debe indicar su direcci\u00f3n. Con los juegos de loter\u00eda se juntan a menudo direcciones. Despu\u00e9s, los clientes afectados recibir\u00e1n publicidad por correo, correo electr\u00f3nico o por tel\u00e9fono. Tarjetas de cliente y de rebaja pueden servir tambi\u00e9n para juntar direcciones para publicidad no deseada.<\/p>\n<h2>Cambio de mercanc\u00eda<\/h2>\n<p>Un cambio de mercanc\u00eda siempre es facultativo. Ning\u00fan comercio tiene que cambiar mercanc\u00eda comprada si no tiene un defecto.<\/p>\n<h2>Sugerencia<\/h2>\n<p>Si desea devolver o cambiar una mercanc\u00eda defectuosa no necesita el embalaje original. Nadie le puede exigir que guarde cartones o folios de pl\u00e1stico. Tampoco necesita el bono de caja. Con el bono es m\u00e1s f\u00e1cil comprobar donde se ha comprado la mercanc\u00eda. Pero lo puede comprobar tambi\u00e9n mediante un extracto de cuenta o una declaraci\u00f3n de testigo.[\/vc_column_text][\/vc_column][vc_column width=&#8221;1\/2&#8243;][vc_column_text]<\/p>\n<h2>Compras en internet<\/h2>\n<p>Hoy en d\u00eda, se venden tambi\u00e9n muchos art\u00edculos en internet. Sin embargo, no todas las ofertas son serias. Hay que tener cuidado con compras y subastas en internet. Aquellas compras que se pagan solamente cuando ya ha recibido la mercanc\u00eda y la factura en casa son m\u00e1s seguras. El llamado procedimiento de cargo en cuenta tambi\u00e9n ofrece m\u00e1s seguridad. Para este fin tiene que dar primero su permiso. Este procedimiento tiene la ventaja de que puede encargar a su banco que haga la transferencia del dinero dentro de seis semanas.<\/p>\n<p>Si es v\u00edctima de un fraude en internet conviene formular, lo antes posible, denuncia con la polic\u00eda e informar el proveedor de la p\u00e1gina web.<\/p>\n<h2>Garant\u00eda y saneamiento<\/h2>\n<p>Cada vendedor tiene que garantizar una calidad impecable de su mercanc\u00eda. Si el cliente observa -dentro de un plazo de dos a\u00f1os- vicios o defectos ya existentes en el momento de la compra, tiene el derecho legal a saneamiento. Lo mismo vale en caso de mercanc\u00eda reducida y ofertas especiales.<\/p>\n<p>Este derecho extingue cuando el producto se desgasta por el uso. Si se presenta un vicio durante los primeros seis meses despu\u00e9s de la compra, el vendedor debe comprobar que le ha vendido la mercanc\u00eda sin vicio ni defecto. Si han pasado m\u00e1s de 6 meses es el cliente que tiene que comprobar que la mercanc\u00eda presentaba este defecto desde el comienzo.<\/p>\n<p>Garant\u00eda y saneamiento no es lo mismo. Bajo garant\u00eda se entiende la promesa del fabricante de que su producto tiene determinadas propiedades y que funcione durante un determinado tiempo. Cada garant\u00eda es voluntaria.<\/p>\n<p>Ning\u00fan fabricante tiene que dar una garant\u00eda para su mercanc\u00eda.[\/vc_column_text][\/vc_column][\/vc_row][vc_row full_width=&#8221;stretch_row&#8221; css=&#8221;.vc_custom_1488492270842{padding-top: 30px !important;padding-bottom: 30px !important;}&#8221;][vc_column][vc_column_text]<\/p>\n<h2>Negocios en la puerta<\/h2>\n<p>Un contrato es r\u00e1pidamente firmado \u2013 a veces demasiado r\u00e1pido, sobre todo en la puerta, en internet o en el tel\u00e9fono. Por este motivo tiene un derecho legal de revocaci\u00f3n para contratos. Esto significa que puede desistir del contrato y \u00e9se perder\u00e1 su validez. No tiene que fundamentar su revocaci\u00f3n. Si, a pesar de ello, surgieran problemas puede dirigirse a una central de protecci\u00f3n del consumidor.<\/p>\n<h2>Lista de chequeo<\/h2>\n<p>Esta regla vale para<\/p>\n<ul>\n<li>Convenios que se celebran en el puesto de trabajo, en una casa particular, en el tel\u00e9fono o en medios p\u00fablicos de transporte.<\/li>\n<li>Contratos (de compraventa) concluidos en internet.<\/li>\n<li>Pedidos por cat\u00e1logo.<\/li>\n<li>Convenios celebrados por carta, fax o correo electr\u00f3nico.<\/li>\n<li>Convenios celebrados durante excursiones de venta (a menudo llamadas excursiones promocionales) o en eventos al aire libre.<\/li>\n<\/ul>\n<p>Principalmente vale: No firme absolutamente nada que no ha entendido completamente. Inf\u00f3rmese antes de la compra c\u00f3mo puede formular oposici\u00f3n y qu\u00e9 excepciones existen (p. ej. en caso de contratos de seguro, reservas de hotel y viajes en taxi). A menudo no tiene m\u00e1s que dos semanas para formular oposici\u00f3n escrita. No espere demasiado si desea desistir de un contrato.[\/vc_column_text][\/vc_column][\/vc_row]<\/p>\n","protected":false},"excerpt":{"rendered":"<p>[vc_row css=&#8221;.vc_custom_1488491843589{padding-top: 30px !important;padding-bottom: 30px !important;}&#8221;][vc_column][vc_column_text] Compras en Alemania &#8211; informaci\u00f3n interesante para consumidores \u00bfC\u00f3mo comprar en Alemania? Compras en Alemania &#8211; informaci\u00f3n interesante para consumidores que radican en Alemania. Informaciones generales y recomendaciones. Compras y protecci\u00f3n del consumidor en Alemania Los alimentos y otros art\u00edculos de necesidad diaria puede adquirir en almacenes, centros comerciales&hellip; <a class=\"read-more\" href=\"https:\/\/www.sprachschule-aktiv-muenchen.de\/es\/compras-en-alemania\/\" title=\"Read Compras en Alemania\">Read more &raquo;<\/a><\/p>\n","protected":false},"author":2,"featured_media":0,"parent":0,"menu_order":0,"comment_status":"closed","ping_status":"closed","template":"","meta":{"footnotes":""},"class_list":["post-19725","page","type-page","status-publish","hentry"],"yoast_head":"<!-- This site is optimized with the Yoast SEO plugin v27.1.1 - https:\/\/yoast.com\/product\/yoast-seo-wordpress\/ -->\n<title>Compras en Alemania - informaci\u00f3n para consumidores<\/title>\n<meta name=\"description\" content=\"\u00bfC\u00f3mo comprar en Alemania? Informaci\u00f3nes interesantes y recomendaciones para consumidores que radican en Alemania.\" \/>\n<meta name=\"robots\" content=\"index, follow, max-snippet:-1, max-image-preview:large, max-video-preview:-1\" \/>\n<link rel=\"canonical\" href=\"https:\/\/www.sprachschule-aktiv-muenchen.de\/es\/compras-en-alemania\/\" \/>\n<meta property=\"og:locale\" content=\"es_ES\" \/>\n<meta property=\"og:type\" content=\"article\" \/>\n<meta property=\"og:title\" content=\"Compras en Alemania - informaci\u00f3n para consumidores\" \/>\n<meta property=\"og:description\" content=\"\u00bfC\u00f3mo comprar en Alemania? Informaci\u00f3nes interesantes y recomendaciones para consumidores que radican en Alemania.\" \/>\n<meta property=\"og:url\" content=\"https:\/\/www.sprachschule-aktiv-muenchen.de\/es\/compras-en-alemania\/\" \/>\n<meta property=\"og:site_name\" content=\"Sprachschule Aktiv\" \/>\n<meta property=\"article:modified_time\" content=\"2021-06-06T05:38:02+00:00\" \/>\n<meta property=\"og:image\" content=\"https:\/\/www.sprachschule-aktiv-muenchen.de\/wp-content\/uploads\/2021\/05\/nuestros-cursos-de-aleman-alemania.jpg\" \/>\n<meta name=\"twitter:card\" content=\"summary_large_image\" \/>\n<meta name=\"twitter:label1\" content=\"Tiempo de lectura\" \/>\n\t<meta name=\"twitter:data1\" content=\"5 minutos\" \/>\n<script type=\"application\/ld+json\" class=\"yoast-schema-graph\">{\"@context\":\"https:\/\/schema.org\",\"@graph\":[{\"@type\":\"WebPage\",\"@id\":\"https:\/\/www.sprachschule-aktiv-muenchen.de\/es\/compras-en-alemania\/\",\"url\":\"https:\/\/www.sprachschule-aktiv-muenchen.de\/es\/compras-en-alemania\/\",\"name\":\"Compras en Alemania - informaci\u00f3n para consumidores\",\"isPartOf\":{\"@id\":\"https:\/\/www.sprachschule-aktiv-muenchen.de\/#website\"},\"primaryImageOfPage\":{\"@id\":\"https:\/\/www.sprachschule-aktiv-muenchen.de\/es\/compras-en-alemania\/#primaryimage\"},\"image\":{\"@id\":\"https:\/\/www.sprachschule-aktiv-muenchen.de\/es\/compras-en-alemania\/#primaryimage\"},\"thumbnailUrl\":\"https:\/\/www.sprachschule-aktiv-muenchen.de\/wp-content\/uploads\/2021\/05\/nuestros-cursos-de-aleman-alemania.jpg\",\"datePublished\":\"2017-03-02T21:55:39+00:00\",\"dateModified\":\"2021-06-06T05:38:02+00:00\",\"description\":\"\u00bfC\u00f3mo comprar en Alemania? Informaci\u00f3nes interesantes y recomendaciones para consumidores que radican en Alemania.\",\"breadcrumb\":{\"@id\":\"https:\/\/www.sprachschule-aktiv-muenchen.de\/es\/compras-en-alemania\/#breadcrumb\"},\"inLanguage\":\"es\",\"potentialAction\":[{\"@type\":\"ReadAction\",\"target\":[\"https:\/\/www.sprachschule-aktiv-muenchen.de\/es\/compras-en-alemania\/\"]}]},{\"@type\":\"ImageObject\",\"inLanguage\":\"es\",\"@id\":\"https:\/\/www.sprachschule-aktiv-muenchen.de\/es\/compras-en-alemania\/#primaryimage\",\"url\":\"https:\/\/www.sprachschule-aktiv-muenchen.de\/wp-content\/uploads\/2021\/05\/nuestros-cursos-de-aleman-alemania.jpg\",\"contentUrl\":\"https:\/\/www.sprachschule-aktiv-muenchen.de\/wp-content\/uploads\/2021\/05\/nuestros-cursos-de-aleman-alemania.jpg\"},{\"@type\":\"BreadcrumbList\",\"@id\":\"https:\/\/www.sprachschule-aktiv-muenchen.de\/es\/compras-en-alemania\/#breadcrumb\",\"itemListElement\":[{\"@type\":\"ListItem\",\"position\":1,\"name\":\"Portada\",\"item\":\"https:\/\/www.sprachschule-aktiv-muenchen.de\/es\/\"},{\"@type\":\"ListItem\",\"position\":2,\"name\":\"Compras en Alemania\"}]},{\"@type\":\"WebSite\",\"@id\":\"https:\/\/www.sprachschule-aktiv-muenchen.de\/#website\",\"url\":\"https:\/\/www.sprachschule-aktiv-muenchen.de\/\",\"name\":\"Sprachschule Aktiv\",\"description\":\"\",\"potentialAction\":[{\"@type\":\"SearchAction\",\"target\":{\"@type\":\"EntryPoint\",\"urlTemplate\":\"https:\/\/www.sprachschule-aktiv-muenchen.de\/?s={search_term_string}\"},\"query-input\":{\"@type\":\"PropertyValueSpecification\",\"valueRequired\":true,\"valueName\":\"search_term_string\"}}],\"inLanguage\":\"es\"}]}<\/script>\n<!-- \/ Yoast SEO plugin. -->","yoast_head_json":{"title":"Compras en Alemania - informaci\u00f3n para consumidores","description":"\u00bfC\u00f3mo comprar en Alemania? Informaci\u00f3nes interesantes y recomendaciones para consumidores que radican en Alemania.","robots":{"index":"index","follow":"follow","max-snippet":"max-snippet:-1","max-image-preview":"max-image-preview:large","max-video-preview":"max-video-preview:-1"},"canonical":"https:\/\/www.sprachschule-aktiv-muenchen.de\/es\/compras-en-alemania\/","og_locale":"es_ES","og_type":"article","og_title":"Compras en Alemania - informaci\u00f3n para consumidores","og_description":"\u00bfC\u00f3mo comprar en Alemania? Informaci\u00f3nes interesantes y recomendaciones para consumidores que radican en Alemania.","og_url":"https:\/\/www.sprachschule-aktiv-muenchen.de\/es\/compras-en-alemania\/","og_site_name":"Sprachschule Aktiv","article_modified_time":"2021-06-06T05:38:02+00:00","og_image":[{"url":"https:\/\/www.sprachschule-aktiv-muenchen.de\/wp-content\/uploads\/2021\/05\/nuestros-cursos-de-aleman-alemania.jpg","type":"","width":"","height":""}],"twitter_card":"summary_large_image","twitter_misc":{"Tiempo de lectura":"5 minutos"},"schema":{"@context":"https:\/\/schema.org","@graph":[{"@type":"WebPage","@id":"https:\/\/www.sprachschule-aktiv-muenchen.de\/es\/compras-en-alemania\/","url":"https:\/\/www.sprachschule-aktiv-muenchen.de\/es\/compras-en-alemania\/","name":"Compras en Alemania - informaci\u00f3n para consumidores","isPartOf":{"@id":"https:\/\/www.sprachschule-aktiv-muenchen.de\/#website"},"primaryImageOfPage":{"@id":"https:\/\/www.sprachschule-aktiv-muenchen.de\/es\/compras-en-alemania\/#primaryimage"},"image":{"@id":"https:\/\/www.sprachschule-aktiv-muenchen.de\/es\/compras-en-alemania\/#primaryimage"},"thumbnailUrl":"https:\/\/www.sprachschule-aktiv-muenchen.de\/wp-content\/uploads\/2021\/05\/nuestros-cursos-de-aleman-alemania.jpg","datePublished":"2017-03-02T21:55:39+00:00","dateModified":"2021-06-06T05:38:02+00:00","description":"\u00bfC\u00f3mo comprar en Alemania? Informaci\u00f3nes interesantes y recomendaciones para consumidores que radican en Alemania.","breadcrumb":{"@id":"https:\/\/www.sprachschule-aktiv-muenchen.de\/es\/compras-en-alemania\/#breadcrumb"},"inLanguage":"es","potentialAction":[{"@type":"ReadAction","target":["https:\/\/www.sprachschule-aktiv-muenchen.de\/es\/compras-en-alemania\/"]}]},{"@type":"ImageObject","inLanguage":"es","@id":"https:\/\/www.sprachschule-aktiv-muenchen.de\/es\/compras-en-alemania\/#primaryimage","url":"https:\/\/www.sprachschule-aktiv-muenchen.de\/wp-content\/uploads\/2021\/05\/nuestros-cursos-de-aleman-alemania.jpg","contentUrl":"https:\/\/www.sprachschule-aktiv-muenchen.de\/wp-content\/uploads\/2021\/05\/nuestros-cursos-de-aleman-alemania.jpg"},{"@type":"BreadcrumbList","@id":"https:\/\/www.sprachschule-aktiv-muenchen.de\/es\/compras-en-alemania\/#breadcrumb","itemListElement":[{"@type":"ListItem","position":1,"name":"Portada","item":"https:\/\/www.sprachschule-aktiv-muenchen.de\/es\/"},{"@type":"ListItem","position":2,"name":"Compras en Alemania"}]},{"@type":"WebSite","@id":"https:\/\/www.sprachschule-aktiv-muenchen.de\/#website","url":"https:\/\/www.sprachschule-aktiv-muenchen.de\/","name":"Sprachschule Aktiv","description":"","potentialAction":[{"@type":"SearchAction","target":{"@type":"EntryPoint","urlTemplate":"https:\/\/www.sprachschule-aktiv-muenchen.de\/?s={search_term_string}"},"query-input":{"@type":"PropertyValueSpecification","valueRequired":true,"valueName":"search_term_string"}}],"inLanguage":"es"}]}},"_links":{"self":[{"href":"https:\/\/www.sprachschule-aktiv-muenchen.de\/es\/wp-json\/wp\/v2\/pages\/19725","targetHints":{"allow":["GET"]}}],"collection":[{"href":"https:\/\/www.sprachschule-aktiv-muenchen.de\/es\/wp-json\/wp\/v2\/pages"}],"about":[{"href":"https:\/\/www.sprachschule-aktiv-muenchen.de\/es\/wp-json\/wp\/v2\/types\/page"}],"author":[{"embeddable":true,"href":"https:\/\/www.sprachschule-aktiv-muenchen.de\/es\/wp-json\/wp\/v2\/users\/2"}],"replies":[{"embeddable":true,"href":"https:\/\/www.sprachschule-aktiv-muenchen.de\/es\/wp-json\/wp\/v2\/comments?post=19725"}],"version-history":[{"count":2,"href":"https:\/\/www.sprachschule-aktiv-muenchen.de\/es\/wp-json\/wp\/v2\/pages\/19725\/revisions"}],"predecessor-version":[{"id":65650,"href":"https:\/\/www.sprachschule-aktiv-muenchen.de\/es\/wp-json\/wp\/v2\/pages\/19725\/revisions\/65650"}],"wp:attachment":[{"href":"https:\/\/www.sprachschule-aktiv-muenchen.de\/es\/wp-json\/wp\/v2\/media?parent=19725"}],"curies":[{"name":"wp","href":"https:\/\/api.w.org\/{rel}","templated":true}]}}