{"id":19720,"date":"2017-03-02T22:25:53","date_gmt":"2017-03-02T21:25:53","guid":{"rendered":"https:\/\/www.sprachschule-aktiv-muenchen.de\/?page_id=19720\/"},"modified":"2021-02-14T07:04:42","modified_gmt":"2021-02-14T06:04:42","slug":"la-politica-en-alemania","status":"publish","type":"page","link":"https:\/\/www.sprachschule-aktiv-muenchen.de\/es\/la-politica-en-alemania\/","title":{"rendered":"Pol\u00edtica en Alemania"},"content":{"rendered":"<p>[vc_row css=&#8221;.vc_custom_1488490010662{padding-top: 30px !important;padding-bottom: 30px !important;}&#8221;][vc_column][vc_column_text]<\/p>\n<h1>Pol\u00edtica en Alemania<\/h1>\n<h2>R\u00e9gimen pol\u00edtico y jur\u00eddico en Alemania<\/h2>\n<p>Todas las personas que viven en Alemania deben someterse a los principios centrales del r\u00e9gimen pol\u00edtico y jur\u00eddico. Un principio de especial importancia es la igualdad de derechos de hombres y mujeres.<\/p>\n<p>La Ley fundamental constituye la base jur\u00eddica m\u00e1s importante de la vida en Alemania. Es la constituci\u00f3n de la Rep\u00fablica Federal de Alemania.[\/vc_column_text][\/vc_column][\/vc_row][vc_row full_width=&#8221;stretch_row&#8221; css=&#8221;.vc_custom_1488490850230{padding-top: 30px !important;padding-bottom: 30px !important;background-color: #f9f9f9 !important;}&#8221;][vc_column width=&#8221;1\/2&#8243;][vc_column_text]<\/p>\n<h2>Garant\u00edas constitucionales<\/h2>\n<p>Los art\u00edculos 1 a 19 de la Ley Fundamental garantizan los derechos fundamentales de cada individuo ante el Estado. Las garant\u00edas constitucionales muy importantes son:<\/p>\n<ul>\n<li>Protecci\u00f3n de la dignidad del hombre<\/li>\n<li>Derecho a vida e integridad corporal<\/li>\n<li>Igualdad de todos ante la ley<\/li>\n<li>Libertad de cultos<\/li>\n<li>Libertad de opini\u00f3n<\/li>\n<li>Libertad de asamblea<\/li>\n<li>Libertad de profesi\u00f3n<\/li>\n<li>Garant\u00eda de propiedad y herencia<\/li>\n<li>Libertad de prensa<\/li>\n<\/ul>\n<p>[\/vc_column_text][vc_column_text]El art\u00edculo 20 describe los principios m\u00e1s importantes en que basa el sistema pol\u00edtico de la Rep\u00fablica Federal de Alemania:<\/p>\n<ul>\n<li>Federaci\u00f3n<\/li>\n<li>Democracia<\/li>\n<li>Estado de derecho<\/li>\n<li>Estado social<\/li>\n<\/ul>\n<p>[\/vc_column_text][\/vc_column][vc_column width=&#8221;1\/2&#8243;][vc_column_text]<\/p>\n<h2>Estado federado<\/h2>\n<p>Alemania es una Federaci\u00f3n compuesta de 16 Estados federados:<\/p>\n<ul>\n<li>Baden-Wurtemberg<\/li>\n<li>Baviera<\/li>\n<li>Berl\u00edn<\/li>\n<li>Brandenburgo<\/li>\n<li>Brema<\/li>\n<li>Hamburgo<\/li>\n<li>Hesse<\/li>\n<li>Mecklemburgo-Antepomerania<\/li>\n<li>Baja Sajonia<\/li>\n<li>Renania del Norte-Westfalia<\/li>\n<li>Renania-Palatinado<\/li>\n<li>Sarre<\/li>\n<li>Sajonia<\/li>\n<li>Sajonia Anhalt<\/li>\n<li>Slesvig-Holstein<\/li>\n<li>Turingia<\/li>\n<\/ul>\n<p>[\/vc_column_text][\/vc_column][\/vc_row][vc_row full_width=&#8221;stretch_row&#8221; css=&#8221;.vc_custom_1488490883508{padding-top: 30px !important;padding-bottom: 30px !important;}&#8221;][vc_column width=&#8221;1\/2&#8243;][vc_column_text]<\/p>\n<h2>Democracia<\/h2>\n<p>Alemania es un Estado democr\u00e1tico, esto quiere decir que todo el poder del Estado proviene del pueblo que lo ejerce a trav\u00e9s de:<\/p>\n<ul>\n<li>Elecciones<\/li>\n<li>Votos<\/li>\n<li>\u00d3rganos del poder legislativo (parlamento)<\/li>\n<li>\u00d3rganos del poder ejecutivo (gobierno y administraci\u00f3n)<\/li>\n<li>\u00d3rganos de la jurisprudencia (tribunales)<\/li>\n<\/ul>\n<p>[\/vc_column_text][vc_column_text]El parlamento federal constituye la representaci\u00f3n elegida por el pueblo.<\/p>\n<h2>Estado de derecho<\/h2>\n<p>Alemania es un Estado de derecho. Las decisiones del Estado \u2013 del gobierno \u2013 est\u00e1n vinculadas a la ley. Las actuaciones del Estado pueden ser controladas por los tribunales. As\u00ed, p.ej., el Tribunal Constitucional Federal puede verificar si las nuevas leyes emanadas est\u00e1n conformes con la constituci\u00f3n. Con ello se protegen los derechos fundamentales de los ciudadanos y se regula la actuaci\u00f3n del Estado.<\/p>\n<h2>Estado social<\/h2>\n<p>Alemania es un Estado social. Esto quiere decir: Principalmente, cada ciudadanos debe ganarse la vida el mismo con un trabajo. Pero el Estado ayuda a quienes que no llegan a ganarse el sustento o solamente en parte. Existe una serie de prestaciones sociales del Estado. Entre los m\u00e1s importantes cuentan el seguro social obligatorio y la compensaci\u00f3n por paro, tambi\u00e9n el subsidio familiar por hijos.<\/p>\n<h2>Participaci\u00f3n pol\u00edtica y partidos<\/h2>\n<p>En Alemania, cada ciudadano tiene la posibilidad de participar en la vida pol\u00edtica y a influenciar en la misma \u2013 localmente, en el Estado federado, a nivel de la federaci\u00f3n y a nivel europeo\u2013. Una opci\u00f3n importante es la cooperaci\u00f3n en los partidos, pero tambi\u00e9n en grupos de intereses, iniciativas civiles y sindicatos.[\/vc_column_text][\/vc_column][vc_column width=&#8221;1\/2&#8243;][vc_column_text]<\/p>\n<h2>Partidos<\/h2>\n<p>Los partidos colocan los candidatos para las elecciones de los parlamentos locales, a nivel regional, federal y europeo. Se trata particularmente de:<\/p>\n<ul>\n<li>Concejo municipal<\/li>\n<li>Parlamento regional<\/li>\n<li>Parlamento federal<\/li>\n<li>Parlamento europeo<\/li>\n<\/ul>\n<p>[\/vc_column_text][vc_column_text]Los partidos pol\u00edticos en Alemania tienen posiciones y programas pol\u00edticos diferentes. En las p\u00e1ginas web de los partidos puede informarse sobre sus puntos de vista sobre los diferentes temas.<\/p>\n<h2>Elecciones<\/h2>\n<p>Las elecciones en Alemania son generales, directas, libres, iguales y secretos. Esto quiere decir:<\/p>\n<ul>\n<li>General: Todas las mujeres y todos los hombres de nacionalidad alemana pueden elegir y ser elegidos, si tienen una edad m\u00ednima de 18 a\u00f1os.<\/li>\n<li>Directo: El pueblo elige los diputados directamente o a trav\u00e9s de una lista y no indirectamente a trav\u00e9s de compromisarios.<\/li>\n<li>Libre: Nadie debe ejercer presi\u00f3n alguna sobre los electores en cuanto a la elecci\u00f3n de un determinado candidato. No existe obligaci\u00f3n de votar.<\/li>\n<li>Igual: Cada voto tiene el mismo valor.<\/li>\n<li>Secreto: Se guarda silencia sobre el voto individual, se publica solamente el resultado total.<\/li>\n<\/ul>\n<p>[\/vc_column_text][\/vc_column][\/vc_row][vc_row full_width=&#8221;stretch_row&#8221; css=&#8221;.vc_custom_1488491432534{padding-top: 30px !important;padding-bottom: 30px !important;background-color: #f9f9f9 !important;}&#8221;][vc_column][vc_column_text]<\/p>\n<h2>La elecci\u00f3n para el parlamento federal y la mayor\u00eda de los parlamentos regionales funciona as\u00ed:<\/h2>\n<p>Cada elector tiene dos votos, el primer y el segundo voto. Con el primer voto se elige un candidato del distrito electoral (votaci\u00f3n mayoritaria). El segundo voto se da para la lista de un partido (votaci\u00f3n proporcional). El segundo voto es m\u00e1s importante ya que decide sobre el reparto de esca\u00f1os en los parlamentos. Las elecciones de los representantes municipales se desarrollan en la mayor\u00eda de los Estado federados seg\u00fan el mismo modelo.<\/p>\n<p>Si posee la nacionalidad alemana puede participar en todas las elecciones. Si vive como ciudadano de otro Estado europeo en Alemania, puede participar en las elecciones de concejo municipal as\u00ed como en las elecciones para el parlamento europeo.<\/p>\n<h2>Grupos de inter\u00e9s, iniciativas civiles y sindicatos<\/h2>\n<p>Tambi\u00e9n fuera de los partidos se puede comprometer de forma pol\u00edtica: en iniciativas civiles se organizan personas que toman parte activa en favor de una determinada demanda local , p.ej. la construcci\u00f3n de una carretera de circunvalaci\u00f3n o la protecci\u00f3n de un parque en la vecindad. Cuando ha logrado su meta, se disuelve la iniciativa. Los grupos de inter\u00e9s act\u00faan a m\u00e1s largo plazo. Abogan por un determinado tema general, por ejemplo la protecci\u00f3n del medio ambiente (ver tambi\u00e9n la informaci\u00f3n sobre asociaciones). Los sindicatos constituyen el grupo de inter\u00e9s pol\u00edtico de los trabajadores. Act\u00faan en toda la rep\u00fablica, pero tambi\u00e9n a nivel local.<\/p>\n<p>Aqu\u00ed puede obtener m\u00e1s informaci\u00f3n en su lugar de residencia:<\/p>\n<ul>\n<li>Asesoramiento de migraci\u00f3n para inmigrantes adultos y servicio de migraci\u00f3n de j\u00f3venes<\/li>\n<li>Oficinas de las asociaciones locales de los partidos o de los sindicatos<\/li>\n<li>Oficinas de iniciativas civiles locales<\/li>\n<\/ul>\n<p>[\/vc_column_text][\/vc_column][\/vc_row][vc_row][vc_column][vc_column_text]<br \/>\n[\/vc_column_text][\/vc_column][\/vc_row][vc_row full_width=&#8221;stretch_row&#8221; equal_height=&#8221;yes&#8221; content_placement=&#8221;middle&#8221; el_class=&#8221;action-box m-b-none theme-bg-color&#8221; css=&#8221;.vc_custom_1487762904994{padding-top: 25px !important;padding-bottom: 30px !important;}&#8221;][vc_column width=&#8221;2\/3&#8243;][vc_column_text]<\/p>\n<h3 class=\"text-white\">\u00bfQui\u00e9res estudiar alem\u00e1n en M\u00fanich?<\/h3>\n<p class=\"text-white\">Contacta con nosotros y aprende alem\u00e1n en M\u00fanich. Cursos para todos los niveles.<\/p>\n<p>[\/vc_column_text][\/vc_column][vc_column width=&#8221;1\/3&#8243; el_class=&#8221;text-right&#8221;]\t<div class=\"vc_btn3-container vc_btn3-inline\">\r\n\t\t<a href=\"\/es\/contacto-ubicacion\/\" class=\"pgs_btn pgs_btn_style_3 pgs_btn_xl\">\r\n\t\t\t<span>\r\n\t\t\t\t\u00a1Escr\u00edbenos ya!\t\t\t<\/span>\r\n\t\t\t\t\t\t<i class=\"fa fa-chevron-right\"><\/i>\r\n\t\t\t\t\t<\/a>\r\n\t<\/div>\r\n\t[\/vc_column][\/vc_row]<\/p>\n","protected":false},"excerpt":{"rendered":"<p>[vc_row css=&#8221;.vc_custom_1488490010662{padding-top: 30px !important;padding-bottom: 30px !important;}&#8221;][vc_column][vc_column_text] Pol\u00edtica en Alemania R\u00e9gimen pol\u00edtico y jur\u00eddico en Alemania Todas las personas que viven en Alemania deben someterse a los principios centrales del r\u00e9gimen pol\u00edtico y jur\u00eddico. Un principio de especial importancia es la igualdad de derechos de hombres y mujeres. La Ley fundamental constituye la base jur\u00eddica m\u00e1s&hellip; <a class=\"read-more\" href=\"https:\/\/www.sprachschule-aktiv-muenchen.de\/es\/la-politica-en-alemania\/\" title=\"Read Pol\u00edtica en Alemania\">Read more &raquo;<\/a><\/p>\n","protected":false},"author":2,"featured_media":0,"parent":0,"menu_order":0,"comment_status":"closed","ping_status":"closed","template":"","meta":{"footnotes":""},"class_list":["post-19720","page","type-page","status-publish","hentry"],"yoast_head":"<!-- This site is optimized with the Yoast SEO plugin v27.1.1 - https:\/\/yoast.com\/product\/yoast-seo-wordpress\/ -->\n<title>La Pol\u00edtica en Alemania - Informaciones generales<\/title>\n<meta name=\"description\" content=\"La Pol\u00edtica en Alemania: R\u00e9gimen pol\u00edtico en Alemania, Garant\u00edas constitucionales, democracia, el parlamento, etc.\" \/>\n<meta name=\"robots\" content=\"index, follow, max-snippet:-1, max-image-preview:large, max-video-preview:-1\" \/>\n<link rel=\"canonical\" href=\"https:\/\/www.sprachschule-aktiv-muenchen.de\/es\/la-politica-en-alemania\/\" \/>\n<meta property=\"og:locale\" content=\"es_ES\" \/>\n<meta property=\"og:type\" content=\"article\" \/>\n<meta property=\"og:title\" content=\"La Pol\u00edtica en Alemania - Informaciones generales\" \/>\n<meta property=\"og:description\" content=\"La Pol\u00edtica en Alemania: R\u00e9gimen pol\u00edtico en Alemania, Garant\u00edas constitucionales, democracia, el parlamento, etc.\" \/>\n<meta property=\"og:url\" content=\"https:\/\/www.sprachschule-aktiv-muenchen.de\/es\/la-politica-en-alemania\/\" \/>\n<meta property=\"og:site_name\" content=\"Sprachschule Aktiv\" \/>\n<meta property=\"article:modified_time\" content=\"2021-02-14T06:04:42+00:00\" \/>\n<meta name=\"twitter:card\" content=\"summary_large_image\" \/>\n<meta name=\"twitter:label1\" content=\"Tiempo de lectura\" \/>\n\t<meta name=\"twitter:data1\" content=\"6 minutos\" \/>\n<script type=\"application\/ld+json\" class=\"yoast-schema-graph\">{\"@context\":\"https:\/\/schema.org\",\"@graph\":[{\"@type\":\"WebPage\",\"@id\":\"https:\/\/www.sprachschule-aktiv-muenchen.de\/es\/la-politica-en-alemania\/\",\"url\":\"https:\/\/www.sprachschule-aktiv-muenchen.de\/es\/la-politica-en-alemania\/\",\"name\":\"La Pol\u00edtica en Alemania - Informaciones generales\",\"isPartOf\":{\"@id\":\"https:\/\/www.sprachschule-aktiv-muenchen.de\/#website\"},\"datePublished\":\"2017-03-02T21:25:53+00:00\",\"dateModified\":\"2021-02-14T06:04:42+00:00\",\"description\":\"La Pol\u00edtica en Alemania: R\u00e9gimen pol\u00edtico en Alemania, Garant\u00edas constitucionales, democracia, el parlamento, etc.\",\"breadcrumb\":{\"@id\":\"https:\/\/www.sprachschule-aktiv-muenchen.de\/es\/la-politica-en-alemania\/#breadcrumb\"},\"inLanguage\":\"es\",\"potentialAction\":[{\"@type\":\"ReadAction\",\"target\":[\"https:\/\/www.sprachschule-aktiv-muenchen.de\/es\/la-politica-en-alemania\/\"]}]},{\"@type\":\"BreadcrumbList\",\"@id\":\"https:\/\/www.sprachschule-aktiv-muenchen.de\/es\/la-politica-en-alemania\/#breadcrumb\",\"itemListElement\":[{\"@type\":\"ListItem\",\"position\":1,\"name\":\"Portada\",\"item\":\"https:\/\/www.sprachschule-aktiv-muenchen.de\/es\/\"},{\"@type\":\"ListItem\",\"position\":2,\"name\":\"Pol\u00edtica en Alemania\"}]},{\"@type\":\"WebSite\",\"@id\":\"https:\/\/www.sprachschule-aktiv-muenchen.de\/#website\",\"url\":\"https:\/\/www.sprachschule-aktiv-muenchen.de\/\",\"name\":\"Sprachschule Aktiv\",\"description\":\"\",\"potentialAction\":[{\"@type\":\"SearchAction\",\"target\":{\"@type\":\"EntryPoint\",\"urlTemplate\":\"https:\/\/www.sprachschule-aktiv-muenchen.de\/?s={search_term_string}\"},\"query-input\":{\"@type\":\"PropertyValueSpecification\",\"valueRequired\":true,\"valueName\":\"search_term_string\"}}],\"inLanguage\":\"es\"}]}<\/script>\n<!-- \/ Yoast SEO plugin. -->","yoast_head_json":{"title":"La Pol\u00edtica en Alemania - Informaciones generales","description":"La Pol\u00edtica en Alemania: R\u00e9gimen pol\u00edtico en Alemania, Garant\u00edas constitucionales, democracia, el parlamento, etc.","robots":{"index":"index","follow":"follow","max-snippet":"max-snippet:-1","max-image-preview":"max-image-preview:large","max-video-preview":"max-video-preview:-1"},"canonical":"https:\/\/www.sprachschule-aktiv-muenchen.de\/es\/la-politica-en-alemania\/","og_locale":"es_ES","og_type":"article","og_title":"La Pol\u00edtica en Alemania - Informaciones generales","og_description":"La Pol\u00edtica en Alemania: R\u00e9gimen pol\u00edtico en Alemania, Garant\u00edas constitucionales, democracia, el parlamento, etc.","og_url":"https:\/\/www.sprachschule-aktiv-muenchen.de\/es\/la-politica-en-alemania\/","og_site_name":"Sprachschule Aktiv","article_modified_time":"2021-02-14T06:04:42+00:00","twitter_card":"summary_large_image","twitter_misc":{"Tiempo de lectura":"6 minutos"},"schema":{"@context":"https:\/\/schema.org","@graph":[{"@type":"WebPage","@id":"https:\/\/www.sprachschule-aktiv-muenchen.de\/es\/la-politica-en-alemania\/","url":"https:\/\/www.sprachschule-aktiv-muenchen.de\/es\/la-politica-en-alemania\/","name":"La Pol\u00edtica en Alemania - Informaciones generales","isPartOf":{"@id":"https:\/\/www.sprachschule-aktiv-muenchen.de\/#website"},"datePublished":"2017-03-02T21:25:53+00:00","dateModified":"2021-02-14T06:04:42+00:00","description":"La Pol\u00edtica en Alemania: R\u00e9gimen pol\u00edtico en Alemania, Garant\u00edas constitucionales, democracia, el parlamento, etc.","breadcrumb":{"@id":"https:\/\/www.sprachschule-aktiv-muenchen.de\/es\/la-politica-en-alemania\/#breadcrumb"},"inLanguage":"es","potentialAction":[{"@type":"ReadAction","target":["https:\/\/www.sprachschule-aktiv-muenchen.de\/es\/la-politica-en-alemania\/"]}]},{"@type":"BreadcrumbList","@id":"https:\/\/www.sprachschule-aktiv-muenchen.de\/es\/la-politica-en-alemania\/#breadcrumb","itemListElement":[{"@type":"ListItem","position":1,"name":"Portada","item":"https:\/\/www.sprachschule-aktiv-muenchen.de\/es\/"},{"@type":"ListItem","position":2,"name":"Pol\u00edtica en Alemania"}]},{"@type":"WebSite","@id":"https:\/\/www.sprachschule-aktiv-muenchen.de\/#website","url":"https:\/\/www.sprachschule-aktiv-muenchen.de\/","name":"Sprachschule Aktiv","description":"","potentialAction":[{"@type":"SearchAction","target":{"@type":"EntryPoint","urlTemplate":"https:\/\/www.sprachschule-aktiv-muenchen.de\/?s={search_term_string}"},"query-input":{"@type":"PropertyValueSpecification","valueRequired":true,"valueName":"search_term_string"}}],"inLanguage":"es"}]}},"_links":{"self":[{"href":"https:\/\/www.sprachschule-aktiv-muenchen.de\/es\/wp-json\/wp\/v2\/pages\/19720","targetHints":{"allow":["GET"]}}],"collection":[{"href":"https:\/\/www.sprachschule-aktiv-muenchen.de\/es\/wp-json\/wp\/v2\/pages"}],"about":[{"href":"https:\/\/www.sprachschule-aktiv-muenchen.de\/es\/wp-json\/wp\/v2\/types\/page"}],"author":[{"embeddable":true,"href":"https:\/\/www.sprachschule-aktiv-muenchen.de\/es\/wp-json\/wp\/v2\/users\/2"}],"replies":[{"embeddable":true,"href":"https:\/\/www.sprachschule-aktiv-muenchen.de\/es\/wp-json\/wp\/v2\/comments?post=19720"}],"version-history":[{"count":1,"href":"https:\/\/www.sprachschule-aktiv-muenchen.de\/es\/wp-json\/wp\/v2\/pages\/19720\/revisions"}],"predecessor-version":[{"id":63097,"href":"https:\/\/www.sprachschule-aktiv-muenchen.de\/es\/wp-json\/wp\/v2\/pages\/19720\/revisions\/63097"}],"wp:attachment":[{"href":"https:\/\/www.sprachschule-aktiv-muenchen.de\/es\/wp-json\/wp\/v2\/media?parent=19720"}],"curies":[{"name":"wp","href":"https:\/\/api.w.org\/{rel}","templated":true}]}}