{"id":19695,"date":"2017-03-02T22:16:39","date_gmt":"2017-03-02T21:16:39","guid":{"rendered":"https:\/\/www.sprachschule-aktiv-muenchen.de\/?page_id=19695\/"},"modified":"2023-02-11T07:49:16","modified_gmt":"2023-02-11T06:49:16","slug":"guia-para-vivir-y-trabajar-en-alemania","status":"publish","type":"page","link":"https:\/\/www.sprachschule-aktiv-muenchen.de\/es\/guia-para-vivir-y-trabajar-en-alemania\/","title":{"rendered":"Gu\u00eda vivir en Alemania"},"content":{"rendered":"<p>[vc_row css=&#8221;.vc_custom_1488489426281{padding-top: 30px !important;padding-bottom: 30px !important;}&#8221;][vc_column][vc_column_text]<\/p>\n<h1>Nuestra gu\u00eda pr\u00e1ctica para trabajar y vivir en Alemania<\/h1>\n<p>Nuestra gu\u00eda pr\u00e1ctica para trabajar y vivir en Alemania.<br \/>\n[\/vc_column_text][\/vc_column][\/vc_row][vc_row full_width=&#8221;stretch_row&#8221; css=&#8221;.vc_custom_1488489496379{padding-top: 30px !important;padding-bottom: 30px !important;background-color: #f9f9f9 !important;}&#8221;][vc_column][vc_column_text]<\/p>\n<h2>Trabajo, Gestiones legales, Asesoramiento, Reubicaci\u00f3n en Alemania<\/h2>\n<p>Guia &#8220;Vivir en Alemania&#8221; con importantes informaciones &#8211; Gratis para ti.<\/p>\n<p><a href=\"https:\/\/drive.google.com\/file\/d\/0B-ctPEGKrInyUjNwLU9KU3RabFk\/view?usp=sharing\" target=\"_blank\" rel=\"noopener\">DESCARGA GRATIS TU GU\u00cdA AQU\u00cd &#8211; DOWNLOAD<\/a><\/p>\n<p>Algunos de los puntos que encontrar\u00e1s en nuestra gu\u00eda. Estas son las preguntas m\u00e1s frecuentes con las que nos frecuentan nuestros clientes:<\/p>\n<ul>\n<li>\u00bfQui\u00e9n me puede facilitar informaci\u00f3n general sobre Alemania?<\/li>\n<li>\u00bfD\u00f3nde encuentro un alojamiento en Alemania?<\/li>\n<li>\u00bfD\u00f3nde puedo aprender alem\u00e1n?<\/li>\n<li>Estoy en paro \u00bfQu\u00e9 tengo que hacer?<\/li>\n<li>No hablo alem\u00e1n \u00bfQui\u00e9n me acompa\u00f1a a la oficina de empleo?<\/li>\n<li>\u00bfC\u00f3mo hago para sacar una cuenta de banco en Alemania?<\/li>\n<li>\u00bfC\u00f3mo hago para sacar un m\u00f3vil o un t\u00e9lefono fijo?<\/li>\n<li>\u00bfC\u00f3mo pido acceso a internet?<\/li>\n<li>\u00bfCu\u00e1ntos espa\u00f1oles viven en Alemania y d\u00f3nde se encuentran. Sitios de encuentro?<\/li>\n<li>\u00bfC\u00f3mo me empadrono en Alemania?<\/li>\n<li>\u00bfNecesito solicitar un permiso de residencia para Alemania a pesar de ser ciudadano europeo?<\/li>\n<li>\u00bfQu\u00e9 seguro m\u00e9dico?<\/li>\n<li>Tengo hijos \u00bfC\u00f3mo funciona el sistema escolar y la inscripci\u00f3n?<\/li>\n<\/ul>\n<p>[\/vc_column_text][\/vc_column][\/vc_row][vc_row full_width=&#8221;stretch_row&#8221; css=&#8221;.vc_custom_1488489777686{padding-top: 30px !important;padding-bottom: 30px !important;}&#8221;][vc_column][vc_column_text]<\/p>\n<h2>y otras temas importantes como:<\/h2>\n<p>Alquiler, registro civil, sistema escolar, seguros primordiales, mascotas, impuestos en Alemania, nuestras recomendaciones, entrevistas de trabajo, etc&#8230; Tratamos estas y muchas m\u00e1s preguntas con la informaci\u00f3n que necesitas, con direcciones y tel\u00e9fonos de organizaciones, instituciones y consultor\u00edas de habla hispana que te ayudar\u00e1n en tus primero d\u00edas en Alemania. Informaci\u00f3n primordial y pr\u00e1ctica que te ahorrar\u00e1 much\u00edsimo tiempo. \u00a1Estamos para ayudarle en todo momento las 24 horas al d\u00eda!<\/p>\n<p>La Gu\u00eda pr\u00e1ctica para vivir en Alemania la puedes pedir por Mail:<br \/>\n<a href=\"mailto:kontakt@sprachschule-aktiv.de\">kontakt@sprachschule-aktiv.de<\/a><br \/>\nTel.: 00.49.89.20062435[\/vc_column_text][\/vc_column][\/vc_row][vc_row][vc_column][vc_video link=&#8221;https:\/\/youtu.be\/JOvJI8b4z_E&#8221;][\/vc_column][\/vc_row]<\/p>\n","protected":false},"excerpt":{"rendered":"<p>[vc_row css=&#8221;.vc_custom_1488489426281{padding-top: 30px !important;padding-bottom: 30px !important;}&#8221;][vc_column][vc_column_text] Nuestra gu\u00eda pr\u00e1ctica para trabajar y vivir en Alemania Nuestra gu\u00eda pr\u00e1ctica para trabajar y vivir en Alemania. [\/vc_column_text][\/vc_column][\/vc_row][vc_row full_width=&#8221;stretch_row&#8221; css=&#8221;.vc_custom_1488489496379{padding-top: 30px !important;padding-bottom: 30px !important;background-color: #f9f9f9 !important;}&#8221;][vc_column][vc_column_text] Trabajo, Gestiones legales, Asesoramiento, Reubicaci\u00f3n en Alemania Guia &#8220;Vivir en Alemania&#8221; con importantes informaciones &#8211; Gratis para ti. DESCARGA GRATIS TU GU\u00cdA&hellip; <a class=\"read-more\" href=\"https:\/\/www.sprachschule-aktiv-muenchen.de\/es\/guia-para-vivir-y-trabajar-en-alemania\/\" title=\"Read Gu\u00eda vivir en Alemania\">Read more &raquo;<\/a><\/p>\n","protected":false},"author":2,"featured_media":0,"parent":0,"menu_order":0,"comment_status":"closed","ping_status":"closed","template":"","meta":{"footnotes":""},"class_list":["post-19695","page","type-page","status-publish","hentry"],"yoast_head":"<!-- This site is optimized with the Yoast SEO plugin v27.1.1 - https:\/\/yoast.com\/product\/yoast-seo-wordpress\/ -->\n<title>Gu\u00eda PDF para vivir y trabajar en Alemania<\/title>\n<meta name=\"description\" content=\"Gu\u00eda PDF para vivir y trabajar en Alemania. Esta gu\u00eda es absolutamente gratis para ti. Informaci\u00f3n \u00fatil para tu estancia en Alemania.\" \/>\n<meta name=\"robots\" content=\"index, follow, max-snippet:-1, max-image-preview:large, max-video-preview:-1\" \/>\n<link rel=\"canonical\" href=\"https:\/\/www.sprachschule-aktiv-muenchen.de\/es\/guia-para-vivir-y-trabajar-en-alemania\/\" \/>\n<meta property=\"og:locale\" content=\"es_ES\" \/>\n<meta property=\"og:type\" content=\"article\" \/>\n<meta property=\"og:title\" content=\"Gu\u00eda PDF para vivir y trabajar en Alemania\" \/>\n<meta property=\"og:description\" content=\"Gu\u00eda PDF para vivir y trabajar en Alemania. Esta gu\u00eda es absolutamente gratis para ti. Informaci\u00f3n \u00fatil para tu estancia en Alemania.\" \/>\n<meta property=\"og:url\" content=\"https:\/\/www.sprachschule-aktiv-muenchen.de\/es\/guia-para-vivir-y-trabajar-en-alemania\/\" \/>\n<meta property=\"og:site_name\" content=\"Sprachschule Aktiv\" \/>\n<meta property=\"article:modified_time\" content=\"2023-02-11T06:49:16+00:00\" \/>\n<meta name=\"twitter:card\" content=\"summary_large_image\" \/>\n<meta name=\"twitter:label1\" content=\"Tiempo de lectura\" \/>\n\t<meta name=\"twitter:data1\" content=\"2 minutos\" \/>\n<script type=\"application\/ld+json\" class=\"yoast-schema-graph\">{\"@context\":\"https:\/\/schema.org\",\"@graph\":[{\"@type\":\"WebPage\",\"@id\":\"https:\/\/www.sprachschule-aktiv-muenchen.de\/es\/guia-para-vivir-y-trabajar-en-alemania\/\",\"url\":\"https:\/\/www.sprachschule-aktiv-muenchen.de\/es\/guia-para-vivir-y-trabajar-en-alemania\/\",\"name\":\"Gu\u00eda PDF para vivir y trabajar en Alemania\",\"isPartOf\":{\"@id\":\"https:\/\/www.sprachschule-aktiv-muenchen.de\/#website\"},\"datePublished\":\"2017-03-02T21:16:39+00:00\",\"dateModified\":\"2023-02-11T06:49:16+00:00\",\"description\":\"Gu\u00eda PDF para vivir y trabajar en Alemania. Esta gu\u00eda es absolutamente gratis para ti. Informaci\u00f3n \u00fatil para tu estancia en Alemania.\",\"breadcrumb\":{\"@id\":\"https:\/\/www.sprachschule-aktiv-muenchen.de\/es\/guia-para-vivir-y-trabajar-en-alemania\/#breadcrumb\"},\"inLanguage\":\"es\",\"potentialAction\":[{\"@type\":\"ReadAction\",\"target\":[\"https:\/\/www.sprachschule-aktiv-muenchen.de\/es\/guia-para-vivir-y-trabajar-en-alemania\/\"]}]},{\"@type\":\"BreadcrumbList\",\"@id\":\"https:\/\/www.sprachschule-aktiv-muenchen.de\/es\/guia-para-vivir-y-trabajar-en-alemania\/#breadcrumb\",\"itemListElement\":[{\"@type\":\"ListItem\",\"position\":1,\"name\":\"Portada\",\"item\":\"https:\/\/www.sprachschule-aktiv-muenchen.de\/es\/\"},{\"@type\":\"ListItem\",\"position\":2,\"name\":\"Gu\u00eda vivir en Alemania\"}]},{\"@type\":\"WebSite\",\"@id\":\"https:\/\/www.sprachschule-aktiv-muenchen.de\/#website\",\"url\":\"https:\/\/www.sprachschule-aktiv-muenchen.de\/\",\"name\":\"Sprachschule Aktiv\",\"description\":\"\",\"potentialAction\":[{\"@type\":\"SearchAction\",\"target\":{\"@type\":\"EntryPoint\",\"urlTemplate\":\"https:\/\/www.sprachschule-aktiv-muenchen.de\/?s={search_term_string}\"},\"query-input\":{\"@type\":\"PropertyValueSpecification\",\"valueRequired\":true,\"valueName\":\"search_term_string\"}}],\"inLanguage\":\"es\"}]}<\/script>\n<!-- \/ Yoast SEO plugin. -->","yoast_head_json":{"title":"Gu\u00eda PDF para vivir y trabajar en Alemania","description":"Gu\u00eda PDF para vivir y trabajar en Alemania. Esta gu\u00eda es absolutamente gratis para ti. Informaci\u00f3n \u00fatil para tu estancia en Alemania.","robots":{"index":"index","follow":"follow","max-snippet":"max-snippet:-1","max-image-preview":"max-image-preview:large","max-video-preview":"max-video-preview:-1"},"canonical":"https:\/\/www.sprachschule-aktiv-muenchen.de\/es\/guia-para-vivir-y-trabajar-en-alemania\/","og_locale":"es_ES","og_type":"article","og_title":"Gu\u00eda PDF para vivir y trabajar en Alemania","og_description":"Gu\u00eda PDF para vivir y trabajar en Alemania. Esta gu\u00eda es absolutamente gratis para ti. Informaci\u00f3n \u00fatil para tu estancia en Alemania.","og_url":"https:\/\/www.sprachschule-aktiv-muenchen.de\/es\/guia-para-vivir-y-trabajar-en-alemania\/","og_site_name":"Sprachschule Aktiv","article_modified_time":"2023-02-11T06:49:16+00:00","twitter_card":"summary_large_image","twitter_misc":{"Tiempo de lectura":"2 minutos"},"schema":{"@context":"https:\/\/schema.org","@graph":[{"@type":"WebPage","@id":"https:\/\/www.sprachschule-aktiv-muenchen.de\/es\/guia-para-vivir-y-trabajar-en-alemania\/","url":"https:\/\/www.sprachschule-aktiv-muenchen.de\/es\/guia-para-vivir-y-trabajar-en-alemania\/","name":"Gu\u00eda PDF para vivir y trabajar en Alemania","isPartOf":{"@id":"https:\/\/www.sprachschule-aktiv-muenchen.de\/#website"},"datePublished":"2017-03-02T21:16:39+00:00","dateModified":"2023-02-11T06:49:16+00:00","description":"Gu\u00eda PDF para vivir y trabajar en Alemania. Esta gu\u00eda es absolutamente gratis para ti. Informaci\u00f3n \u00fatil para tu estancia en Alemania.","breadcrumb":{"@id":"https:\/\/www.sprachschule-aktiv-muenchen.de\/es\/guia-para-vivir-y-trabajar-en-alemania\/#breadcrumb"},"inLanguage":"es","potentialAction":[{"@type":"ReadAction","target":["https:\/\/www.sprachschule-aktiv-muenchen.de\/es\/guia-para-vivir-y-trabajar-en-alemania\/"]}]},{"@type":"BreadcrumbList","@id":"https:\/\/www.sprachschule-aktiv-muenchen.de\/es\/guia-para-vivir-y-trabajar-en-alemania\/#breadcrumb","itemListElement":[{"@type":"ListItem","position":1,"name":"Portada","item":"https:\/\/www.sprachschule-aktiv-muenchen.de\/es\/"},{"@type":"ListItem","position":2,"name":"Gu\u00eda vivir en Alemania"}]},{"@type":"WebSite","@id":"https:\/\/www.sprachschule-aktiv-muenchen.de\/#website","url":"https:\/\/www.sprachschule-aktiv-muenchen.de\/","name":"Sprachschule Aktiv","description":"","potentialAction":[{"@type":"SearchAction","target":{"@type":"EntryPoint","urlTemplate":"https:\/\/www.sprachschule-aktiv-muenchen.de\/?s={search_term_string}"},"query-input":{"@type":"PropertyValueSpecification","valueRequired":true,"valueName":"search_term_string"}}],"inLanguage":"es"}]}},"_links":{"self":[{"href":"https:\/\/www.sprachschule-aktiv-muenchen.de\/es\/wp-json\/wp\/v2\/pages\/19695","targetHints":{"allow":["GET"]}}],"collection":[{"href":"https:\/\/www.sprachschule-aktiv-muenchen.de\/es\/wp-json\/wp\/v2\/pages"}],"about":[{"href":"https:\/\/www.sprachschule-aktiv-muenchen.de\/es\/wp-json\/wp\/v2\/types\/page"}],"author":[{"embeddable":true,"href":"https:\/\/www.sprachschule-aktiv-muenchen.de\/es\/wp-json\/wp\/v2\/users\/2"}],"replies":[{"embeddable":true,"href":"https:\/\/www.sprachschule-aktiv-muenchen.de\/es\/wp-json\/wp\/v2\/comments?post=19695"}],"version-history":[{"count":2,"href":"https:\/\/www.sprachschule-aktiv-muenchen.de\/es\/wp-json\/wp\/v2\/pages\/19695\/revisions"}],"predecessor-version":[{"id":73348,"href":"https:\/\/www.sprachschule-aktiv-muenchen.de\/es\/wp-json\/wp\/v2\/pages\/19695\/revisions\/73348"}],"wp:attachment":[{"href":"https:\/\/www.sprachschule-aktiv-muenchen.de\/es\/wp-json\/wp\/v2\/media?parent=19695"}],"curies":[{"name":"wp","href":"https:\/\/api.w.org\/{rel}","templated":true}]}}