{"id":19660,"date":"2017-03-02T21:57:45","date_gmt":"2017-03-02T20:57:45","guid":{"rendered":"https:\/\/www.sprachschule-aktiv-muenchen.de\/?page_id=19660\/"},"modified":"2021-08-05T08:42:05","modified_gmt":"2021-08-05T06:42:05","slug":"estudiar-en-alemania-en-universidades","status":"publish","type":"page","link":"https:\/\/www.sprachschule-aktiv-muenchen.de\/es\/estudiar-en-alemania-en-universidades\/","title":{"rendered":"Estudiar en Alemania"},"content":{"rendered":"<p>[vc_row css=&#8221;.vc_custom_1488488304446{padding-top: 30px !important;padding-bottom: 30px !important;}&#8221;][vc_column][vc_column_text]<\/p>\n<h1>Estudiar en Alemania &#8211; requisitos de ingreso para universidades<\/h1>\n<p><strong>Estudiar en Alemania<\/strong>: Informaciones generales y requisitos de ingreso para universidades en Alemania. Una buena formaci\u00f3n constituye el requisito m\u00e1s importante para la entrada en la vida profesional. Para encontrar un trabajo en Alemania es esencial haber concluido una formaci\u00f3n profesional\/carrera o estudios universitarios. Por tanto, \u00a1es importante brindar ayuda a su hijo en el momento de buscar un puesto de formaci\u00f3n profesional y cursar una formaci\u00f3n para mejorar as\u00ed sus perspectivas profesionales!<\/p>\n<p>Una formaci\u00f3n profesional suele durar dos a tres a\u00f1os y se desarrolla en la mayor\u00eda de los casos en el as\u00ed llamado \u201csistema dual\u201c. Esto significa: consiste en la formaci\u00f3n pr\u00e1ctica en la empresa y en fases de aprendizaje en la escuela. Alrededor del 60 por ciento de los j\u00f3venes en Alemania cursan una formaci\u00f3n profesional en el sistema dual. Algunas formaciones, p.ej. en el sector de la asistencia\/cuidado sanitario se ofrecen solamente en escuelas. Por regla general, la condici\u00f3n previa para el acceso a la formaci\u00f3n profesional es el certificado de escolaridad.[\/vc_column_text][\/vc_column][\/vc_row][vc_row full_width=&#8221;stretch_row&#8221; css=&#8221;.vc_custom_1488488359546{padding-top: 30px !important;padding-bottom: 30px !important;background-color: #f9f9f9 !important;}&#8221;][vc_column][vc_row_inner][vc_column_inner width=&#8221;1\/2&#8243;][vc_column_text]<\/p>\n<h2>Nota<\/h2>\n<p>Sin el certificado de escolaridad es muy dif\u00edcil encontrar un puesto de formaci\u00f3n \u2013 un certificado final de una escuela superior a\u00fan es mejor. Por tanto es muy importante que su hijo obtenga un certificado final de formaci\u00f3n escolar.<\/p>\n<h2>Elecci\u00f3n de una profesi\u00f3n<\/h2>\n<p>En Alemania existen unas 350 profesiones de formaci\u00f3n. Los centros de informaci\u00f3n (BIZ) de la Agencia de Trabajo brindan asistencia a los j\u00f3venes en la elecci\u00f3n de una profesi\u00f3n. Ofrecen mucha informaci\u00f3n sobre las diferentes profesiones y oficios, las actividades respectivas y las calificaciones necesarias. Usted o su hijo pueden consultar directamente al personal de la agencia de trabajo que apoya en la b\u00fasqueda de un puesto de formaci\u00f3n.<\/p>\n<p>Las agencias de trabajo existen en todo el pa\u00eds. Inf\u00f3rmese cu\u00e1les son las agencias competentes para usted. La Agencia Federal de Trabajo ofrece adem\u00e1s informaciones en internet sobre todas las profesiones de formaci\u00f3n en Alemania. Existen a\u00fan otras posibilidades para informarse sobre las profesiones. En muchas ciudades se organizan ferias de formaci\u00f3n donde se presentan las profesiones de formaci\u00f3n.[\/vc_column_text][\/vc_column_inner][vc_column_inner width=&#8221;1\/2&#8243;][vc_single_image image=&#8221;19664&#8243; img_size=&#8221;full&#8221; style=&#8221;vc_box_outline&#8221;][\/vc_column_inner][\/vc_row_inner][vc_column_text]A menudo, las escuelas organizan tambi\u00e9n jornadas de orientaci\u00f3n profesional o mini-pr\u00e1cticas con la oportunidad de \u201eolfatear\u201c unos d\u00edas el ambiente en una empresa para ver si las profesiones all\u00ed ofrecidas corresponden a las ideas que uno se ha formado.[\/vc_column_text][\/vc_column][\/vc_row][vc_row full_width=&#8221;stretch_row&#8221; css=&#8221;.vc_custom_1488488603723{padding-top: 30px !important;padding-bottom: 30px !important;}&#8221;][vc_column][vc_column_text]<\/p>\n<h2>Sugerencia:<\/h2>\n<p>En muchas profesiones es importante disponer de conocimientos en idiomas extranjeros. Inf\u00f3rmese junto con su hijo sobre campos profesionales en los que su idioma de origen puede ser ventajoso.<\/p>\n<h2>Tipos de escuelas superiores<\/h2>\n<p>En Alemania existen diferentes tipos de escuelas superiores que conducen a diversos t\u00edtulos y carreras profesionales:<\/p>\n<ul>\n<li>Universidades<\/li>\n<li>Escuelas (poli)t\u00e9cnicas superiores \/ universidades t\u00e9cnicas<\/li>\n<li>Universidades de ciencias aplicadas<\/li>\n<li>Escuelas t\u00e9cnicas superiores de administraci\u00f3n<\/li>\n<li>Escuelas superiores de pedagog\u00eda \/ escuela normal<\/li>\n<li>Academ\u00edas de m\u00fasica y bellas artes<\/li>\n<\/ul>\n<p>[\/vc_column_text][\/vc_column][\/vc_row]<\/p>\n","protected":false},"excerpt":{"rendered":"<p>[vc_row css=&#8221;.vc_custom_1488488304446{padding-top: 30px !important;padding-bottom: 30px !important;}&#8221;][vc_column][vc_column_text] Estudiar en Alemania &#8211; requisitos de ingreso para universidades Estudiar en Alemania: Informaciones generales y requisitos de ingreso para universidades en Alemania. Una buena formaci\u00f3n constituye el requisito m\u00e1s importante para la entrada en la vida profesional. Para encontrar un trabajo en Alemania es esencial haber concluido una formaci\u00f3n&hellip; <a class=\"read-more\" href=\"https:\/\/www.sprachschule-aktiv-muenchen.de\/es\/estudiar-en-alemania-en-universidades\/\" title=\"Read Estudiar en Alemania\">Read more &raquo;<\/a><\/p>\n","protected":false},"author":2,"featured_media":0,"parent":0,"menu_order":0,"comment_status":"closed","ping_status":"closed","template":"","meta":{"footnotes":""},"class_list":["post-19660","page","type-page","status-publish","hentry"],"yoast_head":"<!-- This site is optimized with the Yoast SEO plugin v27.1.1 - https:\/\/yoast.com\/product\/yoast-seo-wordpress\/ -->\n<title>Estudiar en Universidades de Alemania<\/title>\n<meta name=\"description\" content=\"Estudiar en Universidades de Alemania: Informaciones generales y requisitos de ingreso para universidades e institutos en M\u00fanich...\" \/>\n<meta name=\"robots\" content=\"index, follow, max-snippet:-1, max-image-preview:large, max-video-preview:-1\" \/>\n<link rel=\"canonical\" href=\"https:\/\/www.sprachschule-aktiv-muenchen.de\/es\/estudiar-en-alemania-en-universidades\/\" \/>\n<meta property=\"og:locale\" content=\"es_ES\" \/>\n<meta property=\"og:type\" content=\"article\" \/>\n<meta property=\"og:title\" content=\"Estudiar en Universidades de Alemania\" \/>\n<meta property=\"og:description\" content=\"Estudiar en Universidades de Alemania: Informaciones generales y requisitos de ingreso para universidades e institutos en M\u00fanich...\" \/>\n<meta property=\"og:url\" content=\"https:\/\/www.sprachschule-aktiv-muenchen.de\/es\/estudiar-en-alemania-en-universidades\/\" \/>\n<meta property=\"og:site_name\" content=\"Sprachschule Aktiv\" \/>\n<meta property=\"article:modified_time\" content=\"2021-08-05T06:42:05+00:00\" \/>\n<meta name=\"twitter:card\" content=\"summary_large_image\" \/>\n<meta name=\"twitter:label1\" content=\"Tiempo de lectura\" \/>\n\t<meta name=\"twitter:data1\" content=\"3 minutos\" \/>\n<script type=\"application\/ld+json\" class=\"yoast-schema-graph\">{\"@context\":\"https:\/\/schema.org\",\"@graph\":[{\"@type\":\"WebPage\",\"@id\":\"https:\/\/www.sprachschule-aktiv-muenchen.de\/es\/estudiar-en-alemania-en-universidades\/\",\"url\":\"https:\/\/www.sprachschule-aktiv-muenchen.de\/es\/estudiar-en-alemania-en-universidades\/\",\"name\":\"Estudiar en Universidades de Alemania\",\"isPartOf\":{\"@id\":\"https:\/\/www.sprachschule-aktiv-muenchen.de\/#website\"},\"datePublished\":\"2017-03-02T20:57:45+00:00\",\"dateModified\":\"2021-08-05T06:42:05+00:00\",\"description\":\"Estudiar en Universidades de Alemania: Informaciones generales y requisitos de ingreso para universidades e institutos en M\u00fanich...\",\"breadcrumb\":{\"@id\":\"https:\/\/www.sprachschule-aktiv-muenchen.de\/es\/estudiar-en-alemania-en-universidades\/#breadcrumb\"},\"inLanguage\":\"es\",\"potentialAction\":[{\"@type\":\"ReadAction\",\"target\":[\"https:\/\/www.sprachschule-aktiv-muenchen.de\/es\/estudiar-en-alemania-en-universidades\/\"]}]},{\"@type\":\"BreadcrumbList\",\"@id\":\"https:\/\/www.sprachschule-aktiv-muenchen.de\/es\/estudiar-en-alemania-en-universidades\/#breadcrumb\",\"itemListElement\":[{\"@type\":\"ListItem\",\"position\":1,\"name\":\"Portada\",\"item\":\"https:\/\/www.sprachschule-aktiv-muenchen.de\/es\/\"},{\"@type\":\"ListItem\",\"position\":2,\"name\":\"Estudiar en Alemania\"}]},{\"@type\":\"WebSite\",\"@id\":\"https:\/\/www.sprachschule-aktiv-muenchen.de\/#website\",\"url\":\"https:\/\/www.sprachschule-aktiv-muenchen.de\/\",\"name\":\"Sprachschule Aktiv\",\"description\":\"\",\"potentialAction\":[{\"@type\":\"SearchAction\",\"target\":{\"@type\":\"EntryPoint\",\"urlTemplate\":\"https:\/\/www.sprachschule-aktiv-muenchen.de\/?s={search_term_string}\"},\"query-input\":{\"@type\":\"PropertyValueSpecification\",\"valueRequired\":true,\"valueName\":\"search_term_string\"}}],\"inLanguage\":\"es\"}]}<\/script>\n<!-- \/ Yoast SEO plugin. -->","yoast_head_json":{"title":"Estudiar en Universidades de Alemania","description":"Estudiar en Universidades de Alemania: Informaciones generales y requisitos de ingreso para universidades e institutos en M\u00fanich...","robots":{"index":"index","follow":"follow","max-snippet":"max-snippet:-1","max-image-preview":"max-image-preview:large","max-video-preview":"max-video-preview:-1"},"canonical":"https:\/\/www.sprachschule-aktiv-muenchen.de\/es\/estudiar-en-alemania-en-universidades\/","og_locale":"es_ES","og_type":"article","og_title":"Estudiar en Universidades de Alemania","og_description":"Estudiar en Universidades de Alemania: Informaciones generales y requisitos de ingreso para universidades e institutos en M\u00fanich...","og_url":"https:\/\/www.sprachschule-aktiv-muenchen.de\/es\/estudiar-en-alemania-en-universidades\/","og_site_name":"Sprachschule Aktiv","article_modified_time":"2021-08-05T06:42:05+00:00","twitter_card":"summary_large_image","twitter_misc":{"Tiempo de lectura":"3 minutos"},"schema":{"@context":"https:\/\/schema.org","@graph":[{"@type":"WebPage","@id":"https:\/\/www.sprachschule-aktiv-muenchen.de\/es\/estudiar-en-alemania-en-universidades\/","url":"https:\/\/www.sprachschule-aktiv-muenchen.de\/es\/estudiar-en-alemania-en-universidades\/","name":"Estudiar en Universidades de Alemania","isPartOf":{"@id":"https:\/\/www.sprachschule-aktiv-muenchen.de\/#website"},"datePublished":"2017-03-02T20:57:45+00:00","dateModified":"2021-08-05T06:42:05+00:00","description":"Estudiar en Universidades de Alemania: Informaciones generales y requisitos de ingreso para universidades e institutos en M\u00fanich...","breadcrumb":{"@id":"https:\/\/www.sprachschule-aktiv-muenchen.de\/es\/estudiar-en-alemania-en-universidades\/#breadcrumb"},"inLanguage":"es","potentialAction":[{"@type":"ReadAction","target":["https:\/\/www.sprachschule-aktiv-muenchen.de\/es\/estudiar-en-alemania-en-universidades\/"]}]},{"@type":"BreadcrumbList","@id":"https:\/\/www.sprachschule-aktiv-muenchen.de\/es\/estudiar-en-alemania-en-universidades\/#breadcrumb","itemListElement":[{"@type":"ListItem","position":1,"name":"Portada","item":"https:\/\/www.sprachschule-aktiv-muenchen.de\/es\/"},{"@type":"ListItem","position":2,"name":"Estudiar en Alemania"}]},{"@type":"WebSite","@id":"https:\/\/www.sprachschule-aktiv-muenchen.de\/#website","url":"https:\/\/www.sprachschule-aktiv-muenchen.de\/","name":"Sprachschule Aktiv","description":"","potentialAction":[{"@type":"SearchAction","target":{"@type":"EntryPoint","urlTemplate":"https:\/\/www.sprachschule-aktiv-muenchen.de\/?s={search_term_string}"},"query-input":{"@type":"PropertyValueSpecification","valueRequired":true,"valueName":"search_term_string"}}],"inLanguage":"es"}]}},"_links":{"self":[{"href":"https:\/\/www.sprachschule-aktiv-muenchen.de\/es\/wp-json\/wp\/v2\/pages\/19660","targetHints":{"allow":["GET"]}}],"collection":[{"href":"https:\/\/www.sprachschule-aktiv-muenchen.de\/es\/wp-json\/wp\/v2\/pages"}],"about":[{"href":"https:\/\/www.sprachschule-aktiv-muenchen.de\/es\/wp-json\/wp\/v2\/types\/page"}],"author":[{"embeddable":true,"href":"https:\/\/www.sprachschule-aktiv-muenchen.de\/es\/wp-json\/wp\/v2\/users\/2"}],"replies":[{"embeddable":true,"href":"https:\/\/www.sprachschule-aktiv-muenchen.de\/es\/wp-json\/wp\/v2\/comments?post=19660"}],"version-history":[{"count":1,"href":"https:\/\/www.sprachschule-aktiv-muenchen.de\/es\/wp-json\/wp\/v2\/pages\/19660\/revisions"}],"predecessor-version":[{"id":68955,"href":"https:\/\/www.sprachschule-aktiv-muenchen.de\/es\/wp-json\/wp\/v2\/pages\/19660\/revisions\/68955"}],"wp:attachment":[{"href":"https:\/\/www.sprachschule-aktiv-muenchen.de\/es\/wp-json\/wp\/v2\/media?parent=19660"}],"curies":[{"name":"wp","href":"https:\/\/api.w.org\/{rel}","templated":true}]}}