{"id":19602,"date":"2017-03-02T21:47:09","date_gmt":"2017-03-02T20:47:09","guid":{"rendered":"https:\/\/www.sprachschule-aktiv-muenchen.de\/?page_id=19602\/"},"modified":"2023-02-11T07:52:19","modified_gmt":"2023-02-11T06:52:19","slug":"estudiar-trabajar-y-vivir-en-alemania","status":"publish","type":"page","link":"https:\/\/www.sprachschule-aktiv-muenchen.de\/es\/estudiar-trabajar-y-vivir-en-alemania\/","title":{"rendered":"Vivir en Alemania"},"content":{"rendered":"<p>[vc_row css=&#8221;.vc_custom_1488486184451{padding-top: 30px !important;padding-bottom: 30px !important;}&#8221;][vc_column][vc_column_text]<\/p>\n<h1>Estudiar, trabajar y vivir en Alemania &#8211; aprender alem\u00e1n<\/h1>\n<h2>Informaciones generales para tu estadia en Alemania<\/h2>\n<p>[\/vc_column_text][vc_column_text]Informaciones importantes:<\/p>\n<ul>\n<li><a href=\"\/es\/estudiar-en-alemania-en-universidades\/\">Estudiar en Alemania: Formaci\u00f3n Profesional<\/a><\/li>\n<li><a href=\"\/es\/encontrar-alojamiento-alemania\/\">Vivienda en Alemania<\/a><\/li>\n<li><a href=\"\/es\/salud-y-familia-en-alemania\/\">Salud y Familia<\/a><\/li>\n<li><a href=\"https:\/\/www.sprachschule-aktiv-muenchen.de\/es\/estudiar-trabajar-y-vivir-en-alemania\/\">Bancos en Alemania<\/a><\/li>\n<li><a href=\"\/es\/seguro-medico-estudiantes-alemania\/\">Seguros en Alemania<\/a><\/li>\n<li><a href=\"\/es\/asociaciones-y-cultura-en-alemania\/\">Asociaciones y Cultura<\/a><\/li>\n<li><a href=\"\/es\/compras-en-alemania\/\">Compras en Alemania<\/a><\/li>\n<li><a href=\"\/es\/la-politica-en-alemania\/\">Pol\u00edtica en Alemania<\/a><\/li>\n<li><a href=\"\/es\/estudiar-trabajar-y-vivir-en-alemania\/\">Aqu\u00ed puedes descargar nuestra Gu\u00eda para vivir y trabajar en Alemania<\/a><\/li>\n<\/ul>\n<p>[\/vc_column_text][vc_column_text]De haber trabajo en Alemania hay mucho pero ten en cuenta que para encontrar un empleo en Alemania necesitas por lo menos un nivel intermedio de alem\u00e1n A2 o B1. Si deseas puedes hacer un curso con nosotros en nuestra escuela de alem\u00e1n en M\u00fanich y<\/p>\n<p>conseguir el nivel que necesitas para encontrar un trabajo en Alemania.<br \/>\nCon solo un mes puedes alcanzar el nivel que necesitas para encontrar un empleo en Alemania.<\/p>\n<p><a href=\"\/es\/cursos-de-aleman-en-munich\/\">INFORMACIONES DE NUESTROS CURSOS DE ALEM\u00c1N, PRECIOS Y FECHAS DE INICIO LAS ENCUENTAS AQU\u00cd<\/a>[\/vc_column_text][\/vc_column][\/vc_row][vc_row full_width=&#8221;stretch_row&#8221; css=&#8221;.vc_custom_1488487157230{padding-top: 30px !important;padding-bottom: 30px !important;background-color: #f9f9f9 !important;}&#8221;][vc_column][vc_column_text]<\/p>\n<h2>Informaciones importantes si deseas vivir y encontrar un empleo por un tiempo o un trabajo fijo en Alemania<\/h2>\n<p>Si piensas vivir y trabajar en Alemania te recomendamos que leas <a href=\"\/es\/guia-para-vivir-y-trabajar-en-alemania\/\">nuestra gu\u00eda pr\u00e1ctica<\/a> con las informaciones que necesitas para tu estad\u00eda en Alemania. <a href=\"\/es\/guia-para-vivir-y-trabajar-en-alemania\/\">Nuestra gu\u00eda es completamente gratis para ti<\/a>. Estaremos siempre a tus disposici\u00f3n para ayudarte y orientarte a encontrar el trabajo deseado en Alemania. Ten en cuenta que no somos una agencia de empleo pero igualmente queremos ayudarte con nuestra experiencia y apoyo.<\/p>\n<p>Si deseas trabajar en Alemania en las ciudades com M\u00fanich, Berlin, Hamburgo, etc. nosotros te podemos ayudar con consejos pr\u00e1cticos a conseguir el trabajo que deseas. Trabajamos con muchas firmas alemanas y seguro que podemos ayudarte a encontrar el trabajo que est\u00e1s buscando.Si buscas trabajo Alemania te da mil oportunidades. Si deseas hacer un curso de alem\u00e1n que es muy necesario para encontrar un trabajo o necesitas un alojamiento durante tu estancia en Alemania te ayudamos con mucho gusto.<\/p>\n<p>Normalmente es casi imposible encontrar un trabajo sin estar en Alemania y sin conocimientos b\u00e1sicos de alem\u00e1n o por lo menos, para algunos trabajos internacionales con altos conocimientos t\u00e9cnicos, con un alto nivel de ingl\u00e9s.<\/p>\n<p><img decoding=\"async\" class=\"alignnone size-full wp-image-53403\" src=\"https:\/\/www.sprachschule-aktiv-muenchen.de\/wp-content\/uploads\/2019\/12\/estudiar-trabajar-vivir-en-alemania-1.jpg\" alt=\"Estudiar, trabajar y vivir en Alemania\" width=\"552\" height=\"325\" srcset=\"https:\/\/www.sprachschule-aktiv-muenchen.de\/wp-content\/uploads\/2019\/12\/estudiar-trabajar-vivir-en-alemania-1.jpg 552w, https:\/\/www.sprachschule-aktiv-muenchen.de\/wp-content\/uploads\/2019\/12\/estudiar-trabajar-vivir-en-alemania-1-300x177.jpg 300w, https:\/\/www.sprachschule-aktiv-muenchen.de\/wp-content\/uploads\/2019\/12\/estudiar-trabajar-vivir-en-alemania-1-124x74.jpg 124w\" sizes=\"(max-width: 552px) 100vw, 552px\" \/>[\/vc_column_text][\/vc_column][\/vc_row][vc_row full_width=&#8221;stretch_row&#8221; css=&#8221;.vc_custom_1488487163865{padding-top: 30px !important;padding-bottom: 30px !important;}&#8221;][vc_column][vc_column_text]Se recomienda que los trabajadores en puestos sencillos como la hosteler\u00eda, gastronom\u00eda o construcci\u00f3n tengan un nivel A2 (b\u00e1sico) para poder empezar porque tienen que entender instrucciones b\u00e1sicas y tambi\u00e9n tienen que poder entender y responder en frases sencillas durante una entrevista. Al nivel A2 puedes llegar en unos 3 o 4 meses pero eso depende de cada persona. Si tienes previsto trabajar en algo mejor o en un trabajo acad\u00e9mico se recomienda tener un nivel B2 o C1 (alto intermedio \u2013 avanzado), lo que puedes alcanzar dentro de unos 6-12 meses seg\u00fan nuestra experiencia. Por eso se recomienda siempre ir a un curso de alem\u00e1n si no tienes el alem\u00e1n todav\u00eda. Si ya tienes un cierto nivel de alem\u00e1n y lo puedes comprobar con un certificado oficial o por lo menos con un certificado de un curso de alem\u00e1n en otra escuela, te podemos ayudar mucho m\u00e1s f\u00e1cil. Si has aprendido alem\u00e1n de otra manera, te podemos hacer una entrevista por tel\u00e9fono o Skype para ver como est\u00e1n tus conocimientos.[\/vc_column_text][\/vc_column][\/vc_row][vc_row full_width=&#8221;stretch_row&#8221; css=&#8221;.vc_custom_1488487333525{padding-top: 30px !important;padding-bottom: 30px !important;background-color: #f9f9f9 !important;}&#8221;][vc_column width=&#8221;1\/2&#8243;][vc_column_text]Puestos de trabajo en M\u00fanich. P\u00e1ginas webs importantes para tu b\u00fasqueda de trabajo en Alemania.<\/p>\n<ul>\n<li><a href=\"https:\/\/www.arbeitsagentur.de\/\" target=\"_blank\" rel=\"nofollow noopener noreferrer\">https:\/\/www.arbeitsagentur.de\/<\/a><\/li>\n<li><a href=\"https:\/\/gelegenheitsjobs.de\/\" target=\"_blank\" rel=\"nofollow noopener noreferrer\">https:\/\/gelegenheitsjobs.de<\/a><\/li>\n<li><a href=\"https:\/\/www.jobsinmunich.com\" target=\"_blank\" rel=\"nofollow noopener noreferrer\">www.jobsinmunich.com\u00a0<\/a><\/li>\n<li><a href=\"https:\/\/www.multilingualvacancies.com\" target=\"_blank\" rel=\"nofollow noopener noreferrer\">www.multilingualvacancies.com<\/a><\/li>\n<li><a href=\"https:\/\/www.monster.de\" target=\"_blank\" rel=\"nofollow noopener noreferrer\">www.monster.de<\/a><\/li>\n<li><a href=\"https:\/\/www.experteer.de\" target=\"_blank\" rel=\"nofollow noopener noreferrer\">www.experteer.de<\/a><\/li>\n<li><a href=\"https:\/\/www.careerjet.de\/\" target=\"_blank\" rel=\"nofollow noopener noreferrer\">https:\/\/www.careerjet.de\/<\/a><\/li>\n<\/ul>\n<p>[\/vc_column_text][vc_column_text]Nuestro equipo te ayudar\u00e1 en todo momento. \u00a1Conf\u00eda en nosotros! \u00a1Hablamos castellano y catal\u00e1n! \u00a1Escr\u00edbenos! <a href=\"mailto:kontakt@sprachschule-aktiv-muenchen.de\" target=\"_blank\" rel=\"noopener noreferrer\">info@sprachschule-aktiv.de<\/a>[\/vc_column_text][\/vc_column][vc_column width=&#8221;1\/2&#8243;][vc_single_image image=&#8221;19632&#8243; img_size=&#8221;full&#8221; style=&#8221;vc_box_outline&#8221;][\/vc_column][\/vc_row][vc_row][vc_column][vc_column_text]<br \/>\n[\/vc_column_text][\/vc_column][\/vc_row][vc_row full_width=&#8221;stretch_row&#8221; equal_height=&#8221;yes&#8221; content_placement=&#8221;middle&#8221; el_class=&#8221;action-box m-b-none theme-bg-color&#8221; css=&#8221;.vc_custom_1487762904994{padding-top: 25px !important;padding-bottom: 30px !important;}&#8221;][vc_column width=&#8221;2\/3&#8243;][vc_column_text]<\/p>\n<h3 class=\"text-white\">\u00bfQui\u00e9res estudiar alem\u00e1n en M\u00fanich?<\/h3>\n<p class=\"text-white\">Contacta con nosotros y aprende alem\u00e1n en M\u00fanich. Cursos para todos los niveles.<\/p>\n<p>[\/vc_column_text][\/vc_column][vc_column width=&#8221;1\/3&#8243; el_class=&#8221;text-right&#8221;]\t<div class=\"vc_btn3-container vc_btn3-inline\">\r\n\t\t<a href=\"\/es\/contacto-ubicacion\/\" class=\"pgs_btn pgs_btn_style_3 pgs_btn_xl\">\r\n\t\t\t<span>\r\n\t\t\t\tEstamos aqu\u00ed para ayudarte\t\t\t<\/span>\r\n\t\t\t\t\t\t<i class=\"fa fa-chevron-right\"><\/i>\r\n\t\t\t\t\t<\/a>\r\n\t<\/div>\r\n\t[\/vc_column][\/vc_row][vc_row][vc_column][vc_video link=&#8221;https:\/\/youtu.be\/JOvJI8b4z_E&#8221;][\/vc_column][\/vc_row]<\/p>\n","protected":false},"excerpt":{"rendered":"<p>[vc_row css=&#8221;.vc_custom_1488486184451{padding-top: 30px !important;padding-bottom: 30px !important;}&#8221;][vc_column][vc_column_text] Estudiar, trabajar y vivir en Alemania &#8211; aprender alem\u00e1n Informaciones generales para tu estadia en Alemania [\/vc_column_text][vc_column_text]Informaciones importantes: Estudiar en Alemania: Formaci\u00f3n Profesional Vivienda en Alemania Salud y Familia Bancos en Alemania Seguros en Alemania Asociaciones y Cultura Compras en Alemania Pol\u00edtica en Alemania Aqu\u00ed puedes descargar nuestra Gu\u00eda&hellip; <a class=\"read-more\" href=\"https:\/\/www.sprachschule-aktiv-muenchen.de\/es\/estudiar-trabajar-y-vivir-en-alemania\/\" title=\"Read Vivir en Alemania\">Read more &raquo;<\/a><\/p>\n","protected":false},"author":2,"featured_media":0,"parent":0,"menu_order":0,"comment_status":"closed","ping_status":"closed","template":"","meta":{"footnotes":""},"class_list":["post-19602","page","type-page","status-publish","hentry"],"yoast_head":"<!-- This site is optimized with the Yoast SEO plugin v27.1.1 - https:\/\/yoast.com\/product\/yoast-seo-wordpress\/ -->\n<title>Estudiar, trabajar y vivir en Alemania<\/title>\n<meta name=\"description\" content=\"\u00bfTe gustar\u00eda estudiar o trabajar y vivir en Alemania? Hemos recopilado informaciones generales e importantes para tu estad\u00eda en Alemania.\" \/>\n<meta name=\"robots\" content=\"index, follow, max-snippet:-1, max-image-preview:large, max-video-preview:-1\" \/>\n<link rel=\"canonical\" href=\"https:\/\/www.sprachschule-aktiv-muenchen.de\/es\/estudiar-trabajar-y-vivir-en-alemania\/\" \/>\n<meta property=\"og:locale\" content=\"es_ES\" \/>\n<meta property=\"og:type\" content=\"article\" \/>\n<meta property=\"og:title\" content=\"Estudiar, trabajar y vivir en Alemania\" \/>\n<meta property=\"og:description\" content=\"\u00bfTe gustar\u00eda estudiar o trabajar y vivir en Alemania? Hemos recopilado informaciones generales e importantes para tu estad\u00eda en Alemania.\" \/>\n<meta property=\"og:url\" content=\"https:\/\/www.sprachschule-aktiv-muenchen.de\/es\/estudiar-trabajar-y-vivir-en-alemania\/\" \/>\n<meta property=\"og:site_name\" content=\"Sprachschule Aktiv\" \/>\n<meta property=\"article:modified_time\" content=\"2023-02-11T06:52:19+00:00\" \/>\n<meta property=\"og:image\" content=\"https:\/\/www.sprachschule-aktiv-muenchen.de\/wp-content\/uploads\/2019\/12\/estudiar-trabajar-vivir-en-alemania-1.jpg\" \/>\n<meta name=\"twitter:card\" content=\"summary_large_image\" \/>\n<meta name=\"twitter:label1\" content=\"Tiempo de lectura\" \/>\n\t<meta name=\"twitter:data1\" content=\"4 minutos\" \/>\n<script type=\"application\/ld+json\" class=\"yoast-schema-graph\">{\"@context\":\"https:\/\/schema.org\",\"@graph\":[{\"@type\":\"WebPage\",\"@id\":\"https:\/\/www.sprachschule-aktiv-muenchen.de\/es\/estudiar-trabajar-y-vivir-en-alemania\/\",\"url\":\"https:\/\/www.sprachschule-aktiv-muenchen.de\/es\/estudiar-trabajar-y-vivir-en-alemania\/\",\"name\":\"Estudiar, trabajar y vivir en Alemania\",\"isPartOf\":{\"@id\":\"https:\/\/www.sprachschule-aktiv-muenchen.de\/#website\"},\"primaryImageOfPage\":{\"@id\":\"https:\/\/www.sprachschule-aktiv-muenchen.de\/es\/estudiar-trabajar-y-vivir-en-alemania\/#primaryimage\"},\"image\":{\"@id\":\"https:\/\/www.sprachschule-aktiv-muenchen.de\/es\/estudiar-trabajar-y-vivir-en-alemania\/#primaryimage\"},\"thumbnailUrl\":\"https:\/\/www.sprachschule-aktiv-muenchen.de\/wp-content\/uploads\/2019\/12\/estudiar-trabajar-vivir-en-alemania-1.jpg\",\"datePublished\":\"2017-03-02T20:47:09+00:00\",\"dateModified\":\"2023-02-11T06:52:19+00:00\",\"description\":\"\u00bfTe gustar\u00eda estudiar o trabajar y vivir en Alemania? Hemos recopilado informaciones generales e importantes para tu estad\u00eda en Alemania.\",\"breadcrumb\":{\"@id\":\"https:\/\/www.sprachschule-aktiv-muenchen.de\/es\/estudiar-trabajar-y-vivir-en-alemania\/#breadcrumb\"},\"inLanguage\":\"es\",\"potentialAction\":[{\"@type\":\"ReadAction\",\"target\":[\"https:\/\/www.sprachschule-aktiv-muenchen.de\/es\/estudiar-trabajar-y-vivir-en-alemania\/\"]}]},{\"@type\":\"ImageObject\",\"inLanguage\":\"es\",\"@id\":\"https:\/\/www.sprachschule-aktiv-muenchen.de\/es\/estudiar-trabajar-y-vivir-en-alemania\/#primaryimage\",\"url\":\"https:\/\/www.sprachschule-aktiv-muenchen.de\/wp-content\/uploads\/2019\/12\/estudiar-trabajar-vivir-en-alemania-1.jpg\",\"contentUrl\":\"https:\/\/www.sprachschule-aktiv-muenchen.de\/wp-content\/uploads\/2019\/12\/estudiar-trabajar-vivir-en-alemania-1.jpg\"},{\"@type\":\"BreadcrumbList\",\"@id\":\"https:\/\/www.sprachschule-aktiv-muenchen.de\/es\/estudiar-trabajar-y-vivir-en-alemania\/#breadcrumb\",\"itemListElement\":[{\"@type\":\"ListItem\",\"position\":1,\"name\":\"Portada\",\"item\":\"https:\/\/www.sprachschule-aktiv-muenchen.de\/es\/\"},{\"@type\":\"ListItem\",\"position\":2,\"name\":\"Vivir en Alemania\"}]},{\"@type\":\"WebSite\",\"@id\":\"https:\/\/www.sprachschule-aktiv-muenchen.de\/#website\",\"url\":\"https:\/\/www.sprachschule-aktiv-muenchen.de\/\",\"name\":\"Sprachschule Aktiv\",\"description\":\"\",\"potentialAction\":[{\"@type\":\"SearchAction\",\"target\":{\"@type\":\"EntryPoint\",\"urlTemplate\":\"https:\/\/www.sprachschule-aktiv-muenchen.de\/?s={search_term_string}\"},\"query-input\":{\"@type\":\"PropertyValueSpecification\",\"valueRequired\":true,\"valueName\":\"search_term_string\"}}],\"inLanguage\":\"es\"}]}<\/script>\n<!-- \/ Yoast SEO plugin. -->","yoast_head_json":{"title":"Estudiar, trabajar y vivir en Alemania","description":"\u00bfTe gustar\u00eda estudiar o trabajar y vivir en Alemania? Hemos recopilado informaciones generales e importantes para tu estad\u00eda en Alemania.","robots":{"index":"index","follow":"follow","max-snippet":"max-snippet:-1","max-image-preview":"max-image-preview:large","max-video-preview":"max-video-preview:-1"},"canonical":"https:\/\/www.sprachschule-aktiv-muenchen.de\/es\/estudiar-trabajar-y-vivir-en-alemania\/","og_locale":"es_ES","og_type":"article","og_title":"Estudiar, trabajar y vivir en Alemania","og_description":"\u00bfTe gustar\u00eda estudiar o trabajar y vivir en Alemania? Hemos recopilado informaciones generales e importantes para tu estad\u00eda en Alemania.","og_url":"https:\/\/www.sprachschule-aktiv-muenchen.de\/es\/estudiar-trabajar-y-vivir-en-alemania\/","og_site_name":"Sprachschule Aktiv","article_modified_time":"2023-02-11T06:52:19+00:00","og_image":[{"url":"https:\/\/www.sprachschule-aktiv-muenchen.de\/wp-content\/uploads\/2019\/12\/estudiar-trabajar-vivir-en-alemania-1.jpg","type":"","width":"","height":""}],"twitter_card":"summary_large_image","twitter_misc":{"Tiempo de lectura":"4 minutos"},"schema":{"@context":"https:\/\/schema.org","@graph":[{"@type":"WebPage","@id":"https:\/\/www.sprachschule-aktiv-muenchen.de\/es\/estudiar-trabajar-y-vivir-en-alemania\/","url":"https:\/\/www.sprachschule-aktiv-muenchen.de\/es\/estudiar-trabajar-y-vivir-en-alemania\/","name":"Estudiar, trabajar y vivir en Alemania","isPartOf":{"@id":"https:\/\/www.sprachschule-aktiv-muenchen.de\/#website"},"primaryImageOfPage":{"@id":"https:\/\/www.sprachschule-aktiv-muenchen.de\/es\/estudiar-trabajar-y-vivir-en-alemania\/#primaryimage"},"image":{"@id":"https:\/\/www.sprachschule-aktiv-muenchen.de\/es\/estudiar-trabajar-y-vivir-en-alemania\/#primaryimage"},"thumbnailUrl":"https:\/\/www.sprachschule-aktiv-muenchen.de\/wp-content\/uploads\/2019\/12\/estudiar-trabajar-vivir-en-alemania-1.jpg","datePublished":"2017-03-02T20:47:09+00:00","dateModified":"2023-02-11T06:52:19+00:00","description":"\u00bfTe gustar\u00eda estudiar o trabajar y vivir en Alemania? Hemos recopilado informaciones generales e importantes para tu estad\u00eda en Alemania.","breadcrumb":{"@id":"https:\/\/www.sprachschule-aktiv-muenchen.de\/es\/estudiar-trabajar-y-vivir-en-alemania\/#breadcrumb"},"inLanguage":"es","potentialAction":[{"@type":"ReadAction","target":["https:\/\/www.sprachschule-aktiv-muenchen.de\/es\/estudiar-trabajar-y-vivir-en-alemania\/"]}]},{"@type":"ImageObject","inLanguage":"es","@id":"https:\/\/www.sprachschule-aktiv-muenchen.de\/es\/estudiar-trabajar-y-vivir-en-alemania\/#primaryimage","url":"https:\/\/www.sprachschule-aktiv-muenchen.de\/wp-content\/uploads\/2019\/12\/estudiar-trabajar-vivir-en-alemania-1.jpg","contentUrl":"https:\/\/www.sprachschule-aktiv-muenchen.de\/wp-content\/uploads\/2019\/12\/estudiar-trabajar-vivir-en-alemania-1.jpg"},{"@type":"BreadcrumbList","@id":"https:\/\/www.sprachschule-aktiv-muenchen.de\/es\/estudiar-trabajar-y-vivir-en-alemania\/#breadcrumb","itemListElement":[{"@type":"ListItem","position":1,"name":"Portada","item":"https:\/\/www.sprachschule-aktiv-muenchen.de\/es\/"},{"@type":"ListItem","position":2,"name":"Vivir en Alemania"}]},{"@type":"WebSite","@id":"https:\/\/www.sprachschule-aktiv-muenchen.de\/#website","url":"https:\/\/www.sprachschule-aktiv-muenchen.de\/","name":"Sprachschule Aktiv","description":"","potentialAction":[{"@type":"SearchAction","target":{"@type":"EntryPoint","urlTemplate":"https:\/\/www.sprachschule-aktiv-muenchen.de\/?s={search_term_string}"},"query-input":{"@type":"PropertyValueSpecification","valueRequired":true,"valueName":"search_term_string"}}],"inLanguage":"es"}]}},"_links":{"self":[{"href":"https:\/\/www.sprachschule-aktiv-muenchen.de\/es\/wp-json\/wp\/v2\/pages\/19602","targetHints":{"allow":["GET"]}}],"collection":[{"href":"https:\/\/www.sprachschule-aktiv-muenchen.de\/es\/wp-json\/wp\/v2\/pages"}],"about":[{"href":"https:\/\/www.sprachschule-aktiv-muenchen.de\/es\/wp-json\/wp\/v2\/types\/page"}],"author":[{"embeddable":true,"href":"https:\/\/www.sprachschule-aktiv-muenchen.de\/es\/wp-json\/wp\/v2\/users\/2"}],"replies":[{"embeddable":true,"href":"https:\/\/www.sprachschule-aktiv-muenchen.de\/es\/wp-json\/wp\/v2\/comments?post=19602"}],"version-history":[{"count":5,"href":"https:\/\/www.sprachschule-aktiv-muenchen.de\/es\/wp-json\/wp\/v2\/pages\/19602\/revisions"}],"predecessor-version":[{"id":73349,"href":"https:\/\/www.sprachschule-aktiv-muenchen.de\/es\/wp-json\/wp\/v2\/pages\/19602\/revisions\/73349"}],"wp:attachment":[{"href":"https:\/\/www.sprachschule-aktiv-muenchen.de\/es\/wp-json\/wp\/v2\/media?parent=19602"}],"curies":[{"name":"wp","href":"https:\/\/api.w.org\/{rel}","templated":true}]}}