{"id":19572,"date":"2017-03-02T15:19:20","date_gmt":"2017-03-02T14:19:20","guid":{"rendered":"https:\/\/www.sprachschule-aktiv-muenchen.de\/?page_id=19572\/"},"modified":"2017-10-17T09:09:11","modified_gmt":"2017-10-17T07:09:11","slug":"servicio-de-recogida-aereopuerto-munich","status":"publish","type":"page","link":"https:\/\/www.sprachschule-aktiv-muenchen.de\/es\/servicio-de-recogida-aereopuerto-munich\/","title":{"rendered":"Servicio de recogida"},"content":{"rendered":"<p>[vc_row css=&#8221;.vc_custom_1488464429488{padding-top: 30px !important;padding-bottom: 30px !important;}&#8221;][vc_column width=&#8221;1\/2&#8243;][vc_column_text]<\/p>\n<h1>Servicio de recogida durante tu estadia en M\u00fanich &#8211; Alemania<\/h1>\n<p>Servicio de recogida del aereopuerto de M\u00fanich durante tu estadia en Alemania.<\/p>\n<p>Servicio de recogida desde el aereopuerto de M\u00fanich: 99 \u20ac. Te esperamos si hubiera retraso y te dejamos en tu alojamiento.<\/p>\n<p>Te recomendamos coger el tren por tu cuenta desde el mismo aeropuerto ya que te ahorras el gasto de recogida. Es muy sencillo y en el mismo aeropuerto en los puestos de informaci\u00f3n para el turista te explican como llegar y coger el tren que te dejar\u00e1 en el mismo centro de M\u00fanich. Igualmente te lo explicamos con mucho gusto por mail o por t\u00e9lefono. Escr\u00edbenos: <a href=\"mailto:info@sprachschule-aktiv.de\">info@sprachschule-aktiv.de<\/a><\/p>\n<p>V\u00eddeo de nuestros profesores y de nuestra escuela de alem\u00e1n en Alemania. Con\u00f3cenos![\/vc_column_text][\/vc_column][vc_column width=&#8221;1\/2&#8243;][vc_video link=&#8221;https:\/\/www.youtube.com\/watch?v=V2zkz0WXuJI&#8221; css=&#8221;.vc_custom_1488464841651{padding-top: 40px !important;}&#8221;][\/vc_column][\/vc_row]<\/p>\n","protected":false},"excerpt":{"rendered":"<p>[vc_row css=&#8221;.vc_custom_1488464429488{padding-top: 30px !important;padding-bottom: 30px !important;}&#8221;][vc_column width=&#8221;1\/2&#8243;][vc_column_text] Servicio de recogida durante tu estadia en M\u00fanich &#8211; Alemania Servicio de recogida del aereopuerto de M\u00fanich durante tu estadia en Alemania. Servicio de recogida desde el aereopuerto de M\u00fanich: 99 \u20ac. Te esperamos si hubiera retraso y te dejamos en tu alojamiento. Te recomendamos coger el tren&hellip; <a class=\"read-more\" href=\"https:\/\/www.sprachschule-aktiv-muenchen.de\/es\/servicio-de-recogida-aereopuerto-munich\/\" title=\"Read Servicio de recogida\">Read more &raquo;<\/a><\/p>\n","protected":false},"author":2,"featured_media":0,"parent":0,"menu_order":0,"comment_status":"closed","ping_status":"closed","template":"","meta":{"footnotes":""},"class_list":["post-19572","page","type-page","status-publish","hentry"],"yoast_head":"<!-- This site is optimized with the Yoast SEO plugin v27.1.1 - https:\/\/yoast.com\/product\/yoast-seo-wordpress\/ -->\n<title>Servicio de recogida para tu estadia en M\u00fanich<\/title>\n<meta name=\"description\" content=\"Servicio de recogida desde el aereopuerto de M\u00fanich en Alemania: 99\u20ac. Te esperamos si hubiera retraso y te dejamos en tu alojamiento.\" \/>\n<meta name=\"robots\" content=\"index, follow, max-snippet:-1, max-image-preview:large, max-video-preview:-1\" \/>\n<link rel=\"canonical\" href=\"https:\/\/www.sprachschule-aktiv-muenchen.de\/es\/servicio-de-recogida-aereopuerto-munich\/\" \/>\n<meta property=\"og:locale\" content=\"es_ES\" \/>\n<meta property=\"og:type\" content=\"article\" \/>\n<meta property=\"og:title\" content=\"Servicio de recogida para tu estadia en M\u00fanich\" \/>\n<meta property=\"og:description\" content=\"Servicio de recogida desde el aereopuerto de M\u00fanich en Alemania: 99\u20ac. Te esperamos si hubiera retraso y te dejamos en tu alojamiento.\" \/>\n<meta property=\"og:url\" content=\"https:\/\/www.sprachschule-aktiv-muenchen.de\/es\/servicio-de-recogida-aereopuerto-munich\/\" \/>\n<meta property=\"og:site_name\" content=\"Sprachschule Aktiv\" \/>\n<meta property=\"article:modified_time\" content=\"2017-10-17T07:09:11+00:00\" \/>\n<meta name=\"twitter:card\" content=\"summary_large_image\" \/>\n<meta name=\"twitter:label1\" content=\"Tiempo de lectura\" \/>\n\t<meta name=\"twitter:data1\" content=\"1 minuto\" \/>\n<script type=\"application\/ld+json\" class=\"yoast-schema-graph\">{\"@context\":\"https:\/\/schema.org\",\"@graph\":[{\"@type\":\"WebPage\",\"@id\":\"https:\/\/www.sprachschule-aktiv-muenchen.de\/es\/servicio-de-recogida-aereopuerto-munich\/\",\"url\":\"https:\/\/www.sprachschule-aktiv-muenchen.de\/es\/servicio-de-recogida-aereopuerto-munich\/\",\"name\":\"Servicio de recogida para tu estadia en M\u00fanich\",\"isPartOf\":{\"@id\":\"https:\/\/www.sprachschule-aktiv-muenchen.de\/#website\"},\"datePublished\":\"2017-03-02T14:19:20+00:00\",\"dateModified\":\"2017-10-17T07:09:11+00:00\",\"description\":\"Servicio de recogida desde el aereopuerto de M\u00fanich en Alemania: 99\u20ac. Te esperamos si hubiera retraso y te dejamos en tu alojamiento.\",\"breadcrumb\":{\"@id\":\"https:\/\/www.sprachschule-aktiv-muenchen.de\/es\/servicio-de-recogida-aereopuerto-munich\/#breadcrumb\"},\"inLanguage\":\"es\",\"potentialAction\":[{\"@type\":\"ReadAction\",\"target\":[\"https:\/\/www.sprachschule-aktiv-muenchen.de\/es\/servicio-de-recogida-aereopuerto-munich\/\"]}]},{\"@type\":\"BreadcrumbList\",\"@id\":\"https:\/\/www.sprachschule-aktiv-muenchen.de\/es\/servicio-de-recogida-aereopuerto-munich\/#breadcrumb\",\"itemListElement\":[{\"@type\":\"ListItem\",\"position\":1,\"name\":\"Portada\",\"item\":\"https:\/\/www.sprachschule-aktiv-muenchen.de\/es\/\"},{\"@type\":\"ListItem\",\"position\":2,\"name\":\"Servicio de recogida\"}]},{\"@type\":\"WebSite\",\"@id\":\"https:\/\/www.sprachschule-aktiv-muenchen.de\/#website\",\"url\":\"https:\/\/www.sprachschule-aktiv-muenchen.de\/\",\"name\":\"Sprachschule Aktiv\",\"description\":\"\",\"potentialAction\":[{\"@type\":\"SearchAction\",\"target\":{\"@type\":\"EntryPoint\",\"urlTemplate\":\"https:\/\/www.sprachschule-aktiv-muenchen.de\/?s={search_term_string}\"},\"query-input\":{\"@type\":\"PropertyValueSpecification\",\"valueRequired\":true,\"valueName\":\"search_term_string\"}}],\"inLanguage\":\"es\"}]}<\/script>\n<!-- \/ Yoast SEO plugin. -->","yoast_head_json":{"title":"Servicio de recogida para tu estadia en M\u00fanich","description":"Servicio de recogida desde el aereopuerto de M\u00fanich en Alemania: 99\u20ac. Te esperamos si hubiera retraso y te dejamos en tu alojamiento.","robots":{"index":"index","follow":"follow","max-snippet":"max-snippet:-1","max-image-preview":"max-image-preview:large","max-video-preview":"max-video-preview:-1"},"canonical":"https:\/\/www.sprachschule-aktiv-muenchen.de\/es\/servicio-de-recogida-aereopuerto-munich\/","og_locale":"es_ES","og_type":"article","og_title":"Servicio de recogida para tu estadia en M\u00fanich","og_description":"Servicio de recogida desde el aereopuerto de M\u00fanich en Alemania: 99\u20ac. Te esperamos si hubiera retraso y te dejamos en tu alojamiento.","og_url":"https:\/\/www.sprachschule-aktiv-muenchen.de\/es\/servicio-de-recogida-aereopuerto-munich\/","og_site_name":"Sprachschule Aktiv","article_modified_time":"2017-10-17T07:09:11+00:00","twitter_card":"summary_large_image","twitter_misc":{"Tiempo de lectura":"1 minuto"},"schema":{"@context":"https:\/\/schema.org","@graph":[{"@type":"WebPage","@id":"https:\/\/www.sprachschule-aktiv-muenchen.de\/es\/servicio-de-recogida-aereopuerto-munich\/","url":"https:\/\/www.sprachschule-aktiv-muenchen.de\/es\/servicio-de-recogida-aereopuerto-munich\/","name":"Servicio de recogida para tu estadia en M\u00fanich","isPartOf":{"@id":"https:\/\/www.sprachschule-aktiv-muenchen.de\/#website"},"datePublished":"2017-03-02T14:19:20+00:00","dateModified":"2017-10-17T07:09:11+00:00","description":"Servicio de recogida desde el aereopuerto de M\u00fanich en Alemania: 99\u20ac. Te esperamos si hubiera retraso y te dejamos en tu alojamiento.","breadcrumb":{"@id":"https:\/\/www.sprachschule-aktiv-muenchen.de\/es\/servicio-de-recogida-aereopuerto-munich\/#breadcrumb"},"inLanguage":"es","potentialAction":[{"@type":"ReadAction","target":["https:\/\/www.sprachschule-aktiv-muenchen.de\/es\/servicio-de-recogida-aereopuerto-munich\/"]}]},{"@type":"BreadcrumbList","@id":"https:\/\/www.sprachschule-aktiv-muenchen.de\/es\/servicio-de-recogida-aereopuerto-munich\/#breadcrumb","itemListElement":[{"@type":"ListItem","position":1,"name":"Portada","item":"https:\/\/www.sprachschule-aktiv-muenchen.de\/es\/"},{"@type":"ListItem","position":2,"name":"Servicio de recogida"}]},{"@type":"WebSite","@id":"https:\/\/www.sprachschule-aktiv-muenchen.de\/#website","url":"https:\/\/www.sprachschule-aktiv-muenchen.de\/","name":"Sprachschule Aktiv","description":"","potentialAction":[{"@type":"SearchAction","target":{"@type":"EntryPoint","urlTemplate":"https:\/\/www.sprachschule-aktiv-muenchen.de\/?s={search_term_string}"},"query-input":{"@type":"PropertyValueSpecification","valueRequired":true,"valueName":"search_term_string"}}],"inLanguage":"es"}]}},"_links":{"self":[{"href":"https:\/\/www.sprachschule-aktiv-muenchen.de\/es\/wp-json\/wp\/v2\/pages\/19572","targetHints":{"allow":["GET"]}}],"collection":[{"href":"https:\/\/www.sprachschule-aktiv-muenchen.de\/es\/wp-json\/wp\/v2\/pages"}],"about":[{"href":"https:\/\/www.sprachschule-aktiv-muenchen.de\/es\/wp-json\/wp\/v2\/types\/page"}],"author":[{"embeddable":true,"href":"https:\/\/www.sprachschule-aktiv-muenchen.de\/es\/wp-json\/wp\/v2\/users\/2"}],"replies":[{"embeddable":true,"href":"https:\/\/www.sprachschule-aktiv-muenchen.de\/es\/wp-json\/wp\/v2\/comments?post=19572"}],"version-history":[{"count":0,"href":"https:\/\/www.sprachschule-aktiv-muenchen.de\/es\/wp-json\/wp\/v2\/pages\/19572\/revisions"}],"wp:attachment":[{"href":"https:\/\/www.sprachschule-aktiv-muenchen.de\/es\/wp-json\/wp\/v2\/media?parent=19572"}],"curies":[{"name":"wp","href":"https:\/\/api.w.org\/{rel}","templated":true}]}}