{"id":19522,"date":"2017-03-02T14:45:44","date_gmt":"2017-03-02T13:45:44","guid":{"rendered":"https:\/\/www.sprachschule-aktiv-muenchen.de\/?page_id=19522\/"},"modified":"2017-10-17T09:05:18","modified_gmt":"2017-10-17T07:05:18","slug":"clases-de-prueba-aleman-gratis","status":"publish","type":"page","link":"https:\/\/www.sprachschule-aktiv-muenchen.de\/es\/clases-de-prueba-aleman-gratis\/","title":{"rendered":"Clase de prueba"},"content":{"rendered":"<p>[vc_row css=&#8221;.vc_custom_1488462440948{padding-top: 30px !important;padding-bottom: 30px !important;}&#8221;][vc_column width=&#8221;1\/2&#8243;][vc_column_text]<\/p>\n<h1>\u00a1Clases de prueba gratis!<\/h1>\n<h2>Compruebe su idioma gratuitamente o haga una clase de prueba sin compromisos y sin pagar un centavo!<\/h2>\n<p>*Las clases de prueba solo son posibles si usted reside en Munich. Para los cursos Intensivos y Grupales depende de la cantidad de alumnos inscritos.[\/vc_column_text]\t<div class=\"vc_btn3-container vc_btn3-inline\">\r\n\t\t<a href=\"\/es\/contacto-ubicacion\/\" class=\"pgs_btn pgs_btn_style_1 pgs_btn_xl\">\r\n\t\t\t<span>\r\n\t\t\t\t\u00bfQui\u00e9res hacer una prueba gratis de alem\u00e1n?. Cont\u00e1ctanos\t\t\t<\/span>\r\n\t\t\t\t\t<\/a>\r\n\t<\/div>\r\n\t[\/vc_column][vc_column width=&#8221;1\/2&#8243;][vc_single_image image=&#8221;19526&#8243; img_size=&#8221;full&#8221; style=&#8221;vc_box_outline&#8221;][\/vc_column][\/vc_row]<\/p>\n","protected":false},"excerpt":{"rendered":"<p>[vc_row css=&#8221;.vc_custom_1488462440948{padding-top: 30px !important;padding-bottom: 30px !important;}&#8221;][vc_column width=&#8221;1\/2&#8243;][vc_column_text] \u00a1Clases de prueba gratis! Compruebe su idioma gratuitamente o haga una clase de prueba sin compromisos y sin pagar un centavo! *Las clases de prueba solo son posibles si usted reside en Munich. Para los cursos Intensivos y Grupales depende de la cantidad de alumnos inscritos.[\/vc_column_text][\/vc_column][vc_column width=&#8221;1\/2&#8243;][vc_single_image image=&#8221;19526&#8243;&hellip; <a class=\"read-more\" href=\"https:\/\/www.sprachschule-aktiv-muenchen.de\/es\/clases-de-prueba-aleman-gratis\/\" title=\"Read Clase de prueba\">Read more &raquo;<\/a><\/p>\n","protected":false},"author":2,"featured_media":0,"parent":0,"menu_order":0,"comment_status":"closed","ping_status":"closed","template":"","meta":{"footnotes":""},"class_list":["post-19522","page","type-page","status-publish","hentry"],"yoast_head":"<!-- This site is optimized with the Yoast SEO plugin v27.1.1 - https:\/\/yoast.com\/product\/yoast-seo-wordpress\/ -->\n<title>Clase de prueba gratis - curso alem\u00e1n<\/title>\n<meta name=\"description\" content=\"Clase de prueba gratis para tu curso de alem\u00e1n en M\u00fanich. Compruebe su idioma gratuitamente o haga una clase de prueba sin compromisos...\" \/>\n<meta name=\"robots\" content=\"index, follow, max-snippet:-1, max-image-preview:large, max-video-preview:-1\" \/>\n<link rel=\"canonical\" href=\"https:\/\/www.sprachschule-aktiv-muenchen.de\/es\/clases-de-prueba-aleman-gratis\/\" \/>\n<meta property=\"og:locale\" content=\"es_ES\" \/>\n<meta property=\"og:type\" content=\"article\" \/>\n<meta property=\"og:title\" content=\"Clase de prueba gratis - curso alem\u00e1n\" \/>\n<meta property=\"og:description\" content=\"Clase de prueba gratis para tu curso de alem\u00e1n en M\u00fanich. Compruebe su idioma gratuitamente o haga una clase de prueba sin compromisos...\" \/>\n<meta property=\"og:url\" content=\"https:\/\/www.sprachschule-aktiv-muenchen.de\/es\/clases-de-prueba-aleman-gratis\/\" \/>\n<meta property=\"og:site_name\" content=\"Sprachschule Aktiv\" \/>\n<meta property=\"article:modified_time\" content=\"2017-10-17T07:05:18+00:00\" \/>\n<meta name=\"twitter:card\" content=\"summary_large_image\" \/>\n<meta name=\"twitter:label1\" content=\"Tiempo de lectura\" \/>\n\t<meta name=\"twitter:data1\" content=\"1 minuto\" \/>\n<script type=\"application\/ld+json\" class=\"yoast-schema-graph\">{\"@context\":\"https:\/\/schema.org\",\"@graph\":[{\"@type\":\"WebPage\",\"@id\":\"https:\/\/www.sprachschule-aktiv-muenchen.de\/es\/clases-de-prueba-aleman-gratis\/\",\"url\":\"https:\/\/www.sprachschule-aktiv-muenchen.de\/es\/clases-de-prueba-aleman-gratis\/\",\"name\":\"Clase de prueba gratis - curso alem\u00e1n\",\"isPartOf\":{\"@id\":\"https:\/\/www.sprachschule-aktiv-muenchen.de\/#website\"},\"datePublished\":\"2017-03-02T13:45:44+00:00\",\"dateModified\":\"2017-10-17T07:05:18+00:00\",\"description\":\"Clase de prueba gratis para tu curso de alem\u00e1n en M\u00fanich. Compruebe su idioma gratuitamente o haga una clase de prueba sin compromisos...\",\"breadcrumb\":{\"@id\":\"https:\/\/www.sprachschule-aktiv-muenchen.de\/es\/clases-de-prueba-aleman-gratis\/#breadcrumb\"},\"inLanguage\":\"es\",\"potentialAction\":[{\"@type\":\"ReadAction\",\"target\":[\"https:\/\/www.sprachschule-aktiv-muenchen.de\/es\/clases-de-prueba-aleman-gratis\/\"]}]},{\"@type\":\"BreadcrumbList\",\"@id\":\"https:\/\/www.sprachschule-aktiv-muenchen.de\/es\/clases-de-prueba-aleman-gratis\/#breadcrumb\",\"itemListElement\":[{\"@type\":\"ListItem\",\"position\":1,\"name\":\"Portada\",\"item\":\"https:\/\/www.sprachschule-aktiv-muenchen.de\/es\/\"},{\"@type\":\"ListItem\",\"position\":2,\"name\":\"Clase de prueba\"}]},{\"@type\":\"WebSite\",\"@id\":\"https:\/\/www.sprachschule-aktiv-muenchen.de\/#website\",\"url\":\"https:\/\/www.sprachschule-aktiv-muenchen.de\/\",\"name\":\"Sprachschule Aktiv\",\"description\":\"\",\"potentialAction\":[{\"@type\":\"SearchAction\",\"target\":{\"@type\":\"EntryPoint\",\"urlTemplate\":\"https:\/\/www.sprachschule-aktiv-muenchen.de\/?s={search_term_string}\"},\"query-input\":{\"@type\":\"PropertyValueSpecification\",\"valueRequired\":true,\"valueName\":\"search_term_string\"}}],\"inLanguage\":\"es\"}]}<\/script>\n<!-- \/ Yoast SEO plugin. -->","yoast_head_json":{"title":"Clase de prueba gratis - curso alem\u00e1n","description":"Clase de prueba gratis para tu curso de alem\u00e1n en M\u00fanich. Compruebe su idioma gratuitamente o haga una clase de prueba sin compromisos...","robots":{"index":"index","follow":"follow","max-snippet":"max-snippet:-1","max-image-preview":"max-image-preview:large","max-video-preview":"max-video-preview:-1"},"canonical":"https:\/\/www.sprachschule-aktiv-muenchen.de\/es\/clases-de-prueba-aleman-gratis\/","og_locale":"es_ES","og_type":"article","og_title":"Clase de prueba gratis - curso alem\u00e1n","og_description":"Clase de prueba gratis para tu curso de alem\u00e1n en M\u00fanich. Compruebe su idioma gratuitamente o haga una clase de prueba sin compromisos...","og_url":"https:\/\/www.sprachschule-aktiv-muenchen.de\/es\/clases-de-prueba-aleman-gratis\/","og_site_name":"Sprachschule Aktiv","article_modified_time":"2017-10-17T07:05:18+00:00","twitter_card":"summary_large_image","twitter_misc":{"Tiempo de lectura":"1 minuto"},"schema":{"@context":"https:\/\/schema.org","@graph":[{"@type":"WebPage","@id":"https:\/\/www.sprachschule-aktiv-muenchen.de\/es\/clases-de-prueba-aleman-gratis\/","url":"https:\/\/www.sprachschule-aktiv-muenchen.de\/es\/clases-de-prueba-aleman-gratis\/","name":"Clase de prueba gratis - curso alem\u00e1n","isPartOf":{"@id":"https:\/\/www.sprachschule-aktiv-muenchen.de\/#website"},"datePublished":"2017-03-02T13:45:44+00:00","dateModified":"2017-10-17T07:05:18+00:00","description":"Clase de prueba gratis para tu curso de alem\u00e1n en M\u00fanich. Compruebe su idioma gratuitamente o haga una clase de prueba sin compromisos...","breadcrumb":{"@id":"https:\/\/www.sprachschule-aktiv-muenchen.de\/es\/clases-de-prueba-aleman-gratis\/#breadcrumb"},"inLanguage":"es","potentialAction":[{"@type":"ReadAction","target":["https:\/\/www.sprachschule-aktiv-muenchen.de\/es\/clases-de-prueba-aleman-gratis\/"]}]},{"@type":"BreadcrumbList","@id":"https:\/\/www.sprachschule-aktiv-muenchen.de\/es\/clases-de-prueba-aleman-gratis\/#breadcrumb","itemListElement":[{"@type":"ListItem","position":1,"name":"Portada","item":"https:\/\/www.sprachschule-aktiv-muenchen.de\/es\/"},{"@type":"ListItem","position":2,"name":"Clase de prueba"}]},{"@type":"WebSite","@id":"https:\/\/www.sprachschule-aktiv-muenchen.de\/#website","url":"https:\/\/www.sprachschule-aktiv-muenchen.de\/","name":"Sprachschule Aktiv","description":"","potentialAction":[{"@type":"SearchAction","target":{"@type":"EntryPoint","urlTemplate":"https:\/\/www.sprachschule-aktiv-muenchen.de\/?s={search_term_string}"},"query-input":{"@type":"PropertyValueSpecification","valueRequired":true,"valueName":"search_term_string"}}],"inLanguage":"es"}]}},"_links":{"self":[{"href":"https:\/\/www.sprachschule-aktiv-muenchen.de\/es\/wp-json\/wp\/v2\/pages\/19522","targetHints":{"allow":["GET"]}}],"collection":[{"href":"https:\/\/www.sprachschule-aktiv-muenchen.de\/es\/wp-json\/wp\/v2\/pages"}],"about":[{"href":"https:\/\/www.sprachschule-aktiv-muenchen.de\/es\/wp-json\/wp\/v2\/types\/page"}],"author":[{"embeddable":true,"href":"https:\/\/www.sprachschule-aktiv-muenchen.de\/es\/wp-json\/wp\/v2\/users\/2"}],"replies":[{"embeddable":true,"href":"https:\/\/www.sprachschule-aktiv-muenchen.de\/es\/wp-json\/wp\/v2\/comments?post=19522"}],"version-history":[{"count":0,"href":"https:\/\/www.sprachschule-aktiv-muenchen.de\/es\/wp-json\/wp\/v2\/pages\/19522\/revisions"}],"wp:attachment":[{"href":"https:\/\/www.sprachschule-aktiv-muenchen.de\/es\/wp-json\/wp\/v2\/media?parent=19522"}],"curies":[{"name":"wp","href":"https:\/\/api.w.org\/{rel}","templated":true}]}}