{"id":19497,"date":"2017-03-02T14:42:27","date_gmt":"2017-03-02T13:42:27","guid":{"rendered":"https:\/\/www.sprachschule-aktiv-muenchen.de\/?page_id=19497\/"},"modified":"2017-10-17T09:03:13","modified_gmt":"2017-10-17T07:03:13","slug":"nuestro-metodo-para-aprender-aleman","status":"publish","type":"page","link":"https:\/\/www.sprachschule-aktiv-muenchen.de\/es\/nuestro-metodo-para-aprender-aleman\/","title":{"rendered":"Nuestro M\u00e9todo"},"content":{"rendered":"<p>[vc_row css=&#8221;.vc_custom_1488461392202{padding-top: 30px !important;padding-bottom: 30px !important;}&#8221;][vc_column][vc_column_text]<\/p>\n<h1>Nuestro M\u00e9todo de aprendizaje de idiomas para aprender el alem\u00e1n<\/h1>\n<p>Nuestro M\u00e9todo de aprendizaje de idiomas para aprender el alem\u00e1n<\/p>\n<h2>Cursos de alem\u00e1n en M\u00fanich, Alemania<\/h2>\n<p>Nuestros certificados est\u00e1n reconocidos en Europa. Trabajamos y seguimos los m\u00e9todos europeos de aprendizaje de lenguas extranjeras.<br \/>\nNuestros cursos de idiomas, entrenamientos, seminarios y asesor\u00edas son consecuentes y profesionales, continuamente supervisados y se orientan a las necesidades de nuestros clientes.[\/vc_column_text][\/vc_column][\/vc_row][vc_row full_width=&#8221;stretch_row&#8221; css=&#8221;.vc_custom_1488461479552{padding-top: 30px !important;padding-bottom: 30px !important;background-color: #f9f9f9 !important;}&#8221;][vc_column width=&#8221;1\/2&#8243;][vc_column_text]Nuestras clases se transmiten con trasfondo cultural, son modernas, con mucha vida y se da importancia a la comunicaci\u00f3n de necesidades reales. Usted, como cliente es el punto central, nos enfocamos en sus objetivos, intereses y ritmo de aprendizaje.<\/p>\n<p>Un idioma no es solo gram\u00e1tica se compone de normas, valores, historia y otros aspectos culturales. Para una comunicaci\u00f3n eficaz es imprescindible sumergirse en la cultura extranjera y no admitir como norma los estereotipos. El conocimiento de las diferencias culturales puede prevenir comunicaciones deficientes y\/o malentendidos.<\/p>\n<p>En nuestros entrenamientos no solo nos enfocamos en el aprendizaje de la gram\u00e1tica, las locuciones y la pronunciaci\u00f3n, vamos m\u00e1s all\u00e1 de eso, a trav\u00e9s de ejemplos y situaciones de la vida real impartimos el idioma y las competencias interculturales. Nuestros profesores e instructores son hablantes nativos con estudios, est\u00e1n capacitados para la formaci\u00f3n de adultos y poseen larga experiencia en la ense\u00f1anza de idiomas extranjeros.[\/vc_column_text][\/vc_column][vc_column width=&#8221;1\/2&#8243;][vc_single_image image=&#8221;19499&#8243; img_size=&#8221;full&#8221; style=&#8221;vc_box_outline&#8221;][\/vc_column][\/vc_row]<\/p>\n","protected":false},"excerpt":{"rendered":"<p>[vc_row css=&#8221;.vc_custom_1488461392202{padding-top: 30px !important;padding-bottom: 30px !important;}&#8221;][vc_column][vc_column_text] Nuestro M\u00e9todo de aprendizaje de idiomas para aprender el alem\u00e1n Nuestro M\u00e9todo de aprendizaje de idiomas para aprender el alem\u00e1n Cursos de alem\u00e1n en M\u00fanich, Alemania Nuestros certificados est\u00e1n reconocidos en Europa. Trabajamos y seguimos los m\u00e9todos europeos de aprendizaje de lenguas extranjeras. Nuestros cursos de idiomas, entrenamientos, seminarios&hellip; <a class=\"read-more\" href=\"https:\/\/www.sprachschule-aktiv-muenchen.de\/es\/nuestro-metodo-para-aprender-aleman\/\" title=\"Read Nuestro M\u00e9todo\">Read more &raquo;<\/a><\/p>\n","protected":false},"author":2,"featured_media":0,"parent":0,"menu_order":0,"comment_status":"closed","ping_status":"closed","template":"","meta":{"footnotes":""},"class_list":["post-19497","page","type-page","status-publish","hentry"],"yoast_head":"<!-- This site is optimized with the Yoast SEO plugin v27.1.1 - https:\/\/yoast.com\/product\/yoast-seo-wordpress\/ -->\n<title>Nuestro M\u00e9todo para aprender alem\u00e1n<\/title>\n<meta name=\"description\" content=\"Nuestro M\u00e9todo para aprender alem\u00e1n en Alemania. Trabajamos y seguimos los m\u00e9todos europeos de aprendizaje de lenguas extranjeras.\" \/>\n<meta name=\"robots\" content=\"index, follow, max-snippet:-1, max-image-preview:large, max-video-preview:-1\" \/>\n<link rel=\"canonical\" href=\"https:\/\/www.sprachschule-aktiv-muenchen.de\/es\/nuestro-metodo-para-aprender-aleman\/\" \/>\n<meta property=\"og:locale\" content=\"es_ES\" \/>\n<meta property=\"og:type\" content=\"article\" \/>\n<meta property=\"og:title\" content=\"Nuestro M\u00e9todo para aprender alem\u00e1n\" \/>\n<meta property=\"og:description\" content=\"Nuestro M\u00e9todo para aprender alem\u00e1n en Alemania. Trabajamos y seguimos los m\u00e9todos europeos de aprendizaje de lenguas extranjeras.\" \/>\n<meta property=\"og:url\" content=\"https:\/\/www.sprachschule-aktiv-muenchen.de\/es\/nuestro-metodo-para-aprender-aleman\/\" \/>\n<meta property=\"og:site_name\" content=\"Sprachschule Aktiv\" \/>\n<meta property=\"article:modified_time\" content=\"2017-10-17T07:03:13+00:00\" \/>\n<meta name=\"twitter:card\" content=\"summary_large_image\" \/>\n<meta name=\"twitter:label1\" content=\"Tiempo de lectura\" \/>\n\t<meta name=\"twitter:data1\" content=\"2 minutos\" \/>\n<script type=\"application\/ld+json\" class=\"yoast-schema-graph\">{\"@context\":\"https:\/\/schema.org\",\"@graph\":[{\"@type\":\"WebPage\",\"@id\":\"https:\/\/www.sprachschule-aktiv-muenchen.de\/es\/nuestro-metodo-para-aprender-aleman\/\",\"url\":\"https:\/\/www.sprachschule-aktiv-muenchen.de\/es\/nuestro-metodo-para-aprender-aleman\/\",\"name\":\"Nuestro M\u00e9todo para aprender alem\u00e1n\",\"isPartOf\":{\"@id\":\"https:\/\/www.sprachschule-aktiv-muenchen.de\/#website\"},\"datePublished\":\"2017-03-02T13:42:27+00:00\",\"dateModified\":\"2017-10-17T07:03:13+00:00\",\"description\":\"Nuestro M\u00e9todo para aprender alem\u00e1n en Alemania. Trabajamos y seguimos los m\u00e9todos europeos de aprendizaje de lenguas extranjeras.\",\"breadcrumb\":{\"@id\":\"https:\/\/www.sprachschule-aktiv-muenchen.de\/es\/nuestro-metodo-para-aprender-aleman\/#breadcrumb\"},\"inLanguage\":\"es\",\"potentialAction\":[{\"@type\":\"ReadAction\",\"target\":[\"https:\/\/www.sprachschule-aktiv-muenchen.de\/es\/nuestro-metodo-para-aprender-aleman\/\"]}]},{\"@type\":\"BreadcrumbList\",\"@id\":\"https:\/\/www.sprachschule-aktiv-muenchen.de\/es\/nuestro-metodo-para-aprender-aleman\/#breadcrumb\",\"itemListElement\":[{\"@type\":\"ListItem\",\"position\":1,\"name\":\"Portada\",\"item\":\"https:\/\/www.sprachschule-aktiv-muenchen.de\/es\/\"},{\"@type\":\"ListItem\",\"position\":2,\"name\":\"Nuestro M\u00e9todo\"}]},{\"@type\":\"WebSite\",\"@id\":\"https:\/\/www.sprachschule-aktiv-muenchen.de\/#website\",\"url\":\"https:\/\/www.sprachschule-aktiv-muenchen.de\/\",\"name\":\"Sprachschule Aktiv\",\"description\":\"\",\"potentialAction\":[{\"@type\":\"SearchAction\",\"target\":{\"@type\":\"EntryPoint\",\"urlTemplate\":\"https:\/\/www.sprachschule-aktiv-muenchen.de\/?s={search_term_string}\"},\"query-input\":{\"@type\":\"PropertyValueSpecification\",\"valueRequired\":true,\"valueName\":\"search_term_string\"}}],\"inLanguage\":\"es\"}]}<\/script>\n<!-- \/ Yoast SEO plugin. -->","yoast_head_json":{"title":"Nuestro M\u00e9todo para aprender alem\u00e1n","description":"Nuestro M\u00e9todo para aprender alem\u00e1n en Alemania. Trabajamos y seguimos los m\u00e9todos europeos de aprendizaje de lenguas extranjeras.","robots":{"index":"index","follow":"follow","max-snippet":"max-snippet:-1","max-image-preview":"max-image-preview:large","max-video-preview":"max-video-preview:-1"},"canonical":"https:\/\/www.sprachschule-aktiv-muenchen.de\/es\/nuestro-metodo-para-aprender-aleman\/","og_locale":"es_ES","og_type":"article","og_title":"Nuestro M\u00e9todo para aprender alem\u00e1n","og_description":"Nuestro M\u00e9todo para aprender alem\u00e1n en Alemania. Trabajamos y seguimos los m\u00e9todos europeos de aprendizaje de lenguas extranjeras.","og_url":"https:\/\/www.sprachschule-aktiv-muenchen.de\/es\/nuestro-metodo-para-aprender-aleman\/","og_site_name":"Sprachschule Aktiv","article_modified_time":"2017-10-17T07:03:13+00:00","twitter_card":"summary_large_image","twitter_misc":{"Tiempo de lectura":"2 minutos"},"schema":{"@context":"https:\/\/schema.org","@graph":[{"@type":"WebPage","@id":"https:\/\/www.sprachschule-aktiv-muenchen.de\/es\/nuestro-metodo-para-aprender-aleman\/","url":"https:\/\/www.sprachschule-aktiv-muenchen.de\/es\/nuestro-metodo-para-aprender-aleman\/","name":"Nuestro M\u00e9todo para aprender alem\u00e1n","isPartOf":{"@id":"https:\/\/www.sprachschule-aktiv-muenchen.de\/#website"},"datePublished":"2017-03-02T13:42:27+00:00","dateModified":"2017-10-17T07:03:13+00:00","description":"Nuestro M\u00e9todo para aprender alem\u00e1n en Alemania. Trabajamos y seguimos los m\u00e9todos europeos de aprendizaje de lenguas extranjeras.","breadcrumb":{"@id":"https:\/\/www.sprachschule-aktiv-muenchen.de\/es\/nuestro-metodo-para-aprender-aleman\/#breadcrumb"},"inLanguage":"es","potentialAction":[{"@type":"ReadAction","target":["https:\/\/www.sprachschule-aktiv-muenchen.de\/es\/nuestro-metodo-para-aprender-aleman\/"]}]},{"@type":"BreadcrumbList","@id":"https:\/\/www.sprachschule-aktiv-muenchen.de\/es\/nuestro-metodo-para-aprender-aleman\/#breadcrumb","itemListElement":[{"@type":"ListItem","position":1,"name":"Portada","item":"https:\/\/www.sprachschule-aktiv-muenchen.de\/es\/"},{"@type":"ListItem","position":2,"name":"Nuestro M\u00e9todo"}]},{"@type":"WebSite","@id":"https:\/\/www.sprachschule-aktiv-muenchen.de\/#website","url":"https:\/\/www.sprachschule-aktiv-muenchen.de\/","name":"Sprachschule Aktiv","description":"","potentialAction":[{"@type":"SearchAction","target":{"@type":"EntryPoint","urlTemplate":"https:\/\/www.sprachschule-aktiv-muenchen.de\/?s={search_term_string}"},"query-input":{"@type":"PropertyValueSpecification","valueRequired":true,"valueName":"search_term_string"}}],"inLanguage":"es"}]}},"_links":{"self":[{"href":"https:\/\/www.sprachschule-aktiv-muenchen.de\/es\/wp-json\/wp\/v2\/pages\/19497","targetHints":{"allow":["GET"]}}],"collection":[{"href":"https:\/\/www.sprachschule-aktiv-muenchen.de\/es\/wp-json\/wp\/v2\/pages"}],"about":[{"href":"https:\/\/www.sprachschule-aktiv-muenchen.de\/es\/wp-json\/wp\/v2\/types\/page"}],"author":[{"embeddable":true,"href":"https:\/\/www.sprachschule-aktiv-muenchen.de\/es\/wp-json\/wp\/v2\/users\/2"}],"replies":[{"embeddable":true,"href":"https:\/\/www.sprachschule-aktiv-muenchen.de\/es\/wp-json\/wp\/v2\/comments?post=19497"}],"version-history":[{"count":0,"href":"https:\/\/www.sprachschule-aktiv-muenchen.de\/es\/wp-json\/wp\/v2\/pages\/19497\/revisions"}],"wp:attachment":[{"href":"https:\/\/www.sprachschule-aktiv-muenchen.de\/es\/wp-json\/wp\/v2\/media?parent=19497"}],"curies":[{"name":"wp","href":"https:\/\/api.w.org\/{rel}","templated":true}]}}