{"id":19473,"date":"2017-03-02T14:26:24","date_gmt":"2017-03-02T13:26:24","guid":{"rendered":"https:\/\/www.sprachschule-aktiv-muenchen.de\/?page_id=19473\/"},"modified":"2017-10-17T09:01:47","modified_gmt":"2017-10-17T07:01:47","slug":"objetivos-cursos-de-aleman","status":"publish","type":"page","link":"https:\/\/www.sprachschule-aktiv-muenchen.de\/es\/objetivos-cursos-de-aleman\/","title":{"rendered":"Objetivos"},"content":{"rendered":"<p>[vc_row css=&#8221;.vc_custom_1488460682804{padding-top: 30px !important;padding-bottom: 30px !important;}&#8221;][vc_column][vc_column_text]<\/p>\n<h1>Objetivos de nuestros seminarios y entrenamientos<\/h1>\n<h2>Cursos de alem\u00e1n en M\u00fanich, Alemania<\/h2>\n<p>En nuestra sociedad actual ya no es suficiente aprender un idioma para entender a personas de otros pa\u00edses. Es necesario sumergirse en la cultura para mantener una comunicaci\u00f3n efectiva.<\/p>\n<p>Con nuestros seminarios y entrenamientos queremos ense\u00f1ar la gram\u00e1tica de idiomas extranjeros y a la vez las diferencias culturales, es decir, comprender la cultura y su pueblo. As\u00ed el participante toma conciencia de la cultura extranjera, aprecia mejor las influencias culturales y por consiguiente desarrolla un trato exitoso con los socios, colegas, clientes, amigos extranjeros, etc.[\/vc_column_text][\/vc_column][\/vc_row][vc_row full_width=&#8221;stretch_row&#8221; css=&#8221;.vc_custom_1488460743139{padding-top: 30px !important;padding-bottom: 30px !important;background-color: #f9f9f9 !important;}&#8221;][vc_column width=&#8221;1\/2&#8243;][vc_column_text]En nuestros seminarios y entrenamientos nos proponemos alcanzar los siguientes objetivos:<\/p>\n<ul>\n<li>Las metas de los cursos se llevar\u00e1n a cabo seg\u00fan las necesidades y deseos del grupo o la clase individual respectivamente.<\/li>\n<li>Organizaci\u00f3n activa de los cursos\/entrenamientos.<\/li>\n<li>Un ambiente agradable, aprender sin estr\u00e9s.<\/li>\n<li>Impartir la gram\u00e1tica dependiendo de las necesidades del participante.<\/li>\n<li>Dar a conocer las locuciones necesarias y gestos.<\/li>\n<li>Facilitar la compresi\u00f3n del lenguaje no verbal.<\/li>\n<li>Interpretar el modo de proceder de los nativos y a ser posible prever las situaciones.<\/li>\n<li>Sugerencias para desarrollar una comunicaci\u00f3n efectiva.<\/li>\n<li>Percibir las diferencias entre la cultura propia y la extranjera.<\/li>\n<li>Facilitar maneras de confrontar situaciones t\u00edpicas de conflictos.<\/li>\n<li>Adquirir las competencias culturales.<\/li>\n<\/ul>\n<p>[\/vc_column_text][vc_column_text]Nosotros, a petici\u00f3n de los participantes, nos ocuparemos de temas concernientes a la cultura, pol\u00edtica, religi\u00f3n, leyes, etc., de Alemania. El punto central es conocer a la gente y su estilo de vida. Adem\u00e1s, si lo desea podemos ofrecer direcciones y contactos de inter\u00e9s.[\/vc_column_text][\/vc_column][vc_column width=&#8221;1\/2&#8243;][vc_single_image image=&#8221;19474&#8243; img_size=&#8221;full&#8221; style=&#8221;vc_box_outline&#8221;][\/vc_column][\/vc_row][vc_row full_width=&#8221;stretch_row&#8221; equal_height=&#8221;yes&#8221; content_placement=&#8221;middle&#8221; el_class=&#8221;action-box m-b-none theme-bg-color&#8221; css=&#8221;.vc_custom_1487762904994{padding-top: 25px !important;padding-bottom: 30px !important;}&#8221;][vc_column width=&#8221;2\/3&#8243;][vc_column_text]<\/p>\n<h3 class=\"text-white\">\u00bfQui\u00e9res estudiar alem\u00e1n en M\u00fanich?<\/h3>\n<p class=\"text-white\">Contacta con nosotros y aprende alem\u00e1n en M\u00fanich. Cursos para todos los niveles.<\/p>\n<p>[\/vc_column_text][\/vc_column][vc_column width=&#8221;1\/3&#8243; el_class=&#8221;text-right&#8221;]\t<div class=\"vc_btn3-container vc_btn3-inline\">\r\n\t\t<a href=\"\/es\/contacto-ubicacion\/\" class=\"pgs_btn pgs_btn_style_3 pgs_btn_xl\">\r\n\t\t\t<span>\r\n\t\t\t\tEscr\u00edbenos ahora\t\t\t<\/span>\r\n\t\t\t\t\t\t<i class=\"fa fa-chevron-right\"><\/i>\r\n\t\t\t\t\t<\/a>\r\n\t<\/div>\r\n\t[\/vc_column][\/vc_row]<\/p>\n","protected":false},"excerpt":{"rendered":"<p>[vc_row css=&#8221;.vc_custom_1488460682804{padding-top: 30px !important;padding-bottom: 30px !important;}&#8221;][vc_column][vc_column_text] Objetivos de nuestros seminarios y entrenamientos Cursos de alem\u00e1n en M\u00fanich, Alemania En nuestra sociedad actual ya no es suficiente aprender un idioma para entender a personas de otros pa\u00edses. Es necesario sumergirse en la cultura para mantener una comunicaci\u00f3n efectiva. Con nuestros seminarios y entrenamientos queremos ense\u00f1ar la&hellip; <a class=\"read-more\" href=\"https:\/\/www.sprachschule-aktiv-muenchen.de\/es\/objetivos-cursos-de-aleman\/\" title=\"Read Objetivos\">Read more &raquo;<\/a><\/p>\n","protected":false},"author":2,"featured_media":0,"parent":0,"menu_order":0,"comment_status":"closed","ping_status":"closed","template":"","meta":{"footnotes":""},"class_list":["post-19473","page","type-page","status-publish","hentry"],"yoast_head":"<!-- This site is optimized with the Yoast SEO plugin v27.1.1 - https:\/\/yoast.com\/product\/yoast-seo-wordpress\/ -->\n<title>Nuestros Objetivos cursos de alem\u00e1n<\/title>\n<meta name=\"description\" content=\"Uno de nuestros objetivos: sumergirse en la cultura para mantener una comunicaci\u00f3n efectiva.\" \/>\n<meta name=\"robots\" content=\"index, follow, max-snippet:-1, max-image-preview:large, max-video-preview:-1\" \/>\n<link rel=\"canonical\" href=\"https:\/\/www.sprachschule-aktiv-muenchen.de\/es\/objetivos-cursos-de-aleman\/\" \/>\n<meta property=\"og:locale\" content=\"es_ES\" \/>\n<meta property=\"og:type\" content=\"article\" \/>\n<meta property=\"og:title\" content=\"Nuestros Objetivos cursos de alem\u00e1n\" \/>\n<meta property=\"og:description\" content=\"Uno de nuestros objetivos: sumergirse en la cultura para mantener una comunicaci\u00f3n efectiva.\" \/>\n<meta property=\"og:url\" content=\"https:\/\/www.sprachschule-aktiv-muenchen.de\/es\/objetivos-cursos-de-aleman\/\" \/>\n<meta property=\"og:site_name\" content=\"Sprachschule Aktiv\" \/>\n<meta property=\"article:modified_time\" content=\"2017-10-17T07:01:47+00:00\" \/>\n<meta name=\"twitter:card\" content=\"summary_large_image\" \/>\n<meta name=\"twitter:label1\" content=\"Tiempo de lectura\" \/>\n\t<meta name=\"twitter:data1\" content=\"2 minutos\" \/>\n<script type=\"application\/ld+json\" class=\"yoast-schema-graph\">{\"@context\":\"https:\/\/schema.org\",\"@graph\":[{\"@type\":\"WebPage\",\"@id\":\"https:\/\/www.sprachschule-aktiv-muenchen.de\/es\/objetivos-cursos-de-aleman\/\",\"url\":\"https:\/\/www.sprachschule-aktiv-muenchen.de\/es\/objetivos-cursos-de-aleman\/\",\"name\":\"Nuestros Objetivos cursos de alem\u00e1n\",\"isPartOf\":{\"@id\":\"https:\/\/www.sprachschule-aktiv-muenchen.de\/#website\"},\"datePublished\":\"2017-03-02T13:26:24+00:00\",\"dateModified\":\"2017-10-17T07:01:47+00:00\",\"description\":\"Uno de nuestros objetivos: sumergirse en la cultura para mantener una comunicaci\u00f3n efectiva.\",\"breadcrumb\":{\"@id\":\"https:\/\/www.sprachschule-aktiv-muenchen.de\/es\/objetivos-cursos-de-aleman\/#breadcrumb\"},\"inLanguage\":\"es\",\"potentialAction\":[{\"@type\":\"ReadAction\",\"target\":[\"https:\/\/www.sprachschule-aktiv-muenchen.de\/es\/objetivos-cursos-de-aleman\/\"]}]},{\"@type\":\"BreadcrumbList\",\"@id\":\"https:\/\/www.sprachschule-aktiv-muenchen.de\/es\/objetivos-cursos-de-aleman\/#breadcrumb\",\"itemListElement\":[{\"@type\":\"ListItem\",\"position\":1,\"name\":\"Portada\",\"item\":\"https:\/\/www.sprachschule-aktiv-muenchen.de\/es\/\"},{\"@type\":\"ListItem\",\"position\":2,\"name\":\"Objetivos\"}]},{\"@type\":\"WebSite\",\"@id\":\"https:\/\/www.sprachschule-aktiv-muenchen.de\/#website\",\"url\":\"https:\/\/www.sprachschule-aktiv-muenchen.de\/\",\"name\":\"Sprachschule Aktiv\",\"description\":\"\",\"potentialAction\":[{\"@type\":\"SearchAction\",\"target\":{\"@type\":\"EntryPoint\",\"urlTemplate\":\"https:\/\/www.sprachschule-aktiv-muenchen.de\/?s={search_term_string}\"},\"query-input\":{\"@type\":\"PropertyValueSpecification\",\"valueRequired\":true,\"valueName\":\"search_term_string\"}}],\"inLanguage\":\"es\"}]}<\/script>\n<!-- \/ Yoast SEO plugin. -->","yoast_head_json":{"title":"Nuestros Objetivos cursos de alem\u00e1n","description":"Uno de nuestros objetivos: sumergirse en la cultura para mantener una comunicaci\u00f3n efectiva.","robots":{"index":"index","follow":"follow","max-snippet":"max-snippet:-1","max-image-preview":"max-image-preview:large","max-video-preview":"max-video-preview:-1"},"canonical":"https:\/\/www.sprachschule-aktiv-muenchen.de\/es\/objetivos-cursos-de-aleman\/","og_locale":"es_ES","og_type":"article","og_title":"Nuestros Objetivos cursos de alem\u00e1n","og_description":"Uno de nuestros objetivos: sumergirse en la cultura para mantener una comunicaci\u00f3n efectiva.","og_url":"https:\/\/www.sprachschule-aktiv-muenchen.de\/es\/objetivos-cursos-de-aleman\/","og_site_name":"Sprachschule Aktiv","article_modified_time":"2017-10-17T07:01:47+00:00","twitter_card":"summary_large_image","twitter_misc":{"Tiempo de lectura":"2 minutos"},"schema":{"@context":"https:\/\/schema.org","@graph":[{"@type":"WebPage","@id":"https:\/\/www.sprachschule-aktiv-muenchen.de\/es\/objetivos-cursos-de-aleman\/","url":"https:\/\/www.sprachschule-aktiv-muenchen.de\/es\/objetivos-cursos-de-aleman\/","name":"Nuestros Objetivos cursos de alem\u00e1n","isPartOf":{"@id":"https:\/\/www.sprachschule-aktiv-muenchen.de\/#website"},"datePublished":"2017-03-02T13:26:24+00:00","dateModified":"2017-10-17T07:01:47+00:00","description":"Uno de nuestros objetivos: sumergirse en la cultura para mantener una comunicaci\u00f3n efectiva.","breadcrumb":{"@id":"https:\/\/www.sprachschule-aktiv-muenchen.de\/es\/objetivos-cursos-de-aleman\/#breadcrumb"},"inLanguage":"es","potentialAction":[{"@type":"ReadAction","target":["https:\/\/www.sprachschule-aktiv-muenchen.de\/es\/objetivos-cursos-de-aleman\/"]}]},{"@type":"BreadcrumbList","@id":"https:\/\/www.sprachschule-aktiv-muenchen.de\/es\/objetivos-cursos-de-aleman\/#breadcrumb","itemListElement":[{"@type":"ListItem","position":1,"name":"Portada","item":"https:\/\/www.sprachschule-aktiv-muenchen.de\/es\/"},{"@type":"ListItem","position":2,"name":"Objetivos"}]},{"@type":"WebSite","@id":"https:\/\/www.sprachschule-aktiv-muenchen.de\/#website","url":"https:\/\/www.sprachschule-aktiv-muenchen.de\/","name":"Sprachschule Aktiv","description":"","potentialAction":[{"@type":"SearchAction","target":{"@type":"EntryPoint","urlTemplate":"https:\/\/www.sprachschule-aktiv-muenchen.de\/?s={search_term_string}"},"query-input":{"@type":"PropertyValueSpecification","valueRequired":true,"valueName":"search_term_string"}}],"inLanguage":"es"}]}},"_links":{"self":[{"href":"https:\/\/www.sprachschule-aktiv-muenchen.de\/es\/wp-json\/wp\/v2\/pages\/19473","targetHints":{"allow":["GET"]}}],"collection":[{"href":"https:\/\/www.sprachschule-aktiv-muenchen.de\/es\/wp-json\/wp\/v2\/pages"}],"about":[{"href":"https:\/\/www.sprachschule-aktiv-muenchen.de\/es\/wp-json\/wp\/v2\/types\/page"}],"author":[{"embeddable":true,"href":"https:\/\/www.sprachschule-aktiv-muenchen.de\/es\/wp-json\/wp\/v2\/users\/2"}],"replies":[{"embeddable":true,"href":"https:\/\/www.sprachschule-aktiv-muenchen.de\/es\/wp-json\/wp\/v2\/comments?post=19473"}],"version-history":[{"count":0,"href":"https:\/\/www.sprachschule-aktiv-muenchen.de\/es\/wp-json\/wp\/v2\/pages\/19473\/revisions"}],"wp:attachment":[{"href":"https:\/\/www.sprachschule-aktiv-muenchen.de\/es\/wp-json\/wp\/v2\/media?parent=19473"}],"curies":[{"name":"wp","href":"https:\/\/api.w.org\/{rel}","templated":true}]}}