{"id":19441,"date":"2017-03-01T22:29:58","date_gmt":"2017-03-01T21:29:58","guid":{"rendered":"https:\/\/www.sprachschule-aktiv-muenchen.de\/?page_id=19441\/"},"modified":"2017-10-17T08:58:10","modified_gmt":"2017-10-17T06:58:10","slug":"informaciones-generales-y-ventajas-para-tu-curso-aleman-munich","status":"publish","type":"page","link":"https:\/\/www.sprachschule-aktiv-muenchen.de\/es\/informaciones-generales-y-ventajas-para-tu-curso-aleman-munich\/","title":{"rendered":"Informaciones"},"content":{"rendered":"<p>[vc_row css=&#8221;.vc_custom_1488403844690{padding-top: 30px !important;padding-bottom: 30px !important;}&#8221;][vc_column][vc_column_text]<\/p>\n<h1>Ventajas e informaci\u00f3n general para su curso de idiomas en M\u00fanich<\/h1>\n<h2>Aprende alem\u00e1n en el mejor ambiente<\/h2>\n<p>Nuestro equipo de profesores e instructores son hablantes nativos. Tienen estudios universitarios con formaci\u00f3n orientada a la did\u00e1ctica y larga experiencia en la ense\u00f1anza de idiomas extranjeros enfocada a adultos. Nuestros cursos de idiomas, asesor\u00edas, seminarios y entrenamientos son consecuentes, se supervisan continuamente y se adaptan a las necesidades y demanda de nuestros clientes.<\/p>\n<p>En nuestras clases se transmiten los conocimientos culturales necesarios. Nuestro m\u00e9todo es comunicativo, moderno, adaptado a la realidad y cubre las necesidades de los participantes.[\/vc_column_text][\/vc_column][\/vc_row][vc_row full_width=&#8221;stretch_row&#8221; css=&#8221;.vc_custom_1488403924303{padding-top: 30px !important;padding-bottom: 30px !important;background-color: #f9f9f9 !important;}&#8221;][vc_column width=&#8221;1\/2&#8243;][vc_column_text]Estas son las ventajas e informaci\u00f3n general si haces un curso de alem\u00e1n con nosotros<\/p>\n<ul>\n<li>Cursos desde 79 Euros por mes.<\/li>\n<li>Nuestros profesores\u00a0 e instructores son hablantes nativos con estudios universitarios.<\/li>\n<li>Visitas guiadas por la ciudad de M\u00fanich sin costo adicional.<\/li>\n<li>Servicio de alojamiento sin costo adicional.<\/li>\n<li>Contacto directo con alemanes, fiestas.<\/li>\n<li>Asesoramiento gratis y pruebas de nivel sin costo.<\/li>\n<li>Soluciones individuales y precios justos.<\/li>\n<li>Grupos reducidos m\u00e1ximo 8 personas.<\/li>\n<li>Caf\u00e9, t\u00e9, agua gratis durante la clase para crear un ambiente c\u00f3modo.<\/li>\n<li>Preparaci\u00f3n individual durante el per\u00edodo de estad\u00eda, intercambio intercultural, seminarios y cursos de idiomas.<\/li>\n<li>Nos centramos en sus necesidades y objetivos.<\/li>\n<li>Usted se beneficia de nuestro contacto directo.<\/li>\n<li>Pr\u00e9stamo gratuito de libros, revistas, peri\u00f3dicos, CD, y m\u00fasica.<\/li>\n<li>Ayuda individual en los diferentes tr\u00e1mites burocr\u00e1ticos en el pa\u00eds, como por ejemplo la visa.<\/li>\n<li>Informaciones de inter\u00e9s para su estancia.<\/li>\n<li>Atenci\u00f3n directa y constante por tel\u00e9fono o correo electr\u00f3nico.<\/li>\n<\/ul>\n<p>[\/vc_column_text][\/vc_column][vc_column width=&#8221;1\/2&#8243;][vc_single_image image=&#8221;18695&#8243; img_size=&#8221;full&#8221; style=&#8221;vc_box_outline&#8221;][\/vc_column][\/vc_row][vc_row full_width=&#8221;stretch_row&#8221; equal_height=&#8221;yes&#8221; content_placement=&#8221;middle&#8221; el_class=&#8221;action-box m-b-none theme-bg-color&#8221; css=&#8221;.vc_custom_1487762904994{padding-top: 25px !important;padding-bottom: 30px !important;}&#8221;][vc_column width=&#8221;2\/3&#8243;][vc_column_text]<\/p>\n<h3 class=\"text-white\">\u00bfQui\u00e9res estudiar alem\u00e1n en M\u00fanich?<\/h3>\n<p class=\"text-white\">Contacta con nosotros y aprende alem\u00e1n en M\u00fanich. Cursos para todos los niveles.<\/p>\n<p>[\/vc_column_text][\/vc_column][vc_column width=&#8221;1\/3&#8243; el_class=&#8221;text-right&#8221;]\t<div class=\"vc_btn3-container vc_btn3-inline\">\r\n\t\t<a href=\"\/es\/inscribete-cursos-aleman\/\" class=\"pgs_btn pgs_btn_style_3 pgs_btn_md\">\r\n\t\t\t<span>\r\n\t\t\t\tInscr\u00edbete ya en nuestros cursos\t\t\t<\/span>\r\n\t\t\t\t\t\t<i class=\"fa fa-chevron-right\"><\/i>\r\n\t\t\t\t\t<\/a>\r\n\t<\/div>\r\n\t[\/vc_column][\/vc_row]<\/p>\n","protected":false},"excerpt":{"rendered":"<p>[vc_row css=&#8221;.vc_custom_1488403844690{padding-top: 30px !important;padding-bottom: 30px !important;}&#8221;][vc_column][vc_column_text] Ventajas e informaci\u00f3n general para su curso de idiomas en M\u00fanich Aprende alem\u00e1n en el mejor ambiente Nuestro equipo de profesores e instructores son hablantes nativos. Tienen estudios universitarios con formaci\u00f3n orientada a la did\u00e1ctica y larga experiencia en la ense\u00f1anza de idiomas extranjeros enfocada a adultos. Nuestros cursos&hellip; <a class=\"read-more\" href=\"https:\/\/www.sprachschule-aktiv-muenchen.de\/es\/informaciones-generales-y-ventajas-para-tu-curso-aleman-munich\/\" title=\"Read Informaciones\">Read more &raquo;<\/a><\/p>\n","protected":false},"author":2,"featured_media":0,"parent":0,"menu_order":0,"comment_status":"closed","ping_status":"closed","template":"","meta":{"footnotes":""},"class_list":["post-19441","page","type-page","status-publish","hentry"],"yoast_head":"<!-- This site is optimized with the Yoast SEO plugin v27.1.1 - https:\/\/yoast.com\/product\/yoast-seo-wordpress\/ -->\n<title>Tus ventajas si haces un curso de alem\u00e1n<\/title>\n<meta name=\"description\" content=\"Tus ventajas si haces un curso de alem\u00e1n en la escuela &quot;Sprachschule Aktiv&quot; Informaciones generales para tu curso de alem\u00e1n en M\u00fanich\" \/>\n<meta name=\"robots\" content=\"index, follow, max-snippet:-1, max-image-preview:large, max-video-preview:-1\" \/>\n<link rel=\"canonical\" href=\"https:\/\/www.sprachschule-aktiv-muenchen.de\/es\/informaciones-generales-y-ventajas-para-tu-curso-aleman-munich\/\" \/>\n<meta property=\"og:locale\" content=\"es_ES\" \/>\n<meta property=\"og:type\" content=\"article\" \/>\n<meta property=\"og:title\" content=\"Tus ventajas si haces un curso de alem\u00e1n\" \/>\n<meta property=\"og:description\" content=\"Tus ventajas si haces un curso de alem\u00e1n en la escuela &quot;Sprachschule Aktiv&quot; Informaciones generales para tu curso de alem\u00e1n en M\u00fanich\" \/>\n<meta property=\"og:url\" content=\"https:\/\/www.sprachschule-aktiv-muenchen.de\/es\/informaciones-generales-y-ventajas-para-tu-curso-aleman-munich\/\" \/>\n<meta property=\"og:site_name\" content=\"Sprachschule Aktiv\" \/>\n<meta property=\"article:modified_time\" content=\"2017-10-17T06:58:10+00:00\" \/>\n<meta name=\"twitter:card\" content=\"summary_large_image\" \/>\n<meta name=\"twitter:label1\" content=\"Tiempo de lectura\" \/>\n\t<meta name=\"twitter:data1\" content=\"2 minutos\" \/>\n<script type=\"application\/ld+json\" class=\"yoast-schema-graph\">{\"@context\":\"https:\/\/schema.org\",\"@graph\":[{\"@type\":\"WebPage\",\"@id\":\"https:\/\/www.sprachschule-aktiv-muenchen.de\/es\/informaciones-generales-y-ventajas-para-tu-curso-aleman-munich\/\",\"url\":\"https:\/\/www.sprachschule-aktiv-muenchen.de\/es\/informaciones-generales-y-ventajas-para-tu-curso-aleman-munich\/\",\"name\":\"Tus ventajas si haces un curso de alem\u00e1n\",\"isPartOf\":{\"@id\":\"https:\/\/www.sprachschule-aktiv-muenchen.de\/#website\"},\"datePublished\":\"2017-03-01T21:29:58+00:00\",\"dateModified\":\"2017-10-17T06:58:10+00:00\",\"description\":\"Tus ventajas si haces un curso de alem\u00e1n en la escuela \\\"Sprachschule Aktiv\\\" Informaciones generales para tu curso de alem\u00e1n en M\u00fanich\",\"breadcrumb\":{\"@id\":\"https:\/\/www.sprachschule-aktiv-muenchen.de\/es\/informaciones-generales-y-ventajas-para-tu-curso-aleman-munich\/#breadcrumb\"},\"inLanguage\":\"es\",\"potentialAction\":[{\"@type\":\"ReadAction\",\"target\":[\"https:\/\/www.sprachschule-aktiv-muenchen.de\/es\/informaciones-generales-y-ventajas-para-tu-curso-aleman-munich\/\"]}]},{\"@type\":\"BreadcrumbList\",\"@id\":\"https:\/\/www.sprachschule-aktiv-muenchen.de\/es\/informaciones-generales-y-ventajas-para-tu-curso-aleman-munich\/#breadcrumb\",\"itemListElement\":[{\"@type\":\"ListItem\",\"position\":1,\"name\":\"Portada\",\"item\":\"https:\/\/www.sprachschule-aktiv-muenchen.de\/es\/\"},{\"@type\":\"ListItem\",\"position\":2,\"name\":\"Informaciones\"}]},{\"@type\":\"WebSite\",\"@id\":\"https:\/\/www.sprachschule-aktiv-muenchen.de\/#website\",\"url\":\"https:\/\/www.sprachschule-aktiv-muenchen.de\/\",\"name\":\"Sprachschule Aktiv\",\"description\":\"\",\"potentialAction\":[{\"@type\":\"SearchAction\",\"target\":{\"@type\":\"EntryPoint\",\"urlTemplate\":\"https:\/\/www.sprachschule-aktiv-muenchen.de\/?s={search_term_string}\"},\"query-input\":{\"@type\":\"PropertyValueSpecification\",\"valueRequired\":true,\"valueName\":\"search_term_string\"}}],\"inLanguage\":\"es\"}]}<\/script>\n<!-- \/ Yoast SEO plugin. -->","yoast_head_json":{"title":"Tus ventajas si haces un curso de alem\u00e1n","description":"Tus ventajas si haces un curso de alem\u00e1n en la escuela \"Sprachschule Aktiv\" Informaciones generales para tu curso de alem\u00e1n en M\u00fanich","robots":{"index":"index","follow":"follow","max-snippet":"max-snippet:-1","max-image-preview":"max-image-preview:large","max-video-preview":"max-video-preview:-1"},"canonical":"https:\/\/www.sprachschule-aktiv-muenchen.de\/es\/informaciones-generales-y-ventajas-para-tu-curso-aleman-munich\/","og_locale":"es_ES","og_type":"article","og_title":"Tus ventajas si haces un curso de alem\u00e1n","og_description":"Tus ventajas si haces un curso de alem\u00e1n en la escuela \"Sprachschule Aktiv\" Informaciones generales para tu curso de alem\u00e1n en M\u00fanich","og_url":"https:\/\/www.sprachschule-aktiv-muenchen.de\/es\/informaciones-generales-y-ventajas-para-tu-curso-aleman-munich\/","og_site_name":"Sprachschule Aktiv","article_modified_time":"2017-10-17T06:58:10+00:00","twitter_card":"summary_large_image","twitter_misc":{"Tiempo de lectura":"2 minutos"},"schema":{"@context":"https:\/\/schema.org","@graph":[{"@type":"WebPage","@id":"https:\/\/www.sprachschule-aktiv-muenchen.de\/es\/informaciones-generales-y-ventajas-para-tu-curso-aleman-munich\/","url":"https:\/\/www.sprachschule-aktiv-muenchen.de\/es\/informaciones-generales-y-ventajas-para-tu-curso-aleman-munich\/","name":"Tus ventajas si haces un curso de alem\u00e1n","isPartOf":{"@id":"https:\/\/www.sprachschule-aktiv-muenchen.de\/#website"},"datePublished":"2017-03-01T21:29:58+00:00","dateModified":"2017-10-17T06:58:10+00:00","description":"Tus ventajas si haces un curso de alem\u00e1n en la escuela \"Sprachschule Aktiv\" Informaciones generales para tu curso de alem\u00e1n en M\u00fanich","breadcrumb":{"@id":"https:\/\/www.sprachschule-aktiv-muenchen.de\/es\/informaciones-generales-y-ventajas-para-tu-curso-aleman-munich\/#breadcrumb"},"inLanguage":"es","potentialAction":[{"@type":"ReadAction","target":["https:\/\/www.sprachschule-aktiv-muenchen.de\/es\/informaciones-generales-y-ventajas-para-tu-curso-aleman-munich\/"]}]},{"@type":"BreadcrumbList","@id":"https:\/\/www.sprachschule-aktiv-muenchen.de\/es\/informaciones-generales-y-ventajas-para-tu-curso-aleman-munich\/#breadcrumb","itemListElement":[{"@type":"ListItem","position":1,"name":"Portada","item":"https:\/\/www.sprachschule-aktiv-muenchen.de\/es\/"},{"@type":"ListItem","position":2,"name":"Informaciones"}]},{"@type":"WebSite","@id":"https:\/\/www.sprachschule-aktiv-muenchen.de\/#website","url":"https:\/\/www.sprachschule-aktiv-muenchen.de\/","name":"Sprachschule Aktiv","description":"","potentialAction":[{"@type":"SearchAction","target":{"@type":"EntryPoint","urlTemplate":"https:\/\/www.sprachschule-aktiv-muenchen.de\/?s={search_term_string}"},"query-input":{"@type":"PropertyValueSpecification","valueRequired":true,"valueName":"search_term_string"}}],"inLanguage":"es"}]}},"_links":{"self":[{"href":"https:\/\/www.sprachschule-aktiv-muenchen.de\/es\/wp-json\/wp\/v2\/pages\/19441","targetHints":{"allow":["GET"]}}],"collection":[{"href":"https:\/\/www.sprachschule-aktiv-muenchen.de\/es\/wp-json\/wp\/v2\/pages"}],"about":[{"href":"https:\/\/www.sprachschule-aktiv-muenchen.de\/es\/wp-json\/wp\/v2\/types\/page"}],"author":[{"embeddable":true,"href":"https:\/\/www.sprachschule-aktiv-muenchen.de\/es\/wp-json\/wp\/v2\/users\/2"}],"replies":[{"embeddable":true,"href":"https:\/\/www.sprachschule-aktiv-muenchen.de\/es\/wp-json\/wp\/v2\/comments?post=19441"}],"version-history":[{"count":0,"href":"https:\/\/www.sprachschule-aktiv-muenchen.de\/es\/wp-json\/wp\/v2\/pages\/19441\/revisions"}],"wp:attachment":[{"href":"https:\/\/www.sprachschule-aktiv-muenchen.de\/es\/wp-json\/wp\/v2\/media?parent=19441"}],"curies":[{"name":"wp","href":"https:\/\/api.w.org\/{rel}","templated":true}]}}