{"id":19356,"date":"2017-03-01T21:48:23","date_gmt":"2017-03-01T20:48:23","guid":{"rendered":"https:\/\/www.sprachschule-aktiv-muenchen.de\/?page_id=19356\/"},"modified":"2021-09-15T09:20:09","modified_gmt":"2021-09-15T07:20:09","slug":"munich-y-programa-de-tiempo-libre","status":"publish","type":"page","link":"https:\/\/www.sprachschule-aktiv-muenchen.de\/es\/munich-y-programa-de-tiempo-libre\/","title":{"rendered":"M\u00fanich"},"content":{"rendered":"<p>[vc_row css=&#8221;.vc_custom_1488401335292{padding-top: 30px !important;padding-bottom: 30px !important;}&#8221;][vc_column][vc_column_text]<\/p>\n<h1>M\u00fanich Informaciones y programa de tiempo libre<\/h1>\n<h2>\u00bfQu\u00e9 hacer en M\u00fanich despu\u00e9s de los cursos de alem\u00e1n?<\/h2>\n<p>M\u00fanich Informaciones y programa de tiempo libre tras las clases de alem\u00e1n. Aprender alem\u00e1n en la capital del estado de Baviera es la forma ideal de establecer los contactos necesarios para una carrera profesional o acad\u00e9mica duradera. M\u00fanich es una ciudad puntera: desde clubs de f\u00fatbol como el FC Bayern de M\u00fanich hasta empresas como Siemens, fabricantes de autom\u00f3viles como BMW a promotores de conciertos. Aparte de esto es la metr\u00f3poli de alta tecnolog\u00eda centro de la industria cinematogr\u00e1fica y televisiva y capital de los libros y medios de comunicaci\u00f3n alemanes.<\/p>\n<p>La ciudad del Isar es adem\u00e1s la favorita de los alemanes, sobre todo por su calidad de vida y seguridad. Por los restaurantes, bares y discotecas de M\u00fanich pasan destacadas personalidades. Amantes de la cultura de todo tipo encuentran importantes museos, numerosos cines y los m\u00e1s variados templos de las musas: desde la \u00f3pera nacional al estadio ol\u00edmpico, escenario de los mayores eventos musicales. Y quien quiera alguna vez disfrutar c\u00f3modamente del habla b\u00e1vara, encontrar\u00e1 con seguridad un lugar acogedor en alguno de los tradicionales Bierg\u00e4rten. La ciudad de M\u00fanich hace del tiempo de estudio y tambi\u00e9n fuera del aula una experiencia \u00fanica. Y no olvidemos la mayor fiesta popular del mundo: el Oktoberfest de M\u00fanich.[\/vc_column_text][\/vc_column][\/vc_row][vc_row full_width=&#8221;stretch_row&#8221; css=&#8221;.vc_custom_1488401452375{padding-top: 30px !important;padding-bottom: 30px !important;background-color: #f9f9f9 !important;}&#8221;][vc_column][vc_row_inner][vc_column_inner width=&#8221;1\/2&#8243;][vc_column_text]<\/p>\n<h2>Informaci\u00f3n breve de la ciudad de M\u00fanich \u2013 Aprender alem\u00e1n y disfrutar de la capital de Baviera<\/h2>\n<p>En M\u00fanich y su alrededores se encuentran los lagos m\u00e1s hermosos de Alemania. Disfrute de las muchas y conocidas atracciones tur\u00edsticas y de la naturaleza de Baviera con los Alpes b\u00e1varos, el imponente castillo de Neuschwanstein, el Zugspitze o el lago de Starnberg.<\/p>\n<p>Conozca Marienplatz y su famoso carill\u00f3n, el Virtualienmarkt, donde se oferta fruta y verdura de todo el mundo, el Olympiazentrum y el palacio de Nymphenburg. Alrededor de cien museos y m\u00e1s de 470 monumentos le garantizan mucha diversi\u00f3n y cultura durante su estancia en M\u00fanich. La vida nocturna, los festivales y eventos en M\u00fanich tampoco dejan nada que desear: el mundialmente conocido Oktoberfest, el festival de Tollwood, locales ex\u00f3ticos de todo el mundo, nuestras divertidas fiestas junto al lago, etc. M\u00fanich y todo lo que viva ser\u00e1n un recuerdo imborrable.[\/vc_column_text][\/vc_column_inner][vc_column_inner width=&#8221;1\/2&#8243;][vc_single_image image=&#8221;37531&#8243; img_size=&#8221;full&#8221; style=&#8221;vc_box_outline&#8221;][\/vc_column_inner][\/vc_row_inner][vc_column_text]En Sprachschule Aktiv organizamos variados programas, encuentros y fiestas con gente agradable, con los que aprender resulta divertido y puede practicar y aplicar la lengua entre nuevos amigos, de forma animada y activa. M\u00fanich, la capital de Baviera, se encuentra en el sureste de Alemania, en plena regi\u00f3n subalpina. Este notable centro cient\u00edfico y cultural fue fundado en el siglo XIII, y tiene su origen en la orden benedictina. Con m\u00e1s de 1,3 millones de habitantes, M\u00fanich es la tercera mayor ciudad de Alemania y la mayor de Baviera, con m\u00e1s de 310 kil\u00f3metros cuadrados de extensi\u00f3n.<\/p>\n<p>M\u00fanich es especialmente conocida por el Oktoberfest. Pero no es la \u00fanico que vale la pena visitar: Marienplatz, con el antiguo y nuevo ayuntamiento, la Odeonsplatz, las iglesias (Frauen- y Theatinerkirche) as\u00ed como las pinacotecas, son solo los lugares hist\u00f3ricos m\u00e1s importantes. Muy apreciado por turistas y locales es el Englischer Garten, el mayor parque urbano de Europa. Tambi\u00e9n deber\u00eda verse a toda costa el parque ol\u00edmpico; por el contrario, con mal tiempo, el Deutsch Museum se presta fabulosamente para una visita. Esta lista se podr\u00eda ampliar indefinidamente, M\u00fanich es, simplemente, incre\u00edblemente variada y divergente. Aprende alem\u00e1n con nosotros de forma divertida y eficaz y descubre la maravillosa ciudad de M\u00fanich![\/vc_column_text][\/vc_column][\/vc_row][vc_row css=&#8221;.vc_custom_1488401335292{padding-top: 30px !important;padding-bottom: 30px !important;}&#8221;][vc_column][vc_column_text]<\/p>\n<h2>Estancia de immersi\u00f3n ling\u00fc\u00edstica en M\u00fanich con actividades culturales<\/h2>\n<p>Tras la finalizaci\u00f3n de nuestras lecciones en M\u00fanich, dirigimos diversas actividades con nuestros alumnos, por ejemplo: excursiones, visitas a museos, celebraciones, encuentros con alemanes y mucho m\u00e1s. En nuestra escuela en M\u00fanich, Sprachschule Aktiv, no solo organizamos lecciones de alem\u00e1n, sino tambi\u00e9n de otras lenguas como espa\u00f1ol, italiano, polaco, ruso o chino. Por esta raz\u00f3n aqu\u00ed te asesoramos siempre en tu lengua materna.<\/p>\n<h2>M\u00fanich atracciones tur\u00edsticas &#8211; \u00bfQu\u00e9 hacer despu\u00e9s de la clase de alem\u00e1n?<\/h2>\n<p>En M\u00fanich y sus alrededores se encuentran los lagos m\u00e1s hermosos de Alemania. Visite los famosos lugares de inter\u00e9s y la naturaleza de Baviera como los Alpes b\u00e1varos, el imponente castillo de \u201eNeuschwanstein\u201c, disfrute de \u201eZugspitze\u201c (el pico m\u00e1s alto de Alemania), del lago \u201eStarnberger\u201c. Conozca: \u201eMarienplatz\u201c con el c\u00e9lebre ayuntamiento; el mercado \u201eViktualienmarkt\u201c donde se ofrecen frutas y vegetales de todo el mundo; el \u201eOlympiazentrum\u201c; el castillo \u201eNymphenburger\u201c. M\u00e1s de 100 museos y unos 470 monumentos le garantizan mucha diversi\u00f3n y cultura durante su estad\u00eda en M\u00fanich.<\/p>\n<p>Tambi\u00e9n la vida nocturna, fiestas, eventos para todos los gustos: la renombrada \u201eOktoberfest\u201c (la fiesta de la cerveza), el festival \u201eTollwood\u201c, los locales ex\u00f3ticos de todas partes del mundo, las fiestas en los lagos, etc. Podr\u00e1 disfrutar de todo esto y tendr\u00e1 un recuerdo inolvidable. Nosotros, Sprachschule Aktiv, organizamos programas variados, encuentros y fiestas con gente simp\u00e1tica. As\u00ed aprender ser\u00e1 muy divertido y usted podr\u00e1 practicar el idioma aprendido \u201elive\u201c con los nuevos amigos.[\/vc_column_text][\/vc_column][\/vc_row][vc_row full_width=&#8221;stretch_row&#8221; css=&#8221;.vc_custom_1488401900288{padding-top: 30px !important;padding-bottom: 30px !important;background-color: #f9f9f9 !important;}&#8221;][vc_column][vc_column_text]<\/p>\n<h2>\u00bfQu\u00e9 visitar en M\u00fanich? Listado de fiestas y lugares tur\u00edsticos<\/h2>\n<ul>\n<li>&#8220;Marienplatz&#8221; centro de M\u00fanich y lugar donde se encuentra la Columna de Mar\u00eda \u201eMariensauele&#8221;<\/li>\n<li>El Ayuntamiento de M\u00fanich construido con una impresionante fachada neog\u00f3tica.<\/li>\n<li>La catedral &#8220;Frauenkirche&#8221; uno de los s\u00edmbolos m\u00e1s representativos de M\u00fanich.<\/li>\n<li>El Palacio o Residencia Real donde vivieron los duques y principes de Baviera.<\/li>\n<li>El Teatro Nacional<\/li>\n<li>&#8220;Feldherrnhalle&#8221; o Pabell\u00f3n de los Generales, lugar donde Hitler comenz\u00f3 su carrera.<\/li>\n<li>La Theatinerkirche o Iglesia de los Teatinos.<\/li>\n<li>La famosa y t\u00edpica cervecer\u00eda alemana \u201eHofbr\u00e4uhaus&#8221; donde usted se sentir\u00e1 como en la mundialmente conocida fiesta de la cerveza de octubre.<\/li>\n<li>El parque ingl\u00e9s.<\/li>\n<\/ul>\n<p>[\/vc_column_text][\/vc_column][\/vc_row][vc_row full_width=&#8221;stretch_row&#8221; css=&#8221;.vc_custom_1488402058289{padding-top: 30px !important;padding-bottom: 30px !important;}&#8221;][vc_column][vc_column_text]<\/p>\n<h2>Nuestro programa de ocio y eventos culturales en M\u00fanich para nuestros alumnos<\/h2>\n<p>Nuestros eventos y actividades de ocio \u2013 Informaci\u00f3n y consejos para su estancia en M\u00fanich.<\/p>\n<p>En nuestra escuela no solo aprende alem\u00e1n, sino que tambi\u00e9n puede encontrar nuevos amigos f\u00e1cilmente y explorar M\u00fanich y sus alrededores simult\u00e1neamente. Nosotros, el equipo de Sprachschule Aktiv, organizamos para nuestros alumnos actividades adicionales al curso de alem\u00e1n. Hacemos excursiones con los alumnos, vamos juntos a eventos, organizamos actividades culturales y tambi\u00e9n eventos deportivos. De esta manera tiene la posibilidad de explorar M\u00fanich y Baviera, conocer m\u00e1s de cerca la cultura alemana y al mismo tiempo practicar y profundizar en sus conocimientos de alem\u00e1n. Le acompa\u00f1amos en todas las actividades y as\u00ed puede conocernos mejor a nosotros y a los otros alumnos. Aprender alem\u00e1n en M\u00fanich ofrece muchas ventajas, pues M\u00fanich es una ciudad con una alta calidad de vida: dos universidades de \u00e9lite, las mejores opciones de compra, annimada vida nocturna, museos de nivel internacional y los Alpes a la vuelta de la esquina. Las cifras de desempleo en M\u00fanich son insignificantes. Quien viene a M\u00fanich tiene la oportunidad de encontrar un buen empleo en una empresa de renombre, siempre que domine el alem\u00e1n. Aprender alem\u00e1n y dominar bien el idioma es su puerta de acceso a empleo, carrera e integraci\u00f3n social. Son puntos importantes a tener en cuenta, antes de comenzar su curso de alem\u00e1n, la b\u00fasqueda de un alojamiento adecuado, la elecci\u00f3n del seguro m\u00e9dico, eventualmente, pr\u00e1cticas o empleo, pero tambi\u00e9n la determinaci\u00f3n de su nivel de alem\u00e1n mediante una prueba.<\/p>\n<h2>Eventos y festivales tradicionales en M\u00fanich<\/h2>\n<p>Cada muniqu\u00e9s y visitante de la ciudad puede disfrutar de las fiestas populares durante todo el a\u00f1o. Da igual si peque\u00f1a como la Fr\u00fchlingfest, Auer Dulten, Magdalenenfest, las fiestas fundacionales, o grande como la mundialmente conocida Oktoberfest o la Sommerfest en Olympiapark. Con el donaire t\u00edpico muniqu\u00e9s y su amenidad caracter\u00edstica atraen anualmente miles de visitantes. Con ello se obtiene un vistazo inolvidable de la cultura b\u00e1vara. Tanto de d\u00eda como de noche hay algo que probar.<\/p>\n<p>Por ejemplo, en las c\u00e1lidas noches de verano se oferta el cine al aire libre en el Olympiapark; disfrute al aire libre de su pel\u00edcula favorita con total comodidad, con patatas fritas o palomitas, \u00bfse puede pedir m\u00e1s?<\/p>\n<p>En junio Theresienwiese se transforma durante tres d\u00edas en el continente de \u00c1frica y permite dar un amplio vistazo a la cultura africana. Tiene la oportunidad de dejarse mimar con las delicias culinarias t\u00edpicas del bazar y disfrutar de conciertos y actuaciones de danza. Si desea probar un festival de m\u00fasica creativo con t\u00edpico sabor estival, no debe dejar pasar el Streetlife-Festival. Ofrece m\u00faltiples acciones simult\u00e1neas en torno al deporte y la creatividad y es por ello un destacado en verano.[\/vc_column_text][\/vc_column][\/vc_row][vc_row full_width=&#8221;stretch_row&#8221; css=&#8221;.vc_custom_1488402153006{padding-top: 30px !important;padding-bottom: 30px !important;background-color: #f9f9f9 !important;}&#8221;][vc_column][vc_row_inner][vc_column_inner][vc_column_text]<\/p>\n<h2>M\u00fanich en invierno: mercados navide\u00f1os y mucho m\u00e1s\u2026<\/h2>\n<p>Estos solo fueron un par de peque\u00f1os ejemplos de festivales en verano, sin embargo M\u00fanich tambi\u00e9n entusiasma en invierno con atracciones incre\u00edbles: \u00bfQui\u00e9n no adora en una tarde t\u00edpica de invierno deambular por el mercado de Navidad y dejarse llevar por el ambiente? Justo en Marienplatz se encuentra el conocido mercado navide\u00f1o, con varidades culinarias y al menos 160 puestos con talleres, exquisiteces, belenes y mucho m\u00e1s. Ideal para rebuscar y encontrar regalos.<\/p>\n<p>\u201cHuele, mira, prueba\u201d Es el principio rector del conocido festival de Tollwood. Tienen lugar tanto en invierno como en verano y cada a\u00f1o tiene un lema por el que se rige.[\/vc_column_text][\/vc_column_inner][\/vc_row_inner][vc_column_text]Tollwood apasiona con su sabor multicultural que raramente se puede presenciar en otros lugares desde tan cerca. M\u00e1s de 200 gastronom\u00edas y talleres de artesan\u00eda de todo el mundo son el punto \u00e1lgido del programa. Tambi\u00e9n se ofertan actuaciones musicales y teatrales, as\u00ed como eventos infantiles que pueden tener hasta casi un 70% de descuento. Parte de los puestos son de car\u00e1cter esot\u00e9rico y espiritual. All\u00ed tambi\u00e9n es posible comprar especias, tes turcos e indios, los famosos bonsais, instrumentos musicales africanos, joyas y mucho m\u00e1s. Desde pan de centeno hasta sushi, pasando por comida india, todo tipo de alimentos est\u00e1n representados. De esta manera se crea un ambiente lleno de vida, que se m\u00e1s patente que nunca.[\/vc_column_text][\/vc_column][\/vc_row][vc_row full_width=&#8221;stretch_row&#8221; css=&#8221;.vc_custom_1488402058289{padding-top: 30px !important;padding-bottom: 30px !important;}&#8221;][vc_column][vc_column_text]<\/p>\n<h2>Vida nocturna en M\u00fanich: \u00bfFiesta en M\u00fanich? \u00bfCu\u00e1l es el mejor lugar para salir?<\/h2>\n<p>En los \u00faltimos diez a\u00f1os se han establecido en los 1,2 kil\u00f3metros entre Maximilianplatz y Sendlinger Tor m\u00e1s de 20 bares y discotecas. Por lo c\u00e9ntrico de la zona, los diferentes estilos musicales y variedad de precios esta \u00e1rea es muy apreciada por todos.<br \/>\n[\/vc_column_text][vc_tta_accordion style=&#8221;pgs_accordion_style_1&#8243; active_section=&#8221;0&#8243;][vc_tta_section title=&#8221;Haz click aqu\u00ed para ver los mejores lugares para la vida nocturna en M\u00fanich&#8221; tab_id=&#8221;1488403261984-40cf8bd1-7e34&#8243;][vc_column_text]Kultfabrik:<br \/>\nA lo largo del d\u00eda disfruta de una variada oferta cultural, como arte, cultura, deporte o negocios, y por las noches la zona se transforma en un lugar de fiesta que atrae a todos. \u00a1Siempre tienen algo que ofrecer!<\/p>\n<p>Optimolwerke:<br \/>\nLocalizado junto a la Kultfabrik es, por decirlo as\u00ed, su versi\u00f3n reducida. Aqu\u00ed tambi\u00e9n se encuentran Clubs para una generaci\u00f3n algo m\u00e1s joven, tambi\u00e9n para adolescentes, que deben marcharse a las 12, pues despu\u00e9s contin\u00faa solo para los mayores de edad.<\/p>\n<p>Clubs de la zona:<br \/>\nDo Brasil: A trav\u00e9s de c\u00e1lidos ritmos latinos como el Merengue, Perreo, Salsa, Reggaeton, Samba, etc., ocasionales bandas en directo y espect\u00e1culos, se crea un feeling t\u00edpico latino, que hace que los pies comiencen a moverse solos.<\/p>\n<p>Grinsekatze:<br \/>\nConocido por sus ritmos Electr\u00f3nicos y tecno, la fiesta dura aqu\u00ed hasta las 6 de la ma\u00f1ana.<\/p>\n<p>Ray-Club:<br \/>\nLa mezcla de Lounge, bar y club, la m\u00fasica m\u00e1s actual e impresionantes efectos de luz, proporciona un ambiente perfecto y atrae todas las noches a muchos amantes de la fiesta. Se puede elegir entre pista de baile, Lounge-bar y sala VIP, zona Chillout y cocteler\u00eda.<\/p>\n<p>Theaterfabrik:<br \/>\nEl club de m\u00fasica negra de M\u00fanich. Cada s\u00e1bado de fiesta a ritmo de Rythm and Blues, Soul y Hip-Hop. Tambi\u00e9n cada s\u00e1bado a partir de las 00:30 las mujeres en grupos de cinco tienen entrada gratuita.[\/vc_column_text][\/vc_tta_section][\/vc_tta_accordion][\/vc_column][\/vc_row][vc_row full_width=&#8221;stretch_row&#8221; css=&#8221;.vc_custom_1488403456859{padding-top: 30px !important;padding-bottom: 30px !important;background-color: #f9f9f9 !important;}&#8221;][vc_column width=&#8221;1\/2&#8243;][vc_column_text]<\/p>\n<h3>Grandes discotecas en M\u00fanich<\/h3>\n<p>Nachtgalerie:<br \/>\nClub nocturno de Hip-Hob, R&amp;B, Dance y noches tem\u00e1ticas, \u00e1rea al aire libre y comida internacional. Una colorida mzcla de hits actuales, m\u00fasica negra y House.<\/p>\n<p>Willenlos:<br \/>\nLa mayor discoteca de la Kultfabric, con buenos hits y precios medios. Muy conocida entre la gente joven.<\/p>\n<p>Pacha:<br \/>\nUno de los clubs m\u00e1s famosos de M\u00fanich. Por la gente y los precios forma parte m\u00e1s bien de los lugares de alto standing, donde podr\u00edan ponerte trabas para entrar.<\/p>\n<p>P1:<br \/>\nCreo que no hace falta explicar nada de este club \u00bfverdad?. Realmente todos lo conocen de o\u00eddas. Para entrar aqu\u00ed debes tener la cartera llena y una apariencia f\u00edsica \u201cadecuada\u201d. Este club se centra tambi\u00e9n en un p\u00fablico m\u00e1s bien mayor, dicho lo cual, tambi\u00e9n hay ocasionalmente eventos para adolescentes.[\/vc_column_text][\/vc_column][vc_column width=&#8221;1\/2&#8243;][vc_column_text]<\/p>\n<h2>M\u00fanich \u2013 Bares\/ Lounges conocidos para ir entrando en calor<\/h2>\n<p>Susalitos:<br \/>\nConocido por su comida mexicana\/californiana, el ambiente latino m\u00e1s c\u00f3modo y las bebidas m\u00e1s deliciosas.<\/p>\n<p>Nv-Club:<br \/>\nBar lleno de estilo. Perfecto para entrar en calor relajadamente y fumar con Narguile<\/p>\n<p>Bar-on:<br \/>\nEste bar de Narguile ofrece una atm\u00f3sfera c\u00e1lida y es conocido por sus buen tabaco.[\/vc_column_text][\/vc_column][\/vc_row]<\/p>\n","protected":false},"excerpt":{"rendered":"<p>[vc_row css=&#8221;.vc_custom_1488401335292{padding-top: 30px !important;padding-bottom: 30px !important;}&#8221;][vc_column][vc_column_text] M\u00fanich Informaciones y programa de tiempo libre \u00bfQu\u00e9 hacer en M\u00fanich despu\u00e9s de los cursos de alem\u00e1n? M\u00fanich Informaciones y programa de tiempo libre tras las clases de alem\u00e1n. Aprender alem\u00e1n en la capital del estado de Baviera es la forma ideal de establecer los contactos necesarios para una&hellip; <a class=\"read-more\" href=\"https:\/\/www.sprachschule-aktiv-muenchen.de\/es\/munich-y-programa-de-tiempo-libre\/\" title=\"Read M\u00fanich\">Read more &raquo;<\/a><\/p>\n","protected":false},"author":2,"featured_media":0,"parent":0,"menu_order":0,"comment_status":"closed","ping_status":"closed","template":"","meta":{"footnotes":""},"class_list":["post-19356","page","type-page","status-publish","hentry"],"yoast_head":"<!-- This site is optimized with the Yoast SEO plugin v27.1.1 - https:\/\/yoast.com\/product\/yoast-seo-wordpress\/ -->\n<title>M\u00fanich: Programa de tiempo libre tras las clases de alem\u00e1n<\/title>\n<meta name=\"description\" content=\"Qu\u00e9 hacer en M\u00fanich tras las clases de alem\u00e1n? Curso de alem\u00e1n con programa de tiempo libre, atracciones tur\u00edsticas, bares...\" \/>\n<meta name=\"robots\" content=\"index, follow, max-snippet:-1, max-image-preview:large, max-video-preview:-1\" \/>\n<link rel=\"canonical\" href=\"https:\/\/www.sprachschule-aktiv-muenchen.de\/es\/munich-y-programa-de-tiempo-libre\/\" \/>\n<meta property=\"og:locale\" content=\"es_ES\" \/>\n<meta property=\"og:type\" content=\"article\" \/>\n<meta property=\"og:title\" content=\"M\u00fanich: Programa de tiempo libre tras las clases de alem\u00e1n\" \/>\n<meta property=\"og:description\" content=\"Qu\u00e9 hacer en M\u00fanich tras las clases de alem\u00e1n? Curso de alem\u00e1n con programa de tiempo libre, atracciones tur\u00edsticas, bares...\" \/>\n<meta property=\"og:url\" content=\"https:\/\/www.sprachschule-aktiv-muenchen.de\/es\/munich-y-programa-de-tiempo-libre\/\" \/>\n<meta property=\"og:site_name\" content=\"Sprachschule Aktiv\" \/>\n<meta property=\"article:modified_time\" content=\"2021-09-15T07:20:09+00:00\" \/>\n<meta name=\"twitter:card\" content=\"summary_large_image\" \/>\n<meta name=\"twitter:label1\" content=\"Tiempo de lectura\" \/>\n\t<meta name=\"twitter:data1\" content=\"10 minutos\" \/>\n<script type=\"application\/ld+json\" class=\"yoast-schema-graph\">{\"@context\":\"https:\/\/schema.org\",\"@graph\":[{\"@type\":\"WebPage\",\"@id\":\"https:\/\/www.sprachschule-aktiv-muenchen.de\/es\/munich-y-programa-de-tiempo-libre\/\",\"url\":\"https:\/\/www.sprachschule-aktiv-muenchen.de\/es\/munich-y-programa-de-tiempo-libre\/\",\"name\":\"M\u00fanich: Programa de tiempo libre tras las clases de alem\u00e1n\",\"isPartOf\":{\"@id\":\"https:\/\/www.sprachschule-aktiv-muenchen.de\/#website\"},\"datePublished\":\"2017-03-01T20:48:23+00:00\",\"dateModified\":\"2021-09-15T07:20:09+00:00\",\"description\":\"Qu\u00e9 hacer en M\u00fanich tras las clases de alem\u00e1n? Curso de alem\u00e1n con programa de tiempo libre, atracciones tur\u00edsticas, bares...\",\"breadcrumb\":{\"@id\":\"https:\/\/www.sprachschule-aktiv-muenchen.de\/es\/munich-y-programa-de-tiempo-libre\/#breadcrumb\"},\"inLanguage\":\"es\",\"potentialAction\":[{\"@type\":\"ReadAction\",\"target\":[\"https:\/\/www.sprachschule-aktiv-muenchen.de\/es\/munich-y-programa-de-tiempo-libre\/\"]}]},{\"@type\":\"BreadcrumbList\",\"@id\":\"https:\/\/www.sprachschule-aktiv-muenchen.de\/es\/munich-y-programa-de-tiempo-libre\/#breadcrumb\",\"itemListElement\":[{\"@type\":\"ListItem\",\"position\":1,\"name\":\"Portada\",\"item\":\"https:\/\/www.sprachschule-aktiv-muenchen.de\/es\/\"},{\"@type\":\"ListItem\",\"position\":2,\"name\":\"M\u00fanich\"}]},{\"@type\":\"WebSite\",\"@id\":\"https:\/\/www.sprachschule-aktiv-muenchen.de\/#website\",\"url\":\"https:\/\/www.sprachschule-aktiv-muenchen.de\/\",\"name\":\"Sprachschule Aktiv\",\"description\":\"\",\"potentialAction\":[{\"@type\":\"SearchAction\",\"target\":{\"@type\":\"EntryPoint\",\"urlTemplate\":\"https:\/\/www.sprachschule-aktiv-muenchen.de\/?s={search_term_string}\"},\"query-input\":{\"@type\":\"PropertyValueSpecification\",\"valueRequired\":true,\"valueName\":\"search_term_string\"}}],\"inLanguage\":\"es\"}]}<\/script>\n<!-- \/ Yoast SEO plugin. -->","yoast_head_json":{"title":"M\u00fanich: Programa de tiempo libre tras las clases de alem\u00e1n","description":"Qu\u00e9 hacer en M\u00fanich tras las clases de alem\u00e1n? Curso de alem\u00e1n con programa de tiempo libre, atracciones tur\u00edsticas, bares...","robots":{"index":"index","follow":"follow","max-snippet":"max-snippet:-1","max-image-preview":"max-image-preview:large","max-video-preview":"max-video-preview:-1"},"canonical":"https:\/\/www.sprachschule-aktiv-muenchen.de\/es\/munich-y-programa-de-tiempo-libre\/","og_locale":"es_ES","og_type":"article","og_title":"M\u00fanich: Programa de tiempo libre tras las clases de alem\u00e1n","og_description":"Qu\u00e9 hacer en M\u00fanich tras las clases de alem\u00e1n? Curso de alem\u00e1n con programa de tiempo libre, atracciones tur\u00edsticas, bares...","og_url":"https:\/\/www.sprachschule-aktiv-muenchen.de\/es\/munich-y-programa-de-tiempo-libre\/","og_site_name":"Sprachschule Aktiv","article_modified_time":"2021-09-15T07:20:09+00:00","twitter_card":"summary_large_image","twitter_misc":{"Tiempo de lectura":"10 minutos"},"schema":{"@context":"https:\/\/schema.org","@graph":[{"@type":"WebPage","@id":"https:\/\/www.sprachschule-aktiv-muenchen.de\/es\/munich-y-programa-de-tiempo-libre\/","url":"https:\/\/www.sprachschule-aktiv-muenchen.de\/es\/munich-y-programa-de-tiempo-libre\/","name":"M\u00fanich: Programa de tiempo libre tras las clases de alem\u00e1n","isPartOf":{"@id":"https:\/\/www.sprachschule-aktiv-muenchen.de\/#website"},"datePublished":"2017-03-01T20:48:23+00:00","dateModified":"2021-09-15T07:20:09+00:00","description":"Qu\u00e9 hacer en M\u00fanich tras las clases de alem\u00e1n? Curso de alem\u00e1n con programa de tiempo libre, atracciones tur\u00edsticas, bares...","breadcrumb":{"@id":"https:\/\/www.sprachschule-aktiv-muenchen.de\/es\/munich-y-programa-de-tiempo-libre\/#breadcrumb"},"inLanguage":"es","potentialAction":[{"@type":"ReadAction","target":["https:\/\/www.sprachschule-aktiv-muenchen.de\/es\/munich-y-programa-de-tiempo-libre\/"]}]},{"@type":"BreadcrumbList","@id":"https:\/\/www.sprachschule-aktiv-muenchen.de\/es\/munich-y-programa-de-tiempo-libre\/#breadcrumb","itemListElement":[{"@type":"ListItem","position":1,"name":"Portada","item":"https:\/\/www.sprachschule-aktiv-muenchen.de\/es\/"},{"@type":"ListItem","position":2,"name":"M\u00fanich"}]},{"@type":"WebSite","@id":"https:\/\/www.sprachschule-aktiv-muenchen.de\/#website","url":"https:\/\/www.sprachschule-aktiv-muenchen.de\/","name":"Sprachschule Aktiv","description":"","potentialAction":[{"@type":"SearchAction","target":{"@type":"EntryPoint","urlTemplate":"https:\/\/www.sprachschule-aktiv-muenchen.de\/?s={search_term_string}"},"query-input":{"@type":"PropertyValueSpecification","valueRequired":true,"valueName":"search_term_string"}}],"inLanguage":"es"}]}},"_links":{"self":[{"href":"https:\/\/www.sprachschule-aktiv-muenchen.de\/es\/wp-json\/wp\/v2\/pages\/19356","targetHints":{"allow":["GET"]}}],"collection":[{"href":"https:\/\/www.sprachschule-aktiv-muenchen.de\/es\/wp-json\/wp\/v2\/pages"}],"about":[{"href":"https:\/\/www.sprachschule-aktiv-muenchen.de\/es\/wp-json\/wp\/v2\/types\/page"}],"author":[{"embeddable":true,"href":"https:\/\/www.sprachschule-aktiv-muenchen.de\/es\/wp-json\/wp\/v2\/users\/2"}],"replies":[{"embeddable":true,"href":"https:\/\/www.sprachschule-aktiv-muenchen.de\/es\/wp-json\/wp\/v2\/comments?post=19356"}],"version-history":[{"count":3,"href":"https:\/\/www.sprachschule-aktiv-muenchen.de\/es\/wp-json\/wp\/v2\/pages\/19356\/revisions"}],"predecessor-version":[{"id":69387,"href":"https:\/\/www.sprachschule-aktiv-muenchen.de\/es\/wp-json\/wp\/v2\/pages\/19356\/revisions\/69387"}],"wp:attachment":[{"href":"https:\/\/www.sprachschule-aktiv-muenchen.de\/es\/wp-json\/wp\/v2\/media?parent=19356"}],"curies":[{"name":"wp","href":"https:\/\/api.w.org\/{rel}","templated":true}]}}