{"id":18570,"date":"2017-03-01T21:21:22","date_gmt":"2017-03-01T20:21:22","guid":{"rendered":"https:\/\/www.sprachschule-aktiv-muenchen.de\/?page_id=18570\/"},"modified":"2022-12-29T13:47:21","modified_gmt":"2022-12-29T12:47:21","slug":"fotos-videos-academia-aleman-munich","status":"publish","type":"page","link":"https:\/\/www.sprachschule-aktiv-muenchen.de\/es\/fotos-videos-academia-aleman-munich\/","title":{"rendered":"Videos y Fotos"},"content":{"rendered":"<p>[vc_row css=&#8221;.vc_custom_1488400029032{padding-top: 30px !important;padding-bottom: 30px !important;}&#8221;][vc_column][vc_column_text]<\/p>\n<h1>Fotos y Videos de nuestra academia de alem\u00e1n en M\u00fanich<\/h1>\n<h2>&#8220;Sprachschule Aktiv M\u00fcnchen&#8221;<\/h2>\n<p>Aqu\u00ed algunas fotos y videos de nuestra academia de alem\u00e1n en M\u00fanich &#8220;Sprachschule Aktiv M\u00fcnchen&#8221; Conozca a nuestros profesores de M\u00fanich con nuestra galer\u00eda de im\u00e1genes. Nuestros profesores de la Sprachschule Aktiv M\u00fanich son nativos y est\u00e1n muy motivados para ofrecerle el mejor curso de idiomas en M\u00fanich.<\/p>\n<h2>Fotos de nuestra escuela de alem\u00e1n, profesores y alumnos<\/h2>\n<p>Adem\u00e1s de las lecciones le ofrecemos muchas actividades. En esta p\u00e1gina encontrar\u00e1 tambi\u00e9n fotos y v\u00eddeos de nuestra escuela de alem\u00e1n, aulas, profesores, alumnos como tambi\u00e9n de nuestros eventos regulares. Organizamos todos los meses una reuni\u00f3n hispano-alemana o, en el marco de los cursos de idiomas, excursiones frecuentes a lugares de inter\u00e9s y conocidas atracciones tur\u00edsticas. De paso tiene la posibilidad de poner en uso el conocimiento de la lengua adquirido, cambiar impresiones con otros estudiantes y hacer nuevos amigos.[\/vc_column_text][\/vc_column][\/vc_row][vc_row full_width=&#8221;stretch_row&#8221; css=&#8221;.vc_custom_1488400041169{padding-top: 30px !important;padding-bottom: 15px !important;background-color: #f9f9f9 !important;}&#8221;][vc_column width=&#8221;1\/4&#8243;][vc_video link=&#8221;https:\/\/vimeo.com\/784068511&#8243;][\/vc_column][vc_column width=&#8221;1\/4&#8243;][vc_video link=&#8221;https:\/\/vimeo.com\/784090172&#8243;][\/vc_column][vc_column width=&#8221;1\/4&#8243;][vc_video link=&#8221;https:\/\/vimeo.com\/784090571&#8243;][\/vc_column][vc_column width=&#8221;1\/4&#8243;][vc_video link=&#8221;https:\/\/vimeo.com\/784085244&#8243;][\/vc_column][\/vc_row][vc_row full_width=&#8221;stretch_row&#8221; css=&#8221;.vc_custom_1488400050578{padding-top: 15px !important;padding-bottom: 30px !important;background-color: #f9f9f9 !important;}&#8221;][vc_column width=&#8221;1\/4&#8243;][vc_video link=&#8221;https:\/\/vimeo.com\/784085202&#8243;][\/vc_column][vc_column width=&#8221;1\/4&#8243;][vc_video link=&#8221;https:\/\/vimeo.com\/784068545&#8243;][\/vc_column][vc_column width=&#8221;1\/4&#8243;][vc_video link=&#8221;https:\/\/vimeo.com\/784068482&#8243;][\/vc_column][vc_column width=&#8221;1\/4&#8243;][vc_video link=&#8221;https:\/\/vimeo.com\/784068595&#8243;][\/vc_column][\/vc_row][vc_row full_width=&#8221;stretch_row&#8221; css=&#8221;.vc_custom_1488400262294{padding-top: 30px !important;padding-bottom: 30px !important;}&#8221;][vc_column][vc_gallery type=&#8221;image_grid&#8221; images=&#8221;18575,18595,18615,18635,18655,18675,18695,18715,18735,18755,18775,18795,18815,18835,18855,18875,18895,18915,18935,18955,18975,18995,19015,19035,19055,19075,19095,19115,19135,19155,19175,19195,19215,19235,19255,19275,19295,19315,19335&#8243;][\/vc_column][\/vc_row][vc_row full_width=&#8221;stretch_row&#8221; css=&#8221;.vc_custom_1488400894425{padding-top: 30px !important;padding-bottom: 30px !important;background-color: #f9f9f9 !important;}&#8221;][vc_column width=&#8221;1\/4&#8243;][vc_video link=&#8221;https:\/\/youtu.be\/NLkzkz_Ld5c&#8221;][\/vc_column][vc_column width=&#8221;1\/4&#8243;][vc_video link=&#8221;https:\/\/youtu.be\/svIJFtMcbrw&#8221;][\/vc_column][vc_column width=&#8221;1\/4&#8243;][vc_video link=&#8221;https:\/\/youtu.be\/wE4DnMj1Gwo&#8221;][\/vc_column][vc_column width=&#8221;1\/4&#8243;][vc_video link=&#8221;https:\/\/vimeo.com\/784091206&#8243;][\/vc_column][\/vc_row][vc_row full_width=&#8221;stretch_row&#8221; equal_height=&#8221;yes&#8221; content_placement=&#8221;middle&#8221; el_class=&#8221;action-box m-b-none theme-bg-color&#8221; css=&#8221;.vc_custom_1487762904994{padding-top: 25px !important;padding-bottom: 30px !important;}&#8221;][vc_column width=&#8221;2\/3&#8243;][vc_column_text]<\/p>\n<h3 class=\"text-white\">\u00bfQui\u00e9res estudiar alem\u00e1n en M\u00fanich?<\/h3>\n<p class=\"text-white\">Contacta con nosotros y aprende alem\u00e1n en M\u00fanich. Cursos para todos los niveles.<\/p>\n<p>[\/vc_column_text][\/vc_column][vc_column width=&#8221;1\/3&#8243; el_class=&#8221;text-right&#8221;]\t<div class=\"vc_btn3-container vc_btn3-inline\">\r\n\t\t<a href=\"\/es\/contacto-ubicacion\/\" class=\"pgs_btn pgs_btn_style_3 pgs_btn_lg\">\r\n\t\t\t<span>\r\n\t\t\t\tCont\u00e1ctanos, te ayudamos\t\t\t<\/span>\r\n\t\t\t\t\t\t<i class=\"fa fa-chevron-right\"><\/i>\r\n\t\t\t\t\t<\/a>\r\n\t<\/div>\r\n\t[\/vc_column][\/vc_row]<\/p>\n","protected":false},"excerpt":{"rendered":"<p>[vc_row css=&#8221;.vc_custom_1488400029032{padding-top: 30px !important;padding-bottom: 30px !important;}&#8221;][vc_column][vc_column_text] Fotos y Videos de nuestra academia de alem\u00e1n en M\u00fanich &#8220;Sprachschule Aktiv M\u00fcnchen&#8221; Aqu\u00ed algunas fotos y videos de nuestra academia de alem\u00e1n en M\u00fanich &#8220;Sprachschule Aktiv M\u00fcnchen&#8221; Conozca a nuestros profesores de M\u00fanich con nuestra galer\u00eda de im\u00e1genes. Nuestros profesores de la Sprachschule Aktiv M\u00fanich son nativos y&hellip; <a class=\"read-more\" href=\"https:\/\/www.sprachschule-aktiv-muenchen.de\/es\/fotos-videos-academia-aleman-munich\/\" title=\"Read Videos y Fotos\">Read more &raquo;<\/a><\/p>\n","protected":false},"author":2,"featured_media":0,"parent":0,"menu_order":0,"comment_status":"closed","ping_status":"closed","template":"","meta":{"footnotes":""},"class_list":["post-18570","page","type-page","status-publish","hentry"],"yoast_head":"<!-- This site is optimized with the Yoast SEO plugin v27.1.1 - https:\/\/yoast.com\/product\/yoast-seo-wordpress\/ -->\n<title>Fotos y videos de la academia de alem\u00e1n en M\u00fanich<\/title>\n<meta name=\"description\" content=\"Fotos y videos de nuestra escuela de alem\u00e1n en M\u00fanich &quot;Sprachschule Aktiv&quot;. Fotos de profesores, escuela, alumnos y fiestas.\" \/>\n<meta name=\"robots\" content=\"index, follow, max-snippet:-1, max-image-preview:large, max-video-preview:-1\" \/>\n<link rel=\"canonical\" href=\"https:\/\/www.sprachschule-aktiv-muenchen.de\/es\/fotos-videos-academia-aleman-munich\/\" \/>\n<meta property=\"og:locale\" content=\"es_ES\" \/>\n<meta property=\"og:type\" content=\"article\" \/>\n<meta property=\"og:title\" content=\"Fotos y videos de la academia de alem\u00e1n en M\u00fanich\" \/>\n<meta property=\"og:description\" content=\"Fotos y videos de nuestra escuela de alem\u00e1n en M\u00fanich &quot;Sprachschule Aktiv&quot;. Fotos de profesores, escuela, alumnos y fiestas.\" \/>\n<meta property=\"og:url\" content=\"https:\/\/www.sprachschule-aktiv-muenchen.de\/es\/fotos-videos-academia-aleman-munich\/\" \/>\n<meta property=\"og:site_name\" content=\"Sprachschule Aktiv\" \/>\n<meta property=\"article:modified_time\" content=\"2022-12-29T12:47:21+00:00\" \/>\n<meta name=\"twitter:card\" content=\"summary_large_image\" \/>\n<meta name=\"twitter:label1\" content=\"Tiempo de lectura\" \/>\n\t<meta name=\"twitter:data1\" content=\"2 minutos\" \/>\n<script type=\"application\/ld+json\" class=\"yoast-schema-graph\">{\"@context\":\"https:\/\/schema.org\",\"@graph\":[{\"@type\":\"WebPage\",\"@id\":\"https:\/\/www.sprachschule-aktiv-muenchen.de\/es\/fotos-videos-academia-aleman-munich\/\",\"url\":\"https:\/\/www.sprachschule-aktiv-muenchen.de\/es\/fotos-videos-academia-aleman-munich\/\",\"name\":\"Fotos y videos de la academia de alem\u00e1n en M\u00fanich\",\"isPartOf\":{\"@id\":\"https:\/\/www.sprachschule-aktiv-muenchen.de\/#website\"},\"datePublished\":\"2017-03-01T20:21:22+00:00\",\"dateModified\":\"2022-12-29T12:47:21+00:00\",\"description\":\"Fotos y videos de nuestra escuela de alem\u00e1n en M\u00fanich \\\"Sprachschule Aktiv\\\". Fotos de profesores, escuela, alumnos y fiestas.\",\"breadcrumb\":{\"@id\":\"https:\/\/www.sprachschule-aktiv-muenchen.de\/es\/fotos-videos-academia-aleman-munich\/#breadcrumb\"},\"inLanguage\":\"es\",\"potentialAction\":[{\"@type\":\"ReadAction\",\"target\":[\"https:\/\/www.sprachschule-aktiv-muenchen.de\/es\/fotos-videos-academia-aleman-munich\/\"]}]},{\"@type\":\"BreadcrumbList\",\"@id\":\"https:\/\/www.sprachschule-aktiv-muenchen.de\/es\/fotos-videos-academia-aleman-munich\/#breadcrumb\",\"itemListElement\":[{\"@type\":\"ListItem\",\"position\":1,\"name\":\"Portada\",\"item\":\"https:\/\/www.sprachschule-aktiv-muenchen.de\/es\/\"},{\"@type\":\"ListItem\",\"position\":2,\"name\":\"Videos y Fotos\"}]},{\"@type\":\"WebSite\",\"@id\":\"https:\/\/www.sprachschule-aktiv-muenchen.de\/#website\",\"url\":\"https:\/\/www.sprachschule-aktiv-muenchen.de\/\",\"name\":\"Sprachschule Aktiv\",\"description\":\"\",\"potentialAction\":[{\"@type\":\"SearchAction\",\"target\":{\"@type\":\"EntryPoint\",\"urlTemplate\":\"https:\/\/www.sprachschule-aktiv-muenchen.de\/?s={search_term_string}\"},\"query-input\":{\"@type\":\"PropertyValueSpecification\",\"valueRequired\":true,\"valueName\":\"search_term_string\"}}],\"inLanguage\":\"es\"}]}<\/script>\n<!-- \/ Yoast SEO plugin. -->","yoast_head_json":{"title":"Fotos y videos de la academia de alem\u00e1n en M\u00fanich","description":"Fotos y videos de nuestra escuela de alem\u00e1n en M\u00fanich \"Sprachschule Aktiv\". Fotos de profesores, escuela, alumnos y fiestas.","robots":{"index":"index","follow":"follow","max-snippet":"max-snippet:-1","max-image-preview":"max-image-preview:large","max-video-preview":"max-video-preview:-1"},"canonical":"https:\/\/www.sprachschule-aktiv-muenchen.de\/es\/fotos-videos-academia-aleman-munich\/","og_locale":"es_ES","og_type":"article","og_title":"Fotos y videos de la academia de alem\u00e1n en M\u00fanich","og_description":"Fotos y videos de nuestra escuela de alem\u00e1n en M\u00fanich \"Sprachschule Aktiv\". Fotos de profesores, escuela, alumnos y fiestas.","og_url":"https:\/\/www.sprachschule-aktiv-muenchen.de\/es\/fotos-videos-academia-aleman-munich\/","og_site_name":"Sprachschule Aktiv","article_modified_time":"2022-12-29T12:47:21+00:00","twitter_card":"summary_large_image","twitter_misc":{"Tiempo de lectura":"2 minutos"},"schema":{"@context":"https:\/\/schema.org","@graph":[{"@type":"WebPage","@id":"https:\/\/www.sprachschule-aktiv-muenchen.de\/es\/fotos-videos-academia-aleman-munich\/","url":"https:\/\/www.sprachschule-aktiv-muenchen.de\/es\/fotos-videos-academia-aleman-munich\/","name":"Fotos y videos de la academia de alem\u00e1n en M\u00fanich","isPartOf":{"@id":"https:\/\/www.sprachschule-aktiv-muenchen.de\/#website"},"datePublished":"2017-03-01T20:21:22+00:00","dateModified":"2022-12-29T12:47:21+00:00","description":"Fotos y videos de nuestra escuela de alem\u00e1n en M\u00fanich \"Sprachschule Aktiv\". Fotos de profesores, escuela, alumnos y fiestas.","breadcrumb":{"@id":"https:\/\/www.sprachschule-aktiv-muenchen.de\/es\/fotos-videos-academia-aleman-munich\/#breadcrumb"},"inLanguage":"es","potentialAction":[{"@type":"ReadAction","target":["https:\/\/www.sprachschule-aktiv-muenchen.de\/es\/fotos-videos-academia-aleman-munich\/"]}]},{"@type":"BreadcrumbList","@id":"https:\/\/www.sprachschule-aktiv-muenchen.de\/es\/fotos-videos-academia-aleman-munich\/#breadcrumb","itemListElement":[{"@type":"ListItem","position":1,"name":"Portada","item":"https:\/\/www.sprachschule-aktiv-muenchen.de\/es\/"},{"@type":"ListItem","position":2,"name":"Videos y Fotos"}]},{"@type":"WebSite","@id":"https:\/\/www.sprachschule-aktiv-muenchen.de\/#website","url":"https:\/\/www.sprachschule-aktiv-muenchen.de\/","name":"Sprachschule Aktiv","description":"","potentialAction":[{"@type":"SearchAction","target":{"@type":"EntryPoint","urlTemplate":"https:\/\/www.sprachschule-aktiv-muenchen.de\/?s={search_term_string}"},"query-input":{"@type":"PropertyValueSpecification","valueRequired":true,"valueName":"search_term_string"}}],"inLanguage":"es"}]}},"_links":{"self":[{"href":"https:\/\/www.sprachschule-aktiv-muenchen.de\/es\/wp-json\/wp\/v2\/pages\/18570","targetHints":{"allow":["GET"]}}],"collection":[{"href":"https:\/\/www.sprachschule-aktiv-muenchen.de\/es\/wp-json\/wp\/v2\/pages"}],"about":[{"href":"https:\/\/www.sprachschule-aktiv-muenchen.de\/es\/wp-json\/wp\/v2\/types\/page"}],"author":[{"embeddable":true,"href":"https:\/\/www.sprachschule-aktiv-muenchen.de\/es\/wp-json\/wp\/v2\/users\/2"}],"replies":[{"embeddable":true,"href":"https:\/\/www.sprachschule-aktiv-muenchen.de\/es\/wp-json\/wp\/v2\/comments?post=18570"}],"version-history":[{"count":3,"href":"https:\/\/www.sprachschule-aktiv-muenchen.de\/es\/wp-json\/wp\/v2\/pages\/18570\/revisions"}],"predecessor-version":[{"id":72973,"href":"https:\/\/www.sprachschule-aktiv-muenchen.de\/es\/wp-json\/wp\/v2\/pages\/18570\/revisions\/72973"}],"wp:attachment":[{"href":"https:\/\/www.sprachschule-aktiv-muenchen.de\/es\/wp-json\/wp\/v2\/media?parent=18570"}],"curies":[{"name":"wp","href":"https:\/\/api.w.org\/{rel}","templated":true}]}}